{"id":1367,"date":"2023-07-05T15:23:36","date_gmt":"2023-07-05T15:23:36","guid":{"rendered":"http:\/\/yxwool.com\/?post_type=product&#038;p=1367"},"modified":"2023-07-08T04:45:25","modified_gmt":"2023-07-08T04:45:25","slug":"grade-a1-fireproof-low-moisture-absorption-glass-wool-insulation-sound-deadening-insulation-materials","status":"publish","type":"product","link":"https:\/\/yxwool.com\/de\/produkt\/grade-a1-fireproof-low-moisture-absorption-glass-wool-insulation-sound-deadening-insulation-materials\/","title":{"rendered":"Feuerfest, Klasse A1, geringe Feuchtigkeitsaufnahme, schalld\u00e4mmende Isoliermaterialien aus Glaswolle"},"content":{"rendered":"<div class=\"J_module\">\n<div class=\"detail-decorate-json-renderer-container\">\n<div class=\"magic-0\">\n<div class=\"magic-1\">\n<div class=\"magic-2\">\n<div>\n<h3 class=\"magic-10\"><span class=\"magic-11\"><span class=\"magic-12\" data-spm-anchor-id=\"a2700.details.0.i39.3b4562d4E3sro5\"> \u00dcbersicht \u00fcber Isolierdecken aus Glaswolle<\/span><\/span><\/h3>\n<div class=\"magic-1\">\n<div class=\"magic-2\">\n<div class=\"magic-3\">\n<div class=\"magic-13\"><\/div>\n<div class=\"magic-15\">Das Produkt aus zentrifugaler Glaswolle ist eine Art d\u00fcnnfaseriges Isoliermaterial mit geringer W\u00e4rmeleitf\u00e4higkeit. Die spezielle Struktur sorgt daf\u00fcr, dass es die Luft sehr gut einschlie\u00dfen kann, so dass sie nicht flie\u00dfen kann, was der Luftkonvektionsw\u00e4rme\u00fcbertragung ein Ende setzt, aber auch kann die Schall\u00fcbertragung schnell reduzieren, um so eine w\u00e4rme- und schallabsorbierende Wirkung zu erzielen. Die zentrifugale Glaswolle von Yuxing umfasst zwei Serien von Glaswolledecken und Glaswolleplatten.<br \/>\nZentrifugen-Glaswolldecken werden haupts\u00e4chlich in zwei Kategorien unterteilt: nicht furnierte Decken und zusammengesetzte furnierte Decken. Die Produkte werden h\u00e4ufig in der Werkstatt, im Lager, im K\u00fchlraum, in der Turnhalle, im Ausstellungszentrum, in Zucht- und Pflanzunterk\u00fcnften, im Stahlkonstruktionsgeb\u00e4ude und in verschiedenen Indoor-Vergn\u00fcgungsst\u00e4tten eingesetzt .Yuxing Zentrifugalglaswolleplatten k\u00f6nnen auch in zwei Kategorien unterteilt werden: Antihaftplatten und Verbundstockplatten. Dabei wird Glaswolle zu einem duroplastischen Bindemittel hinzugef\u00fcgt.<\/div>\n<div class=\"magic-15\">Durch Druckbehandlung, Erhitzen und Aush\u00e4rten geformte Platte. Im Vergleich zur Glaswolledecke weist die Platte eine bessere und stabilere Schallabsorptions- und W\u00e4rmeabsorptionsleistung auf. Es wird h\u00e4ufig in Au\u00dfenwandd\u00e4mmsystemen von Industrie- und Wohngeb\u00e4uden sowie in der Klimaanlage und anderen Bereichen eingesetzt<\/div>\n<div class=\"magic-15\">Die komplette Glaswolle-Produktionslinie nutzt die Technologie der neuesten Generation, um Platten, Filzrollen und Rohre f\u00fcr die W\u00e4rme- und Schalld\u00e4mmung im Wohn- und Industriebereich gem\u00e4\u00df den h\u00f6chsten internationalen Standards (EN, DIN, ASTM) herzustellen.<\/div>\n<\/div>\n<\/div>\n<\/div>\n<\/div>\n<div><\/div>\n<div class=\"magic-3\"><span class=\"magic-16\"><span class=\"magic-12\"><b>Spezifikation der Glaswolle-Isolierung<\/b><\/span><\/span><\/div>\n<div>\n<table style=\"height: 1145px;\" width=\"869\">\n<tbody>\n<tr>\n<td width=\"76\">Modell<\/td>\n<td width=\"89\">Dichte<br \/>\n(Kg\/m3)<\/td>\n<td width=\"78\">Dichte (kg\/m3)<\/td>\n<td width=\"110\">Breite (mm)<\/td>\n<td width=\"88\">Breite (mm)<\/td>\n<td width=\"179\">W\u00e4rmeleitf\u00e4higkeit<br \/>\n(W\/m\u00b7K)<\/td>\n<\/tr>\n<tr>\n<td rowspan=\"3\" width=\"76\">GWR10<\/td>\n<td rowspan=\"3\">10<\/td>\n<td>50<\/td>\n<td width=\"110\">1200<\/td>\n<td>30000<\/td>\n<td rowspan=\"3\">0.044<\/td>\n<\/tr>\n<tr>\n<td>75<\/td>\n<td width=\"110\">1200<\/td>\n<td>20000<\/td>\n<\/tr>\n<tr>\n<td>100<\/td>\n<td width=\"110\">1200<\/td>\n<td>15000<\/td>\n<\/tr>\n<tr>\n<td rowspan=\"4\">GWR12<\/td>\n<td rowspan=\"4\">12<\/td>\n<td>40<\/td>\n<td width=\"110\">1200<\/td>\n<td>30000<\/td>\n<td rowspan=\"4\" width=\"179\">0.042<\/td>\n<\/tr>\n<tr>\n<td>50<\/td>\n<td width=\"110\">1200<\/td>\n<td>30000<\/td>\n<\/tr>\n<tr>\n<td>75<\/td>\n<td width=\"110\">1200<\/td>\n<td>20000<\/td>\n<\/tr>\n<tr>\n<td>100<\/td>\n<td width=\"110\">1200<\/td>\n<td>15000<\/td>\n<\/tr>\n<tr>\n<td rowspan=\"4\">GWR16<\/td>\n<td rowspan=\"4\">16<\/td>\n<td>25<\/td>\n<td width=\"110\">1200<\/td>\n<td>30000<\/td>\n<td rowspan=\"4\">0.039<\/td>\n<\/tr>\n<tr>\n<td>50<\/td>\n<td width=\"110\">1200<\/td>\n<td>15000<\/td>\n<\/tr>\n<tr>\n<td>75<\/td>\n<td width=\"110\">1200<\/td>\n<td>10000<\/td>\n<\/tr>\n<tr>\n<td>100<\/td>\n<td width=\"110\">1200<\/td>\n<td>7500<\/td>\n<\/tr>\n<tr>\n<td rowspan=\"4\">GWR24<\/td>\n<td rowspan=\"4\">24<\/td>\n<td>25<\/td>\n<td width=\"110\">1200<\/td>\n<td>20000<\/td>\n<td rowspan=\"4\" width=\"179\">0.036<\/td>\n<\/tr>\n<tr>\n<td>50<\/td>\n<td width=\"110\">1200<\/td>\n<td>10000<\/td>\n<\/tr>\n<tr>\n<td>75<\/td>\n<td width=\"110\">1200<\/td>\n<td>10000<\/td>\n<\/tr>\n<tr>\n<td>100<\/td>\n<td width=\"110\">1200<\/td>\n<td>5000<\/td>\n<\/tr>\n<tr>\n<td rowspan=\"4\">GWR32<\/td>\n<td rowspan=\"4\">32<\/td>\n<td>25<\/td>\n<td width=\"110\">1200<\/td>\n<td>20000<\/td>\n<td rowspan=\"4\">0.035<\/td>\n<\/tr>\n<tr>\n<td>50<\/td>\n<td width=\"110\">1200<\/td>\n<td>10000<\/td>\n<\/tr>\n<tr>\n<td>75<\/td>\n<td width=\"110\">1200<\/td>\n<td>10000<\/td>\n<\/tr>\n<tr>\n<td>100<\/td>\n<td width=\"110\">1200<\/td>\n<td>5000<\/td>\n<\/tr>\n<tr>\n<td rowspan=\"4\">GWR48<\/td>\n<td rowspan=\"4\">48<\/td>\n<td>25<\/td>\n<td width=\"110\">1200<\/td>\n<td>20000<\/td>\n<td rowspan=\"4\">0.032<\/td>\n<\/tr>\n<tr>\n<td>50<\/td>\n<td width=\"110\">1200<\/td>\n<td>10000<\/td>\n<\/tr>\n<tr>\n<td>75<\/td>\n<td width=\"110\">1200<\/td>\n<td>10000<\/td>\n<\/tr>\n<tr>\n<td>100<\/td>\n<td width=\"110\">1200<\/td>\n<td>5000<\/td>\n<\/tr>\n<\/tbody>\n<\/table>\n<\/div>\n<\/div>\n<\/div>\n<\/div>\n<\/div>\n<\/div>\n<div class=\"J_module\">\n<div class=\"ife-detail-decorate-table\">\n<p>&nbsp;<\/p>\n<div class=\"J_module\">\n<div class=\"icbu-pc-images magic-6\">\n<div class=\"flex-layout-v\">\n<div class=\"flex-layout-h magic-6\">\n<div class=\"magic-35\"><img fetchpriority=\"high\" decoding=\"async\" class=\"alignleft  wp-image-1620\" src=\"http:\/\/yxwool.com\/wp-content\/uploads\/2023\/07\/\u8be6\u60c5\u9875-\u68c9\u5ca9\u6bef.jpg\" alt=\"\" width=\"1200\" height=\"2030\" srcset=\"https:\/\/yxwool.com\/wp-content\/uploads\/2023\/07\/\u8be6\u60c5\u9875-\u68c9\u5ca9\u6bef.jpg 750w, https:\/\/yxwool.com\/wp-content\/uploads\/2023\/07\/\u8be6\u60c5\u9875-\u68c9\u5ca9\u6bef-177x300.jpg 177w, https:\/\/yxwool.com\/wp-content\/uploads\/2023\/07\/\u8be6\u60c5\u9875-\u68c9\u5ca9\u6bef-605x1024.jpg 605w, https:\/\/yxwool.com\/wp-content\/uploads\/2023\/07\/\u8be6\u60c5\u9875-\u68c9\u5ca9\u6bef-600x1015.jpg 600w\" sizes=\"(max-width: 1200px) 100vw, 1200px\" \/><\/div>\n<div><\/div>\n<\/div>\n<\/div>\n<\/div>\n<\/div>\n<div class=\"J_module\">\n<div class=\"icbu-pc-images magic-6\">\n<div>\n<div class=\"flex-layout-v\">\n<div class=\"flex-layout-h magic-6\">\n<div class=\"magic-37\"><img decoding=\"async\" class=\"magic-38\" src=\"https:\/\/sc04.alicdn.com\/kf\/H42ed4025ce914ccc99bef05f4cdd76ffv\/240115170\/H42ed4025ce914ccc99bef05f4cdd76ffv.jpg\" width=\"1199\" height=\"586\" data-src=\"\/\/sc04.alicdn.com\/kf\/H42ed4025ce914ccc99bef05f4cdd76ffv\/240115170\/H42ed4025ce914ccc99bef05f4cdd76ffv.jpg\" \/><\/div>\n<\/div>\n<\/div>\n<\/div>\n<\/div>\n<\/div>\n<div class=\"J_module\">\n<div class=\"detail-decorate-json-renderer-container\">\n<div class=\"magic-0\">\n<div class=\"magic-1\">\n<div class=\"magic-2\">\n<div><\/div>\n<div class=\"magic-3\"><span class=\"magic-39\"><b><span class=\"magic-12\">Technische Parameter der Glaswolle-Isolierdecke<\/span><\/b><\/span><\/div>\n<\/div>\n<\/div>\n<\/div>\n<\/div>\n<\/div>\n<div class=\"J_module\">\n<div class=\"ife-detail-decorate-table\">\n<table class=\"all magic-17\" style=\"height: 277px;\" width=\"774\">\n<tbody>\n<tr>\n<td colspan=\"1\" rowspan=\"1\">\n<div class=\"magic-40\">Eigentum<\/div>\n<\/td>\n<td colspan=\"1\" rowspan=\"1\">\n<div class=\"magic-41\">Testmethode<\/div>\n<\/td>\n<td colspan=\"2\" rowspan=\"1\">\n<div class=\"magic-42\">Spezifikation<\/div>\n<\/td>\n<\/tr>\n<tr>\n<td colspan=\"1\" rowspan=\"1\">\n<div class=\"magic-40\">Temperaturbereich<\/div>\n<\/td>\n<td colspan=\"1\" rowspan=\"1\">\n<div class=\"magic-41\">ASTM C411<\/div>\n<\/td>\n<td colspan=\"2\" rowspan=\"1\">\n<div class=\"magic-42\">Bis zu 233 \u00b0C (450 \u00b0F)<\/div>\n<\/td>\n<\/tr>\n<tr>\n<td colspan=\"1\" rowspan=\"1\">\n<div class=\"magic-40\">Feuchtigkeitsaufnahme<\/div>\n<\/td>\n<td colspan=\"1\" rowspan=\"1\">\n<div class=\"magic-41\">ASTM C1104<\/div>\n<\/td>\n<td colspan=\"2\" rowspan=\"1\">\n<div class=\"magic-42\">&lt; 1,01 TP3T bei 49 \u00b0C, 951 TP3T relative Luftfeuchtigkeit<\/div>\n<\/td>\n<\/tr>\n<tr>\n<td colspan=\"1\" rowspan=\"1\">\n<div class=\"magic-40\">Korrosivit\u00e4t<\/div>\n<\/td>\n<td colspan=\"1\" rowspan=\"1\">\n<div class=\"magic-41\">ASTM C665<\/div>\n<\/td>\n<td colspan=\"2\" rowspan=\"1\">\n<div class=\"magic-42\">Beschleunigt nicht<\/div>\n<\/td>\n<\/tr>\n<tr>\n<td colspan=\"1\" rowspan=\"1\">\n<div class=\"magic-40\">Schimmelresistenz<\/div>\n<\/td>\n<td colspan=\"1\" rowspan=\"1\">\n<div class=\"magic-41\">ASTM C665<\/div>\n<\/td>\n<td colspan=\"2\" rowspan=\"1\">\n<div class=\"magic-42\">Kein Wachstum<\/div>\n<\/td>\n<\/tr>\n<tr>\n<td colspan=\"1\" rowspan=\"1\">\n<div class=\"magic-40\">\n<p>Eigenschaften der Oberfl\u00e4chenverbrennung<\/p>\n<p>Feuertest<\/p>\n<\/div>\n<\/td>\n<td colspan=\"1\" rowspan=\"1\">\n<div class=\"magic-41\">\n<p>ASTM E84<\/p>\n<p>BS 476 Teil 6,7<br \/>\nAS 1530-3<\/p>\n<\/div>\n<\/td>\n<td colspan=\"2\" rowspan=\"1\">\n<div class=\"magic-44\">Flammenausbreitung &lt; 25<br \/>\nRauchentwicklung &lt; 50<br \/>\nKlasse 0<br \/>\nZ\u00fcndf\u00e4higkeitsindex 0<br \/>\nAusbreitung des Flammenindex 0<br \/>\nW\u00e4rmeentwicklungsindex 0<br \/>\nRauchentwicklungsindex 1<\/div>\n<\/td>\n<\/tr>\n<\/tbody>\n<\/table>\n<\/div>\n<\/div>\n<div class=\"J_module\">\n<div class=\"detail-decorate-json-renderer-container\">\n<div class=\"magic-0\">\n<div class=\"magic-1\">\n<div class=\"magic-2\">\n<div class=\"magic-3\"><span class=\"magic-12\" style=\"color: #000000;\"><b class=\"magic-45\">Glaswolle-Isolierdecke. Besondere Vorteile:<br \/>\n<\/b><\/span> <span class=\"magic-14\">Hervorragende thermische und akustische Eigenschaften<br \/>\nLeicht und einfach auf der Baustelle herzustellen<br \/>\nNicht brennbar und feuerhemmend<br \/>\nSehr wirtschaftlich, insbesondere bei Verwendung dicker D\u00e4mmschichten<br \/>\nLanglebig, lebenslang und termitensicher<\/span><\/div>\n<\/div>\n<\/div>\n<\/div>\n<\/div>\n<\/div>\n<div class=\"J_module\">\n<div class=\"detail-decorate-json-renderer-container\">\n<div class=\"magic-0\">\n<div class=\"magic-46\">\n<div class=\"magic-2\">\n<div class=\"magic-3\"><\/div>\n<\/div>\n<\/div>\n<div class=\"magic-46\">\n<div class=\"magic-2\">\n<div class=\"magic-48\">\n<div class=\"magic-4\"><\/div>\n<\/div>\n<\/div>\n<\/div>\n<\/div>\n<\/div>\n<\/div>\n<div class=\"J_module\">\n<div class=\"detail-decorate-json-renderer-container\">\n<div class=\"magic-0\">\n<h3 class=\"magic-10\"><span class=\"magic-50\">Anwendungen f\u00fcr Glaswolle-Isolierdecken:<\/span><\/h3>\n<div class=\"magic-1\">\n<div class=\"magic-2\">\n<div class=\"magic-3\">\n<div class=\"magic-15\"><span class=\"magic-14\">Glaswolle-Isolierung ist leicht und einfach zu installieren in B\u00fcrogeb\u00e4uden, modernen Unterhaltungszentren, D\u00e4chern, HVAC-Systemen und auch anderen Wohn- und Industriegeb\u00e4uden wie:<br \/>\nWand- und Trennw\u00e4nde. Fassaden- und Au\u00dfenw\u00e4nde. Abgeh\u00e4ngte Decken<br \/>\nStahlkonstruktionen Fertigh\u00e4user HVAC Kanalarbeiten<\/span><\/div>\n<\/div>\n<\/div>\n<\/div>\n<\/div>\n<\/div>\n<\/div>\n<div class=\"J_module\">\n<div class=\"icbu-pc-images magic-6\">\n<div>\n<div class=\"flex-layout-v\">\n<div class=\"flex-layout-h magic-6\">\n<div class=\"magic-51\"><img decoding=\"async\" class=\"magic-52\" src=\"https:\/\/sc04.alicdn.com\/kf\/H68fa13f7bf454f9c95d9152e8008f4cdA\/240115170\/H68fa13f7bf454f9c95d9152e8008f4cdA.jpg\" width=\"1200\" height=\"1615\" data-src=\"\/\/sc04.alicdn.com\/kf\/H68fa13f7bf454f9c95d9152e8008f4cdA\/240115170\/H68fa13f7bf454f9c95d9152e8008f4cdA.jpg\" \/><\/div>\n<\/div>\n<\/div>\n<\/div>\n<\/div>\n<\/div>\n<div class=\"J_module\">\n<div class=\"icbu-pc-images magic-6\">\n<div>\n<div class=\"flex-layout-v\">\n<div class=\"flex-layout-h magic-6\">\n<div class=\"magic-53\"><img loading=\"lazy\" decoding=\"async\" class=\"magic-54\" src=\"https:\/\/sc04.alicdn.com\/kf\/Ha30192bb9ed141949a538446fa5a7fd6x\/240115170\/Ha30192bb9ed141949a538446fa5a7fd6x.jpg\" width=\"1199\" height=\"1356\" data-src=\"\/\/sc04.alicdn.com\/kf\/Ha30192bb9ed141949a538446fa5a7fd6x\/240115170\/Ha30192bb9ed141949a538446fa5a7fd6x.jpg\" \/><\/div>\n<\/div>\n<\/div>\n<\/div>\n<\/div>\n<\/div>\n<\/div>\n<\/div>","protected":false},"excerpt":{"rendered":"<p>Glaswolle-D\u00e4mmdecke \u00dcbersicht Zentrifugalglaswolle ist ein Isoliermaterial aus d\u00fcnnen Fasern mit geringer W\u00e4rmeleitf\u00e4higkeit. Aufgrund seiner besonderen Struktur kann es Luft sehr gut einschlie\u00dfen, sodass sie nicht str\u00f6men kann. Dadurch wird die W\u00e4rme\u00fcbertragung durch Luftkonvektion unterbrochen und die \u00dcbertragung kann schnell reduziert werden [\u2026]<\/p>","protected":false},"featured_media":1370,"template":"","meta":{"site-sidebar-layout":"default","site-content-layout":"default","ast-site-content-layout":"","site-content-style":"default","site-sidebar-style":"default","ast-global-header-display":"","ast-banner-title-visibility":"","ast-main-header-display":"","ast-hfb-above-header-display":"","ast-hfb-below-header-display":"","ast-hfb-mobile-header-display":"","site-post-title":"","ast-breadcrumbs-content":"","ast-featured-img":"","footer-sml-layout":"","theme-transparent-header-meta":"default","adv-header-id-meta":"","stick-header-meta":"","header-above-stick-meta":"","header-main-stick-meta":"","header-below-stick-meta":"","astra-migrate-meta-layouts":"default","ast-page-background-enabled":"default","ast-page-background-meta":{"desktop":{"background-color":"","background-image":"","background-repeat":"repeat","background-position":"center center","background-size":"auto","background-attachment":"scroll","background-type":"","background-media":"","overlay-type":"","overlay-color":"","overlay-opacity":"","overlay-gradient":""},"tablet":{"background-color":"","background-image":"","background-repeat":"repeat","background-position":"center center","background-size":"auto","background-attachment":"scroll","background-type":"","background-media":"","overlay-type":"","overlay-color":"","overlay-opacity":"","overlay-gradient":""},"mobile":{"background-color":"","background-image":"","background-repeat":"repeat","background-position":"center center","background-size":"auto","background-attachment":"scroll","background-type":"","background-media":"","overlay-type":"","overlay-color":"","overlay-opacity":"","overlay-gradient":""}},"ast-content-background-meta":{"desktop":{"background-color":"var(--ast-global-color-5)","background-image":"","background-repeat":"repeat","background-position":"center center","background-size":"auto","background-attachment":"scroll","background-type":"","background-media":"","overlay-type":"","overlay-color":"","overlay-opacity":"","overlay-gradient":""},"tablet":{"background-color":"var(--ast-global-color-5)","background-image":"","background-repeat":"repeat","background-position":"center center","background-size":"auto","background-attachment":"scroll","background-type":"","background-media":"","overlay-type":"","overlay-color":"","overlay-opacity":"","overlay-gradient":""},"mobile":{"background-color":"var(--ast-global-color-5)","background-image":"","background-repeat":"repeat","background-position":"center center","background-size":"auto","background-attachment":"scroll","background-type":"","background-media":"","overlay-type":"","overlay-color":"","overlay-opacity":"","overlay-gradient":""}}},"product_brand":[],"product_cat":[15],"product_tag":[],"class_list":{"0":"post-1367","1":"product","2":"type-product","3":"status-publish","4":"has-post-thumbnail","6":"product_cat-glass-wool","7":"desktop-align-center","8":"tablet-align-left","9":"mobile-align-left","11":"first","12":"instock","13":"shipping-taxable","14":"product-type-simple"},"_links":{"self":[{"href":"https:\/\/yxwool.com\/de\/wp-json\/wp\/v2\/product\/1367","targetHints":{"allow":["GET"]}}],"collection":[{"href":"https:\/\/yxwool.com\/de\/wp-json\/wp\/v2\/product"}],"about":[{"href":"https:\/\/yxwool.com\/de\/wp-json\/wp\/v2\/types\/product"}],"wp:featuredmedia":[{"embeddable":true,"href":"https:\/\/yxwool.com\/de\/wp-json\/wp\/v2\/media\/1370"}],"wp:attachment":[{"href":"https:\/\/yxwool.com\/de\/wp-json\/wp\/v2\/media?parent=1367"}],"wp:term":[{"taxonomy":"product_brand","embeddable":true,"href":"https:\/\/yxwool.com\/de\/wp-json\/wp\/v2\/product_brand?post=1367"},{"taxonomy":"product_cat","embeddable":true,"href":"https:\/\/yxwool.com\/de\/wp-json\/wp\/v2\/product_cat?post=1367"},{"taxonomy":"product_tag","embeddable":true,"href":"https:\/\/yxwool.com\/de\/wp-json\/wp\/v2\/product_tag?post=1367"}],"curies":[{"name":"wp","href":"https:\/\/api.w.org\/{rel}","templated":true}]}}