{"id":1372,"date":"2023-07-05T15:58:11","date_gmt":"2023-07-05T15:58:11","guid":{"rendered":"http:\/\/yxwool.com\/?post_type=product&#038;p=1372"},"modified":"2023-07-08T04:53:41","modified_gmt":"2023-07-08T04:53:41","slug":"fiberglass-insulation-prices-lowes-fire-resistant-heat-insulation-glass-wool","status":"publish","type":"product","link":"https:\/\/yxwool.com\/de\/produkt\/fiberglass-insulation-prices-lowes-fire-resistant-heat-insulation-glass-wool\/","title":{"rendered":"Preise f\u00fcr Glasfaserisolierung\/Lowes, feuerbest\u00e4ndige W\u00e4rmeisolierung, Glaswolle"},"content":{"rendered":"<div class=\"J_module\">\n<div class=\"detail-decorate-json-renderer-container\">\n<div class=\"magic-0\">\n<h3 class=\"magic-10\"><span class=\"magic-11\" data-spm-anchor-id=\"a2700.details.0.i36.3da15657iX5RWt\">\u00dcbersicht \u00fcber Isolierdecken aus Glaswolle<\/span><\/h3>\n<div class=\"magic-1\">\n<div class=\"magic-2\">\n<div class=\"magic-3\">\n<div class=\"magic-12\"><\/div>\n<div class=\"magic-12\"><\/div>\n<div class=\"magic-14\"><span data-spm-anchor-id=\"a2700.details.0.i40.3da15657iX5RWt\">YUXING<sup>\u00ae<\/sup> <\/span>Glaswolle gilt als das wirksamste und umweltfreundlichste D\u00e4mmprodukt, da sie nicht brennbar ist und die Anforderungen an eine optimale W\u00e4rme- und Schalld\u00e4mmleistung gem\u00e4\u00df den h\u00f6chsten internationalen Standards (EN, FM, ASTM) erf\u00fcllt.<\/div>\n<div class=\"magic-14\"><\/div>\n<div class=\"magic-14\">YUXING<sup>\u00ae <\/sup>Das Produkt aus zentrifugaler Glaswolle ist eine Art d\u00fcnnfaseriges Isoliermaterial mit geringer W\u00e4rmeleitf\u00e4higkeit. Die spezielle Struktur sorgt daf\u00fcr, dass es die Luft sehr gut einschlie\u00dfen kann, so dass sie nicht flie\u00dfen kann, was der Luftkonvektionsw\u00e4rme\u00fcbertragung ein Ende setzt, aber auch kann die Schall\u00fcbertragung schnell reduzieren, um so eine w\u00e4rme- und schallabsorbierende Wirkung zu erzielen.<\/div>\n<div class=\"magic-14\"><\/div>\n<div class=\"magic-14\">YUXING<sup>\u00ae<\/sup> Glaswolle umfasst 7 Serien von Glaswolledecken, Glaswolleplatten, Glaswoller\u00f6hren, Glaswollematten, folienkaschierte Glaswolle, bunte Glaswolle und Hochtemperatur-Glaswolle.<\/div>\n<div><\/div>\n<\/div>\n<\/div>\n<\/div>\n<\/div>\n<\/div>\n<\/div>\n<div class=\"J_module\">\n<div class=\"detail-decorate-json-renderer-container\">\n<div class=\"magic-0\">\n<div class=\"magic-1\">\n<div class=\"magic-2\">\n<div class=\"magic-3\" data-spm-anchor-id=\"a2700.details.0.i39.3da15657iX5RWt\"><span class=\"magic-15\"><b class=\"magic-16\" data-spm-anchor-id=\"a2700.details.0.i38.3da15657iX5RWt\">Spezifikation der Isolierdecke aus Glaswolle<\/b><\/span><\/div>\n<\/div>\n<\/div>\n<\/div>\n<\/div>\n<\/div>\n<div class=\"J_module\">\n<div class=\"ife-detail-decorate-table\">\n<table width=\"620\">\n<tbody>\n<tr>\n<td width=\"76\">Modell<\/td>\n<td width=\"89\">Dichte<br \/>\n(Kg\/m3)<\/td>\n<td width=\"78\">Dichte (kg\/m3)<\/td>\n<td width=\"110\">Breite (mm)<\/td>\n<td width=\"88\">Breite (mm)<\/td>\n<td width=\"179\">W\u00e4rmeleitf\u00e4higkeit<br \/>\n(W\/m\u00b7K)<\/td>\n<\/tr>\n<tr>\n<td rowspan=\"3\" width=\"76\">GWR10<\/td>\n<td rowspan=\"3\">10<\/td>\n<td>50<\/td>\n<td width=\"110\">1200<\/td>\n<td>30000<\/td>\n<td rowspan=\"3\">0.044<\/td>\n<\/tr>\n<tr>\n<td>75<\/td>\n<td width=\"110\">1200<\/td>\n<td>20000<\/td>\n<\/tr>\n<tr>\n<td>100<\/td>\n<td width=\"110\">1200<\/td>\n<td>15000<\/td>\n<\/tr>\n<tr>\n<td rowspan=\"4\">GWR12<\/td>\n<td rowspan=\"4\">12<\/td>\n<td>40<\/td>\n<td width=\"110\">1200<\/td>\n<td>30000<\/td>\n<td rowspan=\"4\" width=\"179\">0.042<\/td>\n<\/tr>\n<tr>\n<td>50<\/td>\n<td width=\"110\">1200<\/td>\n<td>30000<\/td>\n<\/tr>\n<tr>\n<td>75<\/td>\n<td width=\"110\">1200<\/td>\n<td>20000<\/td>\n<\/tr>\n<tr>\n<td>100<\/td>\n<td width=\"110\">1200<\/td>\n<td>15000<\/td>\n<\/tr>\n<tr>\n<td rowspan=\"4\">GWR16<\/td>\n<td rowspan=\"4\">16<\/td>\n<td>25<\/td>\n<td width=\"110\">1200<\/td>\n<td>30000<\/td>\n<td rowspan=\"4\">0.039<\/td>\n<\/tr>\n<tr>\n<td>50<\/td>\n<td width=\"110\">1200<\/td>\n<td>15000<\/td>\n<\/tr>\n<tr>\n<td>75<\/td>\n<td width=\"110\">1200<\/td>\n<td>10000<\/td>\n<\/tr>\n<tr>\n<td>100<\/td>\n<td width=\"110\">1200<\/td>\n<td>7500<\/td>\n<\/tr>\n<tr>\n<td rowspan=\"4\">GWR24<\/td>\n<td rowspan=\"4\">24<\/td>\n<td>25<\/td>\n<td width=\"110\">1200<\/td>\n<td>20000<\/td>\n<td rowspan=\"4\" width=\"179\">0.036<\/td>\n<\/tr>\n<tr>\n<td>50<\/td>\n<td width=\"110\">1200<\/td>\n<td>10000<\/td>\n<\/tr>\n<tr>\n<td>75<\/td>\n<td width=\"110\">1200<\/td>\n<td>10000<\/td>\n<\/tr>\n<tr>\n<td>100<\/td>\n<td width=\"110\">1200<\/td>\n<td>5000<\/td>\n<\/tr>\n<tr>\n<td rowspan=\"4\">GWR32<\/td>\n<td rowspan=\"4\">32<\/td>\n<td>25<\/td>\n<td width=\"110\">1200<\/td>\n<td>20000<\/td>\n<td rowspan=\"4\">0.035<\/td>\n<\/tr>\n<tr>\n<td>50<\/td>\n<td width=\"110\">1200<\/td>\n<td>10000<\/td>\n<\/tr>\n<tr>\n<td>75<\/td>\n<td width=\"110\">1200<\/td>\n<td>10000<\/td>\n<\/tr>\n<tr>\n<td>100<\/td>\n<td width=\"110\">1200<\/td>\n<td>5000<\/td>\n<\/tr>\n<tr>\n<td rowspan=\"4\">GWR48<\/td>\n<td rowspan=\"4\">48<\/td>\n<td>25<\/td>\n<td width=\"110\">1200<\/td>\n<td>20000<\/td>\n<td rowspan=\"4\">0.032<\/td>\n<\/tr>\n<tr>\n<td>50<\/td>\n<td width=\"110\">1200<\/td>\n<td>10000<\/td>\n<\/tr>\n<tr>\n<td>75<\/td>\n<td width=\"110\">1200<\/td>\n<td>10000<\/td>\n<\/tr>\n<tr>\n<td>100<\/td>\n<td width=\"110\">1200<\/td>\n<td>5000<\/td>\n<\/tr>\n<\/tbody>\n<\/table>\n<\/div>\n<\/div>\n<div class=\"J_module\">\n<div class=\"icbu-pc-images magic-6\">\n<div class=\"flex-layout-h\">\n<div class=\"flex-layout-v magic-28\">\n<div class=\"magic-29\"><\/div>\n<div class=\"magic-31\"><\/div>\n<div class=\"magic-31\"><img fetchpriority=\"high\" decoding=\"async\" class=\"alignleft size-full wp-image-1356\" src=\"http:\/\/yxwool.com\/wp-content\/uploads\/2023\/07\/\u672a\u6807\u9898-1.jpg\" alt=\"\" width=\"1200\" height=\"1200\" srcset=\"https:\/\/yxwool.com\/wp-content\/uploads\/2023\/07\/\u672a\u6807\u9898-1.jpg 1200w, https:\/\/yxwool.com\/wp-content\/uploads\/2023\/07\/\u672a\u6807\u9898-1-300x300.jpg 300w, https:\/\/yxwool.com\/wp-content\/uploads\/2023\/07\/\u672a\u6807\u9898-1-1024x1024.jpg 1024w, https:\/\/yxwool.com\/wp-content\/uploads\/2023\/07\/\u672a\u6807\u9898-1-150x150.jpg 150w, https:\/\/yxwool.com\/wp-content\/uploads\/2023\/07\/\u672a\u6807\u9898-1-768x768.jpg 768w, https:\/\/yxwool.com\/wp-content\/uploads\/2023\/07\/\u672a\u6807\u9898-1-600x600.jpg 600w, https:\/\/yxwool.com\/wp-content\/uploads\/2023\/07\/\u672a\u6807\u9898-1-100x100.jpg 100w\" sizes=\"(max-width: 1200px) 100vw, 1200px\" \/><\/div>\n<\/div>\n<div class=\"magic-34\"><\/div>\n<\/div>\n<\/div>\n<\/div>\n<div class=\"J_module\">\n<div class=\"icbu-pc-images magic-6\">\n<div class=\"flex-layout-v\">\n<div class=\"flex-layout-h magic-6\">\n<div class=\"magic-36\"><img decoding=\"async\" class=\"alignleft  wp-image-1620\" src=\"http:\/\/yxwool.com\/wp-content\/uploads\/2023\/07\/\u8be6\u60c5\u9875-\u68c9\u5ca9\u6bef.jpg\" alt=\"\" width=\"1200\" height=\"2030\" srcset=\"https:\/\/yxwool.com\/wp-content\/uploads\/2023\/07\/\u8be6\u60c5\u9875-\u68c9\u5ca9\u6bef.jpg 750w, https:\/\/yxwool.com\/wp-content\/uploads\/2023\/07\/\u8be6\u60c5\u9875-\u68c9\u5ca9\u6bef-177x300.jpg 177w, https:\/\/yxwool.com\/wp-content\/uploads\/2023\/07\/\u8be6\u60c5\u9875-\u68c9\u5ca9\u6bef-605x1024.jpg 605w, https:\/\/yxwool.com\/wp-content\/uploads\/2023\/07\/\u8be6\u60c5\u9875-\u68c9\u5ca9\u6bef-600x1015.jpg 600w\" sizes=\"(max-width: 1200px) 100vw, 1200px\" \/><\/div>\n<\/div>\n<\/div>\n<\/div>\n<\/div>\n<div class=\"J_module\">\n<div class=\"icbu-pc-images magic-6\">\n<div>\n<div class=\"flex-layout-v\">\n<div class=\"flex-layout-h magic-6\">\n<div class=\"magic-38\"><img decoding=\"async\" class=\"magic-39\" src=\"https:\/\/sc04.alicdn.com\/kf\/H42ed4025ce914ccc99bef05f4cdd76ffv\/240115170\/H42ed4025ce914ccc99bef05f4cdd76ffv.jpg\" width=\"1200\" height=\"459\" data-src=\"\/\/sc04.alicdn.com\/kf\/H42ed4025ce914ccc99bef05f4cdd76ffv\/240115170\/H42ed4025ce914ccc99bef05f4cdd76ffv.jpg\" \/><\/div>\n<\/div>\n<\/div>\n<\/div>\n<\/div>\n<\/div>\n<div class=\"J_module\">\n<div class=\"detail-decorate-json-renderer-container\">\n<div class=\"magic-0\">\n<div class=\"magic-1\">\n<div class=\"magic-2\">\n<div><\/div>\n<div><\/div>\n<div class=\"magic-3\"><span class=\"magic-40\"><b class=\"magic-23\"><span class=\"magic-15\">Technische Leistung der Isolierdecke aus Glaswolle<\/span><\/b><\/span><\/div>\n<\/div>\n<\/div>\n<\/div>\n<\/div>\n<\/div>\n<div class=\"J_module\">\n<div class=\"ife-detail-decorate-table\">\n<table class=\"has-title is-zebra all magic-17\">\n<tbody>\n<tr>\n<td colspan=\"1\" rowspan=\"1\">\n<div class=\"magic-41\">\n<div class=\"magic-4\" data-spm-anchor-id=\"0.0.0.i9.43af4f05x4XI9S\"><b data-spm-anchor-id=\"0.0.0.i15.43af4f05x4XI9S\"><span style=\"color: #000000; font-family: Verdana;\"><i class=\"magic-42\" data-spm-anchor-id=\"0.0.0.i31.43af4f05x4XI9S\">Getesteter Inhalt<\/i><\/span><\/b><\/div>\n<\/div>\n<\/td>\n<td colspan=\"1\" rowspan=\"1\">\n<div class=\"magic-43\">\n<div class=\"magic-4\" data-spm-anchor-id=\"0.0.0.i41.43af4f05x4XI9S\"><b><span style=\"color: #000000; font-family: Verdana;\"><i class=\"magic-42\" data-spm-anchor-id=\"0.0.0.i57.43af4f05x4XI9S\">Testmethode<\/i><\/span><\/b><\/div>\n<\/div>\n<\/td>\n<td colspan=\"2\" rowspan=\"1\">\n<div class=\"magic-44\">\n<div class=\"magic-4\" data-spm-anchor-id=\"0.0.0.i3.43af4f05x4XI9S\"><i class=\"magic-23\" data-spm-anchor-id=\"a2700.pc-decorate.0.i1.216e33335ZFwxS\"><span class=\"magic-23\" style=\"font-family: Verdana;\"><b class=\"magic-42\" data-spm-anchor-id=\"0.0.0.i30.43af4f05x4XI9S\">Gepr\u00fcfter Wert<\/b><\/span><\/i><\/div>\n<\/div>\n<\/td>\n<\/tr>\n<tr>\n<td colspan=\"1\" rowspan=\"1\">\n<div class=\"magic-41\">\n<div class=\"magic-14\" data-spm-anchor-id=\"0.0.0.i2.43af4f05x4XI9S\">Dichte<\/div>\n<\/div>\n<\/td>\n<td colspan=\"1\" rowspan=\"1\">\n<div class=\"magic-43\">\n<div class=\"magic-14\" data-spm-anchor-id=\"0.0.0.i7.43af4f05x4XI9S\">GB\/T 5480,3<\/div>\n<\/div>\n<\/td>\n<td colspan=\"2\" rowspan=\"1\">\n<div class=\"magic-44\">10-80 kg\/m\u00b3<\/div>\n<\/td>\n<\/tr>\n<tr>\n<td colspan=\"1\" rowspan=\"1\">\n<div class=\"magic-41\">\n<div class=\"magic-14\" data-spm-anchor-id=\"a2700.pc-decorate.0.i1.216e3333itG8KA\">Temperaturbereich<\/div>\n<\/div>\n<\/td>\n<td colspan=\"1\" rowspan=\"1\">\n<div class=\"magic-43\">\n<div class=\"magic-14\" data-spm-anchor-id=\"0.0.0.i8.43af4f05x4XI9S\">ASTM C411<\/div>\n<\/div>\n<\/td>\n<td colspan=\"2\" rowspan=\"1\">\n<div class=\"magic-44\">Bis 350 \u00b0C<\/div>\n<\/td>\n<\/tr>\n<tr>\n<td colspan=\"1\" rowspan=\"1\">\n<div class=\"magic-41\">\n<div class=\"magic-14\">W\u00e4rmeleitf\u00e4higkeit<\/div>\n<\/div>\n<\/td>\n<td colspan=\"1\" rowspan=\"1\">\n<div class=\"magic-43\">\n<div class=\"magic-14\" data-spm-anchor-id=\"0.0.0.i4.43af4f05x4XI9S\">ASTM C518<\/div>\n<\/div>\n<\/td>\n<td colspan=\"2\" rowspan=\"1\">\n<div class=\"magic-44\">0,027 (W\/m\u00b7K)<\/div>\n<\/td>\n<\/tr>\n<tr>\n<td colspan=\"1\" rowspan=\"1\">\n<div class=\"magic-41\">\n<div class=\"magic-14\" data-spm-anchor-id=\"a2700.pc-decorate.0.i2.216e3333itG8KA\">Wassergehalt<\/div>\n<\/div>\n<\/td>\n<td colspan=\"1\" rowspan=\"1\">\n<div class=\"magic-43\">\n<div class=\"magic-14\">GB\/T 16400-2015<\/div>\n<\/div>\n<\/td>\n<td colspan=\"2\" rowspan=\"1\">\n<div class=\"magic-44\">\u22641%<\/div>\n<\/td>\n<\/tr>\n<tr>\n<td colspan=\"1\" rowspan=\"1\">\n<div class=\"magic-41\">\n<div class=\"magic-14\" data-spm-anchor-id=\"a2700.pc-decorate.0.i3.216e3333itG8KA\">Korrosionsbest\u00e4ndigkeit<\/div>\n<\/div>\n<\/td>\n<td colspan=\"1\" rowspan=\"1\">\n<div class=\"magic-43\">\n<div class=\"magic-14\">ASTM C665<\/div>\n<\/div>\n<\/td>\n<td colspan=\"2\" rowspan=\"1\">\n<div class=\"magic-44\">Keine chemische Reaktion<\/div>\n<\/td>\n<\/tr>\n<tr>\n<td colspan=\"1\" rowspan=\"1\">\n<div class=\"magic-41\">\n<div class=\"magic-14\">Schimmelresistenz<\/div>\n<\/div>\n<\/td>\n<td colspan=\"1\" rowspan=\"1\">\n<div class=\"magic-43\">\n<div class=\"magic-14\">ASTM C665<\/div>\n<\/div>\n<\/td>\n<td colspan=\"2\" rowspan=\"1\">\n<div class=\"magic-44\">Schimmelsicher<\/div>\n<\/td>\n<\/tr>\n<tr>\n<td colspan=\"1\" rowspan=\"1\">\n<div class=\"magic-41\">\n<div class=\"magic-14\" data-spm-anchor-id=\"a2700.pc-decorate.0.i4.216e3333itG8KA\">Inhalt von Slag Balls<\/div>\n<\/div>\n<\/td>\n<td colspan=\"1\" rowspan=\"1\">\n<div class=\"magic-43\">\n<div class=\"magic-14\">GB\/T 5480,5<\/div>\n<\/div>\n<\/td>\n<td colspan=\"2\" rowspan=\"1\">\n<div class=\"magic-44\">0.1<\/div>\n<\/td>\n<\/tr>\n<tr>\n<td colspan=\"1\" rowspan=\"1\">\n<div class=\"magic-41\">\n<div class=\"magic-14\" data-spm-anchor-id=\"a2700.pc-decorate.0.i5.216e3333itG8KA\">Durchschnittlicher Faserdurchmesser<\/div>\n<\/div>\n<\/td>\n<td colspan=\"1\" rowspan=\"1\">\n<div class=\"magic-43\">\n<div class=\"magic-14\">GB\/T 17795-2008<\/div>\n<\/div>\n<\/td>\n<td colspan=\"2\" rowspan=\"1\">\n<div class=\"magic-44\">5-8 \u03bcm<\/div>\n<\/td>\n<\/tr>\n<tr>\n<td colspan=\"1\" rowspan=\"1\">\n<div class=\"magic-41\">\n<div class=\"magic-14\">Feuchtigkeitsaufnahme<\/div>\n<\/div>\n<\/td>\n<td colspan=\"1\" rowspan=\"1\">\n<div class=\"magic-43\">\n<div class=\"magic-14\">ASTM C1104<\/div>\n<\/div>\n<\/td>\n<td colspan=\"1\" rowspan=\"1\">\n<div class=\"magic-44\">&lt;1% nach Gewicht (Temperatur: 49 \u00b0C, relative Luftfeuchtigkeit: 95%)<\/div>\n<\/td>\n<\/tr>\n<tr>\n<td colspan=\"1\" rowspan=\"1\">\n<div class=\"magic-41\">\n<div class=\"magic-14\">Feuertest<\/div>\n<\/div>\n<\/td>\n<td colspan=\"1\" rowspan=\"1\">\n<div class=\"magic-43\">\n<div class=\"magic-14\" data-spm-anchor-id=\"a2700.pc-decorate.0.i289.35653333jU8Cc9\">ASTM E84<\/div>\n<div class=\"magic-14\">BS 476 Teil 6 und 7<\/div>\n<\/div>\n<\/td>\n<td colspan=\"2\" rowspan=\"1\">\n<div class=\"magic-44\">Flammenausbreitung: &lt;25<br \/>\nFlammendiffusivit\u00e4t: &lt;50<\/div>\n<\/td>\n<\/tr>\n<tr>\n<td colspan=\"1\" rowspan=\"1\">\n<div class=\"magic-41\">\n<div class=\"magic-14\" data-spm-anchor-id=\"a2700.pc-decorate.0.i6.216e3333itG8KA\">Brennbarkeitsgrad<\/div>\n<\/div>\n<\/td>\n<td colspan=\"1\" rowspan=\"1\">\n<div class=\"magic-43\">\n<div class=\"magic-14\" data-spm-anchor-id=\"0.0.0.i5.43af4f05x4XI9S\">GB\/T 8624-2012<\/div>\n<\/div>\n<\/td>\n<td colspan=\"2\" rowspan=\"1\">\n<div class=\"magic-44\">Nicht brennbar, Klasse A<\/div>\n<\/td>\n<\/tr>\n<\/tbody>\n<\/table>\n<\/div>\n<\/div>\n<div class=\"J_module\">\n<div class=\"detail-decorate-json-renderer-container\">\n<div class=\"magic-0\">\n<div class=\"magic-1\">\n<div class=\"magic-2\">\n<div class=\"magic-3\"><span class=\"magic-15\" style=\"color: #000000;\"><b class=\"magic-23\"><span class=\"magic-40\">Besondere Vorteile der Glaswolle-Isolierdecke:<\/span><span class=\"magic-46\"><br \/>\n<\/span><\/b><\/span><span class=\"magic-13\">\u2022 Sehr wirtschaftlich, verbessert die Energieeffizienz des Geb\u00e4udes <\/span><\/div>\n<div class=\"magic-3\"><span class=\"magic-13\">\u2022 Reduzieren Sie die \u00dcbertragung von Au\u00dfenschall in das Innere des Geb\u00e4udes <\/span><\/div>\n<div class=\"magic-3\"><span class=\"magic-13\">\u2022 Absorbieren Sie hallende Ger\u00e4usche im Geb\u00e4ude <\/span><\/div>\n<div class=\"magic-3\"><span class=\"magic-13\">\u2022 Bereitstellung thermischer Effizienz <\/span><\/div>\n<div class=\"magic-3\"><span class=\"magic-13\">\u2022 Halten Sie das Geb\u00e4ude im Winter w\u00e4rmer und im Sommer k\u00fchler<\/span><\/div>\n<div class=\"magic-3\"><span class=\"magic-13\"> \u2022 Geringes Gewicht und einfache Herstellung vor Ort<\/span><\/div>\n<div class=\"magic-3\"><span class=\"magic-13\"> \u2022 Nicht brennbar und feuerhemmend<\/span><\/div>\n<div class=\"magic-3\"><span class=\"magic-13\"> \u2022 Langlebig, lebenslang<\/span><\/div>\n<\/div>\n<\/div>\n<\/div>\n<\/div>\n<\/div>\n<div class=\"J_module\">\n<div class=\"detail-decorate-json-renderer-container\">\n<div class=\"magic-0\">\n<div class=\"magic-47\">\n<div class=\"magic-2\">\n<div class=\"magic-3\"><\/div>\n<\/div>\n<\/div>\n<div class=\"magic-47\">\n<div class=\"magic-2\">\n<div class=\"magic-49\">\n<div class=\"magic-4\"><\/div>\n<\/div>\n<\/div>\n<\/div>\n<\/div>\n<\/div>\n<\/div>\n<div class=\"J_module\">\n<div class=\"detail-decorate-json-renderer-container\">\n<div class=\"magic-0\">\n<h3 class=\"magic-10\"><span class=\"magic-51\">Anwendungen f\u00fcr Glaswolle-Isolierdecken:<\/span><\/h3>\n<div class=\"magic-1\">\n<div class=\"magic-2\">\n<div class=\"magic-3\">\n<div class=\"magic-14\"><span class=\"magic-13\">YUXING<sup>\u00ae<\/sup> Glaswolle-Isolierung ist leicht und einfach zu installieren.<\/span><\/div>\n<div class=\"magic-14\"><span class=\"magic-13\">\u00a0<\/span><\/div>\n<div class=\"magic-14\"><span class=\"magic-13\">YUXING<sup>\u00ae<\/sup> Glaswolldecken werden h\u00e4ufig in Werkst\u00e4tten, Lagerh\u00e4usern, K\u00fchlr\u00e4umen, Turnhallen, Ausstellungszentren, Zucht- und Pflanzunterk\u00fcnften, verschiedenen Indoor-Vergn\u00fcgungsst\u00e4tten und vielen anderen Anwendungen f\u00fcr Wohn- und Industriegeb\u00e4ude wie Stahlkonstruktionen, Fertigh\u00e4user und HVAC-Kan\u00e4le verwendet Projekt.<br \/>\n<\/span><\/div>\n<\/div>\n<\/div>\n<\/div>\n<\/div>\n<\/div>\n<\/div>\n<div class=\"J_module\">\n<div class=\"icbu-pc-images magic-6\">\n<div>\n<div class=\"flex-layout-v\">\n<div class=\"flex-layout-h magic-6\">\n<div class=\"magic-52\"><img loading=\"lazy\" decoding=\"async\" class=\"magic-53\" src=\"https:\/\/sc04.alicdn.com\/kf\/H51aa9aac6c2a46f9b62ca73351ea3e3fI\/240115170\/H51aa9aac6c2a46f9b62ca73351ea3e3fI.jpg\" width=\"1200\" height=\"1112\" data-src=\"\/\/sc04.alicdn.com\/kf\/H51aa9aac6c2a46f9b62ca73351ea3e3fI\/240115170\/H51aa9aac6c2a46f9b62ca73351ea3e3fI.jpg\" \/><\/div>\n<\/div>\n<\/div>\n<\/div>\n<\/div>\n<\/div>\n<div class=\"J_module\">\n<div class=\"icbu-pc-images magic-6\">\n<div>\n<div class=\"flex-layout-v\">\n<div class=\"flex-layout-h magic-6\">\n<div class=\"magic-54\"><img loading=\"lazy\" decoding=\"async\" class=\"magic-55\" src=\"https:\/\/sc04.alicdn.com\/kf\/Ha30192bb9ed141949a538446fa5a7fd6x\/240115170\/Ha30192bb9ed141949a538446fa5a7fd6x.jpg\" usemap=\"#5-81-35a-ec3c\" width=\"1200\" height=\"938\" data-src=\"\/\/sc04.alicdn.com\/kf\/Ha30192bb9ed141949a538446fa5a7fd6x\/240115170\/Ha30192bb9ed141949a538446fa5a7fd6x.jpg\" data-spm-anchor-id=\"a2700.details.0.i42.3da15657iX5RWt\" \/><\/div>\n<\/div>\n<\/div>\n<\/div>\n<\/div>\n<\/div>","protected":false},"excerpt":{"rendered":"<p>Glass Wool Insulation Blanket Overview YUXING\u00ae Glass wool is considered to be the most effective, and environmentally friendly insulation product to use as it is non-combustable, and meets the requirements for optimal thermal and acoustic insulation performance in accordance with the highest international standards (EN, FM, ASTM). YUXING\u00ae centrifugal glass wool product is a kind [&hellip;]<\/p>","protected":false},"featured_media":1373,"template":"","meta":{"site-sidebar-layout":"default","site-content-layout":"default","ast-site-content-layout":"","site-content-style":"default","site-sidebar-style":"default","ast-global-header-display":"","ast-banner-title-visibility":"","ast-main-header-display":"","ast-hfb-above-header-display":"","ast-hfb-below-header-display":"","ast-hfb-mobile-header-display":"","site-post-title":"","ast-breadcrumbs-content":"","ast-featured-img":"","footer-sml-layout":"","theme-transparent-header-meta":"default","adv-header-id-meta":"","stick-header-meta":"","header-above-stick-meta":"","header-main-stick-meta":"","header-below-stick-meta":"","astra-migrate-meta-layouts":"default","ast-page-background-enabled":"default","ast-page-background-meta":{"desktop":{"background-color":"","background-image":"","background-repeat":"repeat","background-position":"center center","background-size":"auto","background-attachment":"scroll","background-type":"","background-media":"","overlay-type":"","overlay-color":"","overlay-opacity":"","overlay-gradient":""},"tablet":{"background-color":"","background-image":"","background-repeat":"repeat","background-position":"center center","background-size":"auto","background-attachment":"scroll","background-type":"","background-media":"","overlay-type":"","overlay-color":"","overlay-opacity":"","overlay-gradient":""},"mobile":{"background-color":"","background-image":"","background-repeat":"repeat","background-position":"center center","background-size":"auto","background-attachment":"scroll","background-type":"","background-media":"","overlay-type":"","overlay-color":"","overlay-opacity":"","overlay-gradient":""}},"ast-content-background-meta":{"desktop":{"background-color":"var(--ast-global-color-5)","background-image":"","background-repeat":"repeat","background-position":"center center","background-size":"auto","background-attachment":"scroll","background-type":"","background-media":"","overlay-type":"","overlay-color":"","overlay-opacity":"","overlay-gradient":""},"tablet":{"background-color":"var(--ast-global-color-5)","background-image":"","background-repeat":"repeat","background-position":"center center","background-size":"auto","background-attachment":"scroll","background-type":"","background-media":"","overlay-type":"","overlay-color":"","overlay-opacity":"","overlay-gradient":""},"mobile":{"background-color":"var(--ast-global-color-5)","background-image":"","background-repeat":"repeat","background-position":"center center","background-size":"auto","background-attachment":"scroll","background-type":"","background-media":"","overlay-type":"","overlay-color":"","overlay-opacity":"","overlay-gradient":""}}},"product_brand":[],"product_cat":[15],"product_tag":[],"class_list":{"0":"post-1372","1":"product","2":"type-product","3":"status-publish","4":"has-post-thumbnail","6":"product_cat-glass-wool","7":"desktop-align-center","8":"tablet-align-left","9":"mobile-align-left","11":"first","12":"instock","13":"shipping-taxable","14":"product-type-simple"},"_links":{"self":[{"href":"https:\/\/yxwool.com\/de\/wp-json\/wp\/v2\/product\/1372","targetHints":{"allow":["GET"]}}],"collection":[{"href":"https:\/\/yxwool.com\/de\/wp-json\/wp\/v2\/product"}],"about":[{"href":"https:\/\/yxwool.com\/de\/wp-json\/wp\/v2\/types\/product"}],"wp:featuredmedia":[{"embeddable":true,"href":"https:\/\/yxwool.com\/de\/wp-json\/wp\/v2\/media\/1373"}],"wp:attachment":[{"href":"https:\/\/yxwool.com\/de\/wp-json\/wp\/v2\/media?parent=1372"}],"wp:term":[{"taxonomy":"product_brand","embeddable":true,"href":"https:\/\/yxwool.com\/de\/wp-json\/wp\/v2\/product_brand?post=1372"},{"taxonomy":"product_cat","embeddable":true,"href":"https:\/\/yxwool.com\/de\/wp-json\/wp\/v2\/product_cat?post=1372"},{"taxonomy":"product_tag","embeddable":true,"href":"https:\/\/yxwool.com\/de\/wp-json\/wp\/v2\/product_tag?post=1372"}],"curies":[{"name":"wp","href":"https:\/\/api.w.org\/{rel}","templated":true}]}}