{"id":1399,"date":"2023-07-06T03:30:28","date_gmt":"2023-07-06T03:30:28","guid":{"rendered":"http:\/\/yxwool.com\/?post_type=product&#038;p=1399"},"modified":"2023-07-08T05:40:06","modified_gmt":"2023-07-08T05:40:06","slug":"15mm-high-density-fiberglass-thermal-insulation-glass-wool-acoustic-board-panel-thermal-insulation-materials","status":"publish","type":"product","link":"https:\/\/yxwool.com\/de\/produkt\/15mm-high-density-fiberglass-thermal-insulation-glass-wool-acoustic-board-panel-thermal-insulation-materials\/","title":{"rendered":"15 mm hochdichtes Glasfaser-W\u00e4rmed\u00e4mmmaterial, Akustikplatten aus Glaswolle, W\u00e4rmed\u00e4mmmaterialien"},"content":{"rendered":"<div class=\"J_module\">\n<div class=\"detail-decorate-json-renderer-container\">\n<div class=\"magic-0\">\n<div class=\"magic-1\">\n<div class=\"magic-2\">\n<div class=\"magic-3\">\n<div class=\"magic-4\"><i><b><span class=\"magic-5\"><span data-spm-anchor-id=\"a2700.details.0.i44.3bb42417ooTcnf\">15 mm hochdichtes Glasfaser-W\u00e4rmed\u00e4mmmaterial, Akustikplatten aus Glaswolle, W\u00e4rmed\u00e4mmmaterialien<\/span><\/span><\/b><\/i><\/div>\n<\/div>\n<\/div>\n<\/div>\n<\/div>\n<\/div>\n<\/div>\n<div class=\"J_module\">\n<div class=\"icbu-pc-images magic-6\">\n<div class=\"flex-layout-v\">\n<div class=\"flex-layout-h magic-6\">\n<div class=\"magic-7\"><img fetchpriority=\"high\" decoding=\"async\" class=\"alignleft wp-image-1398\" src=\"http:\/\/yxwool.com\/wp-content\/uploads\/2023\/07\/H79ceb52aa4754b3292151d7db3366620L.jpg\" alt=\"\" width=\"1200\" height=\"1025\" \/><\/div>\n<\/div>\n<\/div>\n<\/div>\n<\/div>\n<div class=\"J_module\">\n<div id=\"ali-anchor-AliMagic-6ciabf\" class=\"magic-9\" data-section=\"AliMagic-6ciabf\" data-section-title=\"Product Description\"><\/div>\n<\/div>\n<div class=\"J_module\">\n<div class=\"detail-decorate-json-renderer-container\">\n<div class=\"magic-0\">\n<h3 class=\"magic-10\"><span class=\"magic-11\">\u00dcbersicht \u00fcber Glaswolle-D\u00e4mmplatten<\/span><\/h3>\n<div class=\"magic-1\">\n<div class=\"magic-2\">\n<div class=\"magic-3\">\n<div class=\"magic-12\"><\/div>\n<div class=\"magic-12\"><\/div>\n<div class=\"magic-14\"><b>YUXING<sup>\u00ae<\/sup> Glaswollebrett<\/b> gilt als das wirksamste und umweltfreundlichste D\u00e4mmprodukt, da es nicht brennbar ist und die Anforderungen an eine optimale W\u00e4rme- und Schalld\u00e4mmleistung gem\u00e4\u00df den h\u00f6chsten internationalen Standards (EN, FM, ASTM) erf\u00fcllt.<\/div>\n<div class=\"magic-14\"><\/div>\n<div class=\"magic-14\"><b>YUXING<\/b><sup>\u00ae <\/sup>Das Produkt aus zentrifugaler Glaswolle ist eine Art d\u00fcnnfaseriges Isoliermaterial mit geringer W\u00e4rmeleitf\u00e4higkeit. Die spezielle Struktur sorgt daf\u00fcr, dass es die Luft sehr gut einschlie\u00dfen kann, so dass sie nicht flie\u00dfen kann, was der Luftkonvektionsw\u00e4rme\u00fcbertragung ein Ende setzt, aber auch kann die Schall\u00fcbertragung schnell reduzieren, um so eine w\u00e4rme- und schallabsorbierende Wirkung zu erzielen.<\/div>\n<div class=\"magic-14\"><\/div>\n<div class=\"magic-14\"><b>YUXING<\/b><sup>\u00ae<\/sup> Glaswolle umfasst 7 Serien von Glaswolledecken, Glaswolleplatten, Glaswoller\u00f6hren, Glaswollematten, folienkaschierte Glaswolle, bunte Glaswolle und Hochtemperatur-Glaswolle.<\/div>\n<div><\/div>\n<\/div>\n<\/div>\n<\/div>\n<\/div>\n<\/div>\n<\/div>\n<div class=\"J_module\">\n<div class=\"detail-decorate-json-renderer-container\">\n<div class=\"magic-0\">\n<div class=\"magic-1\">\n<div class=\"magic-2\">\n<div class=\"magic-3\"><span class=\"magic-15\"><b class=\"magic-16\">Spezifikation der Isolierung aus Glaswolleplatten <\/b><\/span><\/div>\n<\/div>\n<\/div>\n<\/div>\n<\/div>\n<\/div>\n<div class=\"J_module\">\n<div class=\"ife-detail-decorate-table\">\n<table class=\"has-title is-zebra hight-light-first-column all magic-17\" style=\"height: 348px;\" width=\"1200\">\n<tbody>\n<tr>\n<td colspan=\"1\" rowspan=\"1\">\n<div class=\"magic-18\">\n<div class=\"magic-4\" data-spm-anchor-id=\"a2700.pc-decorate.0.i55.10d533330QoDer\"><b>ARTIKEL<\/b><\/div>\n<\/div>\n<\/td>\n<td colspan=\"2\" rowspan=\"1\">\n<div class=\"magic-19\">\n<div class=\"magic-4\" data-spm-anchor-id=\"0.0.0.i18.43af4f05cdRZXb\"><b>SPEZ<\/b><\/div>\n<\/div>\n<\/td>\n<\/tr>\n<tr>\n<td colspan=\"1\" rowspan=\"1\">\n<div class=\"magic-22\">\n<div class=\"magic-4\" data-spm-anchor-id=\"a2700.pc-decorate.0.i53.10d533330QoDer\">Dichte<\/div>\n<\/div>\n<\/td>\n<td colspan=\"2\" rowspan=\"1\">\n<div class=\"magic-19\">\n<div class=\"magic-4\" data-spm-anchor-id=\"0.0.0.i25.43af4f05cdRZXb\">24-120 kg\/m\u00b3<\/div>\n<\/div>\n<\/td>\n<\/tr>\n<tr>\n<td colspan=\"1\" rowspan=\"1\">\n<div class=\"magic-18\">\n<div class=\"magic-4\" data-spm-anchor-id=\"a2700.pc-decorate.0.i31.10d533330QoDer\">L\u00e4nge<\/div>\n<\/div>\n<\/td>\n<td colspan=\"1\" rowspan=\"3\">\n<div class=\"magic-23\">\n<div class=\"magic-4\" data-spm-anchor-id=\"a2700.pc-decorate.0.i66.10d533330QoDer\"><span class=\"magic-13\">\u00a0<\/span><\/div>\n<div class=\"magic-4\" data-spm-anchor-id=\"0.0.0.i0.43af4f059BRb9v\"><b data-spm-anchor-id=\"0.0.0.i0.43af4f05sNmi10\"><span class=\"magic-24\"><span class=\"magic-25\">VERF\u00dcGBAR<\/span>LE-GR\u00d6SSE<\/span><\/b><\/div>\n<\/div>\n<\/td>\n<td colspan=\"1\" rowspan=\"1\">\n<div class=\"magic-21\">\n<div class=\"magic-4\" data-spm-anchor-id=\"a2700.pc-decorate.0.i52.10d533330QoDer\">600\u20132400 mm<\/div>\n<\/div>\n<\/td>\n<\/tr>\n<tr>\n<td colspan=\"1\" rowspan=\"1\">\n<div class=\"magic-22\">\n<div class=\"magic-4\" data-spm-anchor-id=\"a2700.pc-decorate.0.i14.10d533330QoDer\">Breite<\/div>\n<\/div>\n<\/td>\n<td colspan=\"1\" rowspan=\"1\">\n<div class=\"magic-27\">\n<div class=\"magic-4\" data-spm-anchor-id=\"a2700.pc-decorate.0.i15.10d533330QoDer\">600-1200mm<\/div>\n<\/div>\n<\/td>\n<\/tr>\n<tr>\n<td colspan=\"1\" rowspan=\"1\">\n<div class=\"magic-18\">\n<div class=\"magic-4\">Dicke<\/div>\n<\/div>\n<\/td>\n<td colspan=\"1\" rowspan=\"1\">\n<div class=\"magic-21\">\n<div class=\"magic-4\" data-spm-anchor-id=\"a2700.pc-decorate.0.i35.10d533330QoDer\">20-200mm<\/div>\n<\/div>\n<\/td>\n<\/tr>\n<tr>\n<td colspan=\"1\" rowspan=\"1\">\n<div class=\"magic-18\">\n<div class=\"magic-4\">Gegen\u00fcber<\/div>\n<\/div>\n<\/td>\n<td colspan=\"2\" rowspan=\"1\">\n<div class=\"magic-19\">\n<div class=\"magic-4\">Aluminiumfolie, FSK, PVC, Glasfasergewebe usw.<\/div>\n<\/div>\n<\/td>\n<\/tr>\n<tr>\n<td colspan=\"1\" rowspan=\"1\">\n<div class=\"magic-22\">\n<div class=\"magic-4\" data-spm-anchor-id=\"a2700.pc-decorate.0.i20.10d533330QoDer\">Eine Anwendung<\/div>\n<\/div>\n<\/td>\n<td colspan=\"2\" rowspan=\"1\">\n<div class=\"magic-19\">\n<div class=\"magic-4\">Au\u00dfenw\u00e4nde, Trockenbauw\u00e4nde, Trennw\u00e4nde, Kanalplatten- und Dachisolierungen usw.<\/div>\n<\/div>\n<\/td>\n<\/tr>\n<tr>\n<td colspan=\"1\" rowspan=\"1\">\n<div class=\"magic-22\">\n<div class=\"magic-4\" data-spm-anchor-id=\"a2700.pc-decorate.0.i4.10d533330QoDer\">Anmerkung<\/div>\n<\/div>\n<\/td>\n<td colspan=\"2\" rowspan=\"1\">\n<div class=\"magic-19\">\n<div class=\"magic-4\">Ma\u00dfgeschneiderte Produkte sind auf Anfrage erh\u00e4ltlich<\/div>\n<\/div>\n<\/td>\n<\/tr>\n<\/tbody>\n<\/table>\n<\/div>\n<\/div>\n<div class=\"J_module\">\n<div class=\"icbu-pc-images magic-6\">\n<div class=\"flex-layout-v\">\n<div class=\"flex-layout-h magic-6\">\n<div class=\"magic-37\"><img decoding=\"async\" class=\"alignleft  wp-image-1620\" src=\"http:\/\/yxwool.com\/wp-content\/uploads\/2023\/07\/\u8be6\u60c5\u9875-\u68c9\u5ca9\u6bef.jpg\" alt=\"\" width=\"1200\" height=\"1435\" \/><\/div>\n<\/div>\n<\/div>\n<\/div>\n<\/div>\n<div class=\"J_module\">\n<div class=\"detail-decorate-json-renderer-container\">\n<div class=\"magic-0\">\n<div class=\"magic-1\">\n<div class=\"magic-2\">\n<div><\/div>\n<div><\/div>\n<div><\/div>\n<div><\/div>\n<div><\/div>\n<div><\/div>\n<div><\/div>\n<div><\/div>\n<div><\/div>\n<div><\/div>\n<div><\/div>\n<div><\/div>\n<div><\/div>\n<div><\/div>\n<div><\/div>\n<div><\/div>\n<div><\/div>\n<div><\/div>\n<div><\/div>\n<div><\/div>\n<div><\/div>\n<div><\/div>\n<div><\/div>\n<div><\/div>\n<div><\/div>\n<div><\/div>\n<div><\/div>\n<div><\/div>\n<div><\/div>\n<div><\/div>\n<div><\/div>\n<div><\/div>\n<div><\/div>\n<div><\/div>\n<div><\/div>\n<div><\/div>\n<div><\/div>\n<div><\/div>\n<div><\/div>\n<div><\/div>\n<div><\/div>\n<div><\/div>\n<div><\/div>\n<div><\/div>\n<div><\/div>\n<div><\/div>\n<div class=\"magic-3\"><span class=\"magic-39\"><b class=\"magic-25\"><span class=\"magic-15\">Technische Leistung von Glaswolle-D\u00e4mmplatten<\/span><\/b><\/span><\/div>\n<\/div>\n<\/div>\n<\/div>\n<\/div>\n<\/div>\n<div class=\"J_module\">\n<div class=\"ife-detail-decorate-table\">\n<table class=\"has-title is-zebra all magic-17\" style=\"height: 466px;\" width=\"1200\">\n<tbody>\n<tr>\n<td colspan=\"1\" rowspan=\"1\">\n<div class=\"magic-40\">\n<div class=\"magic-4\" data-spm-anchor-id=\"0.0.0.i9.43af4f05x4XI9S\"><b data-spm-anchor-id=\"0.0.0.i15.43af4f05x4XI9S\"><span style=\"color: #000000; font-family: Verdana;\"><i class=\"magic-41\" data-spm-anchor-id=\"0.0.0.i31.43af4f05x4XI9S\">Getesteter Inhalt<\/i><\/span><\/b><\/div>\n<\/div>\n<\/td>\n<td colspan=\"1\" rowspan=\"1\">\n<div class=\"magic-42\">\n<div class=\"magic-4\" data-spm-anchor-id=\"0.0.0.i41.43af4f05x4XI9S\"><b><span style=\"color: #000000; font-family: Verdana;\"><i class=\"magic-41\" data-spm-anchor-id=\"0.0.0.i57.43af4f05x4XI9S\">Testmethode<\/i><\/span><\/b><\/div>\n<\/div>\n<\/td>\n<td colspan=\"2\" rowspan=\"1\">\n<div class=\"magic-43\">\n<div class=\"magic-4\" data-spm-anchor-id=\"0.0.0.i3.43af4f05x4XI9S\"><i class=\"magic-25\" data-spm-anchor-id=\"a2700.pc-decorate.0.i1.216e33335ZFwxS\"><span class=\"magic-25\" style=\"font-family: Verdana;\"><b class=\"magic-41\" data-spm-anchor-id=\"0.0.0.i30.43af4f05x4XI9S\">Gepr\u00fcfter Wert<\/b><\/span><\/i><\/div>\n<\/div>\n<\/td>\n<\/tr>\n<tr>\n<td colspan=\"1\" rowspan=\"1\">\n<div class=\"magic-40\">\n<div class=\"magic-14\" data-spm-anchor-id=\"a2700.pc-decorate.0.i1.216e3333itG8KA\">Temperaturbereich<\/div>\n<\/div>\n<\/td>\n<td colspan=\"1\" rowspan=\"1\">\n<div class=\"magic-42\">\n<div class=\"magic-14\" data-spm-anchor-id=\"0.0.0.i8.43af4f05x4XI9S\">ASTM C411<\/div>\n<\/div>\n<\/td>\n<td colspan=\"2\" rowspan=\"1\">\n<div class=\"magic-43\">Bis 450 \u00b0C<\/div>\n<\/td>\n<\/tr>\n<tr>\n<td colspan=\"1\" rowspan=\"1\">\n<div class=\"magic-40\">\n<div class=\"magic-14\" data-spm-anchor-id=\"a2700.pc-decorate.0.i183.10d533330QoDer\">W\u00e4rmeleitf\u00e4higkeit<\/div>\n<\/div>\n<\/td>\n<td colspan=\"1\" rowspan=\"1\">\n<div class=\"magic-42\">\n<div class=\"magic-14\" data-spm-anchor-id=\"0.0.0.i4.43af4f05x4XI9S\">ASTM C518<\/div>\n<\/div>\n<\/td>\n<td colspan=\"2\" rowspan=\"1\">\n<div class=\"magic-43\">0,032\u20130,042 (W\/m\u00b7K)<\/div>\n<\/td>\n<\/tr>\n<tr>\n<td colspan=\"1\" rowspan=\"1\">\n<div class=\"magic-40\">\n<div class=\"magic-14\" data-spm-anchor-id=\"a2700.pc-decorate.0.i3.216e3333itG8KA\">Korrosionsbest\u00e4ndigkeit<\/div>\n<\/div>\n<\/td>\n<td colspan=\"1\" rowspan=\"1\">\n<div class=\"magic-42\">\n<div class=\"magic-14\">ASTM C665<\/div>\n<\/div>\n<\/td>\n<td colspan=\"2\" rowspan=\"1\">\n<div class=\"magic-43\">Keine chemische Reaktion<\/div>\n<\/td>\n<\/tr>\n<tr>\n<td colspan=\"1\" rowspan=\"1\">\n<div class=\"magic-40\">\n<div class=\"magic-14\" data-spm-anchor-id=\"a2700.pc-decorate.0.i162.10d533330QoDer\">Schimmelresistenz<\/div>\n<\/div>\n<\/td>\n<td colspan=\"1\" rowspan=\"1\">\n<div class=\"magic-42\">\n<div class=\"magic-14\" data-spm-anchor-id=\"a2700.pc-decorate.0.i159.10d533330QoDer\">ASTM C665<\/div>\n<\/div>\n<\/td>\n<td colspan=\"2\" rowspan=\"1\">\n<div class=\"magic-43\">Schimmelfest, hemmt das Pilzwachstum<\/div>\n<\/td>\n<\/tr>\n<tr>\n<td colspan=\"1\" rowspan=\"1\">\n<div class=\"magic-40\">\n<div class=\"magic-14\" data-spm-anchor-id=\"a2700.pc-decorate.0.i4.216e3333itG8KA\">Inhalt von Slag Balls<\/div>\n<\/div>\n<\/td>\n<td colspan=\"1\" rowspan=\"1\">\n<div class=\"magic-42\">\n<div class=\"magic-14\" data-spm-anchor-id=\"a2700.pc-decorate.0.i158.10d533330QoDer\">GB\/T 5480,5<\/div>\n<\/div>\n<\/td>\n<td colspan=\"2\" rowspan=\"1\">\n<div class=\"magic-43\">0.1<\/div>\n<\/td>\n<\/tr>\n<tr>\n<td colspan=\"1\" rowspan=\"1\">\n<div class=\"magic-40\">\n<div class=\"magic-14\" data-spm-anchor-id=\"a2700.pc-decorate.0.i5.216e3333itG8KA\">Durchschnittlicher Faserdurchmesser<\/div>\n<\/div>\n<\/td>\n<td colspan=\"1\" rowspan=\"1\">\n<div class=\"magic-42\">\n<div class=\"magic-14\" data-spm-anchor-id=\"a2700.pc-decorate.0.i157.10d533330QoDer\">GB\/T 17795-2008<\/div>\n<\/div>\n<\/td>\n<td colspan=\"2\" rowspan=\"1\">\n<div class=\"magic-43\">5-8 \u03bcm<\/div>\n<\/td>\n<\/tr>\n<tr>\n<td colspan=\"1\" rowspan=\"1\">\n<div class=\"magic-45\">Feuchtigkeitsaufnahme<\/div>\n<\/td>\n<td colspan=\"1\" rowspan=\"1\">\n<div class=\"magic-46\">ASTM C1104<\/div>\n<\/td>\n<td colspan=\"2\" rowspan=\"1\">\n<div class=\"magic-47\">&lt;1% nach Gewicht (Temperatur: 49 \u00b0C, relative Luftfeuchtigkeit: 95%)<\/div>\n<\/td>\n<\/tr>\n<tr>\n<td colspan=\"1\" rowspan=\"1\">\n<div class=\"magic-40\">\n<div class=\"magic-14\" data-spm-anchor-id=\"a2700.pc-decorate.0.i135.10d533330QoDer\">Feuertest<\/div>\n<\/div>\n<\/td>\n<td colspan=\"1\" rowspan=\"1\">\n<div class=\"magic-42\">\n<div class=\"magic-14\" data-spm-anchor-id=\"a2700.pc-decorate.0.i289.35653333jU8Cc9\">ASTM E84<\/div>\n<div class=\"magic-14\">BS 476 Teil 6 und 7<\/div>\n<\/div>\n<\/td>\n<td colspan=\"2\" rowspan=\"1\">\n<div class=\"magic-47\">\n<p>Flammenausbreitungsindex: &lt;25<\/p>\n<div data-spm-anchor-id=\"0.0.0.i25.43af4f05t1rhNW\">Rauchentwicklungsindex: &lt;50<\/div>\n<\/div>\n<\/td>\n<\/tr>\n<tr>\n<td colspan=\"1\" rowspan=\"1\">\n<div class=\"magic-40\">\n<div class=\"magic-14\" data-spm-anchor-id=\"a2700.pc-decorate.0.i6.216e3333itG8KA\">Brennbarkeitsgrad<\/div>\n<\/div>\n<\/td>\n<td colspan=\"1\" rowspan=\"1\">\n<div class=\"magic-42\">\n<div class=\"magic-14\" data-spm-anchor-id=\"0.0.0.i5.43af4f05x4XI9S\">ASTM E84<\/div>\n<\/div>\n<\/td>\n<td colspan=\"2\" rowspan=\"1\">\n<div class=\"magic-43\">Nicht brennbar, Klasse A<\/div>\n<\/td>\n<\/tr>\n<\/tbody>\n<\/table>\n<\/div>\n<\/div>\n<div class=\"J_module\">\n<div class=\"detail-decorate-json-renderer-container\">\n<div class=\"magic-0\">\n<div class=\"magic-1\">\n<div class=\"magic-2\">\n<div class=\"magic-3\"><span class=\"magic-15\" style=\"color: #000000;\"><b class=\"magic-25\"><span class=\"magic-39\">Besondere Vorteile der Glaswolle-D\u00e4mmplatte:<\/span><span class=\"magic-48\"><br \/>\n<\/span><\/b><\/span><span class=\"magic-13\">\u2022 Sehr wirtschaftlich, verbessert die Energieeffizienz des Geb\u00e4udes<\/span><\/div>\n<div class=\"magic-3\"><span class=\"magic-13\"> \u2022 Reduzieren Sie die \u00dcbertragung von Au\u00dfenschall in das Innere des Geb\u00e4udes <\/span><\/div>\n<div class=\"magic-3\"><span class=\"magic-13\">\u2022 Absorbieren Sie hallende Ger\u00e4usche im Geb\u00e4ude <\/span><\/div>\n<div class=\"magic-3\"><span class=\"magic-13\">\u2022 Bereitstellung thermischer Effizienz <\/span><\/div>\n<div class=\"magic-3\"><span class=\"magic-13\">\u2022 Halten Sie das Geb\u00e4ude im Winter w\u00e4rmer und im Sommer k\u00fchler <\/span><\/div>\n<div class=\"magic-3\"><span class=\"magic-13\">\u2022 Geringes Gewicht und einfache Herstellung vor Ort <\/span><\/div>\n<div class=\"magic-3\"><span class=\"magic-13\">\u2022 Nicht brennbar und feuerhemmend<\/span><\/div>\n<div class=\"magic-3\"><span class=\"magic-13\"> \u2022 Langlebig, lebenslang<\/span><\/p>\n<div data-spm-anchor-id=\"a2700.details.0.i46.3bb42417ooTcnf\"><span class=\"magic-13\">\u2022 Wasserdicht und feuerfest, umweltfreundlich und umweltfreundlich<\/span><\/div>\n<\/div>\n<\/div>\n<\/div>\n<\/div>\n<\/div>\n<\/div>","protected":false},"excerpt":{"rendered":"<p>15 mm hochdichte Glasfaser-W\u00e4rmed\u00e4mmung, Akustikplatte aus Glaswolle, W\u00e4rmed\u00e4mmstoff. \u00dcbersicht \u00fcber Glaswolle-D\u00e4mmplatten: Die Glaswolleplatte von YUXING\u00ae gilt als das wirksamste und umweltfreundlichste D\u00e4mmprodukt, da sie nicht brennbar ist und die Anforderungen an optimale W\u00e4rme- und Schalld\u00e4mmleistung gem\u00e4\u00df [\u2026] erf\u00fcllt.<\/p>","protected":false},"featured_media":1400,"template":"","meta":{"site-sidebar-layout":"default","site-content-layout":"default","ast-site-content-layout":"","site-content-style":"default","site-sidebar-style":"default","ast-global-header-display":"","ast-banner-title-visibility":"","ast-main-header-display":"","ast-hfb-above-header-display":"","ast-hfb-below-header-display":"","ast-hfb-mobile-header-display":"","site-post-title":"","ast-breadcrumbs-content":"","ast-featured-img":"","footer-sml-layout":"","theme-transparent-header-meta":"default","adv-header-id-meta":"","stick-header-meta":"","header-above-stick-meta":"","header-main-stick-meta":"","header-below-stick-meta":"","astra-migrate-meta-layouts":"default","ast-page-background-enabled":"default","ast-page-background-meta":{"desktop":{"background-color":"","background-image":"","background-repeat":"repeat","background-position":"center center","background-size":"auto","background-attachment":"scroll","background-type":"","background-media":"","overlay-type":"","overlay-color":"","overlay-opacity":"","overlay-gradient":""},"tablet":{"background-color":"","background-image":"","background-repeat":"repeat","background-position":"center center","background-size":"auto","background-attachment":"scroll","background-type":"","background-media":"","overlay-type":"","overlay-color":"","overlay-opacity":"","overlay-gradient":""},"mobile":{"background-color":"","background-image":"","background-repeat":"repeat","background-position":"center center","background-size":"auto","background-attachment":"scroll","background-type":"","background-media":"","overlay-type":"","overlay-color":"","overlay-opacity":"","overlay-gradient":""}},"ast-content-background-meta":{"desktop":{"background-color":"var(--ast-global-color-5)","background-image":"","background-repeat":"repeat","background-position":"center center","background-size":"auto","background-attachment":"scroll","background-type":"","background-media":"","overlay-type":"","overlay-color":"","overlay-opacity":"","overlay-gradient":""},"tablet":{"background-color":"var(--ast-global-color-5)","background-image":"","background-repeat":"repeat","background-position":"center center","background-size":"auto","background-attachment":"scroll","background-type":"","background-media":"","overlay-type":"","overlay-color":"","overlay-opacity":"","overlay-gradient":""},"mobile":{"background-color":"var(--ast-global-color-5)","background-image":"","background-repeat":"repeat","background-position":"center center","background-size":"auto","background-attachment":"scroll","background-type":"","background-media":"","overlay-type":"","overlay-color":"","overlay-opacity":"","overlay-gradient":""}}},"product_brand":[],"product_cat":[15],"product_tag":[],"class_list":{"0":"post-1399","1":"product","2":"type-product","3":"status-publish","4":"has-post-thumbnail","6":"product_cat-glass-wool","7":"desktop-align-center","8":"tablet-align-left","9":"mobile-align-left","11":"first","12":"instock","13":"shipping-taxable","14":"product-type-simple"},"_links":{"self":[{"href":"https:\/\/yxwool.com\/de\/wp-json\/wp\/v2\/product\/1399","targetHints":{"allow":["GET"]}}],"collection":[{"href":"https:\/\/yxwool.com\/de\/wp-json\/wp\/v2\/product"}],"about":[{"href":"https:\/\/yxwool.com\/de\/wp-json\/wp\/v2\/types\/product"}],"wp:featuredmedia":[{"embeddable":true,"href":"https:\/\/yxwool.com\/de\/wp-json\/wp\/v2\/media\/1400"}],"wp:attachment":[{"href":"https:\/\/yxwool.com\/de\/wp-json\/wp\/v2\/media?parent=1399"}],"wp:term":[{"taxonomy":"product_brand","embeddable":true,"href":"https:\/\/yxwool.com\/de\/wp-json\/wp\/v2\/product_brand?post=1399"},{"taxonomy":"product_cat","embeddable":true,"href":"https:\/\/yxwool.com\/de\/wp-json\/wp\/v2\/product_cat?post=1399"},{"taxonomy":"product_tag","embeddable":true,"href":"https:\/\/yxwool.com\/de\/wp-json\/wp\/v2\/product_tag?post=1399"}],"curies":[{"name":"wp","href":"https:\/\/api.w.org\/{rel}","templated":true}]}}