{"id":1421,"date":"2023-07-06T04:59:05","date_gmt":"2023-07-06T04:59:05","guid":{"rendered":"http:\/\/yxwool.com\/?post_type=product&#038;p=1421"},"modified":"2023-07-08T06:46:09","modified_gmt":"2023-07-08T06:46:09","slug":"prefab-building-board-glasswool-insulation-r2-5-australia-standard-aluminum-foil-glasswool-batts-pipe-insulation-materials","status":"publish","type":"product","link":"https:\/\/yxwool.com\/de\/produkt\/prefab-building-board-glasswool-insulation-r2-5-australia-standard-aluminum-foil-glasswool-batts-pipe-insulation-materials\/","title":{"rendered":"Vorgefertigte Bauplatte, Glaswolle-Isolierung R2,5 Australien Standard-Aluminiumfolie, Glaswolle-Matten, Rohr-Isoliermaterialien"},"content":{"rendered":"<p>\u00dcbersicht \u00fcber Isolierrohre aus Glaswolle<\/p>\n<p><strong><b>YUXING<\/b><\/strong><strong><sup><b>\u00ae<\/b><\/sup><\/strong>Glaswollerohre gelten als das effektivste und umweltfreundlichste Isolierprodukt f\u00fcr Rohre<br \/>\nEs funktioniert, da es nicht brennbar ist und die Anforderungen an eine optimale W\u00e4rme- und Schalld\u00e4mmleistung erf\u00fcllt<br \/>\nmit den h\u00f6chsten internationalen Standards (EN, FM, ASTM).<\/p>\n<p><strong><b>YUXING<\/b><\/strong><strong><sup><b>\u00ae<\/b><\/sup><\/strong> Zentrifugalglaswolle-Produkt ist eine Art d\u00fcnnfaseriges Isoliermaterial mit geringer W\u00e4rmeleitf\u00e4higkeit, das besondere<br \/>\nDie Struktur bestimmt, dass es die Luft sehr gut einschlie\u00dfen kann, so dass sie nicht flie\u00dfen kann, und der Luftkonvektionsw\u00e4rme ein Ende setzt<br \/>\n\u00dcbertragung, kann aber auch die Schall\u00fcbertragung schnell reduzieren, um so eine w\u00e4rme- und schallabsorbierende Wirkung zu erzielen.<\/p>\n<p><strong><b>YUXING<\/b><\/strong><strong><sup><b>\u00ae<\/b><\/sup><\/strong> Glaswolle umfasst 7 Serien von Glaswolledecken, Glaswolleplatten, Glaswollerohren, Glaswollematten und folienkaschiertem Glas<br \/>\nWolle, bunte Glaswolle, Hochtemperatur-Glaswolle.<\/p>\n<div class=\"J_module\">\n<div id=\"ali-anchor-AliMagic-ztakgj\" class=\"magic-13\" data-section=\"AliMagic-ztakgj\" data-section-title=\"Specification of Glass Wool Pipe Insulation\" data-spm-anchor-id=\"a2700.details.0.i47.1c712bb0V17Jx6\">Spezifikation der Rohrisolierung aus Glaswolle<\/div>\n<\/div>\n<div class=\"J_module\">\n<div class=\"ife-detail-decorate-table\">\n<table class=\"has-title hight-light-first-column all magic-14\" style=\"height: 345px;\" width=\"1200\">\n<tbody>\n<tr>\n<td colspan=\"1\" rowspan=\"1\">\n<div class=\"magic-15\">\n<div class=\"magic-4\">ARTIKEL<\/div>\n<\/div>\n<\/td>\n<td colspan=\"2\" rowspan=\"1\">\n<div class=\"magic-16\">\n<div class=\"magic-4\">SPEZ<\/div>\n<\/div>\n<\/td>\n<\/tr>\n<tr>\n<td colspan=\"1\" rowspan=\"1\">\n<div class=\"magic-15\">\n<div class=\"magic-4\">Dichte<\/div>\n<\/div>\n<\/td>\n<td colspan=\"2\" rowspan=\"1\">\n<div class=\"magic-16\">\n<div class=\"magic-4\" data-spm-anchor-id=\"a2700.pc-decorate.0.i2.3e273333rbKbWT\">40-80 kg\/m\u00b3<\/div>\n<\/div>\n<\/td>\n<\/tr>\n<tr>\n<td colspan=\"1\" rowspan=\"1\">\n<div class=\"magic-15\">\n<div class=\"magic-4\">L\u00e4nge<\/div>\n<\/div>\n<\/td>\n<td colspan=\"1\" rowspan=\"3\">\n<div class=\"magic-19\">\n<div class=\"magic-4\"><b>VERF\u00dcGBARE GR\u00d6SSE<\/b><\/div>\n<\/div>\n<\/td>\n<td colspan=\"1\" rowspan=\"1\">\n<div class=\"magic-20\">\n<div class=\"magic-4\" data-spm-anchor-id=\"a2700.details.0.i46.1c712bb0V17Jx6\">1m<\/div>\n<\/div>\n<\/td>\n<\/tr>\n<tr>\n<td colspan=\"1\" rowspan=\"1\">\n<div class=\"magic-15\">\n<div class=\"magic-4\">Innendurchmesser<\/div>\n<\/div>\n<\/td>\n<td colspan=\"1\" rowspan=\"1\">\n<div class=\"magic-20\">\n<div class=\"magic-4\">22-720 mm<\/div>\n<\/div>\n<\/td>\n<\/tr>\n<tr>\n<td colspan=\"1\" rowspan=\"1\">\n<div class=\"magic-22\">\n<div class=\"magic-4\">Dicke<\/div>\n<\/div>\n<\/td>\n<td colspan=\"1\" rowspan=\"1\">\n<div class=\"magic-20\">\n<div class=\"magic-4\">25\u2013100 mm<\/div>\n<\/div>\n<\/td>\n<\/tr>\n<tr>\n<td colspan=\"1\" rowspan=\"1\">\n<div class=\"magic-22\">\n<div class=\"magic-4\">Gegen\u00fcber<\/div>\n<\/div>\n<\/td>\n<td colspan=\"2\" rowspan=\"1\">\n<div class=\"magic-16\">\n<div class=\"magic-4\">Aluminiumfolie, FSK, PVC, Glasfasergewebe usw.<\/div>\n<\/div>\n<\/td>\n<\/tr>\n<tr>\n<td colspan=\"1\" rowspan=\"1\">\n<div class=\"magic-22\">\n<div class=\"magic-4\">Anwendung<\/div>\n<\/div>\n<\/td>\n<td colspan=\"2\" rowspan=\"1\">\n<div class=\"magic-16\">\n<div class=\"magic-4\">Alle Arten von Rohren (einschlie\u00dflich: K\u00fchlung, Warmwasser, Dampf) Isoliersystem<\/div>\n<\/div>\n<\/td>\n<\/tr>\n<tr>\n<td colspan=\"1\" rowspan=\"1\">\n<div class=\"magic-22\">\n<div class=\"magic-4\">Anmerkung<\/div>\n<\/div>\n<\/td>\n<td colspan=\"2\" rowspan=\"1\">\n<div class=\"magic-16\">\n<div class=\"magic-4\">Ma\u00dfgeschneiderte Produkte sind auf Anfrage erh\u00e4ltlich<\/div>\n<\/div>\n<\/td>\n<\/tr>\n<\/tbody>\n<\/table>\n<\/div>\n<\/div>\n<p><img fetchpriority=\"high\" decoding=\"async\" class=\"alignleft  wp-image-1630\" src=\"http:\/\/yxwool.com\/wp-content\/uploads\/2023\/07\/\u7ba1-\u8be6\u60c5\u9875.jpg\" alt=\"\" width=\"1200\" height=\"2051\" srcset=\"https:\/\/yxwool.com\/wp-content\/uploads\/2023\/07\/\u7ba1-\u8be6\u60c5\u9875.jpg 750w, https:\/\/yxwool.com\/wp-content\/uploads\/2023\/07\/\u7ba1-\u8be6\u60c5\u9875-176x300.jpg 176w, https:\/\/yxwool.com\/wp-content\/uploads\/2023\/07\/\u7ba1-\u8be6\u60c5\u9875-599x1024.jpg 599w, https:\/\/yxwool.com\/wp-content\/uploads\/2023\/07\/\u7ba1-\u8be6\u60c5\u9875-600x1026.jpg 600w\" sizes=\"(max-width: 1200px) 100vw, 1200px\" \/><\/p>\n<div class=\"J_module\">\n<div class=\"detail-decorate-json-renderer-container\">\n<div class=\"magic-0\">\n<h3 data-spm-anchor-id=\"a2700.details.0.i51.1c712bb0V17Jx6\"><\/h3>\n<h3 class=\"magic-32\" data-spm-anchor-id=\"a2700.details.0.i51.1c712bb0V17Jx6\"><span class=\"magic-33\" style=\"color: #000000;\" data-spm-anchor-id=\"a2700.details.0.i50.1c712bb0V17Jx6\">Technische Leistung von Glaswolle-Isolierrohren<\/span><\/h3>\n<\/div>\n<\/div>\n<\/div>\n<div class=\"J_module\">\n<div class=\"ife-detail-decorate-table\">\n<table class=\"has-title hight-light-first-column all magic-14\" style=\"height: 580px;\" width=\"1200\">\n<tbody>\n<tr>\n<td colspan=\"1\" rowspan=\"1\">\n<div class=\"magic-34\">\n<div class=\"magic-4\">Getesteter Inhalt<\/div>\n<\/div>\n<\/td>\n<td colspan=\"1\" rowspan=\"1\">\n<div class=\"magic-35\">\n<div class=\"magic-4\">Testmethode<\/div>\n<\/div>\n<\/td>\n<td colspan=\"1\" rowspan=\"1\">\n<div class=\"magic-35\">\n<div class=\"magic-4\">Gepr\u00fcfter Wert<\/div>\n<\/div>\n<\/td>\n<\/tr>\n<tr>\n<td colspan=\"1\" rowspan=\"1\">\n<div class=\"magic-34\">\n<div class=\"magic-4\">Temperaturbereich<\/div>\n<\/div>\n<\/td>\n<td colspan=\"1\" rowspan=\"1\">\n<div class=\"magic-35\">\n<div class=\"magic-4\">ASTM C411<\/div>\n<\/div>\n<\/td>\n<td colspan=\"1\" rowspan=\"1\">\n<div class=\"magic-35\">\n<div class=\"magic-4\">Bis 450 \u00b0C<\/div>\n<\/div>\n<\/td>\n<\/tr>\n<tr>\n<td colspan=\"1\" rowspan=\"1\">\n<div class=\"magic-34\">\n<div class=\"magic-4\">W\u00e4rmeleitf\u00e4higkeit<\/div>\n<\/div>\n<\/td>\n<td colspan=\"1\" rowspan=\"1\">\n<div class=\"magic-35\">\n<div class=\"magic-4\">ASTM C518<\/div>\n<\/div>\n<\/td>\n<td colspan=\"1\" rowspan=\"1\">\n<div class=\"magic-35\">\n<div class=\"magic-4\">0,030\u20130,042 (W\/m\u00b7K)<\/div>\n<\/div>\n<\/td>\n<\/tr>\n<tr>\n<td colspan=\"1\" rowspan=\"1\">\n<div class=\"magic-34\">\n<div class=\"magic-4\">Korrosionsbest\u00e4ndigkeit<\/div>\n<\/div>\n<\/td>\n<td colspan=\"1\" rowspan=\"1\">\n<div class=\"magic-35\">\n<div class=\"magic-4\">ASTM C665<\/div>\n<\/div>\n<\/td>\n<td colspan=\"1\" rowspan=\"1\">\n<div class=\"magic-35\">\n<div class=\"magic-4\">Keine chemische Reaktion<\/div>\n<\/div>\n<\/td>\n<\/tr>\n<tr>\n<td colspan=\"1\" rowspan=\"1\">\n<div class=\"magic-36\">\n<div class=\"magic-4\">Schimmelresistenz<\/div>\n<\/div>\n<\/td>\n<td colspan=\"1\" rowspan=\"1\">\n<div class=\"magic-37\">\n<div class=\"magic-4\">ASTM C665<\/div>\n<\/div>\n<\/td>\n<td colspan=\"1\" rowspan=\"1\">\n<div class=\"magic-38\">\n<div class=\"magic-4\">Schimmelfest, hemmt das Pilzwachstum<\/div>\n<\/div>\n<\/td>\n<\/tr>\n<tr>\n<td colspan=\"1\" rowspan=\"1\">\n<div class=\"magic-36\">\n<div class=\"magic-4\">Inhalt von Slag Balls<\/div>\n<\/div>\n<\/td>\n<td colspan=\"1\" rowspan=\"1\">\n<div class=\"magic-37\">\n<div class=\"magic-4\">GB\/T 5480,5<\/div>\n<\/div>\n<\/td>\n<td colspan=\"1\" rowspan=\"1\">\n<div class=\"magic-38\">\n<div class=\"magic-4\">0.1<\/div>\n<\/div>\n<\/td>\n<\/tr>\n<tr>\n<td colspan=\"1\" rowspan=\"1\">\n<div class=\"magic-36\">\n<div class=\"magic-4\">Durchschnittlicher Faserdurchmesser<\/div>\n<\/div>\n<\/td>\n<td colspan=\"1\" rowspan=\"1\">\n<div class=\"magic-37\">\n<div class=\"magic-4\">GB\/T 17795-2008<\/div>\n<\/div>\n<\/td>\n<td colspan=\"1\" rowspan=\"1\">\n<div class=\"magic-38\">\n<div class=\"magic-4\">5-8 \u03bcm<\/div>\n<\/div>\n<\/td>\n<\/tr>\n<tr>\n<td colspan=\"1\" rowspan=\"1\">\n<div class=\"magic-36\">\n<div class=\"magic-4\">Feuchtigkeitsaufnahme<\/div>\n<\/div>\n<\/td>\n<td colspan=\"1\" rowspan=\"1\">\n<div class=\"magic-37\">\n<div class=\"magic-4\">ASTM C1104<\/div>\n<\/div>\n<\/td>\n<td colspan=\"1\" rowspan=\"1\">\n<div class=\"magic-38\">\n<div class=\"magic-4\">&lt;1% nach Gewicht (Temperatur: 49 \u00b0C, relative Luftfeuchtigkeit: 95%)<\/div>\n<\/div>\n<\/td>\n<\/tr>\n<tr>\n<td colspan=\"1\" rowspan=\"1\">\n<div class=\"magic-36\">\n<div class=\"magic-4\">Feuchtigkeitsaufnahme<\/div>\n<\/div>\n<\/td>\n<td colspan=\"1\" rowspan=\"1\">\n<div class=\"magic-37\">\n<div class=\"magic-4\">ASTM C1104<\/div>\n<\/div>\n<\/td>\n<td colspan=\"1\" rowspan=\"1\">\n<div class=\"magic-38\">\n<div class=\"magic-4\">&lt;1% nach Volumen<\/div>\n<\/div>\n<\/td>\n<\/tr>\n<tr>\n<td colspan=\"1\" rowspan=\"1\">\n<div class=\"magic-36\">\n<div class=\"magic-4\">Hydrophober Koeffizient<\/div>\n<\/div>\n<\/td>\n<td colspan=\"1\" rowspan=\"1\">\n<div class=\"magic-37\">\n<div class=\"magic-4\">GB\/T 10299<\/div>\n<\/div>\n<\/td>\n<td colspan=\"1\" rowspan=\"1\">\n<div class=\"magic-38\">\n<div class=\"magic-4\">&gt;99%<\/div>\n<\/div>\n<\/td>\n<\/tr>\n<tr>\n<td colspan=\"1\" rowspan=\"1\">\n<div class=\"magic-36\">\n<div class=\"magic-4\">Feuertest<\/div>\n<\/div>\n<\/td>\n<td colspan=\"1\" rowspan=\"1\">\n<div class=\"magic-37\">\n<div class=\"magic-4\">ASTM E84<\/div>\n<div class=\"magic-4\">BS 476 Teil 6 und 7<\/div>\n<\/div>\n<\/td>\n<td colspan=\"1\" rowspan=\"1\">\n<div class=\"magic-38\">\n<div class=\"magic-4\">Flammenausbreitungsindex: &lt;25<\/div>\n<div class=\"magic-4\">Rauchentwicklungsindex: &lt;50<\/div>\n<\/div>\n<\/td>\n<\/tr>\n<tr>\n<td colspan=\"1\" rowspan=\"1\">\n<div class=\"magic-36\">\n<div class=\"magic-4\">Brennbarkeitsgrad<\/div>\n<\/div>\n<\/td>\n<td colspan=\"1\" rowspan=\"1\">\n<div class=\"magic-37\">\n<div class=\"magic-4\">ASTM E84<\/div>\n<\/div>\n<\/td>\n<td colspan=\"1\" rowspan=\"1\">\n<div class=\"magic-38\">\n<div class=\"magic-4\">Nicht brennbar, Klasse A<\/div>\n<\/div>\n<\/td>\n<\/tr>\n<\/tbody>\n<\/table>\n<\/div>\n<\/div>\n<div class=\"J_module\">\n<div class=\"detail-decorate-json-renderer-container\">\n<div class=\"magic-0\">\n<div class=\"magic-1\">\n<div class=\"magic-2\">\n<div class=\"magic-3\"><b><span class=\"magic-39\" style=\"color: #000000;\"><span class=\"magic-40\">Besondere Vorteile von Glaswolle-Isolierrohren:<\/span><\/span><\/b><br \/>\n<span class=\"magic-41\">\u2022 Sehr wirtschaftlich, verbessert die Energieeffizienz <\/span><\/p>\n<div><span class=\"magic-41\">\u2022 Schallabsorption und L\u00e4rmreduzierung <\/span><\/div>\n<div><span class=\"magic-41\">\u2022 Bietet thermische Effizienz und niedrige W\u00e4rmeleitf\u00e4higkeit<\/span><\/div>\n<div><span class=\"magic-41\">\u2022 Geringes Gewicht und einfache Installation vor Ort<\/span><\/div>\n<div><span class=\"magic-41\">\u2022 Nicht brennbar und feuerhemmend <\/span><\/div>\n<div><span class=\"magic-41\">\u2022 Langlebig, lebenslang<br \/>\n\u2022 Wasserdicht, umweltfreundlich und umweltfreundlich<\/span><\/div>\n<\/div>\n<div>\n<div class=\"J_module\">\n<div class=\"detail-decorate-json-renderer-container\">\n<div class=\"magic-0\">\n<h3><\/h3>\n<h3 class=\"magic-32\"><span class=\"magic-40\"><span class=\"magic-42\" style=\"color: #000000;\" data-spm-anchor-id=\"a2700.details.0.i52.1c712bb0V17Jx6\">Anwendungen f\u00fcr Glaswolle-Isolierrohre:<\/span><\/span><\/h3>\n<div class=\"magic-1\">\n<div class=\"magic-2\">\n<div class=\"magic-3\">\n<p><strong><b>YUXING<\/b><\/strong><strong><sup><b>\u00ae<\/b><\/sup><\/strong><span style=\"font-size: 16px;\">Glaswolle-Isolierrohre werden haupts\u00e4chlich f\u00fcr alle Arten von Rohrisolationssystemen (einschlie\u00dflich K\u00e4lte-, Warmwasser- und Dampfrohren) verwendet, die bei einer Umgebungstemperatur von 4 \u00b0C bis 454 \u00b0C betrieben werden.<\/span><\/p>\n<p><span style=\"font-size: 16px;\">Aufgrund des Materials ist die Rohrh\u00fclse wasserdicht und feuerfest, korrosionsbest\u00e4ndig, schimmelt nicht und lebt nicht<\/span><span style=\"font-size: 16px;\">Insekten, die Kondensation wirksam verhindern und das Einfrieren von Rohren verhindern k\u00f6nnen, werden h\u00e4ufig im industriellen Rohrleitungsbau und im Zivilbau eingesetzt<\/span><span style=\"font-size: 16px;\">Bauwesen, Heizungsrohre, Isolierung von Klimaanlagen und K\u00fchlger\u00e4ten. Der Energiespareffekt kann 15-30% erh\u00f6hen.<\/span><\/p>\n<\/div>\n<\/div>\n<\/div>\n<\/div>\n<\/div>\n<\/div>\n<div class=\"J_module\">\n<div class=\"icbu-pc-images magic-25\">\n<div>\n<div class=\"flex-layout-v\">\n<div class=\"flex-layout-h magic-25\">\n<div class=\"magic-43\"><img decoding=\"async\" class=\"magic-44\" src=\"https:\/\/sc04.alicdn.com\/kf\/H68fa13f7bf454f9c95d9152e8008f4cdA\/240115170\/H68fa13f7bf454f9c95d9152e8008f4cdA.jpg\" width=\"1200\" height=\"1614\" data-src=\"\/\/sc04.alicdn.com\/kf\/H68fa13f7bf454f9c95d9152e8008f4cdA\/240115170\/H68fa13f7bf454f9c95d9152e8008f4cdA.jpg\" \/><\/div>\n<\/div>\n<\/div>\n<\/div>\n<\/div>\n<\/div>\n<div class=\"J_module\">\n<div class=\"icbu-pc-images magic-25\">\n<div>\n<div class=\"flex-layout-v\">\n<div class=\"flex-layout-h magic-25\">\n<div class=\"magic-45\"><img decoding=\"async\" class=\"magic-46\" src=\"https:\/\/sc04.alicdn.com\/kf\/H42ed4025ce914ccc99bef05f4cdd76ffv\/240115170\/H42ed4025ce914ccc99bef05f4cdd76ffv.jpg\" width=\"1200\" height=\"587\" data-src=\"\/\/sc04.alicdn.com\/kf\/H42ed4025ce914ccc99bef05f4cdd76ffv\/240115170\/H42ed4025ce914ccc99bef05f4cdd76ffv.jpg\" \/><\/div>\n<\/div>\n<\/div>\n<\/div>\n<\/div>\n<\/div>\n<div class=\"J_module\">\n<div class=\"icbu-pc-images magic-25\">\n<div>\n<div class=\"flex-layout-v\">\n<div class=\"flex-layout-h magic-25\">\n<div class=\"magic-47\"><img loading=\"lazy\" decoding=\"async\" class=\"magic-48\" src=\"https:\/\/sc04.alicdn.com\/kf\/Hbb95d21cc693415982b6dcec81cfd494G\/240115170\/Hbb95d21cc693415982b6dcec81cfd494G.jpg\" width=\"1200\" height=\"1365\" data-src=\"\/\/sc04.alicdn.com\/kf\/Hbb95d21cc693415982b6dcec81cfd494G\/240115170\/Hbb95d21cc693415982b6dcec81cfd494G.jpg\" \/><\/div>\n<\/div>\n<\/div>\n<\/div>\n<\/div>\n<\/div>\n<\/div>\n<\/div>\n<\/div>\n<\/div>\n<\/div>\n<\/div>","protected":false},"excerpt":{"rendered":"<p>Glass Wool Insulation Pipe Overview YUXING\u00aeGlass Wool Pipe is considered to be the most effective, and environmentally friendly insulation product to use for pipe work as it is non-combustable, and meets the requirements for optimal thermal and acoustic insulation performance in accordance with the highest international standards (EN, FM, ASTM). YUXING\u00ae centrifugal glass wool product [&hellip;]<\/p>","protected":false},"featured_media":1422,"template":"","meta":{"site-sidebar-layout":"default","site-content-layout":"default","ast-site-content-layout":"","site-content-style":"default","site-sidebar-style":"default","ast-global-header-display":"","ast-banner-title-visibility":"","ast-main-header-display":"","ast-hfb-above-header-display":"","ast-hfb-below-header-display":"","ast-hfb-mobile-header-display":"","site-post-title":"","ast-breadcrumbs-content":"","ast-featured-img":"","footer-sml-layout":"","theme-transparent-header-meta":"default","adv-header-id-meta":"","stick-header-meta":"","header-above-stick-meta":"","header-main-stick-meta":"","header-below-stick-meta":"","astra-migrate-meta-layouts":"default","ast-page-background-enabled":"default","ast-page-background-meta":{"desktop":{"background-color":"","background-image":"","background-repeat":"repeat","background-position":"center center","background-size":"auto","background-attachment":"scroll","background-type":"","background-media":"","overlay-type":"","overlay-color":"","overlay-opacity":"","overlay-gradient":""},"tablet":{"background-color":"","background-image":"","background-repeat":"repeat","background-position":"center center","background-size":"auto","background-attachment":"scroll","background-type":"","background-media":"","overlay-type":"","overlay-color":"","overlay-opacity":"","overlay-gradient":""},"mobile":{"background-color":"","background-image":"","background-repeat":"repeat","background-position":"center center","background-size":"auto","background-attachment":"scroll","background-type":"","background-media":"","overlay-type":"","overlay-color":"","overlay-opacity":"","overlay-gradient":""}},"ast-content-background-meta":{"desktop":{"background-color":"var(--ast-global-color-5)","background-image":"","background-repeat":"repeat","background-position":"center center","background-size":"auto","background-attachment":"scroll","background-type":"","background-media":"","overlay-type":"","overlay-color":"","overlay-opacity":"","overlay-gradient":""},"tablet":{"background-color":"var(--ast-global-color-5)","background-image":"","background-repeat":"repeat","background-position":"center center","background-size":"auto","background-attachment":"scroll","background-type":"","background-media":"","overlay-type":"","overlay-color":"","overlay-opacity":"","overlay-gradient":""},"mobile":{"background-color":"var(--ast-global-color-5)","background-image":"","background-repeat":"repeat","background-position":"center center","background-size":"auto","background-attachment":"scroll","background-type":"","background-media":"","overlay-type":"","overlay-color":"","overlay-opacity":"","overlay-gradient":""}}},"product_brand":[],"product_cat":[15],"product_tag":[],"class_list":{"0":"post-1421","1":"product","2":"type-product","3":"status-publish","4":"has-post-thumbnail","6":"product_cat-glass-wool","7":"desktop-align-center","8":"tablet-align-left","9":"mobile-align-left","11":"first","12":"instock","13":"shipping-taxable","14":"product-type-simple"},"_links":{"self":[{"href":"https:\/\/yxwool.com\/de\/wp-json\/wp\/v2\/product\/1421","targetHints":{"allow":["GET"]}}],"collection":[{"href":"https:\/\/yxwool.com\/de\/wp-json\/wp\/v2\/product"}],"about":[{"href":"https:\/\/yxwool.com\/de\/wp-json\/wp\/v2\/types\/product"}],"wp:featuredmedia":[{"embeddable":true,"href":"https:\/\/yxwool.com\/de\/wp-json\/wp\/v2\/media\/1422"}],"wp:attachment":[{"href":"https:\/\/yxwool.com\/de\/wp-json\/wp\/v2\/media?parent=1421"}],"wp:term":[{"taxonomy":"product_brand","embeddable":true,"href":"https:\/\/yxwool.com\/de\/wp-json\/wp\/v2\/product_brand?post=1421"},{"taxonomy":"product_cat","embeddable":true,"href":"https:\/\/yxwool.com\/de\/wp-json\/wp\/v2\/product_cat?post=1421"},{"taxonomy":"product_tag","embeddable":true,"href":"https:\/\/yxwool.com\/de\/wp-json\/wp\/v2\/product_tag?post=1421"}],"curies":[{"name":"wp","href":"https:\/\/api.w.org\/{rel}","templated":true}]}}