{"id":1433,"date":"2023-07-06T06:33:11","date_gmt":"2023-07-06T06:33:11","guid":{"rendered":"http:\/\/yxwool.com\/?post_type=product&#038;p=1433"},"modified":"2023-07-08T07:37:31","modified_gmt":"2023-07-08T07:37:31","slug":"ce-certificate-soundproof-fireproof-wall-insulation-rock-wool-sandwich-panel-with-europe","status":"publish","type":"product","link":"https:\/\/yxwool.com\/de\/produkt\/ce-certificate-soundproof-fireproof-wall-insulation-rock-wool-sandwich-panel-with-europe\/","title":{"rendered":"CE-Zertifikat, schalldichte, feuerfeste Wandd\u00e4mmung, Steinwolle-Sandwichplatte mit Europa"},"content":{"rendered":"<div class=\"J_module\">\n<div class=\"detail-decorate-json-renderer-container\">\n<div class=\"magic-0\">\n<div class=\"magic-1\">\n<div class=\"magic-2\">\n<div class=\"magic-3\">\n<p class=\"magic-4\"><i><b><span class=\"magic-5\">CE-Zertifikat, schalldichte, feuerfeste Wandd\u00e4mmung, Steinwolle-Sandwichplatte mit Europa<\/span><\/b><\/i><\/p>\n<\/div>\n<\/div>\n<\/div>\n<\/div>\n<\/div>\n<\/div>\n<div class=\"J_module\">\n<div class=\"icbu-pc-images magic-6\">\n<div class=\"flex-layout-v\">\n<div class=\"flex-layout-h magic-6\">\n<div class=\"magic-7\"><img fetchpriority=\"high\" decoding=\"async\" class=\"alignleft wp-image-1434\" src=\"http:\/\/yxwool.com\/wp-content\/uploads\/2023\/07\/6.jpg\" alt=\"\" width=\"1200\" height=\"1578\" srcset=\"https:\/\/yxwool.com\/wp-content\/uploads\/2023\/07\/6.jpg 750w, https:\/\/yxwool.com\/wp-content\/uploads\/2023\/07\/6-228x300.jpg 228w, https:\/\/yxwool.com\/wp-content\/uploads\/2023\/07\/6-600x789.jpg 600w\" sizes=\"(max-width: 1200px) 100vw, 1200px\" \/><\/div>\n<\/div>\n<\/div>\n<\/div>\n<\/div>\n<div class=\"J_module\">\n<div id=\"ali-anchor-AliMagic-rhz5od\" class=\"magic-9\" data-section=\"AliMagic-rhz5od\" data-section-title=\"Product Description\"><\/div>\n<\/div>\n<div class=\"J_module\">\n<div class=\"detail-decorate-json-renderer-container\">\n<div class=\"magic-0\">\n<h3 data-id=\"title0\"><\/h3>\n<h3 data-id=\"title0\"><\/h3>\n<h3 class=\"magic-10\" data-id=\"title0\"><span class=\"magic-11\">D\u00e4mmplatte aus Steinwolle<\/span><\/h3>\n<div class=\"magic-1\">\n<div class=\"magic-2\">\n<div class=\"magic-3\" data-id=\"paragraph0\">\n<div class=\"magic-14\">Steinwolleplatten bestehen aus Basalt, einem anorganischen Rohstoff. Es wird hergestellt, indem Basalt auf 1350 \u00b0C bis 1400 \u00b0C erhitzt und in Fasern umgewandelt wird, die mithilfe eines duroplastischen Harzes miteinander verbunden werden. Es ist leicht und einfach zu installieren und wird haupts\u00e4chlich zur W\u00e4rme- und Schalld\u00e4mmung verwendet, wenn eine hohe Druckfestigkeit erforderlich ist, wie z. B. \u00dcberdecks, B\u00f6den, Sandwichpaneele und Trockenwandtrennw\u00e4nde.<\/div>\n<div><\/div>\n<\/div>\n<\/div>\n<\/div>\n<\/div>\n<\/div>\n<\/div>\n<div class=\"J_module\">\n<div class=\"detail-decorate-json-renderer-container\">\n<div class=\"magic-0\">\n<div class=\"magic-1\">\n<div class=\"magic-2\">\n<div class=\"magic-3\"><span class=\"magic-15\"><b class=\"magic-16\">Spezifikation von Steinwolle-D\u00e4mmplatten<\/b><\/span><\/div>\n<\/div>\n<\/div>\n<\/div>\n<\/div>\n<\/div>\n<div class=\"J_module\">\n<div class=\"ife-detail-decorate-table\">\n<table class=\"all magic-17\" style=\"height: 199px;\" width=\"1200\">\n<tbody>\n<tr>\n<td colspan=\"1\" rowspan=\"1\">\n<div class=\"magic-18\">\u00a0STEINWOLLE<\/div>\n<\/td>\n<td colspan=\"1\" rowspan=\"1\">\n<div class=\"magic-19\">Artikel<\/div>\n<\/td>\n<td colspan=\"1\" rowspan=\"1\">\n<div class=\"magic-20\">Einheit<\/div>\n<\/td>\n<td colspan=\"1\" rowspan=\"1\">\n<div class=\"magic-21\">Index<\/div>\n<\/td>\n<\/tr>\n<tr>\n<td colspan=\"1\" rowspan=\"1\">\n<div class=\"magic-18\">\u00a0STEINWOLLE<\/div>\n<\/td>\n<td colspan=\"1\" rowspan=\"1\">\n<div class=\"magic-19\">Dichte<\/div>\n<\/td>\n<td colspan=\"1\" rowspan=\"1\">\n<div class=\"magic-20\">kg\/m3<\/div>\n<\/td>\n<td colspan=\"1\" rowspan=\"1\">\n<div class=\"magic-21\">40-100<\/div>\n<\/td>\n<\/tr>\n<tr>\n<td colspan=\"1\" rowspan=\"1\">\n<div class=\"magic-18\">\u00a0STEINWOLLE<\/div>\n<\/td>\n<td colspan=\"1\" rowspan=\"1\">\n<div class=\"magic-19\">L\u00e4nge<\/div>\n<\/td>\n<td colspan=\"1\" rowspan=\"1\">\n<div class=\"magic-20\">M<\/div>\n<\/td>\n<td colspan=\"1\" rowspan=\"1\">\n<div class=\"magic-21\">600-2400<\/div>\n<\/td>\n<\/tr>\n<tr>\n<td colspan=\"1\" rowspan=\"1\">\n<div class=\"magic-18\">STEINWOLLE<\/div>\n<\/td>\n<td colspan=\"1\" rowspan=\"1\">\n<div class=\"magic-19\">Breite<\/div>\n<\/td>\n<td colspan=\"1\" rowspan=\"1\">\n<div class=\"magic-20\">mm<\/div>\n<\/td>\n<td colspan=\"1\" rowspan=\"1\">\n<div class=\"magic-21\">600\/1200<\/div>\n<\/td>\n<\/tr>\n<\/tbody>\n<\/table>\n<\/div>\n<\/div>\n<div class=\"J_module\">\n<div class=\"icbu-pc-images magic-6\">\n<div class=\"flex-layout-v\">\n<div class=\"flex-layout-h magic-6\">\n<div class=\"magic-30\"><img decoding=\"async\" class=\"alignleft wp-image-1490\" src=\"http:\/\/yxwool.com\/wp-content\/uploads\/2023\/07\/\u8be6\u60c5\u9875.jpg\" alt=\"\" width=\"1200\" height=\"2048\" srcset=\"https:\/\/yxwool.com\/wp-content\/uploads\/2023\/07\/\u8be6\u60c5\u9875.jpg 750w, https:\/\/yxwool.com\/wp-content\/uploads\/2023\/07\/\u8be6\u60c5\u9875-176x300.jpg 176w, https:\/\/yxwool.com\/wp-content\/uploads\/2023\/07\/\u8be6\u60c5\u9875-600x1024.jpg 600w\" sizes=\"(max-width: 1200px) 100vw, 1200px\" \/><\/div>\n<\/div>\n<\/div>\n<\/div>\n<\/div>\n<div class=\"J_module\">\n<div class=\"icbu-pc-images magic-6\">\n<div>\n<div class=\"flex-layout-v\">\n<div class=\"flex-layout-h magic-6\">\n<div class=\"magic-32\"><img decoding=\"async\" class=\"magic-33\" src=\"https:\/\/sc04.alicdn.com\/kf\/Hf9a4eb72e1344d8e921b26e3b9023933B\/240115170\/Hf9a4eb72e1344d8e921b26e3b9023933B.jpg\" width=\"1200\" height=\"995\" data-src=\"\/\/sc04.alicdn.com\/kf\/Hf9a4eb72e1344d8e921b26e3b9023933B\/240115170\/Hf9a4eb72e1344d8e921b26e3b9023933B.jpg\" \/><\/div>\n<\/div>\n<\/div>\n<\/div>\n<\/div>\n<\/div>\n<div class=\"J_module\">\n<div class=\"detail-decorate-json-renderer-container\">\n<div class=\"magic-0\">\n<div class=\"magic-1\">\n<div class=\"magic-2\">\n<div class=\"magic-3\"><\/div>\n<div><\/div>\n<div class=\"magic-3\"><span class=\"magic-34\"><b class=\"magic-35\"><span class=\"magic-15\">Technische Leistung von Steinwolle-D\u00e4mmplatten<\/span><\/b><\/span><\/div>\n<div><\/div>\n<\/div>\n<\/div>\n<\/div>\n<\/div>\n<\/div>\n<div class=\"J_module\">\n<div class=\"ife-detail-decorate-table\">\n<table class=\"all magic-17\" style=\"height: 487px;\" width=\"1200\">\n<tbody>\n<tr>\n<td colspan=\"1\" rowspan=\"1\">\n<div class=\"magic-36\">Eigentum<\/div>\n<\/td>\n<td colspan=\"1\" rowspan=\"1\">\n<div class=\"magic-37\">Leistung<\/div>\n<\/td>\n<td colspan=\"1\" rowspan=\"1\">\n<div class=\"magic-38\">Standard<\/div>\n<\/td>\n<\/tr>\n<tr>\n<td colspan=\"1\" rowspan=\"1\">\n<div class=\"magic-36\">Maximale Betriebstemperatur<\/div>\n<\/td>\n<td colspan=\"1\" rowspan=\"1\">\n<div class=\"magic-37\">750 \u00b0C<\/div>\n<\/td>\n<td colspan=\"1\" rowspan=\"1\">\n<div class=\"magic-38\">ASTM C411<\/div>\n<\/td>\n<\/tr>\n<tr>\n<td colspan=\"1\" rowspan=\"1\">\n<div class=\"magic-36\"><\/div>\n<\/td>\n<td colspan=\"1\" rowspan=\"1\">\n<div class=\"magic-37\">Eigenschaften der Oberfl\u00e4chenverbrennung: Flammenausbreitung = bestanden<\/div>\n<\/td>\n<td colspan=\"1\" rowspan=\"1\">\n<div class=\"magic-38\"><\/div>\n<\/td>\n<\/tr>\n<tr>\n<td colspan=\"1\" rowspan=\"1\">\n<div class=\"magic-36\">Reaktion auf Feuer<\/div>\n<\/td>\n<td colspan=\"1\" rowspan=\"1\">\n<div class=\"magic-37\"><\/div>\n<\/td>\n<td colspan=\"1\" rowspan=\"1\">\n<div class=\"magic-38\">ASTME84<\/div>\n<\/td>\n<\/tr>\n<tr>\n<td colspan=\"1\" rowspan=\"1\">\n<div class=\"magic-36\"><\/div>\n<\/td>\n<td colspan=\"1\" rowspan=\"1\">\n<div class=\"magic-37\">Rauchentwicklung = bestanden<\/div>\n<\/td>\n<td colspan=\"1\" rowspan=\"1\">\n<div class=\"magic-38\"><\/div>\n<\/td>\n<\/tr>\n<tr>\n<td colspan=\"1\" rowspan=\"1\">\n<div class=\"magic-36\">Schussinhalt<\/div>\n<\/td>\n<td colspan=\"1\" rowspan=\"1\">\n<div class=\"magic-37\">&lt;25%nach Gewicht<\/div>\n<\/td>\n<td colspan=\"1\" rowspan=\"1\">\n<div class=\"magic-38\">ASTM C612<\/div>\n<\/td>\n<\/tr>\n<tr>\n<td colspan=\"1\" rowspan=\"1\">\n<div class=\"magic-36\">Pilzwachstum<\/div>\n<\/td>\n<td colspan=\"1\" rowspan=\"1\">\n<div class=\"magic-37\">F\u00f6rdert das Pilzwachstum nicht<\/div>\n<\/td>\n<td colspan=\"1\" rowspan=\"1\">\n<div class=\"magic-38\">ASTM C665<\/div>\n<\/td>\n<\/tr>\n<tr>\n<td colspan=\"1\" rowspan=\"1\">\n<div class=\"magic-36\">Comosion Ettect<\/div>\n<\/td>\n<td colspan=\"1\" rowspan=\"1\">\n<div class=\"magic-37\">Ph7 oder stark alkalisch<\/div>\n<\/td>\n<td colspan=\"1\" rowspan=\"1\">\n<div class=\"magic-38\">ASTM C692-77<\/div>\n<\/td>\n<\/tr>\n<tr>\n<td colspan=\"1\" rowspan=\"1\">\n<div class=\"magic-36\">W\u00e4rmeleitf\u00e4higkeit<\/div>\n<\/td>\n<td colspan=\"1\" rowspan=\"1\">\n<div class=\"magic-37\">0.036-0.044<\/div>\n<\/td>\n<td colspan=\"1\" rowspan=\"1\">\n<div class=\"magic-38\">ASTM C 518<\/div>\n<\/td>\n<\/tr>\n<tr>\n<td colspan=\"1\" rowspan=\"1\">\n<div class=\"magic-36\">Kompressionswiderstand<\/div>\n<\/td>\n<td colspan=\"1\" rowspan=\"1\">\n<div class=\"magic-37\">&gt;10 KN\/m2<\/div>\n<\/td>\n<td colspan=\"1\" rowspan=\"1\">\n<div class=\"magic-38\">ASTM C165-07<\/div>\n<\/td>\n<\/tr>\n<tr>\n<td colspan=\"1\" rowspan=\"1\">\n<div class=\"magic-36\">Wasseraufnahme<\/div>\n<\/td>\n<td colspan=\"1\" rowspan=\"1\">\n<div class=\"magic-37\">Feuchtigkeitsaufnahme * 1% nach Gewicht<\/div>\n<\/td>\n<td colspan=\"1\" rowspan=\"1\">\n<div class=\"magic-38\">ASTM C1104<\/div>\n<\/td>\n<\/tr>\n<\/tbody>\n<\/table>\n<\/div>\n<\/div>\n<div class=\"J_module\">\n<div class=\"detail-decorate-json-renderer-container\">\n<div class=\"magic-0\">\n<div class=\"magic-1\">\n<div class=\"magic-2\">\n<div><\/div>\n<div class=\"magic-3\"><span class=\"magic-39\"><span class=\"magic-15\"><b>Anwendungen von Steinwolle-D\u00e4mmplatten:<br \/>\n<\/b><\/span><\/span><\/p>\n<div><span class=\"magic-35\"><span class=\"magic-13\">\u2022 Sehr sparsam, erh\u00f6ht die Energieeffizienz des b<\/span><span class=\"magic-13\">Geb\u00e4ude<br \/>\n\u2022 Reduzieren Sie die Ausbreitung von Au\u00dfenschall in den Innenraum<\/span><span class=\"magic-13\"> des Geb\u00e4udes<br \/>\n\u2022 Absorbiert den Schall des Echos im Geb\u00e4udeinneren, effektive Schalld\u00e4mmung<br \/>\n\u2022 Bietet thermische Effizienz, Isolierung \u00b7 Isolierung, w\u00e4rmt im Winter und k\u00fchlt im Sommer<br \/>\n\u2022 Geringes Gewicht, Umweltschutz, einfache Herstellung vor Ort, einfache Installation<br \/>\n\u2022 Nicht brennbar, schwer entflammbar, wasserdicht<br \/>\n\u2022 Ein Leben lang haltbar<\/span><\/span><\/div>\n<\/div>\n<\/div>\n<\/div>\n<\/div>\n<\/div>\n<\/div>\n<div class=\"J_module\">\n<div class=\"detail-decorate-json-renderer-container\">\n<div class=\"magic-0\">\n<div class=\"magic-40\">\n<div class=\"magic-2\">\n<div class=\"magic-3\" data-id=\"paragraph0\"><\/div>\n<\/div>\n<\/div>\n<div class=\"magic-40\">\n<div class=\"magic-2\">\n<div class=\"magic-4\"><span style=\"font-size: 24px;\">Anwendungen von Steinwolle-D\u00e4mmplatten:<\/span><\/div>\n<\/div>\n<\/div>\n<\/div>\n<\/div>\n<\/div>\n<div class=\"J_module\">\n<div class=\"detail-decorate-json-renderer-container\">\n<div class=\"magic-0\">\n<div class=\"magic-1\">\n<div class=\"magic-2\">\n<div class=\"magic-3\" data-id=\"paragraph0\">\n<div class=\"magic-14\"><span class=\"magic-13\">Wird haupts\u00e4chlich zur W\u00e4rme- und Schalld\u00e4mmung verwendet, wenn eine hohe Druckfestigkeit erforderlich ist, z. B. bei \u00dcberdecks, B\u00f6den, Sandwichpaneelen und Trockenbauw\u00e4nden<\/span><span class=\"magic-13\">ns.<\/span><\/div>\n<\/div>\n<\/div>\n<\/div>\n<\/div>\n<\/div>\n<\/div>\n<div class=\"J_module\">\n<div class=\"icbu-pc-images magic-6\">\n<div>\n<div class=\"flex-layout-v\">\n<div class=\"flex-layout-h magic-6\">\n<div class=\"magic-45\"><img loading=\"lazy\" decoding=\"async\" class=\"magic-46\" src=\"https:\/\/sc04.alicdn.com\/kf\/Hbe2502f33baa4742940b613e70b87fd1f\/240115170\/Hbe2502f33baa4742940b613e70b87fd1f.jpg\" width=\"1200\" height=\"1576\" data-src=\"\/\/sc04.alicdn.com\/kf\/Hbe2502f33baa4742940b613e70b87fd1f\/240115170\/Hbe2502f33baa4742940b613e70b87fd1f.jpg\" \/><\/div>\n<\/div>\n<\/div>\n<\/div>\n<\/div>\n<\/div>\n<div class=\"J_module\">\n<div class=\"icbu-pc-images magic-6\">\n<div>\n<div class=\"flex-layout-v\">\n<div class=\"flex-layout-h magic-6\">\n<div class=\"magic-47\"><img loading=\"lazy\" decoding=\"async\" class=\"magic-48\" src=\"https:\/\/sc04.alicdn.com\/kf\/H01f1f3c58a5a463a87d39668e9344861d\/240115170\/H01f1f3c58a5a463a87d39668e9344861d.jpg\" width=\"1200\" height=\"1432\" data-src=\"\/\/sc04.alicdn.com\/kf\/H01f1f3c58a5a463a87d39668e9344861d\/240115170\/H01f1f3c58a5a463a87d39668e9344861d.jpg\" \/><\/div>\n<\/div>\n<\/div>\n<\/div>\n<\/div>\n<\/div>","protected":false},"excerpt":{"rendered":"<p>CE-zertifizierte, schalldichte und feuerfeste Sandwichplatte aus Steinwolle mit europ\u00e4ischem Zertifikat. Steinwolle-D\u00e4mmplatte Steinwolleplatten werden aus Basalt hergestellt, einem anorganischen Rohstoff. Sie werden hergestellt, indem Basalt auf 1350 \u00b0C \u2013 1400 \u00b0C erhitzt und in Fasern umgewandelt wird, die mithilfe eines duroplastischen Harzes miteinander verbunden werden. Sie sind leicht und einfach [\u2026]<\/p>","protected":false},"featured_media":1435,"template":"","meta":{"site-sidebar-layout":"default","site-content-layout":"default","ast-site-content-layout":"","site-content-style":"default","site-sidebar-style":"default","ast-global-header-display":"","ast-banner-title-visibility":"","ast-main-header-display":"","ast-hfb-above-header-display":"","ast-hfb-below-header-display":"","ast-hfb-mobile-header-display":"","site-post-title":"","ast-breadcrumbs-content":"","ast-featured-img":"","footer-sml-layout":"","theme-transparent-header-meta":"default","adv-header-id-meta":"","stick-header-meta":"","header-above-stick-meta":"","header-main-stick-meta":"","header-below-stick-meta":"","astra-migrate-meta-layouts":"default","ast-page-background-enabled":"default","ast-page-background-meta":{"desktop":{"background-color":"","background-image":"","background-repeat":"repeat","background-position":"center center","background-size":"auto","background-attachment":"scroll","background-type":"","background-media":"","overlay-type":"","overlay-color":"","overlay-opacity":"","overlay-gradient":""},"tablet":{"background-color":"","background-image":"","background-repeat":"repeat","background-position":"center center","background-size":"auto","background-attachment":"scroll","background-type":"","background-media":"","overlay-type":"","overlay-color":"","overlay-opacity":"","overlay-gradient":""},"mobile":{"background-color":"","background-image":"","background-repeat":"repeat","background-position":"center center","background-size":"auto","background-attachment":"scroll","background-type":"","background-media":"","overlay-type":"","overlay-color":"","overlay-opacity":"","overlay-gradient":""}},"ast-content-background-meta":{"desktop":{"background-color":"var(--ast-global-color-5)","background-image":"","background-repeat":"repeat","background-position":"center center","background-size":"auto","background-attachment":"scroll","background-type":"","background-media":"","overlay-type":"","overlay-color":"","overlay-opacity":"","overlay-gradient":""},"tablet":{"background-color":"var(--ast-global-color-5)","background-image":"","background-repeat":"repeat","background-position":"center center","background-size":"auto","background-attachment":"scroll","background-type":"","background-media":"","overlay-type":"","overlay-color":"","overlay-opacity":"","overlay-gradient":""},"mobile":{"background-color":"var(--ast-global-color-5)","background-image":"","background-repeat":"repeat","background-position":"center center","background-size":"auto","background-attachment":"scroll","background-type":"","background-media":"","overlay-type":"","overlay-color":"","overlay-opacity":"","overlay-gradient":""}}},"product_brand":[],"product_cat":[22],"product_tag":[],"class_list":{"0":"post-1433","1":"product","2":"type-product","3":"status-publish","4":"has-post-thumbnail","6":"product_cat-rock-wool","7":"desktop-align-center","8":"tablet-align-left","9":"mobile-align-left","11":"first","12":"instock","13":"shipping-taxable","14":"product-type-simple"},"_links":{"self":[{"href":"https:\/\/yxwool.com\/de\/wp-json\/wp\/v2\/product\/1433","targetHints":{"allow":["GET"]}}],"collection":[{"href":"https:\/\/yxwool.com\/de\/wp-json\/wp\/v2\/product"}],"about":[{"href":"https:\/\/yxwool.com\/de\/wp-json\/wp\/v2\/types\/product"}],"wp:featuredmedia":[{"embeddable":true,"href":"https:\/\/yxwool.com\/de\/wp-json\/wp\/v2\/media\/1435"}],"wp:attachment":[{"href":"https:\/\/yxwool.com\/de\/wp-json\/wp\/v2\/media?parent=1433"}],"wp:term":[{"taxonomy":"product_brand","embeddable":true,"href":"https:\/\/yxwool.com\/de\/wp-json\/wp\/v2\/product_brand?post=1433"},{"taxonomy":"product_cat","embeddable":true,"href":"https:\/\/yxwool.com\/de\/wp-json\/wp\/v2\/product_cat?post=1433"},{"taxonomy":"product_tag","embeddable":true,"href":"https:\/\/yxwool.com\/de\/wp-json\/wp\/v2\/product_tag?post=1433"}],"curies":[{"name":"wp","href":"https:\/\/api.w.org\/{rel}","templated":true}]}}