{"id":1454,"date":"2023-07-06T15:14:57","date_gmt":"2023-07-06T15:14:57","guid":{"rendered":"http:\/\/yxwool.com\/?post_type=product&#038;p=1454"},"modified":"2023-07-08T07:08:28","modified_gmt":"2023-07-08T07:08:28","slug":"hvac-air-conditioning-system-wall-ceiling-board-panel-mineral-fiber-heat-insulation-materials-ceiling-tile","status":"publish","type":"product","link":"https:\/\/yxwool.com\/de\/produkt\/hvac-air-conditioning-system-wall-ceiling-board-panel-mineral-fiber-heat-insulation-materials-ceiling-tile\/","title":{"rendered":"HVAC, Klimaanlage, Wand, Deckenplatte, Mineralfaser-W\u00e4rmeisolationsmaterialien, Deckenfliese"},"content":{"rendered":"<div class=\"J_module\">\n<div id=\"ali-anchor-AliMagic-n0tdw7\" class=\"magic-8\" data-section=\"AliMagic-n0tdw7\" data-section-title=\"Product Description\" data-spm-anchor-id=\"a2700.details.0.i31.59dd4b48Afzhx7\"><span style=\"font-size: 24px;\">D\u00e4mmplatte aus Steinwolle\u00a0<\/span><\/div>\n<\/div>\n<div class=\"J_module\">\n<div class=\"detail-decorate-json-renderer-container\">\n<div class=\"magic-0\">\n<div class=\"magic-1\">\n<div class=\"magic-2\">\n<div class=\"magic-3\"><b>YUXING\u00ae Rock Wool Board besteht aus Basalt, einem anorganischen Rohstoff. Es wird hergestellt, indem Basalt auf 1350 \u00b0C bis 1400 \u00b0C erhitzt und in Fasern umgewandelt wird, die mithilfe eines duroplastischen Harzes miteinander verbunden werden. Es ist leicht und einfach zu installieren und wird haupts\u00e4chlich zur W\u00e4rme- und Schalld\u00e4mmung verwendet.<br \/>\nEs wird h\u00e4ufig f\u00fcr die Au\u00dfenwandisolierung von Geb\u00e4uden, Dachisolierungen, Vorhangfassaden, Fu\u00dfb\u00f6den, Trockenwandtrennw\u00e4nde und die Industrie eingesetzt<br \/>\nund Zivilbau, Verbundsandwichplatten, Brandschutzt\u00fcr-Kernplatten, Schiffsschotts, \u00dcberdecks und alle Arten von Industrie- oder Schiffbauausr\u00fcstungen.<\/b><\/div>\n<\/div>\n<\/div>\n<\/div>\n<\/div>\n<\/div>\n<div class=\"J_module\">\n<div data-section=\"AliMagic-bewmff\" data-section-title=\"Specification\"><\/div>\n<div id=\"ali-anchor-AliMagic-bewmff\" class=\"magic-8\" data-section=\"AliMagic-bewmff\" data-section-title=\"Specification\">Spezifikation<\/div>\n<\/div>\n<div class=\"J_module\">\n<div class=\"icbu-pc-images magic-5\">\n<div>\n<div class=\"flex-layout-v\">\n<div class=\"flex-layout-h magic-5\">\n<div class=\"magic-11\"><img fetchpriority=\"high\" decoding=\"async\" class=\"magic-12\" src=\"https:\/\/sc04.alicdn.com\/kf\/Hc872fbaae65f49719e44608f7d1aa941a\/240115170\/Hc872fbaae65f49719e44608f7d1aa941a.png\" width=\"1201\" height=\"313\" data-src=\"\/\/sc04.alicdn.com\/kf\/Hc872fbaae65f49719e44608f7d1aa941a\/240115170\/Hc872fbaae65f49719e44608f7d1aa941a.png\" \/><\/div>\n<\/div>\n<\/div>\n<\/div>\n<\/div>\n<\/div>\n<div class=\"magic-14\"><img decoding=\"async\" class=\"alignleft  wp-image-1490\" src=\"http:\/\/yxwool.com\/wp-content\/uploads\/2023\/07\/\u8be6\u60c5\u9875.jpg\" alt=\"\" width=\"1200\" height=\"2048\" srcset=\"https:\/\/yxwool.com\/wp-content\/uploads\/2023\/07\/\u8be6\u60c5\u9875.jpg 750w, https:\/\/yxwool.com\/wp-content\/uploads\/2023\/07\/\u8be6\u60c5\u9875-176x300.jpg 176w, https:\/\/yxwool.com\/wp-content\/uploads\/2023\/07\/\u8be6\u60c5\u9875-600x1024.jpg 600w\" sizes=\"(max-width: 1200px) 100vw, 1200px\" \/><\/div>\n<div><\/div>\n<div><\/div>\n<div class=\"J_module\">\n<div class=\"icbu-pc-images magic-5\">\n<div class=\"flex-layout-v\">\n<div class=\"flex-layout-h magic-5\">\n<div class=\"magic-16\"><\/div>\n<\/div>\n<\/div>\n<\/div>\n<\/div>\n<div class=\"J_module\">\n<div class=\"icbu-pc-images magic-5\">\n<div>\n<div class=\"flex-layout-v\">\n<div class=\"flex-layout-h magic-5\">\n<div class=\"magic-18\"><img decoding=\"async\" class=\"magic-19\" src=\"https:\/\/sc04.alicdn.com\/kf\/Hf9a4eb72e1344d8e921b26e3b9023933B\/240115170\/Hf9a4eb72e1344d8e921b26e3b9023933B.jpg\" width=\"1200\" height=\"995\" data-src=\"\/\/sc04.alicdn.com\/kf\/Hf9a4eb72e1344d8e921b26e3b9023933B\/240115170\/Hf9a4eb72e1344d8e921b26e3b9023933B.jpg\" \/><\/div>\n<\/div>\n<\/div>\n<\/div>\n<\/div>\n<\/div>\n<div class=\"J_module\">\n<div class=\"detail-decorate-json-renderer-container\">\n<div class=\"magic-0\">\n<div class=\"magic-1\">\n<div class=\"magic-2\">\n<div class=\"magic-3\"><\/div>\n<div class=\"magic-3\"><b><span class=\"magic-4\"><span class=\"magic-10\">Technische Leistung von Steinwolle-D\u00e4mmplatten<\/span><\/span><\/b><\/div>\n<\/div>\n<\/div>\n<\/div>\n<\/div>\n<\/div>\n<div class=\"J_module\">\n<div class=\"icbu-pc-images magic-5\">\n<div>\n<div class=\"flex-layout-v\">\n<div class=\"flex-layout-h magic-5\">\n<div class=\"magic-20\"><img loading=\"lazy\" decoding=\"async\" class=\"magic-21\" src=\"https:\/\/sc04.alicdn.com\/kf\/Hfebbb8e2ff984d8b8adc402cfbfad76bA\/240115170\/Hfebbb8e2ff984d8b8adc402cfbfad76bA.png\" width=\"1200\" height=\"812\" data-src=\"\/\/sc04.alicdn.com\/kf\/Hfebbb8e2ff984d8b8adc402cfbfad76bA\/240115170\/Hfebbb8e2ff984d8b8adc402cfbfad76bA.png\" \/><\/div>\n<\/div>\n<\/div>\n<\/div>\n<\/div>\n<\/div>\n<div class=\"J_module\">\n<div class=\"detail-decorate-json-renderer-container\">\n<div class=\"magic-0\">\n<div class=\"magic-1\">\n<div class=\"magic-2\">\n<div><\/div>\n<div><\/div>\n<div><\/div>\n<div class=\"magic-3\"><span class=\"magic-10\"><b>Anwendungen von Steinwolle-D\u00e4mmplatten:<\/b><\/span><\/div>\n<div class=\"magic-3\"><b>\u22c5 Sehr wirtschaftlich, erh\u00f6ht die Energieeffizienz des Geb\u00e4udes<br \/>\n\u22c5 Hervorragende thermische Best\u00e4ndigkeit<br \/>\n\u22c5 Nicht brennbar, flammhemmend, wasserdicht, schalldicht<br \/>\n\u22c5 Einfach zu installieren<br \/>\n\u22c5 Geringes Gewicht, einfache Handhabung und Installation vor Ort.<br \/>\n\u22c5 Attraktives Erscheinungsbild<br \/>\n\u22c5 Alterungsbest\u00e4ndig<br \/>\n\u22c5 Gute Schallabsorption, keine Korrosion<br \/>\n\u22c5 Energieeinsparung, kein Schaden f\u00fcr Mensch und Umwelt<br \/>\n\u22c5 Langlebig ein Leben lang<\/b><\/div>\n<\/div>\n<\/div>\n<\/div>\n<\/div>\n<\/div>\n<div class=\"J_module\">\n<div class=\"magic-22\"><\/div>\n<\/div>\n<div class=\"J_module\">\n<div class=\"icbu-pc-images magic-5\">\n<div>\n<div class=\"flex-layout-v\">\n<div class=\"flex-layout-h magic-5\">\n<div class=\"magic-24\"><img loading=\"lazy\" decoding=\"async\" class=\"magic-25\" src=\"https:\/\/sc04.alicdn.com\/kf\/Hbe2502f33baa4742940b613e70b87fd1f\/240115170\/Hbe2502f33baa4742940b613e70b87fd1f.jpg\" width=\"1046\" height=\"1374\" data-src=\"\/\/sc04.alicdn.com\/kf\/Hbe2502f33baa4742940b613e70b87fd1f\/240115170\/Hbe2502f33baa4742940b613e70b87fd1f.jpg\" \/><\/div>\n<\/div>\n<\/div>\n<\/div>\n<\/div>\n<\/div>\n<div class=\"J_module\">\n<div class=\"icbu-pc-images magic-5\">\n<div>\n<div class=\"flex-layout-v\">\n<div class=\"flex-layout-h magic-5\">\n<div class=\"magic-26\"><img loading=\"lazy\" decoding=\"async\" class=\"magic-27\" src=\"https:\/\/sc04.alicdn.com\/kf\/H01f1f3c58a5a463a87d39668e9344861d\/240115170\/H01f1f3c58a5a463a87d39668e9344861d.jpg\" width=\"1046\" height=\"1248\" data-src=\"\/\/sc04.alicdn.com\/kf\/H01f1f3c58a5a463a87d39668e9344861d\/240115170\/H01f1f3c58a5a463a87d39668e9344861d.jpg\" \/><\/div>\n<\/div>\n<\/div>\n<\/div>\n<\/div>\n<\/div>","protected":false},"excerpt":{"rendered":"<p>Steinwolle-D\u00e4mmplatte YUXING\u00ae Steinwolleplatten werden aus Basalt, einem anorganischen Rohstoff, hergestellt. Sie werden hergestellt, indem Basalt auf 1350 \u00b0C \u2013 1400 \u00b0C erhitzt und in Fasern umgewandelt wird, die mithilfe eines duroplastischen Harzes miteinander verbunden werden. Sie sind leicht und einfach zu installieren und werden haupts\u00e4chlich zur W\u00e4rme- und Schalld\u00e4mmung verwendet. Sie sind [\u2026]<\/p>","protected":false},"featured_media":1455,"template":"","meta":{"site-sidebar-layout":"default","site-content-layout":"default","ast-site-content-layout":"","site-content-style":"default","site-sidebar-style":"default","ast-global-header-display":"","ast-banner-title-visibility":"","ast-main-header-display":"","ast-hfb-above-header-display":"","ast-hfb-below-header-display":"","ast-hfb-mobile-header-display":"","site-post-title":"","ast-breadcrumbs-content":"","ast-featured-img":"","footer-sml-layout":"","theme-transparent-header-meta":"default","adv-header-id-meta":"","stick-header-meta":"","header-above-stick-meta":"","header-main-stick-meta":"","header-below-stick-meta":"","astra-migrate-meta-layouts":"default","ast-page-background-enabled":"default","ast-page-background-meta":{"desktop":{"background-color":"","background-image":"","background-repeat":"repeat","background-position":"center center","background-size":"auto","background-attachment":"scroll","background-type":"","background-media":"","overlay-type":"","overlay-color":"","overlay-opacity":"","overlay-gradient":""},"tablet":{"background-color":"","background-image":"","background-repeat":"repeat","background-position":"center center","background-size":"auto","background-attachment":"scroll","background-type":"","background-media":"","overlay-type":"","overlay-color":"","overlay-opacity":"","overlay-gradient":""},"mobile":{"background-color":"","background-image":"","background-repeat":"repeat","background-position":"center center","background-size":"auto","background-attachment":"scroll","background-type":"","background-media":"","overlay-type":"","overlay-color":"","overlay-opacity":"","overlay-gradient":""}},"ast-content-background-meta":{"desktop":{"background-color":"var(--ast-global-color-5)","background-image":"","background-repeat":"repeat","background-position":"center center","background-size":"auto","background-attachment":"scroll","background-type":"","background-media":"","overlay-type":"","overlay-color":"","overlay-opacity":"","overlay-gradient":""},"tablet":{"background-color":"var(--ast-global-color-5)","background-image":"","background-repeat":"repeat","background-position":"center center","background-size":"auto","background-attachment":"scroll","background-type":"","background-media":"","overlay-type":"","overlay-color":"","overlay-opacity":"","overlay-gradient":""},"mobile":{"background-color":"var(--ast-global-color-5)","background-image":"","background-repeat":"repeat","background-position":"center center","background-size":"auto","background-attachment":"scroll","background-type":"","background-media":"","overlay-type":"","overlay-color":"","overlay-opacity":"","overlay-gradient":""}}},"product_brand":[],"product_cat":[22],"product_tag":[],"class_list":{"0":"post-1454","1":"product","2":"type-product","3":"status-publish","4":"has-post-thumbnail","6":"product_cat-rock-wool","7":"desktop-align-center","8":"tablet-align-left","9":"mobile-align-left","11":"first","12":"instock","13":"shipping-taxable","14":"product-type-simple"},"_links":{"self":[{"href":"https:\/\/yxwool.com\/de\/wp-json\/wp\/v2\/product\/1454","targetHints":{"allow":["GET"]}}],"collection":[{"href":"https:\/\/yxwool.com\/de\/wp-json\/wp\/v2\/product"}],"about":[{"href":"https:\/\/yxwool.com\/de\/wp-json\/wp\/v2\/types\/product"}],"wp:featuredmedia":[{"embeddable":true,"href":"https:\/\/yxwool.com\/de\/wp-json\/wp\/v2\/media\/1455"}],"wp:attachment":[{"href":"https:\/\/yxwool.com\/de\/wp-json\/wp\/v2\/media?parent=1454"}],"wp:term":[{"taxonomy":"product_brand","embeddable":true,"href":"https:\/\/yxwool.com\/de\/wp-json\/wp\/v2\/product_brand?post=1454"},{"taxonomy":"product_cat","embeddable":true,"href":"https:\/\/yxwool.com\/de\/wp-json\/wp\/v2\/product_cat?post=1454"},{"taxonomy":"product_tag","embeddable":true,"href":"https:\/\/yxwool.com\/de\/wp-json\/wp\/v2\/product_tag?post=1454"}],"curies":[{"name":"wp","href":"https:\/\/api.w.org\/{rel}","templated":true}]}}