{"id":1491,"date":"2023-07-07T02:43:36","date_gmt":"2023-07-07T02:43:36","guid":{"rendered":"http:\/\/yxwool.com\/?post_type=product&#038;p=1491"},"modified":"2023-08-01T08:11:24","modified_gmt":"2023-08-01T08:11:24","slug":"1491","status":"publish","type":"product","link":"https:\/\/yxwool.com\/de\/produkt\/1491\/","title":{"rendered":"W\u00e4rmed\u00e4mmung von Geb\u00e4uden, Basaltwolle, Steinwolle, folienbeschichtete Mineralwollmaterialien, Isolierung"},"content":{"rendered":"<div class=\"J_module\">\n<div class=\"detail-decorate-json-renderer-container\">\n<div class=\"magic-0\">\n<div class=\"magic-1\">\n<div class=\"magic-2\"><span style=\"font-size: 24px;\">\u00dcbersicht \u00fcber Steinwolle-D\u00e4mmplatten<\/span><\/div>\n<\/div>\n<\/div>\n<\/div>\n<\/div>\n<div class=\"J_module\">\n<div class=\"detail-decorate-json-renderer-container\">\n<div class=\"magic-0\">\n<div class=\"magic-1\">\n<div class=\"magic-2\">\n<div class=\"magic-3\"><b>YUXING\u00ae Rock Wool Board besteht aus Basalt, einem anorganischen Rohstoff. Es wird hergestellt, indem Basalt auf 1350 \u00b0C bis 1400 \u00b0C erhitzt und in Fasern umgewandelt wird, die mithilfe eines duroplastischen Harzes miteinander verbunden werden. Es ist leicht und einfach zu installieren und wird haupts\u00e4chlich zur W\u00e4rme- und Schalld\u00e4mmung verwendet.<br \/>\nEs wird h\u00e4ufig f\u00fcr die Au\u00dfenwandisolierung von Geb\u00e4uden, Dachisolierungen, Vorhangfassaden, Fu\u00dfb\u00f6den, Trockenwandtrennw\u00e4nde und die Industrie eingesetzt<br \/>\nund Zivilbau, Verbundsandwichplatten, Brandschutzt\u00fcr-Kernplatten, Schiffsschotts, \u00dcberdecks und alle Arten von Industrie- oder Schiffbauausr\u00fcstungen.<\/b><\/div>\n<\/div>\n<\/div>\n<\/div>\n<\/div>\n<\/div>\n<div class=\"J_module\">\n<div data-section=\"AliMagic-mrqbdg\" data-section-title=\"Specification\"><\/div>\n<div id=\"ali-anchor-AliMagic-mrqbdg\" class=\"magic-8\" data-section=\"AliMagic-mrqbdg\" data-section-title=\"Specification\">Spezifikation<\/div>\n<\/div>\n<div class=\"J_module\">\n<div class=\"icbu-pc-images magic-5\">\n<div>\n<div class=\"flex-layout-v\">\n<div class=\"flex-layout-h magic-5\">\n<div class=\"magic-11\"><img fetchpriority=\"high\" decoding=\"async\" class=\"magic-12\" src=\"https:\/\/sc04.alicdn.com\/kf\/Hc872fbaae65f49719e44608f7d1aa941a\/240115170\/Hc872fbaae65f49719e44608f7d1aa941a.png\" width=\"1201\" height=\"313\" data-src=\"\/\/sc04.alicdn.com\/kf\/Hc872fbaae65f49719e44608f7d1aa941a\/240115170\/Hc872fbaae65f49719e44608f7d1aa941a.png\" \/><\/div>\n<\/div>\n<\/div>\n<\/div>\n<\/div>\n<\/div>\n<div class=\"J_module\">\n<div class=\"icbu-pc-detailManyImage magic-13\">\n<div class=\"magic-14\"><img decoding=\"async\" class=\"alignleft wp-image-1492\" src=\"http:\/\/yxwool.com\/wp-content\/uploads\/2023\/07\/ce171456-1ab2-4d9d-9b11-2a4461da6cf7.jpg\" alt=\"\" width=\"1200\" height=\"1200\" srcset=\"https:\/\/yxwool.com\/wp-content\/uploads\/2023\/07\/ce171456-1ab2-4d9d-9b11-2a4461da6cf7.jpg 650w, https:\/\/yxwool.com\/wp-content\/uploads\/2023\/07\/ce171456-1ab2-4d9d-9b11-2a4461da6cf7-300x300.jpg 300w, https:\/\/yxwool.com\/wp-content\/uploads\/2023\/07\/ce171456-1ab2-4d9d-9b11-2a4461da6cf7-150x150.jpg 150w, https:\/\/yxwool.com\/wp-content\/uploads\/2023\/07\/ce171456-1ab2-4d9d-9b11-2a4461da6cf7-600x600.jpg 600w, https:\/\/yxwool.com\/wp-content\/uploads\/2023\/07\/ce171456-1ab2-4d9d-9b11-2a4461da6cf7-100x100.jpg 100w\" sizes=\"(max-width: 1200px) 100vw, 1200px\" \/><\/div>\n<\/div>\n<\/div>\n<div class=\"J_module\">\n<div class=\"icbu-pc-images magic-5\">\n<div class=\"flex-layout-v\">\n<div class=\"flex-layout-h magic-5\">\n<div class=\"magic-16\"><img decoding=\"async\" class=\"alignleft wp-image-1490\" src=\"http:\/\/yxwool.com\/wp-content\/uploads\/2023\/07\/\u8be6\u60c5\u9875.jpg\" alt=\"\" width=\"1200\" height=\"2048\" srcset=\"https:\/\/yxwool.com\/wp-content\/uploads\/2023\/07\/\u8be6\u60c5\u9875.jpg 750w, https:\/\/yxwool.com\/wp-content\/uploads\/2023\/07\/\u8be6\u60c5\u9875-176x300.jpg 176w, https:\/\/yxwool.com\/wp-content\/uploads\/2023\/07\/\u8be6\u60c5\u9875-600x1024.jpg 600w\" sizes=\"(max-width: 1200px) 100vw, 1200px\" \/><\/div>\n<\/div>\n<\/div>\n<\/div>\n<\/div>\n<div class=\"J_module\">\n<div class=\"icbu-pc-images magic-5\">\n<div class=\"flex-layout-v\">\n<div class=\"flex-layout-h magic-5\">\n<div><\/div>\n<div><\/div>\n<\/div>\n<\/div>\n<div class=\"magic-18\"><\/div>\n<\/div>\n<\/div>\n<div class=\"J_module\">\n<div class=\"detail-decorate-json-renderer-container\">\n<div class=\"magic-0\">\n<div class=\"magic-1\">\n<div class=\"magic-2\">\n<div class=\"magic-3\"><\/div>\n<div><\/div>\n<\/div>\n<\/div>\n<div class=\"magic-1\">\n<div class=\"magic-2\">\n<div class=\"magic-3\"><b><span class=\"magic-20\"><span class=\"magic-10\">Technische Leistung von Steinwolle-D\u00e4mmplatten<\/span><\/span><\/b><\/div>\n<\/div>\n<\/div>\n<\/div>\n<\/div>\n<\/div>\n<div class=\"J_module\">\n<div class=\"icbu-pc-images magic-5\">\n<div>\n<div class=\"flex-layout-v\">\n<div class=\"flex-layout-h magic-5\">\n<div class=\"magic-21\"><img loading=\"lazy\" decoding=\"async\" class=\"magic-22\" src=\"https:\/\/sc04.alicdn.com\/kf\/Hfebbb8e2ff984d8b8adc402cfbfad76bA\/240115170\/Hfebbb8e2ff984d8b8adc402cfbfad76bA.png\" width=\"1200\" height=\"812\" data-src=\"\/\/sc04.alicdn.com\/kf\/Hfebbb8e2ff984d8b8adc402cfbfad76bA\/240115170\/Hfebbb8e2ff984d8b8adc402cfbfad76bA.png\" \/><\/div>\n<\/div>\n<\/div>\n<\/div>\n<\/div>\n<\/div>\n<div class=\"J_module\">\n<div class=\"detail-decorate-json-renderer-container\">\n<div class=\"magic-0\">\n<div class=\"magic-1\">\n<div class=\"magic-2\">\n<div class=\"magic-3\"><span class=\"magic-10\"><b>Anwendungen von Steinwolle-D\u00e4mmplatten:<\/b><\/span><\/div>\n<div class=\"magic-3\"><b>\u22c5 Sehr wirtschaftlich, erh\u00f6ht die Energieeffizienz des Geb\u00e4udes<br \/>\n\u22c5 Hervorragende thermische Best\u00e4ndigkeit<br \/>\n\u22c5 Nicht brennbar, flammhemmend, wasserdicht, schalldicht<br \/>\n\u22c5 Einfach zu installieren<br \/>\n\u22c5 Geringes Gewicht, einfache Handhabung und Installation vor Ort.<br \/>\n\u22c5 Attraktives Erscheinungsbild<br \/>\n\u22c5 Alterungsbest\u00e4ndig<br \/>\n\u22c5 Gute Schallabsorption, keine Korrosion<br \/>\n\u22c5 Energieeinsparung, kein Schaden f\u00fcr Mensch und Umwelt<br \/>\n\u22c5 Langlebig ein Leben lang<\/b><\/div>\n<\/div>\n<\/div>\n<\/div>\n<\/div>\n<\/div>\n<div class=\"J_module\">\n<div class=\"magic-23\"><\/div>\n<\/div>\n<div class=\"J_module\">\n<div class=\"icbu-pc-images magic-5\">\n<div>\n<div class=\"flex-layout-v\">\n<div class=\"flex-layout-h magic-5\">\n<div class=\"magic-25\"><img loading=\"lazy\" decoding=\"async\" class=\"magic-26\" src=\"https:\/\/sc04.alicdn.com\/kf\/Hbe2502f33baa4742940b613e70b87fd1f\/240115170\/Hbe2502f33baa4742940b613e70b87fd1f.jpg\" width=\"1200\" height=\"1576\" data-src=\"\/\/sc04.alicdn.com\/kf\/Hbe2502f33baa4742940b613e70b87fd1f\/240115170\/Hbe2502f33baa4742940b613e70b87fd1f.jpg\" \/><\/div>\n<\/div>\n<\/div>\n<\/div>\n<\/div>\n<\/div>\n<div class=\"J_module\">\n<div class=\"icbu-pc-images magic-5\">\n<div>\n<div class=\"flex-layout-v\">\n<div class=\"flex-layout-h magic-5\">\n<div class=\"magic-27\"><img loading=\"lazy\" decoding=\"async\" class=\"magic-28\" src=\"https:\/\/sc04.alicdn.com\/kf\/H01f1f3c58a5a463a87d39668e9344861d\/240115170\/H01f1f3c58a5a463a87d39668e9344861d.jpg\" width=\"1200\" height=\"1432\" data-src=\"\/\/sc04.alicdn.com\/kf\/H01f1f3c58a5a463a87d39668e9344861d\/240115170\/H01f1f3c58a5a463a87d39668e9344861d.jpg\" \/><\/div>\n<\/div>\n<\/div>\n<\/div>\n<\/div>\n<\/div>","protected":false},"excerpt":{"rendered":"<p>Steinwolle-D\u00e4mmplatten im \u00dcberblick: YUXING\u00ae Steinwolleplatten werden aus Basalt, einem anorganischen Rohstoff, hergestellt. Sie werden durch Erhitzen von Basalt auf 1350 \u00b0C bis 1400 \u00b0C und anschlie\u00dfende Umwandlung in Fasern hergestellt, die mit einem duroplastischen Harz verbunden werden. Sie sind leicht und einfach zu verlegen und werden haupts\u00e4chlich zur W\u00e4rme- und Schalld\u00e4mmung eingesetzt. Sie [\u2026]<\/p>","protected":false},"featured_media":1458,"template":"","meta":{"site-sidebar-layout":"default","site-content-layout":"default","ast-site-content-layout":"","site-content-style":"default","site-sidebar-style":"default","ast-global-header-display":"","ast-banner-title-visibility":"","ast-main-header-display":"","ast-hfb-above-header-display":"","ast-hfb-below-header-display":"","ast-hfb-mobile-header-display":"","site-post-title":"","ast-breadcrumbs-content":"","ast-featured-img":"","footer-sml-layout":"","theme-transparent-header-meta":"default","adv-header-id-meta":"","stick-header-meta":"","header-above-stick-meta":"","header-main-stick-meta":"","header-below-stick-meta":"","astra-migrate-meta-layouts":"default","ast-page-background-enabled":"default","ast-page-background-meta":{"desktop":{"background-color":"","background-image":"","background-repeat":"repeat","background-position":"center center","background-size":"auto","background-attachment":"scroll","background-type":"","background-media":"","overlay-type":"","overlay-color":"","overlay-opacity":"","overlay-gradient":""},"tablet":{"background-color":"","background-image":"","background-repeat":"repeat","background-position":"center center","background-size":"auto","background-attachment":"scroll","background-type":"","background-media":"","overlay-type":"","overlay-color":"","overlay-opacity":"","overlay-gradient":""},"mobile":{"background-color":"","background-image":"","background-repeat":"repeat","background-position":"center center","background-size":"auto","background-attachment":"scroll","background-type":"","background-media":"","overlay-type":"","overlay-color":"","overlay-opacity":"","overlay-gradient":""}},"ast-content-background-meta":{"desktop":{"background-color":"var(--ast-global-color-5)","background-image":"","background-repeat":"repeat","background-position":"center center","background-size":"auto","background-attachment":"scroll","background-type":"","background-media":"","overlay-type":"","overlay-color":"","overlay-opacity":"","overlay-gradient":""},"tablet":{"background-color":"var(--ast-global-color-5)","background-image":"","background-repeat":"repeat","background-position":"center center","background-size":"auto","background-attachment":"scroll","background-type":"","background-media":"","overlay-type":"","overlay-color":"","overlay-opacity":"","overlay-gradient":""},"mobile":{"background-color":"var(--ast-global-color-5)","background-image":"","background-repeat":"repeat","background-position":"center center","background-size":"auto","background-attachment":"scroll","background-type":"","background-media":"","overlay-type":"","overlay-color":"","overlay-opacity":"","overlay-gradient":""}}},"product_brand":[],"product_cat":[22],"product_tag":[],"class_list":{"0":"post-1491","1":"product","2":"type-product","3":"status-publish","4":"has-post-thumbnail","6":"product_cat-rock-wool","7":"desktop-align-center","8":"tablet-align-left","9":"mobile-align-left","11":"first","12":"instock","13":"shipping-taxable","14":"product-type-simple"},"_links":{"self":[{"href":"https:\/\/yxwool.com\/de\/wp-json\/wp\/v2\/product\/1491","targetHints":{"allow":["GET"]}}],"collection":[{"href":"https:\/\/yxwool.com\/de\/wp-json\/wp\/v2\/product"}],"about":[{"href":"https:\/\/yxwool.com\/de\/wp-json\/wp\/v2\/types\/product"}],"wp:featuredmedia":[{"embeddable":true,"href":"https:\/\/yxwool.com\/de\/wp-json\/wp\/v2\/media\/1458"}],"wp:attachment":[{"href":"https:\/\/yxwool.com\/de\/wp-json\/wp\/v2\/media?parent=1491"}],"wp:term":[{"taxonomy":"product_brand","embeddable":true,"href":"https:\/\/yxwool.com\/de\/wp-json\/wp\/v2\/product_brand?post=1491"},{"taxonomy":"product_cat","embeddable":true,"href":"https:\/\/yxwool.com\/de\/wp-json\/wp\/v2\/product_cat?post=1491"},{"taxonomy":"product_tag","embeddable":true,"href":"https:\/\/yxwool.com\/de\/wp-json\/wp\/v2\/product_tag?post=1491"}],"curies":[{"name":"wp","href":"https:\/\/api.w.org\/{rel}","templated":true}]}}