{"id":1498,"date":"2023-07-07T03:09:55","date_gmt":"2023-07-07T03:09:55","guid":{"rendered":"http:\/\/yxwool.com\/?post_type=product&#038;p=1498"},"modified":"2023-08-01T08:06:24","modified_gmt":"2023-08-01T08:06:24","slug":"density-125-kg-m3-rock-mineral-wool-insulation-rock-wool-pipe-cover","status":"publish","type":"product","link":"https:\/\/yxwool.com\/de\/produkt\/density-125-kg-m3-rock-mineral-wool-insulation-rock-wool-pipe-cover\/","title":{"rendered":"Dichte 130 kg\/m3 Steinwolle Mineralwolle Isolierung Rohrabdeckung aus Steinwolle"},"content":{"rendered":"<div class=\"J_module\">\n<div class=\"detail-decorate-json-renderer-container\">\n<div class=\"magic-0\">\n<div class=\"magic-1\">\n<div class=\"magic-2\">\n<div class=\"magic-3\">\n<div class=\"magic-4\"><b><i><span class=\"magic-5\" data-spm-anchor-id=\"a2700.details.0.i41.2a0775a65Z37uH\">Dichte 130 kg\/m3 Steinwolle Mineralwolle Isolierung Rohrabdeckung aus Steinwolle<\/span><\/i><\/b><\/div>\n<\/div>\n<\/div>\n<\/div>\n<\/div>\n<\/div>\n<\/div>\n<div class=\"J_module\">\n<div class=\"icbu-pc-images magic-6\">\n<div class=\"flex-layout-v\">\n<div class=\"flex-layout-h magic-6\">\n<div class=\"magic-7\">\n<p><img fetchpriority=\"high\" decoding=\"async\" class=\"wp-image-1499\" src=\"http:\/\/yxwool.com\/wp-content\/uploads\/2023\/07\/H69ebc5db694842e8a5d5408050882941l.jpg\" alt=\"rock wool pipe\" width=\"1200\" height=\"1571\" srcset=\"https:\/\/yxwool.com\/wp-content\/uploads\/2023\/07\/H69ebc5db694842e8a5d5408050882941l.jpg 750w, https:\/\/yxwool.com\/wp-content\/uploads\/2023\/07\/H69ebc5db694842e8a5d5408050882941l-229x300.jpg 229w, https:\/\/yxwool.com\/wp-content\/uploads\/2023\/07\/H69ebc5db694842e8a5d5408050882941l-600x786.jpg 600w\" sizes=\"(max-width: 1200px) 100vw, 1200px\" \/><\/p>\n<\/div>\n<\/div>\n<\/div>\n<\/div>\n<\/div>\n<div><\/div>\n<div><b style=\"font-style: inherit;\">YUXING<sup>\u00ae<\/sup> Steinwollerohr<\/b><span style=\"font-size: 16px;\"> Hergestellt aus Mineralwolle-Isolierung, bietet es Zelluloseschutz gegen viele Risiken, hervorragende thermische und akustische Eigenschaften sowie eine wichtige Feuchtigkeitsbest\u00e4ndigkeit. Sie werden zur W\u00e4rmed\u00e4mmung von Industrierohren, Zentralheizungs- und Solarenergieanlagen, zur Isolierung gegen Einfrieren und Kondenswasserbildung der Rohre sowie zur Vibrations- und Schalld\u00e4mmung von Druckwasserleitungen eingesetzt.<\/span><\/div>\n<div class=\"J_module\">\n<div class=\"detail-decorate-json-renderer-container\">\n<div class=\"magic-0\">\n<div class=\"magic-1\">\n<div class=\"magic-2\">\n<div class=\"magic-3\">\n<div><\/div>\n<\/div>\n<\/div>\n<\/div>\n<\/div>\n<\/div>\n<\/div>\n<div class=\"J_module\">\n<div class=\"detail-decorate-json-renderer-container\">\n<div class=\"magic-0\">\n<div class=\"magic-1\">\n<div class=\"magic-2\">\n<div class=\"magic-3\"><span class=\"magic-16\"><b class=\"magic-12\"><span class=\"magic-17\">Spezifikation des Steinwolle-Isolierrohrs<\/span><\/b><\/span><\/div>\n<\/div>\n<\/div>\n<\/div>\n<\/div>\n<\/div>\n<div class=\"J_module\">\n<div class=\"ife-detail-decorate-table\">\n<table class=\"has-title is-zebra hight-light-first-column all magic-18\">\n<tbody>\n<tr>\n<td colspan=\"1\" rowspan=\"1\">\n<div class=\"magic-19\">\n<div class=\"magic-4\"><b>ARTIKEL<\/b><\/div>\n<\/div>\n<\/td>\n<td colspan=\"1\" rowspan=\"1\">\n<div class=\"magic-20\">\n<div class=\"magic-4\"><b>EINHEIT<\/b><\/div>\n<\/div>\n<\/td>\n<td colspan=\"1\" rowspan=\"1\">\n<div class=\"magic-21\">\n<div class=\"magic-4\"><b>SPEZ<\/b><\/div>\n<\/div>\n<\/td>\n<\/tr>\n<tr>\n<td colspan=\"1\" rowspan=\"1\">\n<div class=\"magic-19\">\n<div class=\"magic-4\">Dichte<\/div>\n<\/div>\n<\/td>\n<td colspan=\"1\" rowspan=\"1\">\n<div class=\"magic-20\">\n<div class=\"magic-4\" data-spm-anchor-id=\"0.0.0.i31.43af4f053e8aw5\">kg\/m<sup>3<\/sup><\/div>\n<\/div>\n<\/td>\n<td colspan=\"1\" rowspan=\"1\">\n<div class=\"magic-21\">\n<div class=\"magic-4\" data-spm-anchor-id=\"0.0.0.i32.43af4f053e8aw5\">80-150<\/div>\n<\/div>\n<\/td>\n<\/tr>\n<tr>\n<td colspan=\"1\" rowspan=\"1\">\n<div class=\"magic-19\">\n<div class=\"magic-4\">L\u00e4nge<\/div>\n<\/div>\n<\/td>\n<td colspan=\"1\" rowspan=\"1\">\n<div class=\"magic-20\">\n<div class=\"magic-4\" data-spm-anchor-id=\"a2700.pc-decorate.0.i28.29973333wdI7cC\">M<\/div>\n<\/div>\n<\/td>\n<td colspan=\"1\" rowspan=\"1\">\n<div class=\"magic-21\">\n<div class=\"magic-4\" data-spm-anchor-id=\"0.0.0.i35.43af4f053e8aw5\">1<\/div>\n<\/div>\n<\/td>\n<\/tr>\n<tr>\n<td colspan=\"1\" rowspan=\"1\">\n<div class=\"magic-19\">\n<div class=\"magic-4\" data-spm-anchor-id=\"a2700.pc-decorate.0.i26.29973333wdI7cC\">Innendurchmesser<\/div>\n<\/div>\n<\/td>\n<td colspan=\"1\" rowspan=\"1\">\n<div class=\"magic-20\">\n<div class=\"magic-4\" data-spm-anchor-id=\"a2700.pc-decorate.0.i25.29973333wdI7cC\">mm<\/div>\n<\/div>\n<\/td>\n<td colspan=\"1\" rowspan=\"1\">\n<div class=\"magic-21\">\n<div class=\"magic-4\" data-spm-anchor-id=\"0.0.0.i34.43af4f053e8aw5\">22-910<\/div>\n<\/div>\n<\/td>\n<\/tr>\n<tr>\n<td colspan=\"1\" rowspan=\"1\">\n<div class=\"magic-22\">\n<div class=\"magic-4\" data-spm-anchor-id=\"0.0.0.i36.43af4f053e8aw5\">Dicke<\/div>\n<\/div>\n<\/td>\n<td colspan=\"1\" rowspan=\"1\">\n<div class=\"magic-23\">\n<div class=\"magic-4\" data-spm-anchor-id=\"0.0.0.i44.43af4f053e8aw5\">mm<\/div>\n<\/div>\n<\/td>\n<td colspan=\"1\" rowspan=\"1\">\n<div class=\"magic-24\">\n<div class=\"magic-4\" data-spm-anchor-id=\"0.0.0.i42.43af4f053e8aw5\">25-150<\/div>\n<\/div>\n<\/td>\n<\/tr>\n<tr>\n<td colspan=\"3\" rowspan=\"1\">\n<div class=\"magic-25\">\n<div class=\"magic-4\" data-spm-anchor-id=\"0.0.0.i43.43af4f053e8aw5\"><i data-spm-anchor-id=\"0.0.0.i46.43af4f053e8aw5\">\u00a0<b>Notiz:<\/b>\u00a0Ma\u00dfgeschneiderte Produkte sind auf Anfrage erh\u00e4ltlich.<\/i><\/div>\n<\/div>\n<\/td>\n<\/tr>\n<\/tbody>\n<\/table>\n<\/div>\n<\/div>\n<div class=\"J_module\">\n<div class=\"icbu-pc-images magic-6\">\n<div class=\"flex-layout-v\">\n<div class=\"flex-layout-h magic-6\">\n<div class=\"magic-29\"><img decoding=\"async\" class=\"alignleft wp-image-1500\" src=\"http:\/\/yxwool.com\/wp-content\/uploads\/2023\/07\/bec51a23-cde3-4bd3-822f-392c70fc718b.jpg\" alt=\"\" width=\"1200\" height=\"1200\" srcset=\"https:\/\/yxwool.com\/wp-content\/uploads\/2023\/07\/bec51a23-cde3-4bd3-822f-392c70fc718b.jpg 690w, https:\/\/yxwool.com\/wp-content\/uploads\/2023\/07\/bec51a23-cde3-4bd3-822f-392c70fc718b-300x300.jpg 300w, https:\/\/yxwool.com\/wp-content\/uploads\/2023\/07\/bec51a23-cde3-4bd3-822f-392c70fc718b-150x150.jpg 150w, https:\/\/yxwool.com\/wp-content\/uploads\/2023\/07\/bec51a23-cde3-4bd3-822f-392c70fc718b-600x600.jpg 600w, https:\/\/yxwool.com\/wp-content\/uploads\/2023\/07\/bec51a23-cde3-4bd3-822f-392c70fc718b-100x100.jpg 100w\" sizes=\"(max-width: 1200px) 100vw, 1200px\" \/><\/div>\n<\/div>\n<\/div>\n<\/div>\n<\/div>\n<div class=\"J_module\">\n<div class=\"icbu-pc-images magic-6\">\n<div class=\"flex-layout-v\">\n<div class=\"flex-layout-h magic-6\">\n<div class=\"magic-31\"><img decoding=\"async\" class=\"alignleft wp-image-1501\" src=\"http:\/\/yxwool.com\/wp-content\/uploads\/2023\/07\/\u8be6\u60c5\u9875-1.jpg\" alt=\"\" width=\"1200\" height=\"2048\" srcset=\"https:\/\/yxwool.com\/wp-content\/uploads\/2023\/07\/\u8be6\u60c5\u9875-1.jpg 750w, https:\/\/yxwool.com\/wp-content\/uploads\/2023\/07\/\u8be6\u60c5\u9875-1-176x300.jpg 176w, https:\/\/yxwool.com\/wp-content\/uploads\/2023\/07\/\u8be6\u60c5\u9875-1-600x1024.jpg 600w\" sizes=\"(max-width: 1200px) 100vw, 1200px\" \/><\/div>\n<\/div>\n<\/div>\n<\/div>\n<\/div>\n<div class=\"J_module\">\n<div class=\"icbu-pc-images magic-6\">\n<div>\n<div class=\"flex-layout-v\">\n<div class=\"flex-layout-h magic-6\">\n<div class=\"magic-33\"><img loading=\"lazy\" decoding=\"async\" class=\"magic-34\" src=\"https:\/\/sc04.alicdn.com\/kf\/Hf9a4eb72e1344d8e921b26e3b9023933B\/240115170\/Hf9a4eb72e1344d8e921b26e3b9023933B.jpg\" width=\"1200\" height=\"995\" data-src=\"\/\/sc04.alicdn.com\/kf\/Hf9a4eb72e1344d8e921b26e3b9023933B\/240115170\/Hf9a4eb72e1344d8e921b26e3b9023933B.jpg\" \/><\/div>\n<\/div>\n<\/div>\n<\/div>\n<\/div>\n<\/div>\n<div class=\"J_module\">\n<div class=\"detail-decorate-json-renderer-container\">\n<div class=\"magic-0\">\n<div class=\"magic-1\">\n<div class=\"magic-2\">\n<div class=\"magic-3\"><\/div>\n<div><\/div>\n<div class=\"magic-3\"><span class=\"magic-35\"><b class=\"magic-12\"><span class=\"magic-16\">Technische Leistung von Steinwolle-Isolierrohren<\/span><\/b><\/span><\/div>\n<\/div>\n<\/div>\n<\/div>\n<\/div>\n<\/div>\n<div class=\"J_module\">\n<div class=\"ife-detail-decorate-table\">\n<table class=\"has-title is-zebra hight-light-first-column all magic-18\">\n<tbody>\n<tr>\n<td colspan=\"2\" rowspan=\"1\">\n<div class=\"magic-36\">\n<div class=\"magic-4\" data-spm-anchor-id=\"0.0.0.i8.43af4f05Sn5kzc\"><b>Testgegenstand<\/b><\/div>\n<\/div>\n<\/td>\n<td colspan=\"1\" rowspan=\"1\">\n<div class=\"magic-38\">\n<div class=\"magic-4\" data-spm-anchor-id=\"0.0.0.i20.43af4f05PSnqdV\"><b data-spm-anchor-id=\"0.0.0.i105.43af4f05lxNjOD\">Einheit<\/b><\/div>\n<\/div>\n<\/td>\n<td colspan=\"1\" rowspan=\"1\">\n<div class=\"magic-39\">\n<div class=\"magic-4\"><b data-spm-anchor-id=\"a2700.pc-decorate.0.i1.50d53333EAQedn\">Testwert<\/b><\/div>\n<\/div>\n<\/td>\n<td colspan=\"1\" rowspan=\"1\">\n<div class=\"magic-40\">\n<div class=\"magic-4\"><b data-spm-anchor-id=\"0.0.0.i3.43af4f05Sn5kzc\">Testmethode<\/b><\/div>\n<\/div>\n<\/td>\n<\/tr>\n<tr>\n<td colspan=\"2\" rowspan=\"1\">\n<div class=\"magic-36\">W\u00e4rmeleitf\u00e4higkeit<\/div>\n<\/td>\n<td colspan=\"1\" rowspan=\"1\">\n<div class=\"magic-38\">\n<div class=\"magic-4\">(W\/m\u00b7K)<\/div>\n<\/div>\n<\/td>\n<td colspan=\"1\" rowspan=\"1\">\n<div class=\"magic-37\">\n<div class=\"magic-4\" data-spm-anchor-id=\"0.0.0.i19.43af4f05PSnqdV\">0.034-0.043<\/div>\n<\/div>\n<\/td>\n<td colspan=\"1\" rowspan=\"1\">\n<div class=\"magic-40\">\n<div class=\"magic-4\">ASTM C177\/C518<\/div>\n<\/div>\n<\/td>\n<\/tr>\n<tr>\n<td colspan=\"2\" rowspan=\"1\">\n<div class=\"magic-36\">Maximale Betriebstemperatur<\/div>\n<\/td>\n<td colspan=\"1\" rowspan=\"1\">\n<div class=\"magic-38\">\n<div class=\"magic-4\">\u2103<\/div>\n<\/div>\n<\/td>\n<td colspan=\"1\" rowspan=\"1\">\n<div class=\"magic-39\">\n<div class=\"magic-4\" data-spm-anchor-id=\"a2700.pc-decorate.0.i4.29973333uSf262\">750<\/div>\n<\/div>\n<\/td>\n<td colspan=\"1\" rowspan=\"1\">\n<div class=\"magic-40\">\n<div class=\"magic-4\">ASTM C411<\/div>\n<\/div>\n<\/td>\n<\/tr>\n<tr>\n<td colspan=\"2\" rowspan=\"1\">\n<div class=\"magic-36\">Druckfestigkeit (10% Verformung)<\/div>\n<\/td>\n<td colspan=\"1\" rowspan=\"1\">\n<div class=\"magic-38\">\n<div class=\"magic-4\">kPa<\/div>\n<\/div>\n<\/td>\n<td colspan=\"1\" rowspan=\"1\">\n<div class=\"magic-39\">\n<div class=\"magic-4\">\u226540<\/div>\n<\/div>\n<\/td>\n<td colspan=\"1\" rowspan=\"1\">\n<div class=\"magic-40\">\n<div class=\"magic-4\">ASTM C165<\/div>\n<\/div>\n<\/td>\n<\/tr>\n<tr>\n<td colspan=\"1\" rowspan=\"2\">\n<div class=\"magic-41\">Oberfl\u00e4chenbrenncharakteristik<\/div>\n<\/td>\n<td colspan=\"1\" rowspan=\"1\">\n<div class=\"magic-37\">Flammenausbreitungsindex<\/div>\n<\/td>\n<td colspan=\"1\" rowspan=\"1\">\n<div class=\"magic-38\">\n<div class=\"magic-4\">&#8211;<\/div>\n<\/div>\n<\/td>\n<td colspan=\"1\" rowspan=\"1\">\n<div class=\"magic-39\">\n<div class=\"magic-4\">0<\/div>\n<\/div>\n<\/td>\n<td colspan=\"1\" rowspan=\"1\">\n<div class=\"magic-40\">\n<div class=\"magic-4\">ASTM E84<\/div>\n<\/div>\n<\/td>\n<\/tr>\n<tr>\n<td colspan=\"1\" rowspan=\"1\">\n<div class=\"magic-39\">Rauchentwicklungsindex<\/div>\n<\/td>\n<td colspan=\"1\" rowspan=\"1\">\n<div class=\"magic-38\">\n<div class=\"magic-4\">&#8211;<\/div>\n<\/div>\n<\/td>\n<td colspan=\"1\" rowspan=\"1\">\n<div class=\"magic-37\">\n<div class=\"magic-4\">0<\/div>\n<\/div>\n<\/td>\n<td colspan=\"1\" rowspan=\"1\">\n<div class=\"magic-40\">\n<div class=\"magic-4\">ASTM E84<\/div>\n<\/div>\n<\/td>\n<\/tr>\n<tr>\n<td colspan=\"2\" rowspan=\"1\">\n<div class=\"magic-36\">Schussinhalt<\/div>\n<\/td>\n<td colspan=\"1\" rowspan=\"1\">\n<div class=\"magic-38\">\n<div class=\"magic-4\" data-spm-anchor-id=\"a2700.pc-decorate.0.i7.50d53333s17pdC\">%<\/div>\n<\/div>\n<\/td>\n<td colspan=\"1\" rowspan=\"1\">\n<div class=\"magic-39\">\n<div class=\"magic-4\" data-spm-anchor-id=\"0.0.0.i11.43af4f05PSnqdV\">\u22647<\/div>\n<\/div>\n<\/td>\n<td colspan=\"1\" rowspan=\"1\">\n<div class=\"magic-40\">\n<div class=\"magic-4\" data-spm-anchor-id=\"a2700.pc-decorate.0.i2.50d53333vWChka\">ASTM C612<\/div>\n<\/div>\n<\/td>\n<\/tr>\n<tr>\n<td colspan=\"2\" rowspan=\"1\">\n<div class=\"magic-36\">S\u00e4ureverh\u00e4ltnis<\/div>\n<\/td>\n<td colspan=\"1\" rowspan=\"1\">\n<div class=\"magic-38\">\n<div class=\"magic-4\" data-spm-anchor-id=\"a2700.pc-decorate.0.i5.50d53333EAQedn\">&#8211;<\/div>\n<\/div>\n<\/td>\n<td colspan=\"1\" rowspan=\"1\">\n<div class=\"magic-39\">\n<div class=\"magic-4\" data-spm-anchor-id=\"a2700.pc-decorate.0.i1.50d53333InZYlK\">\u22651,8<\/div>\n<\/div>\n<\/td>\n<td colspan=\"1\" rowspan=\"1\">\n<div class=\"magic-42\">\n<div class=\"magic-4\">GB\/T 5480<\/div>\n<\/div>\n<\/td>\n<\/tr>\n<tr>\n<td colspan=\"1\" rowspan=\"3\">\n<div class=\"magic-43\">Gesundheit und Sicherheit<\/div>\n<\/td>\n<td colspan=\"1\" rowspan=\"1\">\n<div class=\"magic-37\">Resistenz gegen Pilze<\/div>\n<\/td>\n<td colspan=\"1\" rowspan=\"1\">\n<div class=\"magic-44\">\n<div class=\"magic-4\" data-spm-anchor-id=\"a2700.pc-decorate.0.i8.50d53333s17pdC\">&#8211;<\/div>\n<\/div>\n<\/td>\n<td colspan=\"1\" rowspan=\"1\">\n<div class=\"magic-39\">\n<div class=\"magic-4\" data-spm-anchor-id=\"a2700.pc-decorate.0.i0.50d53333EAQedn\">Keine Bakterien<\/div>\n<\/div>\n<\/td>\n<td colspan=\"1\" rowspan=\"1\">\n<div class=\"magic-40\">\n<div class=\"magic-4\">ASTM C1338<\/div>\n<\/div>\n<\/td>\n<\/tr>\n<tr>\n<td colspan=\"1\" rowspan=\"1\">\n<div class=\"magic-37\">Geruchsemission<\/div>\n<\/td>\n<td colspan=\"1\" rowspan=\"1\">\n<div class=\"magic-38\">\n<div class=\"magic-4\" data-spm-anchor-id=\"a2700.pc-decorate.0.i9.50d53333s17pdC\">&#8211;<\/div>\n<\/div>\n<\/td>\n<td colspan=\"1\" rowspan=\"1\">\n<div class=\"magic-39\">\n<div class=\"magic-4\" data-spm-anchor-id=\"a2700.pc-decorate.0.i11.4b2d3333bs0rRO\">Kein st\u00f6render Geruch<\/div>\n<\/div>\n<\/td>\n<td colspan=\"1\" rowspan=\"1\">\n<div class=\"magic-40\">\n<div class=\"magic-4\">ASTM C665<\/div>\n<\/div>\n<\/td>\n<\/tr>\n<tr>\n<td colspan=\"1\" rowspan=\"1\">\n<div class=\"magic-37\">Korrosionsbest\u00e4ndigkeit<\/div>\n<\/td>\n<td colspan=\"1\" rowspan=\"1\">\n<div class=\"magic-38\">\n<div class=\"magic-4\">&#8211;<\/div>\n<\/div>\n<\/td>\n<td colspan=\"1\" rowspan=\"1\">\n<div class=\"magic-39\">\n<div class=\"magic-4\">Keine chemische Reaktion<\/div>\n<\/div>\n<\/td>\n<td colspan=\"1\" rowspan=\"1\">\n<div class=\"magic-40\">\n<div class=\"magic-4\">ASTM C665<\/div>\n<\/div>\n<\/td>\n<\/tr>\n<tr>\n<td colspan=\"2\" rowspan=\"2\">\n<div class=\"magic-36\">Feuchtigkeitsaufnahme<\/div>\n<\/td>\n<td colspan=\"1\" rowspan=\"1\">\n<div class=\"magic-38\">\n<div class=\"magic-4\" data-spm-anchor-id=\"0.0.0.i1.43af4f05PSnqdV\">% nach Gewicht<\/div>\n<\/div>\n<\/td>\n<td colspan=\"1\" rowspan=\"1\">\n<div class=\"magic-39\">\n<div class=\"magic-4\">\u22641<\/div>\n<\/div>\n<\/td>\n<td colspan=\"1\" rowspan=\"1\">\n<div class=\"magic-40\">\n<div class=\"magic-4\">ASTM C1104\/1104M<\/div>\n<\/div>\n<\/td>\n<\/tr>\n<tr>\n<td colspan=\"1\" rowspan=\"1\">\n<div class=\"magic-38\">\n<div class=\"magic-4\" data-spm-anchor-id=\"0.0.0.i2.43af4f05PSnqdV\">% nach Volumen<\/div>\n<\/div>\n<\/td>\n<td colspan=\"1\" rowspan=\"1\">\n<div class=\"magic-37\">\n<div class=\"magic-4\" data-spm-anchor-id=\"a2700.pc-decorate.0.i13.50d53333s17pdC\">\u22641<\/div>\n<\/div>\n<\/td>\n<td colspan=\"1\" rowspan=\"1\">\n<div class=\"magic-40\">\n<div class=\"magic-4\">ASTM C1104\/1104M<\/div>\n<\/div>\n<\/td>\n<\/tr>\n<tr>\n<td colspan=\"2\" rowspan=\"1\">\n<div class=\"magic-36\">Hydrophobe Rate<\/div>\n<\/td>\n<td colspan=\"1\" rowspan=\"1\">\n<div class=\"magic-38\">\n<div class=\"magic-4\" data-spm-anchor-id=\"0.0.0.i6.43af4f05PSnqdV\">%<\/div>\n<\/div>\n<\/td>\n<td colspan=\"1\" rowspan=\"1\">\n<div class=\"magic-37\">\n<div class=\"magic-4\" data-spm-anchor-id=\"a2700.pc-decorate.0.i10.4b2d3333bs0rRO\">&gt;99<\/div>\n<\/div>\n<\/td>\n<td colspan=\"1\" rowspan=\"1\">\n<div class=\"magic-40\">\n<div class=\"magic-4\">GB\/T 10299<\/div>\n<\/div>\n<\/td>\n<\/tr>\n<tr>\n<td colspan=\"2\" rowspan=\"1\">\n<div class=\"magic-36\">Feuerleistung<\/div>\n<\/td>\n<td colspan=\"1\" rowspan=\"1\">\n<div class=\"magic-38\">\n<div class=\"magic-4\" data-spm-anchor-id=\"0.0.0.i7.43af4f05PSnqdV\">&#8211;<\/div>\n<\/div>\n<\/td>\n<td colspan=\"1\" rowspan=\"1\">\n<div class=\"magic-39\">\n<div class=\"magic-4\" data-spm-anchor-id=\"a2700.pc-decorate.0.i14.50d53333s17pdC\">Nichtbrennbarkeit (Klasse A1)<\/div>\n<\/div>\n<\/td>\n<td colspan=\"1\" rowspan=\"1\">\n<div class=\"magic-40\">\n<div class=\"magic-4\" data-spm-anchor-id=\"a2700.pc-decorate.0.i6.50d53333s17pdC\">EN13501-1 \/ BS 476 Teil 4<\/div>\n<\/div>\n<\/td>\n<\/tr>\n<\/tbody>\n<\/table>\n<\/div>\n<\/div>\n<div class=\"J_module\">\n<div class=\"detail-decorate-json-renderer-container\">\n<div class=\"magic-0\">\n<div class=\"magic-1\">\n<div class=\"magic-2\">\n<div class=\"magic-3\"><span class=\"magic-16\"><b class=\"magic-12\"><span class=\"magic-17\">Isolierung aus Steinwolle <span class=\"magic-12\">Rohr<\/span> Besondere Vorteile:<\/span><span class=\"magic-45\"><br \/>\n<\/span><\/b><\/span><\/p>\n<div><span class=\"magic-12\"><b class=\"magic-12\"><span class=\"magic-16\">\u22c5 <\/span><\/b><span class=\"magic-14\">Sehr wirtschaftlich, erh\u00f6ht die Energieeffizienz des Geb\u00e4udes<br \/>\n<\/span><b class=\"magic-12\"><span class=\"magic-16\">\u22c5 <\/span><\/b><span class=\"magic-14\">Hervorragende thermische Best\u00e4ndigkeit<br \/>\n<\/span><b class=\"magic-12\"><span class=\"magic-16\">\u22c5 <\/span><\/b><span class=\"magic-14\">Nicht brennbar, flammhemmend, wasserdicht, schalldicht<br \/>\n<\/span><b class=\"magic-12\"><span class=\"magic-16\">\u22c5 <\/span><\/b><span class=\"magic-14\">Einfach zu installieren<br \/>\n<\/span><b class=\"magic-12\"><span class=\"magic-16\">\u22c5 <\/span><\/b><span class=\"magic-14\">Geringes Gewicht, einfache Handhabung und Installation vor Ort.<br \/>\n<\/span><b class=\"magic-12\"><span class=\"magic-16\">\u22c5 <\/span><\/b><span class=\"magic-14\">Attraktives Aussehen<br \/>\n<\/span><b class=\"magic-12\"><span class=\"magic-16\">\u22c5 <\/span><\/b><span class=\"magic-14\">Alterungsbest\u00e4ndig<br \/>\n<\/span><b class=\"magic-12\"><span class=\"magic-16\">\u22c5 <\/span><\/b><span class=\"magic-14\">Gute Schallabsorption, keine Korrosion<br \/>\n<\/span><b class=\"magic-12\"><span class=\"magic-16\">\u22c5 <\/span><\/b><span class=\"magic-14\">Energieeinsparung, kein Schaden f\u00fcr den Schutz von Mensch und Umwelt<br \/>\n<\/span><b class=\"magic-12\"><span class=\"magic-16\">\u22c5 <\/span><\/b><span class=\"magic-14\">Ein Leben lang haltbar<\/span><\/span><\/div>\n<\/div>\n<\/div>\n<\/div>\n<\/div>\n<\/div>\n<\/div>\n<div class=\"J_module\">\n<div class=\"detail-decorate-json-renderer-container\">\n<div class=\"magic-0\">\n<div class=\"magic-46\">\n<div class=\"magic-2\">\n<div class=\"magic-3\"><\/div>\n<\/div>\n<\/div>\n<div class=\"magic-46\">\n<div class=\"magic-2\">\n<div class=\"magic-4\"><\/div>\n<\/div>\n<\/div>\n<\/div>\n<\/div>\n<\/div>\n<div class=\"J_module\">\n<div class=\"detail-decorate-json-renderer-container\">\n<div class=\"magic-0\">\n<h3 class=\"magic-10\"><span class=\"magic-16\"><span class=\"magic-17\">Anwendungen von Steinwolle-Isolierrohren:<\/span><\/span><\/h3>\n<div class=\"magic-1\">\n<div class=\"magic-2\">\n<div class=\"magic-3\">\n<p><span class=\"magic-14\"><b>YUXING<sup class=\"magic-12\">\u00ae<\/sup><span class=\"magic-12\"> Isolierrohr aus Steinwolle<\/span><\/b> wird h\u00e4ufig zur Isolierung von hei\u00dfen, kalten, verdeckten und freiliegenden Rohrleitungssystemen verwendet, die bei Temperaturen von -20 \u00b0C bis 450 \u00b0C betrieben werden, wie z. B. K\u00fchlleitungen, Warmwasser-, Dampf- und Kondensatleitungen. Es bietet die kosteng\u00fcnstigste Auswahl an isolierenden mechanischen Systemen f\u00fcr gewerbliche Geb\u00e4ude, Wohngeb\u00e4ude, industrielle W\u00e4rme- und Schalld\u00e4mmungsanforderungen, Industrieanlagen und -prozesse, Erd\u00f6l-, Chemie- und Kraftwerke. <\/span><\/p>\n<\/div>\n<\/div>\n<\/div>\n<\/div>\n<\/div>\n<\/div>\n<div class=\"J_module\">\n<div class=\"icbu-pc-images magic-6\">\n<div>\n<div class=\"flex-layout-v\">\n<div class=\"flex-layout-h magic-6\">\n<div class=\"magic-51\"><img loading=\"lazy\" decoding=\"async\" class=\"magic-52\" src=\"https:\/\/sc04.alicdn.com\/kf\/Hbe2502f33baa4742940b613e70b87fd1f\/240115170\/Hbe2502f33baa4742940b613e70b87fd1f.jpg\" width=\"1200\" height=\"1576\" data-src=\"\/\/sc04.alicdn.com\/kf\/Hbe2502f33baa4742940b613e70b87fd1f\/240115170\/Hbe2502f33baa4742940b613e70b87fd1f.jpg\" \/><\/div>\n<\/div>\n<\/div>\n<\/div>\n<\/div>\n<\/div>\n<div class=\"J_module\">\n<div class=\"icbu-pc-images magic-6\">\n<div>\n<div class=\"flex-layout-v\">\n<div class=\"flex-layout-h magic-6\">\n<div class=\"magic-53\"><img loading=\"lazy\" decoding=\"async\" class=\"magic-54\" src=\"https:\/\/sc04.alicdn.com\/kf\/H01f1f3c58a5a463a87d39668e9344861d\/240115170\/H01f1f3c58a5a463a87d39668e9344861d.jpg\" width=\"1200\" height=\"1432\" data-src=\"\/\/sc04.alicdn.com\/kf\/H01f1f3c58a5a463a87d39668e9344861d\/240115170\/H01f1f3c58a5a463a87d39668e9344861d.jpg\" data-spm-anchor-id=\"a2700.details.0.i42.2a0775a65Z37uH\" \/><\/div>\n<\/div>\n<\/div>\n<\/div>\n<\/div>\n<\/div>","protected":false},"excerpt":{"rendered":"<p>Dichte 130 kg\/m3 Steinwolle Mineralwolle-Isolierung Steinwolle-Rohrabdeckung YUXING\u00ae Steinwollerohre werden aus Mineralwolle-Isolierung hergestellt, bieten Zelluloseschutz gegen viele Risiken, mit hervorragenden thermischen und akustischen Eigenschaften sowie wichtiger Feuchtigkeitsbest\u00e4ndigkeit. Sie werden f\u00fcr die W\u00e4rmed\u00e4mmung von Industrierohren, Zentralheizungen und Solarenergie verwendet [\u2026]<\/p>","protected":false},"featured_media":1502,"template":"","meta":{"site-sidebar-layout":"default","site-content-layout":"default","ast-site-content-layout":"","site-content-style":"default","site-sidebar-style":"default","ast-global-header-display":"","ast-banner-title-visibility":"","ast-main-header-display":"","ast-hfb-above-header-display":"","ast-hfb-below-header-display":"","ast-hfb-mobile-header-display":"","site-post-title":"","ast-breadcrumbs-content":"","ast-featured-img":"","footer-sml-layout":"","theme-transparent-header-meta":"default","adv-header-id-meta":"","stick-header-meta":"","header-above-stick-meta":"","header-main-stick-meta":"","header-below-stick-meta":"","astra-migrate-meta-layouts":"default","ast-page-background-enabled":"default","ast-page-background-meta":{"desktop":{"background-color":"","background-image":"","background-repeat":"repeat","background-position":"center center","background-size":"auto","background-attachment":"scroll","background-type":"","background-media":"","overlay-type":"","overlay-color":"","overlay-opacity":"","overlay-gradient":""},"tablet":{"background-color":"","background-image":"","background-repeat":"repeat","background-position":"center center","background-size":"auto","background-attachment":"scroll","background-type":"","background-media":"","overlay-type":"","overlay-color":"","overlay-opacity":"","overlay-gradient":""},"mobile":{"background-color":"","background-image":"","background-repeat":"repeat","background-position":"center center","background-size":"auto","background-attachment":"scroll","background-type":"","background-media":"","overlay-type":"","overlay-color":"","overlay-opacity":"","overlay-gradient":""}},"ast-content-background-meta":{"desktop":{"background-color":"var(--ast-global-color-5)","background-image":"","background-repeat":"repeat","background-position":"center center","background-size":"auto","background-attachment":"scroll","background-type":"","background-media":"","overlay-type":"","overlay-color":"","overlay-opacity":"","overlay-gradient":""},"tablet":{"background-color":"var(--ast-global-color-5)","background-image":"","background-repeat":"repeat","background-position":"center center","background-size":"auto","background-attachment":"scroll","background-type":"","background-media":"","overlay-type":"","overlay-color":"","overlay-opacity":"","overlay-gradient":""},"mobile":{"background-color":"var(--ast-global-color-5)","background-image":"","background-repeat":"repeat","background-position":"center center","background-size":"auto","background-attachment":"scroll","background-type":"","background-media":"","overlay-type":"","overlay-color":"","overlay-opacity":"","overlay-gradient":""}}},"product_brand":[],"product_cat":[22],"product_tag":[],"class_list":{"0":"post-1498","1":"product","2":"type-product","3":"status-publish","4":"has-post-thumbnail","6":"product_cat-rock-wool","7":"desktop-align-center","8":"tablet-align-left","9":"mobile-align-left","11":"first","12":"instock","13":"shipping-taxable","14":"product-type-simple"},"_links":{"self":[{"href":"https:\/\/yxwool.com\/de\/wp-json\/wp\/v2\/product\/1498","targetHints":{"allow":["GET"]}}],"collection":[{"href":"https:\/\/yxwool.com\/de\/wp-json\/wp\/v2\/product"}],"about":[{"href":"https:\/\/yxwool.com\/de\/wp-json\/wp\/v2\/types\/product"}],"wp:featuredmedia":[{"embeddable":true,"href":"https:\/\/yxwool.com\/de\/wp-json\/wp\/v2\/media\/1502"}],"wp:attachment":[{"href":"https:\/\/yxwool.com\/de\/wp-json\/wp\/v2\/media?parent=1498"}],"wp:term":[{"taxonomy":"product_brand","embeddable":true,"href":"https:\/\/yxwool.com\/de\/wp-json\/wp\/v2\/product_brand?post=1498"},{"taxonomy":"product_cat","embeddable":true,"href":"https:\/\/yxwool.com\/de\/wp-json\/wp\/v2\/product_cat?post=1498"},{"taxonomy":"product_tag","embeddable":true,"href":"https:\/\/yxwool.com\/de\/wp-json\/wp\/v2\/product_tag?post=1498"}],"curies":[{"name":"wp","href":"https:\/\/api.w.org\/{rel}","templated":true}]}}