{"id":1559,"date":"2023-07-07T12:38:07","date_gmt":"2023-07-07T12:38:07","guid":{"rendered":"http:\/\/yxwool.com\/?post_type=product&#038;p=1559"},"modified":"2023-08-01T07:49:11","modified_gmt":"2023-08-01T07:49:11","slug":"fireproof-low-price-foam-glass-insulation-pipe-cellular-glass-foamglass-material-tube","status":"publish","type":"product","link":"https:\/\/yxwool.com\/de\/produkt\/fireproof-low-price-foam-glass-insulation-pipe-cellular-glass-foamglass-material-tube\/","title":{"rendered":"Feuerfestes, preisg\u00fcnstiges Schaumglas-Isolierrohr, Rohr aus Schaumglas-Schaumglasmaterial"},"content":{"rendered":"<div class=\"J_module\">\n<div class=\"detail-decorate-json-renderer-container\">\n<div class=\"magic-0\">\n<h3 class=\"magic-10\"><span class=\"magic-11\" data-spm-anchor-id=\"a2700.details.0.i40.397c33afcu9dE1\">\u00dcbersicht \u00fcber die Schaumglasisolierung<\/span><\/h3>\n<div class=\"magic-1\">\n<div class=\"magic-2\">\n<div class=\"magic-3\">\n<div class=\"magic-12\"><\/div>\n<div class=\"magic-14\"><b>YUXING<sup>\u00ae<\/sup> Hochleistungs-Schaumglas<\/b> Rohre sind eine Art neues anorganisches Isoliermaterial mit Glas als Hauptrohstoff, das mit einer geeigneten Menge Schaummittel gemischt, in einem Hochtemperatur-Tunnelofen gesch\u00e4umt und anschlie\u00dfend durch Gl\u00fchen und K\u00fchlen verarbeitet wird. Es hat eine gleichm\u00e4\u00dfige, unabh\u00e4ngige geschlossene Porenstruktur.<\/div>\n<div class=\"magic-14\"><\/div>\n<div class=\"magic-14\">Es beh\u00e4lt die chemische Stabilit\u00e4t von anorganischem Glas vollst\u00e4ndig bei, hat eine geringe Dichte, eine geringe W\u00e4rmeleitf\u00e4higkeit, keine Feuchtigkeitsdurchl\u00e4ssigkeit, keine Wasseraufnahme, keine Verbrennung, keinen Schimmel, kein Rattenbiss, eine hohe mechanische Festigkeit, ist leicht zu verarbeiten und best\u00e4ndig gegen alle chemischen Angriffe au\u00dfer Fluorwasserstoffs\u00e4ure. Es enth\u00e4lt keine ozonsch\u00e4digenden Treibmittel, flammhemmende Zus\u00e4tze oder Bindemittel, keine VOC oder andere fl\u00fcchtige Substanzen. Es kann zur Isolierung von Rohren und Ger\u00e4ten eingesetzt werden.<\/div>\n<div><\/div>\n<\/div>\n<\/div>\n<\/div>\n<\/div>\n<\/div>\n<\/div>\n<div class=\"J_module\">\n<div class=\"icbu-pc-images magic-6\">\n<div class=\"flex-layout-v\">\n<div class=\"flex-layout-h magic-6\">\n<div class=\"magic-15\">\n<p><img fetchpriority=\"high\" decoding=\"async\" class=\"wp-image-1552\" src=\"http:\/\/yxwool.com\/wp-content\/uploads\/2023\/07\/3-14.jpg\" alt=\"Foamglass Fitting Insulation Elbow 5-1\/2 in ID Fireproof foam glass insulation pipe cellular glass tube\" width=\"1200\" height=\"1200\" srcset=\"https:\/\/yxwool.com\/wp-content\/uploads\/2023\/07\/3-14.jpg 500w, https:\/\/yxwool.com\/wp-content\/uploads\/2023\/07\/3-14-300x300.jpg 300w, https:\/\/yxwool.com\/wp-content\/uploads\/2023\/07\/3-14-150x150.jpg 150w, https:\/\/yxwool.com\/wp-content\/uploads\/2023\/07\/3-14-100x100.jpg 100w\" sizes=\"(max-width: 1200px) 100vw, 1200px\" \/><\/p>\n<p><b class=\"magic-18\" style=\"font-style: inherit;\">Spezifikation von <span class=\"magic-19\">Schaumzellglas<\/span> Isolierung<\/b><\/p>\n<\/div>\n<\/div>\n<\/div>\n<\/div>\n<\/div>\n<div class=\"J_module\">\n<div class=\"ife-detail-decorate-table\">\n<table class=\"has-title is-zebra hight-light-first-column all magic-20\">\n<tbody>\n<tr>\n<td colspan=\"1\" rowspan=\"1\">\n<div class=\"magic-21\">\n<div class=\"magic-4\"><span class=\"magic-13\"><b>ARTIKEL<\/b><\/span><\/div>\n<\/div>\n<\/td>\n<td colspan=\"1\" rowspan=\"1\">\n<div class=\"magic-22\">\n<div class=\"magic-4\"><span class=\"magic-13\"><b>EINHEIT<\/b><\/span><\/div>\n<\/div>\n<\/td>\n<td colspan=\"1\" rowspan=\"1\">\n<div class=\"magic-23\">\n<div class=\"magic-4\" data-spm-anchor-id=\"0.0.0.i32.43af4f05DrP63M\"><span class=\"magic-13\" data-spm-anchor-id=\"0.0.0.i33.43af4f05DrP63M\"><b>SPEZ<\/b><\/span><\/div>\n<\/div>\n<\/td>\n<\/tr>\n<tr>\n<td colspan=\"1\" rowspan=\"1\">\n<div class=\"magic-21\">\n<div class=\"magic-4\" data-spm-anchor-id=\"0.0.0.i30.43af4f05DrP63M\"><span class=\"magic-13\">Dichte<\/span><\/div>\n<\/div>\n<\/td>\n<td colspan=\"1\" rowspan=\"1\">\n<div class=\"magic-22\">\n<div class=\"magic-4\" data-spm-anchor-id=\"0.0.0.i26.43af4f05DrP63M\">kg\/m<sup>3<\/sup><\/div>\n<\/div>\n<\/td>\n<td colspan=\"1\" rowspan=\"1\">\n<div class=\"magic-23\">\n<div class=\"magic-4\">115-120<\/div>\n<\/div>\n<\/td>\n<\/tr>\n<tr>\n<td colspan=\"1\" rowspan=\"1\">\n<div class=\"magic-21\">\n<div class=\"magic-4\">L\u00e4nge<\/div>\n<\/div>\n<\/td>\n<td colspan=\"1\" rowspan=\"1\">\n<div class=\"magic-24\">\n<div class=\"magic-4\" data-spm-anchor-id=\"0.0.0.i14.43af4f05DrP63M\">mm<\/div>\n<\/div>\n<\/td>\n<td colspan=\"1\" rowspan=\"1\">\n<div class=\"magic-23\">\n<div class=\"magic-4\" data-spm-anchor-id=\"0.0.0.i18.43af4f05DrP63M\">600<\/div>\n<\/div>\n<\/td>\n<\/tr>\n<tr>\n<td colspan=\"1\" rowspan=\"1\">\n<div class=\"magic-21\">\n<div class=\"magic-4\">Breite<\/div>\n<\/div>\n<\/td>\n<td colspan=\"1\" rowspan=\"1\">\n<div class=\"magic-24\">\n<div class=\"magic-4\" data-spm-anchor-id=\"0.0.0.i20.43af4f05DrP63M\">mm<\/div>\n<\/div>\n<\/td>\n<td colspan=\"1\" rowspan=\"1\">\n<div class=\"magic-23\">\n<div class=\"magic-4\" data-spm-anchor-id=\"0.0.0.i19.43af4f05DrP63M\">470<\/div>\n<\/div>\n<\/td>\n<\/tr>\n<tr>\n<td colspan=\"1\" rowspan=\"1\">\n<div class=\"magic-21\">\n<div class=\"magic-4\" data-spm-anchor-id=\"a2700.pc-decorate.0.i90.6eb83333v0QWaU\">Dicke<\/div>\n<\/div>\n<\/td>\n<td colspan=\"1\" rowspan=\"1\">\n<div class=\"magic-24\">\n<div class=\"magic-4\" data-spm-anchor-id=\"0.0.0.i21.43af4f05DrP63M\">mm<\/div>\n<\/div>\n<\/td>\n<td colspan=\"1\" rowspan=\"1\">\n<div class=\"magic-23\">\n<div class=\"magic-4\" data-spm-anchor-id=\"0.0.0.i22.43af4f05DrP63M\">30-200<\/div>\n<\/div>\n<\/td>\n<\/tr>\n<tr>\n<td colspan=\"1\" rowspan=\"1\">\n<div class=\"magic-25\">\n<div class=\"magic-4\">Standard<\/div>\n<\/div>\n<\/td>\n<td colspan=\"1\" rowspan=\"1\">\n<div class=\"magic-26\">\n<div class=\"magic-4\">&#8211;<\/div>\n<\/div>\n<\/td>\n<td colspan=\"1\" rowspan=\"1\">\n<div class=\"magic-27\">\n<div class=\"magic-4\" data-spm-anchor-id=\"0.0.0.i5.43af4f05aWIgxh\">ASTM C553<\/div>\n<\/div>\n<\/td>\n<\/tr>\n<tr>\n<td colspan=\"3\" rowspan=\"1\">\n<div class=\"magic-28\">\n<div class=\"magic-4\"><i data-spm-anchor-id=\"0.0.0.i2.43af4f05aWIgxh\"><b>Notiz:<\/b>\u00a0Ma\u00dfgeschneiderte Produkte sind auf Anfrage erh\u00e4ltlich.<\/i><\/div>\n<div class=\"magic-4\"><i data-spm-anchor-id=\"0.0.0.i2.43af4f05aWIgxh\">Rohrschalen, gebogene Platten und Ziegel sind ebenfalls erh\u00e4ltlich.<\/i><\/div>\n<\/div>\n<\/td>\n<\/tr>\n<\/tbody>\n<\/table>\n<\/div>\n<\/div>\n<div class=\"J_module\">\n<div class=\"icbu-pc-images magic-6\">\n<div class=\"flex-layout-v\">\n<div class=\"flex-layout-h magic-6\">\n<div class=\"magic-30\"><img decoding=\"async\" class=\"alignleft wp-image-1531\" src=\"http:\/\/yxwool.com\/wp-content\/uploads\/2023\/07\/\u8be6\u60c5\u9875-2.jpg\" alt=\"\" width=\"1200\" height=\"1555\" srcset=\"https:\/\/yxwool.com\/wp-content\/uploads\/2023\/07\/\u8be6\u60c5\u9875-2.jpg 750w, https:\/\/yxwool.com\/wp-content\/uploads\/2023\/07\/\u8be6\u60c5\u9875-2-231x300.jpg 231w, https:\/\/yxwool.com\/wp-content\/uploads\/2023\/07\/\u8be6\u60c5\u9875-2-600x778.jpg 600w\" sizes=\"(max-width: 1200px) 100vw, 1200px\" \/><img decoding=\"async\" class=\"alignleft wp-image-1532\" src=\"http:\/\/yxwool.com\/wp-content\/uploads\/2023\/07\/22\u8be6\u60c5\u9875.jpg\" alt=\"\" width=\"1200\" height=\"1426\" srcset=\"https:\/\/yxwool.com\/wp-content\/uploads\/2023\/07\/22\u8be6\u60c5\u9875.jpg 750w, https:\/\/yxwool.com\/wp-content\/uploads\/2023\/07\/22\u8be6\u60c5\u9875-253x300.jpg 253w, https:\/\/yxwool.com\/wp-content\/uploads\/2023\/07\/22\u8be6\u60c5\u9875-600x713.jpg 600w\" sizes=\"(max-width: 1200px) 100vw, 1200px\" \/><\/div>\n<\/div>\n<\/div>\n<\/div>\n<\/div>\n<div class=\"J_module\">\n<div class=\"icbu-pc-images magic-6\">\n<div class=\"flex-layout-v\">\n<div class=\"flex-layout-h magic-6\">\n<div class=\"magic-32\"><\/div>\n<\/div>\n<\/div>\n<\/div>\n<\/div>\n<div class=\"J_module\">\n<div class=\"icbu-pc-images magic-6\">\n<div>\n<div class=\"flex-layout-v\">\n<div class=\"flex-layout-h magic-6\">\n<div class=\"magic-34\"><img loading=\"lazy\" decoding=\"async\" class=\"magic-35\" src=\"https:\/\/sc04.alicdn.com\/kf\/H8975ee1492834432adf0053a6242ab05Q\/240115170\/H8975ee1492834432adf0053a6242ab05Q.jpg\" width=\"1199\" height=\"577\" data-src=\"\/\/sc04.alicdn.com\/kf\/H8975ee1492834432adf0053a6242ab05Q\/240115170\/H8975ee1492834432adf0053a6242ab05Q.jpg\" \/><\/div>\n<\/div>\n<\/div>\n<\/div>\n<\/div>\n<\/div>\n<div class=\"J_module\">\n<div class=\"detail-decorate-json-renderer-container\">\n<div class=\"magic-0\">\n<div class=\"magic-1\">\n<div class=\"magic-2\">\n<div class=\"magic-3\"><b class=\"magic-19\"><span class=\"magic-11\"> Technische Leistung von Schaumzellglas<\/span><\/b><\/div>\n<\/div>\n<\/div>\n<\/div>\n<\/div>\n<\/div>\n<div class=\"J_module\">\n<div class=\"ife-detail-decorate-table\">\n<table class=\"has-title is-zebra hight-light-first-column all magic-20\">\n<tbody>\n<tr>\n<td colspan=\"2\" rowspan=\"1\">\n<div class=\"magic-36\">\n<div class=\"magic-4\" data-spm-anchor-id=\"0.0.0.i17.43af4f05s1ya2i\"><b class=\"magic-37\" data-spm-anchor-id=\"a2700.pc-decorate.0.i76.6eb83333WVaA2X\"><span class=\"magic-38\">Testgegenstand<\/span><\/b><\/div>\n<\/div>\n<\/td>\n<td colspan=\"1\" rowspan=\"1\">\n<div class=\"magic-40\">\n<div class=\"magic-4\" data-spm-anchor-id=\"0.0.0.i16.43af4f05s1ya2i\"><b class=\"magic-37\" data-spm-anchor-id=\"a2700.pc-decorate.0.i73.6eb83333WVaA2X\"><span class=\"magic-38\">Einheit<\/span><\/b><\/div>\n<\/div>\n<\/td>\n<td colspan=\"1\" rowspan=\"1\">\n<div class=\"magic-41\">\n<div class=\"magic-4\" data-spm-anchor-id=\"0.0.0.i34.43af4f05s1ya2i\"><b class=\"magic-37\" data-spm-anchor-id=\"a2700.pc-decorate.0.i74.6eb83333WVaA2X\"><span class=\"magic-38\"><span class=\"magic-19\">\u00a0<\/span><span class=\"magic-19\">YX120<\/span><\/span><\/b><\/div>\n<\/div>\n<\/td>\n<td colspan=\"1\" rowspan=\"1\">\n<div class=\"magic-42\">\n<div class=\"magic-4\" data-spm-anchor-id=\"0.0.0.i38.43af4f05s1ya2i\"><b class=\"magic-37\" data-spm-anchor-id=\"a2700.pc-decorate.0.i75.6eb83333WVaA2X\"><span class=\"magic-38\">Testmethode<\/span><\/b><\/div>\n<\/div>\n<\/td>\n<\/tr>\n<tr>\n<td colspan=\"2\" rowspan=\"1\">\n<div class=\"magic-43\">Dichte (\u00b110 % Toleranz)<\/div>\n<\/td>\n<td colspan=\"1\" rowspan=\"1\">\n<div class=\"magic-40\">\n<div class=\"magic-4\" data-spm-anchor-id=\"a2700.pc-decorate.0.i1.6eb83333eTlSV5\">kg\/m<sup>3<\/sup><\/div>\n<\/div>\n<\/td>\n<td colspan=\"1\" rowspan=\"1\">\n<div class=\"magic-41\">\n<div class=\"magic-4\" data-spm-anchor-id=\"a2700.pc-decorate.0.i267.6eb83333WVaA2X\">120<\/div>\n<\/div>\n<\/td>\n<td colspan=\"1\" rowspan=\"1\">\n<div class=\"magic-42\">\n<div class=\"magic-4\" data-spm-anchor-id=\"a2700.pc-decorate.0.i268.6eb83333WVaA2X\">ASTM C303<\/div>\n<\/div>\n<\/td>\n<\/tr>\n<tr>\n<td colspan=\"1\" rowspan=\"2\">\n<div class=\"magic-45\">W\u00e4rmeleitf\u00e4higkeit<\/div>\n<\/td>\n<td colspan=\"1\" rowspan=\"1\">\n<div class=\"magic-46\">Durchschnittlicher Wert<\/div>\n<\/td>\n<td colspan=\"1\" rowspan=\"1\">\n<div class=\"magic-40\">\n<div class=\"magic-4\" data-spm-anchor-id=\"a2700.pc-decorate.0.i1.6eb833330Kkuq5\">W\/(m\u00b7K) (10 \u00b0C)<\/div>\n<\/div>\n<\/td>\n<td colspan=\"1\" rowspan=\"1\">\n<div class=\"magic-41\">\n<div class=\"magic-4\">0.043<\/div>\n<\/div>\n<\/td>\n<td colspan=\"1\" rowspan=\"2\">\n<div class=\"magic-47\">\n<div class=\"magic-4\" data-spm-anchor-id=\"a2700.pc-decorate.0.i247.c63333332HFmGs\">ASTM C177\/C518<\/div>\n<\/div>\n<\/td>\n<\/tr>\n<tr>\n<td colspan=\"1\" rowspan=\"1\">\n<div class=\"magic-46\">H\u00f6chster Einzelwert<\/div>\n<\/td>\n<td colspan=\"1\" rowspan=\"1\">\n<div class=\"magic-40\">\n<div class=\"magic-4\" data-spm-anchor-id=\"a2700.pc-decorate.0.i3.6eb833330Kkuq5\">W\/(m\u00b7K) (10 \u00b0C)<\/div>\n<\/div>\n<\/td>\n<td colspan=\"1\" rowspan=\"1\">\n<div class=\"magic-49\">\n<div class=\"magic-4\">0.044<\/div>\n<\/div>\n<\/td>\n<\/tr>\n<tr>\n<td colspan=\"1\" rowspan=\"2\">\n<div class=\"magic-45\">Druckfestigkeit<\/div>\n<\/td>\n<td colspan=\"1\" rowspan=\"1\">\n<div class=\"magic-46\">Durchschnittlicher Wert<\/div>\n<\/td>\n<td colspan=\"1\" rowspan=\"1\">\n<div class=\"magic-40\">\n<div class=\"magic-4\">MPa<\/div>\n<\/div>\n<\/td>\n<td colspan=\"1\" rowspan=\"1\">\n<div class=\"magic-41\">\n<div class=\"magic-4\">0.8<\/div>\n<\/div>\n<\/td>\n<td colspan=\"1\" rowspan=\"2\">\n<div class=\"magic-47\">\n<div class=\"magic-4\">ASTM C165<\/div>\n<\/div>\n<\/td>\n<\/tr>\n<tr>\n<td colspan=\"1\" rowspan=\"1\">\n<div class=\"magic-46\">\n<div class=\"magic-12\" data-spm-anchor-id=\"a2700.pc-decorate.0.i30.6eb83333WVaA2X\">Niedrigster Einzelwert<\/div>\n<\/div>\n<\/td>\n<td colspan=\"1\" rowspan=\"1\">\n<div class=\"magic-40\">\n<div class=\"magic-4\">MPa<\/div>\n<\/div>\n<\/td>\n<td colspan=\"1\" rowspan=\"1\">\n<div class=\"magic-49\">\n<div class=\"magic-4\">0.55<\/div>\n<\/div>\n<\/td>\n<\/tr>\n<tr>\n<td colspan=\"2\" rowspan=\"1\">\n<div class=\"magic-43\">Biegefestigkeit.Durchschn<\/div>\n<\/td>\n<td colspan=\"1\" rowspan=\"1\">\n<div class=\"magic-40\">\n<div class=\"magic-4\">Mpa<\/div>\n<\/div>\n<\/td>\n<td colspan=\"1\" rowspan=\"1\">\n<div class=\"magic-41\">\n<div class=\"magic-4\">\u22650,32<\/div>\n<\/div>\n<\/td>\n<td colspan=\"1\" rowspan=\"1\">\n<div class=\"magic-42\">\n<div class=\"magic-4\">ASTM C203<\/div>\n<\/div>\n<\/td>\n<\/tr>\n<tr>\n<td colspan=\"2\" rowspan=\"1\">\n<div class=\"magic-43\">Wasserdampfdurchl\u00e4ssigkeit<\/div>\n<\/td>\n<td colspan=\"1\" rowspan=\"1\">\n<div class=\"magic-40\">\n<div class=\"magic-4\">ng\/(pa.ms)<\/div>\n<\/div>\n<\/td>\n<td colspan=\"1\" rowspan=\"1\">\n<div class=\"magic-41\">\n<div class=\"magic-4\">\u22640,007<\/div>\n<\/div>\n<\/td>\n<td colspan=\"1\" rowspan=\"1\">\n<div class=\"magic-42\">\n<div class=\"magic-4\">ASTM E96<\/div>\n<\/div>\n<\/td>\n<\/tr>\n<tr>\n<td colspan=\"2\" rowspan=\"1\">\n<div class=\"magic-43\">Feuchtigkeitsaufnahme nach Vol<\/div>\n<\/td>\n<td colspan=\"1\" rowspan=\"1\">\n<div class=\"magic-40\">\n<div class=\"magic-4\">Vol%<\/div>\n<\/div>\n<\/td>\n<td colspan=\"1\" rowspan=\"1\">\n<div class=\"magic-49\">\n<div class=\"magic-4\">\u22640,5<\/div>\n<\/div>\n<\/td>\n<td colspan=\"1\" rowspan=\"1\">\n<div class=\"magic-42\">\n<div class=\"magic-4\">ASTM C240<\/div>\n<\/div>\n<\/td>\n<\/tr>\n<tr>\n<td colspan=\"2\" rowspan=\"1\">\n<div class=\"magic-43\">Betriebstemperatur<\/div>\n<\/td>\n<td colspan=\"1\" rowspan=\"1\">\n<div class=\"magic-40\">\n<div class=\"magic-4\">\u00b0C<\/div>\n<\/div>\n<\/td>\n<td colspan=\"1\" rowspan=\"1\">\n<div class=\"magic-49\">\n<div class=\"magic-4\" data-spm-anchor-id=\"a2700.pc-decorate.0.i6.6eb83333v5V4I1\">-268\uff5e482<\/div>\n<\/div>\n<\/td>\n<td colspan=\"1\" rowspan=\"1\">\n<div class=\"magic-42\">\n<div class=\"magic-4\" data-spm-anchor-id=\"a2700.pc-decorate.0.i8.6eb83333v5V4I1\">&#8211;<\/div>\n<\/div>\n<\/td>\n<\/tr>\n<tr>\n<td colspan=\"2\" rowspan=\"1\">\n<div class=\"magic-43\">Koeffizient der linearen W\u00e4rmeausdehnung<\/div>\n<\/td>\n<td colspan=\"1\" rowspan=\"1\">\n<div class=\"magic-40\">\n<div class=\"magic-4\">1\/K<\/div>\n<\/div>\n<\/td>\n<td colspan=\"1\" rowspan=\"1\">\n<div class=\"magic-49\">\n<div class=\"magic-4\" data-spm-anchor-id=\"a2700.pc-decorate.0.i1.6eb83333duuNHD\">9\u00d710<sup data-spm-anchor-id=\"a2700.pc-decorate.0.i183.6eb83333WVaA2X\">-6<\/sup><\/div>\n<\/div>\n<\/td>\n<td colspan=\"1\" rowspan=\"1\">\n<div class=\"magic-42\">\n<div class=\"magic-4\">ASTM E228<\/div>\n<\/div>\n<\/td>\n<\/tr>\n<tr>\n<td colspan=\"2\" rowspan=\"1\">\n<div class=\"magic-43\">Brennbarkeit<\/div>\n<\/td>\n<td colspan=\"2\" rowspan=\"1\">\n<div class=\"magic-51\">\n<div class=\"magic-4\">Nicht brennbar (Klasse A1)<\/div>\n<\/div>\n<\/td>\n<td colspan=\"1\" rowspan=\"1\">\n<div class=\"magic-42\">\n<div class=\"magic-4\">ASTM E136<\/div>\n<\/div>\n<\/td>\n<\/tr>\n<tr>\n<td colspan=\"2\" rowspan=\"1\">\n<div class=\"magic-43\">Dimensionsstabilit\u00e4t<\/div>\n<\/td>\n<td colspan=\"2\" rowspan=\"1\">\n<div class=\"magic-51\">\n<div class=\"magic-4\">Hervorragend \u2013 schrumpft nicht und quillt nicht auf.<\/div>\n<\/div>\n<\/td>\n<td colspan=\"1\" rowspan=\"1\">\n<div class=\"magic-47\">\n<div class=\"magic-4\">&#8211;<\/div>\n<\/div>\n<\/td>\n<\/tr>\n<tr>\n<td colspan=\"2\" rowspan=\"1\">\n<div class=\"magic-43\">Farbe<\/div>\n<\/td>\n<td colspan=\"2\" rowspan=\"1\">\n<div class=\"magic-51\">\n<div class=\"magic-4\">Schwarz<\/div>\n<\/div>\n<\/td>\n<td colspan=\"1\" rowspan=\"1\">\n<div class=\"magic-47\">\n<div class=\"magic-4\">&#8211;<\/div>\n<\/div>\n<\/td>\n<\/tr>\n<tr>\n<td colspan=\"2\" rowspan=\"1\">\n<div class=\"magic-43\">Komposition<\/div>\n<\/td>\n<td colspan=\"2\" rowspan=\"1\">\n<div class=\"magic-51\">\n<div class=\"magic-4\">Reines Glas. Kein Asbest, Fasern oder Bindemittel.<\/div>\n<\/div>\n<\/td>\n<td colspan=\"1\" rowspan=\"1\">\n<div class=\"magic-47\">\n<div class=\"magic-4\">&#8211;<\/div>\n<\/div>\n<\/td>\n<\/tr>\n<tr>\n<td colspan=\"2\" rowspan=\"1\">\n<div class=\"magic-43\">Chemische Resistenz<\/div>\n<\/td>\n<td colspan=\"2\" rowspan=\"1\">\n<div class=\"magic-51\">\n<div class=\"magic-4\">Unempfindlich gegen\u00fcber \u00fcblichen S\u00e4uren und deren D\u00e4mpfen.<\/div>\n<\/div>\n<\/td>\n<td colspan=\"1\" rowspan=\"1\">\n<div class=\"magic-47\">\n<div class=\"magic-4\">&#8211;<\/div>\n<\/div>\n<\/td>\n<\/tr>\n<\/tbody>\n<\/table>\n<\/div>\n<\/div>\n<div class=\"J_module\">\n<div class=\"detail-decorate-json-renderer-container\">\n<div class=\"magic-0\">\n<div class=\"magic-1\">\n<div class=\"magic-2\">\n<div class=\"magic-3\">\n<div><span class=\"magic-17\"><b class=\"magic-19\"><span class=\"magic-18\">Besondere Vorteile von Schaumzellglas:<\/span><span class=\"magic-54\"><br \/>\n<\/span><\/b><\/span><\/div>\n<div><span class=\"magic-19\"><b class=\"magic-19\"><span class=\"magic-17\">\u22c5 <\/span><\/b><span class=\"magic-13\">Geringe Dichte, geringe W\u00e4rmeleitf\u00e4higkeit, aber hohe Druckfestigkeit. <\/span><\/span><\/div>\n<div><span class=\"magic-19\"><b class=\"magic-19\"><span class=\"magic-17\">\u22c5 <\/span><\/b><span class=\"magic-13\">Keine Wasseraufnahme, keine Durchl\u00e4ssigkeit. <\/span><\/span><\/div>\n<div><span class=\"magic-19\"><span class=\"magic-17\"><b>\u22c5 <\/b><\/span><span class=\"magic-13\">Niedriger W\u00e4rmeausdehnungskoeffizient, gute Dimensionsstabilit\u00e4t, keine Verformung, kein Riss.<\/span><\/span><\/div>\n<div><span class=\"magic-19\"> <span class=\"magic-17\"><b>\u22c5 <\/b><\/span><span class=\"magic-13\">Feuerbest\u00e4ndig, nicht brennbar und korrosionsbest\u00e4ndig.<\/span><\/span><\/div>\n<div><span class=\"magic-19\"> <b class=\"magic-19\"><span class=\"magic-17\">\u22c5 <\/span><\/b><span class=\"magic-13\">Kein Schimmel, kein Rattenbiss und kein Schutz vor Insektensch\u00e4dlingen oder Mikroorganismen.<\/span><\/span><\/div>\n<div><span class=\"magic-19\"> <b class=\"magic-19\"><span class=\"magic-17\">\u22c5 <\/span><\/b><span class=\"magic-13\">Anwendbar f\u00fcr kryogene, konstante und hohe Temperaturen. <\/span><\/span><\/div>\n<div><span class=\"magic-19\"><b class=\"magic-19\"><span class=\"magic-17\">\u22c5 <\/span><\/b><span class=\"magic-13\">Praktisch f\u00fcr Herstellung und Installation.<\/span><\/span><\/div>\n<div><span class=\"magic-19\"> <b class=\"magic-19\"><span class=\"magic-17\">\u22c5 <\/span><\/b><span class=\"magic-13\">Keine Alterung, keine Verschlechterung. <\/span><\/span><\/div>\n<div><span class=\"magic-19\"><b class=\"magic-19\"><span class=\"magic-17\">\u22c5 <\/span><\/b><span class=\"magic-13\">Umweltfreundlich und recycelbar.<\/span><\/span><\/div>\n<div><span class=\"magic-19\"><b class=\"magic-19\"><span class=\"magic-17\">\u22c5 <\/span><\/b><span class=\"magic-13\">Ausgezeichneter akustischer Koeffizient.<\/span><\/span><\/div>\n<\/div>\n<\/div>\n<\/div>\n<\/div>\n<\/div>\n<\/div>","protected":false},"excerpt":{"rendered":"<p>Foam Cellular Glass Insulation Overview YUXING\u00ae High Performance Cellular Glass Pipe is a kind of new inorganic insulation material with glass as the main raw material, mixed with appropriate amount of foaming agent, foamed by high temperature tunnel kiln, and then processed by annealing and cooling treatment. It has uniform independent closed pore structure. It [&hellip;]<\/p>","protected":false},"featured_media":1560,"template":"","meta":{"site-sidebar-layout":"default","site-content-layout":"default","ast-site-content-layout":"","site-content-style":"default","site-sidebar-style":"default","ast-global-header-display":"","ast-banner-title-visibility":"","ast-main-header-display":"","ast-hfb-above-header-display":"","ast-hfb-below-header-display":"","ast-hfb-mobile-header-display":"","site-post-title":"","ast-breadcrumbs-content":"","ast-featured-img":"","footer-sml-layout":"","theme-transparent-header-meta":"default","adv-header-id-meta":"","stick-header-meta":"","header-above-stick-meta":"","header-main-stick-meta":"","header-below-stick-meta":"","astra-migrate-meta-layouts":"default","ast-page-background-enabled":"default","ast-page-background-meta":{"desktop":{"background-color":"","background-image":"","background-repeat":"repeat","background-position":"center center","background-size":"auto","background-attachment":"scroll","background-type":"","background-media":"","overlay-type":"","overlay-color":"","overlay-opacity":"","overlay-gradient":""},"tablet":{"background-color":"","background-image":"","background-repeat":"repeat","background-position":"center center","background-size":"auto","background-attachment":"scroll","background-type":"","background-media":"","overlay-type":"","overlay-color":"","overlay-opacity":"","overlay-gradient":""},"mobile":{"background-color":"","background-image":"","background-repeat":"repeat","background-position":"center center","background-size":"auto","background-attachment":"scroll","background-type":"","background-media":"","overlay-type":"","overlay-color":"","overlay-opacity":"","overlay-gradient":""}},"ast-content-background-meta":{"desktop":{"background-color":"var(--ast-global-color-5)","background-image":"","background-repeat":"repeat","background-position":"center center","background-size":"auto","background-attachment":"scroll","background-type":"","background-media":"","overlay-type":"","overlay-color":"","overlay-opacity":"","overlay-gradient":""},"tablet":{"background-color":"var(--ast-global-color-5)","background-image":"","background-repeat":"repeat","background-position":"center center","background-size":"auto","background-attachment":"scroll","background-type":"","background-media":"","overlay-type":"","overlay-color":"","overlay-opacity":"","overlay-gradient":""},"mobile":{"background-color":"var(--ast-global-color-5)","background-image":"","background-repeat":"repeat","background-position":"center center","background-size":"auto","background-attachment":"scroll","background-type":"","background-media":"","overlay-type":"","overlay-color":"","overlay-opacity":"","overlay-gradient":""}}},"product_brand":[],"product_cat":[26],"product_tag":[],"class_list":{"0":"post-1559","1":"product","2":"type-product","3":"status-publish","4":"has-post-thumbnail","6":"product_cat-foam-glass","7":"desktop-align-center","8":"tablet-align-left","9":"mobile-align-left","11":"first","12":"instock","13":"shipping-taxable","14":"product-type-simple"},"_links":{"self":[{"href":"https:\/\/yxwool.com\/de\/wp-json\/wp\/v2\/product\/1559","targetHints":{"allow":["GET"]}}],"collection":[{"href":"https:\/\/yxwool.com\/de\/wp-json\/wp\/v2\/product"}],"about":[{"href":"https:\/\/yxwool.com\/de\/wp-json\/wp\/v2\/types\/product"}],"wp:featuredmedia":[{"embeddable":true,"href":"https:\/\/yxwool.com\/de\/wp-json\/wp\/v2\/media\/1560"}],"wp:attachment":[{"href":"https:\/\/yxwool.com\/de\/wp-json\/wp\/v2\/media?parent=1559"}],"wp:term":[{"taxonomy":"product_brand","embeddable":true,"href":"https:\/\/yxwool.com\/de\/wp-json\/wp\/v2\/product_brand?post=1559"},{"taxonomy":"product_cat","embeddable":true,"href":"https:\/\/yxwool.com\/de\/wp-json\/wp\/v2\/product_cat?post=1559"},{"taxonomy":"product_tag","embeddable":true,"href":"https:\/\/yxwool.com\/de\/wp-json\/wp\/v2\/product_tag?post=1559"}],"curies":[{"name":"wp","href":"https:\/\/api.w.org\/{rel}","templated":true}]}}