{"id":1691,"date":"2023-07-18T12:48:02","date_gmt":"2023-07-18T12:48:02","guid":{"rendered":"http:\/\/yxwool.com\/?post_type=product&#038;p=1691"},"modified":"2023-08-01T03:48:11","modified_gmt":"2023-08-01T03:48:11","slug":"ceramic-fiber-paper-insulation-material-seal-heat-resistant-ceramic-isolation","status":"publish","type":"product","link":"https:\/\/yxwool.com\/de\/produkt\/ceramic-fiber-paper-insulation-material-seal-heat-resistant-ceramic-isolation\/","title":{"rendered":"Isoliermaterial aus Keramikfaserpapier, Dichtung, hitzebest\u00e4ndige Keramikisolierung"},"content":{"rendered":"<div class=\"ife-detail-decorate-table\">\n<table class=\"all magic-4\">\n<tbody>\n<tr>\n<td colspan=\"1\" rowspan=\"1\">\n<div class=\"magic-5\"><span class=\"magic-6\" data-spm-anchor-id=\"a2700.details.0.i50.6ea14918O4HC92\">Beschreibung<\/span><\/div>\n<\/td>\n<td colspan=\"4\" rowspan=\"1\">\n<div class=\"magic-7\"><span class=\"magic-6\">Es besteht aus hochwertiger Aluminiumsilikatfaser-Massenwolle und Hochtemperaturbindemittel.<\/span><\/div>\n<\/td>\n<\/tr>\n<tr>\n<td colspan=\"1\" rowspan=\"1\">\n<div class=\"magic-5\">\n<div><\/div>\n<p><span class=\"magic-6\">Eigenschaften<\/span><\/p>\n<\/div>\n<\/td>\n<td colspan=\"4\" rowspan=\"1\">\n<div class=\"magic-7\">\n<p><span class=\"magic-6\">\u2666geringer Schlackenkugelgehalt und keine Schicht\u00a0 \u00a0 \u00a0 \u00a0<\/span><\/p>\n<div data-spm-anchor-id=\"a2700.siteadmin.0.i72.4d893333vFE4Ak\"><span class=\"magic-6\">\u2666geringe W\u00e4rmeleitf\u00e4higkeit und geringe W\u00e4rmespeicherung\u00a0<\/span><\/div>\n<div data-spm-anchor-id=\"a2700.siteadmin.0.i72.4d893333vFE4Ak\"><span class=\"magic-6\">\u2666kein Asbest<\/span><\/div>\n<\/div>\n<\/td>\n<\/tr>\n<tr>\n<td colspan=\"1\" rowspan=\"1\">\n<div class=\"magic-5\"><span class=\"magic-6\">Anwendungen<\/span><\/div>\n<\/td>\n<td colspan=\"4\" rowspan=\"1\">\n<div class=\"magic-7\"><span class=\"magic-6\">\u2666industrielles W\u00e4rmed\u00e4mm- und Dichtungsmaterial<br \/>\n\u2666W\u00e4rme- und Elektroisoliermaterial<br \/>\n\u2666W\u00e4rmed\u00e4mmstoff f\u00fcr die Automobilindustrie<\/span><\/div>\n<\/td>\n<\/tr>\n<\/tbody>\n<\/table>\n<\/div>\n<div id=\"ali-anchor-AliMagic-vo38s9\" class=\"magic-0\" data-section=\"AliMagic-vo38s9\" data-section-title=\"Technical Data\">Technische Daten<\/div>\n<div class=\"icbu-pc-images magic-1\">\n<div>\n<div class=\"flex-layout-v\">\n<div class=\"flex-layout-h magic-1\">\n<div class=\"magic-10\"><img fetchpriority=\"high\" decoding=\"async\" class=\"magic-11\" src=\"https:\/\/sc02.alicdn.com\/kf\/HTB1JzoGKVXXXXXsXXXX760XFXXX2\/200545200\/HTB1JzoGKVXXXXXsXXXX760XFXXX2.png\" width=\"1118\" height=\"1144\" data-src=\"\/\/sc02.alicdn.com\/kf\/HTB1JzoGKVXXXXXsXXXX760XFXXX2\/200545200\/HTB1JzoGKVXXXXXsXXXX760XFXXX2.png\" data-spm-anchor-id=\"a2700.details.0.i48.6ea14918O4HC92\" \/><\/div>\n<\/div>\n<\/div>\n<\/div>\n<\/div>\n<div class=\"icbu-pc-images magic-1\">\n<div class=\"flex-layout-v\">\n<div class=\"flex-layout-h magic-1\">\n<div class=\"magic-12\"><\/div>\n<\/div>\n<\/div>\n<\/div>","protected":false},"excerpt":{"rendered":"<p>Description It is made from high grade aluminum silicate fiber bulk wool and high temperature binder. Characteristics &#x2666;low slag ball content and no layer\u00a0 \u00a0 \u00a0 \u00a0 &#x2666;low thermal conductivity and low heat storage\u00a0 &#x2666;no asbestos Applications &#x2666;industrial thermal insulation and sealing material &#x2666;thermal and electrical insulation material &#x2666;car industrial thermal insulation material Technical Data<\/p>","protected":false},"featured_media":1695,"template":"","meta":{"site-sidebar-layout":"default","site-content-layout":"default","ast-site-content-layout":"","site-content-style":"default","site-sidebar-style":"default","ast-global-header-display":"","ast-banner-title-visibility":"","ast-main-header-display":"","ast-hfb-above-header-display":"","ast-hfb-below-header-display":"","ast-hfb-mobile-header-display":"","site-post-title":"","ast-breadcrumbs-content":"","ast-featured-img":"","footer-sml-layout":"","theme-transparent-header-meta":"default","adv-header-id-meta":"","stick-header-meta":"","header-above-stick-meta":"","header-main-stick-meta":"","header-below-stick-meta":"","astra-migrate-meta-layouts":"default","ast-page-background-enabled":"default","ast-page-background-meta":{"desktop":{"background-color":"","background-image":"","background-repeat":"repeat","background-position":"center center","background-size":"auto","background-attachment":"scroll","background-type":"","background-media":"","overlay-type":"","overlay-color":"","overlay-opacity":"","overlay-gradient":""},"tablet":{"background-color":"","background-image":"","background-repeat":"repeat","background-position":"center center","background-size":"auto","background-attachment":"scroll","background-type":"","background-media":"","overlay-type":"","overlay-color":"","overlay-opacity":"","overlay-gradient":""},"mobile":{"background-color":"","background-image":"","background-repeat":"repeat","background-position":"center center","background-size":"auto","background-attachment":"scroll","background-type":"","background-media":"","overlay-type":"","overlay-color":"","overlay-opacity":"","overlay-gradient":""}},"ast-content-background-meta":{"desktop":{"background-color":"var(--ast-global-color-5)","background-image":"","background-repeat":"repeat","background-position":"center center","background-size":"auto","background-attachment":"scroll","background-type":"","background-media":"","overlay-type":"","overlay-color":"","overlay-opacity":"","overlay-gradient":""},"tablet":{"background-color":"var(--ast-global-color-5)","background-image":"","background-repeat":"repeat","background-position":"center center","background-size":"auto","background-attachment":"scroll","background-type":"","background-media":"","overlay-type":"","overlay-color":"","overlay-opacity":"","overlay-gradient":""},"mobile":{"background-color":"var(--ast-global-color-5)","background-image":"","background-repeat":"repeat","background-position":"center center","background-size":"auto","background-attachment":"scroll","background-type":"","background-media":"","overlay-type":"","overlay-color":"","overlay-opacity":"","overlay-gradient":""}}},"product_brand":[],"product_cat":[24],"product_tag":[],"class_list":{"0":"post-1691","1":"product","2":"type-product","3":"status-publish","4":"has-post-thumbnail","6":"product_cat-ceramic-wool-2","7":"desktop-align-center","8":"tablet-align-left","9":"mobile-align-left","11":"first","12":"instock","13":"shipping-taxable","14":"product-type-simple"},"_links":{"self":[{"href":"https:\/\/yxwool.com\/de\/wp-json\/wp\/v2\/product\/1691","targetHints":{"allow":["GET"]}}],"collection":[{"href":"https:\/\/yxwool.com\/de\/wp-json\/wp\/v2\/product"}],"about":[{"href":"https:\/\/yxwool.com\/de\/wp-json\/wp\/v2\/types\/product"}],"wp:featuredmedia":[{"embeddable":true,"href":"https:\/\/yxwool.com\/de\/wp-json\/wp\/v2\/media\/1695"}],"wp:attachment":[{"href":"https:\/\/yxwool.com\/de\/wp-json\/wp\/v2\/media?parent=1691"}],"wp:term":[{"taxonomy":"product_brand","embeddable":true,"href":"https:\/\/yxwool.com\/de\/wp-json\/wp\/v2\/product_brand?post=1691"},{"taxonomy":"product_cat","embeddable":true,"href":"https:\/\/yxwool.com\/de\/wp-json\/wp\/v2\/product_cat?post=1691"},{"taxonomy":"product_tag","embeddable":true,"href":"https:\/\/yxwool.com\/de\/wp-json\/wp\/v2\/product_tag?post=1691"}],"curies":[{"name":"wp","href":"https:\/\/api.w.org\/{rel}","templated":true}]}}