{"id":1696,"date":"2023-07-18T13:07:46","date_gmt":"2023-07-18T13:07:46","guid":{"rendered":"http:\/\/yxwool.com\/?post_type=product&#038;p=1696"},"modified":"2024-10-25T02:56:59","modified_gmt":"2024-10-25T02:56:59","slug":"aluminum-silicate-1260-ceramic-fibre-wool-insulation-lined-refractory-lining","status":"publish","type":"product","link":"https:\/\/yxwool.com\/de\/produkt\/aluminum-silicate-1260-ceramic-fibre-wool-insulation-lined-refractory-lining\/","title":{"rendered":"Mit Aluminiumsilikat 1260 und Keramikfaserwolle ausgekleidete, feuerfeste Auskleidung"},"content":{"rendered":"<div class=\"J_module\">\n<h3 id=\"ali-anchor-AliMagic-blqjqd\" class=\"magic-0\" data-section=\"AliMagic-blqjqd\" data-section-title=\"Specification\" data-spm-anchor-id=\"a2700.details.0.i29.28837c62mAdSnp\">Spezifikation<\/h3>\n<\/div>\n<div class=\"J_module\">\n<div class=\"ife-detail-decorate-table\">\n<table class=\"has-title all magic-4\">\n<tbody>\n<tr>\n<td colspan=\"2\" rowspan=\"1\">\n<div class=\"magic-5\">Typ (\u2103\uff09<\/div>\n<\/td>\n<td colspan=\"1\" rowspan=\"1\">\n<div class=\"magic-8\">1050 h\u00e4ufig<\/div>\n<\/td>\n<td colspan=\"1\" rowspan=\"1\">\n<div class=\"magic-9\">1260 STD<\/div>\n<\/td>\n<td colspan=\"1\" rowspan=\"1\">\n<div class=\"magic-10\">1350ZrAl<\/div>\n<\/td>\n<td colspan=\"1\" rowspan=\"1\">\n<div class=\"magic-11\">1450 Hz<\/div>\n<\/td>\n<\/tr>\n<tr>\n<td colspan=\"2\" rowspan=\"1\">\n<div class=\"magic-5\">Arbeitstemperatur (\u2103\uff09<\/div>\n<\/td>\n<td colspan=\"1\" rowspan=\"1\">\n<div class=\"magic-8\" data-spm-anchor-id=\"a2700.details.0.i28.28837c62mAdSnp\">950<\/div>\n<\/td>\n<td colspan=\"1\" rowspan=\"1\">\n<div class=\"magic-9\">1150<\/div>\n<\/td>\n<td colspan=\"1\" rowspan=\"1\">\n<div class=\"magic-10\">1250<\/div>\n<\/td>\n<td colspan=\"1\" rowspan=\"1\">\n<div class=\"magic-11\">1350<\/div>\n<\/td>\n<\/tr>\n<tr>\n<td colspan=\"2\" rowspan=\"1\">\n<div class=\"magic-5\">Dichte (kg\/m3)<\/div>\n<\/td>\n<td colspan=\"4\" rowspan=\"1\">\n<div class=\"magic-12\">\u00a0 \u00a0 \u00a0 \u00a0 \u00a0 \u00a0 \u00a0 \u00a0 \u00a0 \u00a0 \u00a0 \u00a0 \u00a0 \u00a0 \u00a0 \u00a0 \u00a0 \u00a0 \u00a0 \u00a0 \u00a0 \u00a0 \u00a0 \u00a0 \u00a0 \u00a0 \u00a064\/80\/96\/128\/140\/160<\/div>\n<\/td>\n<\/tr>\n<tr>\n<td colspan=\"2\" rowspan=\"1\">\n<div class=\"magic-5\">Dauerhafte \u00c4nderung beim Heizen (100%)<\/div>\n<\/td>\n<td colspan=\"1\" rowspan=\"1\">\n<div class=\"magic-8\">950\u2103\u00d724h\u2264\u20133<\/div>\n<\/td>\n<td colspan=\"1\" rowspan=\"1\">\n<div class=\"magic-9\">1150\u2103\u00d724h\u2264\u20133<\/div>\n<\/td>\n<td colspan=\"1\" rowspan=\"1\">\n<div class=\"magic-10\">1250\u2103\u00d724h\u2264\u20133<\/div>\n<\/td>\n<td colspan=\"1\" rowspan=\"1\">\n<div class=\"magic-11\">1350\u2103\u00d724h\u2264\u20133<\/div>\n<\/td>\n<\/tr>\n<tr>\n<td colspan=\"2\" rowspan=\"1\">\n<div class=\"magic-5\">W\u00e4rmeleitf\u00e4higkeit w\/(mk)<\/div>\n<\/td>\n<td colspan=\"1\" rowspan=\"1\">\n<div class=\"magic-8\">0,15(600\u2103\uff090,22\uff08800\u2103\uff09<\/div>\n<\/td>\n<td colspan=\"1\" rowspan=\"1\">\n<div class=\"magic-9\">0,12\uff08600\u2103\uff090,20\uff08800\u2103\uff09<\/div>\n<\/td>\n<td colspan=\"1\" rowspan=\"1\">\n<div class=\"magic-10\">0,12\uff08600\u2103\uff090,20\uff08800\u2103\uff09<\/div>\n<\/td>\n<td colspan=\"1\" rowspan=\"1\">\n<div class=\"magic-11\">0,16\uff08800\u2103\uff09 0,20\uff081000\u2103\uff09<\/div>\n<\/td>\n<\/tr>\n<tr>\n<td class=\"magic-14\" colspan=\"1\" rowspan=\"6\">\n<div class=\"magic-15\">Chemische Zusammensetzung<\/div>\n<\/td>\n<td colspan=\"1\" rowspan=\"1\">\n<div class=\"magic-16\">Al2O3(%)<\/div>\n<\/td>\n<td colspan=\"1\" rowspan=\"1\">\n<div class=\"magic-8\">44<\/div>\n<\/td>\n<td colspan=\"1\" rowspan=\"1\">\n<div class=\"magic-9\">45-46<\/div>\n<\/td>\n<td colspan=\"1\" rowspan=\"1\">\n<div class=\"magic-10\">44<\/div>\n<\/td>\n<td colspan=\"1\" rowspan=\"1\">\n<div class=\"magic-11\">39-40<\/div>\n<\/td>\n<\/tr>\n<tr>\n<td class=\"magic-14\" colspan=\"1\" rowspan=\"1\">\n<div class=\"magic-7\">SIO2(%)<\/div>\n<\/td>\n<td colspan=\"1\" rowspan=\"1\">\n<div class=\"magic-8\">52<\/div>\n<\/td>\n<td colspan=\"1\" rowspan=\"1\">\n<div class=\"magic-9\">53<\/div>\n<\/td>\n<td colspan=\"1\" rowspan=\"1\">\n<div class=\"magic-10\">50<\/div>\n<\/td>\n<td colspan=\"1\" rowspan=\"1\">\n<div class=\"magic-11\">35<\/div>\n<\/td>\n<\/tr>\n<tr>\n<td class=\"magic-14\" colspan=\"1\" rowspan=\"1\">\n<div class=\"magic-7\">ZrO2(%)<\/div>\n<\/td>\n<td colspan=\"1\" rowspan=\"1\">\n<div class=\"magic-8\">&#8212;<\/div>\n<\/td>\n<td colspan=\"1\" rowspan=\"1\">\n<div class=\"magic-9\">&#8212;<\/div>\n<\/td>\n<td colspan=\"1\" rowspan=\"1\">\n<div class=\"magic-10\">5~7<\/div>\n<\/td>\n<td colspan=\"1\" rowspan=\"1\">\n<div class=\"magic-11\">15~17<\/div>\n<\/td>\n<\/tr>\n<tr>\n<td class=\"magic-14\" colspan=\"1\" rowspan=\"1\">\n<div class=\"magic-7\">Fe2O3(%)<\/div>\n<\/td>\n<td colspan=\"1\" rowspan=\"1\">\n<div class=\"magic-8\">\u22641,0<\/div>\n<\/td>\n<td colspan=\"1\" rowspan=\"1\">\n<div class=\"magic-9\">\u22640,8<\/div>\n<\/td>\n<td colspan=\"1\" rowspan=\"1\">\n<div class=\"magic-10\">\u22640,2<\/div>\n<\/td>\n<td colspan=\"1\" rowspan=\"1\">\n<div class=\"magic-11\">\u22640,2<\/div>\n<\/td>\n<\/tr>\n<tr>\n<td class=\"magic-14\" colspan=\"1\" rowspan=\"1\">\n<div class=\"magic-7\">Na2O+K2O(%)<\/div>\n<\/td>\n<td colspan=\"1\" rowspan=\"1\">\n<div class=\"magic-8\">\u22640,4<\/div>\n<\/td>\n<td colspan=\"1\" rowspan=\"1\">\n<div class=\"magic-9\">\u22640,3<\/div>\n<\/td>\n<td colspan=\"1\" rowspan=\"1\">\n<div class=\"magic-10\">\u22640,2<\/div>\n<\/td>\n<td colspan=\"1\" rowspan=\"1\">\n<div class=\"magic-11\">\u22640,2<\/div>\n<\/td>\n<\/tr>\n<tr>\n<td class=\"magic-14\" colspan=\"1\" rowspan=\"1\">\n<div class=\"magic-7\">CaO+MgO<\/div>\n<\/td>\n<td colspan=\"1\" rowspan=\"1\">\n<div class=\"magic-8\">\u22640,3<\/div>\n<\/td>\n<td colspan=\"1\" rowspan=\"1\">\n<div class=\"magic-9\">\u22640,2<\/div>\n<\/td>\n<td colspan=\"1\" rowspan=\"1\">\n<div class=\"magic-10\">\u22640,2<\/div>\n<\/td>\n<td colspan=\"1\" rowspan=\"1\">\n<div class=\"magic-11\">\u22640,2<\/div>\n<\/td>\n<\/tr>\n<tr>\n<td colspan=\"1\" rowspan=\"3\">\n<div class=\"magic-15\">Gr\u00f6\u00dfe<\/div>\n<\/td>\n<td colspan=\"5\" rowspan=\"1\">\n<div class=\"magic-18\">15000\u00d7610\/1220\u00d710 mm 14400\u00d7610\/1220\u00d712,5 mm<\/div>\n<\/td>\n<\/tr>\n<tr>\n<td colspan=\"5\" rowspan=\"1\">\n<div class=\"magic-18\">7200\u00d7610\/1220\u00d720mm 7200\u00d7610\/1220\u00d725mm<\/div>\n<\/td>\n<\/tr>\n<tr>\n<td colspan=\"5\" rowspan=\"1\">\n<div class=\"magic-18\">5000\u00d7610\/1220\u00d730mm 4500\u00d7610\/1220\u00d740mm 3600\u00d7610\/1220\u00d750mm<\/div>\n<\/td>\n<\/tr>\n<tr>\n<td colspan=\"1\" rowspan=\"1\">\n<div class=\"magic-19\">Bemerkungen<\/div>\n<\/td>\n<td colspan=\"5\" rowspan=\"1\">\n<div class=\"magic-20\">Jede andere Gr\u00f6\u00dfe kann nach Ihren W\u00fcnschen hergestellt werden<\/div>\n<\/td>\n<\/tr>\n<\/tbody>\n<\/table>\n<p><img fetchpriority=\"high\" decoding=\"async\" class=\"\" src=\"https:\/\/sc02.alicdn.com\/kf\/HTB1FWPGipuWBuNjSszb763S7FXao\/200545200\/HTB1FWPGipuWBuNjSszb763S7FXao.png\" width=\"1068\" height=\"605\" \/><\/p>\n<h3>Herstellungstechnik<\/h3>\n<p><img decoding=\"async\" class=\"\" src=\"https:\/\/sc01.alicdn.com\/kf\/HTB1CZqwoXuWBuNjSszb763S7FXap\/200545200\/HTB1CZqwoXuWBuNjSszb763S7FXap.png\" width=\"1075\" height=\"837\" \/><\/p>\n<div class=\"J_module\">\n<h3 id=\"ali-anchor-AliMagic-har899\" class=\"magic-39\" data-section=\"AliMagic-har899\" data-section-title=\"Certifications\" data-spm-anchor-id=\"a2700.details.0.i48.28837c62mAdSnp\">Zertifizierungen<\/h3>\n<\/div>\n<div class=\"J_module\">\n<div class=\"icbu-pc-images magic-26\">\n<div>\n<div class=\"flex-layout-v\">\n<div class=\"flex-layout-h magic-26\">\n<div class=\"magic-42\"><img decoding=\"async\" class=\"magic-43\" src=\"https:\/\/sc02.alicdn.com\/kf\/HTB16vEjux9YBuNjy0Ffq6xIsVXax\/200545200\/HTB16vEjux9YBuNjy0Ffq6xIsVXax.jpg\" width=\"1045\" height=\"528\" data-src=\"\/\/sc02.alicdn.com\/kf\/HTB16vEjux9YBuNjy0Ffq6xIsVXax\/200545200\/HTB16vEjux9YBuNjy0Ffq6xIsVXax.jpg\" \/><\/div>\n<\/div>\n<\/div>\n<\/div>\n<\/div>\n<\/div>\n<div class=\"J_module\">\n<div class=\"detail-decorate-json-renderer-container\">\n<div class=\"magic-31\">\n<div class=\"magic-32\">\n<div class=\"magic-33\">\n<div class=\"magic-34\">CE, ISO, MSDS, TESTBERICHT, REACH SGS ETC.<\/div>\n<\/div>\n<\/div>\n<\/div>\n<\/div>\n<\/div>\n<\/div>\n<\/div>","protected":false},"excerpt":{"rendered":"<p>Specification Type(\u2103\uff09 1050 Common 1260 STD 1350ZrAl 1450HZ Working Temprature (\u2103\uff09 950 1150 1250 1350 Density (kg\/m3) \u00a0 \u00a0 \u00a0 \u00a0 \u00a0 \u00a0 \u00a0 \u00a0 \u00a0 \u00a0 \u00a0 \u00a0 \u00a0 \u00a0 \u00a0 \u00a0 \u00a0 \u00a0 \u00a0 \u00a0 \u00a0 \u00a0 \u00a0 \u00a0 \u00a0 \u00a0 \u00a064\/80\/96\/128\/140\/160 Permanent change on heating (100%) 950\u2103\u00d724h\u2264&#8211;3 1150\u2103\u00d724h\u2264&#8211;3 1250\u2103\u00d724h\u2264&#8211;3 1350\u2103\u00d724h\u2264&#8211;3 Thermal conductivity [&hellip;]<\/p>","protected":false},"featured_media":1697,"template":"","meta":{"site-sidebar-layout":"default","site-content-layout":"default","ast-site-content-layout":"default","site-content-style":"default","site-sidebar-style":"default","ast-global-header-display":"","ast-banner-title-visibility":"","ast-main-header-display":"","ast-hfb-above-header-display":"","ast-hfb-below-header-display":"","ast-hfb-mobile-header-display":"","site-post-title":"","ast-breadcrumbs-content":"","ast-featured-img":"","footer-sml-layout":"","theme-transparent-header-meta":"default","adv-header-id-meta":"","stick-header-meta":"","header-above-stick-meta":"","header-main-stick-meta":"","header-below-stick-meta":"","astra-migrate-meta-layouts":"set","ast-page-background-enabled":"default","ast-page-background-meta":{"desktop":{"background-color":"","background-image":"","background-repeat":"repeat","background-position":"center center","background-size":"auto","background-attachment":"scroll","background-type":"","background-media":"","overlay-type":"","overlay-color":"","overlay-opacity":"","overlay-gradient":""},"tablet":{"background-color":"","background-image":"","background-repeat":"repeat","background-position":"center center","background-size":"auto","background-attachment":"scroll","background-type":"","background-media":"","overlay-type":"","overlay-color":"","overlay-opacity":"","overlay-gradient":""},"mobile":{"background-color":"","background-image":"","background-repeat":"repeat","background-position":"center center","background-size":"auto","background-attachment":"scroll","background-type":"","background-media":"","overlay-type":"","overlay-color":"","overlay-opacity":"","overlay-gradient":""}},"ast-content-background-meta":{"desktop":{"background-color":"var(--ast-global-color-5)","background-image":"","background-repeat":"repeat","background-position":"center center","background-size":"auto","background-attachment":"scroll","background-type":"","background-media":"","overlay-type":"","overlay-color":"","overlay-opacity":"","overlay-gradient":""},"tablet":{"background-color":"var(--ast-global-color-5)","background-image":"","background-repeat":"repeat","background-position":"center center","background-size":"auto","background-attachment":"scroll","background-type":"","background-media":"","overlay-type":"","overlay-color":"","overlay-opacity":"","overlay-gradient":""},"mobile":{"background-color":"var(--ast-global-color-5)","background-image":"","background-repeat":"repeat","background-position":"center center","background-size":"auto","background-attachment":"scroll","background-type":"","background-media":"","overlay-type":"","overlay-color":"","overlay-opacity":"","overlay-gradient":""}}},"product_brand":[],"product_cat":[24],"product_tag":[],"class_list":{"0":"post-1696","1":"product","2":"type-product","3":"status-publish","4":"has-post-thumbnail","6":"product_cat-ceramic-wool-2","7":"desktop-align-center","8":"tablet-align-left","9":"mobile-align-left","11":"first","12":"instock","13":"shipping-taxable","14":"product-type-simple"},"_links":{"self":[{"href":"https:\/\/yxwool.com\/de\/wp-json\/wp\/v2\/product\/1696","targetHints":{"allow":["GET"]}}],"collection":[{"href":"https:\/\/yxwool.com\/de\/wp-json\/wp\/v2\/product"}],"about":[{"href":"https:\/\/yxwool.com\/de\/wp-json\/wp\/v2\/types\/product"}],"wp:featuredmedia":[{"embeddable":true,"href":"https:\/\/yxwool.com\/de\/wp-json\/wp\/v2\/media\/1697"}],"wp:attachment":[{"href":"https:\/\/yxwool.com\/de\/wp-json\/wp\/v2\/media?parent=1696"}],"wp:term":[{"taxonomy":"product_brand","embeddable":true,"href":"https:\/\/yxwool.com\/de\/wp-json\/wp\/v2\/product_brand?post=1696"},{"taxonomy":"product_cat","embeddable":true,"href":"https:\/\/yxwool.com\/de\/wp-json\/wp\/v2\/product_cat?post=1696"},{"taxonomy":"product_tag","embeddable":true,"href":"https:\/\/yxwool.com\/de\/wp-json\/wp\/v2\/product_tag?post=1696"}],"curies":[{"name":"wp","href":"https:\/\/api.w.org\/{rel}","templated":true}]}}