{"id":1698,"date":"2023-07-18T13:16:27","date_gmt":"2023-07-18T13:16:27","guid":{"rendered":"http:\/\/yxwool.com\/?post_type=product&#038;p=1698"},"modified":"2023-08-01T03:37:54","modified_gmt":"2023-08-01T03:37:54","slug":"high-temperature-isolation-refractory-ceramic-fiber-board","status":"publish","type":"product","link":"https:\/\/yxwool.com\/de\/produkt\/high-temperature-isolation-refractory-ceramic-fiber-board\/","title":{"rendered":"Hochtemperaturisolierende feuerfeste Keramikfaserplatte"},"content":{"rendered":"<p><b>Yuxing-Keramikfaserplatte<\/b> bestehen aus verschiedenen feuerfesten Fasermassen mit ausgezeichneter chemischer Stabilit\u00e4t, organischer und anorganischer Bindung durch Nassverfahren und Vakuumformung, die in vielen Industriezweigen anwendbar sind. Die Faserplatte zeichnet sich durch harte, flexible, ausgezeichnete Festigkeit und Korrosionsbest\u00e4ndigkeit aus.<\/p>\n<table class=\"is-zebra all magic-8\">\n<tbody>\n<tr>\n<td colspan=\"1\" rowspan=\"1\">\n<div class=\"magic-9\"><span class=\"magic-10\" style=\"font-family: Arial;\" data-spm-anchor-id=\"a2700.details.0.i32.2c6a2572C2Wbmf\">Grad<\/span><\/div>\n<\/td>\n<td colspan=\"1\" rowspan=\"1\">\n<div class=\"magic-11\"><span class=\"magic-10\" style=\"font-family: Arial;\">1260 Standard-Keramikfaserplatte<\/span><\/div>\n<\/td>\n<\/tr>\n<tr>\n<td colspan=\"1\" rowspan=\"1\">\n<div class=\"magic-9\"><span class=\"magic-10\" style=\"font-family: Arial;\">Gr\u00f6\u00dfe und Spezifikation<\/span><\/div>\n<\/td>\n<td colspan=\"1\" rowspan=\"1\">\n<div class=\"magic-11\"><span class=\"magic-10\" style=\"font-family: Arial;\">1. L\u00e4nge: 1200.1000.900.600 mm2. Breite: 1000.600.400 mm<br \/>\n3. Dicke: 6\u201350 mm<\/span><\/div>\n<\/td>\n<\/tr>\n<tr>\n<td colspan=\"1\" rowspan=\"1\">\n<div class=\"magic-9\"><span class=\"magic-10\" style=\"font-family: Arial;\">Dichte<\/span><\/div>\n<\/td>\n<td colspan=\"1\" rowspan=\"1\">\n<div class=\"magic-11\"><span class=\"magic-10\" style=\"font-family: Arial;\">280\u2013500 kg\/m3<\/span><\/div>\n<\/td>\n<\/tr>\n<tr>\n<td colspan=\"1\" rowspan=\"1\">\n<div class=\"magic-9\"><span class=\"magic-10\" style=\"font-family: Arial;\">Arbeitstemperatur<\/span><\/div>\n<\/td>\n<td colspan=\"1\" rowspan=\"1\">\n<div class=\"magic-11\"><span class=\"magic-10\" style=\"font-family: Arial;\">1260 Standard \u2013 1050\u2103(1922\u2109)<\/span><\/div>\n<\/td>\n<\/tr>\n<tr>\n<td colspan=\"1\" rowspan=\"1\">\n<div class=\"magic-9\"><span class=\"magic-10\" style=\"font-family: Arial;\">Zertifikat<\/span><\/div>\n<\/td>\n<td colspan=\"1\" rowspan=\"1\">\n<div class=\"magic-11\"><span class=\"magic-10\" style=\"font-family: Arial;\">Sicherheitsdatenblatt, ISO9001, CE-Standard: T\u00dcV, BV, SGS<\/span><\/div>\n<\/td>\n<\/tr>\n<tr>\n<td colspan=\"1\" rowspan=\"1\">\n<div class=\"magic-9\"><span class=\"magic-10\" style=\"font-family: Arial;\">Probe<\/span><\/div>\n<\/td>\n<td colspan=\"1\" rowspan=\"1\">\n<div class=\"magic-11\"><span class=\"magic-10\" style=\"font-family: Arial;\">Wir k\u00f6nnen Muster kostenlos liefern.<\/span><\/div>\n<\/td>\n<\/tr>\n<tr>\n<td colspan=\"1\" rowspan=\"1\">\n<div class=\"magic-9\"><span class=\"magic-10\" style=\"font-family: Arial;\">Paket<\/span><\/div>\n<\/td>\n<td colspan=\"1\" rowspan=\"1\">\n<div class=\"magic-11\"><span class=\"magic-10\" style=\"font-family: Arial;\">Karton oder Palette<\/span><\/div>\n<\/td>\n<\/tr>\n<\/tbody>\n<\/table>\n<p><img fetchpriority=\"high\" decoding=\"async\" class=\"\" src=\"https:\/\/sc01.alicdn.com\/kf\/Hceea105426bd4b47a7b658e9b206fc441\/200545200\/Hceea105426bd4b47a7b658e9b206fc441.jpg\" width=\"1067\" height=\"370\" \/><\/p>\n<div class=\"J_module\">\n<div class=\"detail-decorate-json-renderer-container\">\n<div class=\"magic-1\">\n<h3 class=\"magic-17\"><b><span class=\"magic-18\" style=\"font-family: Arial;\">Merkmale<\/span><\/b><\/h3>\n<div class=\"magic-19\">\n<div class=\"magic-3\">\n<div class=\"magic-4\"><span class=\"magic-10\" style=\"font-family: Arial;\">\u2666 Geringe W\u00e4rmespeicherung und geringe W\u00e4rmeleitf\u00e4higkeit<br \/>\n\u2666 Hohe Druckfestigkeit<br \/>\n\u2666 Unzerbrechliche Materialien und gute Z\u00e4higkeit<br \/>\n\u2666 Genaue Abmessungen und gute Helligkeit<\/span><\/div>\n<\/div>\n<\/div>\n<div class=\"magic-19\">\n<div class=\"magic-3\">\n<div class=\"magic-20\"><span class=\"magic-10\" style=\"font-family: Arial;\">\u2666 Strukturhomogenit\u00e4t und einfache Bearbeitung<br \/>\n\u2666 Gleichm\u00e4\u00dfige Faser mit stabilen Eigenschaften<br \/>\n\u2666 Hervorragende Hitzestabilit\u00e4t und Thermoschockbest\u00e4ndigkeit<br \/>\n\u2666 Einfach zu installieren<\/span><\/div>\n<div><\/div>\n<\/div>\n<\/div>\n<\/div>\n<\/div>\n<\/div>\n<div class=\"J_module\">\n<div class=\"icbu-pc-images magic-5\">\n<div>\n<div class=\"flex-layout-v\">\n<div class=\"flex-layout-h magic-5\">\n<div class=\"magic-21\"><img decoding=\"async\" class=\"magic-22\" src=\"https:\/\/sc01.alicdn.com\/kf\/H77cb4c5486354bd198694a5e10d341e1P\/200545200\/H77cb4c5486354bd198694a5e10d341e1P.jpg\" width=\"1126\" height=\"746\" data-src=\"\/\/sc01.alicdn.com\/kf\/H77cb4c5486354bd198694a5e10d341e1P\/200545200\/H77cb4c5486354bd198694a5e10d341e1P.jpg\" \/><\/div>\n<div class=\"magic-23\"><img decoding=\"async\" class=\"magic-24\" src=\"https:\/\/sc02.alicdn.com\/kf\/H24f91084069245678b623ffb1bda1376e\/200545200\/H24f91084069245678b623ffb1bda1376e.jpg\" width=\"1079\" height=\"740\" data-src=\"\/\/sc02.alicdn.com\/kf\/H24f91084069245678b623ffb1bda1376e\/200545200\/H24f91084069245678b623ffb1bda1376e.jpg\" \/><\/div>\n<\/div>\n<\/div>\n<\/div>\n<\/div>\n<\/div>\n<div class=\"J_module\">\n<div class=\"detail-decorate-json-renderer-container\">\n<div class=\"magic-1\">\n<div><span class=\"magic-18\"><b>\u00a0<\/b><\/span><\/div>\n<h3 class=\"magic-25\"><span class=\"magic-18\"><b>Anwendung<\/b><\/span><\/h3>\n<div class=\"magic-2\">\n<div class=\"magic-3\">\n<div class=\"magic-4\">\u2666 Zementbauindustrie, Ofenr\u00fcckwand-W\u00e4rmed\u00e4mmung<br \/>\n\u2666 Keramische Industrieauskleidung verschiedener \u00d6fen zur W\u00e4rmed\u00e4mmung<br \/>\n\u2666 Petrochemische und metallurgische Industrie \u2013 Hinterverkleidungen, Wandverkleidungen und Ling-W\u00e4rmed\u00e4mmung<br \/>\n\u2666 Glasofenauskleidung und W\u00e4rmed\u00e4mmung der Hinterauskleidung<br \/>\n\u2666 W\u00e4rmebehandlungsofen-Backofen-R\u00fcckwand-W\u00e4rmed\u00e4mmung<br \/>\n\u2666 Aluminium-Fabriken-Reduktionszellen-Schamottesteine-R\u00fcckw\u00e4nde<br \/>\n\u2666 Hochtemperaturreaktion, Heizger\u00e4t-Wandverkleidung und Hinterverkleidungen<\/div>\n<\/div>\n<\/div>\n<\/div>\n<\/div>\n<\/div>","protected":false},"excerpt":{"rendered":"<p>Yuxing ceramic fiber board are made of different refractory fiber bulks with excellent chemical stability, organic and inorganic bond by wet method and vacuum forming processing which is applicable to many kinds of industries .The fiber board with a characteristics of hard, flexible, excellent strength and resistance against corrosion. Grade 1260 standard ceramic fiber board [&hellip;]<\/p>","protected":false},"featured_media":1699,"template":"","meta":{"site-sidebar-layout":"default","site-content-layout":"default","ast-site-content-layout":"","site-content-style":"default","site-sidebar-style":"default","ast-global-header-display":"","ast-banner-title-visibility":"","ast-main-header-display":"","ast-hfb-above-header-display":"","ast-hfb-below-header-display":"","ast-hfb-mobile-header-display":"","site-post-title":"","ast-breadcrumbs-content":"","ast-featured-img":"","footer-sml-layout":"","theme-transparent-header-meta":"default","adv-header-id-meta":"","stick-header-meta":"","header-above-stick-meta":"","header-main-stick-meta":"","header-below-stick-meta":"","astra-migrate-meta-layouts":"default","ast-page-background-enabled":"default","ast-page-background-meta":{"desktop":{"background-color":"","background-image":"","background-repeat":"repeat","background-position":"center center","background-size":"auto","background-attachment":"scroll","background-type":"","background-media":"","overlay-type":"","overlay-color":"","overlay-opacity":"","overlay-gradient":""},"tablet":{"background-color":"","background-image":"","background-repeat":"repeat","background-position":"center center","background-size":"auto","background-attachment":"scroll","background-type":"","background-media":"","overlay-type":"","overlay-color":"","overlay-opacity":"","overlay-gradient":""},"mobile":{"background-color":"","background-image":"","background-repeat":"repeat","background-position":"center center","background-size":"auto","background-attachment":"scroll","background-type":"","background-media":"","overlay-type":"","overlay-color":"","overlay-opacity":"","overlay-gradient":""}},"ast-content-background-meta":{"desktop":{"background-color":"var(--ast-global-color-5)","background-image":"","background-repeat":"repeat","background-position":"center center","background-size":"auto","background-attachment":"scroll","background-type":"","background-media":"","overlay-type":"","overlay-color":"","overlay-opacity":"","overlay-gradient":""},"tablet":{"background-color":"var(--ast-global-color-5)","background-image":"","background-repeat":"repeat","background-position":"center center","background-size":"auto","background-attachment":"scroll","background-type":"","background-media":"","overlay-type":"","overlay-color":"","overlay-opacity":"","overlay-gradient":""},"mobile":{"background-color":"var(--ast-global-color-5)","background-image":"","background-repeat":"repeat","background-position":"center center","background-size":"auto","background-attachment":"scroll","background-type":"","background-media":"","overlay-type":"","overlay-color":"","overlay-opacity":"","overlay-gradient":""}}},"product_brand":[],"product_cat":[24],"product_tag":[],"class_list":{"0":"post-1698","1":"product","2":"type-product","3":"status-publish","4":"has-post-thumbnail","6":"product_cat-ceramic-wool-2","7":"desktop-align-center","8":"tablet-align-left","9":"mobile-align-left","11":"first","12":"instock","13":"shipping-taxable","14":"product-type-simple"},"_links":{"self":[{"href":"https:\/\/yxwool.com\/de\/wp-json\/wp\/v2\/product\/1698","targetHints":{"allow":["GET"]}}],"collection":[{"href":"https:\/\/yxwool.com\/de\/wp-json\/wp\/v2\/product"}],"about":[{"href":"https:\/\/yxwool.com\/de\/wp-json\/wp\/v2\/types\/product"}],"wp:featuredmedia":[{"embeddable":true,"href":"https:\/\/yxwool.com\/de\/wp-json\/wp\/v2\/media\/1699"}],"wp:attachment":[{"href":"https:\/\/yxwool.com\/de\/wp-json\/wp\/v2\/media?parent=1698"}],"wp:term":[{"taxonomy":"product_brand","embeddable":true,"href":"https:\/\/yxwool.com\/de\/wp-json\/wp\/v2\/product_brand?post=1698"},{"taxonomy":"product_cat","embeddable":true,"href":"https:\/\/yxwool.com\/de\/wp-json\/wp\/v2\/product_cat?post=1698"},{"taxonomy":"product_tag","embeddable":true,"href":"https:\/\/yxwool.com\/de\/wp-json\/wp\/v2\/product_tag?post=1698"}],"curies":[{"name":"wp","href":"https:\/\/api.w.org\/{rel}","templated":true}]}}