{"id":1702,"date":"2023-07-18T13:17:25","date_gmt":"2023-07-18T13:17:25","guid":{"rendered":"http:\/\/yxwool.com\/?post_type=product&#038;p=1702"},"modified":"2023-11-14T08:22:59","modified_gmt":"2023-11-14T08:22:59","slug":"lowes-fireproof-thermal-insulation-ceramic-fiber-board-for-fireplace","status":"publish","type":"product","link":"https:\/\/yxwool.com\/de\/produkt\/lowes-fireproof-thermal-insulation-ceramic-fiber-board-for-fireplace\/","title":{"rendered":"Feuerfeste W\u00e4rmed\u00e4mmplatte aus Keramikfaser f\u00fcr den Kamin"},"content":{"rendered":"<p data-spm-anchor-id=\"a2700.details.0.i39.16ae22a53vrc9v\"><span data-spm-anchor-id=\"a2700.details.0.i37.16ae22a53vrc9v\">Die Keramikfaserplatten bestehen aus verschiedenen feuerfesten Fasermassen mit ausgezeichneter chemischer Stabilit\u00e4t.<\/span>\u00a0<span data-spm-anchor-id=\"a2700.details.0.i38.16ae22a53vrc9v\">organische und anorganische Bindung durch Nassverfahren und Vakuumformung, die in vielen Industriezweigen anwendbar ist. Die Faserplatte mit den Eigenschaften hart, flexibel,<\/span> ausgezeichnete Festigkeit und Korrosionsbest\u00e4ndigkeit. Die hitzebest\u00e4ndige Keramikfaserplatte 1260 STD f\u00fcr Kamine mit hoher Dichte wird mit verschiedenen Aluminiumoxid-Siliziumoxid-Fasern f\u00fcr Anwendungen bei Temperaturen bis zu 1050 \u00b0C durch Vakuumformtechnologie hergestellt. Mit den Eigenschaften hart, ausgezeichnete Festigkeit, geringes Gewicht und einfache Handhabung. Es ist das ideale Material f\u00fcr \u00d6fen, Kesselkan\u00e4le, Schornsteinauskleidungen und andere W\u00e4rmeger\u00e4te.<\/p>\n<div id=\"ali-anchor-AliPostDhMb-lcqg5\" class=\"mceSectionContainer\" data-section=\"AliPostDhMb-lcqg5\" data-section-title=\"Technical Data\">\n<div>\n<h3><span data-spm-anchor-id=\"a2700.details.0.i41.16ae22a53vrc9v\">Technische Daten<\/span><\/h3>\n<table border=\"1\" cellspacing=\"1\" cellpadding=\"0\">\n<tbody>\n<tr>\n<td colspan=\"2\">Grad<\/td>\n<td>\n<p align=\"center\">Standard<\/p>\n<\/td>\n<td colspan=\"2\">\n<p align=\"center\">Hochrein<\/p>\n<\/td>\n<td>\n<p align=\"center\">Hoher Aluminiumgehalt<\/p>\n<\/td>\n<td colspan=\"2\">\n<p align=\"center\">Zirkonium<\/p>\n<\/td>\n<\/tr>\n<tr>\n<td colspan=\"2\">\n<p data-spm-anchor-id=\"a2700.details.0.i40.16ae22a53vrc9v\">Max. Temperatur (\u00b0C)<\/p>\n<\/td>\n<td>\n<p align=\"center\">1260<\/p>\n<\/td>\n<td colspan=\"2\">\n<p align=\"center\">\n<\/td>\n<td>\n<p align=\"center\">1350<\/p>\n<\/td>\n<td colspan=\"2\">\n<p align=\"center\">1450<\/p>\n<\/td>\n<\/tr>\n<tr>\n<td colspan=\"2\">KLASSIFIZIERUNG Temperatur<\/td>\n<td>1150<\/td>\n<td colspan=\"2\">\n<p align=\"center\">\n<\/td>\n<td>\n<p align=\"center\">1260<\/p>\n<\/td>\n<td colspan=\"2\">\n<p align=\"center\">1350<\/p>\n<\/td>\n<\/tr>\n<tr>\n<td colspan=\"2\">Organischer Inhalt (%)<\/td>\n<td>\n<p align=\"center\">\u22645<\/p>\n<\/td>\n<td colspan=\"2\">\n<p align=\"center\">\u22645<\/p>\n<\/td>\n<td>\n<p align=\"center\">\u22645<\/p>\n<\/td>\n<td colspan=\"2\">\n<p align=\"center\">\u22645<\/p>\n<\/td>\n<\/tr>\n<tr>\n<td rowspan=\"3\">W\u00e4rmeleitf\u00e4higkeit bei mittlerer Temperatur. (W\/mk) (250kg\/m3)<\/td>\n<td>400\u00b0C<\/td>\n<td colspan=\"3\">\n<p align=\"center\">0.85<\/p>\n<\/td>\n<td colspan=\"3\">\n<p align=\"center\">0.85<\/p>\n<\/td>\n<\/tr>\n<tr>\n<td>800\u00b0C<\/td>\n<td colspan=\"3\">\n<p align=\"center\">0.132<\/p>\n<\/td>\n<td colspan=\"3\">\n<p align=\"center\">0.132<\/p>\n<\/td>\n<\/tr>\n<tr>\n<td>100\u00b0C<\/td>\n<td colspan=\"3\">\n<p align=\"center\">0.180<\/p>\n<\/td>\n<td colspan=\"3\">\n<p align=\"center\">0.180<\/p>\n<\/td>\n<\/tr>\n<tr>\n<td rowspan=\"5\">Chemische Zusammensetzung<\/p>\n<p>(%)<\/td>\n<td>AL2O3<\/td>\n<td colspan=\"2\">\n<p align=\"center\">43<\/p>\n<\/td>\n<td>\n<p align=\"center\">47<\/p>\n<\/td>\n<td colspan=\"2\">\n<p align=\"left\">55<\/p>\n<\/td>\n<td>\n<p align=\"left\">38<\/p>\n<\/td>\n<\/tr>\n<tr>\n<td>SiO2<\/td>\n<td colspan=\"2\">\n<p align=\"center\">53<\/p>\n<\/td>\n<td>\n<p align=\"center\">51<\/p>\n<\/td>\n<td colspan=\"2\">\n<p align=\"left\">44<\/p>\n<\/td>\n<td>\n<p align=\"left\">44<\/p>\n<\/td>\n<\/tr>\n<tr>\n<td>Fe2O3 + Ti2O3<\/td>\n<td colspan=\"2\">\n<p align=\"left\">\u22641,2<\/p>\n<\/td>\n<td>\n<p align=\"left\">\u22640,3<\/p>\n<\/td>\n<td colspan=\"2\">\n<p align=\"left\">\u22640,3<\/p>\n<\/td>\n<td>\n<p align=\"left\">\u22640,2<\/p>\n<\/td>\n<\/tr>\n<tr>\n<td>CaO + MgO<\/td>\n<td colspan=\"2\">\n<p align=\"left\">\u22640,3<\/p>\n<\/td>\n<td>\n<p align=\"left\">\u22640,3<\/p>\n<\/td>\n<td colspan=\"2\">\n<p align=\"left\">\u22640,3<\/p>\n<\/td>\n<td>\n<p align=\"left\">\u22640,2<\/p>\n<\/td>\n<\/tr>\n<tr>\n<td>NaO + KO2<\/td>\n<td colspan=\"2\">\n<p align=\"left\">\u22640,5<\/p>\n<\/td>\n<td>\n<p align=\"left\">\u22640,3<\/p>\n<\/td>\n<td colspan=\"2\">\n<p align=\"left\">\u22640,3<\/p>\n<\/td>\n<td>\n<p align=\"left\">\u22640,2<\/p>\n<\/td>\n<\/tr>\n<tr>\n<td colspan=\"2\">Dichte (kg\/m3)<\/td>\n<td colspan=\"6\">\n<p align=\"center\">280-500<\/p>\n<\/td>\n<\/tr>\n<tr>\n<td colspan=\"2\">Gr\u00f6\u00dfe (mm)<\/td>\n<td colspan=\"6\">1000*600 \u00a0 1200*500 \u00a01200*1000 \u00a0900*600 \u00a0 1000*1200<\/p>\n<p>600*400<\/p>\n<p>Dicke: 3-50<\/p>\n<p>(Andere Gr\u00f6\u00dfen und Formen auf Anfrage. )<\/td>\n<\/tr>\n<tr>\n<td colspan=\"2\">\u00a0Paket<\/td>\n<td colspan=\"6\">\n<p align=\"left\">Kartonschachtel<\/p>\n<\/td>\n<\/tr>\n<tr>\n<td colspan=\"2\">\u00a0Zertifikate<\/td>\n<td colspan=\"6\">\n<p align=\"left\">\u00a0ISO9001-2008; Sicherheitsdatenblatt<\/p>\n<\/td>\n<\/tr>\n<\/tbody>\n<\/table>\n<\/div>\n<\/div>\n<p><img fetchpriority=\"high\" decoding=\"async\" class=\"\" src=\"https:\/\/sc01.alicdn.com\/kf\/Hceea105426bd4b47a7b658e9b206fc441\/200545200\/Hceea105426bd4b47a7b658e9b206fc441.jpg\" width=\"1067\" height=\"370\" \/><\/p>\n<div class=\"J_module\">\n<div class=\"detail-decorate-json-renderer-container\">\n<div class=\"magic-1\">\n<h3 class=\"magic-17\"><b><span class=\"magic-18\" style=\"font-family: Arial;\">Merkmale<\/span><\/b><\/h3>\n<div class=\"magic-19\">\n<div class=\"magic-3\">\n<div class=\"magic-4\"><span class=\"magic-10\" style=\"font-family: Arial;\">\u2666 Geringe W\u00e4rmespeicherung und geringe W\u00e4rmeleitf\u00e4higkeit<br \/>\n\u2666 Hohe Druckfestigkeit<br \/>\n\u2666 Unzerbrechliche Materialien und gute Z\u00e4higkeit<br \/>\n\u2666 Genaue Abmessungen und gute Helligkeit<\/span><\/div>\n<\/div>\n<\/div>\n<div class=\"magic-19\">\n<div class=\"magic-3\">\n<div class=\"magic-20\"><span class=\"magic-10\" style=\"font-family: Arial;\">\u2666 Strukturhomogenit\u00e4t und einfache Bearbeitung<br \/>\n\u2666 Gleichm\u00e4\u00dfige Faser mit stabilen Eigenschaften<br \/>\n\u2666 Hervorragende Hitzestabilit\u00e4t und Thermoschockbest\u00e4ndigkeit<br \/>\n\u2666 Einfach zu installieren<\/span><\/div>\n<div><\/div>\n<\/div>\n<\/div>\n<\/div>\n<\/div>\n<\/div>\n<div class=\"J_module\">\n<div class=\"icbu-pc-images magic-5\">\n<div>\n<div class=\"flex-layout-v\">\n<div class=\"flex-layout-h magic-5\">\n<div class=\"magic-21\"><img decoding=\"async\" class=\"magic-22\" src=\"https:\/\/sc01.alicdn.com\/kf\/H77cb4c5486354bd198694a5e10d341e1P\/200545200\/H77cb4c5486354bd198694a5e10d341e1P.jpg\" width=\"1126\" height=\"746\" data-src=\"\/\/sc01.alicdn.com\/kf\/H77cb4c5486354bd198694a5e10d341e1P\/200545200\/H77cb4c5486354bd198694a5e10d341e1P.jpg\" \/><\/div>\n<div class=\"magic-23\"><img decoding=\"async\" class=\"magic-24\" src=\"https:\/\/sc02.alicdn.com\/kf\/H24f91084069245678b623ffb1bda1376e\/200545200\/H24f91084069245678b623ffb1bda1376e.jpg\" width=\"1079\" height=\"740\" data-src=\"\/\/sc02.alicdn.com\/kf\/H24f91084069245678b623ffb1bda1376e\/200545200\/H24f91084069245678b623ffb1bda1376e.jpg\" \/><\/div>\n<\/div>\n<\/div>\n<\/div>\n<\/div>\n<\/div>\n<div class=\"J_module\">\n<div class=\"detail-decorate-json-renderer-container\">\n<div class=\"magic-1\">\n<div><span class=\"magic-18\"><b>\u00a0<\/b><\/span><\/div>\n<h3 class=\"magic-25\"><span class=\"magic-18\"><b>Anwendung<\/b><\/span><\/h3>\n<div class=\"magic-2\">\n<div class=\"magic-3\">\n<div class=\"magic-4\">\u2666 Zementbauindustrie, Ofenr\u00fcckwand-W\u00e4rmed\u00e4mmung<br \/>\n\u2666 Keramische Industrieauskleidung verschiedener \u00d6fen zur W\u00e4rmed\u00e4mmung<br \/>\n\u2666 Petrochemische und metallurgische Industrie \u2013 Hinterverkleidungen, Wandverkleidungen und Ling-W\u00e4rmed\u00e4mmung<br \/>\n\u2666 Glasofenauskleidung und W\u00e4rmed\u00e4mmung der Hinterauskleidung<br \/>\n\u2666 W\u00e4rmebehandlungsofen-Backofen-R\u00fcckwand-W\u00e4rmed\u00e4mmung<br \/>\n\u2666 Aluminium-Fabriken-Reduktionszellen-Schamottesteine-R\u00fcckw\u00e4nde<br \/>\n\u2666 Hochtemperaturreaktion, Heizger\u00e4t-Wandverkleidung und Hinterverkleidungen<\/div>\n<\/div>\n<\/div>\n<\/div>\n<\/div>\n<\/div>","protected":false},"excerpt":{"rendered":"<p>Die Keramikfaserplatten bestehen aus verschiedenen feuerfesten Fasermassen mit ausgezeichneter chemischer Stabilit\u00e4t, organischer und anorganischer Bindung im Nassverfahren und im Vakuumformverfahren, das in vielen Industriezweigen eingesetzt werden kann. Die Faserplatten zeichnen sich durch H\u00e4rte, Flexibilit\u00e4t, ausgezeichnete Festigkeit und Korrosionsbest\u00e4ndigkeit aus. 1260 STD Hitzebest\u00e4ndiger Kamin aus hochdichter Keramik [\u2026]<\/p>","protected":false},"featured_media":1701,"template":"","meta":{"site-sidebar-layout":"default","site-content-layout":"default","ast-site-content-layout":"","site-content-style":"default","site-sidebar-style":"default","ast-global-header-display":"","ast-banner-title-visibility":"","ast-main-header-display":"","ast-hfb-above-header-display":"","ast-hfb-below-header-display":"","ast-hfb-mobile-header-display":"","site-post-title":"","ast-breadcrumbs-content":"","ast-featured-img":"","footer-sml-layout":"","theme-transparent-header-meta":"default","adv-header-id-meta":"","stick-header-meta":"","header-above-stick-meta":"","header-main-stick-meta":"","header-below-stick-meta":"","astra-migrate-meta-layouts":"default","ast-page-background-enabled":"default","ast-page-background-meta":{"desktop":{"background-color":"","background-image":"","background-repeat":"repeat","background-position":"center center","background-size":"auto","background-attachment":"scroll","background-type":"","background-media":"","overlay-type":"","overlay-color":"","overlay-opacity":"","overlay-gradient":""},"tablet":{"background-color":"","background-image":"","background-repeat":"repeat","background-position":"center center","background-size":"auto","background-attachment":"scroll","background-type":"","background-media":"","overlay-type":"","overlay-color":"","overlay-opacity":"","overlay-gradient":""},"mobile":{"background-color":"","background-image":"","background-repeat":"repeat","background-position":"center center","background-size":"auto","background-attachment":"scroll","background-type":"","background-media":"","overlay-type":"","overlay-color":"","overlay-opacity":"","overlay-gradient":""}},"ast-content-background-meta":{"desktop":{"background-color":"var(--ast-global-color-5)","background-image":"","background-repeat":"repeat","background-position":"center center","background-size":"auto","background-attachment":"scroll","background-type":"","background-media":"","overlay-type":"","overlay-color":"","overlay-opacity":"","overlay-gradient":""},"tablet":{"background-color":"var(--ast-global-color-5)","background-image":"","background-repeat":"repeat","background-position":"center center","background-size":"auto","background-attachment":"scroll","background-type":"","background-media":"","overlay-type":"","overlay-color":"","overlay-opacity":"","overlay-gradient":""},"mobile":{"background-color":"var(--ast-global-color-5)","background-image":"","background-repeat":"repeat","background-position":"center center","background-size":"auto","background-attachment":"scroll","background-type":"","background-media":"","overlay-type":"","overlay-color":"","overlay-opacity":"","overlay-gradient":""}}},"product_brand":[],"product_cat":[24],"product_tag":[],"class_list":{"0":"post-1702","1":"product","2":"type-product","3":"status-publish","4":"has-post-thumbnail","6":"product_cat-ceramic-wool-2","7":"desktop-align-center","8":"tablet-align-left","9":"mobile-align-left","11":"first","12":"instock","13":"shipping-taxable","14":"product-type-simple"},"_links":{"self":[{"href":"https:\/\/yxwool.com\/de\/wp-json\/wp\/v2\/product\/1702","targetHints":{"allow":["GET"]}}],"collection":[{"href":"https:\/\/yxwool.com\/de\/wp-json\/wp\/v2\/product"}],"about":[{"href":"https:\/\/yxwool.com\/de\/wp-json\/wp\/v2\/types\/product"}],"wp:featuredmedia":[{"embeddable":true,"href":"https:\/\/yxwool.com\/de\/wp-json\/wp\/v2\/media\/1701"}],"wp:attachment":[{"href":"https:\/\/yxwool.com\/de\/wp-json\/wp\/v2\/media?parent=1702"}],"wp:term":[{"taxonomy":"product_brand","embeddable":true,"href":"https:\/\/yxwool.com\/de\/wp-json\/wp\/v2\/product_brand?post=1702"},{"taxonomy":"product_cat","embeddable":true,"href":"https:\/\/yxwool.com\/de\/wp-json\/wp\/v2\/product_cat?post=1702"},{"taxonomy":"product_tag","embeddable":true,"href":"https:\/\/yxwool.com\/de\/wp-json\/wp\/v2\/product_tag?post=1702"}],"curies":[{"name":"wp","href":"https:\/\/api.w.org\/{rel}","templated":true}]}}