{"id":1703,"date":"2023-07-18T13:28:49","date_gmt":"2023-07-18T13:28:49","guid":{"rendered":"http:\/\/yxwool.com\/?post_type=product&#038;p=1703"},"modified":"2023-08-01T03:34:31","modified_gmt":"2023-08-01T03:34:31","slug":"1703","status":"publish","type":"product","link":"https:\/\/yxwool.com\/de\/produkt\/1703\/","title":{"rendered":"Calciumsilikat 650\u2103 \/ 1050\u2103"},"content":{"rendered":"<p><strong>Calciumsilicat<\/strong>\u00a0ist eine Art starres Isoliermaterial mit mikropor\u00f6ser Struktur, das Siliziumoxid, Kalziumoxid und die Verst\u00e4rkungsfasern als Hauptrohstoffe verwendet und durch Mischen, Erhitzen, Gelieren, Formen, automatisches Kalben und Trocknen hergestellt wird. Es zeichnet sich durch Stabilit\u00e4t bei unterschiedlichen Temperaturen, Asbestfreiheit und hohe W\u00e4rmed\u00e4mmeigenschaften aus <strong><b>650<\/b><\/strong><strong><b>\u2103<\/b><\/strong><strong><b>,10<\/b><\/strong><strong><b>50\u2103<\/b><\/strong>.<\/p>\n<p><strong><b>Charakteristisch<\/b><\/strong><\/p>\n<ol>\n<li>Hohe Festigkeit: das st\u00e4rkste unter den anorganischen W\u00e4rmed\u00e4mmstoffen mit \u00e4hnlicher Dichte.<\/li>\n<li>W\u00e4rmebest\u00e4ndigkeit: Keine Verformung bei der verwendeten Temperatur.<\/li>\n<li>W\u00e4rmed\u00e4mmung: geringere W\u00e4rmeleitf\u00e4higkeit als andere harte W\u00e4rmed\u00e4mmstoffe.<\/li>\n<li>.Asbestfrei.<\/li>\n<\/ol>\n<p><strong><b>Anwendungen<\/b><\/strong><strong><b><br \/>\n<\/b><\/strong>\u00a0\u00a0 Calciumsilikat wird als W\u00e4rmed\u00e4mmung in \u00d6fen, H\u00f6hlenwohnungen von Stahlwerken, in der Petrochemie-, Keramik-, Glas- und Zementindustrie sowie in anderen verschiedenen Zusatzheizger\u00e4ten empfohlen.<\/p>\n<p><img fetchpriority=\"high\" decoding=\"async\" class=\"alignleft size-full wp-image-1705\" src=\"http:\/\/yxwool.com\/wp-content\/uploads\/2023\/07\/\u5fae\u4fe1\u622a\u56fe_20230718212758.jpg\" alt=\"\" width=\"1450\" height=\"351\" srcset=\"https:\/\/yxwool.com\/wp-content\/uploads\/2023\/07\/\u5fae\u4fe1\u622a\u56fe_20230718212758.jpg 1450w, https:\/\/yxwool.com\/wp-content\/uploads\/2023\/07\/\u5fae\u4fe1\u622a\u56fe_20230718212758-300x73.jpg 300w, https:\/\/yxwool.com\/wp-content\/uploads\/2023\/07\/\u5fae\u4fe1\u622a\u56fe_20230718212758-1024x248.jpg 1024w, https:\/\/yxwool.com\/wp-content\/uploads\/2023\/07\/\u5fae\u4fe1\u622a\u56fe_20230718212758-768x186.jpg 768w, https:\/\/yxwool.com\/wp-content\/uploads\/2023\/07\/\u5fae\u4fe1\u622a\u56fe_20230718212758-600x145.jpg 600w\" sizes=\"(max-width: 1450px) 100vw, 1450px\" \/><\/p>\n<p><strong><b>Asbestfreies Calciumsilikat 10<\/b><\/strong><strong><b>50<\/b><\/strong><strong><b>\u2103<\/b><\/strong><\/p>\n<table>\n<tbody>\n<tr>\n<td width=\"370\">Artikel<\/td>\n<td width=\"141\">Einheit<\/td>\n<td width=\"234\">YX-220<\/td>\n<td width=\"260\">YX-270<\/td>\n<td width=\"260\">YX-400<\/td>\n<\/tr>\n<tr>\n<td width=\"370\">Sch\u00fcttdichte<\/td>\n<td width=\"141\">Kg\/m3<\/td>\n<td width=\"234\">220\u00b110%<\/td>\n<td width=\"260\">270\u00b110%<\/td>\n<td width=\"260\">400 \u00b1 10%<\/td>\n<\/tr>\n<tr>\n<td width=\"370\">Biegefestigkeit (min.)<\/td>\n<td width=\"141\">Mpa<\/td>\n<td width=\"234\">\u22650,4<\/td>\n<td width=\"260\">\u22650,6<\/td>\n<td width=\"260\">\u22652<\/td>\n<\/tr>\n<tr>\n<td width=\"370\">Druckfestigkeit bei 5% Verformung<\/td>\n<td width=\"141\">Mpa<\/td>\n<td width=\"234\">\u22650,8<\/td>\n<td width=\"260\">\u22651,2<\/td>\n<td width=\"260\">\u22654,5<\/td>\n<\/tr>\n<tr>\n<td width=\"370\">Lineare Schrumpfung (max.) nach 16-st\u00fcndigem Erhitzen auf 1000 \u00b0C<\/td>\n<td width=\"141\">%<\/td>\n<td width=\"234\">\u22642<\/td>\n<td width=\"260\">\u22642<\/td>\n<td width=\"260\">\u22641\uff081000\u2103\/3h\uff09<\/td>\n<\/tr>\n<tr>\n<td width=\"370\">W\u00e4rmeleitf\u00e4higkeit (max.)<\/td>\n<td rowspan=\"2\" width=\"141\">W\/mk<\/td>\n<td rowspan=\"2\" width=\"234\">\u22640,05+0,00011t<\/td>\n<td rowspan=\"2\" width=\"260\">\u22640,060+0,00011t<\/td>\n<td rowspan=\"2\" width=\"260\">0.048<\/td>\n<\/tr>\n<tr>\n<td width=\"370\">(Durchschnittstemperatur 70\u2103)<\/td>\n<\/tr>\n<tr>\n<td width=\"370\">Betriebstemperatur (max.)<\/td>\n<td width=\"141\">\u2103<\/td>\n<td width=\"234\">1050<\/td>\n<td width=\"260\">1050<\/td>\n<td width=\"260\">1050<\/td>\n<\/tr>\n<\/tbody>\n<\/table>\n<p><strong><b>Spezifikation (Calciumsilikat 1050\u2103)<\/b><\/strong><\/p>\n<table>\n<tbody>\n<tr>\n<td width=\"144\">Planke<\/td>\n<td width=\"363\">&nbsp;<\/p>\n<p>L\u00e4nge * Breite (mm)<\/p>\n<p>&nbsp;<\/td>\n<td width=\"378\">600*300<\/p>\n<p>610*300<\/p>\n<p>1000*1000<\/p>\n<p>1000*500<\/p>\n<p>1080*950<\/p>\n<p>1260*1230<\/p>\n<p>1260*610<\/td>\n<td width=\"174\">Dicke<\/td>\n<td width=\"212\">25\u2013140 mm<\/td>\n<\/tr>\n<\/tbody>\n<\/table>\n<p><strong><b>Asbestfreies Calciumsilikat 650\u2103<\/b><\/strong><strong><b>\u00a0<\/b><\/strong><\/p>\n<table>\n<tbody>\n<tr>\n<td width=\"383\">(Artikel)<\/td>\n<td width=\"132\">(Einheit)<\/td>\n<td width=\"264\">YX-170<\/td>\n<td width=\"256\">YX-220<\/td>\n<td width=\"268\">YX-240<\/td>\n<\/tr>\n<tr>\n<td width=\"383\">Sch\u00fcttdichte (max.)<\/td>\n<td width=\"132\">Kg\/m3<\/td>\n<td width=\"264\">170<\/td>\n<td width=\"256\">220<\/td>\n<td width=\"268\">240<\/td>\n<\/tr>\n<tr>\n<td width=\"383\">Biegefestigkeit (min.)<\/td>\n<td width=\"132\">Mpa<\/td>\n<td width=\"264\">\u22650,25<\/td>\n<td width=\"256\">\u22650,3<\/td>\n<td width=\"268\">\u22650,35<\/td>\n<\/tr>\n<tr>\n<td width=\"383\">Druckfestigkeit bei 5% Verformung<\/td>\n<td width=\"132\">Mpa<\/td>\n<td width=\"264\">\u22650,4<\/td>\n<td width=\"256\">\u22650,5<\/td>\n<td width=\"268\">\u22650,5<\/td>\n<\/tr>\n<tr>\n<td width=\"383\">Lineare Schrumpfung (max.) nach 16-st\u00fcndigem Erhitzen auf 650 \u00b0C<\/td>\n<td width=\"132\">%<\/td>\n<td width=\"264\">\u22642<\/td>\n<td width=\"256\">\u22642<\/td>\n<td width=\"268\">\u22642<\/td>\n<\/tr>\n<tr>\n<td width=\"383\">W\u00e4rmeleitf\u00e4higkeit (max.)<\/td>\n<td rowspan=\"2\" width=\"132\">W\/mk<\/td>\n<td rowspan=\"2\" width=\"264\">0,058+0,00011t<\/td>\n<td rowspan=\"2\" width=\"256\">0,062+0,00011t<\/td>\n<td rowspan=\"2\" width=\"268\">0,062+0,00011t<\/td>\n<\/tr>\n<tr>\n<td width=\"383\">(Durchschnittstemperatur 70\u2103)<\/td>\n<\/tr>\n<tr>\n<td width=\"383\">Betriebstemperatur (max.)<\/td>\n<td width=\"132\">\u2103<\/td>\n<td width=\"264\">650<\/td>\n<td width=\"256\">650<\/td>\n<td width=\"268\">650<\/td>\n<\/tr>\n<tr>\n<td width=\"383\">Feuchtigkeitsgehalt (max.)<\/td>\n<td width=\"132\">%<\/td>\n<td width=\"264\">\u22647,5<\/td>\n<td width=\"256\">\u22647,5<\/td>\n<td width=\"268\">\u22647,5<\/td>\n<\/tr>\n<\/tbody>\n<\/table>\n<p><strong><b>Spezifikation<\/b><\/strong><strong><b>\u00a0(<\/b><\/strong><strong><b>\u00a0Calciumsilicat <\/b><\/strong><strong><b>6<\/b><\/strong><strong><b>50\u2103)<\/b><\/strong><\/p>\n<table>\n<tbody>\n<tr>\n<td width=\"136\">Rohr<\/td>\n<td width=\"191\">Innendurchmesser<\/td>\n<td width=\"220\">22\u2013610 mm<\/td>\n<td width=\"164\">Dicke<\/td>\n<td width=\"174\">25\u2013100 mm<\/td>\n<td width=\"206\">L\u00e4nge<\/td>\n<td width=\"210\">600mm<\/td>\n<\/tr>\n<tr>\n<td width=\"136\">Planke<\/td>\n<td colspan=\"2\" width=\"411\">&nbsp;<\/p>\n<p>L\u00e4nge * Breite (mm)<\/p>\n<p>&nbsp;<\/td>\n<td colspan=\"2\" width=\"338\">&nbsp;<\/p>\n<p>600*300<\/p>\n<p>&nbsp;<\/td>\n<td width=\"206\">Dicke<\/td>\n<td width=\"210\">25\u2013140 mm<\/td>\n<\/tr>\n<\/tbody>\n<\/table>\n<p>&nbsp;<\/p>","protected":false},"excerpt":{"rendered":"<p>Calciumsilikat ist eine Art von starrem Isoliermaterial mit mikropor\u00f6ser Struktur, das haupts\u00e4chlich aus Siliziumoxid, Calciumoxid und Verst\u00e4rkungsfasern besteht und durch Mischen, Erhitzen, Gelieren, Formen, automatisches Kalben und Trocknen hergestellt wird. Es ist bekannt f\u00fcr seine Stabilit\u00e4t bei unterschiedlichen Temperaturen, ist asbestfrei und weist hohe W\u00e4rmed\u00e4mmeigenschaften bei 650 \u00b0C und 1050 \u00b0C auf. Eigenschaften Hohe Festigkeit: das st\u00e4rkste [\u2026]<\/p>","protected":false},"featured_media":1704,"template":"","meta":{"site-sidebar-layout":"default","site-content-layout":"default","ast-site-content-layout":"","site-content-style":"default","site-sidebar-style":"default","ast-global-header-display":"","ast-banner-title-visibility":"","ast-main-header-display":"","ast-hfb-above-header-display":"","ast-hfb-below-header-display":"","ast-hfb-mobile-header-display":"","site-post-title":"","ast-breadcrumbs-content":"","ast-featured-img":"","footer-sml-layout":"","theme-transparent-header-meta":"default","adv-header-id-meta":"","stick-header-meta":"","header-above-stick-meta":"","header-main-stick-meta":"","header-below-stick-meta":"","astra-migrate-meta-layouts":"default","ast-page-background-enabled":"default","ast-page-background-meta":{"desktop":{"background-color":"","background-image":"","background-repeat":"repeat","background-position":"center center","background-size":"auto","background-attachment":"scroll","background-type":"","background-media":"","overlay-type":"","overlay-color":"","overlay-opacity":"","overlay-gradient":""},"tablet":{"background-color":"","background-image":"","background-repeat":"repeat","background-position":"center center","background-size":"auto","background-attachment":"scroll","background-type":"","background-media":"","overlay-type":"","overlay-color":"","overlay-opacity":"","overlay-gradient":""},"mobile":{"background-color":"","background-image":"","background-repeat":"repeat","background-position":"center center","background-size":"auto","background-attachment":"scroll","background-type":"","background-media":"","overlay-type":"","overlay-color":"","overlay-opacity":"","overlay-gradient":""}},"ast-content-background-meta":{"desktop":{"background-color":"var(--ast-global-color-5)","background-image":"","background-repeat":"repeat","background-position":"center center","background-size":"auto","background-attachment":"scroll","background-type":"","background-media":"","overlay-type":"","overlay-color":"","overlay-opacity":"","overlay-gradient":""},"tablet":{"background-color":"var(--ast-global-color-5)","background-image":"","background-repeat":"repeat","background-position":"center center","background-size":"auto","background-attachment":"scroll","background-type":"","background-media":"","overlay-type":"","overlay-color":"","overlay-opacity":"","overlay-gradient":""},"mobile":{"background-color":"var(--ast-global-color-5)","background-image":"","background-repeat":"repeat","background-position":"center center","background-size":"auto","background-attachment":"scroll","background-type":"","background-media":"","overlay-type":"","overlay-color":"","overlay-opacity":"","overlay-gradient":""}}},"product_brand":[],"product_cat":[25],"product_tag":[],"class_list":{"0":"post-1703","1":"product","2":"type-product","3":"status-publish","4":"has-post-thumbnail","6":"product_cat-calcium-silicate","7":"desktop-align-center","8":"tablet-align-left","9":"mobile-align-left","11":"first","12":"instock","13":"shipping-taxable","14":"product-type-simple"},"_links":{"self":[{"href":"https:\/\/yxwool.com\/de\/wp-json\/wp\/v2\/product\/1703","targetHints":{"allow":["GET"]}}],"collection":[{"href":"https:\/\/yxwool.com\/de\/wp-json\/wp\/v2\/product"}],"about":[{"href":"https:\/\/yxwool.com\/de\/wp-json\/wp\/v2\/types\/product"}],"wp:featuredmedia":[{"embeddable":true,"href":"https:\/\/yxwool.com\/de\/wp-json\/wp\/v2\/media\/1704"}],"wp:attachment":[{"href":"https:\/\/yxwool.com\/de\/wp-json\/wp\/v2\/media?parent=1703"}],"wp:term":[{"taxonomy":"product_brand","embeddable":true,"href":"https:\/\/yxwool.com\/de\/wp-json\/wp\/v2\/product_brand?post=1703"},{"taxonomy":"product_cat","embeddable":true,"href":"https:\/\/yxwool.com\/de\/wp-json\/wp\/v2\/product_cat?post=1703"},{"taxonomy":"product_tag","embeddable":true,"href":"https:\/\/yxwool.com\/de\/wp-json\/wp\/v2\/product_tag?post=1703"}],"curies":[{"name":"wp","href":"https:\/\/api.w.org\/{rel}","templated":true}]}}