{"id":1706,"date":"2023-07-18T13:39:00","date_gmt":"2023-07-18T13:39:00","guid":{"rendered":"http:\/\/yxwool.com\/?post_type=product&#038;p=1706"},"modified":"2023-08-01T03:33:20","modified_gmt":"2023-08-01T03:33:20","slug":"1706","status":"publish","type":"product","link":"https:\/\/yxwool.com\/de\/produkt\/1706\/","title":{"rendered":"Keramikfaserdecke zum besten Preis f\u00fcr den Ofen"},"content":{"rendered":"<h3>Produktkategorie:<\/h3>\n<ul>\n<li>COM-Keramikfaserdecke -1050<\/li>\n<li>ST-Keramikfaserdecke -1260<\/li>\n<li>HP Keramikfaserdecke -1260<\/li>\n<li>HA-Keramikfaserdecke -1360<\/li>\n<li>HAZ-Keramikfaserdecke -1360<\/li>\n<\/ul>\n<h3>Technische Spezifikationen<\/h3>\n<table>\n<tbody>\n<tr>\n<td width=\"254\">Artikel Produkt<\/td>\n<td width=\"191\">COM<\/td>\n<td width=\"191\">ST<\/td>\n<td width=\"192\">PS<\/td>\n<td width=\"192\">HA<\/td>\n<td width=\"190\">HAZ<\/td>\n<td width=\"169\">HZ<\/td>\n<\/tr>\n<tr>\n<td width=\"254\">Spezifikationstemperatur (\u2103)<\/td>\n<td width=\"191\">1050<\/td>\n<td width=\"191\">1260<\/td>\n<td width=\"192\">1260<\/td>\n<td width=\"192\">1360<\/td>\n<td width=\"190\">1360<\/td>\n<td width=\"169\">1430<\/td>\n<\/tr>\n<tr>\n<td width=\"254\">Arbeitstemperatur (\u2103)<\/td>\n<td width=\"191\">950<\/td>\n<td width=\"191\">1050<\/td>\n<td width=\"192\">1100<\/td>\n<td width=\"192\">1200<\/td>\n<td width=\"190\">1280<\/td>\n<td width=\"169\">1350<\/td>\n<\/tr>\n<tr>\n<td width=\"254\">Farbe<\/td>\n<td width=\"191\">Weiss<\/td>\n<td width=\"191\">Weiss<\/td>\n<td width=\"192\">Weiss<\/td>\n<td width=\"192\">Weiss<\/td>\n<td width=\"190\">Weiss<\/td>\n<td width=\"169\">Weiss<\/td>\n<\/tr>\n<tr>\n<td width=\"254\">Dichte (kg\/m3)<\/td>\n<td width=\"191\">64\/96\/\u00a0128\/160<\/td>\n<td width=\"191\">64\/96 \/\u00a0128\/160<\/td>\n<td width=\"192\">64\/96\/\u00a0128\/160<\/td>\n<td width=\"192\">64\/96\/128\/160<\/td>\n<td width=\"190\">64\/96\/128\/160<\/td>\n<td width=\"169\">64\/96\/128\/160<\/td>\n<\/tr>\n<tr>\n<td width=\"254\">Linerrate (%)<\/p>\n<p>\uff0824h \uff0cDichte<\/p>\n<p>128kg\/m3\uff09<\/td>\n<td width=\"191\">-4<\/p>\n<p>(950\u2103)<\/td>\n<td width=\"191\">-3<\/p>\n<p>(1050\u2103)<\/td>\n<td width=\"192\">-3<\/p>\n<p>(1100\u2103)<\/td>\n<td width=\"192\">-3<\/p>\n<p>(1200\u2103)<\/td>\n<td width=\"190\">-3<\/p>\n<p>(1280\u2103)<\/td>\n<td width=\"169\">-3<\/p>\n<p>(1350\u2103)<\/td>\n<\/tr>\n<tr>\n<td width=\"254\">W\u00e4rmeleitf\u00e4higkeit (%).<\/p>\n<p>(w\/mk) (Dichte 128 kg\/m3)<\/td>\n<td width=\"191\">&nbsp;<\/p>\n<p>0,09 (400) 0,176 (800)<\/td>\n<td width=\"191\">&nbsp;<\/p>\n<p>0,09 (400) 0,176 (800)<\/td>\n<td width=\"192\">&nbsp;<\/p>\n<p>0,09\uff08400\uff09<\/p>\n<p>0,22 (1000)<\/td>\n<td width=\"192\">&nbsp;<\/p>\n<p>0,132 (600) 0,22 (1000)<\/td>\n<td width=\"190\">&nbsp;<\/p>\n<p>0,13 (600) 0,22 (1000)<\/td>\n<td width=\"169\">&nbsp;<\/p>\n<p>0,76 (600) 0,22 (1000)<\/td>\n<\/tr>\n<tr>\n<td width=\"254\">Zugfestigkeit (MPa) (Dichte 128 kg\/m3)<\/td>\n<td width=\"191\">0,08\u20130,12<\/td>\n<td width=\"191\">0,08\u20130,12<\/td>\n<td width=\"192\">0,08\u20130,12<\/td>\n<td width=\"192\">0,08\u20130,12<\/td>\n<td width=\"190\">0,08\u20130,12<\/td>\n<td width=\"169\">0,08\u20130,12<\/td>\n<\/tr>\n<tr>\n<td width=\"254\">AL2O3 (%)<\/td>\n<td width=\"191\">42-44<\/td>\n<td width=\"191\">45-46<\/td>\n<td width=\"192\">47-49<\/td>\n<td width=\"192\">52-55<\/td>\n<td width=\"190\">45-46<\/td>\n<td width=\"169\">39-40<\/td>\n<\/tr>\n<tr>\n<td width=\"254\">AL2O3+SIO2\uff08%\uff09<\/td>\n<td width=\"191\">96<\/td>\n<td width=\"191\">97<\/td>\n<td width=\"192\">99<\/td>\n<td width=\"192\">99<\/td>\n<td width=\"190\">&#8212;&#8212;&#8212;<\/td>\n<td width=\"169\">&#8212;&#8212;-<\/td>\n<\/tr>\n<tr>\n<td width=\"254\">AL2O3+SIO2+ZrO2<\/p>\n<p>%<\/td>\n<td width=\"191\">&nbsp;<\/p>\n<p>&#8212;&#8212;&#8212;-<\/td>\n<td width=\"191\">&nbsp;<\/p>\n<p>&#8212;&#8212;&#8212;<\/td>\n<td width=\"192\">&nbsp;<\/p>\n<p>&#8212;&#8212;&#8212;&#8211;<\/td>\n<td width=\"192\">&nbsp;<\/p>\n<p>&#8212;&#8212;&#8212;-<\/td>\n<td width=\"190\">99<\/td>\n<td width=\"169\">99<\/td>\n<\/tr>\n<tr>\n<td width=\"254\">ZrO2 (%)<\/td>\n<td width=\"191\">&#8212;&#8212;&#8212;-<\/td>\n<td width=\"191\">&#8212;&#8212;&#8212;<\/td>\n<td width=\"192\">&#8212;&#8212;&#8212;&#8211;<\/td>\n<td width=\"192\">&#8212;&#8212;&#8212;-<\/td>\n<td width=\"190\">99<\/td>\n<td width=\"169\">99<\/td>\n<\/tr>\n<tr>\n<td width=\"254\">Fe2O3 (%)<\/td>\n<td width=\"191\">&lt;1.2<\/td>\n<td width=\"191\">&lt;1,0<\/td>\n<td width=\"192\">0.2<\/td>\n<td width=\"192\">0.2<\/td>\n<td width=\"190\">0.2<\/td>\n<td width=\"169\">0.2<\/td>\n<\/tr>\n<tr>\n<td width=\"254\">Na2O+K2O\uff08%\uff09<\/td>\n<td width=\"191\">\u22640,5<\/td>\n<td width=\"191\">\u22640,5<\/td>\n<td width=\"192\">0.2<\/td>\n<td width=\"192\">0.2<\/td>\n<td width=\"190\">0.2<\/td>\n<td width=\"169\">0.2<\/td>\n<\/tr>\n<tr>\n<td width=\"254\">Gr\u00f6\u00dfe (MM)<\/td>\n<td colspan=\"6\" width=\"1128\">7200\/3600\u00d7610\u00d720\/25\/50<\/td>\n<\/tr>\n<\/tbody>\n<\/table>\n<p>&nbsp;<\/p>\n<h3>Produktbeschreibung:<\/h3>\n<p>Alle Arten von Keramikfaser-Injektions-\/Abweisungsseidenfasern werden vom gew\u00f6hnlichen Typ, vom Standardtyp und vom hochreinen Typ hergestellt und enthalten Keramikfaser-Baumwolle auf Zirkoniumbasis, die durch Akupunktur, W\u00e4rmefixierung sowie vertikales und horizontales Schneiden und Spielen hergestellt wird.<\/p>\n<p>Mit Sch\u00fcttdichte und unterschiedlicher Dicke der Akupunkturdecke, um Benutzern eine breite Palette von Materialien zur Verf\u00fcgung zu stellen und die beste W\u00e4rmed\u00e4mmstruktur und Energieeffizienz zu erzielen.<\/p>\n<p>Geworfene Seidenfaserdecke mit gleichm\u00e4\u00dfigem Durchmesser, Faserl\u00e4nge, Schlackenkugel niedrig bis zum Ausma\u00df der verwobenen Fasern, Anti-Stufen-, Leistungs-, Anti-Wind-Erosion, wie Flexibilit\u00e4t und Zugfestigkeitseigenschaften von beiden, eine Gesamtverbesserung, um die Nadel zu verbessern Leistung bei der Deckenanwendung, wodurch die Verschlechterung der Materialien verringert wird. Bei der Ablehnung von Seidenfaserdecken werden keine Bindemittel verwendet, um sicherzustellen, dass die Produkte in einer Vielzahl von Umgebungen eine gute Machbarkeit und Stabilit\u00e4t aufweisen.<\/p>\n<h3>Produkteigenschaften<\/h3>\n<p>&nbsp;<\/p>\n<ul>\n<li>Geringe W\u00e4rmeleitf\u00e4higkeit, niedrig<\/li>\n<li>Hervorragende thermische Stabilit\u00e4t und Thermoschockbest\u00e4ndigkeit.<\/li>\n<li>Hervorragende Zugfestigkeit.<\/li>\n<li>Hervorragende Isolierung, Brandschutz, schallabsorbierende Eigenschaften.<\/li>\n<\/ul>\n<h3>\u00a0Produktanwendungen:<\/h3>\n<ul>\n<li>Materialien f\u00fcr den Bau von Industrie\u00f6fen, Heizger\u00e4te, Wandverkleidung f\u00fcr W\u00e4rmerohre.<\/li>\n<li>Kraftwerkskessel, Gasturbinen- und Kernkraftwerksisolierung.<\/li>\n<li>Chemische Hochtemperaturreaktionen von Industrieanlagen und Heizger\u00e4ten an den W\u00e4nden.<\/li>\n<li>Brandschutz von Hochh\u00e4usern, W\u00e4rmed\u00e4mmung.<\/li>\n<li>Ofent\u00fcr, Dachisolierung.<\/li>\n<li>Hochtemperatur-Filtermaterial.<\/li>\n<\/ul>","protected":false},"excerpt":{"rendered":"<p>Produktkategorie: COM Keramikfaserdecke -1050 ST Keramikfaserdecke -1260 HP Keramikfaserdecke -1260 HA Keramikfaserdecke -1360 HAZ Keramikfaserdecke -1360 Technische Daten Artikel Produkt COM ST HP HA HAZ HZ Spezifikation Tem(\u2103) 1050 1260 1260 1360 1360 1430 Betriebstemperatur(\u2103) 950 1050 1100 1200 1280 1350 Farbe wei\u00df wei\u00df wei\u00df wei\u00df wei\u00df wei\u00df Dichte\uff08kg\/m3\uff09 [\u2026]<\/p>","protected":false},"featured_media":1707,"template":"","meta":{"site-sidebar-layout":"default","site-content-layout":"default","ast-site-content-layout":"","site-content-style":"default","site-sidebar-style":"default","ast-global-header-display":"","ast-banner-title-visibility":"","ast-main-header-display":"","ast-hfb-above-header-display":"","ast-hfb-below-header-display":"","ast-hfb-mobile-header-display":"","site-post-title":"","ast-breadcrumbs-content":"","ast-featured-img":"","footer-sml-layout":"","theme-transparent-header-meta":"default","adv-header-id-meta":"","stick-header-meta":"","header-above-stick-meta":"","header-main-stick-meta":"","header-below-stick-meta":"","astra-migrate-meta-layouts":"default","ast-page-background-enabled":"default","ast-page-background-meta":{"desktop":{"background-color":"","background-image":"","background-repeat":"repeat","background-position":"center center","background-size":"auto","background-attachment":"scroll","background-type":"","background-media":"","overlay-type":"","overlay-color":"","overlay-opacity":"","overlay-gradient":""},"tablet":{"background-color":"","background-image":"","background-repeat":"repeat","background-position":"center center","background-size":"auto","background-attachment":"scroll","background-type":"","background-media":"","overlay-type":"","overlay-color":"","overlay-opacity":"","overlay-gradient":""},"mobile":{"background-color":"","background-image":"","background-repeat":"repeat","background-position":"center center","background-size":"auto","background-attachment":"scroll","background-type":"","background-media":"","overlay-type":"","overlay-color":"","overlay-opacity":"","overlay-gradient":""}},"ast-content-background-meta":{"desktop":{"background-color":"var(--ast-global-color-5)","background-image":"","background-repeat":"repeat","background-position":"center center","background-size":"auto","background-attachment":"scroll","background-type":"","background-media":"","overlay-type":"","overlay-color":"","overlay-opacity":"","overlay-gradient":""},"tablet":{"background-color":"var(--ast-global-color-5)","background-image":"","background-repeat":"repeat","background-position":"center center","background-size":"auto","background-attachment":"scroll","background-type":"","background-media":"","overlay-type":"","overlay-color":"","overlay-opacity":"","overlay-gradient":""},"mobile":{"background-color":"var(--ast-global-color-5)","background-image":"","background-repeat":"repeat","background-position":"center center","background-size":"auto","background-attachment":"scroll","background-type":"","background-media":"","overlay-type":"","overlay-color":"","overlay-opacity":"","overlay-gradient":""}}},"product_brand":[],"product_cat":[24],"product_tag":[],"class_list":{"0":"post-1706","1":"product","2":"type-product","3":"status-publish","4":"has-post-thumbnail","6":"product_cat-ceramic-wool-2","7":"desktop-align-center","8":"tablet-align-left","9":"mobile-align-left","11":"first","12":"instock","13":"shipping-taxable","14":"product-type-simple"},"_links":{"self":[{"href":"https:\/\/yxwool.com\/de\/wp-json\/wp\/v2\/product\/1706","targetHints":{"allow":["GET"]}}],"collection":[{"href":"https:\/\/yxwool.com\/de\/wp-json\/wp\/v2\/product"}],"about":[{"href":"https:\/\/yxwool.com\/de\/wp-json\/wp\/v2\/types\/product"}],"wp:featuredmedia":[{"embeddable":true,"href":"https:\/\/yxwool.com\/de\/wp-json\/wp\/v2\/media\/1707"}],"wp:attachment":[{"href":"https:\/\/yxwool.com\/de\/wp-json\/wp\/v2\/media?parent=1706"}],"wp:term":[{"taxonomy":"product_brand","embeddable":true,"href":"https:\/\/yxwool.com\/de\/wp-json\/wp\/v2\/product_brand?post=1706"},{"taxonomy":"product_cat","embeddable":true,"href":"https:\/\/yxwool.com\/de\/wp-json\/wp\/v2\/product_cat?post=1706"},{"taxonomy":"product_tag","embeddable":true,"href":"https:\/\/yxwool.com\/de\/wp-json\/wp\/v2\/product_tag?post=1706"}],"curies":[{"name":"wp","href":"https:\/\/api.w.org\/{rel}","templated":true}]}}