{"id":1708,"date":"2023-07-18T13:46:18","date_gmt":"2023-07-18T13:46:18","guid":{"rendered":"http:\/\/yxwool.com\/?post_type=product&#038;p=1708"},"modified":"2023-08-01T03:30:39","modified_gmt":"2023-08-01T03:30:39","slug":"refractory-raw-material-ceramic-fiber-spun-cotton","status":"publish","type":"product","link":"https:\/\/yxwool.com\/de\/produkt\/refractory-raw-material-ceramic-fiber-spun-cotton\/","title":{"rendered":"Feuerfester Rohstoff aus gesponnener Baumwolle aus Keramikfasern"},"content":{"rendered":"<h3>Produktkategorie<\/h3>\n<ul>\n<li>COM-Keramikfasermasse -1050<\/li>\n<li>ST-Keramikfasermasse -1260<\/li>\n<li>HP-Keramikfasermasse -1260<\/li>\n<li>HA-Keramikfasermasse -1360<\/li>\n<li>HZ-Keramikfasermasse -1430<\/li>\n<\/ul>\n<h3>Technische Spezifikationen<\/h3>\n<table>\n<tbody>\n<tr>\n<td width=\"369\">Artikel Produkt<\/td>\n<td width=\"167\">COM<\/td>\n<td width=\"144\">ST<\/td>\n<td width=\"153\">PS<\/td>\n<td width=\"153\">HA<\/td>\n<td width=\"216\">HZ<\/td>\n<\/tr>\n<tr>\n<td width=\"369\">Klassifizierungstemperatur (\u2103)<\/td>\n<td width=\"167\">1050<\/td>\n<td width=\"144\">1260<\/td>\n<td width=\"153\">1260<\/td>\n<td width=\"153\">1360<\/td>\n<td width=\"216\">1430<\/td>\n<\/tr>\n<tr>\n<td width=\"369\">Arbeitstemperatur (\u2103)<\/td>\n<td width=\"167\">950<\/td>\n<td width=\"144\">1050<\/td>\n<td width=\"153\">1100<\/td>\n<td width=\"153\">1200<\/td>\n<td width=\"216\">1350<\/td>\n<\/tr>\n<tr>\n<td width=\"369\">Farbe<\/td>\n<td width=\"167\">Weiss<\/td>\n<td width=\"144\">Weiss<\/td>\n<td width=\"153\">Weiss<\/td>\n<td width=\"153\">Weiss<\/td>\n<td width=\"216\">Weiss<\/td>\n<\/tr>\n<tr>\n<td width=\"369\">Faserdurchmesserblasen (\u00c4hm)<\/td>\n<td width=\"167\">2&#8211;3<\/td>\n<td width=\"144\">2&#8211;3<\/td>\n<td width=\"153\">2&#8211;3<\/td>\n<td width=\"153\">2&#8211;3<\/td>\n<td width=\"216\">2&#8211;3<\/td>\n<\/tr>\n<tr>\n<td width=\"369\">Faserdurchmesser Swing\uff08um\uff09<\/td>\n<td width=\"167\">3\u20134,5<\/td>\n<td width=\"144\">3\u20134,5<\/td>\n<td width=\"153\">3\u20134,5<\/td>\n<td width=\"153\">3&#8211;4<\/td>\n<td width=\"216\">3&#8211;4<\/td>\n<\/tr>\n<tr>\n<td width=\"369\">AL2O3 (%)<\/td>\n<td width=\"167\">42&#8211;44<\/td>\n<td width=\"144\">45&#8211;46<\/td>\n<td width=\"153\">47&#8211;49<\/td>\n<td width=\"153\">52&#8211;55<\/td>\n<td width=\"216\">39&#8211;40<\/td>\n<\/tr>\n<tr>\n<td width=\"369\">AL2O3+SIO2\uff08%\uff09<\/td>\n<td width=\"167\">96<\/td>\n<td width=\"144\">97<\/td>\n<td width=\"153\">99<\/td>\n<td width=\"153\">99<\/td>\n<td width=\"216\">&#8212;&#8212;-<\/td>\n<\/tr>\n<tr>\n<td width=\"369\">AL2O3+SIO2+ZrO2\uff08%\uff09<\/td>\n<td width=\"167\">&#8212;&#8212;&#8211;<\/td>\n<td width=\"144\">&#8212;&#8212;-<\/td>\n<td width=\"153\">&#8212;&#8212;-<\/td>\n<td width=\"153\">&#8212;&#8212;&#8211;<\/td>\n<td width=\"216\">99<\/td>\n<\/tr>\n<tr>\n<td width=\"369\">ZrO2 (%)<\/td>\n<td width=\"167\">&#8212;&#8212;&#8211;<\/td>\n<td width=\"144\">&#8212;&#8212;-<\/td>\n<td width=\"153\">&#8212;&#8212;-<\/td>\n<td width=\"153\">&#8212;&#8212;&#8211;<\/td>\n<td width=\"216\">15&#8211;17<\/td>\n<\/tr>\n<tr>\n<td width=\"369\">Fe2O3 (%)<\/td>\n<td width=\"167\">&lt;1.2<\/td>\n<td width=\"144\">&lt;1,0<\/td>\n<td width=\"153\">0.2<\/td>\n<td width=\"153\">0.2<\/td>\n<td width=\"216\">0.2<\/td>\n<\/tr>\n<tr>\n<td width=\"369\">Na2O+K2O\uff08%\uff09<\/td>\n<td width=\"167\">&lt;0,5<\/td>\n<td width=\"144\">&lt;0,5<\/td>\n<td width=\"153\">0.2<\/td>\n<td width=\"153\">0.2<\/td>\n<td width=\"216\">0.2<\/td>\n<\/tr>\n<\/tbody>\n<\/table>\n<p>&nbsp;<\/p>\n<h3>Produktbeschreibung<\/h3>\n<p>Keramikfaser-Baumwolle, die allgemeine Keramikfaser-Baumwolle durch die geschmolzenen Koks-Edelsteine, Injektions-\/Abweisungs-Seidenproduktionsprozess aus Fibrillierung. Hochreine Keramikfaser-Baumwolle mit hohem Aluminiumoxidgehalt durch eine Mischung aus geschmolzenem Aluminiumoxid und Kiesels\u00e4ure, Injektions-\/Abweisungsseidenproduktionsverfahren aus Fibrillierung. Zirkonium-Keramikfaser-Baumwolle durch die Mischung aus geschmolzenem Aluminiumoxid, Siliciumdioxid und Zirkoniumdioxid, Injektion\/Abweisung aus der Herstellung von Seidenfasern. Die Verwendung von Injektion in den Produktionsprozess von Keramikfasern, Baumwollfasern f\u00fcr Rohstoffe, hergestellt durch Vakuumformverfahren. Keramikfasertextilien sind Baumwoll-Standard-Keramikfaser-Ausscheidungen, bei denen ein spezieller Behandlungsprozess erforderlich ist, der sich mit der Verarbeitung, der Gleichm\u00e4\u00dfigkeit des Faserdurchmessers, der Spinnrate usw. befasst. und eignen sich ideal f\u00fcr die Herstellung textiler Rohstoffe.<\/p>\n<h3>Produkteigenschaften<\/h3>\n<p>&nbsp;<\/p>\n<ul>\n<li>Geringe W\u00e4rmekapazit\u00e4t, geringe W\u00e4rmeleitf\u00e4higkeit.<\/li>\n<li>Ausgezeichnete chemische Stabilit\u00e4t.<\/li>\n<li>Hervorragende thermische Stabilit\u00e4t, hohe Temperaturen lassen sich nicht leicht pulverisieren.<\/li>\n<li>Nicht bindende Mittel und \u00e4tzende Stoffe.<\/li>\n<li>Ausgezeichnete schallabsorbierende Natur.<\/li>\n<\/ul>\n<h3>Produktanwendungen<\/h3>\n<ul>\n<li>Faserdecken- und Plattenprodukte aus Rohstoffen.<\/li>\n<li>Fasertextilien.<\/li>\n<li>Hochtemperaturofen, Heizger\u00e4te, Wandverkleidung, Spaltf\u00fcller.<\/li>\n<li>Nasse Rohstoffprodukte.<\/li>\n<li>Faserspritzen, gie\u00dfbar, Schmierrohstoffe.<\/li>\n<li>Ecke und Komplexit\u00e4t raumf\u00fcllender D\u00e4mmstoffe.<\/li>\n<\/ul>","protected":false},"excerpt":{"rendered":"<p>Produktkategorie COM Keramikfaser-Masse -1050 ST Keramikfaser-Masse -1260 HP Keramikfaser-Masse -1260 HA Keramikfaser-Masse -1360 HZ Keramikfaser-Masse -1430 Technische Daten Artikel Produkt COM ST HP HA HZ Klassifizierung Temperatur (\u2103) 1050 1260 1260 1360 1430 Betriebstemperatur (\u2103) 950 1050 1100 1200 1350 Farbe Wei\u00df Wei\u00df Wei\u00df Wei\u00df Wei\u00df Faserdurchmesser Blasen (um) 2\u20133 2\u20133 2\u20133 [\u2026]<\/p>","protected":false},"featured_media":1710,"template":"","meta":{"site-sidebar-layout":"default","site-content-layout":"default","ast-site-content-layout":"","site-content-style":"default","site-sidebar-style":"default","ast-global-header-display":"","ast-banner-title-visibility":"","ast-main-header-display":"","ast-hfb-above-header-display":"","ast-hfb-below-header-display":"","ast-hfb-mobile-header-display":"","site-post-title":"","ast-breadcrumbs-content":"","ast-featured-img":"","footer-sml-layout":"","theme-transparent-header-meta":"default","adv-header-id-meta":"","stick-header-meta":"","header-above-stick-meta":"","header-main-stick-meta":"","header-below-stick-meta":"","astra-migrate-meta-layouts":"default","ast-page-background-enabled":"default","ast-page-background-meta":{"desktop":{"background-color":"","background-image":"","background-repeat":"repeat","background-position":"center center","background-size":"auto","background-attachment":"scroll","background-type":"","background-media":"","overlay-type":"","overlay-color":"","overlay-opacity":"","overlay-gradient":""},"tablet":{"background-color":"","background-image":"","background-repeat":"repeat","background-position":"center center","background-size":"auto","background-attachment":"scroll","background-type":"","background-media":"","overlay-type":"","overlay-color":"","overlay-opacity":"","overlay-gradient":""},"mobile":{"background-color":"","background-image":"","background-repeat":"repeat","background-position":"center center","background-size":"auto","background-attachment":"scroll","background-type":"","background-media":"","overlay-type":"","overlay-color":"","overlay-opacity":"","overlay-gradient":""}},"ast-content-background-meta":{"desktop":{"background-color":"var(--ast-global-color-5)","background-image":"","background-repeat":"repeat","background-position":"center center","background-size":"auto","background-attachment":"scroll","background-type":"","background-media":"","overlay-type":"","overlay-color":"","overlay-opacity":"","overlay-gradient":""},"tablet":{"background-color":"var(--ast-global-color-5)","background-image":"","background-repeat":"repeat","background-position":"center center","background-size":"auto","background-attachment":"scroll","background-type":"","background-media":"","overlay-type":"","overlay-color":"","overlay-opacity":"","overlay-gradient":""},"mobile":{"background-color":"var(--ast-global-color-5)","background-image":"","background-repeat":"repeat","background-position":"center center","background-size":"auto","background-attachment":"scroll","background-type":"","background-media":"","overlay-type":"","overlay-color":"","overlay-opacity":"","overlay-gradient":""}}},"product_brand":[],"product_cat":[24],"product_tag":[],"class_list":{"0":"post-1708","1":"product","2":"type-product","3":"status-publish","4":"has-post-thumbnail","6":"product_cat-ceramic-wool-2","7":"desktop-align-center","8":"tablet-align-left","9":"mobile-align-left","11":"first","12":"instock","13":"shipping-taxable","14":"product-type-simple"},"_links":{"self":[{"href":"https:\/\/yxwool.com\/de\/wp-json\/wp\/v2\/product\/1708","targetHints":{"allow":["GET"]}}],"collection":[{"href":"https:\/\/yxwool.com\/de\/wp-json\/wp\/v2\/product"}],"about":[{"href":"https:\/\/yxwool.com\/de\/wp-json\/wp\/v2\/types\/product"}],"wp:featuredmedia":[{"embeddable":true,"href":"https:\/\/yxwool.com\/de\/wp-json\/wp\/v2\/media\/1710"}],"wp:attachment":[{"href":"https:\/\/yxwool.com\/de\/wp-json\/wp\/v2\/media?parent=1708"}],"wp:term":[{"taxonomy":"product_brand","embeddable":true,"href":"https:\/\/yxwool.com\/de\/wp-json\/wp\/v2\/product_brand?post=1708"},{"taxonomy":"product_cat","embeddable":true,"href":"https:\/\/yxwool.com\/de\/wp-json\/wp\/v2\/product_cat?post=1708"},{"taxonomy":"product_tag","embeddable":true,"href":"https:\/\/yxwool.com\/de\/wp-json\/wp\/v2\/product_tag?post=1708"}],"curies":[{"name":"wp","href":"https:\/\/api.w.org\/{rel}","templated":true}]}}