{"id":1822,"date":"2023-09-20T07:12:49","date_gmt":"2023-09-20T07:12:49","guid":{"rendered":"http:\/\/yxwool.com\/?post_type=product&#038;p=1822"},"modified":"2024-10-25T02:35:16","modified_gmt":"2024-10-25T02:35:16","slug":"rockwool-insulation-pipe-for-steam-pipe","status":"publish","type":"product","link":"https:\/\/yxwool.com\/de\/produkt\/rockwool-insulation-pipe-for-steam-pipe\/","title":{"rendered":"Steinwolle-Isolierrohr f\u00fcr Dampfrohr"},"content":{"rendered":"<p><b style=\"font-style: inherit;\">YUXING<sup>\u00ae<\/sup> Isolierung aus Steinwolle <\/b><strong><b>Rohr<\/b><\/strong>\u00a0<strong><b>Abschnitt<\/b><\/strong> wird durch eine Form f\u00fcr technische und industrielle Rohrleitungen vorgeformt. Um den Installationsprozess zu erleichtern, ist an einer Kante entlang der Achse eine Fuge eingeschnitten, wodurch auch der Rohrabschnitt gut in die Rohrleitung passt. Die Au\u00dfenfl\u00e4che des Rohrabschnitts kann poliert werden, um eine gleichm\u00e4\u00dfige und exakte Isolationsdicke in alle Richtungen zu gew\u00e4hrleisten, oder auf Wunsch mit Aluminiumfolie beschichtet werden.<\/p>\n<p><strong><b>Standard<\/b><\/strong>\u00a0<strong><b>Gr\u00f6\u00dfe<\/b><\/strong><\/p>\n<table>\n<tbody>\n<tr>\n<td width=\"165\"><strong><b>P<\/b><\/strong><strong><b>R<\/b><\/strong><strong><b>Produkt<\/b><\/strong>\u00a0<strong><b>Typ<\/b><\/strong><\/td>\n<td width=\"152\"><strong><b>PS<\/b><\/strong><strong><b>1<\/b><\/strong><strong><b>10<\/b><\/strong><\/td>\n<td width=\"146\"><strong><b>P<\/b><\/strong><strong><b>S<\/b><\/strong><strong><b>120<\/b><\/strong><\/td>\n<td width=\"144\"><strong><b>P<\/b><\/strong><strong><b>S<\/b><\/strong><strong><b>140<\/b><\/strong><\/td>\n<\/tr>\n<tr>\n<td width=\"165\">Innendurchmesser, Zoll<\/td>\n<td width=\"152\">1\/2~24<\/td>\n<td width=\"146\">1\/2~24<\/td>\n<td width=\"144\">1\/2~24<\/td>\n<\/tr>\n<tr>\n<td width=\"165\">Innendurchmesser: mm<\/td>\n<td width=\"152\">22~610<\/td>\n<td width=\"146\">22~610<\/td>\n<td width=\"144\">22~610<\/td>\n<\/tr>\n<tr>\n<td width=\"165\">Dicke: mm<\/td>\n<td width=\"152\">30~150<\/td>\n<td width=\"146\">30~150<\/td>\n<td width=\"144\">30~100<\/td>\n<\/tr>\n<tr>\n<td width=\"165\">L\u00e4nge, mm<\/td>\n<td colspan=\"3\" width=\"444\">910,1000<\/td>\n<\/tr>\n<\/tbody>\n<\/table>\n<p>Andere Gr\u00f6\u00dfen oder Dichten sind auf Anfrage m\u00f6glicherweise erh\u00e4ltlich.<\/p>\n<p>&nbsp;<\/p>\n<p><strong><b>Technisch<\/b><\/strong>\u00a0<strong><b>Parameter<\/b><\/strong><\/p>\n<p>&nbsp;<\/p>\n<table>\n<tbody>\n<tr>\n<td colspan=\"2\" width=\"140\"><strong><b>Eigentum<\/b><\/strong><strong><b>j<\/b><\/strong><\/td>\n<td width=\"94\"><strong><b>PS<\/b><\/strong><strong><b>1<\/b><\/strong><strong><b>10<\/b><\/strong><\/td>\n<td width=\"102\"><strong><b>P<\/b><\/strong><strong><b>S<\/b><\/strong><strong><b>120<\/b><\/strong><\/td>\n<td width=\"95\"><strong><b>P<\/b><\/strong><strong><b>S<\/b><\/strong><strong><b>140<\/b><\/strong><\/td>\n<td width=\"62\"><strong><b>U<\/b><\/strong><strong><b>nit<\/b><\/strong><\/td>\n<td width=\"114\"><strong><b>Sta<\/b><\/strong><strong><b>Standard<\/b><\/strong><\/td>\n<\/tr>\n<tr>\n<td rowspan=\"6\" width=\"84\">&nbsp;<\/p>\n<p>&nbsp;<\/p>\n<p>&nbsp;<\/p>\n<p>Thermal<\/p>\n<p>Leitf\u00e4higkeit<\/td>\n<td width=\"56\">50 \u00b0C<\/td>\n<td width=\"94\">0.039<\/td>\n<td width=\"102\">\u22640,039<\/td>\n<td width=\"95\">\u22640,039<\/td>\n<td rowspan=\"6\" width=\"62\">&nbsp;<\/p>\n<p>&nbsp;<\/p>\n<p>&nbsp;<\/p>\n<p>&nbsp;<\/p>\n<p>W\/(m\u00b7K)<\/td>\n<td rowspan=\"6\" width=\"114\">&nbsp;<\/p>\n<p>&nbsp;<\/p>\n<p>GB\/T 10294<\/p>\n<p>ASTM C518<\/p>\n<p>ASTM C177<\/td>\n<\/tr>\n<tr>\n<td width=\"56\">100 \u00b0C<\/td>\n<td width=\"94\">0.044<\/td>\n<td width=\"102\">0.044<\/td>\n<td width=\"95\">0.044<\/td>\n<\/tr>\n<tr>\n<td width=\"56\">150 \u00b0C<\/td>\n<td width=\"94\">0.056<\/td>\n<td width=\"102\">0.052<\/td>\n<td width=\"95\">0.052<\/td>\n<\/tr>\n<tr>\n<td width=\"56\">200 \u00b0C<\/td>\n<td width=\"94\">0.072<\/td>\n<td width=\"102\">0.063<\/td>\n<td width=\"95\">0.061<\/td>\n<\/tr>\n<tr>\n<td width=\"56\">250 \u00b0C<\/td>\n<td width=\"94\">0.084<\/td>\n<td width=\"102\">0.072<\/td>\n<td width=\"95\">0.070<\/td>\n<\/tr>\n<tr>\n<td width=\"56\">300 \u00b0C<\/td>\n<td width=\"94\">0.095<\/td>\n<td width=\"102\">0.081<\/td>\n<td width=\"95\">0.078<\/td>\n<\/tr>\n<tr>\n<td colspan=\"2\" width=\"140\">Max. Betriebstemperatur<\/td>\n<td width=\"94\">454<\/td>\n<td width=\"102\">650<\/td>\n<td width=\"95\">650<\/td>\n<td width=\"62\">C<\/td>\n<td width=\"114\">ASTM C411<\/td>\n<\/tr>\n<tr>\n<td colspan=\"2\" width=\"140\">W\u00e4rmelast Schrumpftemp<\/td>\n<td width=\"94\">400<\/td>\n<td width=\"102\">600<\/td>\n<td width=\"95\">600<\/td>\n<td width=\"62\">C<\/td>\n<td width=\"114\">GB\/T 11835-2007<\/td>\n<\/tr>\n<tr>\n<td colspan=\"2\" width=\"140\">Lineare Schrumpfung<\/td>\n<td width=\"94\">\u22642<\/td>\n<td width=\"102\">\u22642<\/td>\n<td width=\"95\">\u22642<\/td>\n<td width=\"62\">%<\/td>\n<td width=\"114\">ASTM C356<\/td>\n<\/tr>\n<tr>\n<td colspan=\"2\" width=\"140\">Feuchtigkeitsaufnahme*<\/td>\n<td width=\"94\">\u22640,02<\/td>\n<td width=\"102\">\u22640,02<\/td>\n<td width=\"95\">0.02<\/td>\n<td width=\"62\">Vol%<\/td>\n<td width=\"114\">ASTM C1104M<\/td>\n<\/tr>\n<tr>\n<td colspan=\"2\" width=\"140\">Wasserabweisung*<\/td>\n<td width=\"94\">99<\/td>\n<td width=\"102\">99<\/td>\n<td width=\"95\">99<\/td>\n<td width=\"62\">%<\/td>\n<td width=\"114\">GB\/T 10299<\/td>\n<\/tr>\n<tr>\n<td colspan=\"2\" width=\"140\">Chloridgehalt **<\/td>\n<td width=\"94\">\u2264 10<\/td>\n<td width=\"102\">\u2264 10<\/td>\n<td width=\"95\">\u2264 10<\/td>\n<td width=\"62\">mg\/kg<\/td>\n<td width=\"114\">ASTM C871<\/td>\n<\/tr>\n<tr>\n<td colspan=\"2\" width=\"140\">Nominelle Dichte<\/td>\n<td width=\"94\">110<\/td>\n<td width=\"102\">120<\/td>\n<td width=\"95\">140<\/td>\n<td width=\"62\">Kg\/m3<\/td>\n<td width=\"114\"><\/td>\n<\/tr>\n<tr>\n<td colspan=\"2\" width=\"140\">Brennbarkeit<\/p>\n<p>Reaktion auf Feuer<\/td>\n<td colspan=\"3\" width=\"291\">A1<\/p>\n<p>Flammenausbreitungsindex &lt;25, Rauchentwicklungsindex &lt;50 Nicht brennbar<\/td>\n<td width=\"62\">&nbsp;<\/p>\n<p>&#8212;<\/td>\n<td width=\"114\">GB\/T 8624-2006<\/p>\n<p>ASTM E84<\/p>\n<p>ASTM E136<\/td>\n<\/tr>\n<\/tbody>\n<\/table>\n<p>&nbsp;<\/p>\n<table>\n<tbody>\n<tr>\n<td width=\"140\"><strong><b>Eigentum<\/b><\/strong><strong><b>j<\/b><\/strong><\/td>\n<td colspan=\"2\" width=\"90\"><strong><b>PS<\/b><\/strong><strong><b>1<\/b><\/strong><strong><b>10<\/b><\/strong><\/td>\n<td width=\"107\"><strong><b>P<\/b><\/strong><strong><b>S<\/b><\/strong><strong><b>120<\/b><\/strong><\/td>\n<td width=\"93\"><strong><b>P<\/b><\/strong><strong><b>S<\/b><\/strong><strong><b>140<\/b><\/strong><\/td>\n<td width=\"62\"><strong><b>U<\/b><\/strong><strong><b>nit<\/b><\/strong><\/td>\n<td width=\"114\"><strong><b>Sta<\/b><\/strong><strong><b>Standard<\/b><\/strong><\/td>\n<\/tr>\n<tr>\n<td width=\"140\">Organischer Inhalt<\/td>\n<td width=\"87\">\u22644,0<\/td>\n<td colspan=\"2\" width=\"110\">\u22644,0<\/td>\n<td width=\"93\">\u22644,0<\/td>\n<td width=\"62\">%<\/td>\n<td width=\"114\">GB\/T11835-2007<\/td>\n<\/tr>\n<tr>\n<td width=\"140\">Umfeld<\/td>\n<td colspan=\"4\" width=\"291\">Asbestfrei, ohne FCKW, H-FCKW oder HFKW<\/td>\n<td width=\"62\">&#8212;<\/td>\n<td width=\"114\">&#8212;<\/td>\n<\/tr>\n<\/tbody>\n<\/table>\n<p>*Gilt nur f\u00fcr wasserabweisende Produkte.<\/p>\n<p>**Nur f\u00fcr Produkte mit niedrigem Chloridgehalt f\u00fcr austenitischen Stahl gem\u00e4\u00df ASTM C795<\/p>\n<p>Andere Eigenschaften entsprechen den Standards GB\/T 11835-2007 und ASTM C547.<\/p>\n<p>&nbsp;<\/p>\n<p><strong><b>Paket<\/b><\/strong>\u00a0<strong><b>Und<\/b><\/strong>\u00a0<strong><b>Lagerung<\/b><\/strong><\/p>\n<p>Rohrabschnitte werden normalerweise in PE-Beuteln verpackt, der Au\u00dfendurchmesser des Rohrabschnitts betr\u00e4gt weniger als 150 mm und kann in einem Karton verpackt werden.<\/p>\n<p>Alle Rohrabschnitte sollten vorzugsweise in der Originalverpackung im Innen- und Au\u00dfenbereich gelagert werden. Bei Lagerung im Freien sollte es mit wasserfester Folie abgedeckt werden. Es wird empfohlen, den Rohrabschnitt bei der Lagerung in nicht mehr als 2 Lagen stehen zu lassen.<\/p>\n<p><strong><b>A<\/b><\/strong><strong><b>Anwendung<\/b><\/strong><\/p>\n<p><b style=\"font-style: inherit;\">YUXING<sup>\u00ae<\/sup> Isolierung aus Steinwolle <\/b><strong><b>Rohr<\/b><\/strong>\u00a0<strong><b>Abschnitt <\/b><\/strong>Hauptanwendung ist die Isolierung von Rohrleitungen in Brandschutzkraftwerken, Kernkraftwerken oder anderen Industrieprozessen zur thermischen und akustischen Isolierung, zum Schutz des Menschen, zur Vermeidung oder Verringerung von Kondensation und zur Verbesserung der Energieeffizienz.<\/p>\n<p>&nbsp;<\/p>","protected":false},"excerpt":{"rendered":"<p><b style=\"font-style: inherit;\">YUXING<sup>\u00ae<\/sup> Isolierung aus Steinwolle <\/b><strong><b>Rohr<\/b><\/strong>\u00a0<strong><b>Abschnitt <\/b><\/strong>Hauptanwendung ist die Isolierung von Rohrleitungen in Brandschutzkraftwerken, Kernkraftwerken oder anderen Industrieprozessen zur thermischen und akustischen Isolierung, zum Schutz des Menschen, zur Vermeidung oder Verringerung von Kondensation und zur Verbesserung der Energieeffizienz.<\/p>","protected":false},"featured_media":1505,"template":"","meta":{"site-sidebar-layout":"default","site-content-layout":"default","ast-site-content-layout":"default","site-content-style":"default","site-sidebar-style":"default","ast-global-header-display":"","ast-banner-title-visibility":"","ast-main-header-display":"","ast-hfb-above-header-display":"","ast-hfb-below-header-display":"","ast-hfb-mobile-header-display":"","site-post-title":"","ast-breadcrumbs-content":"","ast-featured-img":"","footer-sml-layout":"","theme-transparent-header-meta":"default","adv-header-id-meta":"","stick-header-meta":"","header-above-stick-meta":"","header-main-stick-meta":"","header-below-stick-meta":"","astra-migrate-meta-layouts":"set","ast-page-background-enabled":"default","ast-page-background-meta":{"desktop":{"background-color":"","background-image":"","background-repeat":"repeat","background-position":"center center","background-size":"auto","background-attachment":"scroll","background-type":"","background-media":"","overlay-type":"","overlay-color":"","overlay-opacity":"","overlay-gradient":""},"tablet":{"background-color":"","background-image":"","background-repeat":"repeat","background-position":"center center","background-size":"auto","background-attachment":"scroll","background-type":"","background-media":"","overlay-type":"","overlay-color":"","overlay-opacity":"","overlay-gradient":""},"mobile":{"background-color":"","background-image":"","background-repeat":"repeat","background-position":"center center","background-size":"auto","background-attachment":"scroll","background-type":"","background-media":"","overlay-type":"","overlay-color":"","overlay-opacity":"","overlay-gradient":""}},"ast-content-background-meta":{"desktop":{"background-color":"var(--ast-global-color-5)","background-image":"","background-repeat":"repeat","background-position":"center center","background-size":"auto","background-attachment":"scroll","background-type":"","background-media":"","overlay-type":"","overlay-color":"","overlay-opacity":"","overlay-gradient":""},"tablet":{"background-color":"var(--ast-global-color-5)","background-image":"","background-repeat":"repeat","background-position":"center center","background-size":"auto","background-attachment":"scroll","background-type":"","background-media":"","overlay-type":"","overlay-color":"","overlay-opacity":"","overlay-gradient":""},"mobile":{"background-color":"var(--ast-global-color-5)","background-image":"","background-repeat":"repeat","background-position":"center center","background-size":"auto","background-attachment":"scroll","background-type":"","background-media":"","overlay-type":"","overlay-color":"","overlay-opacity":"","overlay-gradient":""}}},"product_brand":[],"product_cat":[22],"product_tag":[],"class_list":{"0":"post-1822","1":"product","2":"type-product","3":"status-publish","4":"has-post-thumbnail","6":"product_cat-rock-wool","7":"desktop-align-center","8":"tablet-align-left","9":"mobile-align-left","11":"first","12":"instock","13":"shipping-taxable","14":"product-type-simple"},"_links":{"self":[{"href":"https:\/\/yxwool.com\/de\/wp-json\/wp\/v2\/product\/1822","targetHints":{"allow":["GET"]}}],"collection":[{"href":"https:\/\/yxwool.com\/de\/wp-json\/wp\/v2\/product"}],"about":[{"href":"https:\/\/yxwool.com\/de\/wp-json\/wp\/v2\/types\/product"}],"wp:featuredmedia":[{"embeddable":true,"href":"https:\/\/yxwool.com\/de\/wp-json\/wp\/v2\/media\/1505"}],"wp:attachment":[{"href":"https:\/\/yxwool.com\/de\/wp-json\/wp\/v2\/media?parent=1822"}],"wp:term":[{"taxonomy":"product_brand","embeddable":true,"href":"https:\/\/yxwool.com\/de\/wp-json\/wp\/v2\/product_brand?post=1822"},{"taxonomy":"product_cat","embeddable":true,"href":"https:\/\/yxwool.com\/de\/wp-json\/wp\/v2\/product_cat?post=1822"},{"taxonomy":"product_tag","embeddable":true,"href":"https:\/\/yxwool.com\/de\/wp-json\/wp\/v2\/product_tag?post=1822"}],"curies":[{"name":"wp","href":"https:\/\/api.w.org\/{rel}","templated":true}]}}