{"id":1823,"date":"2023-09-20T07:59:44","date_gmt":"2023-09-20T07:59:44","guid":{"rendered":"http:\/\/yxwool.com\/?post_type=product&#038;p=1823"},"modified":"2024-10-25T02:31:36","modified_gmt":"2024-10-25T02:31:36","slug":"marine-rock-wool-with-a60-ccs-abs-dnv-med-certificate","status":"publish","type":"product","link":"https:\/\/yxwool.com\/de\/produkt\/marine-rock-wool-with-a60-ccs-abs-dnv-med-certificate\/","title":{"rendered":"Meeressteinwolle mit A60 CCS-, ABS-, DNV- und MED-Zertifikat"},"content":{"rendered":"<p>Meeressteinwolle mit A60 CCS-, ABS-, DNV- und MED-Zertifikat<\/p>\n<p><img fetchpriority=\"high\" decoding=\"async\" class=\"alignleft size-large wp-image-1824\" src=\"http:\/\/yxwool.com\/wp-content\/uploads\/2023\/09\/QQ\u622a\u56fe20230920154515-1024x347.png\" alt=\"\" width=\"1024\" height=\"347\" srcset=\"https:\/\/yxwool.com\/wp-content\/uploads\/2023\/09\/QQ\u622a\u56fe20230920154515-1024x347.png 1024w, https:\/\/yxwool.com\/wp-content\/uploads\/2023\/09\/QQ\u622a\u56fe20230920154515-300x102.png 300w, https:\/\/yxwool.com\/wp-content\/uploads\/2023\/09\/QQ\u622a\u56fe20230920154515-768x260.png 768w, https:\/\/yxwool.com\/wp-content\/uploads\/2023\/09\/QQ\u622a\u56fe20230920154515-18x6.png 18w, https:\/\/yxwool.com\/wp-content\/uploads\/2023\/09\/QQ\u622a\u56fe20230920154515-600x203.png 600w, https:\/\/yxwool.com\/wp-content\/uploads\/2023\/09\/QQ\u622a\u56fe20230920154515.png 1142w\" sizes=\"(max-width: 1024px) 100vw, 1024px\" \/><\/p>\n<p>&nbsp;<\/p>\n<p>&nbsp;<\/p>\n<p>&nbsp;<\/p>\n<p>&nbsp;<\/p>\n<p>&nbsp;<\/p>\n<p><img decoding=\"async\" class=\"alignleft size-large wp-image-1825\" src=\"http:\/\/yxwool.com\/wp-content\/uploads\/2023\/09\/QQ\u622a\u56fe20230920154612-1024x267.jpg\" alt=\"\" width=\"1024\" height=\"267\" srcset=\"https:\/\/yxwool.com\/wp-content\/uploads\/2023\/09\/QQ\u622a\u56fe20230920154612-1024x267.jpg 1024w, https:\/\/yxwool.com\/wp-content\/uploads\/2023\/09\/QQ\u622a\u56fe20230920154612-300x78.jpg 300w, https:\/\/yxwool.com\/wp-content\/uploads\/2023\/09\/QQ\u622a\u56fe20230920154612-768x200.jpg 768w, https:\/\/yxwool.com\/wp-content\/uploads\/2023\/09\/QQ\u622a\u56fe20230920154612-18x5.jpg 18w, https:\/\/yxwool.com\/wp-content\/uploads\/2023\/09\/QQ\u622a\u56fe20230920154612-600x156.jpg 600w, https:\/\/yxwool.com\/wp-content\/uploads\/2023\/09\/QQ\u622a\u56fe20230920154612.jpg 1262w\" sizes=\"(max-width: 1024px) 100vw, 1024px\" \/><\/p>\n<p>&nbsp;<\/p>\n<p>&nbsp;<\/p>\n<p>&nbsp;<\/p>\n<p>&nbsp;<\/p>\n<p>&nbsp;<\/p>\n<p>&nbsp;<\/p>\n<p>&nbsp;<\/p>\n<p><strong>Konstruktion aus 40 mm-120 kg\/m3 A60 Marine-Platte\u00a0<\/strong><\/p>\n<p>\u25ce Platte zwischen den Versteifungen mit einer Schicht von 40 mm isoliert<\/p>\n<p>\u25ce Versteifungen mit einer Schicht von 40 mm isoliert<\/p>\n<p>\u25ce Standardst\u00e4rke der Stahlplatte 4,5(\u00b10,5)mm.<\/p>\n<p>\u25ce Isolierungen werden mit Stiften von \u00d83 mm und Unterlegscheiben von \u00d830 mm im Abstand von ca. 300 mm\/345 mm befestigt.<\/p>\n<p><strong>Anwendungshinweise:<\/strong><\/p>\n<p>\u25ce Alle Verbindungen m\u00fcssen dicht sein, keine Luftspalte.<\/p>\n<p>\u25ce Der Spalt unter den Aussteifungen muss vollst\u00e4ndig mit D\u00e4mmstoffen ausgef\u00fcllt werden<\/p>\n<p>\u25ce Die Stifte m\u00fcssen etwa 10 mm \u00fcber die Isolierung hinausragen.<\/p>\n<p>Datenblatt der Meeressteinwolle A60 und A30<\/p>\n<table style=\"height: 1123px;\" width=\"763\">\n<tbody>\n<tr>\n<td width=\"147\"><strong><b>\u00a0<\/b><\/strong><\/p>\n<p><strong><b>\u00a0<\/b><\/strong><\/p>\n<p><strong><b>\u00a0<\/b><\/strong><\/p>\n<p><strong><b>\u00a0<\/b><\/strong><\/p>\n<p><strong><b>\u00a0<\/b><\/strong><\/p>\n<p><strong><b>\u00a0<\/b><\/strong><\/p>\n<p><strong><b>\u00a0<\/b><\/strong><\/p>\n<p><strong><b>Marine-Steinwollplatte <\/b><\/strong><\/td>\n<td width=\"80\">A60-Serie<\/td>\n<td width=\"57\">Arbeitstemperatur:<\/p>\n<p>750\u2103<\/td>\n<td width=\"90\">Dichte :<\/p>\n<p>90.120 kg\/m3<\/td>\n<td width=\"90\">W\u00e4rmeleitf\u00e4higkeit :<\/p>\n<p>&lt;0,04 W\/mk<\/td>\n<td width=\"147\">Gr\u00f6\u00dfe :<\/p>\n<p>L*B(mm):<\/p>\n<p>1000*600<\/p>\n<p>910*605<\/p>\n<p>1200*600<\/p>\n<p>Spezifikation :<\/p>\n<p>40 mm-120 kg\/m3<\/p>\n<p>50 mm-90 kg\/m3<\/p>\n<p>65 mm \u2013 120 kg\/m3<\/p>\n<p>75 mm-90 kg\/m3<\/td>\n<td width=\"173\">Anwendung:<\/p>\n<p>1.Schottwand<\/p>\n<p>2.Deck<\/p>\n<p>3. Erforderliche Teile mit Brandschutzklasse A60 auf Schiffen oder im Offshore-Bereich<\/td>\n<td width=\"172\">Zertifikat:<\/p>\n<p>ABS, CCS, MED, DNV, NK, KR, JG, LR<\/td>\n<\/tr>\n<tr>\n<td width=\"147\"><strong><b>\u00a0<\/b><\/strong><\/td>\n<td width=\"80\">A30-Serie<\/td>\n<td width=\"57\">Arbeitstemperatur:<\/p>\n<p>750\u2103<\/td>\n<td width=\"90\">Dichte :<\/p>\n<p>90.120 kg\/m3<\/td>\n<td width=\"90\">W\u00e4rmeleitf\u00e4higkeit :<\/p>\n<p>&lt;0,04 W\/mk<\/td>\n<td width=\"147\">Gr\u00f6\u00dfe :<\/p>\n<p>L*B(mm):<\/p>\n<p>1000*600<\/p>\n<p>910*605<\/p>\n<p>1200*600<\/p>\n<p>Spezifikation :<\/p>\n<p>50 mm-120 kg\/m3<\/p>\n<p>25 mm-120 kg\/m3<\/p>\n<p>&nbsp;<\/td>\n<td width=\"173\">Anwendung:<\/p>\n<p>1.Schottwand<\/p>\n<p>2.Deck<\/p>\n<p>3. Erforderliche Teile mit Brandschutzklasse A30 auf Schiffen oder Offshore-Anlagen<\/td>\n<td width=\"172\">Zertifikat:<\/p>\n<p>ABS, CCS, MED, DNV, NK, KR, JG, LR<\/td>\n<\/tr>\n<\/tbody>\n<\/table>","protected":false},"excerpt":{"rendered":"<p>Marine rock wool with A60 CCS , ABS , DNV ,MED certificate &nbsp; &nbsp; &nbsp; &nbsp; &nbsp; &nbsp; &nbsp; &nbsp; &nbsp; &nbsp; &nbsp; &nbsp; Construction of 40mm-120kg\/m3 A60 Marine board\u00a0 \u25ce Plate between stiffeners insulated with one layer of 40mm \u25ce Stiffeners insulated with one layer of 40mm \u25ce Standard steel plate thickness 4.5(\u00b10.5)mm. \u25ce [&hellip;]<\/p>","protected":false},"featured_media":1458,"template":"","meta":{"site-sidebar-layout":"default","site-content-layout":"default","ast-site-content-layout":"default","site-content-style":"default","site-sidebar-style":"default","ast-global-header-display":"","ast-banner-title-visibility":"","ast-main-header-display":"","ast-hfb-above-header-display":"","ast-hfb-below-header-display":"","ast-hfb-mobile-header-display":"","site-post-title":"","ast-breadcrumbs-content":"","ast-featured-img":"","footer-sml-layout":"","theme-transparent-header-meta":"default","adv-header-id-meta":"","stick-header-meta":"","header-above-stick-meta":"","header-main-stick-meta":"","header-below-stick-meta":"","astra-migrate-meta-layouts":"set","ast-page-background-enabled":"default","ast-page-background-meta":{"desktop":{"background-color":"","background-image":"","background-repeat":"repeat","background-position":"center center","background-size":"auto","background-attachment":"scroll","background-type":"","background-media":"","overlay-type":"","overlay-color":"","overlay-opacity":"","overlay-gradient":""},"tablet":{"background-color":"","background-image":"","background-repeat":"repeat","background-position":"center center","background-size":"auto","background-attachment":"scroll","background-type":"","background-media":"","overlay-type":"","overlay-color":"","overlay-opacity":"","overlay-gradient":""},"mobile":{"background-color":"","background-image":"","background-repeat":"repeat","background-position":"center center","background-size":"auto","background-attachment":"scroll","background-type":"","background-media":"","overlay-type":"","overlay-color":"","overlay-opacity":"","overlay-gradient":""}},"ast-content-background-meta":{"desktop":{"background-color":"var(--ast-global-color-5)","background-image":"","background-repeat":"repeat","background-position":"center center","background-size":"auto","background-attachment":"scroll","background-type":"","background-media":"","overlay-type":"","overlay-color":"","overlay-opacity":"","overlay-gradient":""},"tablet":{"background-color":"var(--ast-global-color-5)","background-image":"","background-repeat":"repeat","background-position":"center center","background-size":"auto","background-attachment":"scroll","background-type":"","background-media":"","overlay-type":"","overlay-color":"","overlay-opacity":"","overlay-gradient":""},"mobile":{"background-color":"var(--ast-global-color-5)","background-image":"","background-repeat":"repeat","background-position":"center center","background-size":"auto","background-attachment":"scroll","background-type":"","background-media":"","overlay-type":"","overlay-color":"","overlay-opacity":"","overlay-gradient":""}}},"product_brand":[],"product_cat":[22],"product_tag":[],"class_list":{"0":"post-1823","1":"product","2":"type-product","3":"status-publish","4":"has-post-thumbnail","6":"product_cat-rock-wool","7":"desktop-align-center","8":"tablet-align-left","9":"mobile-align-left","11":"first","12":"instock","13":"shipping-taxable","14":"product-type-simple"},"_links":{"self":[{"href":"https:\/\/yxwool.com\/de\/wp-json\/wp\/v2\/product\/1823","targetHints":{"allow":["GET"]}}],"collection":[{"href":"https:\/\/yxwool.com\/de\/wp-json\/wp\/v2\/product"}],"about":[{"href":"https:\/\/yxwool.com\/de\/wp-json\/wp\/v2\/types\/product"}],"wp:featuredmedia":[{"embeddable":true,"href":"https:\/\/yxwool.com\/de\/wp-json\/wp\/v2\/media\/1458"}],"wp:attachment":[{"href":"https:\/\/yxwool.com\/de\/wp-json\/wp\/v2\/media?parent=1823"}],"wp:term":[{"taxonomy":"product_brand","embeddable":true,"href":"https:\/\/yxwool.com\/de\/wp-json\/wp\/v2\/product_brand?post=1823"},{"taxonomy":"product_cat","embeddable":true,"href":"https:\/\/yxwool.com\/de\/wp-json\/wp\/v2\/product_cat?post=1823"},{"taxonomy":"product_tag","embeddable":true,"href":"https:\/\/yxwool.com\/de\/wp-json\/wp\/v2\/product_tag?post=1823"}],"curies":[{"name":"wp","href":"https:\/\/api.w.org\/{rel}","templated":true}]}}