{"id":1849,"date":"2025-05-28T00:56:42","date_gmt":"2025-05-28T00:56:42","guid":{"rendered":"http:\/\/yxwool.com\/?post_type=product&#038;p=1849"},"modified":"2025-06-09T02:02:20","modified_gmt":"2025-06-09T02:02:20","slug":"china-rock-wool-factory","status":"publish","type":"product","link":"https:\/\/yxwool.com\/de\/produkt\/china-rock-wool-factory\/","title":{"rendered":"Chinesische Steinwollefabrik"},"content":{"rendered":"<p><img fetchpriority=\"high\" decoding=\"async\" class=\"alignleft size-full wp-image-1492\" src=\"http:\/\/yxwool.com\/wp-content\/uploads\/2023\/07\/ce171456-1ab2-4d9d-9b11-2a4461da6cf7.jpg\" alt=\"\" width=\"650\" height=\"650\" srcset=\"https:\/\/yxwool.com\/wp-content\/uploads\/2023\/07\/ce171456-1ab2-4d9d-9b11-2a4461da6cf7.jpg 650w, https:\/\/yxwool.com\/wp-content\/uploads\/2023\/07\/ce171456-1ab2-4d9d-9b11-2a4461da6cf7-300x300.jpg 300w, https:\/\/yxwool.com\/wp-content\/uploads\/2023\/07\/ce171456-1ab2-4d9d-9b11-2a4461da6cf7-150x150.jpg 150w, https:\/\/yxwool.com\/wp-content\/uploads\/2023\/07\/ce171456-1ab2-4d9d-9b11-2a4461da6cf7-600x600.jpg 600w, https:\/\/yxwool.com\/wp-content\/uploads\/2023\/07\/ce171456-1ab2-4d9d-9b11-2a4461da6cf7-100x100.jpg 100w\" sizes=\"(max-width: 650px) 100vw, 650px\" \/><\/p>\n<p>&nbsp;<\/p>\n<p><img decoding=\"async\" class=\"size-full wp-image-1495\" src=\"http:\/\/yxwool.com\/wp-content\/uploads\/2023\/07\/3-7.jpg\" alt=\"Building thermal insulation basalt rock wool foil faced mineral wool materials insulation\" width=\"640\" height=\"640\" srcset=\"https:\/\/yxwool.com\/wp-content\/uploads\/2023\/07\/3-7.jpg 640w, https:\/\/yxwool.com\/wp-content\/uploads\/2023\/07\/3-7-300x300.jpg 300w, https:\/\/yxwool.com\/wp-content\/uploads\/2023\/07\/3-7-150x150.jpg 150w, https:\/\/yxwool.com\/wp-content\/uploads\/2023\/07\/3-7-600x600.jpg 600w, https:\/\/yxwool.com\/wp-content\/uploads\/2023\/07\/3-7-100x100.jpg 100w\" sizes=\"(max-width: 640px) 100vw, 640px\" \/><\/p>\n<p>Steinwolleplatten (IB-Serie) zeichnen sich durch hohe Festigkeit, W\u00e4rme- und chemische Stabilit\u00e4t aus. Sie verf\u00fcgen \u00fcber hervorragende Schallabsorption, W\u00e4rmespeicherung und sind der Feuerwiderstandsklasse A1 zugeordnet. Auf Kundenwunsch fertigen wir au\u00dferdem wasserdichte und chloridarme Steinwolle sowie beschichtete Aluminiumfolie, Glasfasergewebe und weitere Materialien.<\/p>\n<p><strong>Steinwolleplatte <\/strong><strong>Eigentum<\/strong><strong>\u00a0<\/strong><\/p>\n<table>\n<tbody>\n<tr>\n<td colspan=\"2\" width=\"149\">Artikel<\/td>\n<td colspan=\"2\" width=\"66\">IB60<\/td>\n<td colspan=\"2\" width=\"57\">IB80<\/td>\n<td colspan=\"2\" width=\"58\">IB100<\/td>\n<td colspan=\"2\" width=\"58\">IB120<\/td>\n<td width=\"58\">IB150<\/td>\n<td colspan=\"2\" width=\"75\">Einheit<\/td>\n<td width=\"117\">Standard<\/td>\n<\/tr>\n<tr>\n<td rowspan=\"6\" width=\"96\">W\u00e4rmeleitf\u00e4higkeit<\/td>\n<td width=\"53\">50\u2103<\/td>\n<td colspan=\"2\" width=\"66\">\u22640,040<\/td>\n<td colspan=\"2\" width=\"57\">\u22640,038<\/td>\n<td colspan=\"2\" width=\"58\">\u22640,038<\/td>\n<td colspan=\"2\" width=\"58\">\u22640,038<\/td>\n<td width=\"58\">\u22640,038<\/td>\n<td colspan=\"2\" rowspan=\"6\" width=\"75\">W\/(mk)<\/td>\n<td rowspan=\"6\" width=\"117\">GB\/T 10295<\/p>\n<p>ASTM C518<\/p>\n<p>ASTM C177<\/td>\n<\/tr>\n<tr>\n<td width=\"53\">100\u2103<\/td>\n<td colspan=\"2\" width=\"66\">\u22640,046<\/td>\n<td colspan=\"2\" width=\"57\">\u22640,045<\/td>\n<td colspan=\"2\" width=\"58\">\u22640,045<\/td>\n<td colspan=\"2\" width=\"58\">\u22640,045<\/td>\n<td width=\"58\">\u22640,045<\/td>\n<\/tr>\n<tr>\n<td width=\"53\">150\u2103<\/td>\n<td colspan=\"2\" width=\"66\">\u22640,060<\/td>\n<td colspan=\"2\" width=\"57\">\u22640,058<\/td>\n<td colspan=\"2\" width=\"58\">\u22640,056<\/td>\n<td colspan=\"2\" width=\"58\">\u22640,055<\/td>\n<td width=\"58\">\u22640,055<\/td>\n<\/tr>\n<tr>\n<td width=\"53\">200\u2103<\/td>\n<td colspan=\"2\" width=\"66\">\u22640,077<\/td>\n<td colspan=\"2\" width=\"57\">\u22640,071<\/td>\n<td colspan=\"2\" width=\"58\">\u22640,067<\/td>\n<td colspan=\"2\" width=\"58\">\u22640,064<\/td>\n<td width=\"58\">\u22640,062<\/td>\n<\/tr>\n<tr>\n<td width=\"53\">250\u2103<\/td>\n<td colspan=\"2\" width=\"66\">\u22640,095<\/td>\n<td colspan=\"2\" width=\"57\">\u22640,085<\/td>\n<td colspan=\"2\" width=\"58\">\u22640,080<\/td>\n<td colspan=\"2\" width=\"58\">\u22640,074<\/td>\n<td width=\"58\">\u22640,070<\/td>\n<\/tr>\n<tr>\n<td width=\"53\">300\u2103<\/td>\n<td colspan=\"2\" width=\"66\">\u22640,120<\/td>\n<td colspan=\"2\" width=\"57\">\u22640,099<\/td>\n<td colspan=\"2\" width=\"58\">\u22640,095<\/td>\n<td colspan=\"2\" width=\"58\">\u22640,090<\/td>\n<td width=\"58\">\u22640,085<\/td>\n<\/tr>\n<tr>\n<td colspan=\"2\" rowspan=\"2\" width=\"149\">H\u00f6chste Betriebstemperatur<\/td>\n<td colspan=\"2\" width=\"66\">450<\/td>\n<td colspan=\"2\" width=\"57\">650<\/td>\n<td colspan=\"2\" width=\"58\">750<\/td>\n<td colspan=\"2\" width=\"58\">750<\/td>\n<td width=\"58\">750<\/td>\n<td colspan=\"2\" rowspan=\"2\" width=\"75\">\u2103<\/td>\n<td rowspan=\"2\" width=\"117\">ASTMC411<\/td>\n<\/tr>\n<tr>\n<td colspan=\"9\" width=\"300\">Verkleidungsmaterial<\/td>\n<\/tr>\n<tr>\n<td colspan=\"2\" width=\"149\">Thermische Belastung Schrumpftemperatur<\/p>\n<p>&nbsp;<\/td>\n<td colspan=\"2\" width=\"66\">400<\/td>\n<td colspan=\"2\" width=\"57\">600<\/td>\n<td colspan=\"2\" width=\"58\">650<\/td>\n<td colspan=\"2\" width=\"58\">650<\/td>\n<td width=\"58\">650<\/td>\n<td colspan=\"2\" width=\"75\">\u2103<\/td>\n<td width=\"117\">GB\/T11835<\/td>\n<\/tr>\n<tr>\n<td colspan=\"2\" width=\"149\">Lineare Schrumpfung<\/td>\n<td colspan=\"2\" width=\"66\">\u22642<\/td>\n<td colspan=\"2\" width=\"57\">\u22642<\/td>\n<td colspan=\"2\" width=\"58\">\u22642<\/td>\n<td colspan=\"2\" width=\"58\">\u22642<\/td>\n<td width=\"58\">\u22642<\/td>\n<td colspan=\"2\" width=\"75\">%<\/td>\n<td width=\"117\">ASTMC356<\/td>\n<\/tr>\n<tr>\n<td colspan=\"2\" width=\"149\">Volumenfeuchtigkeitsaufnahmerate<\/p>\n<p>&nbsp;<\/td>\n<td colspan=\"2\" width=\"66\">\u22640,02<\/td>\n<td colspan=\"2\" width=\"57\">\u22640,02<\/td>\n<td colspan=\"2\" width=\"58\">\u22640,02<\/td>\n<td colspan=\"2\" width=\"58\">\u22640,02<\/td>\n<td width=\"58\">\u22640,02<\/td>\n<td colspan=\"2\" width=\"75\">Vol%<\/td>\n<td width=\"117\">GB\/T 5480<\/p>\n<p>ASTMC1104M<\/td>\n<\/tr>\n<tr>\n<td colspan=\"2\" width=\"149\">Hydrophobie<\/td>\n<td colspan=\"2\" width=\"66\">\u226599<\/td>\n<td colspan=\"2\" width=\"57\">\u226599<\/td>\n<td colspan=\"2\" width=\"58\">\u226599<\/td>\n<td colspan=\"2\" width=\"58\">\u226599<\/td>\n<td width=\"58\">\u226599<\/td>\n<td colspan=\"2\" width=\"75\">%<\/td>\n<td width=\"117\"><\/td>\n<\/tr>\n<tr>\n<td colspan=\"2\" width=\"149\">\u203bChloridgehalt<\/td>\n<td colspan=\"2\" width=\"66\">\u226410<\/td>\n<td colspan=\"2\" width=\"57\">\u226410<\/td>\n<td colspan=\"2\" width=\"58\">\u226410<\/td>\n<td colspan=\"2\" width=\"58\">\u226410<\/td>\n<td width=\"58\">\u226410<\/td>\n<td colspan=\"2\" width=\"75\">Ppm<\/td>\n<td width=\"117\">ASTM C871<\/td>\n<\/tr>\n<tr>\n<td colspan=\"2\" width=\"149\">Verbrennungsleistung<\/td>\n<td colspan=\"11\" width=\"375\">nicht entflammbar, Klasse A1<\/p>\n<p>Rauchausbreitung \u226450<\/p>\n<p>Flammenausbreitung \u226425<\/p>\n<p>&#8212;&#8211;<\/td>\n<td width=\"117\">GB 8624<\/p>\n<p>ASTM E136<\/p>\n<p>ASTM E84<\/td>\n<\/tr>\n<tr>\n<td colspan=\"2\" width=\"149\">organischer Inhalt<\/td>\n<td width=\"60\">\u22642,0<\/td>\n<td colspan=\"2\" width=\"60\">\u22642,0<\/td>\n<td colspan=\"2\" width=\"60\">\u22642,0<\/td>\n<td colspan=\"2\" width=\"60\">\u22642,0<\/td>\n<td colspan=\"3\" width=\"60\">\u22642,0<\/td>\n<td width=\"74\">%<\/td>\n<td width=\"117\">GB\/T 11835<\/td>\n<\/tr>\n<tr>\n<td colspan=\"2\" width=\"149\">Umwelt<\/td>\n<td colspan=\"10\" width=\"301\">Ohne Asbest, FCKW, HFCKW und HFKW<\/td>\n<td width=\"74\">&#8212;&#8211;<\/p>\n<p>&nbsp;<\/td>\n<td width=\"117\">&#8212;&#8211;<\/p>\n<p>&nbsp;<\/td>\n<\/tr>\n<tr>\n<td colspan=\"2\" width=\"149\">Korrosivit\u00e4t<\/td>\n<td colspan=\"10\" width=\"301\">korrosionsbest\u00e4ndig<\/p>\n<p>&nbsp;<\/td>\n<td width=\"74\">&#8212;&#8212;<\/td>\n<td width=\"117\">ASTM C665<\/td>\n<\/tr>\n<\/tbody>\n<\/table>\n<p><strong>Steinwolleplatte <\/strong><strong>Spezifikation<\/strong><\/p>\n<table>\n<tbody>\n<tr>\n<td width=\"113\">Artikel<\/td>\n<td width=\"111\">IB60<\/td>\n<td width=\"106\">IB80<\/td>\n<td width=\"106\">IB100<\/td>\n<td width=\"117\">IB120<\/td>\n<td width=\"124\">IB150<\/td>\n<\/tr>\n<tr>\n<td width=\"113\">Dichte (kg\/m3)<\/td>\n<td width=\"111\">60<\/td>\n<td width=\"106\">80<\/td>\n<td width=\"106\">100<\/td>\n<td width=\"117\">120<\/td>\n<td width=\"124\">150<\/td>\n<\/tr>\n<tr>\n<td width=\"113\">Dicke (mm)<\/td>\n<td width=\"111\">40-150<\/td>\n<td width=\"106\">25-150<\/td>\n<td width=\"106\">25-150<\/td>\n<td width=\"117\">25-120<\/td>\n<td width=\"124\">25-100<\/td>\n<\/tr>\n<tr>\n<td width=\"113\">Gr\u00f6\u00dfe (L\u00e4nge x Breite), (mm)<\/td>\n<td colspan=\"5\" width=\"564\">1200*600<\/td>\n<\/tr>\n<\/tbody>\n<\/table>\n<p>&nbsp;<\/p>\n<p><strong>Anwendung<\/strong><strong><b>\u00a0<\/b><\/strong><\/p>\n<p>Die IB-Serie wird h\u00e4ufig zur W\u00e4rmed\u00e4mmung und Schallabsorption von gro\u00dfen Rohren und Tanks, gro\u00dfen Ger\u00e4ten, \u00d6fen und Industriebrennstoffen verwendet.<\/p>","protected":false},"excerpt":{"rendered":"<p>&nbsp; Rock wool board (IB Series) have good strength and heat stability and chemical stability. Meanwhile, it has excellent sound absorption, heat preservation property and with A 1 fire-resistant\u00a0class.Then we can according\u00a0to clients demand,produce waterproof and Low chloride rock wool and faced aluminum\u00a0foil, glass\u00a0cloth and so on facing material Rock wool board Property\u00a0 Item IB60 [&hellip;]<\/p>","protected":false},"featured_media":1492,"template":"","meta":{"site-sidebar-layout":"default","site-content-layout":"","ast-site-content-layout":"default","site-content-style":"default","site-sidebar-style":"default","ast-global-header-display":"","ast-banner-title-visibility":"","ast-main-header-display":"","ast-hfb-above-header-display":"","ast-hfb-below-header-display":"","ast-hfb-mobile-header-display":"","site-post-title":"","ast-breadcrumbs-content":"","ast-featured-img":"","footer-sml-layout":"","theme-transparent-header-meta":"default","adv-header-id-meta":"","stick-header-meta":"","header-above-stick-meta":"","header-main-stick-meta":"","header-below-stick-meta":"","astra-migrate-meta-layouts":"set","ast-page-background-enabled":"default","ast-page-background-meta":{"desktop":{"background-color":"","background-image":"","background-repeat":"repeat","background-position":"center center","background-size":"auto","background-attachment":"scroll","background-type":"","background-media":"","overlay-type":"","overlay-color":"","overlay-opacity":"","overlay-gradient":""},"tablet":{"background-color":"","background-image":"","background-repeat":"repeat","background-position":"center center","background-size":"auto","background-attachment":"scroll","background-type":"","background-media":"","overlay-type":"","overlay-color":"","overlay-opacity":"","overlay-gradient":""},"mobile":{"background-color":"","background-image":"","background-repeat":"repeat","background-position":"center center","background-size":"auto","background-attachment":"scroll","background-type":"","background-media":"","overlay-type":"","overlay-color":"","overlay-opacity":"","overlay-gradient":""}},"ast-content-background-meta":{"desktop":{"background-color":"var(--ast-global-color-5)","background-image":"","background-repeat":"repeat","background-position":"center center","background-size":"auto","background-attachment":"scroll","background-type":"","background-media":"","overlay-type":"","overlay-color":"","overlay-opacity":"","overlay-gradient":""},"tablet":{"background-color":"var(--ast-global-color-5)","background-image":"","background-repeat":"repeat","background-position":"center center","background-size":"auto","background-attachment":"scroll","background-type":"","background-media":"","overlay-type":"","overlay-color":"","overlay-opacity":"","overlay-gradient":""},"mobile":{"background-color":"var(--ast-global-color-5)","background-image":"","background-repeat":"repeat","background-position":"center center","background-size":"auto","background-attachment":"scroll","background-type":"","background-media":"","overlay-type":"","overlay-color":"","overlay-opacity":"","overlay-gradient":""}}},"product_brand":[],"product_cat":[22],"product_tag":[],"class_list":{"0":"post-1849","1":"product","2":"type-product","3":"status-publish","4":"has-post-thumbnail","6":"product_cat-rock-wool","7":"desktop-align-center","8":"tablet-align-left","9":"mobile-align-left","11":"first","12":"instock","13":"shipping-taxable","14":"product-type-simple"},"_links":{"self":[{"href":"https:\/\/yxwool.com\/de\/wp-json\/wp\/v2\/product\/1849","targetHints":{"allow":["GET"]}}],"collection":[{"href":"https:\/\/yxwool.com\/de\/wp-json\/wp\/v2\/product"}],"about":[{"href":"https:\/\/yxwool.com\/de\/wp-json\/wp\/v2\/types\/product"}],"wp:featuredmedia":[{"embeddable":true,"href":"https:\/\/yxwool.com\/de\/wp-json\/wp\/v2\/media\/1492"}],"wp:attachment":[{"href":"https:\/\/yxwool.com\/de\/wp-json\/wp\/v2\/media?parent=1849"}],"wp:term":[{"taxonomy":"product_brand","embeddable":true,"href":"https:\/\/yxwool.com\/de\/wp-json\/wp\/v2\/product_brand?post=1849"},{"taxonomy":"product_cat","embeddable":true,"href":"https:\/\/yxwool.com\/de\/wp-json\/wp\/v2\/product_cat?post=1849"},{"taxonomy":"product_tag","embeddable":true,"href":"https:\/\/yxwool.com\/de\/wp-json\/wp\/v2\/product_tag?post=1849"}],"curies":[{"name":"wp","href":"https:\/\/api.w.org\/{rel}","templated":true}]}}