{"id":1860,"date":"2025-07-20T08:02:29","date_gmt":"2025-07-20T08:02:29","guid":{"rendered":"http:\/\/yxwool.com\/?post_type=product&#038;p=1860"},"modified":"2025-07-20T08:24:45","modified_gmt":"2025-07-20T08:24:45","slug":"round-braided-rope-circular-braided-rope-ceramic-fiber-rope","status":"publish","type":"product","link":"https:\/\/yxwool.com\/de\/produkt\/round-braided-rope-circular-braided-rope-ceramic-fiber-rope\/","title":{"rendered":"Rundgeflochtenes Seil Rundgeflochtenes Seil Keramikfaserseil"},"content":{"rendered":"<p><strong>Rundgeflochtenes Seil Rundgeflochtenes Seil Keramikfaserseil <\/strong><\/p>\n<p><strong>Keramikfaserseil<\/strong>\u00a0Beinhaltet ein quadratisch geflochtenes Seil, ein rund geflochtenes Seil und ein gedrehtes Seil. Alle sind aus hochwertigem Keramikfasermaterial gefertigt. Das Seil ist mit Glasfaserfilamenten oder Draht aus legiertem Stahl verst\u00e4rkt. Glasfaserverst\u00e4rkte Seile k\u00f6nnen bei Temperaturen unter 650 \u00b0C mit elektrisch isolierenden Eigenschaften eingesetzt werden, w\u00e4hrend Dr\u00e4hte aus legiertem Stahl bei Temperaturen von 1100 \u00b0C mit h\u00f6herer Festigkeit eingesetzt werden k\u00f6nnen. Keramikfasertextilien (Tuch, Band und Seil) enthalten eine bestimmte Menge an Bindemittel, das normalerweise bei niedrigeren Temperaturen verbrannt wird und die Isoliereigenschaften nicht beeintr\u00e4chtigt. Die drei verschiedenen Ausf\u00fchrungen sind f\u00fcr unterschiedliche Anwendungsanforderungen konzipiert: Das gedrehte Seil ist ein weiches Seil , w\u00e4hrend quadratische und runde Geflechte dichter und fester sind.<\/p>\n<h3>Produkteigenschaft<\/h3>\n<ul>\n<li>W\u00e4rmeisolierung<\/li>\n<li>Geringe W\u00e4rmeleitf\u00e4higkeit<\/li>\n<li>Ausgezeichnete Zugeigenschaft<\/li>\n<li>Hohe Arbeitstemperatur<\/li>\n<li>Hervorragende elektrische Isolierleistung<\/li>\n<li>Hervorragende S\u00e4ure-, \u00d6l- und Wasserdampfbest\u00e4ndigkeit<\/li>\n<\/ul>\n<h3>Anwendung<\/h3>\n<ul>\n<li>Ofenvorhang der Hochtemperaturindustrie<\/li>\n<li>W\u00e4rmeisolierung von Hochtemperaturrohren und -beh\u00e4ltern<\/li>\n<li>Weiche Dichtung des Ofenrohrs der petrochemischen Industrie<\/li>\n<li>Schutz von Kabeln oder Kraftstoffleitungen<\/li>\n<li>Materialien aus Hochtemperaturschutz-Verbundwerkstoff<\/li>\n<li>Gemeinsame Packung: 5 kg\/Rolle; 50 kg\/Kunststoff-Gewebebeutel<\/li>\n<\/ul>\n<h3><strong><span data-spm-anchor-id=\"a2700.details.0.i41.369a6306osAqM3\">Technische Daten\u00a0\u00a0<\/span><\/strong><\/h3>\n<table>\n<tbody>\n<tr>\n<td width=\"236\">Produktart<\/td>\n<td colspan=\"2\" width=\"480\">1260\/1400<\/td>\n<td colspan=\"2\" width=\"600\">1260\/1400<\/td>\n<\/tr>\n<tr>\n<td width=\"236\">Produktname<\/td>\n<td colspan=\"2\" width=\"480\">Keramikfasertuch<\/td>\n<td colspan=\"2\" width=\"600\">Keramikfaserstreifen<\/td>\n<\/tr>\n<tr>\n<td width=\"236\">Dichte<\/td>\n<td colspan=\"2\" width=\"480\">400\u2013550 550\u2013630<\/td>\n<td colspan=\"2\" width=\"600\">550<\/td>\n<\/tr>\n<tr>\n<td width=\"236\">Spezifikation<\/td>\n<td colspan=\"2\" width=\"480\">3000*1000\/1500*2&#8212;10<\/td>\n<td colspan=\"2\" width=\"600\">3000*(20&#8212;150)*(2&#8212;10)<\/td>\n<\/tr>\n<tr>\n<td width=\"236\">Produktname<\/td>\n<td width=\"240\">Rundseil aus Keramikfaser<\/td>\n<td width=\"240\">Gedrehtes Keramikfaserseil<\/td>\n<td width=\"258\">Quadratisches Seil aus Keramikfaser<\/td>\n<td width=\"342\">Keramikfaserschlauch<\/td>\n<\/tr>\n<tr>\n<td width=\"236\">Dichte<\/td>\n<td width=\"240\">500&#8211;600<\/td>\n<td width=\"240\">500&#8211;600<\/td>\n<td width=\"258\">500&#8211;600<\/td>\n<td width=\"342\">300&#8211;500<\/td>\n<\/tr>\n<tr>\n<td width=\"236\">Spezifikation<\/td>\n<td colspan=\"2\" width=\"480\">\u03a66\u2013100<\/td>\n<td width=\"258\">6*6&#8212;100*100<\/td>\n<td width=\"342\">Gem\u00e4\u00df der Bestellung<\/td>\n<\/tr>\n<\/tbody>\n<\/table>\n<p>&nbsp;<\/p>","protected":false},"excerpt":{"rendered":"<p>Round braided rope circular braided rope ceramic fiber rope Ceramic fiber rope\u00a0includes square braided rope, round braided rope and twisted rope. All are made from high quality ceramic fiber material. The rope is reinforced with fiberglass filament, or alloy steel wire. Fiberglass filament reinforced rope can work in the temperature below 650C with electric insulating [&hellip;]<\/p>","protected":false},"featured_media":1861,"template":"","meta":{"site-sidebar-layout":"default","site-content-layout":"default","ast-site-content-layout":"default","site-content-style":"default","site-sidebar-style":"default","ast-global-header-display":"","ast-banner-title-visibility":"","ast-main-header-display":"","ast-hfb-above-header-display":"","ast-hfb-below-header-display":"","ast-hfb-mobile-header-display":"","site-post-title":"","ast-breadcrumbs-content":"","ast-featured-img":"","footer-sml-layout":"","theme-transparent-header-meta":"default","adv-header-id-meta":"","stick-header-meta":"","header-above-stick-meta":"","header-main-stick-meta":"","header-below-stick-meta":"","astra-migrate-meta-layouts":"set","ast-page-background-enabled":"default","ast-page-background-meta":{"desktop":{"background-color":"","background-image":"","background-repeat":"repeat","background-position":"center center","background-size":"auto","background-attachment":"scroll","background-type":"","background-media":"","overlay-type":"","overlay-color":"","overlay-opacity":"","overlay-gradient":""},"tablet":{"background-color":"","background-image":"","background-repeat":"repeat","background-position":"center center","background-size":"auto","background-attachment":"scroll","background-type":"","background-media":"","overlay-type":"","overlay-color":"","overlay-opacity":"","overlay-gradient":""},"mobile":{"background-color":"","background-image":"","background-repeat":"repeat","background-position":"center center","background-size":"auto","background-attachment":"scroll","background-type":"","background-media":"","overlay-type":"","overlay-color":"","overlay-opacity":"","overlay-gradient":""}},"ast-content-background-meta":{"desktop":{"background-color":"var(--ast-global-color-5)","background-image":"","background-repeat":"repeat","background-position":"center center","background-size":"auto","background-attachment":"scroll","background-type":"","background-media":"","overlay-type":"","overlay-color":"","overlay-opacity":"","overlay-gradient":""},"tablet":{"background-color":"var(--ast-global-color-5)","background-image":"","background-repeat":"repeat","background-position":"center center","background-size":"auto","background-attachment":"scroll","background-type":"","background-media":"","overlay-type":"","overlay-color":"","overlay-opacity":"","overlay-gradient":""},"mobile":{"background-color":"var(--ast-global-color-5)","background-image":"","background-repeat":"repeat","background-position":"center center","background-size":"auto","background-attachment":"scroll","background-type":"","background-media":"","overlay-type":"","overlay-color":"","overlay-opacity":"","overlay-gradient":""}}},"product_brand":[],"product_cat":[24],"product_tag":[],"class_list":{"0":"post-1860","1":"product","2":"type-product","3":"status-publish","4":"has-post-thumbnail","6":"product_cat-ceramic-wool-2","7":"desktop-align-center","8":"tablet-align-left","9":"mobile-align-left","11":"first","12":"instock","13":"shipping-taxable","14":"product-type-simple"},"_links":{"self":[{"href":"https:\/\/yxwool.com\/de\/wp-json\/wp\/v2\/product\/1860","targetHints":{"allow":["GET"]}}],"collection":[{"href":"https:\/\/yxwool.com\/de\/wp-json\/wp\/v2\/product"}],"about":[{"href":"https:\/\/yxwool.com\/de\/wp-json\/wp\/v2\/types\/product"}],"wp:featuredmedia":[{"embeddable":true,"href":"https:\/\/yxwool.com\/de\/wp-json\/wp\/v2\/media\/1861"}],"wp:attachment":[{"href":"https:\/\/yxwool.com\/de\/wp-json\/wp\/v2\/media?parent=1860"}],"wp:term":[{"taxonomy":"product_brand","embeddable":true,"href":"https:\/\/yxwool.com\/de\/wp-json\/wp\/v2\/product_brand?post=1860"},{"taxonomy":"product_cat","embeddable":true,"href":"https:\/\/yxwool.com\/de\/wp-json\/wp\/v2\/product_cat?post=1860"},{"taxonomy":"product_tag","embeddable":true,"href":"https:\/\/yxwool.com\/de\/wp-json\/wp\/v2\/product_tag?post=1860"}],"curies":[{"name":"wp","href":"https:\/\/api.w.org\/{rel}","templated":true}]}}