{"id":1874,"date":"2025-07-20T08:51:28","date_gmt":"2025-07-20T08:51:28","guid":{"rendered":"http:\/\/yxwool.com\/?post_type=product&#038;p=1874"},"modified":"2026-03-11T06:48:46","modified_gmt":"2026-03-11T06:48:46","slug":"bio-soluble-sealing-braided-ceramic-fiber-tape","status":"publish","type":"product","link":"https:\/\/yxwool.com\/de\/produkt\/bio-soluble-sealing-braided-ceramic-fiber-tape\/","title":{"rendered":"Biol\u00f6sliches Dichtungsband aus geflochtenen Keramikfasern"},"content":{"rendered":"<div>Biol\u00f6sliches Keramikfaserband ist eine Art Hochtemperatur-Isoliermaterial. Hier ist eine detaillierte Einf\u00fchrung:<\/div>\n<div><\/div>\n<div>Zusammensetzung und Herstellung: Es besteht aus k\u00fcnstlichen, glasartigen Erdalkalisilikatfasern, die haupts\u00e4chlich aus CaO, MgO und SiO\u2082 bestehen. Es wird durch Spinnen und Weben hergestellt. Je nach Einsatzbedingungen k\u00f6nnen Verst\u00e4rkungsmaterialien wie Glasfasern oder hitzebest\u00e4ndige Legierungsdr\u00e4hte hinzugef\u00fcgt werden.<\/div>\n<div><\/div>\n<div>Leistungsmerkmale: Es verf\u00fcgt \u00fcber eine ausgezeichnete Hochtemperaturbest\u00e4ndigkeit mit einer Dauergebrauchstemperatur von bis zu 1050 \u00b0C und einer Kurzzeitgebrauchstemperatur von bis zu 1260 \u00b0C. Es ist au\u00dferdem chemisch stabil und widersteht S\u00e4ure- und Laugenkorrosion sowie der Erosion durch geschmolzene Metalle. Dar\u00fcber hinaus zeichnet es sich durch eine geringe W\u00e4rmeleitf\u00e4higkeit, gute Schallabsorption, geringe W\u00e4rmespeicherung und hohe Zugfestigkeit aus. Dar\u00fcber hinaus ist es biologisch abbaubar, umweltfreundlich und unsch\u00e4dlich f\u00fcr den menschlichen K\u00f6rper.<\/div>\n<div><\/div>\n<div>Anwendungsszenarien: Es wird h\u00e4ufig zur W\u00e4rmed\u00e4mmung von Industrie\u00f6fen, Rohrleitungen und Beh\u00e4ltern eingesetzt, um W\u00e4rmeverluste zu reduzieren. Es kann auch zur Abdichtung von Ofent\u00fcren, Ventilen und Flanschen verwendet werden, um Medienlecks zu verhindern. Dar\u00fcber hinaus wird es h\u00e4ufig als Material f\u00fcr Brandschutzt\u00fcren und Brandschutzrolll\u00e4den verwendet und tr\u00e4gt zur Flammhemmung bei. Es eignet sich auch zur W\u00e4rmed\u00e4mmung von Motoren und Instrumenten und tr\u00e4gt dazu bei, die Lebensdauer der Ger\u00e4te zu verl\u00e4ngern.<\/div>\n<p>&nbsp;<\/p>\n<h3><strong><span data-spm-anchor-id=\"a2700.details.0.i41.369a6306osAqM3\">Technische Daten\u00a0\u00a0<\/span><\/strong><\/h3>\n<table>\n<tbody>\n<tr>\n<td width=\"236\">Produktart<\/td>\n<td colspan=\"2\" width=\"480\">1260\/1400<\/td>\n<td colspan=\"2\" width=\"600\">1260\/1400<\/td>\n<\/tr>\n<tr>\n<td width=\"236\">Produktname<\/td>\n<td colspan=\"2\" width=\"480\">Keramikfasertuch<\/td>\n<td colspan=\"2\" width=\"600\">Keramikfaserstreifen<\/td>\n<\/tr>\n<tr>\n<td width=\"236\">Dichte<\/td>\n<td colspan=\"2\" width=\"480\">400\u2013550 550\u2013630<\/td>\n<td colspan=\"2\" width=\"600\">550<\/td>\n<\/tr>\n<tr>\n<td width=\"236\">Spezifikation<\/td>\n<td colspan=\"2\" width=\"480\">3000*1000\/1500*2&#8212;10<\/td>\n<td colspan=\"2\" width=\"600\">3000*(20&#8212;150)*(2&#8212;10)<\/td>\n<\/tr>\n<tr>\n<td width=\"236\">Produktname<\/td>\n<td width=\"240\">Rundseil aus Keramikfaser<\/td>\n<td width=\"240\">Gedrehtes Keramikfaserseil<\/td>\n<td width=\"258\">Quadratisches Seil aus Keramikfaser<\/td>\n<td width=\"342\">Keramikfaserschlauch<\/td>\n<\/tr>\n<tr>\n<td width=\"236\">Dichte<\/td>\n<td width=\"240\">500&#8211;600<\/td>\n<td width=\"240\">500&#8211;600<\/td>\n<td width=\"258\">500&#8211;600<\/td>\n<td width=\"342\">300&#8211;500<\/td>\n<\/tr>\n<tr>\n<td width=\"236\">Spezifikation<\/td>\n<td colspan=\"2\" width=\"480\">\u03a66\u2013100<\/td>\n<td width=\"258\">6*6&#8212;100*100<\/td>\n<td width=\"342\">Gem\u00e4\u00df der Bestellung<\/td>\n<\/tr>\n<\/tbody>\n<\/table>\n<p>&nbsp;<\/p>","protected":false},"excerpt":{"rendered":"<p>Bio &#8211; soluble ceramic fiber tape is a kind of high &#8211; temperature insulating material. Here is a detailed introduction: \u2022Composition and production: It is made of man &#8211; made vitreous alkaline earth silicate fibers, mainly composed of CaO, MgO, and SiO\u2082. It is formed by spinning and weaving. According to different usage conditions, reinforcing [&hellip;]<\/p>","protected":false},"featured_media":1872,"template":"","meta":{"site-sidebar-layout":"default","site-content-layout":"default","ast-site-content-layout":"default","site-content-style":"default","site-sidebar-style":"default","ast-global-header-display":"","ast-banner-title-visibility":"","ast-main-header-display":"","ast-hfb-above-header-display":"","ast-hfb-below-header-display":"","ast-hfb-mobile-header-display":"","site-post-title":"","ast-breadcrumbs-content":"","ast-featured-img":"","footer-sml-layout":"","ast-disable-related-posts":"","theme-transparent-header-meta":"default","adv-header-id-meta":"","stick-header-meta":"","header-above-stick-meta":"","header-main-stick-meta":"","header-below-stick-meta":"","astra-migrate-meta-layouts":"set","ast-page-background-enabled":"default","ast-page-background-meta":{"desktop":{"background-color":"","background-image":"","background-repeat":"repeat","background-position":"center center","background-size":"auto","background-attachment":"scroll","background-type":"","background-media":"","overlay-type":"","overlay-color":"","overlay-opacity":"","overlay-gradient":""},"tablet":{"background-color":"","background-image":"","background-repeat":"repeat","background-position":"center center","background-size":"auto","background-attachment":"scroll","background-type":"","background-media":"","overlay-type":"","overlay-color":"","overlay-opacity":"","overlay-gradient":""},"mobile":{"background-color":"","background-image":"","background-repeat":"repeat","background-position":"center center","background-size":"auto","background-attachment":"scroll","background-type":"","background-media":"","overlay-type":"","overlay-color":"","overlay-opacity":"","overlay-gradient":""}},"ast-content-background-meta":{"desktop":{"background-color":"var(--ast-global-color-5)","background-image":"","background-repeat":"repeat","background-position":"center center","background-size":"auto","background-attachment":"scroll","background-type":"","background-media":"","overlay-type":"","overlay-color":"","overlay-opacity":"","overlay-gradient":""},"tablet":{"background-color":"var(--ast-global-color-5)","background-image":"","background-repeat":"repeat","background-position":"center center","background-size":"auto","background-attachment":"scroll","background-type":"","background-media":"","overlay-type":"","overlay-color":"","overlay-opacity":"","overlay-gradient":""},"mobile":{"background-color":"var(--ast-global-color-5)","background-image":"","background-repeat":"repeat","background-position":"center center","background-size":"auto","background-attachment":"scroll","background-type":"","background-media":"","overlay-type":"","overlay-color":"","overlay-opacity":"","overlay-gradient":""}}},"product_brand":[],"product_cat":[24],"product_tag":[],"class_list":{"0":"post-1874","1":"product","2":"type-product","3":"status-publish","4":"has-post-thumbnail","6":"product_cat-ceramic-wool-2","7":"desktop-align-center","8":"tablet-align-left","9":"mobile-align-left","11":"first","12":"instock","13":"shipping-taxable","14":"product-type-simple"},"_links":{"self":[{"href":"https:\/\/yxwool.com\/de\/wp-json\/wp\/v2\/product\/1874","targetHints":{"allow":["GET"]}}],"collection":[{"href":"https:\/\/yxwool.com\/de\/wp-json\/wp\/v2\/product"}],"about":[{"href":"https:\/\/yxwool.com\/de\/wp-json\/wp\/v2\/types\/product"}],"wp:featuredmedia":[{"embeddable":true,"href":"https:\/\/yxwool.com\/de\/wp-json\/wp\/v2\/media\/1872"}],"wp:attachment":[{"href":"https:\/\/yxwool.com\/de\/wp-json\/wp\/v2\/media?parent=1874"}],"wp:term":[{"taxonomy":"product_brand","embeddable":true,"href":"https:\/\/yxwool.com\/de\/wp-json\/wp\/v2\/product_brand?post=1874"},{"taxonomy":"product_cat","embeddable":true,"href":"https:\/\/yxwool.com\/de\/wp-json\/wp\/v2\/product_cat?post=1874"},{"taxonomy":"product_tag","embeddable":true,"href":"https:\/\/yxwool.com\/de\/wp-json\/wp\/v2\/product_tag?post=1874"}],"curies":[{"name":"wp","href":"https:\/\/api.w.org\/{rel}","templated":true}]}}