{"id":1325,"date":"2023-07-05T07:22:15","date_gmt":"2023-07-05T07:22:15","guid":{"rendered":"http:\/\/yxwool.com\/?post_type=product&#038;p=1325"},"modified":"2023-07-08T04:26:51","modified_gmt":"2023-07-08T04:26:51","slug":"ce-50mm-inch-thickness-non-flammable-fiberglass-insulation-roll-blanket-glass-wool-heat-insulation-materials","status":"publish","type":"product","link":"https:\/\/yxwool.com\/es\/producto\/ce-50mm-inch-thickness-non-flammable-fiberglass-insulation-roll-blanket-glass-wool-heat-insulation-materials\/","title":{"rendered":"Rollo de aislamiento de fibra de vidrio no inflamable de 50mm de pulgada de espesor, manta de lana de vidrio, materiales de aislamiento t\u00e9rmico"},"content":{"rendered":"<div class=\"J_module\">\n<div class=\"detail-decorate-json-renderer-container\">\n<div class=\"magic-0\">\n<h3 class=\"magic-10\"><span class=\"magic-11\"><span class=\"magic-12\" data-spm-anchor-id=\"a2700.details.0.i33.4ad059a8hz9gRp\"> Descripci\u00f3n general de la manta aislante de lana de vidrio<\/span><\/span><\/h3>\n<div class=\"magic-1\">\n<div class=\"magic-2\">\n<div class=\"magic-3\">\n<div class=\"magic-13\"><\/div>\n<div class=\"magic-15\">El producto de lana de vidrio centr\u00edfugo es un tipo de fibra delgada, material de aislamiento de baja conductividad t\u00e9rmica, la estructura especial determina que puede ser muy bueno Aprisionar el aire, para que no pueda fluir, poner fin a la transferencia de calor por convecci\u00f3n de aire, pero tambi\u00e9n puede reducir r\u00e1pidamente la transmisi\u00f3n del sonido, as\u00ed como el efecto de absorci\u00f3n de calor y sonido. La lana de vidrio centr\u00edfuga Yuxing incluye dos series de manta de lana de vidrio y tablero de lana de vidrio.<br \/>\nLa manta de lana de vidrio centr\u00edfuga se divide principalmente en dos categor\u00edas: manta no enchapada y manta enchapada compuesta. Los productos se utilizan ampliamente en el taller, almac\u00e9n, sala de refrigeraci\u00f3n, gimnasio, centro de exposiciones, refugio de cr\u00eda y plantaci\u00f3n, construcci\u00f3n de estructura de acero y varios lugares de entretenimiento en interiores. El tablero de lana de vidrio centr\u00edfugo Yuxing tambi\u00e9n se puede dividir en dos categor\u00edas: panel antiadherente y panel de barra compuesta. Es para agregar lana de vidrio a un aglutinante termoestable.<\/div>\n<div class=\"magic-15\">Placa formada por tratamiento a presi\u00f3n, calentamiento y curado. En comparaci\u00f3n con la manta de lana de vidrio, la l\u00e1mina tiene un rendimiento de absorci\u00f3n de sonido y calor m\u00e1s excelente y estable. Es ampliamente utilizado en el sistema de aislamiento de paredes exteriores de edificios industriales y residenciales, as\u00ed como en aire acondicionado y otros campos.<\/div>\n<div class=\"magic-15\">La l\u00ednea completa de producci\u00f3n de lana de vidrio utiliza tecnolog\u00eda de \u00faltima generaci\u00f3n para producir paneles, rollos de fieltro y tuber\u00edas para aislamiento t\u00e9rmico y ac\u00fastico residencial e industrial de acuerdo con los m\u00e1s altos est\u00e1ndares internacionales (EN, DIN, ASTM).<\/div>\n<div><\/div>\n<\/div>\n<\/div>\n<\/div>\n<\/div>\n<\/div>\n<\/div>\n<div class=\"J_module\">\n<div class=\"detail-decorate-json-renderer-container\">\n<div class=\"magic-0\">\n<div class=\"magic-1\">\n<div class=\"magic-2\">\n<div class=\"magic-3\"><span class=\"magic-16\"><span class=\"magic-12\"><b>Especificaci\u00f3n del aislamiento de lana de vidrio<\/b><\/span><\/span><\/div>\n<div>\n<table style=\"height: 1145px;\" width=\"869\">\n<tbody>\n<tr>\n<td width=\"76\">Modelo<\/td>\n<td width=\"89\">Densidad<br \/>\n(Kg\/m3)<\/td>\n<td width=\"78\">Densidad (Kg\/m3)<\/td>\n<td width=\"110\">Ancho (mm)<\/td>\n<td width=\"88\">Ancho (mm)<\/td>\n<td width=\"179\">Conductividad t\u00e9rmica<br \/>\n(W\/m\u00b7K)<\/td>\n<\/tr>\n<tr>\n<td rowspan=\"3\" width=\"76\">GWR10<\/td>\n<td rowspan=\"3\">10<\/td>\n<td>50<\/td>\n<td width=\"110\">1200<\/td>\n<td>30000<\/td>\n<td rowspan=\"3\">0.044<\/td>\n<\/tr>\n<tr>\n<td>75<\/td>\n<td width=\"110\">1200<\/td>\n<td>20000<\/td>\n<\/tr>\n<tr>\n<td>100<\/td>\n<td width=\"110\">1200<\/td>\n<td>15000<\/td>\n<\/tr>\n<tr>\n<td rowspan=\"4\">GWR12<\/td>\n<td rowspan=\"4\">12<\/td>\n<td>40<\/td>\n<td width=\"110\">1200<\/td>\n<td>30000<\/td>\n<td rowspan=\"4\" width=\"179\">0.042<\/td>\n<\/tr>\n<tr>\n<td>50<\/td>\n<td width=\"110\">1200<\/td>\n<td>30000<\/td>\n<\/tr>\n<tr>\n<td>75<\/td>\n<td width=\"110\">1200<\/td>\n<td>20000<\/td>\n<\/tr>\n<tr>\n<td>100<\/td>\n<td width=\"110\">1200<\/td>\n<td>15000<\/td>\n<\/tr>\n<tr>\n<td rowspan=\"4\">GWR16<\/td>\n<td rowspan=\"4\">16<\/td>\n<td>25<\/td>\n<td width=\"110\">1200<\/td>\n<td>30000<\/td>\n<td rowspan=\"4\">0.039<\/td>\n<\/tr>\n<tr>\n<td>50<\/td>\n<td width=\"110\">1200<\/td>\n<td>15000<\/td>\n<\/tr>\n<tr>\n<td>75<\/td>\n<td width=\"110\">1200<\/td>\n<td>10000<\/td>\n<\/tr>\n<tr>\n<td>100<\/td>\n<td width=\"110\">1200<\/td>\n<td>7500<\/td>\n<\/tr>\n<tr>\n<td rowspan=\"4\">GWR24<\/td>\n<td rowspan=\"4\">24<\/td>\n<td>25<\/td>\n<td width=\"110\">1200<\/td>\n<td>20000<\/td>\n<td rowspan=\"4\" width=\"179\">0.036<\/td>\n<\/tr>\n<tr>\n<td>50<\/td>\n<td width=\"110\">1200<\/td>\n<td>10000<\/td>\n<\/tr>\n<tr>\n<td>75<\/td>\n<td width=\"110\">1200<\/td>\n<td>10000<\/td>\n<\/tr>\n<tr>\n<td>100<\/td>\n<td width=\"110\">1200<\/td>\n<td>5000<\/td>\n<\/tr>\n<tr>\n<td rowspan=\"4\">GWR32<\/td>\n<td rowspan=\"4\">32<\/td>\n<td>25<\/td>\n<td width=\"110\">1200<\/td>\n<td>20000<\/td>\n<td rowspan=\"4\">0.035<\/td>\n<\/tr>\n<tr>\n<td>50<\/td>\n<td width=\"110\">1200<\/td>\n<td>10000<\/td>\n<\/tr>\n<tr>\n<td>75<\/td>\n<td width=\"110\">1200<\/td>\n<td>10000<\/td>\n<\/tr>\n<tr>\n<td>100<\/td>\n<td width=\"110\">1200<\/td>\n<td>5000<\/td>\n<\/tr>\n<tr>\n<td rowspan=\"4\">GWR48<\/td>\n<td rowspan=\"4\">48<\/td>\n<td>25<\/td>\n<td width=\"110\">1200<\/td>\n<td>20000<\/td>\n<td rowspan=\"4\">0.032<\/td>\n<\/tr>\n<tr>\n<td>50<\/td>\n<td width=\"110\">1200<\/td>\n<td>10000<\/td>\n<\/tr>\n<tr>\n<td>75<\/td>\n<td width=\"110\">1200<\/td>\n<td>10000<\/td>\n<\/tr>\n<tr>\n<td>100<\/td>\n<td width=\"110\">1200<\/td>\n<td>5000<\/td>\n<\/tr>\n<\/tbody>\n<\/table>\n<\/div>\n<\/div>\n<\/div>\n<\/div>\n<\/div>\n<\/div>\n<div class=\"J_module\">\n<div class=\"ife-detail-decorate-table\">\n<p>&nbsp;<\/p>\n<div class=\"J_module\">\n<div class=\"icbu-pc-images magic-6\">\n<div class=\"flex-layout-v\">\n<div class=\"flex-layout-h magic-6\">\n<div class=\"magic-35\"><img fetchpriority=\"high\" decoding=\"async\" class=\"alignleft wp-image-1620\" src=\"http:\/\/yxwool.com\/wp-content\/uploads\/2023\/07\/\u8be6\u60c5\u9875-\u68c9\u5ca9\u6bef.jpg\" alt=\"\" width=\"1200\" height=\"2030\" srcset=\"https:\/\/yxwool.com\/wp-content\/uploads\/2023\/07\/\u8be6\u60c5\u9875-\u68c9\u5ca9\u6bef.jpg 750w, https:\/\/yxwool.com\/wp-content\/uploads\/2023\/07\/\u8be6\u60c5\u9875-\u68c9\u5ca9\u6bef-177x300.jpg 177w, https:\/\/yxwool.com\/wp-content\/uploads\/2023\/07\/\u8be6\u60c5\u9875-\u68c9\u5ca9\u6bef-605x1024.jpg 605w, https:\/\/yxwool.com\/wp-content\/uploads\/2023\/07\/\u8be6\u60c5\u9875-\u68c9\u5ca9\u6bef-600x1015.jpg 600w\" sizes=\"(max-width: 1200px) 100vw, 1200px\" \/><\/div>\n<div><\/div>\n<\/div>\n<\/div>\n<\/div>\n<\/div>\n<div class=\"J_module\">\n<div class=\"icbu-pc-images magic-6\">\n<div>\n<div class=\"flex-layout-v\">\n<div class=\"flex-layout-h magic-6\">\n<div class=\"magic-37\"><img decoding=\"async\" class=\"magic-38\" src=\"https:\/\/sc04.alicdn.com\/kf\/H42ed4025ce914ccc99bef05f4cdd76ffv\/240115170\/H42ed4025ce914ccc99bef05f4cdd76ffv.jpg\" width=\"1200\" height=\"586\" data-src=\"\/\/sc04.alicdn.com\/kf\/H42ed4025ce914ccc99bef05f4cdd76ffv\/240115170\/H42ed4025ce914ccc99bef05f4cdd76ffv.jpg\" \/><\/div>\n<\/div>\n<\/div>\n<\/div>\n<\/div>\n<\/div>\n<div class=\"J_module\">\n<div class=\"detail-decorate-json-renderer-container\">\n<div class=\"magic-0\">\n<div class=\"magic-1\">\n<div class=\"magic-2\">\n<div><\/div>\n<div class=\"magic-3\"><span class=\"magic-39\"><b><span class=\"magic-12\">Par\u00e1metros t\u00e9cnicos de la manta aislante de lana de vidrio<\/span><\/b><\/span><\/div>\n<\/div>\n<\/div>\n<\/div>\n<\/div>\n<\/div>\n<div class=\"J_module\">\n<div class=\"ife-detail-decorate-table\">\n<table class=\"all magic-17\" style=\"height: 277px;\" width=\"774\">\n<tbody>\n<tr>\n<td colspan=\"1\" rowspan=\"1\">\n<div class=\"magic-40\">Propiedad<\/div>\n<\/td>\n<td colspan=\"1\" rowspan=\"1\">\n<div class=\"magic-41\">M\u00e9todo de prueba<\/div>\n<\/td>\n<td colspan=\"2\" rowspan=\"1\">\n<div class=\"magic-42\">Especificaci\u00f3n<\/div>\n<\/td>\n<\/tr>\n<tr>\n<td colspan=\"1\" rowspan=\"1\">\n<div class=\"magic-40\">Rango de temperatura<\/div>\n<\/td>\n<td colspan=\"1\" rowspan=\"1\">\n<div class=\"magic-41\">ASTM C411<\/div>\n<\/td>\n<td colspan=\"2\" rowspan=\"1\">\n<div class=\"magic-42\">Hasta 233 oC (450 oF)<\/div>\n<\/td>\n<\/tr>\n<tr>\n<td colspan=\"1\" rowspan=\"1\">\n<div class=\"magic-40\">Absorci\u00f3n de humedad<\/div>\n<\/td>\n<td colspan=\"1\" rowspan=\"1\">\n<div class=\"magic-41\">ASTM C1104<\/div>\n<\/td>\n<td colspan=\"2\" rowspan=\"1\">\n<div class=\"magic-42\">&lt; 1.0% a 49 oC, 95% HR<\/div>\n<\/td>\n<\/tr>\n<tr>\n<td colspan=\"1\" rowspan=\"1\">\n<div class=\"magic-40\">corrosividad<\/div>\n<\/td>\n<td colspan=\"1\" rowspan=\"1\">\n<div class=\"magic-41\">ASTM C665<\/div>\n<\/td>\n<td colspan=\"2\" rowspan=\"1\">\n<div class=\"magic-42\">no acelera<\/div>\n<\/td>\n<\/tr>\n<tr>\n<td colspan=\"1\" rowspan=\"1\">\n<div class=\"magic-40\">Resistencia al moho<\/div>\n<\/td>\n<td colspan=\"1\" rowspan=\"1\">\n<div class=\"magic-41\">ASTM C665<\/div>\n<\/td>\n<td colspan=\"2\" rowspan=\"1\">\n<div class=\"magic-42\">Sin crecimiento<\/div>\n<\/td>\n<\/tr>\n<tr>\n<td colspan=\"1\" rowspan=\"1\">\n<div class=\"magic-40\">\n<p>Caracter\u00edsticas de quemado superficial<\/p>\n<p>Prueba de fuego<\/p>\n<\/div>\n<\/td>\n<td colspan=\"1\" rowspan=\"1\">\n<div class=\"magic-41\">\n<p>ASTME84<\/p>\n<p>BS 476 Parte 6,7<br \/>\nAS 1530-3<\/p>\n<\/div>\n<\/td>\n<td colspan=\"2\" rowspan=\"1\">\n<div class=\"magic-44\">Propagaci\u00f3n de llama &lt; 25<br \/>\nHumo desarrollado &lt; 50<br \/>\nClase 0<br \/>\n\u00cdndice de inflamabilidad 0<br \/>\n\u00cdndice de propagaci\u00f3n de la llama 0<br \/>\n\u00cdndice de evoluci\u00f3n de calor 0<br \/>\n\u00cdndice de desarrollo de humo 1<\/div>\n<\/td>\n<\/tr>\n<\/tbody>\n<\/table>\n<\/div>\n<\/div>\n<div class=\"J_module\">\n<div class=\"detail-decorate-json-renderer-container\">\n<div class=\"magic-0\">\n<div class=\"magic-1\">\n<div class=\"magic-2\">\n<div class=\"magic-3\"><span class=\"magic-12\" style=\"color: #000000;\"><b class=\"magic-45\">Manta aislante de lana de vidrio Ventajas distintivas:<br \/>\n<\/b><\/span> <span class=\"magic-14\">Excelentes propiedades t\u00e9rmicas y ac\u00fasticas<br \/>\nPeso ligero y f\u00e1cil de fabricar en el lugar de trabajo<br \/>\nNo combustible e ign\u00edfugo<br \/>\nMuy econ\u00f3mico, especialmente cuando se utilizan capas gruesas de aislamiento.<br \/>\nDuradero, de por vida y a prueba de termitas.<\/span><\/div>\n<\/div>\n<\/div>\n<\/div>\n<\/div>\n<\/div>\n<div class=\"J_module\">\n<div class=\"detail-decorate-json-renderer-container\">\n<div class=\"magic-0\">\n<div class=\"magic-46\">\n<div class=\"magic-2\">\n<div class=\"magic-3\"><\/div>\n<\/div>\n<\/div>\n<div class=\"magic-46\">\n<div class=\"magic-2\">\n<div class=\"magic-48\">\n<div class=\"magic-4\"><\/div>\n<\/div>\n<\/div>\n<\/div>\n<\/div>\n<\/div>\n<\/div>\n<div class=\"J_module\">\n<div class=\"icbu-pc-images magic-6\">\n<div>\n<div class=\"flex-layout-v\">\n<div class=\"flex-layout-h magic-6\">\n<div class=\"magic-53\"><img decoding=\"async\" class=\"magic-54\" src=\"https:\/\/sc04.alicdn.com\/kf\/Ha30192bb9ed141949a538446fa5a7fd6x\/240115170\/Ha30192bb9ed141949a538446fa5a7fd6x.jpg\" width=\"1200\" height=\"1357\" data-src=\"\/\/sc04.alicdn.com\/kf\/Ha30192bb9ed141949a538446fa5a7fd6x\/240115170\/Ha30192bb9ed141949a538446fa5a7fd6x.jpg\" \/><\/div>\n<\/div>\n<\/div>\n<\/div>\n<\/div>\n<\/div>\n<\/div>\n<\/div>","protected":false},"excerpt":{"rendered":"<p>Descripci\u00f3n general de la manta aislante de lana de vidrio El producto de lana de vidrio centr\u00edfuga es un tipo de material aislante de fibra delgada y baja conductividad t\u00e9rmica. Su estructura especial determina que puede aprisionar muy bien el aire, impidiendo que fluya, poniendo fin a la transferencia de calor por convecci\u00f3n del aire y tambi\u00e9n reduciendo r\u00e1pidamente la transmisi\u00f3n [\u2026]<\/p>","protected":false},"featured_media":1335,"template":"","meta":{"site-sidebar-layout":"default","site-content-layout":"default","ast-site-content-layout":"","site-content-style":"default","site-sidebar-style":"default","ast-global-header-display":"","ast-banner-title-visibility":"","ast-main-header-display":"","ast-hfb-above-header-display":"","ast-hfb-below-header-display":"","ast-hfb-mobile-header-display":"","site-post-title":"","ast-breadcrumbs-content":"","ast-featured-img":"","footer-sml-layout":"","theme-transparent-header-meta":"default","adv-header-id-meta":"","stick-header-meta":"","header-above-stick-meta":"","header-main-stick-meta":"","header-below-stick-meta":"","astra-migrate-meta-layouts":"default","ast-page-background-enabled":"default","ast-page-background-meta":{"desktop":{"background-color":"","background-image":"","background-repeat":"repeat","background-position":"center center","background-size":"auto","background-attachment":"scroll","background-type":"","background-media":"","overlay-type":"","overlay-color":"","overlay-opacity":"","overlay-gradient":""},"tablet":{"background-color":"","background-image":"","background-repeat":"repeat","background-position":"center center","background-size":"auto","background-attachment":"scroll","background-type":"","background-media":"","overlay-type":"","overlay-color":"","overlay-opacity":"","overlay-gradient":""},"mobile":{"background-color":"","background-image":"","background-repeat":"repeat","background-position":"center center","background-size":"auto","background-attachment":"scroll","background-type":"","background-media":"","overlay-type":"","overlay-color":"","overlay-opacity":"","overlay-gradient":""}},"ast-content-background-meta":{"desktop":{"background-color":"var(--ast-global-color-5)","background-image":"","background-repeat":"repeat","background-position":"center center","background-size":"auto","background-attachment":"scroll","background-type":"","background-media":"","overlay-type":"","overlay-color":"","overlay-opacity":"","overlay-gradient":""},"tablet":{"background-color":"var(--ast-global-color-5)","background-image":"","background-repeat":"repeat","background-position":"center center","background-size":"auto","background-attachment":"scroll","background-type":"","background-media":"","overlay-type":"","overlay-color":"","overlay-opacity":"","overlay-gradient":""},"mobile":{"background-color":"var(--ast-global-color-5)","background-image":"","background-repeat":"repeat","background-position":"center center","background-size":"auto","background-attachment":"scroll","background-type":"","background-media":"","overlay-type":"","overlay-color":"","overlay-opacity":"","overlay-gradient":""}}},"product_brand":[],"product_cat":[15],"product_tag":[],"class_list":{"0":"post-1325","1":"product","2":"type-product","3":"status-publish","4":"has-post-thumbnail","6":"product_cat-glass-wool","7":"desktop-align-center","8":"tablet-align-left","9":"mobile-align-left","11":"first","12":"instock","13":"shipping-taxable","14":"product-type-simple"},"_links":{"self":[{"href":"https:\/\/yxwool.com\/es\/wp-json\/wp\/v2\/product\/1325","targetHints":{"allow":["GET"]}}],"collection":[{"href":"https:\/\/yxwool.com\/es\/wp-json\/wp\/v2\/product"}],"about":[{"href":"https:\/\/yxwool.com\/es\/wp-json\/wp\/v2\/types\/product"}],"wp:featuredmedia":[{"embeddable":true,"href":"https:\/\/yxwool.com\/es\/wp-json\/wp\/v2\/media\/1335"}],"wp:attachment":[{"href":"https:\/\/yxwool.com\/es\/wp-json\/wp\/v2\/media?parent=1325"}],"wp:term":[{"taxonomy":"product_brand","embeddable":true,"href":"https:\/\/yxwool.com\/es\/wp-json\/wp\/v2\/product_brand?post=1325"},{"taxonomy":"product_cat","embeddable":true,"href":"https:\/\/yxwool.com\/es\/wp-json\/wp\/v2\/product_cat?post=1325"},{"taxonomy":"product_tag","embeddable":true,"href":"https:\/\/yxwool.com\/es\/wp-json\/wp\/v2\/product_tag?post=1325"}],"curies":[{"name":"wp","href":"https:\/\/api.w.org\/{rel}","templated":true}]}}