{"id":1421,"date":"2023-07-06T04:59:05","date_gmt":"2023-07-06T04:59:05","guid":{"rendered":"http:\/\/yxwool.com\/?post_type=product&#038;p=1421"},"modified":"2023-07-08T06:46:09","modified_gmt":"2023-07-08T06:46:09","slug":"prefab-building-board-glasswool-insulation-r2-5-australia-standard-aluminum-foil-glasswool-batts-pipe-insulation-materials","status":"publish","type":"product","link":"https:\/\/yxwool.com\/es\/producto\/prefab-building-board-glasswool-insulation-r2-5-australia-standard-aluminum-foil-glasswool-batts-pipe-insulation-materials\/","title":{"rendered":"Tablero de construcci\u00f3n prefabricado aislamiento de lana de vidrio r2.5 papel de aluminio est\u00e1ndar de Australia bloques de lana de vidrio materiales de aislamiento de tuber\u00edas"},"content":{"rendered":"<p>Descripci\u00f3n general de la tuber\u00eda de aislamiento de lana de vidrio<\/p>\n<p><strong><b>YUXING<\/b><\/strong><strong><sup><b>\u00ae<\/b><\/sup><\/strong>La tuber\u00eda de lana de vidrio se considera el producto de aislamiento m\u00e1s efectivo y ecol\u00f3gico para usar en tuber\u00edas.<br \/>\nfunciona ya que es incombustible y cumple con los requisitos para un rendimiento \u00f3ptimo de aislamiento t\u00e9rmico y ac\u00fastico de acuerdo con<br \/>\ncon los m\u00e1s altos est\u00e1ndares internacionales (EN, FM, ASTM).<\/p>\n<p><strong><b>YUXING<\/b><\/strong><strong><sup><b>\u00ae<\/b><\/sup><\/strong> El producto centr\u00edfugo de lana de vidrio es un tipo de fibra delgada, material de aislamiento de baja conductividad t\u00e9rmica, el especial<br \/>\nla estructura determina que puede ser muy bueno Aprisionar el aire, para que no pueda fluir, poner fin al calor por convecci\u00f3n del aire<br \/>\ntransferencia, pero tambi\u00e9n puede reducir r\u00e1pidamente la transmisi\u00f3n del sonido, as\u00ed como el calor y el efecto de absorci\u00f3n de sonido.<\/p>\n<p><strong><b>YUXING<\/b><\/strong><strong><sup><b>\u00ae<\/b><\/sup><\/strong> La lana de vidrio incluye 7 series de manta de lana de vidrio, tablero de lana de vidrio, tubo de lana de vidrio, bloque de lana de vidrio, vidrio revestido de papel de aluminio<br \/>\nlana, lana de vidrio de colores, lana de vidrio de alta temperatura.<\/p>\n<div class=\"J_module\">\n<div id=\"ali-anchor-AliMagic-ztakgj\" class=\"magic-13\" data-section=\"AliMagic-ztakgj\" data-section-title=\"Specification of Glass Wool Pipe Insulation\" data-spm-anchor-id=\"a2700.details.0.i47.1c712bb0V17Jx6\">Especificaci\u00f3n del aislamiento de tuber\u00eda de lana de vidrio<\/div>\n<\/div>\n<div class=\"J_module\">\n<div class=\"ife-detail-decorate-table\">\n<table class=\"has-title hight-light-first-column all magic-14\" style=\"height: 345px;\" width=\"1200\">\n<tbody>\n<tr>\n<td colspan=\"1\" rowspan=\"1\">\n<div class=\"magic-15\">\n<div class=\"magic-4\">ART\u00cdCULO<\/div>\n<\/div>\n<\/td>\n<td colspan=\"2\" rowspan=\"1\">\n<div class=\"magic-16\">\n<div class=\"magic-4\">ESPECIFICACIONES<\/div>\n<\/div>\n<\/td>\n<\/tr>\n<tr>\n<td colspan=\"1\" rowspan=\"1\">\n<div class=\"magic-15\">\n<div class=\"magic-4\">Densidad<\/div>\n<\/div>\n<\/td>\n<td colspan=\"2\" rowspan=\"1\">\n<div class=\"magic-16\">\n<div class=\"magic-4\" data-spm-anchor-id=\"a2700.pc-decorate.0.i2.3e273333rbKbWT\">40-80kg\/m\u00b3<\/div>\n<\/div>\n<\/td>\n<\/tr>\n<tr>\n<td colspan=\"1\" rowspan=\"1\">\n<div class=\"magic-15\">\n<div class=\"magic-4\">Longitud<\/div>\n<\/div>\n<\/td>\n<td colspan=\"1\" rowspan=\"3\">\n<div class=\"magic-19\">\n<div class=\"magic-4\"><b>TALLA DISPONIBLE<\/b><\/div>\n<\/div>\n<\/td>\n<td colspan=\"1\" rowspan=\"1\">\n<div class=\"magic-20\">\n<div class=\"magic-4\" data-spm-anchor-id=\"a2700.details.0.i46.1c712bb0V17Jx6\">1m<\/div>\n<\/div>\n<\/td>\n<\/tr>\n<tr>\n<td colspan=\"1\" rowspan=\"1\">\n<div class=\"magic-15\">\n<div class=\"magic-4\">Di\u00e1metro interno<\/div>\n<\/div>\n<\/td>\n<td colspan=\"1\" rowspan=\"1\">\n<div class=\"magic-20\">\n<div class=\"magic-4\">22-720 mm<\/div>\n<\/div>\n<\/td>\n<\/tr>\n<tr>\n<td colspan=\"1\" rowspan=\"1\">\n<div class=\"magic-22\">\n<div class=\"magic-4\">Espesor<\/div>\n<\/div>\n<\/td>\n<td colspan=\"1\" rowspan=\"1\">\n<div class=\"magic-20\">\n<div class=\"magic-4\">25-100 mm<\/div>\n<\/div>\n<\/td>\n<\/tr>\n<tr>\n<td colspan=\"1\" rowspan=\"1\">\n<div class=\"magic-22\">\n<div class=\"magic-4\">Frente a<\/div>\n<\/div>\n<\/td>\n<td colspan=\"2\" rowspan=\"1\">\n<div class=\"magic-16\">\n<div class=\"magic-4\">Papel de aluminio, FSK, PVC, malla de fibra de vidrio, etc.<\/div>\n<\/div>\n<\/td>\n<\/tr>\n<tr>\n<td colspan=\"1\" rowspan=\"1\">\n<div class=\"magic-22\">\n<div class=\"magic-4\">Solicitud<\/div>\n<\/div>\n<\/td>\n<td colspan=\"2\" rowspan=\"1\">\n<div class=\"magic-16\">\n<div class=\"magic-4\">Sistema de aislamiento de todo tipo de tuber\u00edas (incluyendo: refrigeraci\u00f3n, agua caliente, vapor)<\/div>\n<\/div>\n<\/td>\n<\/tr>\n<tr>\n<td colspan=\"1\" rowspan=\"1\">\n<div class=\"magic-22\">\n<div class=\"magic-4\">Observaci\u00f3n<\/div>\n<\/div>\n<\/td>\n<td colspan=\"2\" rowspan=\"1\">\n<div class=\"magic-16\">\n<div class=\"magic-4\">Los productos personalizados est\u00e1n disponibles bajo consulta.<\/div>\n<\/div>\n<\/td>\n<\/tr>\n<\/tbody>\n<\/table>\n<\/div>\n<\/div>\n<p><img fetchpriority=\"high\" decoding=\"async\" class=\"alignleft  wp-image-1630\" src=\"http:\/\/yxwool.com\/wp-content\/uploads\/2023\/07\/\u7ba1-\u8be6\u60c5\u9875.jpg\" alt=\"\" width=\"1200\" height=\"2051\" srcset=\"https:\/\/yxwool.com\/wp-content\/uploads\/2023\/07\/\u7ba1-\u8be6\u60c5\u9875.jpg 750w, https:\/\/yxwool.com\/wp-content\/uploads\/2023\/07\/\u7ba1-\u8be6\u60c5\u9875-176x300.jpg 176w, https:\/\/yxwool.com\/wp-content\/uploads\/2023\/07\/\u7ba1-\u8be6\u60c5\u9875-599x1024.jpg 599w, https:\/\/yxwool.com\/wp-content\/uploads\/2023\/07\/\u7ba1-\u8be6\u60c5\u9875-600x1026.jpg 600w\" sizes=\"(max-width: 1200px) 100vw, 1200px\" \/><\/p>\n<div class=\"J_module\">\n<div class=\"detail-decorate-json-renderer-container\">\n<div class=\"magic-0\">\n<h3 data-spm-anchor-id=\"a2700.details.0.i51.1c712bb0V17Jx6\"><\/h3>\n<h3 class=\"magic-32\" data-spm-anchor-id=\"a2700.details.0.i51.1c712bb0V17Jx6\"><span class=\"magic-33\" style=\"color: #000000;\" data-spm-anchor-id=\"a2700.details.0.i50.1c712bb0V17Jx6\">Rendimiento t\u00e9cnico de la tuber\u00eda de aislamiento de lana de vidrio<\/span><\/h3>\n<\/div>\n<\/div>\n<\/div>\n<div class=\"J_module\">\n<div class=\"ife-detail-decorate-table\">\n<table class=\"has-title hight-light-first-column all magic-14\" style=\"height: 580px;\" width=\"1200\">\n<tbody>\n<tr>\n<td colspan=\"1\" rowspan=\"1\">\n<div class=\"magic-34\">\n<div class=\"magic-4\">Contenido probado<\/div>\n<\/div>\n<\/td>\n<td colspan=\"1\" rowspan=\"1\">\n<div class=\"magic-35\">\n<div class=\"magic-4\">M\u00e9todo de prueba<\/div>\n<\/div>\n<\/td>\n<td colspan=\"1\" rowspan=\"1\">\n<div class=\"magic-35\">\n<div class=\"magic-4\">Valor probado<\/div>\n<\/div>\n<\/td>\n<\/tr>\n<tr>\n<td colspan=\"1\" rowspan=\"1\">\n<div class=\"magic-34\">\n<div class=\"magic-4\">Rango de temperatura<\/div>\n<\/div>\n<\/td>\n<td colspan=\"1\" rowspan=\"1\">\n<div class=\"magic-35\">\n<div class=\"magic-4\">ASTM C411<\/div>\n<\/div>\n<\/td>\n<td colspan=\"1\" rowspan=\"1\">\n<div class=\"magic-35\">\n<div class=\"magic-4\">Hasta 450 \u00b0C<\/div>\n<\/div>\n<\/td>\n<\/tr>\n<tr>\n<td colspan=\"1\" rowspan=\"1\">\n<div class=\"magic-34\">\n<div class=\"magic-4\">Conductividad t\u00e9rmica<\/div>\n<\/div>\n<\/td>\n<td colspan=\"1\" rowspan=\"1\">\n<div class=\"magic-35\">\n<div class=\"magic-4\">ASTM C518<\/div>\n<\/div>\n<\/td>\n<td colspan=\"1\" rowspan=\"1\">\n<div class=\"magic-35\">\n<div class=\"magic-4\">0,030-0,042 (W\/m\u00b7K)<\/div>\n<\/div>\n<\/td>\n<\/tr>\n<tr>\n<td colspan=\"1\" rowspan=\"1\">\n<div class=\"magic-34\">\n<div class=\"magic-4\">Resistencia a la corrosi\u00f3n<\/div>\n<\/div>\n<\/td>\n<td colspan=\"1\" rowspan=\"1\">\n<div class=\"magic-35\">\n<div class=\"magic-4\">ASTM C665<\/div>\n<\/div>\n<\/td>\n<td colspan=\"1\" rowspan=\"1\">\n<div class=\"magic-35\">\n<div class=\"magic-4\">Sin reacci\u00f3n qu\u00edmica<\/div>\n<\/div>\n<\/td>\n<\/tr>\n<tr>\n<td colspan=\"1\" rowspan=\"1\">\n<div class=\"magic-36\">\n<div class=\"magic-4\">Resistencia al moho<\/div>\n<\/div>\n<\/td>\n<td colspan=\"1\" rowspan=\"1\">\n<div class=\"magic-37\">\n<div class=\"magic-4\">ASTM C665<\/div>\n<\/div>\n<\/td>\n<td colspan=\"1\" rowspan=\"1\">\n<div class=\"magic-38\">\n<div class=\"magic-4\">A prueba de moho, inhibe el crecimiento de hongos<\/div>\n<\/div>\n<\/td>\n<\/tr>\n<tr>\n<td colspan=\"1\" rowspan=\"1\">\n<div class=\"magic-36\">\n<div class=\"magic-4\">Contenido de bola de escoria<\/div>\n<\/div>\n<\/td>\n<td colspan=\"1\" rowspan=\"1\">\n<div class=\"magic-37\">\n<div class=\"magic-4\">GB\/T 5480,5<\/div>\n<\/div>\n<\/td>\n<td colspan=\"1\" rowspan=\"1\">\n<div class=\"magic-38\">\n<div class=\"magic-4\">0.1<\/div>\n<\/div>\n<\/td>\n<\/tr>\n<tr>\n<td colspan=\"1\" rowspan=\"1\">\n<div class=\"magic-36\">\n<div class=\"magic-4\">Di\u00e1metro promedio de fibras<\/div>\n<\/div>\n<\/td>\n<td colspan=\"1\" rowspan=\"1\">\n<div class=\"magic-37\">\n<div class=\"magic-4\">GB\/T 17795-2008<\/div>\n<\/div>\n<\/td>\n<td colspan=\"1\" rowspan=\"1\">\n<div class=\"magic-38\">\n<div class=\"magic-4\">5-8 micras<\/div>\n<\/div>\n<\/td>\n<\/tr>\n<tr>\n<td colspan=\"1\" rowspan=\"1\">\n<div class=\"magic-36\">\n<div class=\"magic-4\">Absorci\u00f3n de humedad<\/div>\n<\/div>\n<\/td>\n<td colspan=\"1\" rowspan=\"1\">\n<div class=\"magic-37\">\n<div class=\"magic-4\">ASTM C1104<\/div>\n<\/div>\n<\/td>\n<td colspan=\"1\" rowspan=\"1\">\n<div class=\"magic-38\">\n<div class=\"magic-4\">&lt;1% por peso (Temperatura: 49 \u00b0C, Humedad relativa: 95%)<\/div>\n<\/div>\n<\/td>\n<\/tr>\n<tr>\n<td colspan=\"1\" rowspan=\"1\">\n<div class=\"magic-36\">\n<div class=\"magic-4\">Absorci\u00f3n de humedad<\/div>\n<\/div>\n<\/td>\n<td colspan=\"1\" rowspan=\"1\">\n<div class=\"magic-37\">\n<div class=\"magic-4\">ASTM C1104<\/div>\n<\/div>\n<\/td>\n<td colspan=\"1\" rowspan=\"1\">\n<div class=\"magic-38\">\n<div class=\"magic-4\">&lt;1% por volumen<\/div>\n<\/div>\n<\/td>\n<\/tr>\n<tr>\n<td colspan=\"1\" rowspan=\"1\">\n<div class=\"magic-36\">\n<div class=\"magic-4\">Coeficiente hidrof\u00f3bico<\/div>\n<\/div>\n<\/td>\n<td colspan=\"1\" rowspan=\"1\">\n<div class=\"magic-37\">\n<div class=\"magic-4\">GB\/T 10299<\/div>\n<\/div>\n<\/td>\n<td colspan=\"1\" rowspan=\"1\">\n<div class=\"magic-38\">\n<div class=\"magic-4\">&gt;99%<\/div>\n<\/div>\n<\/td>\n<\/tr>\n<tr>\n<td colspan=\"1\" rowspan=\"1\">\n<div class=\"magic-36\">\n<div class=\"magic-4\">Prueba de fuego<\/div>\n<\/div>\n<\/td>\n<td colspan=\"1\" rowspan=\"1\">\n<div class=\"magic-37\">\n<div class=\"magic-4\">ASTME84<\/div>\n<div class=\"magic-4\">BS 476 Parte 6 y 7<\/div>\n<\/div>\n<\/td>\n<td colspan=\"1\" rowspan=\"1\">\n<div class=\"magic-38\">\n<div class=\"magic-4\">\u00cdndice de propagaci\u00f3n de llama: &lt;25<\/div>\n<div class=\"magic-4\">\u00cdndice de desarrollo de humo: &lt;50<\/div>\n<\/div>\n<\/td>\n<\/tr>\n<tr>\n<td colspan=\"1\" rowspan=\"1\">\n<div class=\"magic-36\">\n<div class=\"magic-4\">Grado de Combustibilidad<\/div>\n<\/div>\n<\/td>\n<td colspan=\"1\" rowspan=\"1\">\n<div class=\"magic-37\">\n<div class=\"magic-4\">ASTME84<\/div>\n<\/div>\n<\/td>\n<td colspan=\"1\" rowspan=\"1\">\n<div class=\"magic-38\">\n<div class=\"magic-4\">Grado A no combustible<\/div>\n<\/div>\n<\/td>\n<\/tr>\n<\/tbody>\n<\/table>\n<\/div>\n<\/div>\n<div class=\"J_module\">\n<div class=\"detail-decorate-json-renderer-container\">\n<div class=\"magic-0\">\n<div class=\"magic-1\">\n<div class=\"magic-2\">\n<div class=\"magic-3\"><b><span class=\"magic-39\" style=\"color: #000000;\"><span class=\"magic-40\">Ventajas distintivas de la tuber\u00eda de aislamiento de lana de vidrio:<\/span><\/span><\/b><br \/>\n<span class=\"magic-41\">\u2022 Muy econ\u00f3mico, mejora la eficiencia energ\u00e9tica <\/span><\/p>\n<div><span class=\"magic-41\">\u2022 Absorci\u00f3n de sonido y reducci\u00f3n de ruido <\/span><\/div>\n<div><span class=\"magic-41\">\u2022 Proporcionar eficiencia t\u00e9rmica, baja conductividad t\u00e9rmica<\/span><\/div>\n<div><span class=\"magic-41\">\u2022 Peso ligero y f\u00e1cil de instalar en el lugar de trabajo<\/span><\/div>\n<div><span class=\"magic-41\">\u2022 No combustible e ign\u00edfugo <\/span><\/div>\n<div><span class=\"magic-41\">\u2022 Duradero, de por vida<br \/>\n\u2022 Protecci\u00f3n impermeable, verde y ambiental.<\/span><\/div>\n<\/div>\n<div>\n<div class=\"J_module\">\n<div class=\"detail-decorate-json-renderer-container\">\n<div class=\"magic-0\">\n<h3><\/h3>\n<h3 class=\"magic-32\"><span class=\"magic-40\"><span class=\"magic-42\" style=\"color: #000000;\" data-spm-anchor-id=\"a2700.details.0.i52.1c712bb0V17Jx6\">Aplicaciones de tuber\u00edas de aislamiento de lana de vidrio:<\/span><\/span><\/h3>\n<div class=\"magic-1\">\n<div class=\"magic-2\">\n<div class=\"magic-3\">\n<p><strong><b>YUXING<\/b><\/strong><strong><sup><b>\u00ae<\/b><\/sup><\/strong><span style=\"font-size: 16px;\">El tubo de aislamiento de lana de vidrio se utiliza principalmente para todo tipo de sistemas de aislamiento de tuber\u00edas (incluyendo: refrigeraci\u00f3n, agua caliente, vapor) que funcionan a una temperatura ambiente de 4 \u2103 - 454 \u2103.<\/span><\/p>\n<p><span style=\"font-size: 16px;\">Debido a que el material de la manga de la tuber\u00eda es impermeable e ign\u00edfugo, anticorrosi\u00f3n, no mohoso, no vive la caracter\u00edstica del<\/span><span style=\"font-size: 16px;\">insecto, por lo que puede prevenir eficazmente la condensaci\u00f3n, evitar que las tuber\u00edas se congelen, es ampliamente utilizado en ingenier\u00eda de tuber\u00edas industriales, civiles<\/span><span style=\"font-size: 16px;\">construcci\u00f3n, tuber\u00edas de calefacci\u00f3n, aire acondicionado y aislamiento de equipos de refrigeraci\u00f3n. El efecto de ahorro de energ\u00eda puede aumentar 15-30%.<\/span><\/p>\n<\/div>\n<\/div>\n<\/div>\n<\/div>\n<\/div>\n<\/div>\n<div class=\"J_module\">\n<div class=\"icbu-pc-images magic-25\">\n<div>\n<div class=\"flex-layout-v\">\n<div class=\"flex-layout-h magic-25\">\n<div class=\"magic-43\"><img decoding=\"async\" class=\"magic-44\" src=\"https:\/\/sc04.alicdn.com\/kf\/H68fa13f7bf454f9c95d9152e8008f4cdA\/240115170\/H68fa13f7bf454f9c95d9152e8008f4cdA.jpg\" width=\"1200\" height=\"1614\" data-src=\"\/\/sc04.alicdn.com\/kf\/H68fa13f7bf454f9c95d9152e8008f4cdA\/240115170\/H68fa13f7bf454f9c95d9152e8008f4cdA.jpg\" \/><\/div>\n<\/div>\n<\/div>\n<\/div>\n<\/div>\n<\/div>\n<div class=\"J_module\">\n<div class=\"icbu-pc-images magic-25\">\n<div>\n<div class=\"flex-layout-v\">\n<div class=\"flex-layout-h magic-25\">\n<div class=\"magic-45\"><img decoding=\"async\" class=\"magic-46\" src=\"https:\/\/sc04.alicdn.com\/kf\/H42ed4025ce914ccc99bef05f4cdd76ffv\/240115170\/H42ed4025ce914ccc99bef05f4cdd76ffv.jpg\" width=\"1200\" height=\"587\" data-src=\"\/\/sc04.alicdn.com\/kf\/H42ed4025ce914ccc99bef05f4cdd76ffv\/240115170\/H42ed4025ce914ccc99bef05f4cdd76ffv.jpg\" \/><\/div>\n<\/div>\n<\/div>\n<\/div>\n<\/div>\n<\/div>\n<div class=\"J_module\">\n<div class=\"icbu-pc-images magic-25\">\n<div>\n<div class=\"flex-layout-v\">\n<div class=\"flex-layout-h magic-25\">\n<div class=\"magic-47\"><img loading=\"lazy\" decoding=\"async\" class=\"magic-48\" src=\"https:\/\/sc04.alicdn.com\/kf\/Hbb95d21cc693415982b6dcec81cfd494G\/240115170\/Hbb95d21cc693415982b6dcec81cfd494G.jpg\" width=\"1200\" height=\"1365\" data-src=\"\/\/sc04.alicdn.com\/kf\/Hbb95d21cc693415982b6dcec81cfd494G\/240115170\/Hbb95d21cc693415982b6dcec81cfd494G.jpg\" \/><\/div>\n<\/div>\n<\/div>\n<\/div>\n<\/div>\n<\/div>\n<\/div>\n<\/div>\n<\/div>\n<\/div>\n<\/div>\n<\/div>","protected":false},"excerpt":{"rendered":"<p>Glass Wool Insulation Pipe Overview YUXING\u00aeGlass Wool Pipe is considered to be the most effective, and environmentally friendly insulation product to use for pipe work as it is non-combustable, and meets the requirements for optimal thermal and acoustic insulation performance in accordance with the highest international standards (EN, FM, ASTM). YUXING\u00ae centrifugal glass wool product [&hellip;]<\/p>","protected":false},"featured_media":1422,"template":"","meta":{"site-sidebar-layout":"default","site-content-layout":"default","ast-site-content-layout":"","site-content-style":"default","site-sidebar-style":"default","ast-global-header-display":"","ast-banner-title-visibility":"","ast-main-header-display":"","ast-hfb-above-header-display":"","ast-hfb-below-header-display":"","ast-hfb-mobile-header-display":"","site-post-title":"","ast-breadcrumbs-content":"","ast-featured-img":"","footer-sml-layout":"","theme-transparent-header-meta":"default","adv-header-id-meta":"","stick-header-meta":"","header-above-stick-meta":"","header-main-stick-meta":"","header-below-stick-meta":"","astra-migrate-meta-layouts":"default","ast-page-background-enabled":"default","ast-page-background-meta":{"desktop":{"background-color":"","background-image":"","background-repeat":"repeat","background-position":"center center","background-size":"auto","background-attachment":"scroll","background-type":"","background-media":"","overlay-type":"","overlay-color":"","overlay-opacity":"","overlay-gradient":""},"tablet":{"background-color":"","background-image":"","background-repeat":"repeat","background-position":"center center","background-size":"auto","background-attachment":"scroll","background-type":"","background-media":"","overlay-type":"","overlay-color":"","overlay-opacity":"","overlay-gradient":""},"mobile":{"background-color":"","background-image":"","background-repeat":"repeat","background-position":"center center","background-size":"auto","background-attachment":"scroll","background-type":"","background-media":"","overlay-type":"","overlay-color":"","overlay-opacity":"","overlay-gradient":""}},"ast-content-background-meta":{"desktop":{"background-color":"var(--ast-global-color-5)","background-image":"","background-repeat":"repeat","background-position":"center center","background-size":"auto","background-attachment":"scroll","background-type":"","background-media":"","overlay-type":"","overlay-color":"","overlay-opacity":"","overlay-gradient":""},"tablet":{"background-color":"var(--ast-global-color-5)","background-image":"","background-repeat":"repeat","background-position":"center center","background-size":"auto","background-attachment":"scroll","background-type":"","background-media":"","overlay-type":"","overlay-color":"","overlay-opacity":"","overlay-gradient":""},"mobile":{"background-color":"var(--ast-global-color-5)","background-image":"","background-repeat":"repeat","background-position":"center center","background-size":"auto","background-attachment":"scroll","background-type":"","background-media":"","overlay-type":"","overlay-color":"","overlay-opacity":"","overlay-gradient":""}}},"product_brand":[],"product_cat":[15],"product_tag":[],"class_list":{"0":"post-1421","1":"product","2":"type-product","3":"status-publish","4":"has-post-thumbnail","6":"product_cat-glass-wool","7":"desktop-align-center","8":"tablet-align-left","9":"mobile-align-left","11":"first","12":"instock","13":"shipping-taxable","14":"product-type-simple"},"_links":{"self":[{"href":"https:\/\/yxwool.com\/es\/wp-json\/wp\/v2\/product\/1421","targetHints":{"allow":["GET"]}}],"collection":[{"href":"https:\/\/yxwool.com\/es\/wp-json\/wp\/v2\/product"}],"about":[{"href":"https:\/\/yxwool.com\/es\/wp-json\/wp\/v2\/types\/product"}],"wp:featuredmedia":[{"embeddable":true,"href":"https:\/\/yxwool.com\/es\/wp-json\/wp\/v2\/media\/1422"}],"wp:attachment":[{"href":"https:\/\/yxwool.com\/es\/wp-json\/wp\/v2\/media?parent=1421"}],"wp:term":[{"taxonomy":"product_brand","embeddable":true,"href":"https:\/\/yxwool.com\/es\/wp-json\/wp\/v2\/product_brand?post=1421"},{"taxonomy":"product_cat","embeddable":true,"href":"https:\/\/yxwool.com\/es\/wp-json\/wp\/v2\/product_cat?post=1421"},{"taxonomy":"product_tag","embeddable":true,"href":"https:\/\/yxwool.com\/es\/wp-json\/wp\/v2\/product_tag?post=1421"}],"curies":[{"name":"wp","href":"https:\/\/api.w.org\/{rel}","templated":true}]}}