{"id":1427,"date":"2023-07-06T05:07:25","date_gmt":"2023-07-06T05:07:25","guid":{"rendered":"http:\/\/yxwool.com\/?post_type=product&#038;p=1427"},"modified":"2023-07-08T06:49:17","modified_gmt":"2023-07-08T06:49:17","slug":"hot-selling-glass-wool-steam-pipe-insulation-fireproof-insulation-sheet-glass-wool","status":"publish","type":"product","link":"https:\/\/yxwool.com\/es\/producto\/hot-selling-glass-wool-steam-pipe-insulation-fireproof-insulation-sheet-glass-wool\/","title":{"rendered":"Venta caliente de lana de vidrio Aislamiento de tuber\u00edas de vapor Hoja de aislamiento ign\u00edfugo Lana de vidrio"},"content":{"rendered":"<div class=\"J_module\">\n<div class=\"detail-decorate-json-renderer-container\">\n<div class=\"magic-0\">\n<div class=\"magic-1\">\n<div class=\"magic-2\">\n<div class=\"magic-3\">\n<div class=\"magic-4\" data-spm-anchor-id=\"a2700.details.0.i41.7e3b468er6FjLJ\"><span class=\"magic-5\"><span class=\"magic-6\" style=\"font-family: Arial;\"><b class=\"magic-5\"><i class=\"magic-5\"><span data-spm-anchor-id=\"a2700.details.0.i40.7e3b468er6FjLJ\">Venta caliente de lana de vidrio Aislamiento de tuber\u00edas de vapor Hoja de aislamiento ign\u00edfugo Lana de vidrio<\/span><\/i><\/b><\/span><\/span><\/div>\n<\/div>\n<\/div>\n<\/div>\n<\/div>\n<\/div>\n<\/div>\n<div class=\"J_module\">\n<div class=\"icbu-pc-images magic-7\">\n<div class=\"flex-layout-v\">\n<div class=\"flex-layout-h magic-7\">\n<div class=\"magic-8\"><img fetchpriority=\"high\" decoding=\"async\" class=\"alignleft wp-image-1415\" src=\"http:\/\/yxwool.com\/wp-content\/uploads\/2023\/07\/H1cf0ac8a37c9498fa22fff660d2539478.jpg\" alt=\"\" width=\"1200\" height=\"1576\" srcset=\"https:\/\/yxwool.com\/wp-content\/uploads\/2023\/07\/H1cf0ac8a37c9498fa22fff660d2539478.jpg 750w, https:\/\/yxwool.com\/wp-content\/uploads\/2023\/07\/H1cf0ac8a37c9498fa22fff660d2539478-228x300.jpg 228w, https:\/\/yxwool.com\/wp-content\/uploads\/2023\/07\/H1cf0ac8a37c9498fa22fff660d2539478-600x788.jpg 600w\" sizes=\"(max-width: 1200px) 100vw, 1200px\" \/><\/div>\n<\/div>\n<\/div>\n<\/div>\n<\/div>\n<div class=\"J_module\">\n<div id=\"ali-anchor-AliMagic-c9m3g1\" class=\"magic-10\" data-section=\"AliMagic-c9m3g1\" data-section-title=\"Product Description\"><\/div>\n<\/div>\n<div class=\"J_module\">\n<div class=\"detail-decorate-json-renderer-container\">\n<div class=\"magic-0\">\n<h3><\/h3>\n<h3 class=\"magic-11\"><span class=\"magic-12\">Descripci\u00f3n general de la tuber\u00eda de aislamiento de lana de vidrio<\/span><\/h3>\n<div class=\"magic-1\">\n<div class=\"magic-2\">\n<div class=\"magic-3\">\n<div class=\"magic-13\"><\/div>\n<div class=\"magic-15\"><b>YUXING<sup>\u00ae<\/sup> Tubo de lana de vidrio<\/b> se considera el producto de aislamiento m\u00e1s eficaz y respetuoso con el medio ambiente para usar en tuber\u00edas, ya que no es combustible y cumple los requisitos para un rendimiento \u00f3ptimo de aislamiento t\u00e9rmico y ac\u00fastico de acuerdo con los m\u00e1s altos est\u00e1ndares internacionales (EN, FM, ASTM) .<\/div>\n<div class=\"magic-15\"><\/div>\n<div class=\"magic-15\"><b>YUXING<\/b><sup>\u00ae <\/sup>El producto de lana de vidrio centr\u00edfugo es un tipo de fibra delgada, material de aislamiento de baja conductividad t\u00e9rmica, la estructura especial determina que puede ser muy bueno Aprisionar el aire, para que no pueda fluir, poner fin a la transferencia de calor por convecci\u00f3n de aire, pero tambi\u00e9n puede reducir r\u00e1pidamente la transmisi\u00f3n del sonido, as\u00ed como el calor y el efecto de absorci\u00f3n de sonido.<\/div>\n<div class=\"magic-15\"><\/div>\n<div class=\"magic-15\"><b>YUXING<\/b><sup>\u00ae<\/sup> La lana de vidrio incluye 7 series de manta de lana de vidrio, tablero de lana de vidrio, tubo de lana de vidrio, bloque de lana de vidrio, lana de vidrio revestida con l\u00e1mina, lana de vidrio de colores, lana de vidrio de alta temperatura.<\/div>\n<div><\/div>\n<\/div>\n<\/div>\n<\/div>\n<\/div>\n<\/div>\n<\/div>\n<div class=\"J_module\">\n<div class=\"detail-decorate-json-renderer-container\">\n<div class=\"magic-0\">\n<div class=\"magic-1\">\n<div class=\"magic-2\">\n<div class=\"magic-3\"><span class=\"magic-16\"><b class=\"magic-17\">Especificaci\u00f3n del aislamiento de tuber\u00eda de lana de vidrio <\/b><\/span><\/div>\n<\/div>\n<\/div>\n<\/div>\n<\/div>\n<\/div>\n<div class=\"J_module\">\n<div class=\"ife-detail-decorate-table\">\n<table class=\"has-title is-zebra hight-light-first-column all magic-18\" style=\"height: 339px;\" width=\"1199\">\n<tbody>\n<tr>\n<td colspan=\"1\" rowspan=\"1\">\n<div class=\"magic-19\">\n<div class=\"magic-4\" data-spm-anchor-id=\"a2700.pc-decorate.0.i55.10d533330QoDer\"><b>ART\u00cdCULO<\/b><\/div>\n<\/div>\n<\/td>\n<td colspan=\"2\" rowspan=\"1\">\n<div class=\"magic-20\">\n<div class=\"magic-4\" data-spm-anchor-id=\"0.0.0.i18.43af4f05cdRZXb\"><b>ESPECIFICACIONES<\/b><\/div>\n<\/div>\n<\/td>\n<\/tr>\n<tr>\n<td colspan=\"1\" rowspan=\"1\">\n<div class=\"magic-23\">\n<div class=\"magic-4\" data-spm-anchor-id=\"a2700.pc-decorate.0.i53.10d533330QoDer\">Densidad<\/div>\n<\/div>\n<\/td>\n<td colspan=\"2\" rowspan=\"1\">\n<div class=\"magic-20\">\n<div class=\"magic-4\" data-spm-anchor-id=\"0.0.0.i25.43af4f05cdRZXb\">40-80kg\/m\u00b3<\/div>\n<\/div>\n<\/td>\n<\/tr>\n<tr>\n<td colspan=\"1\" rowspan=\"1\">\n<div class=\"magic-19\">\n<div class=\"magic-4\" data-spm-anchor-id=\"a2700.pc-decorate.0.i31.10d533330QoDer\">Longitud<\/div>\n<\/div>\n<\/td>\n<td colspan=\"1\" rowspan=\"3\">\n<div class=\"magic-24\">\n<div class=\"magic-4\" data-spm-anchor-id=\"a2700.pc-decorate.0.i66.10d533330QoDer\"><span class=\"magic-14\">\u00a0<\/span><\/div>\n<div class=\"magic-4\" data-spm-anchor-id=\"0.0.0.i0.43af4f059BRb9v\"><b data-spm-anchor-id=\"0.0.0.i0.43af4f05sNmi10\"><span class=\"magic-25\"><span class=\"magic-5\">DISPONIBLE<\/span>TAMA\u00d1O LE<\/span><\/b><\/div>\n<\/div>\n<\/td>\n<td colspan=\"1\" rowspan=\"1\">\n<div class=\"magic-22\">\n<div class=\"magic-4\" data-spm-anchor-id=\"a2700.pc-decorate.0.i52.10d533330QoDer\">1m<\/div>\n<\/div>\n<\/td>\n<\/tr>\n<tr>\n<td colspan=\"1\" rowspan=\"1\">\n<div class=\"magic-23\">\n<div class=\"magic-4\" data-spm-anchor-id=\"a2700.pc-decorate.0.i14.10d533330QoDer\">Di\u00e1metro interno<\/div>\n<\/div>\n<\/td>\n<td colspan=\"1\" rowspan=\"1\">\n<div class=\"magic-27\">\n<div class=\"magic-4\" data-spm-anchor-id=\"a2700.pc-decorate.0.i15.10d533330QoDer\">22-720 mm<\/div>\n<\/div>\n<\/td>\n<\/tr>\n<tr>\n<td colspan=\"1\" rowspan=\"1\">\n<div class=\"magic-19\">\n<div class=\"magic-4\" data-spm-anchor-id=\"a2700.pc-decorate.0.i3.60843333ympqoI\">Espesor<\/div>\n<\/div>\n<\/td>\n<td colspan=\"1\" rowspan=\"1\">\n<div class=\"magic-22\">\n<div class=\"magic-4\" data-spm-anchor-id=\"a2700.pc-decorate.0.i35.10d533330QoDer\">25-100 mm<\/div>\n<\/div>\n<\/td>\n<\/tr>\n<tr>\n<td colspan=\"1\" rowspan=\"1\">\n<div class=\"magic-19\">\n<div class=\"magic-4\" data-spm-anchor-id=\"a2700.pc-decorate.0.i6.60843333ympqoI\">Frente a<\/div>\n<\/div>\n<\/td>\n<td colspan=\"2\" rowspan=\"1\">\n<div class=\"magic-20\">\n<div class=\"magic-4\" data-spm-anchor-id=\"a2700.pc-decorate.0.i5.60843333ympqoI\">Papel de aluminio, FSK, PVC, malla de fibra de vidrio, etc.<\/div>\n<\/div>\n<\/td>\n<\/tr>\n<tr>\n<td colspan=\"1\" rowspan=\"1\">\n<div class=\"magic-23\">\n<div class=\"magic-4\" data-spm-anchor-id=\"a2700.pc-decorate.0.i20.10d533330QoDer\">Solicitud<\/div>\n<\/div>\n<\/td>\n<td colspan=\"2\" rowspan=\"1\">\n<div class=\"magic-20\">\n<div class=\"magic-4\" data-spm-anchor-id=\"a2700.pc-decorate.0.i7.60843333ympqoI\">Sistema de aislamiento de todo tipo de tuber\u00edas (incluyendo: refrigeraci\u00f3n, agua caliente, vapor)<\/div>\n<\/div>\n<\/td>\n<\/tr>\n<tr>\n<td colspan=\"1\" rowspan=\"1\">\n<div class=\"magic-23\">\n<div class=\"magic-4\" data-spm-anchor-id=\"a2700.pc-decorate.0.i4.10d533330QoDer\">Observaci\u00f3n<\/div>\n<\/div>\n<\/td>\n<td colspan=\"2\" rowspan=\"1\">\n<div class=\"magic-20\">\n<div class=\"magic-4\" data-spm-anchor-id=\"a2700.pc-decorate.0.i8.60843333ympqoI\">Los productos personalizados est\u00e1n disponibles bajo consulta.<\/div>\n<\/div>\n<\/td>\n<\/tr>\n<\/tbody>\n<\/table>\n<\/div>\n<\/div>\n<div class=\"J_module\">\n<div class=\"icbu-pc-images magic-7\">\n<div class=\"flex-layout-v\">\n<div class=\"flex-layout-h magic-7\">\n<div class=\"magic-29\"><\/div>\n<div class=\"magic-31\"><\/div>\n<\/div>\n<\/div>\n<\/div>\n<\/div>\n<div class=\"J_module\">\n<div class=\"icbu-pc-images magic-7\">\n<div class=\"flex-layout-v\">\n<div class=\"flex-layout-h magic-7\">\n<div class=\"magic-33\"><img decoding=\"async\" class=\"alignleft  wp-image-1630\" src=\"http:\/\/yxwool.com\/wp-content\/uploads\/2023\/07\/\u7ba1-\u8be6\u60c5\u9875.jpg\" alt=\"\" width=\"1200\" height=\"2051\" srcset=\"https:\/\/yxwool.com\/wp-content\/uploads\/2023\/07\/\u7ba1-\u8be6\u60c5\u9875.jpg 750w, https:\/\/yxwool.com\/wp-content\/uploads\/2023\/07\/\u7ba1-\u8be6\u60c5\u9875-176x300.jpg 176w, https:\/\/yxwool.com\/wp-content\/uploads\/2023\/07\/\u7ba1-\u8be6\u60c5\u9875-599x1024.jpg 599w, https:\/\/yxwool.com\/wp-content\/uploads\/2023\/07\/\u7ba1-\u8be6\u60c5\u9875-600x1026.jpg 600w\" sizes=\"(max-width: 1200px) 100vw, 1200px\" \/><\/div>\n<\/div>\n<\/div>\n<\/div>\n<\/div>\n<div class=\"J_module\">\n<div class=\"detail-decorate-json-renderer-container\">\n<div class=\"magic-0\">\n<div class=\"magic-1\">\n<div class=\"magic-2\">\n<div><\/div>\n<div><\/div>\n<div><\/div>\n<div><\/div>\n<div><\/div>\n<div><\/div>\n<div><\/div>\n<div><\/div>\n<div><\/div>\n<div><\/div>\n<div><\/div>\n<div><\/div>\n<div><\/div>\n<div><\/div>\n<div><\/div>\n<div><\/div>\n<div><\/div>\n<div><\/div>\n<div><\/div>\n<div><\/div>\n<div><\/div>\n<div><\/div>\n<div><\/div>\n<div><\/div>\n<div><\/div>\n<div><\/div>\n<div><\/div>\n<div><\/div>\n<div><\/div>\n<div><\/div>\n<div><\/div>\n<div><\/div>\n<div><\/div>\n<div><\/div>\n<div><\/div>\n<div><\/div>\n<div><\/div>\n<div><\/div>\n<div><\/div>\n<div><\/div>\n<div><\/div>\n<div><\/div>\n<div><\/div>\n<div><\/div>\n<div><\/div>\n<div><\/div>\n<div class=\"magic-3\"><span class=\"magic-35\"><b class=\"magic-5\"><span class=\"magic-16\">Rendimiento t\u00e9cnico de la tuber\u00eda de aislamiento de lana de vidrio<\/span><\/b><\/span><\/div>\n<\/div>\n<\/div>\n<\/div>\n<\/div>\n<\/div>\n<div class=\"J_module\">\n<div class=\"ife-detail-decorate-table\">\n<table class=\"has-title is-zebra all magic-18\" style=\"height: 573px;\" width=\"1200\">\n<tbody>\n<tr>\n<td colspan=\"1\" rowspan=\"1\">\n<div class=\"magic-36\">\n<div class=\"magic-4\" data-spm-anchor-id=\"0.0.0.i9.43af4f05x4XI9S\"><b data-spm-anchor-id=\"0.0.0.i15.43af4f05x4XI9S\"><span style=\"color: #000000; font-family: Verdana;\"><i class=\"magic-37\" data-spm-anchor-id=\"0.0.0.i31.43af4f05x4XI9S\">Contenido probado<\/i><\/span><\/b><\/div>\n<\/div>\n<\/td>\n<td colspan=\"1\" rowspan=\"1\">\n<div class=\"magic-38\">\n<div class=\"magic-4\" data-spm-anchor-id=\"0.0.0.i41.43af4f05x4XI9S\"><b><span style=\"color: #000000; font-family: Verdana;\"><i class=\"magic-37\" data-spm-anchor-id=\"0.0.0.i57.43af4f05x4XI9S\">M\u00e9todo de prueba<\/i><\/span><\/b><\/div>\n<\/div>\n<\/td>\n<td colspan=\"2\" rowspan=\"1\">\n<div class=\"magic-39\">\n<div class=\"magic-4\" data-spm-anchor-id=\"0.0.0.i3.43af4f05x4XI9S\"><i class=\"magic-5\" data-spm-anchor-id=\"a2700.pc-decorate.0.i1.216e33335ZFwxS\"><span class=\"magic-5\" style=\"font-family: Verdana;\"><b class=\"magic-37\" data-spm-anchor-id=\"0.0.0.i30.43af4f05x4XI9S\">Valor probado<\/b><\/span><\/i><\/div>\n<\/div>\n<\/td>\n<\/tr>\n<tr>\n<td colspan=\"1\" rowspan=\"1\">\n<div class=\"magic-36\">\n<div class=\"magic-15\" data-spm-anchor-id=\"a2700.pc-decorate.0.i1.216e3333itG8KA\">Rango de temperatura<\/div>\n<\/div>\n<\/td>\n<td colspan=\"1\" rowspan=\"1\">\n<div class=\"magic-38\">\n<div class=\"magic-4\" data-spm-anchor-id=\"0.0.0.i8.43af4f05x4XI9S\">ASTM C411<\/div>\n<\/div>\n<\/td>\n<td colspan=\"2\" rowspan=\"1\">\n<div class=\"magic-39\">\n<div class=\"magic-4\">Hasta 450 \u00b0C<\/div>\n<\/div>\n<\/td>\n<\/tr>\n<tr>\n<td colspan=\"1\" rowspan=\"1\">\n<div class=\"magic-36\">\n<div class=\"magic-15\" data-spm-anchor-id=\"a2700.pc-decorate.0.i183.10d533330QoDer\">Conductividad t\u00e9rmica<\/div>\n<\/div>\n<\/td>\n<td colspan=\"1\" rowspan=\"1\">\n<div class=\"magic-38\">\n<div class=\"magic-4\" data-spm-anchor-id=\"0.0.0.i4.43af4f05x4XI9S\">ASTM C518<\/div>\n<\/div>\n<\/td>\n<td colspan=\"2\" rowspan=\"1\">\n<div class=\"magic-39\">\n<div class=\"magic-4\">0,030-0,042 (W\/m\u00b7K)<\/div>\n<\/div>\n<\/td>\n<\/tr>\n<tr>\n<td colspan=\"1\" rowspan=\"1\">\n<div class=\"magic-36\">\n<div class=\"magic-15\" data-spm-anchor-id=\"a2700.pc-decorate.0.i3.216e3333itG8KA\">Resistencia a la corrosi\u00f3n<\/div>\n<\/div>\n<\/td>\n<td colspan=\"1\" rowspan=\"1\">\n<div class=\"magic-38\">\n<div class=\"magic-4\" data-spm-anchor-id=\"a2700.pc-decorate.0.i16.60843333QIbWDp\">ASTM C665<\/div>\n<\/div>\n<\/td>\n<td colspan=\"2\" rowspan=\"1\">\n<div class=\"magic-39\">\n<div class=\"magic-4\">Sin reacci\u00f3n qu\u00edmica<\/div>\n<\/div>\n<\/td>\n<\/tr>\n<tr>\n<td colspan=\"1\" rowspan=\"1\">\n<div class=\"magic-36\">\n<div class=\"magic-15\" data-spm-anchor-id=\"a2700.pc-decorate.0.i162.10d533330QoDer\">Resistencia al moho<\/div>\n<\/div>\n<\/td>\n<td colspan=\"1\" rowspan=\"1\">\n<div class=\"magic-38\">\n<div class=\"magic-4\" data-spm-anchor-id=\"a2700.pc-decorate.0.i159.10d533330QoDer\">ASTM C665<\/div>\n<\/div>\n<\/td>\n<td colspan=\"2\" rowspan=\"1\">\n<div class=\"magic-39\">\n<div class=\"magic-4\">A prueba de moho, inhibe el crecimiento de hongos<\/div>\n<\/div>\n<\/td>\n<\/tr>\n<tr>\n<td colspan=\"1\" rowspan=\"1\">\n<div class=\"magic-36\">\n<div class=\"magic-15\" data-spm-anchor-id=\"a2700.pc-decorate.0.i4.216e3333itG8KA\">Contenido de bola de escoria<\/div>\n<\/div>\n<\/td>\n<td colspan=\"1\" rowspan=\"1\">\n<div class=\"magic-38\">\n<div class=\"magic-4\" data-spm-anchor-id=\"a2700.pc-decorate.0.i158.10d533330QoDer\">GB\/T 5480,5<\/div>\n<\/div>\n<\/td>\n<td colspan=\"2\" rowspan=\"1\">\n<div class=\"magic-39\">\n<div class=\"magic-4\">0.1<\/div>\n<\/div>\n<\/td>\n<\/tr>\n<tr>\n<td colspan=\"1\" rowspan=\"1\">\n<div class=\"magic-36\">\n<div class=\"magic-15\" data-spm-anchor-id=\"a2700.pc-decorate.0.i5.216e3333itG8KA\">Di\u00e1metro promedio de fibras<\/div>\n<\/div>\n<\/td>\n<td colspan=\"1\" rowspan=\"1\">\n<div class=\"magic-38\">\n<div class=\"magic-4\" data-spm-anchor-id=\"a2700.pc-decorate.0.i157.10d533330QoDer\">GB\/T 17795-2008<\/div>\n<\/div>\n<\/td>\n<td colspan=\"2\" rowspan=\"1\">\n<div class=\"magic-39\">\n<div class=\"magic-4\">5-8 micras<\/div>\n<\/div>\n<\/td>\n<\/tr>\n<tr>\n<td colspan=\"1\" rowspan=\"1\">\n<div class=\"magic-41\">Absorci\u00f3n de humedad<\/div>\n<\/td>\n<td colspan=\"1\" rowspan=\"1\">\n<div class=\"magic-42\">\n<div class=\"magic-4\">ASTM C1104<\/div>\n<\/div>\n<\/td>\n<td colspan=\"2\" rowspan=\"1\">\n<div class=\"magic-43\">\n<div class=\"magic-4\">&lt;1% por peso (Temperatura: 49 \u00b0C, Humedad relativa: 95%)<\/div>\n<\/div>\n<\/td>\n<\/tr>\n<tr>\n<td colspan=\"1\" rowspan=\"1\">\n<div class=\"magic-41\">Absorci\u00f3n de humedad<\/div>\n<\/td>\n<td colspan=\"1\" rowspan=\"1\">\n<div class=\"magic-42\">\n<div class=\"magic-4\">ASTM C1104<\/div>\n<\/div>\n<\/td>\n<td colspan=\"2\" rowspan=\"1\">\n<div class=\"magic-43\">\n<div class=\"magic-4\">&lt;1% por volumen<\/div>\n<\/div>\n<\/td>\n<\/tr>\n<tr>\n<td colspan=\"1\" rowspan=\"1\">\n<div class=\"magic-41\">Coeficiente hidrof\u00f3bico<\/div>\n<\/td>\n<td colspan=\"1\" rowspan=\"1\">\n<div class=\"magic-42\">\n<div class=\"magic-4\">GB\/T 10299<\/div>\n<\/div>\n<\/td>\n<td colspan=\"2\" rowspan=\"1\">\n<div class=\"magic-43\">\n<div class=\"magic-4\">&gt;99%<\/div>\n<\/div>\n<\/td>\n<\/tr>\n<tr>\n<td colspan=\"1\" rowspan=\"1\">\n<div class=\"magic-36\">\n<div class=\"magic-15\" data-spm-anchor-id=\"a2700.pc-decorate.0.i135.10d533330QoDer\">Prueba de fuego<\/div>\n<\/div>\n<\/td>\n<td colspan=\"1\" rowspan=\"1\">\n<div class=\"magic-38\">\n<div class=\"magic-4\" data-spm-anchor-id=\"a2700.pc-decorate.0.i289.35653333jU8Cc9\">ASTME84<\/div>\n<div class=\"magic-4\">BS 476 Parte 6 y 7<\/div>\n<\/div>\n<\/td>\n<td colspan=\"2\" rowspan=\"1\">\n<div class=\"magic-43\">\n<div class=\"magic-4\">\u00cdndice de propagaci\u00f3n de llama: &lt;25<\/div>\n<div class=\"magic-4\" data-spm-anchor-id=\"0.0.0.i25.43af4f05t1rhNW\">\u00cdndice de desarrollo de humo: &lt;50<\/div>\n<\/div>\n<\/td>\n<\/tr>\n<tr>\n<td colspan=\"1\" rowspan=\"1\">\n<div class=\"magic-36\">\n<div class=\"magic-15\" data-spm-anchor-id=\"a2700.pc-decorate.0.i6.216e3333itG8KA\">Grado de Combustibilidad<\/div>\n<\/div>\n<\/td>\n<td colspan=\"1\" rowspan=\"1\">\n<div class=\"magic-38\">\n<div class=\"magic-4\" data-spm-anchor-id=\"0.0.0.i5.43af4f05x4XI9S\">ASTME84<\/div>\n<\/div>\n<\/td>\n<td colspan=\"2\" rowspan=\"1\">\n<div class=\"magic-39\">\n<div class=\"magic-4\">Grado A no combustible<\/div>\n<\/div>\n<\/td>\n<\/tr>\n<\/tbody>\n<\/table>\n<\/div>\n<\/div>\n<div class=\"J_module\">\n<div class=\"detail-decorate-json-renderer-container\">\n<div class=\"magic-0\">\n<div class=\"magic-1\">\n<div class=\"magic-2\">\n<div class=\"magic-3\"><span class=\"magic-16\" style=\"color: #000000;\"><b class=\"magic-5\"><span class=\"magic-35\">Ventajas distintivas de la tuber\u00eda de aislamiento de lana de vidrio:<\/span><span class=\"magic-45\"><br \/>\n<\/span><\/b><\/span><span class=\"magic-16\">\u2022 <\/span><span class=\"magic-14\">Muy econ\u00f3mico, mejora la eficiencia energ\u00e9tica.<\/span><\/div>\n<div class=\"magic-3\"><span class=\"magic-5\"><span class=\"magic-16\">\u2022 <\/span><span class=\"magic-14\">Absorci\u00f3n de sonido y reducci\u00f3n de ruido.<\/span> <\/span><\/div>\n<div class=\"magic-3\"><span class=\"magic-5\"><span class=\"magic-16\">\u2022 <\/span><span class=\"magic-14\">Proporcionar eficiencia t\u00e9rmica, l<\/span><span class=\"magic-14\">baja conductividad t\u00e9rmica<\/span><\/span><\/div>\n<div class=\"magic-3\"><span class=\"magic-5\"> <span class=\"magic-16\">\u2022 <\/span><span class=\"magic-14\">Peso ligero y f\u00e1cil de instalar en el lugar de trabajo <\/span><\/span><\/div>\n<div class=\"magic-3\"><span class=\"magic-5\"><span class=\"magic-16\">\u2022 <\/span><span class=\"magic-14\">No combustible e ign\u00edfugo <\/span><\/span><\/div>\n<div class=\"magic-3\"><span class=\"magic-5\"><span class=\"magic-16\">\u2022 <\/span><span class=\"magic-14\">Duradero, de por vida<\/span><\/span><\/p>\n<div><span class=\"magic-5\"><span class=\"magic-16\">\u2022 <\/span><span class=\"magic-14\">Impermeable, verde y protecci\u00f3n del medio ambiente.<\/span><span class=\"magic-14\"><br \/>\n<\/span><\/span><\/div>\n<\/div>\n<\/div>\n<\/div>\n<\/div>\n<\/div>\n<\/div>\n<div class=\"J_module\">\n<div class=\"detail-decorate-json-renderer-container\">\n<div class=\"magic-0\">\n<div class=\"magic-46\">\n<div class=\"magic-2\">\n<div class=\"magic-3\"><\/div>\n<\/div>\n<\/div>\n<div class=\"magic-46\">\n<div class=\"magic-2\">\n<div class=\"magic-48\">\n<div class=\"magic-4\"><\/div>\n<\/div>\n<\/div>\n<\/div>\n<\/div>\n<\/div>\n<\/div>\n<div class=\"J_module\">\n<div class=\"detail-decorate-json-renderer-container\">\n<div class=\"magic-0\">\n<h3 class=\"magic-11\"><span class=\"magic-51\">Aplicaciones de tuber\u00edas de aislamiento de lana de vidrio:<\/span><\/h3>\n<div class=\"magic-1\">\n<div class=\"magic-2\">\n<div class=\"magic-3\">\n<div class=\"magic-15\"><span class=\"magic-5\"><b class=\"magic-14\">YUXING<sup class=\"magic-5\">\u00ae<\/sup> Tubo de aislamiento de lana de vidrio<\/b><span class=\"magic-14\"> es m<\/span><span class=\"magic-14\">utilizado principalmente para <\/span><\/span><span class=\"magic-14\">todo tipo de tuber\u00edas (incluyendo: refrigeraci\u00f3n, agua caliente, vapor) sistema de aislamiento que opera a una temperatura ambiente de 4 \u2103 - 454 \u2103.<\/span><\/div>\n<p><span class=\"magic-14\"> Debido a que el material de la manga de la tuber\u00eda es impermeable e ign\u00edfugo, anticorrosi\u00f3n, no mohoso, no vive la caracter\u00edstica del insecto, por lo que puede prevenir eficazmente la condensaci\u00f3n, evitar que las tuber\u00edas se congelen, es ampliamente utilizado en ingenier\u00eda de tuber\u00edas industriales, construcci\u00f3n civil, tuber\u00edas de calefacci\u00f3n , aislamiento de equipos de aire acondicionado y refrigeraci\u00f3n. El efecto de ahorro de energ\u00eda puede aumentar 15-30%.<\/span><\/p>\n<\/div>\n<\/div>\n<\/div>\n<\/div>\n<\/div>\n<\/div>\n<div class=\"J_module\">\n<div class=\"icbu-pc-images magic-7\">\n<div>\n<div class=\"flex-layout-v\">\n<div class=\"flex-layout-h magic-7\">\n<div class=\"magic-52\"><img decoding=\"async\" class=\"magic-53\" src=\"https:\/\/sc04.alicdn.com\/kf\/H51aa9aac6c2a46f9b62ca73351ea3e3fI\/240115170\/H51aa9aac6c2a46f9b62ca73351ea3e3fI.jpg\" width=\"1200\" height=\"1597\" data-src=\"\/\/sc04.alicdn.com\/kf\/H51aa9aac6c2a46f9b62ca73351ea3e3fI\/240115170\/H51aa9aac6c2a46f9b62ca73351ea3e3fI.jpg\" \/><\/div>\n<\/div>\n<\/div>\n<\/div>\n<\/div>\n<\/div>\n<div class=\"J_module\">\n<div class=\"icbu-pc-images magic-7\">\n<div>\n<div class=\"flex-layout-v\">\n<div class=\"flex-layout-h magic-7\">\n<div class=\"magic-54\"><img loading=\"lazy\" decoding=\"async\" class=\"magic-55\" src=\"https:\/\/sc04.alicdn.com\/kf\/H42ed4025ce914ccc99bef05f4cdd76ffv\/240115170\/H42ed4025ce914ccc99bef05f4cdd76ffv.jpg\" width=\"1200\" height=\"587\" data-src=\"\/\/sc04.alicdn.com\/kf\/H42ed4025ce914ccc99bef05f4cdd76ffv\/240115170\/H42ed4025ce914ccc99bef05f4cdd76ffv.jpg\" \/><\/div>\n<\/div>\n<\/div>\n<\/div>\n<\/div>\n<\/div>\n<div class=\"J_module\">\n<div class=\"icbu-pc-images magic-7\">\n<div>\n<div class=\"flex-layout-v\">\n<div class=\"flex-layout-h magic-7\">\n<div class=\"magic-56\"><img loading=\"lazy\" decoding=\"async\" class=\"magic-57\" src=\"https:\/\/sc04.alicdn.com\/kf\/Ha30192bb9ed141949a538446fa5a7fd6x\/240115170\/Ha30192bb9ed141949a538446fa5a7fd6x.jpg\" width=\"1200\" height=\"1357\" data-src=\"\/\/sc04.alicdn.com\/kf\/Ha30192bb9ed141949a538446fa5a7fd6x\/240115170\/Ha30192bb9ed141949a538446fa5a7fd6x.jpg\" \/><\/div>\n<\/div>\n<\/div>\n<\/div>\n<\/div>\n<\/div>","protected":false},"excerpt":{"rendered":"<p>Aislamiento de tuber\u00edas de vapor de lana de vidrio de venta caliente L\u00e1mina de aislamiento ign\u00edfugo Lana de vidrio Aislamiento de lana de vidrio Descripci\u00f3n general de la tuber\u00eda de lana de vidrio La tuber\u00eda de lana de vidrio YUXING\u00ae se considera el producto de aislamiento m\u00e1s eficaz y ecol\u00f3gico para usar en tuber\u00edas, ya que no es combustible y cumple con los requisitos de un rendimiento de aislamiento t\u00e9rmico y ac\u00fastico \u00f3ptimo de acuerdo con [\u2026]<\/p>","protected":false},"featured_media":1428,"template":"","meta":{"site-sidebar-layout":"default","site-content-layout":"default","ast-site-content-layout":"","site-content-style":"default","site-sidebar-style":"default","ast-global-header-display":"","ast-banner-title-visibility":"","ast-main-header-display":"","ast-hfb-above-header-display":"","ast-hfb-below-header-display":"","ast-hfb-mobile-header-display":"","site-post-title":"","ast-breadcrumbs-content":"","ast-featured-img":"","footer-sml-layout":"","theme-transparent-header-meta":"default","adv-header-id-meta":"","stick-header-meta":"","header-above-stick-meta":"","header-main-stick-meta":"","header-below-stick-meta":"","astra-migrate-meta-layouts":"default","ast-page-background-enabled":"default","ast-page-background-meta":{"desktop":{"background-color":"","background-image":"","background-repeat":"repeat","background-position":"center center","background-size":"auto","background-attachment":"scroll","background-type":"","background-media":"","overlay-type":"","overlay-color":"","overlay-opacity":"","overlay-gradient":""},"tablet":{"background-color":"","background-image":"","background-repeat":"repeat","background-position":"center center","background-size":"auto","background-attachment":"scroll","background-type":"","background-media":"","overlay-type":"","overlay-color":"","overlay-opacity":"","overlay-gradient":""},"mobile":{"background-color":"","background-image":"","background-repeat":"repeat","background-position":"center center","background-size":"auto","background-attachment":"scroll","background-type":"","background-media":"","overlay-type":"","overlay-color":"","overlay-opacity":"","overlay-gradient":""}},"ast-content-background-meta":{"desktop":{"background-color":"var(--ast-global-color-5)","background-image":"","background-repeat":"repeat","background-position":"center center","background-size":"auto","background-attachment":"scroll","background-type":"","background-media":"","overlay-type":"","overlay-color":"","overlay-opacity":"","overlay-gradient":""},"tablet":{"background-color":"var(--ast-global-color-5)","background-image":"","background-repeat":"repeat","background-position":"center center","background-size":"auto","background-attachment":"scroll","background-type":"","background-media":"","overlay-type":"","overlay-color":"","overlay-opacity":"","overlay-gradient":""},"mobile":{"background-color":"var(--ast-global-color-5)","background-image":"","background-repeat":"repeat","background-position":"center center","background-size":"auto","background-attachment":"scroll","background-type":"","background-media":"","overlay-type":"","overlay-color":"","overlay-opacity":"","overlay-gradient":""}}},"product_brand":[],"product_cat":[15],"product_tag":[],"class_list":{"0":"post-1427","1":"product","2":"type-product","3":"status-publish","4":"has-post-thumbnail","6":"product_cat-glass-wool","7":"desktop-align-center","8":"tablet-align-left","9":"mobile-align-left","11":"first","12":"instock","13":"shipping-taxable","14":"product-type-simple"},"_links":{"self":[{"href":"https:\/\/yxwool.com\/es\/wp-json\/wp\/v2\/product\/1427","targetHints":{"allow":["GET"]}}],"collection":[{"href":"https:\/\/yxwool.com\/es\/wp-json\/wp\/v2\/product"}],"about":[{"href":"https:\/\/yxwool.com\/es\/wp-json\/wp\/v2\/types\/product"}],"wp:featuredmedia":[{"embeddable":true,"href":"https:\/\/yxwool.com\/es\/wp-json\/wp\/v2\/media\/1428"}],"wp:attachment":[{"href":"https:\/\/yxwool.com\/es\/wp-json\/wp\/v2\/media?parent=1427"}],"wp:term":[{"taxonomy":"product_brand","embeddable":true,"href":"https:\/\/yxwool.com\/es\/wp-json\/wp\/v2\/product_brand?post=1427"},{"taxonomy":"product_cat","embeddable":true,"href":"https:\/\/yxwool.com\/es\/wp-json\/wp\/v2\/product_cat?post=1427"},{"taxonomy":"product_tag","embeddable":true,"href":"https:\/\/yxwool.com\/es\/wp-json\/wp\/v2\/product_tag?post=1427"}],"curies":[{"name":"wp","href":"https:\/\/api.w.org\/{rel}","templated":true}]}}