{"id":1491,"date":"2023-07-07T02:43:36","date_gmt":"2023-07-07T02:43:36","guid":{"rendered":"http:\/\/yxwool.com\/?post_type=product&#038;p=1491"},"modified":"2023-08-01T08:11:24","modified_gmt":"2023-08-01T08:11:24","slug":"1491","status":"publish","type":"product","link":"https:\/\/yxwool.com\/es\/producto\/1491\/","title":{"rendered":"Aislamiento t\u00e9rmico para edificios aislamiento de materiales de lana mineral con l\u00e1mina de lana de roca y lana de basalto"},"content":{"rendered":"<div class=\"J_module\">\n<div class=\"detail-decorate-json-renderer-container\">\n<div class=\"magic-0\">\n<div class=\"magic-1\">\n<div class=\"magic-2\"><span style=\"font-size: 24px;\">Descripci\u00f3n general del tablero de aislamiento de lana de roca<\/span><\/div>\n<\/div>\n<\/div>\n<\/div>\n<\/div>\n<div class=\"J_module\">\n<div class=\"detail-decorate-json-renderer-container\">\n<div class=\"magic-0\">\n<div class=\"magic-1\">\n<div class=\"magic-2\">\n<div class=\"magic-3\"><b>El tablero de lana de roca YUXING\u00ae est\u00e1 hecho de basalto, una materia prima inorg\u00e1nica. Se produce calentando basalto a 1350 \u02daC \u2013 1400 \u02daC y transform\u00e1ndolo en fibras, que se unen mediante una resina termoendurecible. Es ligero y de f\u00e1cil instalaci\u00f3n, utilizado principalmente para aislamiento t\u00e9rmico y ac\u00fastico.<br \/>\nSe aplica ampliamente al aislamiento de paredes exteriores de edificios, aislamiento de techos, muros cortina, pisos, particiones de paneles de yeso, industriales<br \/>\ny construcci\u00f3n civil, paneles s\u00e1ndwich compuestos, tablero de n\u00facleo de puerta contra incendios, mamparo marino, sobre cubierta y todo tipo de equipos industriales o de construcci\u00f3n naval.<\/b><\/div>\n<\/div>\n<\/div>\n<\/div>\n<\/div>\n<\/div>\n<div class=\"J_module\">\n<div data-section=\"AliMagic-mrqbdg\" data-section-title=\"Specification\"><\/div>\n<div id=\"ali-anchor-AliMagic-mrqbdg\" class=\"magic-8\" data-section=\"AliMagic-mrqbdg\" data-section-title=\"Specification\">Especificaci\u00f3n<\/div>\n<\/div>\n<div class=\"J_module\">\n<div class=\"icbu-pc-images magic-5\">\n<div>\n<div class=\"flex-layout-v\">\n<div class=\"flex-layout-h magic-5\">\n<div class=\"magic-11\"><img fetchpriority=\"high\" decoding=\"async\" class=\"magic-12\" src=\"https:\/\/sc04.alicdn.com\/kf\/Hc872fbaae65f49719e44608f7d1aa941a\/240115170\/Hc872fbaae65f49719e44608f7d1aa941a.png\" width=\"1201\" height=\"313\" data-src=\"\/\/sc04.alicdn.com\/kf\/Hc872fbaae65f49719e44608f7d1aa941a\/240115170\/Hc872fbaae65f49719e44608f7d1aa941a.png\" \/><\/div>\n<\/div>\n<\/div>\n<\/div>\n<\/div>\n<\/div>\n<div class=\"J_module\">\n<div class=\"icbu-pc-detailManyImage magic-13\">\n<div class=\"magic-14\"><img decoding=\"async\" class=\"alignleft wp-image-1492\" src=\"http:\/\/yxwool.com\/wp-content\/uploads\/2023\/07\/ce171456-1ab2-4d9d-9b11-2a4461da6cf7.jpg\" alt=\"\" width=\"1200\" height=\"1200\" srcset=\"https:\/\/yxwool.com\/wp-content\/uploads\/2023\/07\/ce171456-1ab2-4d9d-9b11-2a4461da6cf7.jpg 650w, https:\/\/yxwool.com\/wp-content\/uploads\/2023\/07\/ce171456-1ab2-4d9d-9b11-2a4461da6cf7-300x300.jpg 300w, https:\/\/yxwool.com\/wp-content\/uploads\/2023\/07\/ce171456-1ab2-4d9d-9b11-2a4461da6cf7-150x150.jpg 150w, https:\/\/yxwool.com\/wp-content\/uploads\/2023\/07\/ce171456-1ab2-4d9d-9b11-2a4461da6cf7-600x600.jpg 600w, https:\/\/yxwool.com\/wp-content\/uploads\/2023\/07\/ce171456-1ab2-4d9d-9b11-2a4461da6cf7-100x100.jpg 100w\" sizes=\"(max-width: 1200px) 100vw, 1200px\" \/><\/div>\n<\/div>\n<\/div>\n<div class=\"J_module\">\n<div class=\"icbu-pc-images magic-5\">\n<div class=\"flex-layout-v\">\n<div class=\"flex-layout-h magic-5\">\n<div class=\"magic-16\"><img decoding=\"async\" class=\"alignleft wp-image-1490\" src=\"http:\/\/yxwool.com\/wp-content\/uploads\/2023\/07\/\u8be6\u60c5\u9875.jpg\" alt=\"\" width=\"1200\" height=\"2048\" srcset=\"https:\/\/yxwool.com\/wp-content\/uploads\/2023\/07\/\u8be6\u60c5\u9875.jpg 750w, https:\/\/yxwool.com\/wp-content\/uploads\/2023\/07\/\u8be6\u60c5\u9875-176x300.jpg 176w, https:\/\/yxwool.com\/wp-content\/uploads\/2023\/07\/\u8be6\u60c5\u9875-600x1024.jpg 600w\" sizes=\"(max-width: 1200px) 100vw, 1200px\" \/><\/div>\n<\/div>\n<\/div>\n<\/div>\n<\/div>\n<div class=\"J_module\">\n<div class=\"icbu-pc-images magic-5\">\n<div class=\"flex-layout-v\">\n<div class=\"flex-layout-h magic-5\">\n<div><\/div>\n<div><\/div>\n<\/div>\n<\/div>\n<div class=\"magic-18\"><\/div>\n<\/div>\n<\/div>\n<div class=\"J_module\">\n<div class=\"detail-decorate-json-renderer-container\">\n<div class=\"magic-0\">\n<div class=\"magic-1\">\n<div class=\"magic-2\">\n<div class=\"magic-3\"><\/div>\n<div><\/div>\n<\/div>\n<\/div>\n<div class=\"magic-1\">\n<div class=\"magic-2\">\n<div class=\"magic-3\"><b><span class=\"magic-20\"><span class=\"magic-10\">Rendimiento t\u00e9cnico del tablero de aislamiento de lana de roca<\/span><\/span><\/b><\/div>\n<\/div>\n<\/div>\n<\/div>\n<\/div>\n<\/div>\n<div class=\"J_module\">\n<div class=\"icbu-pc-images magic-5\">\n<div>\n<div class=\"flex-layout-v\">\n<div class=\"flex-layout-h magic-5\">\n<div class=\"magic-21\"><img loading=\"lazy\" decoding=\"async\" class=\"magic-22\" src=\"https:\/\/sc04.alicdn.com\/kf\/Hfebbb8e2ff984d8b8adc402cfbfad76bA\/240115170\/Hfebbb8e2ff984d8b8adc402cfbfad76bA.png\" width=\"1200\" height=\"812\" data-src=\"\/\/sc04.alicdn.com\/kf\/Hfebbb8e2ff984d8b8adc402cfbfad76bA\/240115170\/Hfebbb8e2ff984d8b8adc402cfbfad76bA.png\" \/><\/div>\n<\/div>\n<\/div>\n<\/div>\n<\/div>\n<\/div>\n<div class=\"J_module\">\n<div class=\"detail-decorate-json-renderer-container\">\n<div class=\"magic-0\">\n<div class=\"magic-1\">\n<div class=\"magic-2\">\n<div class=\"magic-3\"><span class=\"magic-10\"><b>Aplicaciones de tableros de aislamiento de lana de roca:<\/b><\/span><\/div>\n<div class=\"magic-3\"><b>\u22c5 Muy econ\u00f3mico, aumentando la eficiencia energ\u00e9tica del edificio<br \/>\n\u22c5 Excelente resistencia t\u00e9rmica<br \/>\n\u22c5 No combustible, ign\u00edfugo, impermeable, insonorizado<br \/>\n\u22c5 F\u00e1cil de instalar<br \/>\n\u22c5 Peso ligero, f\u00e1cil manejo e instalaci\u00f3n en obra.<br \/>\n\u22c5 Aspecto atractivo<br \/>\n\u22c5 Resistente al envejecimiento<br \/>\n\u22c5 Buena absorci\u00f3n ac\u00fastica, sin corrosi\u00f3n<br \/>\n\u22c5 Ahorro de energ\u00eda, no da\u00f1a la protecci\u00f3n humana y ambiental.<br \/>\n\u22c5 Duradero para toda la vida<\/b><\/div>\n<\/div>\n<\/div>\n<\/div>\n<\/div>\n<\/div>\n<div class=\"J_module\">\n<div class=\"magic-23\"><\/div>\n<\/div>\n<div class=\"J_module\">\n<div class=\"icbu-pc-images magic-5\">\n<div>\n<div class=\"flex-layout-v\">\n<div class=\"flex-layout-h magic-5\">\n<div class=\"magic-25\"><img loading=\"lazy\" decoding=\"async\" class=\"magic-26\" src=\"https:\/\/sc04.alicdn.com\/kf\/Hbe2502f33baa4742940b613e70b87fd1f\/240115170\/Hbe2502f33baa4742940b613e70b87fd1f.jpg\" width=\"1200\" height=\"1576\" data-src=\"\/\/sc04.alicdn.com\/kf\/Hbe2502f33baa4742940b613e70b87fd1f\/240115170\/Hbe2502f33baa4742940b613e70b87fd1f.jpg\" \/><\/div>\n<\/div>\n<\/div>\n<\/div>\n<\/div>\n<\/div>\n<div class=\"J_module\">\n<div class=\"icbu-pc-images magic-5\">\n<div>\n<div class=\"flex-layout-v\">\n<div class=\"flex-layout-h magic-5\">\n<div class=\"magic-27\"><img loading=\"lazy\" decoding=\"async\" class=\"magic-28\" src=\"https:\/\/sc04.alicdn.com\/kf\/H01f1f3c58a5a463a87d39668e9344861d\/240115170\/H01f1f3c58a5a463a87d39668e9344861d.jpg\" width=\"1200\" height=\"1432\" data-src=\"\/\/sc04.alicdn.com\/kf\/H01f1f3c58a5a463a87d39668e9344861d\/240115170\/H01f1f3c58a5a463a87d39668e9344861d.jpg\" \/><\/div>\n<\/div>\n<\/div>\n<\/div>\n<\/div>\n<\/div>","protected":false},"excerpt":{"rendered":"<p>Rock Wool Insulation Board Overview YUXING\u00ae Rock Wool Board is made from basalt, an inorganic raw material. It is produced through heating basalt at 1350\u02daC &#8211; 1400\u02daC and transforming it into fibers, which are bonded together using a thermosetting resin. It is light and easy to install, mainly used for thermal and acoustic insulation. It [&hellip;]<\/p>","protected":false},"featured_media":1458,"template":"","meta":{"site-sidebar-layout":"default","site-content-layout":"default","ast-site-content-layout":"","site-content-style":"default","site-sidebar-style":"default","ast-global-header-display":"","ast-banner-title-visibility":"","ast-main-header-display":"","ast-hfb-above-header-display":"","ast-hfb-below-header-display":"","ast-hfb-mobile-header-display":"","site-post-title":"","ast-breadcrumbs-content":"","ast-featured-img":"","footer-sml-layout":"","theme-transparent-header-meta":"default","adv-header-id-meta":"","stick-header-meta":"","header-above-stick-meta":"","header-main-stick-meta":"","header-below-stick-meta":"","astra-migrate-meta-layouts":"default","ast-page-background-enabled":"default","ast-page-background-meta":{"desktop":{"background-color":"","background-image":"","background-repeat":"repeat","background-position":"center center","background-size":"auto","background-attachment":"scroll","background-type":"","background-media":"","overlay-type":"","overlay-color":"","overlay-opacity":"","overlay-gradient":""},"tablet":{"background-color":"","background-image":"","background-repeat":"repeat","background-position":"center center","background-size":"auto","background-attachment":"scroll","background-type":"","background-media":"","overlay-type":"","overlay-color":"","overlay-opacity":"","overlay-gradient":""},"mobile":{"background-color":"","background-image":"","background-repeat":"repeat","background-position":"center center","background-size":"auto","background-attachment":"scroll","background-type":"","background-media":"","overlay-type":"","overlay-color":"","overlay-opacity":"","overlay-gradient":""}},"ast-content-background-meta":{"desktop":{"background-color":"var(--ast-global-color-5)","background-image":"","background-repeat":"repeat","background-position":"center center","background-size":"auto","background-attachment":"scroll","background-type":"","background-media":"","overlay-type":"","overlay-color":"","overlay-opacity":"","overlay-gradient":""},"tablet":{"background-color":"var(--ast-global-color-5)","background-image":"","background-repeat":"repeat","background-position":"center center","background-size":"auto","background-attachment":"scroll","background-type":"","background-media":"","overlay-type":"","overlay-color":"","overlay-opacity":"","overlay-gradient":""},"mobile":{"background-color":"var(--ast-global-color-5)","background-image":"","background-repeat":"repeat","background-position":"center center","background-size":"auto","background-attachment":"scroll","background-type":"","background-media":"","overlay-type":"","overlay-color":"","overlay-opacity":"","overlay-gradient":""}}},"product_brand":[],"product_cat":[22],"product_tag":[],"class_list":{"0":"post-1491","1":"product","2":"type-product","3":"status-publish","4":"has-post-thumbnail","6":"product_cat-rock-wool","7":"desktop-align-center","8":"tablet-align-left","9":"mobile-align-left","11":"first","12":"instock","13":"shipping-taxable","14":"product-type-simple"},"_links":{"self":[{"href":"https:\/\/yxwool.com\/es\/wp-json\/wp\/v2\/product\/1491","targetHints":{"allow":["GET"]}}],"collection":[{"href":"https:\/\/yxwool.com\/es\/wp-json\/wp\/v2\/product"}],"about":[{"href":"https:\/\/yxwool.com\/es\/wp-json\/wp\/v2\/types\/product"}],"wp:featuredmedia":[{"embeddable":true,"href":"https:\/\/yxwool.com\/es\/wp-json\/wp\/v2\/media\/1458"}],"wp:attachment":[{"href":"https:\/\/yxwool.com\/es\/wp-json\/wp\/v2\/media?parent=1491"}],"wp:term":[{"taxonomy":"product_brand","embeddable":true,"href":"https:\/\/yxwool.com\/es\/wp-json\/wp\/v2\/product_brand?post=1491"},{"taxonomy":"product_cat","embeddable":true,"href":"https:\/\/yxwool.com\/es\/wp-json\/wp\/v2\/product_cat?post=1491"},{"taxonomy":"product_tag","embeddable":true,"href":"https:\/\/yxwool.com\/es\/wp-json\/wp\/v2\/product_tag?post=1491"}],"curies":[{"name":"wp","href":"https:\/\/api.w.org\/{rel}","templated":true}]}}