{"id":1530,"date":"2023-07-07T08:09:21","date_gmt":"2023-07-07T08:09:21","guid":{"rendered":"http:\/\/yxwool.com\/?post_type=product&#038;p=1530"},"modified":"2023-08-01T07:54:18","modified_gmt":"2023-08-01T07:54:18","slug":"268482-c-160kg-m3-30-200mm-black-building-insulation-cellular-glass-board-foam-glass-brick-heat-insulation-materials","status":"publish","type":"product","link":"https:\/\/yxwool.com\/es\/producto\/268482-c-160kg-m3-30-200mm-black-building-insulation-cellular-glass-board-foam-glass-brick-heat-insulation-materials\/","title":{"rendered":"-268~482 \u2103 160kg\/m3 30-200mm Aislamiento de construcci\u00f3n negro Tablero de vidrio celular Espuma Vidrio Ladrillo Materiales de aislamiento t\u00e9rmico"},"content":{"rendered":"<div class=\"J_module\">\n<div class=\"detail-decorate-json-renderer-container\">\n<div class=\"magic-0\">\n<div class=\"magic-1\">\n<div class=\"magic-2\">\n<div class=\"magic-3\">\n<div class=\"magic-4\" data-spm-anchor-id=\"a2700.details.0.i30.5313652eolXd3o\"><span class=\"magic-5\" style=\"font-family: Arial;\"><b>-268~482 \u2103 160kg\/m3 30-200mm Black Building Aislamiento Tablero de vidrio celular Espuma Ladrillo de vidrio<\/b><\/span><\/div>\n<\/div>\n<\/div>\n<\/div>\n<\/div>\n<\/div>\n<\/div>\n<div class=\"J_module\">\n<div class=\"icbu-pc-images magic-6\">\n<div class=\"flex-layout-v\">\n<div class=\"flex-layout-h magic-6\">\n<div class=\"magic-7\">\n<p><img fetchpriority=\"high\" decoding=\"async\" class=\"wp-image-1524\" src=\"http:\/\/yxwool.com\/wp-content\/uploads\/2023\/07\/H24568a09dcda443489868d90f1a003ceV.jpg\" alt=\"foam glass board\" width=\"1200\" height=\"1589\" srcset=\"https:\/\/yxwool.com\/wp-content\/uploads\/2023\/07\/H24568a09dcda443489868d90f1a003ceV.jpg 750w, https:\/\/yxwool.com\/wp-content\/uploads\/2023\/07\/H24568a09dcda443489868d90f1a003ceV-227x300.jpg 227w, https:\/\/yxwool.com\/wp-content\/uploads\/2023\/07\/H24568a09dcda443489868d90f1a003ceV-600x794.jpg 600w\" sizes=\"(max-width: 1200px) 100vw, 1200px\" \/><\/p>\n<\/div>\n<\/div>\n<\/div>\n<\/div>\n<\/div>\n<div class=\"J_module\">\n<div data-section=\"AliMagic-ni9xto\" data-section-title=\"Product Description\"><\/div>\n<div id=\"ali-anchor-AliMagic-ni9xto\" class=\"magic-9\" data-section=\"AliMagic-ni9xto\" data-section-title=\"Product Description\"><span style=\"color: #000000; font-size: 24px;\">Breve introducci\u00f3n de espuma de vidrio<\/span><\/div>\n<\/div>\n<div class=\"J_module\">\n<div class=\"detail-decorate-json-renderer-container\">\n<div class=\"magic-0\">\n<div class=\"magic-1\">\n<div class=\"magic-2\">\n<div class=\"magic-3\">\n<div class=\"magic-12\"><span class=\"magic-13\"><b>YUXING<sup class=\"magic-14\">\u00ae<\/sup> Vidrio celular <\/b>es un tipo de nuevo material de aislamiento inorg\u00e1nico con vidrio como materia prima principal, mezclado con la cantidad adecuada de agente espumante, espumado en un horno de t\u00fanel de alta temperatura y luego procesado por un tratamiento de recocido y enfriamiento. Tiene una estructura de poro cerrado uniforme e independiente. Retiene completamente la estabilidad qu\u00edmica del vidrio inorg\u00e1nico, tiene baja densidad, baja conductividad t\u00e9rmica, no permeabilidad a la humedad, no absorbe agua, no se quema, no se enmohece, no muerde ratas, alta resistencia mec\u00e1nica, f\u00e1cil de procesar y resistente a todo ataque qu\u00edmico excepto \u00e1cido fluorh\u00eddrico<\/span><\/div>\n<div class=\"magic-12\"><\/div>\n<div><b style=\"font-style: inherit;\">Rango de especificaciones de Foam Glass<\/b><\/div>\n<\/div>\n<\/div>\n<\/div>\n<\/div>\n<\/div>\n<\/div>\n<div class=\"J_module\">\n<div class=\"icbu-pc-images magic-6\">\n<div>\n<div class=\"flex-layout-v\">\n<div class=\"flex-layout-h magic-6\">\n<div class=\"magic-20\"><img decoding=\"async\" class=\"magic-21\" src=\"https:\/\/sc01.alicdn.com\/kf\/H75c6a08b53b94eacb14773f33b20968cu\/240115170\/H75c6a08b53b94eacb14773f33b20968cu.png\" width=\"1201\" height=\"277\" data-src=\"\/\/sc01.alicdn.com\/kf\/H75c6a08b53b94eacb14773f33b20968cu\/240115170\/H75c6a08b53b94eacb14773f33b20968cu.png\" \/><\/div>\n<\/div>\n<\/div>\n<\/div>\n<\/div>\n<\/div>\n<div class=\"J_module\">\n<div class=\"icbu-pc-images magic-6\">\n<div class=\"flex-layout-v\">\n<div class=\"flex-layout-h magic-6\">\n<div class=\"magic-22\"><img decoding=\"async\" class=\"alignleft wp-image-1531\" src=\"http:\/\/yxwool.com\/wp-content\/uploads\/2023\/07\/\u8be6\u60c5\u9875-2.jpg\" alt=\"\" width=\"1200\" height=\"1555\" srcset=\"https:\/\/yxwool.com\/wp-content\/uploads\/2023\/07\/\u8be6\u60c5\u9875-2.jpg 750w, https:\/\/yxwool.com\/wp-content\/uploads\/2023\/07\/\u8be6\u60c5\u9875-2-231x300.jpg 231w, https:\/\/yxwool.com\/wp-content\/uploads\/2023\/07\/\u8be6\u60c5\u9875-2-600x778.jpg 600w\" sizes=\"(max-width: 1200px) 100vw, 1200px\" \/><\/div>\n<\/div>\n<\/div>\n<\/div>\n<\/div>\n<div class=\"J_module\">\n<div class=\"icbu-pc-images magic-6\">\n<div class=\"flex-layout-v\">\n<div class=\"flex-layout-h magic-6\">\n<div class=\"magic-24\"><img loading=\"lazy\" decoding=\"async\" class=\"alignleft wp-image-1532\" src=\"http:\/\/yxwool.com\/wp-content\/uploads\/2023\/07\/22\u8be6\u60c5\u9875.jpg\" alt=\"\" width=\"1200\" height=\"1426\" srcset=\"https:\/\/yxwool.com\/wp-content\/uploads\/2023\/07\/22\u8be6\u60c5\u9875.jpg 750w, https:\/\/yxwool.com\/wp-content\/uploads\/2023\/07\/22\u8be6\u60c5\u9875-253x300.jpg 253w, https:\/\/yxwool.com\/wp-content\/uploads\/2023\/07\/22\u8be6\u60c5\u9875-600x713.jpg 600w\" sizes=\"(max-width: 1200px) 100vw, 1200px\" \/><\/div>\n<\/div>\n<\/div>\n<\/div>\n<\/div>\n<div class=\"J_module\">\n<div class=\"icbu-pc-images magic-6\">\n<div>\n<div class=\"flex-layout-v\">\n<div class=\"flex-layout-h magic-6\">\n<div class=\"magic-26\"><img loading=\"lazy\" decoding=\"async\" class=\"magic-27\" src=\"https:\/\/sc04.alicdn.com\/kf\/H8975ee1492834432adf0053a6242ab05Q\/240115170\/H8975ee1492834432adf0053a6242ab05Q.jpg\" width=\"1201\" height=\"578\" data-src=\"\/\/sc04.alicdn.com\/kf\/H8975ee1492834432adf0053a6242ab05Q\/240115170\/H8975ee1492834432adf0053a6242ab05Q.jpg\" \/><\/div>\n<\/div>\n<\/div>\n<\/div>\n<\/div>\n<\/div>\n<div class=\"J_module\">\n<div class=\"detail-decorate-json-renderer-container\">\n<div class=\"magic-0\">\n<div class=\"magic-1\">\n<div class=\"magic-2\">\n<div><\/div>\n<div class=\"magic-3\"><span class=\"magic-19\"><b class=\"magic-28\"><span class=\"magic-29\">Rendimiento t\u00e9cnico de espuma de vidrio celular<\/span><\/b><\/span><\/div>\n<\/div>\n<\/div>\n<\/div>\n<\/div>\n<\/div>\n<div class=\"J_module\">\n<div class=\"icbu-pc-images magic-6\">\n<div>\n<div class=\"flex-layout-v\">\n<div class=\"flex-layout-h magic-6\">\n<div class=\"magic-30\"><img loading=\"lazy\" decoding=\"async\" class=\"magic-31\" src=\"https:\/\/sc01.alicdn.com\/kf\/Hb5eea8fe494b40f4bac20249b7957b93D\/240115170\/Hb5eea8fe494b40f4bac20249b7957b93D.png\" width=\"1200\" height=\"741\" data-src=\"\/\/sc01.alicdn.com\/kf\/Hb5eea8fe494b40f4bac20249b7957b93D\/240115170\/Hb5eea8fe494b40f4bac20249b7957b93D.png\" \/><\/div>\n<\/div>\n<\/div>\n<\/div>\n<\/div>\n<\/div>\n<div class=\"J_module\">\n<div class=\"detail-decorate-json-renderer-container\">\n<div class=\"magic-0\">\n<div class=\"magic-32\">\n<div class=\"magic-2\">\n<div class=\"magic-3\"><\/div>\n<\/div>\n<\/div>\n<div class=\"magic-32\">\n<div class=\"magic-2\">\n<div class=\"magic-4\"><\/div>\n<\/div>\n<\/div>\n<\/div>\n<\/div>\n<\/div>\n<div class=\"J_module\">\n<div class=\"detail-decorate-json-renderer-container\">\n<div class=\"magic-0\">\n<h3 class=\"magic-10\"><span class=\"magic-36\">Ventajas distintivas del vidrio celular de espuma:<\/span><\/h3>\n<div class=\"magic-1\">\n<div class=\"magic-2\">\n<div class=\"magic-3\">\n<p>1) Baja densidad, baja conductividad t\u00e9rmica pero alta resistencia a la compresi\u00f3n.<br \/>\n2) Sin absorci\u00f3n de agua, sin permeabilidad.<br \/>\n3) Bajo coeficiente de expansi\u00f3n t\u00e9rmica, buena estabilidad dimensional, sin deformaci\u00f3n, sin grietas.<br \/>\n4) Resistente al fuego, incombustible y resistente a la corrosi\u00f3n.<br \/>\n5) Sin moho, sin mordeduras de ratas y prevenci\u00f3n de plagas de insectos o microorganismos.<br \/>\n6) Aplicable para temperatura criog\u00e9nica, constante y alta.<br \/>\n7) Conveniente para la fabricaci\u00f3n e instalaci\u00f3n.<br \/>\n8) Sin envejecimiento, sin deterioro.<br \/>\n9) respetuoso del medio ambiente y reciclable.<br \/>\n10) Excelente coeficiente ac\u00fastico.<\/p>\n<div>\n<div class=\"magic-15\"><\/div>\n<\/div>\n<\/div>\n<\/div>\n<\/div>\n<\/div>\n<\/div>\n<\/div>\n<div class=\"J_module\">\n<div class=\"detail-decorate-json-renderer-container\">\n<div class=\"magic-0\">\n<h3 class=\"magic-10\"><span class=\"magic-36\">Aplicaci\u00f3n de espuma de vidrio<\/span><\/h3>\n<div class=\"magic-1\">\n<div class=\"magic-2\">\n<div class=\"magic-3\">\n<p><span class=\"magic-13\"><b>YUXING<sup>\u00ae<\/sup> Vidrio celular<\/b> se aplica com\u00fanmente en proyectos de aislamiento tales como: tanques y bases de tanques, tuber\u00edas, recipientes, equipos, buques criog\u00e9nicos, sistema de circulaci\u00f3n y temperatura dual, etc. para industrias petroleras, qu\u00edmicas, de refrigeraci\u00f3n, proyectos subterr\u00e1neos, construcci\u00f3n naval, defensa nacional y construcci\u00f3n residencial. Se puede aplicar en ambientes severos como: temperatura baja y criog\u00e9nica \/ caliente, bajo tierra, al aire libre, inflamable, h\u00famedo y qu\u00edmico, etc.<\/span><\/p>\n<div class=\"magic-15\"><\/div>\n<\/div>\n<\/div>\n<\/div>\n<\/div>\n<\/div>\n<\/div>\n<div class=\"J_module\">\n<div class=\"icbu-pc-images magic-6\">\n<div>\n<div class=\"flex-layout-v\">\n<div class=\"flex-layout-h magic-6\">\n<div class=\"magic-37\"><img loading=\"lazy\" decoding=\"async\" class=\"magic-38\" src=\"https:\/\/sc04.alicdn.com\/kf\/Ha7fd5aa963434e01a7095cf6e6f38c63b\/240115170\/Ha7fd5aa963434e01a7095cf6e6f38c63b.jpg\" width=\"1200\" height=\"1643\" data-src=\"\/\/sc04.alicdn.com\/kf\/Ha7fd5aa963434e01a7095cf6e6f38c63b\/240115170\/Ha7fd5aa963434e01a7095cf6e6f38c63b.jpg\" \/><\/div>\n<\/div>\n<\/div>\n<\/div>\n<\/div>\n<\/div>\n<div class=\"J_module\">\n<div class=\"icbu-pc-images magic-6\">\n<div>\n<div class=\"flex-layout-v\">\n<div class=\"flex-layout-h magic-6\">\n<div class=\"magic-39\"><img loading=\"lazy\" decoding=\"async\" class=\"magic-40\" src=\"https:\/\/sc04.alicdn.com\/kf\/Hb934b08e3a9c4a3aa4d028b869c0fe530\/240115170\/Hb934b08e3a9c4a3aa4d028b869c0fe530.jpg\" usemap=\"#c-7f-ac4-4fb3\" width=\"1200\" height=\"1056\" data-src=\"\/\/sc04.alicdn.com\/kf\/Hb934b08e3a9c4a3aa4d028b869c0fe530\/240115170\/Hb934b08e3a9c4a3aa4d028b869c0fe530.jpg\" \/><\/div>\n<\/div>\n<\/div>\n<\/div>\n<\/div>\n<\/div>","protected":false},"excerpt":{"rendered":"<p>-268~482 \u2103\u00a0 160kg\/m3 30-200mm Black Building Insulation Cellular Glass Board Foam Glass Brick Brief Introduction of Foam Glass YUXING\u00ae Cellular Glass is a kind of new inorganic insulation material with glass as the main raw material, mixed with appropriate amount of foaming agent, foamed by high temperature tunnel kiln, and then processed by annealing and [&hellip;]<\/p>","protected":false},"featured_media":1533,"template":"","meta":{"site-sidebar-layout":"default","site-content-layout":"default","ast-site-content-layout":"","site-content-style":"default","site-sidebar-style":"default","ast-global-header-display":"","ast-banner-title-visibility":"","ast-main-header-display":"","ast-hfb-above-header-display":"","ast-hfb-below-header-display":"","ast-hfb-mobile-header-display":"","site-post-title":"","ast-breadcrumbs-content":"","ast-featured-img":"","footer-sml-layout":"","theme-transparent-header-meta":"default","adv-header-id-meta":"","stick-header-meta":"","header-above-stick-meta":"","header-main-stick-meta":"","header-below-stick-meta":"","astra-migrate-meta-layouts":"default","ast-page-background-enabled":"default","ast-page-background-meta":{"desktop":{"background-color":"","background-image":"","background-repeat":"repeat","background-position":"center center","background-size":"auto","background-attachment":"scroll","background-type":"","background-media":"","overlay-type":"","overlay-color":"","overlay-opacity":"","overlay-gradient":""},"tablet":{"background-color":"","background-image":"","background-repeat":"repeat","background-position":"center center","background-size":"auto","background-attachment":"scroll","background-type":"","background-media":"","overlay-type":"","overlay-color":"","overlay-opacity":"","overlay-gradient":""},"mobile":{"background-color":"","background-image":"","background-repeat":"repeat","background-position":"center center","background-size":"auto","background-attachment":"scroll","background-type":"","background-media":"","overlay-type":"","overlay-color":"","overlay-opacity":"","overlay-gradient":""}},"ast-content-background-meta":{"desktop":{"background-color":"var(--ast-global-color-5)","background-image":"","background-repeat":"repeat","background-position":"center center","background-size":"auto","background-attachment":"scroll","background-type":"","background-media":"","overlay-type":"","overlay-color":"","overlay-opacity":"","overlay-gradient":""},"tablet":{"background-color":"var(--ast-global-color-5)","background-image":"","background-repeat":"repeat","background-position":"center center","background-size":"auto","background-attachment":"scroll","background-type":"","background-media":"","overlay-type":"","overlay-color":"","overlay-opacity":"","overlay-gradient":""},"mobile":{"background-color":"var(--ast-global-color-5)","background-image":"","background-repeat":"repeat","background-position":"center center","background-size":"auto","background-attachment":"scroll","background-type":"","background-media":"","overlay-type":"","overlay-color":"","overlay-opacity":"","overlay-gradient":""}}},"product_brand":[],"product_cat":[26],"product_tag":[],"class_list":{"0":"post-1530","1":"product","2":"type-product","3":"status-publish","4":"has-post-thumbnail","6":"product_cat-foam-glass","7":"desktop-align-center","8":"tablet-align-left","9":"mobile-align-left","11":"first","12":"instock","13":"shipping-taxable","14":"product-type-simple"},"_links":{"self":[{"href":"https:\/\/yxwool.com\/es\/wp-json\/wp\/v2\/product\/1530","targetHints":{"allow":["GET"]}}],"collection":[{"href":"https:\/\/yxwool.com\/es\/wp-json\/wp\/v2\/product"}],"about":[{"href":"https:\/\/yxwool.com\/es\/wp-json\/wp\/v2\/types\/product"}],"wp:featuredmedia":[{"embeddable":true,"href":"https:\/\/yxwool.com\/es\/wp-json\/wp\/v2\/media\/1533"}],"wp:attachment":[{"href":"https:\/\/yxwool.com\/es\/wp-json\/wp\/v2\/media?parent=1530"}],"wp:term":[{"taxonomy":"product_brand","embeddable":true,"href":"https:\/\/yxwool.com\/es\/wp-json\/wp\/v2\/product_brand?post=1530"},{"taxonomy":"product_cat","embeddable":true,"href":"https:\/\/yxwool.com\/es\/wp-json\/wp\/v2\/product_cat?post=1530"},{"taxonomy":"product_tag","embeddable":true,"href":"https:\/\/yxwool.com\/es\/wp-json\/wp\/v2\/product_tag?post=1530"}],"curies":[{"name":"wp","href":"https:\/\/api.w.org\/{rel}","templated":true}]}}