{"id":1538,"date":"2023-07-07T08:15:38","date_gmt":"2023-07-07T08:15:38","guid":{"rendered":"http:\/\/yxwool.com\/?post_type=product&#038;p=1538"},"modified":"2023-08-01T07:50:37","modified_gmt":"2023-08-01T07:50:37","slug":"foam-glass-board-high-performance-rigid-environmentally-friendly-insulation-foam-glass-insulation-materials","status":"publish","type":"product","link":"https:\/\/yxwool.com\/es\/producto\/foam-glass-board-high-performance-rigid-environmentally-friendly-insulation-foam-glass-insulation-materials\/","title":{"rendered":"Tablero de espuma de vidrio Materiales de aislamiento de espuma de vidrio r\u00edgidos y respetuosos con el medio ambiente de alto rendimiento"},"content":{"rendered":"<div class=\"J_module\">\n<div class=\"detail-decorate-json-renderer-container\">\n<div class=\"magic-0\">\n<h3 class=\"magic-8\"><span class=\"magic-9\" style=\"color: #000000;\" data-spm-anchor-id=\"a2700.details.0.i29.585d5dfaYc5up4\">Breve introducci\u00f3n de espuma de vidrio<\/span><\/h3>\n<div class=\"magic-1\">\n<div class=\"magic-2\">\n<div class=\"magic-3\">\n<div class=\"magic-10\">YUXING<sup class=\"magic-11\">\u00ae<\/sup> El vidrio celular es un tipo de nuevo material de aislamiento inorg\u00e1nico con vidrio como materia prima principal, mezclado con la cantidad adecuada de agente espumante, espumado en un horno de t\u00fanel de alta temperatura y luego procesado mediante un tratamiento de recocido y enfriamiento. Tiene una estructura de poro cerrado uniforme e independiente. Retiene completamente la estabilidad qu\u00edmica del vidrio inorg\u00e1nico, tiene baja densidad, baja conductividad t\u00e9rmica, no permeabilidad a la humedad, no absorbe agua, no se quema, no se enmohece, no muerde ratas, alta resistencia mec\u00e1nica, f\u00e1cil de procesar y resistente a todo ataque qu\u00edmico excepto \u00e1cido fluorh\u00eddrico<\/div>\n<div><\/div>\n<\/div>\n<\/div>\n<\/div>\n<\/div>\n<\/div>\n<\/div>\n<div class=\"J_module\">\n<div class=\"icbu-pc-images magic-14\">\n<div>\n<div class=\"flex-layout-v\">\n<div class=\"flex-layout-h magic-14\">\n<div class=\"magic-15\"><img fetchpriority=\"high\" decoding=\"async\" class=\"magic-16\" src=\"https:\/\/sc02.alicdn.com\/kf\/Hed926c138c01443ba0a2738808c2c92cw\/240115170\/Hed926c138c01443ba0a2738808c2c92cw.png\" width=\"1199\" height=\"674\" data-src=\"\/\/sc02.alicdn.com\/kf\/Hed926c138c01443ba0a2738808c2c92cw\/240115170\/Hed926c138c01443ba0a2738808c2c92cw.png\" \/><\/div>\n<\/div>\n<\/div>\n<\/div>\n<\/div>\n<\/div>\n<div class=\"J_module\">\n<div class=\"detail-decorate-json-renderer-container\">\n<div class=\"magic-0\">\n<div class=\"magic-1\">\n<div class=\"magic-2\">\n<div><\/div>\n<div class=\"magic-3\"><span class=\"magic-17\"><span class=\"magic-18\"><b>Especificaci\u00f3n de espuma de vidrio<\/b><\/span><\/span><\/div>\n<\/div>\n<\/div>\n<\/div>\n<\/div>\n<\/div>\n<div class=\"J_module\">\n<div class=\"icbu-pc-images magic-14\">\n<div>\n<div class=\"flex-layout-v\">\n<div class=\"flex-layout-h magic-14\">\n<div class=\"magic-19\"><img decoding=\"async\" class=\"magic-20\" src=\"https:\/\/sc01.alicdn.com\/kf\/Hb5eea8fe494b40f4bac20249b7957b93D\/240115170\/Hb5eea8fe494b40f4bac20249b7957b93D.png\" width=\"1200\" height=\"741\" data-src=\"\/\/sc01.alicdn.com\/kf\/Hb5eea8fe494b40f4bac20249b7957b93D\/240115170\/Hb5eea8fe494b40f4bac20249b7957b93D.png\" \/><\/div>\n<\/div>\n<\/div>\n<\/div>\n<\/div>\n<\/div>\n<div class=\"J_module\">\n<div class=\"detail-decorate-json-renderer-container\">\n<div class=\"magic-0\">\n<div class=\"magic-1\">\n<div class=\"magic-2\">\n<div class=\"magic-3\"><span class=\"magic-17\"><span class=\"magic-18\"><b>Rango de especificaciones de Foam Glass<\/b><\/span><\/span><\/div>\n<\/div>\n<\/div>\n<\/div>\n<\/div>\n<\/div>\n<div class=\"J_module\">\n<div class=\"icbu-pc-images magic-14\">\n<div>\n<div class=\"flex-layout-v\">\n<div class=\"flex-layout-h magic-14\">\n<div class=\"magic-21\"><img decoding=\"async\" class=\"magic-22\" src=\"https:\/\/sc01.alicdn.com\/kf\/H75c6a08b53b94eacb14773f33b20968cu\/240115170\/H75c6a08b53b94eacb14773f33b20968cu.png\" width=\"1201\" height=\"276\" data-src=\"\/\/sc01.alicdn.com\/kf\/H75c6a08b53b94eacb14773f33b20968cu\/240115170\/H75c6a08b53b94eacb14773f33b20968cu.png\" \/><\/div>\n<\/div>\n<\/div>\n<\/div>\n<\/div>\n<\/div>\n<div class=\"J_module\">\n<div class=\"detail-decorate-json-renderer-container\">\n<div class=\"magic-0\">\n<div class=\"magic-23\">\n<div class=\"magic-2\">\n<div class=\"magic-3\"><\/div>\n<\/div>\n<\/div>\n<div class=\"magic-4\"><\/div>\n<\/div>\n<\/div>\n<\/div>\n<div class=\"J_module\">\n<div class=\"detail-decorate-json-renderer-container\">\n<div class=\"magic-0\">\n<h3 class=\"magic-8\"><span class=\"magic-28\">Aplicaci\u00f3n de espuma de vidrio<\/span><\/h3>\n<div class=\"magic-1\">\n<div class=\"magic-2\">\n<div class=\"magic-3\">\n<p>YUXING<sup>\u00ae<\/sup> El vidrio celular se aplica principalmente al aislamiento de tuber\u00edas, recipientes, tanques, equipos y aislamiento de barcos de baja temperatura\/criog\u00e9nicos. Tambi\u00e9n se puede utilizar en sistema de circulaci\u00f3n y temperatura dual.<\/p>\n<\/div>\n<\/div>\n<\/div>\n<\/div>\n<\/div>\n<\/div>\n<div class=\"J_module\">\n<div class=\"icbu-pc-images magic-14\">\n<div>\n<div class=\"flex-layout-v\">\n<div class=\"flex-layout-h magic-14\">\n<div class=\"magic-29\"><img loading=\"lazy\" decoding=\"async\" class=\"magic-30\" src=\"https:\/\/sc02.alicdn.com\/kf\/Hd3ffa168cd914a508ba684a054675f3ci\/240115170\/Hd3ffa168cd914a508ba684a054675f3ci.jpg\" width=\"1200\" height=\"1918\" data-src=\"\/\/sc02.alicdn.com\/kf\/Hd3ffa168cd914a508ba684a054675f3ci\/240115170\/Hd3ffa168cd914a508ba684a054675f3ci.jpg\" \/><\/div>\n<\/div>\n<\/div>\n<\/div>\n<\/div>\n<\/div>","protected":false},"excerpt":{"rendered":"<p>Brief introduction of\u00a0Foam Glass YUXING\u00ae Cellular Glass is a kind of new inorganic insulation material with glass as the main raw material, mixed with appropriate amount of foaming agent, foamed by high temperature tunnel kiln, and then processed by annealing and cooling treatment. It has uniform independent closed pore structure. It completely retains the chemical [&hellip;]<\/p>","protected":false},"featured_media":1539,"template":"","meta":{"site-sidebar-layout":"default","site-content-layout":"default","ast-site-content-layout":"","site-content-style":"default","site-sidebar-style":"default","ast-global-header-display":"","ast-banner-title-visibility":"","ast-main-header-display":"","ast-hfb-above-header-display":"","ast-hfb-below-header-display":"","ast-hfb-mobile-header-display":"","site-post-title":"","ast-breadcrumbs-content":"","ast-featured-img":"","footer-sml-layout":"","theme-transparent-header-meta":"default","adv-header-id-meta":"","stick-header-meta":"","header-above-stick-meta":"","header-main-stick-meta":"","header-below-stick-meta":"","astra-migrate-meta-layouts":"default","ast-page-background-enabled":"default","ast-page-background-meta":{"desktop":{"background-color":"","background-image":"","background-repeat":"repeat","background-position":"center center","background-size":"auto","background-attachment":"scroll","background-type":"","background-media":"","overlay-type":"","overlay-color":"","overlay-opacity":"","overlay-gradient":""},"tablet":{"background-color":"","background-image":"","background-repeat":"repeat","background-position":"center center","background-size":"auto","background-attachment":"scroll","background-type":"","background-media":"","overlay-type":"","overlay-color":"","overlay-opacity":"","overlay-gradient":""},"mobile":{"background-color":"","background-image":"","background-repeat":"repeat","background-position":"center center","background-size":"auto","background-attachment":"scroll","background-type":"","background-media":"","overlay-type":"","overlay-color":"","overlay-opacity":"","overlay-gradient":""}},"ast-content-background-meta":{"desktop":{"background-color":"var(--ast-global-color-5)","background-image":"","background-repeat":"repeat","background-position":"center center","background-size":"auto","background-attachment":"scroll","background-type":"","background-media":"","overlay-type":"","overlay-color":"","overlay-opacity":"","overlay-gradient":""},"tablet":{"background-color":"var(--ast-global-color-5)","background-image":"","background-repeat":"repeat","background-position":"center center","background-size":"auto","background-attachment":"scroll","background-type":"","background-media":"","overlay-type":"","overlay-color":"","overlay-opacity":"","overlay-gradient":""},"mobile":{"background-color":"var(--ast-global-color-5)","background-image":"","background-repeat":"repeat","background-position":"center center","background-size":"auto","background-attachment":"scroll","background-type":"","background-media":"","overlay-type":"","overlay-color":"","overlay-opacity":"","overlay-gradient":""}}},"product_brand":[],"product_cat":[26],"product_tag":[],"class_list":{"0":"post-1538","1":"product","2":"type-product","3":"status-publish","4":"has-post-thumbnail","6":"product_cat-foam-glass","7":"desktop-align-center","8":"tablet-align-left","9":"mobile-align-left","11":"first","12":"instock","13":"shipping-taxable","14":"product-type-simple"},"_links":{"self":[{"href":"https:\/\/yxwool.com\/es\/wp-json\/wp\/v2\/product\/1538","targetHints":{"allow":["GET"]}}],"collection":[{"href":"https:\/\/yxwool.com\/es\/wp-json\/wp\/v2\/product"}],"about":[{"href":"https:\/\/yxwool.com\/es\/wp-json\/wp\/v2\/types\/product"}],"wp:featuredmedia":[{"embeddable":true,"href":"https:\/\/yxwool.com\/es\/wp-json\/wp\/v2\/media\/1539"}],"wp:attachment":[{"href":"https:\/\/yxwool.com\/es\/wp-json\/wp\/v2\/media?parent=1538"}],"wp:term":[{"taxonomy":"product_brand","embeddable":true,"href":"https:\/\/yxwool.com\/es\/wp-json\/wp\/v2\/product_brand?post=1538"},{"taxonomy":"product_cat","embeddable":true,"href":"https:\/\/yxwool.com\/es\/wp-json\/wp\/v2\/product_cat?post=1538"},{"taxonomy":"product_tag","embeddable":true,"href":"https:\/\/yxwool.com\/es\/wp-json\/wp\/v2\/product_tag?post=1538"}],"curies":[{"name":"wp","href":"https:\/\/api.w.org\/{rel}","templated":true}]}}