{"id":1563,"date":"2023-07-07T12:38:24","date_gmt":"2023-07-07T12:38:24","guid":{"rendered":"http:\/\/yxwool.com\/?post_type=product&#038;p=1563"},"modified":"2023-08-01T07:42:37","modified_gmt":"2023-08-01T07:42:37","slug":"china-suppliers-excellent-internal-structure-foam-glass-tube-heat-insulation-materials","status":"publish","type":"product","link":"https:\/\/yxwool.com\/es\/producto\/china-suppliers-excellent-internal-structure-foam-glass-tube-heat-insulation-materials\/","title":{"rendered":"Materiales de aislamiento t\u00e9rmico de tubo de vidrio de espuma de estructura interna excelente de proveedores de China"},"content":{"rendered":"<div class=\"J_module\">\n<div class=\"detail-decorate-json-renderer-container\">\n<div class=\"magic-0\">\n<h3 class=\"magic-10\"><span class=\"magic-11\" data-spm-anchor-id=\"a2700.details.0.i40.397c33afcu9dE1\">Descripci\u00f3n general del aislamiento de espuma de vidrio celular<\/span><\/h3>\n<div class=\"magic-1\">\n<div class=\"magic-2\">\n<div class=\"magic-3\">\n<div class=\"magic-12\"><\/div>\n<div class=\"magic-14\"><b>YUXING<sup>\u00ae<\/sup> Vidrio celular de alto rendimiento<\/b> La tuber\u00eda es un tipo de material de aislamiento inorg\u00e1nico nuevo con vidrio como materia prima principal, mezclado con la cantidad adecuada de agente espumante, espumado en un horno de t\u00fanel de alta temperatura y luego procesado mediante un tratamiento de recocido y enfriamiento. Tiene una estructura de poro cerrado uniforme e independiente.<\/div>\n<div class=\"magic-14\"><\/div>\n<div class=\"magic-14\">Retiene completamente la estabilidad qu\u00edmica del vidrio inorg\u00e1nico, tiene baja densidad, baja conductividad t\u00e9rmica, no permeabilidad a la humedad, no absorbe agua, no se quema, no se enmohece, no muerde ratas, alta resistencia mec\u00e1nica, f\u00e1cil de procesar y resistente a todo ataque qu\u00edmico excepto \u00e1cido fluorh\u00eddrico No contiene propulsores que agotan la capa de ozono, aditivos o aglutinantes resistentes a las llamas, sin VOC u otras sustancias vol\u00e1tiles. Se puede aplicar para el aislamiento de tuber\u00edas y equipos.<\/div>\n<\/div>\n<\/div>\n<\/div>\n<\/div>\n<\/div>\n<\/div>\n<div class=\"J_module\">\n<div class=\"icbu-pc-images magic-6\">\n<div class=\"flex-layout-v\">\n<div class=\"flex-layout-h magic-6\">\n<div class=\"magic-15\">\n<p><img fetchpriority=\"high\" decoding=\"async\" class=\"wp-image-1552\" src=\"http:\/\/yxwool.com\/wp-content\/uploads\/2023\/07\/3-14.jpg\" alt=\"Foamglass Fitting Insulation Elbow 5-1\/2 in ID Fireproof foam glass insulation pipe cellular glass tube\" width=\"1200\" height=\"1200\" srcset=\"https:\/\/yxwool.com\/wp-content\/uploads\/2023\/07\/3-14.jpg 500w, https:\/\/yxwool.com\/wp-content\/uploads\/2023\/07\/3-14-300x300.jpg 300w, https:\/\/yxwool.com\/wp-content\/uploads\/2023\/07\/3-14-150x150.jpg 150w, https:\/\/yxwool.com\/wp-content\/uploads\/2023\/07\/3-14-100x100.jpg 100w\" sizes=\"(max-width: 1200px) 100vw, 1200px\" \/><\/p>\n<p><b class=\"magic-18\" style=\"font-style: inherit;\">Especificaci\u00f3n de <span class=\"magic-19\">Vidrio celular de espuma<\/span> Aislamiento<\/b><\/p>\n<\/div>\n<\/div>\n<\/div>\n<\/div>\n<\/div>\n<div class=\"J_module\">\n<div class=\"ife-detail-decorate-table\">\n<table class=\"has-title is-zebra hight-light-first-column all magic-20\">\n<tbody>\n<tr>\n<td colspan=\"1\" rowspan=\"1\">\n<div class=\"magic-21\">\n<div class=\"magic-4\"><span class=\"magic-13\"><b>ART\u00cdCULO<\/b><\/span><\/div>\n<\/div>\n<\/td>\n<td colspan=\"1\" rowspan=\"1\">\n<div class=\"magic-22\">\n<div class=\"magic-4\"><span class=\"magic-13\"><b>UNIDAD<\/b><\/span><\/div>\n<\/div>\n<\/td>\n<td colspan=\"1\" rowspan=\"1\">\n<div class=\"magic-23\">\n<div class=\"magic-4\" data-spm-anchor-id=\"0.0.0.i32.43af4f05DrP63M\"><span class=\"magic-13\" data-spm-anchor-id=\"0.0.0.i33.43af4f05DrP63M\"><b>ESPECIFICACIONES<\/b><\/span><\/div>\n<\/div>\n<\/td>\n<\/tr>\n<tr>\n<td colspan=\"1\" rowspan=\"1\">\n<div class=\"magic-21\">\n<div class=\"magic-4\" data-spm-anchor-id=\"0.0.0.i30.43af4f05DrP63M\"><span class=\"magic-13\">Densidad<\/span><\/div>\n<\/div>\n<\/td>\n<td colspan=\"1\" rowspan=\"1\">\n<div class=\"magic-22\">\n<div class=\"magic-4\" data-spm-anchor-id=\"0.0.0.i26.43af4f05DrP63M\">kg\/m2<sup>3<\/sup><\/div>\n<\/div>\n<\/td>\n<td colspan=\"1\" rowspan=\"1\">\n<div class=\"magic-23\">\n<div class=\"magic-4\">115-120<\/div>\n<\/div>\n<\/td>\n<\/tr>\n<tr>\n<td colspan=\"1\" rowspan=\"1\">\n<div class=\"magic-21\">\n<div class=\"magic-4\">Longitud<\/div>\n<\/div>\n<\/td>\n<td colspan=\"1\" rowspan=\"1\">\n<div class=\"magic-24\">\n<div class=\"magic-4\" data-spm-anchor-id=\"0.0.0.i14.43af4f05DrP63M\">mil\u00edmetro<\/div>\n<\/div>\n<\/td>\n<td colspan=\"1\" rowspan=\"1\">\n<div class=\"magic-23\">\n<div class=\"magic-4\" data-spm-anchor-id=\"0.0.0.i18.43af4f05DrP63M\">620<\/div>\n<\/div>\n<\/td>\n<\/tr>\n<tr>\n<td colspan=\"1\" rowspan=\"1\">\n<div class=\"magic-21\">\n<div class=\"magic-4\">Ancho<\/div>\n<\/div>\n<\/td>\n<td colspan=\"1\" rowspan=\"1\">\n<div class=\"magic-24\">\n<div class=\"magic-4\" data-spm-anchor-id=\"0.0.0.i20.43af4f05DrP63M\">mil\u00edmetro<\/div>\n<\/div>\n<\/td>\n<td colspan=\"1\" rowspan=\"1\">\n<div class=\"magic-23\">\n<div class=\"magic-4\" data-spm-anchor-id=\"0.0.0.i19.43af4f05DrP63M\">480<\/div>\n<\/div>\n<\/td>\n<\/tr>\n<tr>\n<td colspan=\"1\" rowspan=\"1\">\n<div class=\"magic-21\">\n<div class=\"magic-4\" data-spm-anchor-id=\"a2700.pc-decorate.0.i90.6eb83333v0QWaU\">Espesor<\/div>\n<\/div>\n<\/td>\n<td colspan=\"1\" rowspan=\"1\">\n<div class=\"magic-24\">\n<div class=\"magic-4\" data-spm-anchor-id=\"0.0.0.i21.43af4f05DrP63M\">mil\u00edmetro<\/div>\n<\/div>\n<\/td>\n<td colspan=\"1\" rowspan=\"1\">\n<div class=\"magic-23\">\n<div class=\"magic-4\" data-spm-anchor-id=\"0.0.0.i22.43af4f05DrP63M\">25-200<\/div>\n<\/div>\n<\/td>\n<\/tr>\n<tr>\n<td colspan=\"1\" rowspan=\"1\">\n<div class=\"magic-25\">\n<div class=\"magic-4\">Est\u00e1ndar<\/div>\n<\/div>\n<\/td>\n<td colspan=\"1\" rowspan=\"1\">\n<div class=\"magic-26\">\n<div class=\"magic-4\">&#8211;<\/div>\n<\/div>\n<\/td>\n<td colspan=\"1\" rowspan=\"1\">\n<div class=\"magic-27\">\n<div class=\"magic-4\" data-spm-anchor-id=\"0.0.0.i5.43af4f05aWIgxh\">ASTM C553<\/div>\n<\/div>\n<\/td>\n<\/tr>\n<tr>\n<td colspan=\"3\" rowspan=\"1\">\n<div class=\"magic-28\">\n<div class=\"magic-4\"><i data-spm-anchor-id=\"0.0.0.i2.43af4f05aWIgxh\"><b>Nota:<\/b>\u00a0Los productos personalizados est\u00e1n disponibles bajo consulta.<\/i><\/div>\n<div class=\"magic-4\"><i data-spm-anchor-id=\"0.0.0.i2.43af4f05aWIgxh\">Tambi\u00e9n se encuentran disponibles carcasas de tuber\u00eda, placas curvas y ladrillos.<\/i><\/div>\n<\/div>\n<\/td>\n<\/tr>\n<\/tbody>\n<\/table>\n<\/div>\n<\/div>\n<div class=\"J_module\">\n<div class=\"icbu-pc-images magic-6\">\n<div class=\"flex-layout-v\">\n<div class=\"flex-layout-h magic-6\">\n<div class=\"magic-30\"><img decoding=\"async\" class=\"alignleft wp-image-1531\" src=\"http:\/\/yxwool.com\/wp-content\/uploads\/2023\/07\/\u8be6\u60c5\u9875-2.jpg\" alt=\"\" width=\"1200\" height=\"1555\" srcset=\"https:\/\/yxwool.com\/wp-content\/uploads\/2023\/07\/\u8be6\u60c5\u9875-2.jpg 750w, https:\/\/yxwool.com\/wp-content\/uploads\/2023\/07\/\u8be6\u60c5\u9875-2-231x300.jpg 231w, https:\/\/yxwool.com\/wp-content\/uploads\/2023\/07\/\u8be6\u60c5\u9875-2-600x778.jpg 600w\" sizes=\"(max-width: 1200px) 100vw, 1200px\" \/><img decoding=\"async\" class=\"alignleft wp-image-1532\" src=\"http:\/\/yxwool.com\/wp-content\/uploads\/2023\/07\/22\u8be6\u60c5\u9875.jpg\" alt=\"\" width=\"1200\" height=\"1426\" srcset=\"https:\/\/yxwool.com\/wp-content\/uploads\/2023\/07\/22\u8be6\u60c5\u9875.jpg 750w, https:\/\/yxwool.com\/wp-content\/uploads\/2023\/07\/22\u8be6\u60c5\u9875-253x300.jpg 253w, https:\/\/yxwool.com\/wp-content\/uploads\/2023\/07\/22\u8be6\u60c5\u9875-600x713.jpg 600w\" sizes=\"(max-width: 1200px) 100vw, 1200px\" \/><\/div>\n<\/div>\n<\/div>\n<\/div>\n<\/div>\n<div class=\"J_module\">\n<div class=\"icbu-pc-images magic-6\">\n<div class=\"flex-layout-v\">\n<div class=\"flex-layout-h magic-6\">\n<div class=\"magic-32\"><\/div>\n<\/div>\n<\/div>\n<\/div>\n<\/div>\n<div class=\"J_module\">\n<div class=\"icbu-pc-images magic-6\">\n<div>\n<div class=\"flex-layout-v\">\n<div class=\"flex-layout-h magic-6\">\n<div class=\"magic-34\"><img loading=\"lazy\" decoding=\"async\" class=\"magic-35\" src=\"https:\/\/sc04.alicdn.com\/kf\/H8975ee1492834432adf0053a6242ab05Q\/240115170\/H8975ee1492834432adf0053a6242ab05Q.jpg\" width=\"1199\" height=\"577\" data-src=\"\/\/sc04.alicdn.com\/kf\/H8975ee1492834432adf0053a6242ab05Q\/240115170\/H8975ee1492834432adf0053a6242ab05Q.jpg\" \/><\/div>\n<\/div>\n<\/div>\n<\/div>\n<\/div>\n<\/div>\n<div class=\"J_module\">\n<div class=\"detail-decorate-json-renderer-container\">\n<div class=\"magic-0\">\n<div class=\"magic-1\">\n<div class=\"magic-2\">\n<div class=\"magic-3\"><b class=\"magic-19\"><span class=\"magic-11\"> Rendimiento t\u00e9cnico de espuma de vidrio celular<\/span><\/b><\/div>\n<\/div>\n<\/div>\n<\/div>\n<\/div>\n<\/div>\n<div class=\"J_module\">\n<div class=\"ife-detail-decorate-table\">\n<table class=\"has-title is-zebra hight-light-first-column all magic-20\">\n<tbody>\n<tr>\n<td colspan=\"2\" rowspan=\"1\">\n<div class=\"magic-36\">\n<div class=\"magic-4\" data-spm-anchor-id=\"0.0.0.i17.43af4f05s1ya2i\"><b class=\"magic-37\" data-spm-anchor-id=\"a2700.pc-decorate.0.i76.6eb83333WVaA2X\"><span class=\"magic-38\">Elemento de prueba<\/span><\/b><\/div>\n<\/div>\n<\/td>\n<td colspan=\"1\" rowspan=\"1\">\n<div class=\"magic-40\">\n<div class=\"magic-4\" data-spm-anchor-id=\"0.0.0.i16.43af4f05s1ya2i\"><b class=\"magic-37\" data-spm-anchor-id=\"a2700.pc-decorate.0.i73.6eb83333WVaA2X\"><span class=\"magic-38\">Unidad<\/span><\/b><\/div>\n<\/div>\n<\/td>\n<td colspan=\"1\" rowspan=\"1\">\n<div class=\"magic-41\">\n<div class=\"magic-4\" data-spm-anchor-id=\"0.0.0.i34.43af4f05s1ya2i\"><b class=\"magic-37\" data-spm-anchor-id=\"a2700.pc-decorate.0.i74.6eb83333WVaA2X\"><span class=\"magic-38\"><span class=\"magic-19\">YX120<\/span><\/span><\/b><\/div>\n<\/div>\n<\/td>\n<td colspan=\"1\" rowspan=\"1\">\n<div class=\"magic-42\">\n<div class=\"magic-4\" data-spm-anchor-id=\"0.0.0.i38.43af4f05s1ya2i\"><b class=\"magic-37\" data-spm-anchor-id=\"a2700.pc-decorate.0.i75.6eb83333WVaA2X\"><span class=\"magic-38\">M\u00e9todo de prueba<\/span><\/b><\/div>\n<\/div>\n<\/td>\n<\/tr>\n<tr>\n<td colspan=\"2\" rowspan=\"1\">\n<div class=\"magic-43\">Densidad (\u00b110\uff05 Tolerancia)<\/div>\n<\/td>\n<td colspan=\"1\" rowspan=\"1\">\n<div class=\"magic-40\">\n<div class=\"magic-4\" data-spm-anchor-id=\"a2700.pc-decorate.0.i1.6eb83333eTlSV5\">kg\/m2<sup>3<\/sup><\/div>\n<\/div>\n<\/td>\n<td colspan=\"1\" rowspan=\"1\">\n<div class=\"magic-41\">\n<div class=\"magic-4\" data-spm-anchor-id=\"a2700.pc-decorate.0.i267.6eb83333WVaA2X\">120<\/div>\n<\/div>\n<\/td>\n<td colspan=\"1\" rowspan=\"1\">\n<div class=\"magic-42\">\n<div class=\"magic-4\" data-spm-anchor-id=\"a2700.pc-decorate.0.i268.6eb83333WVaA2X\">ASTM C303<\/div>\n<\/div>\n<\/td>\n<\/tr>\n<tr>\n<td colspan=\"1\" rowspan=\"2\">\n<div class=\"magic-45\">Conductividad t\u00e9rmica<\/div>\n<\/td>\n<td colspan=\"1\" rowspan=\"1\">\n<div class=\"magic-46\">Valor promedio<\/div>\n<\/td>\n<td colspan=\"1\" rowspan=\"1\">\n<div class=\"magic-40\">\n<div class=\"magic-4\" data-spm-anchor-id=\"a2700.pc-decorate.0.i1.6eb833330Kkuq5\">W\/(m\u00b7K) (10 \u00b0C)<\/div>\n<\/div>\n<\/td>\n<td colspan=\"1\" rowspan=\"1\">\n<div class=\"magic-41\">\n<div class=\"magic-4\">0.043<\/div>\n<\/div>\n<\/td>\n<td colspan=\"1\" rowspan=\"2\">\n<div class=\"magic-47\">\n<div class=\"magic-4\" data-spm-anchor-id=\"a2700.pc-decorate.0.i247.c63333332HFmGs\">ASTM C177\/C518<\/div>\n<\/div>\n<\/td>\n<\/tr>\n<tr>\n<td colspan=\"1\" rowspan=\"1\">\n<div class=\"magic-46\">Valor \u00fanico m\u00e1s alto<\/div>\n<\/td>\n<td colspan=\"1\" rowspan=\"1\">\n<div class=\"magic-40\">\n<div class=\"magic-4\" data-spm-anchor-id=\"a2700.pc-decorate.0.i3.6eb833330Kkuq5\">W\/(m\u00b7K) (10 \u00b0C)<\/div>\n<\/div>\n<\/td>\n<td colspan=\"1\" rowspan=\"1\">\n<div class=\"magic-49\">\n<div class=\"magic-4\">0.044<\/div>\n<\/div>\n<\/td>\n<\/tr>\n<tr>\n<td colspan=\"1\" rowspan=\"2\">\n<div class=\"magic-45\">Fuerza compresiva<\/div>\n<\/td>\n<td colspan=\"1\" rowspan=\"1\">\n<div class=\"magic-46\">Valor promedio<\/div>\n<\/td>\n<td colspan=\"1\" rowspan=\"1\">\n<div class=\"magic-40\">\n<div class=\"magic-4\">MPa<\/div>\n<\/div>\n<\/td>\n<td colspan=\"1\" rowspan=\"1\">\n<div class=\"magic-41\">\n<div class=\"magic-4\">0.8<\/div>\n<\/div>\n<\/td>\n<td colspan=\"1\" rowspan=\"2\">\n<div class=\"magic-47\">\n<div class=\"magic-4\">ASTM C165<\/div>\n<\/div>\n<\/td>\n<\/tr>\n<tr>\n<td colspan=\"1\" rowspan=\"1\">\n<div class=\"magic-46\">\n<div class=\"magic-12\" data-spm-anchor-id=\"a2700.pc-decorate.0.i30.6eb83333WVaA2X\">Valor \u00fanico m\u00e1s bajo<\/div>\n<\/div>\n<\/td>\n<td colspan=\"1\" rowspan=\"1\">\n<div class=\"magic-40\">\n<div class=\"magic-4\">MPa<\/div>\n<\/div>\n<\/td>\n<td colspan=\"1\" rowspan=\"1\">\n<div class=\"magic-49\">\n<div class=\"magic-4\">0.55<\/div>\n<\/div>\n<\/td>\n<\/tr>\n<tr>\n<td colspan=\"2\" rowspan=\"1\">\n<div class=\"magic-43\">Resistencia a la flexi\u00f3n.Avg<\/div>\n<\/td>\n<td colspan=\"1\" rowspan=\"1\">\n<div class=\"magic-40\">\n<div class=\"magic-4\">MPa<\/div>\n<\/div>\n<\/td>\n<td colspan=\"1\" rowspan=\"1\">\n<div class=\"magic-41\">\n<div class=\"magic-4\">\u22650.32<\/div>\n<\/div>\n<\/td>\n<td colspan=\"1\" rowspan=\"1\">\n<div class=\"magic-42\">\n<div class=\"magic-4\">ASTM C203<\/div>\n<\/div>\n<\/td>\n<\/tr>\n<tr>\n<td colspan=\"2\" rowspan=\"1\">\n<div class=\"magic-43\">Permeabilidad al vapor de agua<\/div>\n<\/td>\n<td colspan=\"1\" rowspan=\"1\">\n<div class=\"magic-40\">\n<div class=\"magic-4\">ng\/(pa.ms)<\/div>\n<\/div>\n<\/td>\n<td colspan=\"1\" rowspan=\"1\">\n<div class=\"magic-41\">\n<div class=\"magic-4\">\u22640.007<\/div>\n<\/div>\n<\/td>\n<td colspan=\"1\" rowspan=\"1\">\n<div class=\"magic-42\">\n<div class=\"magic-4\">ASTME96<\/div>\n<\/div>\n<\/td>\n<\/tr>\n<tr>\n<td colspan=\"2\" rowspan=\"1\">\n<div class=\"magic-43\">Absorci\u00f3n de humedad por volumen<\/div>\n<\/td>\n<td colspan=\"1\" rowspan=\"1\">\n<div class=\"magic-40\">\n<div class=\"magic-4\">Vol%<\/div>\n<\/div>\n<\/td>\n<td colspan=\"1\" rowspan=\"1\">\n<div class=\"magic-49\">\n<div class=\"magic-4\">\u22640.5<\/div>\n<\/div>\n<\/td>\n<td colspan=\"1\" rowspan=\"1\">\n<div class=\"magic-42\">\n<div class=\"magic-4\">ASTM C240<\/div>\n<\/div>\n<\/td>\n<\/tr>\n<tr>\n<td colspan=\"2\" rowspan=\"1\">\n<div class=\"magic-43\">Temperatura de servicio<\/div>\n<\/td>\n<td colspan=\"1\" rowspan=\"1\">\n<div class=\"magic-40\">\n<div class=\"magic-4\">\u00baC<\/div>\n<\/div>\n<\/td>\n<td colspan=\"1\" rowspan=\"1\">\n<div class=\"magic-49\">\n<div class=\"magic-4\" data-spm-anchor-id=\"a2700.pc-decorate.0.i6.6eb83333v5V4I1\">-268\uff5e482<\/div>\n<\/div>\n<\/td>\n<td colspan=\"1\" rowspan=\"1\">\n<div class=\"magic-42\">\n<div class=\"magic-4\" data-spm-anchor-id=\"a2700.pc-decorate.0.i8.6eb83333v5V4I1\">&#8211;<\/div>\n<\/div>\n<\/td>\n<\/tr>\n<tr>\n<td colspan=\"2\" rowspan=\"1\">\n<div class=\"magic-43\">Coeficiente de expansi\u00f3n t\u00e9rmica lineal<\/div>\n<\/td>\n<td colspan=\"1\" rowspan=\"1\">\n<div class=\"magic-40\">\n<div class=\"magic-4\">1\/k<\/div>\n<\/div>\n<\/td>\n<td colspan=\"1\" rowspan=\"1\">\n<div class=\"magic-49\">\n<div class=\"magic-4\" data-spm-anchor-id=\"a2700.pc-decorate.0.i1.6eb83333duuNHD\">9\u00d710<sup data-spm-anchor-id=\"a2700.pc-decorate.0.i183.6eb83333WVaA2X\">-6<\/sup><\/div>\n<\/div>\n<\/td>\n<td colspan=\"1\" rowspan=\"1\">\n<div class=\"magic-42\">\n<div class=\"magic-4\">ASTM E228<\/div>\n<\/div>\n<\/td>\n<\/tr>\n<tr>\n<td colspan=\"2\" rowspan=\"1\">\n<div class=\"magic-43\">Combustibilidad<\/div>\n<\/td>\n<td colspan=\"2\" rowspan=\"1\">\n<div class=\"magic-51\">\n<div class=\"magic-4\">No Combustible (Clase A1)<\/div>\n<\/div>\n<\/td>\n<td colspan=\"1\" rowspan=\"1\">\n<div class=\"magic-42\">\n<div class=\"magic-4\">ASTM E136<\/div>\n<\/div>\n<\/td>\n<\/tr>\n<tr>\n<td colspan=\"2\" rowspan=\"1\">\n<div class=\"magic-43\">Estabilidad dimensional<\/div>\n<\/td>\n<td colspan=\"2\" rowspan=\"1\">\n<div class=\"magic-51\">\n<div class=\"magic-4\">Excelente: no se ENCOGE NI SE HINCHA.<\/div>\n<\/div>\n<\/td>\n<td colspan=\"1\" rowspan=\"1\">\n<div class=\"magic-47\">\n<div class=\"magic-4\">&#8211;<\/div>\n<\/div>\n<\/td>\n<\/tr>\n<tr>\n<td colspan=\"2\" rowspan=\"1\">\n<div class=\"magic-43\">Color<\/div>\n<\/td>\n<td colspan=\"2\" rowspan=\"1\">\n<div class=\"magic-51\">\n<div class=\"magic-4\">Negro<\/div>\n<\/div>\n<\/td>\n<td colspan=\"1\" rowspan=\"1\">\n<div class=\"magic-47\">\n<div class=\"magic-4\">&#8211;<\/div>\n<\/div>\n<\/td>\n<\/tr>\n<tr>\n<td colspan=\"2\" rowspan=\"1\">\n<div class=\"magic-43\">Composici\u00f3n<\/div>\n<\/td>\n<td colspan=\"2\" rowspan=\"1\">\n<div class=\"magic-51\">\n<div class=\"magic-4\">Puro Vidrio. Sin amianto, fibras o aglutinantes.<\/div>\n<\/div>\n<\/td>\n<td colspan=\"1\" rowspan=\"1\">\n<div class=\"magic-47\">\n<div class=\"magic-4\">&#8211;<\/div>\n<\/div>\n<\/td>\n<\/tr>\n<tr>\n<td colspan=\"2\" rowspan=\"1\">\n<div class=\"magic-43\">Resistencia qu\u00edmica<\/div>\n<\/td>\n<td colspan=\"2\" rowspan=\"1\">\n<div class=\"magic-51\">\n<div class=\"magic-4\">Impermeable a los \u00e1cidos comunes y sus vapores.<\/div>\n<\/div>\n<\/td>\n<td colspan=\"1\" rowspan=\"1\">\n<div class=\"magic-47\">\n<div class=\"magic-4\">&#8211;<\/div>\n<\/div>\n<\/td>\n<\/tr>\n<\/tbody>\n<\/table>\n<\/div>\n<\/div>\n<div class=\"J_module\">\n<div class=\"detail-decorate-json-renderer-container\">\n<div class=\"magic-0\">\n<div class=\"magic-1\">\n<div class=\"magic-2\">\n<div class=\"magic-3\">\n<div><span class=\"magic-17\"><b class=\"magic-19\"><span class=\"magic-18\">Ventajas distintivas del vidrio celular de espuma:<\/span><span class=\"magic-54\"><br \/>\n<\/span><\/b><\/span><\/div>\n<div><span class=\"magic-19\"><b class=\"magic-19\"><span class=\"magic-17\">\u22c5 <\/span><\/b><span class=\"magic-13\">Baja densidad, baja conductividad t\u00e9rmica pero alta resistencia a la compresi\u00f3n. <\/span><\/span><\/div>\n<div><span class=\"magic-19\"><b class=\"magic-19\"><span class=\"magic-17\">\u22c5 <\/span><\/b><span class=\"magic-13\">Sin absorci\u00f3n de agua, sin permeabilidad. <\/span><\/span><\/div>\n<div><span class=\"magic-19\"><span class=\"magic-17\"><b>\u22c5 <\/b><\/span><span class=\"magic-13\">Bajo coeficiente de expansi\u00f3n t\u00e9rmica, buena estabilidad dimensional, sin deformaci\u00f3n, sin grietas.<\/span><\/span><\/div>\n<div><span class=\"magic-19\"> <span class=\"magic-17\"><b>\u22c5 <\/b><\/span><span class=\"magic-13\">Resistente al fuego, incombustible y resistente a la corrosi\u00f3n.<\/span><\/span><\/div>\n<div><span class=\"magic-19\"> <b class=\"magic-19\"><span class=\"magic-17\">\u22c5 <\/span><\/b><span class=\"magic-13\">Sin moho, sin mordeduras de ratas y evitando plagas de insectos o microorganismos.<\/span><\/span><\/div>\n<div><span class=\"magic-19\"> <b class=\"magic-19\"><span class=\"magic-17\">\u22c5 <\/span><\/b><span class=\"magic-13\">Aplicable para temperatura criog\u00e9nica, constante y alta. <\/span><\/span><\/div>\n<div><span class=\"magic-19\"><b class=\"magic-19\"><span class=\"magic-17\">\u22c5 <\/span><\/b><span class=\"magic-13\">Conveniente para la fabricaci\u00f3n y la instalaci\u00f3n.<\/span><\/span><\/div>\n<div><span class=\"magic-19\"> <b class=\"magic-19\"><span class=\"magic-17\">\u22c5 <\/span><\/b><span class=\"magic-13\">Sin envejecimiento, sin deterioro. <\/span><\/span><\/div>\n<div><span class=\"magic-19\"><b class=\"magic-19\"><span class=\"magic-17\">\u22c5 <\/span><\/b><span class=\"magic-13\">Respetuoso con el medio ambiente y reciclable.<\/span><\/span><\/div>\n<div><span class=\"magic-19\"><b class=\"magic-19\"><span class=\"magic-17\">\u22c5 <\/span><\/b><span class=\"magic-13\">Excelente coeficiente ac\u00fastico.<\/span><\/span><\/div>\n<\/div>\n<\/div>\n<\/div>\n<\/div>\n<\/div>\n<\/div>","protected":false},"excerpt":{"rendered":"<p>Foam Cellular Glass Insulation Overview YUXING\u00ae High Performance Cellular Glass Pipe is a kind of new inorganic insulation material with glass as the main raw material, mixed with appropriate amount of foaming agent, foamed by high temperature tunnel kiln, and then processed by annealing and cooling treatment. It has uniform independent closed pore structure. It [&hellip;]<\/p>","protected":false},"featured_media":1564,"template":"","meta":{"site-sidebar-layout":"default","site-content-layout":"default","ast-site-content-layout":"","site-content-style":"default","site-sidebar-style":"default","ast-global-header-display":"","ast-banner-title-visibility":"","ast-main-header-display":"","ast-hfb-above-header-display":"","ast-hfb-below-header-display":"","ast-hfb-mobile-header-display":"","site-post-title":"","ast-breadcrumbs-content":"","ast-featured-img":"","footer-sml-layout":"","theme-transparent-header-meta":"default","adv-header-id-meta":"","stick-header-meta":"","header-above-stick-meta":"","header-main-stick-meta":"","header-below-stick-meta":"","astra-migrate-meta-layouts":"default","ast-page-background-enabled":"default","ast-page-background-meta":{"desktop":{"background-color":"","background-image":"","background-repeat":"repeat","background-position":"center center","background-size":"auto","background-attachment":"scroll","background-type":"","background-media":"","overlay-type":"","overlay-color":"","overlay-opacity":"","overlay-gradient":""},"tablet":{"background-color":"","background-image":"","background-repeat":"repeat","background-position":"center center","background-size":"auto","background-attachment":"scroll","background-type":"","background-media":"","overlay-type":"","overlay-color":"","overlay-opacity":"","overlay-gradient":""},"mobile":{"background-color":"","background-image":"","background-repeat":"repeat","background-position":"center center","background-size":"auto","background-attachment":"scroll","background-type":"","background-media":"","overlay-type":"","overlay-color":"","overlay-opacity":"","overlay-gradient":""}},"ast-content-background-meta":{"desktop":{"background-color":"var(--ast-global-color-5)","background-image":"","background-repeat":"repeat","background-position":"center center","background-size":"auto","background-attachment":"scroll","background-type":"","background-media":"","overlay-type":"","overlay-color":"","overlay-opacity":"","overlay-gradient":""},"tablet":{"background-color":"var(--ast-global-color-5)","background-image":"","background-repeat":"repeat","background-position":"center center","background-size":"auto","background-attachment":"scroll","background-type":"","background-media":"","overlay-type":"","overlay-color":"","overlay-opacity":"","overlay-gradient":""},"mobile":{"background-color":"var(--ast-global-color-5)","background-image":"","background-repeat":"repeat","background-position":"center center","background-size":"auto","background-attachment":"scroll","background-type":"","background-media":"","overlay-type":"","overlay-color":"","overlay-opacity":"","overlay-gradient":""}}},"product_brand":[],"product_cat":[26],"product_tag":[],"class_list":{"0":"post-1563","1":"product","2":"type-product","3":"status-publish","4":"has-post-thumbnail","6":"product_cat-foam-glass","7":"desktop-align-center","8":"tablet-align-left","9":"mobile-align-left","11":"first","12":"instock","13":"shipping-taxable","14":"product-type-simple"},"_links":{"self":[{"href":"https:\/\/yxwool.com\/es\/wp-json\/wp\/v2\/product\/1563","targetHints":{"allow":["GET"]}}],"collection":[{"href":"https:\/\/yxwool.com\/es\/wp-json\/wp\/v2\/product"}],"about":[{"href":"https:\/\/yxwool.com\/es\/wp-json\/wp\/v2\/types\/product"}],"wp:featuredmedia":[{"embeddable":true,"href":"https:\/\/yxwool.com\/es\/wp-json\/wp\/v2\/media\/1564"}],"wp:attachment":[{"href":"https:\/\/yxwool.com\/es\/wp-json\/wp\/v2\/media?parent=1563"}],"wp:term":[{"taxonomy":"product_brand","embeddable":true,"href":"https:\/\/yxwool.com\/es\/wp-json\/wp\/v2\/product_brand?post=1563"},{"taxonomy":"product_cat","embeddable":true,"href":"https:\/\/yxwool.com\/es\/wp-json\/wp\/v2\/product_cat?post=1563"},{"taxonomy":"product_tag","embeddable":true,"href":"https:\/\/yxwool.com\/es\/wp-json\/wp\/v2\/product_tag?post=1563"}],"curies":[{"name":"wp","href":"https:\/\/api.w.org\/{rel}","templated":true}]}}