{"id":1698,"date":"2023-07-18T13:16:27","date_gmt":"2023-07-18T13:16:27","guid":{"rendered":"http:\/\/yxwool.com\/?post_type=product&#038;p=1698"},"modified":"2023-08-01T03:37:54","modified_gmt":"2023-08-01T03:37:54","slug":"high-temperature-isolation-refractory-ceramic-fiber-board","status":"publish","type":"product","link":"https:\/\/yxwool.com\/es\/producto\/high-temperature-isolation-refractory-ceramic-fiber-board\/","title":{"rendered":"Tablero de fibra cer\u00e1mica refractaria de aislamiento de alta temperatura"},"content":{"rendered":"<p><b>Tablero de fibra de cer\u00e1mica Yuxing<\/b> est\u00e1n hechos de diferentes bultos de fibra refractaria con excelente estabilidad qu\u00edmica, enlace org\u00e1nico e inorg\u00e1nico por m\u00e9todo h\u00famedo y procesamiento de formaci\u00f3n al vac\u00edo que es aplicable a muchos tipos de industrias. El tablero de fibra con caracter\u00edsticas de dureza, flexibilidad, excelente resistencia y resistencia a la corrosi\u00f3n.<\/p>\n<table class=\"is-zebra all magic-8\">\n<tbody>\n<tr>\n<td colspan=\"1\" rowspan=\"1\">\n<div class=\"magic-9\"><span class=\"magic-10\" style=\"font-family: Arial;\" data-spm-anchor-id=\"a2700.details.0.i32.2c6a2572C2Wbmf\">Calificaci\u00f3n<\/span><\/div>\n<\/td>\n<td colspan=\"1\" rowspan=\"1\">\n<div class=\"magic-11\"><span class=\"magic-10\" style=\"font-family: Arial;\">Tablero de fibra cer\u00e1mica est\u00e1ndar 1260<\/span><\/div>\n<\/td>\n<\/tr>\n<tr>\n<td colspan=\"1\" rowspan=\"1\">\n<div class=\"magic-9\"><span class=\"magic-10\" style=\"font-family: Arial;\">Tama\u00f1o y especificaci\u00f3n<\/span><\/div>\n<\/td>\n<td colspan=\"1\" rowspan=\"1\">\n<div class=\"magic-11\"><span class=\"magic-10\" style=\"font-family: Arial;\">1. Longitud: 1200,1000,900,600 mm2.Ancho: 1000,600,400 mm<br \/>\n3. Espesor: 6-50 mm<\/span><\/div>\n<\/td>\n<\/tr>\n<tr>\n<td colspan=\"1\" rowspan=\"1\">\n<div class=\"magic-9\"><span class=\"magic-10\" style=\"font-family: Arial;\">Densidad<\/span><\/div>\n<\/td>\n<td colspan=\"1\" rowspan=\"1\">\n<div class=\"magic-11\"><span class=\"magic-10\" style=\"font-family: Arial;\">280\u2013500 kg\/m3<\/span><\/div>\n<\/td>\n<\/tr>\n<tr>\n<td colspan=\"1\" rowspan=\"1\">\n<div class=\"magic-9\"><span class=\"magic-10\" style=\"font-family: Arial;\">Temperatura de trabajo<\/span><\/div>\n<\/td>\n<td colspan=\"1\" rowspan=\"1\">\n<div class=\"magic-11\"><span class=\"magic-10\" style=\"font-family: Arial;\">1260 est\u00e1ndar: 1050 \u2103 (1922 \u2109)<\/span><\/div>\n<\/td>\n<\/tr>\n<tr>\n<td colspan=\"1\" rowspan=\"1\">\n<div class=\"magic-9\"><span class=\"magic-10\" style=\"font-family: Arial;\">Certificado<\/span><\/div>\n<\/td>\n<td colspan=\"1\" rowspan=\"1\">\n<div class=\"magic-11\"><span class=\"magic-10\" style=\"font-family: Arial;\">MSDS, ISO9001, Norma CE: TUV,BV,SGS<\/span><\/div>\n<\/td>\n<\/tr>\n<tr>\n<td colspan=\"1\" rowspan=\"1\">\n<div class=\"magic-9\"><span class=\"magic-10\" style=\"font-family: Arial;\">Muestra<\/span><\/div>\n<\/td>\n<td colspan=\"1\" rowspan=\"1\">\n<div class=\"magic-11\"><span class=\"magic-10\" style=\"font-family: Arial;\">Podemos suministrar muestras gratis.<\/span><\/div>\n<\/td>\n<\/tr>\n<tr>\n<td colspan=\"1\" rowspan=\"1\">\n<div class=\"magic-9\"><span class=\"magic-10\" style=\"font-family: Arial;\">Paquete<\/span><\/div>\n<\/td>\n<td colspan=\"1\" rowspan=\"1\">\n<div class=\"magic-11\"><span class=\"magic-10\" style=\"font-family: Arial;\">Cart\u00f3n o plataforma<\/span><\/div>\n<\/td>\n<\/tr>\n<\/tbody>\n<\/table>\n<p><img fetchpriority=\"high\" decoding=\"async\" class=\"\" src=\"https:\/\/sc01.alicdn.com\/kf\/Hceea105426bd4b47a7b658e9b206fc441\/200545200\/Hceea105426bd4b47a7b658e9b206fc441.jpg\" width=\"1067\" height=\"370\" \/><\/p>\n<div class=\"J_module\">\n<div class=\"detail-decorate-json-renderer-container\">\n<div class=\"magic-1\">\n<h3 class=\"magic-17\"><b><span class=\"magic-18\" style=\"font-family: Arial;\">Caracter\u00edsticas<\/span><\/b><\/h3>\n<div class=\"magic-19\">\n<div class=\"magic-3\">\n<div class=\"magic-4\"><span class=\"magic-10\" style=\"font-family: Arial;\">\u2666 Bajo almacenamiento de calor y baja conductividad t\u00e9rmica<br \/>\n\u2666 Alta resistencia a la compresi\u00f3n<br \/>\n\u2666 Materiales no fr\u00e1giles y buena tenacidad.<br \/>\n\u2666 Dimensi\u00f3n precisa y buena palidez<\/span><\/div>\n<\/div>\n<\/div>\n<div class=\"magic-19\">\n<div class=\"magic-3\">\n<div class=\"magic-20\"><span class=\"magic-10\" style=\"font-family: Arial;\">\u2666 homogeneidad de la estructura y f\u00e1cil mecanizado<br \/>\n\u2666 Incluso fibra con propiedad estable<br \/>\n\u2666 Excelente estabilidad al calor y resistencia al choque t\u00e9rmico<br \/>\n\u2666 F\u00e1cil de instalar<\/span><\/div>\n<div><\/div>\n<\/div>\n<\/div>\n<\/div>\n<\/div>\n<\/div>\n<div class=\"J_module\">\n<div class=\"icbu-pc-images magic-5\">\n<div>\n<div class=\"flex-layout-v\">\n<div class=\"flex-layout-h magic-5\">\n<div class=\"magic-21\"><img decoding=\"async\" class=\"magic-22\" src=\"https:\/\/sc01.alicdn.com\/kf\/H77cb4c5486354bd198694a5e10d341e1P\/200545200\/H77cb4c5486354bd198694a5e10d341e1P.jpg\" width=\"1126\" height=\"746\" data-src=\"\/\/sc01.alicdn.com\/kf\/H77cb4c5486354bd198694a5e10d341e1P\/200545200\/H77cb4c5486354bd198694a5e10d341e1P.jpg\" \/><\/div>\n<div class=\"magic-23\"><img decoding=\"async\" class=\"magic-24\" src=\"https:\/\/sc02.alicdn.com\/kf\/H24f91084069245678b623ffb1bda1376e\/200545200\/H24f91084069245678b623ffb1bda1376e.jpg\" width=\"1079\" height=\"740\" data-src=\"\/\/sc02.alicdn.com\/kf\/H24f91084069245678b623ffb1bda1376e\/200545200\/H24f91084069245678b623ffb1bda1376e.jpg\" \/><\/div>\n<\/div>\n<\/div>\n<\/div>\n<\/div>\n<\/div>\n<div class=\"J_module\">\n<div class=\"detail-decorate-json-renderer-container\">\n<div class=\"magic-1\">\n<div><span class=\"magic-18\"><b>\u00a0<\/b><\/span><\/div>\n<h3 class=\"magic-25\"><span class=\"magic-18\"><b>Solicitud<\/b><\/span><\/h3>\n<div class=\"magic-2\">\n<div class=\"magic-3\">\n<div class=\"magic-4\">\u2666 Industria de la construcci\u00f3n de cemento, revestimiento posterior de hornos-aislamiento t\u00e9rmico<br \/>\n\u2666 Industria cer\u00e1mica Revestimiento de varios hornos para aislamiento t\u00e9rmico<br \/>\n\u2666 Industrias petroqu\u00edmicas y metal\u00fargicas: revestimientos posteriores, revestimientos de paredes y aislamiento t\u00e9rmico de revestimientos<br \/>\n\u2666 Aislamiento t\u00e9rmico del revestimiento del horno de vidrio y del revestimiento posterior<br \/>\n\u2666 Aislamiento t\u00e9rmico del revestimiento posterior del horno de tratamiento t\u00e9rmico<br \/>\n\u2666 F\u00e1bricas de aluminio-revestimiento de ladrillos refractarios de celdas de reducci\u00f3n<br \/>\n\u2666 Reacci\u00f3n a alta temperatura, revestimiento de paredes de dispositivos de calentamiento y revestimientos posteriores<\/div>\n<\/div>\n<\/div>\n<\/div>\n<\/div>\n<\/div>","protected":false},"excerpt":{"rendered":"<p>Yuxing ceramic fiber board are made of different refractory fiber bulks with excellent chemical stability, organic and inorganic bond by wet method and vacuum forming processing which is applicable to many kinds of industries .The fiber board with a characteristics of hard, flexible, excellent strength and resistance against corrosion. Grade 1260 standard ceramic fiber board [&hellip;]<\/p>","protected":false},"featured_media":1699,"template":"","meta":{"site-sidebar-layout":"default","site-content-layout":"default","ast-site-content-layout":"","site-content-style":"default","site-sidebar-style":"default","ast-global-header-display":"","ast-banner-title-visibility":"","ast-main-header-display":"","ast-hfb-above-header-display":"","ast-hfb-below-header-display":"","ast-hfb-mobile-header-display":"","site-post-title":"","ast-breadcrumbs-content":"","ast-featured-img":"","footer-sml-layout":"","theme-transparent-header-meta":"default","adv-header-id-meta":"","stick-header-meta":"","header-above-stick-meta":"","header-main-stick-meta":"","header-below-stick-meta":"","astra-migrate-meta-layouts":"default","ast-page-background-enabled":"default","ast-page-background-meta":{"desktop":{"background-color":"","background-image":"","background-repeat":"repeat","background-position":"center center","background-size":"auto","background-attachment":"scroll","background-type":"","background-media":"","overlay-type":"","overlay-color":"","overlay-opacity":"","overlay-gradient":""},"tablet":{"background-color":"","background-image":"","background-repeat":"repeat","background-position":"center center","background-size":"auto","background-attachment":"scroll","background-type":"","background-media":"","overlay-type":"","overlay-color":"","overlay-opacity":"","overlay-gradient":""},"mobile":{"background-color":"","background-image":"","background-repeat":"repeat","background-position":"center center","background-size":"auto","background-attachment":"scroll","background-type":"","background-media":"","overlay-type":"","overlay-color":"","overlay-opacity":"","overlay-gradient":""}},"ast-content-background-meta":{"desktop":{"background-color":"var(--ast-global-color-5)","background-image":"","background-repeat":"repeat","background-position":"center center","background-size":"auto","background-attachment":"scroll","background-type":"","background-media":"","overlay-type":"","overlay-color":"","overlay-opacity":"","overlay-gradient":""},"tablet":{"background-color":"var(--ast-global-color-5)","background-image":"","background-repeat":"repeat","background-position":"center center","background-size":"auto","background-attachment":"scroll","background-type":"","background-media":"","overlay-type":"","overlay-color":"","overlay-opacity":"","overlay-gradient":""},"mobile":{"background-color":"var(--ast-global-color-5)","background-image":"","background-repeat":"repeat","background-position":"center center","background-size":"auto","background-attachment":"scroll","background-type":"","background-media":"","overlay-type":"","overlay-color":"","overlay-opacity":"","overlay-gradient":""}}},"product_brand":[],"product_cat":[24],"product_tag":[],"class_list":{"0":"post-1698","1":"product","2":"type-product","3":"status-publish","4":"has-post-thumbnail","6":"product_cat-ceramic-wool-2","7":"desktop-align-center","8":"tablet-align-left","9":"mobile-align-left","11":"first","12":"instock","13":"shipping-taxable","14":"product-type-simple"},"_links":{"self":[{"href":"https:\/\/yxwool.com\/es\/wp-json\/wp\/v2\/product\/1698","targetHints":{"allow":["GET"]}}],"collection":[{"href":"https:\/\/yxwool.com\/es\/wp-json\/wp\/v2\/product"}],"about":[{"href":"https:\/\/yxwool.com\/es\/wp-json\/wp\/v2\/types\/product"}],"wp:featuredmedia":[{"embeddable":true,"href":"https:\/\/yxwool.com\/es\/wp-json\/wp\/v2\/media\/1699"}],"wp:attachment":[{"href":"https:\/\/yxwool.com\/es\/wp-json\/wp\/v2\/media?parent=1698"}],"wp:term":[{"taxonomy":"product_brand","embeddable":true,"href":"https:\/\/yxwool.com\/es\/wp-json\/wp\/v2\/product_brand?post=1698"},{"taxonomy":"product_cat","embeddable":true,"href":"https:\/\/yxwool.com\/es\/wp-json\/wp\/v2\/product_cat?post=1698"},{"taxonomy":"product_tag","embeddable":true,"href":"https:\/\/yxwool.com\/es\/wp-json\/wp\/v2\/product_tag?post=1698"}],"curies":[{"name":"wp","href":"https:\/\/api.w.org\/{rel}","templated":true}]}}