{"id":1702,"date":"2023-07-18T13:17:25","date_gmt":"2023-07-18T13:17:25","guid":{"rendered":"http:\/\/yxwool.com\/?post_type=product&#038;p=1702"},"modified":"2023-11-14T08:22:59","modified_gmt":"2023-11-14T08:22:59","slug":"lowes-fireproof-thermal-insulation-ceramic-fiber-board-for-fireplace","status":"publish","type":"product","link":"https:\/\/yxwool.com\/es\/producto\/lowes-fireproof-thermal-insulation-ceramic-fiber-board-for-fireplace\/","title":{"rendered":"Tablero de fibra cer\u00e1mica de aislamiento t\u00e9rmico ign\u00edfugo para chimenea"},"content":{"rendered":"<p data-spm-anchor-id=\"a2700.details.0.i39.16ae22a53vrc9v\"><span data-spm-anchor-id=\"a2700.details.0.i37.16ae22a53vrc9v\">El tablero de fibra cer\u00e1mica est\u00e1 hecho de diferentes bultos de fibra refractaria con excelente estabilidad qu\u00edmica,<\/span>\u00a0<span data-spm-anchor-id=\"a2700.details.0.i38.16ae22a53vrc9v\">enlace org\u00e1nico e inorg\u00e1nico por m\u00e9todo h\u00famedo y procesamiento de formaci\u00f3n al vac\u00edo que es aplicable a muchos tipos de industrias. El tablero de fibra con caracter\u00edsticas de duro, flexible,<\/span> excelente dureza y resistencia contra la corrosi\u00f3n. El tablero de fibra cer\u00e1mica de alta densidad para chimenea resistente al calor 1260 STD se produce con diferentes fibras de al\u00famina-s\u00edlice para aplicaciones a temperaturas de hasta 1050 \u2103 mediante tecnolog\u00eda de formaci\u00f3n al vac\u00edo. Con caracter\u00edsticas de dureza, excelente resistencia, peso ligero y f\u00e1cil manejo. Es el material ideal para hornos, conductos de calderas, revestimientos de chimeneas y otros equipos de calor.<\/p>\n<div id=\"ali-anchor-AliPostDhMb-lcqg5\" class=\"mceSectionContainer\" data-section=\"AliPostDhMb-lcqg5\" data-section-title=\"Technical Data\">\n<div>\n<h3><span data-spm-anchor-id=\"a2700.details.0.i41.16ae22a53vrc9v\">Datos t\u00e9cnicos<\/span><\/h3>\n<table border=\"1\" cellspacing=\"1\" cellpadding=\"0\">\n<tbody>\n<tr>\n<td colspan=\"2\">Calificaci\u00f3n<\/td>\n<td>\n<p align=\"center\">Est\u00e1ndar<\/p>\n<\/td>\n<td colspan=\"2\">\n<p align=\"center\">alto puro<\/p>\n<\/td>\n<td>\n<p align=\"center\">Alto Aluminio<\/p>\n<\/td>\n<td colspan=\"2\">\n<p align=\"center\">Circonio<\/p>\n<\/td>\n<\/tr>\n<tr>\n<td colspan=\"2\">\n<p data-spm-anchor-id=\"a2700.details.0.i40.16ae22a53vrc9v\">m\u00e1x. Temperatura (\u00b0C)<\/p>\n<\/td>\n<td>\n<p align=\"center\">1260<\/p>\n<\/td>\n<td colspan=\"2\">\n<p align=\"center\">\n<\/td>\n<td>\n<p align=\"center\">1350<\/p>\n<\/td>\n<td colspan=\"2\">\n<p align=\"center\">1450<\/p>\n<\/td>\n<\/tr>\n<tr>\n<td colspan=\"2\">CLASIFICACI\u00d3N temperatura<\/td>\n<td>1150<\/td>\n<td colspan=\"2\">\n<p align=\"center\">\n<\/td>\n<td>\n<p align=\"center\">1260<\/p>\n<\/td>\n<td colspan=\"2\">\n<p align=\"center\">1350<\/p>\n<\/td>\n<\/tr>\n<tr>\n<td colspan=\"2\">Contenido org\u00e1nico (%)<\/td>\n<td>\n<p align=\"center\">\u22645<\/p>\n<\/td>\n<td colspan=\"2\">\n<p align=\"center\">\u22645<\/p>\n<\/td>\n<td>\n<p align=\"center\">\u22645<\/p>\n<\/td>\n<td colspan=\"2\">\n<p align=\"center\">\u22645<\/p>\n<\/td>\n<\/tr>\n<tr>\n<td rowspan=\"3\">Conductividad t\u00e9rmica por temperatura media. (W\/mk) (250kg\/m3)<\/td>\n<td>400\u00b0C<\/td>\n<td colspan=\"3\">\n<p align=\"center\">0.85<\/p>\n<\/td>\n<td colspan=\"3\">\n<p align=\"center\">0.85<\/p>\n<\/td>\n<\/tr>\n<tr>\n<td>800\u00b0C<\/td>\n<td colspan=\"3\">\n<p align=\"center\">0.132<\/p>\n<\/td>\n<td colspan=\"3\">\n<p align=\"center\">0.132<\/p>\n<\/td>\n<\/tr>\n<tr>\n<td>100\u00b0C<\/td>\n<td colspan=\"3\">\n<p align=\"center\">0.180<\/p>\n<\/td>\n<td colspan=\"3\">\n<p align=\"center\">0.180<\/p>\n<\/td>\n<\/tr>\n<tr>\n<td rowspan=\"5\">Composici\u00f3n qu\u00edmica<\/p>\n<p>(%)<\/td>\n<td>AL2O3<\/td>\n<td colspan=\"2\">\n<p align=\"center\">43<\/p>\n<\/td>\n<td>\n<p align=\"center\">47<\/p>\n<\/td>\n<td colspan=\"2\">\n<p align=\"left\">55<\/p>\n<\/td>\n<td>\n<p align=\"left\">38<\/p>\n<\/td>\n<\/tr>\n<tr>\n<td>SiO2<\/td>\n<td colspan=\"2\">\n<p align=\"center\">53<\/p>\n<\/td>\n<td>\n<p align=\"center\">51<\/p>\n<\/td>\n<td colspan=\"2\">\n<p align=\"left\">44<\/p>\n<\/td>\n<td>\n<p align=\"left\">44<\/p>\n<\/td>\n<\/tr>\n<tr>\n<td>Fe2O3 + Ti2O3<\/td>\n<td colspan=\"2\">\n<p align=\"left\">\u22641.2<\/p>\n<\/td>\n<td>\n<p align=\"left\">\u22640.3<\/p>\n<\/td>\n<td colspan=\"2\">\n<p align=\"left\">\u22640.3<\/p>\n<\/td>\n<td>\n<p align=\"left\">\u22640.2<\/p>\n<\/td>\n<\/tr>\n<tr>\n<td>CaO + MgO<\/td>\n<td colspan=\"2\">\n<p align=\"left\">\u22640.3<\/p>\n<\/td>\n<td>\n<p align=\"left\">\u22640.3<\/p>\n<\/td>\n<td colspan=\"2\">\n<p align=\"left\">\u22640.3<\/p>\n<\/td>\n<td>\n<p align=\"left\">\u22640.2<\/p>\n<\/td>\n<\/tr>\n<tr>\n<td>NaO + KO2<\/td>\n<td colspan=\"2\">\n<p align=\"left\">\u22640.5<\/p>\n<\/td>\n<td>\n<p align=\"left\">\u22640.3<\/p>\n<\/td>\n<td colspan=\"2\">\n<p align=\"left\">\u22640.3<\/p>\n<\/td>\n<td>\n<p align=\"left\">\u22640.2<\/p>\n<\/td>\n<\/tr>\n<tr>\n<td colspan=\"2\">Densidad (kg\/m3)<\/td>\n<td colspan=\"6\">\n<p align=\"center\">280-500<\/p>\n<\/td>\n<\/tr>\n<tr>\n<td colspan=\"2\">Tama\u00f1o (mm)<\/td>\n<td colspan=\"6\">1000*600 \u00a0 1200*500 \u00a01200*1000 \u00a0900*600 \u00a0 1000*1200<\/p>\n<p>600*400<\/p>\n<p>Espesor: 3-50<\/p>\n<p>(Otras medidas y formas bajo pedido.)<\/td>\n<\/tr>\n<tr>\n<td colspan=\"2\">\u00a0Paquete<\/td>\n<td colspan=\"6\">\n<p align=\"left\">Caja de carton<\/p>\n<\/td>\n<\/tr>\n<tr>\n<td colspan=\"2\">\u00a0Certificados<\/td>\n<td colspan=\"6\">\n<p align=\"left\">\u00a0ISO9001-2008; MSDS<\/p>\n<\/td>\n<\/tr>\n<\/tbody>\n<\/table>\n<\/div>\n<\/div>\n<p><img fetchpriority=\"high\" decoding=\"async\" class=\"\" src=\"https:\/\/sc01.alicdn.com\/kf\/Hceea105426bd4b47a7b658e9b206fc441\/200545200\/Hceea105426bd4b47a7b658e9b206fc441.jpg\" width=\"1067\" height=\"370\" \/><\/p>\n<div class=\"J_module\">\n<div class=\"detail-decorate-json-renderer-container\">\n<div class=\"magic-1\">\n<h3 class=\"magic-17\"><b><span class=\"magic-18\" style=\"font-family: Arial;\">Caracter\u00edsticas<\/span><\/b><\/h3>\n<div class=\"magic-19\">\n<div class=\"magic-3\">\n<div class=\"magic-4\"><span class=\"magic-10\" style=\"font-family: Arial;\">\u2666 Bajo almacenamiento de calor y baja conductividad t\u00e9rmica<br \/>\n\u2666 Alta resistencia a la compresi\u00f3n<br \/>\n\u2666 Materiales no fr\u00e1giles y buena tenacidad.<br \/>\n\u2666 Dimensi\u00f3n precisa y buena palidez<\/span><\/div>\n<\/div>\n<\/div>\n<div class=\"magic-19\">\n<div class=\"magic-3\">\n<div class=\"magic-20\"><span class=\"magic-10\" style=\"font-family: Arial;\">\u2666 homogeneidad de la estructura y f\u00e1cil mecanizado<br \/>\n\u2666 Incluso fibra con propiedad estable<br \/>\n\u2666 Excelente estabilidad al calor y resistencia al choque t\u00e9rmico<br \/>\n\u2666 F\u00e1cil de instalar<\/span><\/div>\n<div><\/div>\n<\/div>\n<\/div>\n<\/div>\n<\/div>\n<\/div>\n<div class=\"J_module\">\n<div class=\"icbu-pc-images magic-5\">\n<div>\n<div class=\"flex-layout-v\">\n<div class=\"flex-layout-h magic-5\">\n<div class=\"magic-21\"><img decoding=\"async\" class=\"magic-22\" src=\"https:\/\/sc01.alicdn.com\/kf\/H77cb4c5486354bd198694a5e10d341e1P\/200545200\/H77cb4c5486354bd198694a5e10d341e1P.jpg\" width=\"1126\" height=\"746\" data-src=\"\/\/sc01.alicdn.com\/kf\/H77cb4c5486354bd198694a5e10d341e1P\/200545200\/H77cb4c5486354bd198694a5e10d341e1P.jpg\" \/><\/div>\n<div class=\"magic-23\"><img decoding=\"async\" class=\"magic-24\" src=\"https:\/\/sc02.alicdn.com\/kf\/H24f91084069245678b623ffb1bda1376e\/200545200\/H24f91084069245678b623ffb1bda1376e.jpg\" width=\"1079\" height=\"740\" data-src=\"\/\/sc02.alicdn.com\/kf\/H24f91084069245678b623ffb1bda1376e\/200545200\/H24f91084069245678b623ffb1bda1376e.jpg\" \/><\/div>\n<\/div>\n<\/div>\n<\/div>\n<\/div>\n<\/div>\n<div class=\"J_module\">\n<div class=\"detail-decorate-json-renderer-container\">\n<div class=\"magic-1\">\n<div><span class=\"magic-18\"><b>\u00a0<\/b><\/span><\/div>\n<h3 class=\"magic-25\"><span class=\"magic-18\"><b>Solicitud<\/b><\/span><\/h3>\n<div class=\"magic-2\">\n<div class=\"magic-3\">\n<div class=\"magic-4\">\u2666 Industria de la construcci\u00f3n de cemento, revestimiento posterior de hornos-aislamiento t\u00e9rmico<br \/>\n\u2666 Industria cer\u00e1mica Revestimiento de varios hornos para aislamiento t\u00e9rmico<br \/>\n\u2666 Industrias petroqu\u00edmicas y metal\u00fargicas: revestimientos posteriores, revestimientos de paredes y aislamiento t\u00e9rmico de revestimientos<br \/>\n\u2666 Aislamiento t\u00e9rmico del revestimiento del horno de vidrio y del revestimiento posterior<br \/>\n\u2666 Aislamiento t\u00e9rmico del revestimiento posterior del horno de tratamiento t\u00e9rmico<br \/>\n\u2666 F\u00e1bricas de aluminio-revestimiento de ladrillos refractarios de celdas de reducci\u00f3n<br \/>\n\u2666 Reacci\u00f3n a alta temperatura, revestimiento de paredes de dispositivos de calentamiento y revestimientos posteriores<\/div>\n<\/div>\n<\/div>\n<\/div>\n<\/div>\n<\/div>","protected":false},"excerpt":{"rendered":"<p>El tablero de fibra cer\u00e1mica est\u00e1 hecho de diferentes masas de fibra refractaria con excelente estabilidad qu\u00edmica, uni\u00f3n org\u00e1nica e inorg\u00e1nica por m\u00e9todo h\u00famedo y procesamiento de conformado al vac\u00edo que es aplicable a muchos tipos de industrias. El tablero de fibra con caracter\u00edsticas de dureza, flexibilidad, excelente resistencia y resistencia a la corrosi\u00f3n. 1260 STD Chimenea resistente al calor Cer\u00e1mica de alta densidad [\u2026]<\/p>","protected":false},"featured_media":1701,"template":"","meta":{"site-sidebar-layout":"default","site-content-layout":"default","ast-site-content-layout":"","site-content-style":"default","site-sidebar-style":"default","ast-global-header-display":"","ast-banner-title-visibility":"","ast-main-header-display":"","ast-hfb-above-header-display":"","ast-hfb-below-header-display":"","ast-hfb-mobile-header-display":"","site-post-title":"","ast-breadcrumbs-content":"","ast-featured-img":"","footer-sml-layout":"","theme-transparent-header-meta":"default","adv-header-id-meta":"","stick-header-meta":"","header-above-stick-meta":"","header-main-stick-meta":"","header-below-stick-meta":"","astra-migrate-meta-layouts":"default","ast-page-background-enabled":"default","ast-page-background-meta":{"desktop":{"background-color":"","background-image":"","background-repeat":"repeat","background-position":"center center","background-size":"auto","background-attachment":"scroll","background-type":"","background-media":"","overlay-type":"","overlay-color":"","overlay-opacity":"","overlay-gradient":""},"tablet":{"background-color":"","background-image":"","background-repeat":"repeat","background-position":"center center","background-size":"auto","background-attachment":"scroll","background-type":"","background-media":"","overlay-type":"","overlay-color":"","overlay-opacity":"","overlay-gradient":""},"mobile":{"background-color":"","background-image":"","background-repeat":"repeat","background-position":"center center","background-size":"auto","background-attachment":"scroll","background-type":"","background-media":"","overlay-type":"","overlay-color":"","overlay-opacity":"","overlay-gradient":""}},"ast-content-background-meta":{"desktop":{"background-color":"var(--ast-global-color-5)","background-image":"","background-repeat":"repeat","background-position":"center center","background-size":"auto","background-attachment":"scroll","background-type":"","background-media":"","overlay-type":"","overlay-color":"","overlay-opacity":"","overlay-gradient":""},"tablet":{"background-color":"var(--ast-global-color-5)","background-image":"","background-repeat":"repeat","background-position":"center center","background-size":"auto","background-attachment":"scroll","background-type":"","background-media":"","overlay-type":"","overlay-color":"","overlay-opacity":"","overlay-gradient":""},"mobile":{"background-color":"var(--ast-global-color-5)","background-image":"","background-repeat":"repeat","background-position":"center center","background-size":"auto","background-attachment":"scroll","background-type":"","background-media":"","overlay-type":"","overlay-color":"","overlay-opacity":"","overlay-gradient":""}}},"product_brand":[],"product_cat":[24],"product_tag":[],"class_list":{"0":"post-1702","1":"product","2":"type-product","3":"status-publish","4":"has-post-thumbnail","6":"product_cat-ceramic-wool-2","7":"desktop-align-center","8":"tablet-align-left","9":"mobile-align-left","11":"first","12":"instock","13":"shipping-taxable","14":"product-type-simple"},"_links":{"self":[{"href":"https:\/\/yxwool.com\/es\/wp-json\/wp\/v2\/product\/1702","targetHints":{"allow":["GET"]}}],"collection":[{"href":"https:\/\/yxwool.com\/es\/wp-json\/wp\/v2\/product"}],"about":[{"href":"https:\/\/yxwool.com\/es\/wp-json\/wp\/v2\/types\/product"}],"wp:featuredmedia":[{"embeddable":true,"href":"https:\/\/yxwool.com\/es\/wp-json\/wp\/v2\/media\/1701"}],"wp:attachment":[{"href":"https:\/\/yxwool.com\/es\/wp-json\/wp\/v2\/media?parent=1702"}],"wp:term":[{"taxonomy":"product_brand","embeddable":true,"href":"https:\/\/yxwool.com\/es\/wp-json\/wp\/v2\/product_brand?post=1702"},{"taxonomy":"product_cat","embeddable":true,"href":"https:\/\/yxwool.com\/es\/wp-json\/wp\/v2\/product_cat?post=1702"},{"taxonomy":"product_tag","embeddable":true,"href":"https:\/\/yxwool.com\/es\/wp-json\/wp\/v2\/product_tag?post=1702"}],"curies":[{"name":"wp","href":"https:\/\/api.w.org\/{rel}","templated":true}]}}