{"id":1703,"date":"2023-07-18T13:28:49","date_gmt":"2023-07-18T13:28:49","guid":{"rendered":"http:\/\/yxwool.com\/?post_type=product&#038;p=1703"},"modified":"2023-08-01T03:34:31","modified_gmt":"2023-08-01T03:34:31","slug":"1703","status":"publish","type":"product","link":"https:\/\/yxwool.com\/es\/producto\/1703\/","title":{"rendered":"Silicato de calcio 650 \u2103 \/ 1050 \u2103"},"content":{"rendered":"<p><strong>Silicato de calcio<\/strong>\u00a0es un tipo de material de aislamiento r\u00edgido de estructura microporosa, utiliza \u00f3xido de silicio, \u00f3xido de calcio y las fibras de refuerzo como sus principales materias primas, hecho a trav\u00e9s de procesos de mezcla, calentamiento, gelificaci\u00f3n, moldeado, parto autom\u00e1tico y secado. Se conoce como la estabilidad en diferentes temperaturas, propiedades de aislamiento t\u00e9rmico sin amianto y alto en <strong><b>650<\/b><\/strong><strong><b>\u2103<\/b><\/strong><strong><b>,10<\/b><\/strong><strong><b>50\u2103<\/b><\/strong>.<\/p>\n<p><strong><b>Caracter\u00edstica<\/b><\/strong><\/p>\n<ol>\n<li>Alta resistencia: el m\u00e1s fuerte entre los materiales de aislamiento t\u00e9rmico inorg\u00e1nicos con densidad similar.<\/li>\n<li>Termo-resistencia: No deformaci\u00f3n a la temperatura utilizada.<\/li>\n<li>Aislamiento t\u00e9rmico: menor conductividad t\u00e9rmica que otros materiales de aislamiento t\u00e9rmico de masa dura.<\/li>\n<li>.Sin amianto.<\/li>\n<\/ol>\n<p><strong><b>Aplicaciones<\/b><\/strong><strong><b><br \/>\n<\/b><\/strong>\u00a0\u00a0 El silicato de calcio se recomienda como aislamiento t\u00e9rmico en estufas, cuevas de acer\u00edas, petroqu\u00edmica, cer\u00e1mica, vidrio, industrias del cemento, as\u00ed como otros equipos auxiliares de calefacci\u00f3n.<\/p>\n<p><img fetchpriority=\"high\" decoding=\"async\" class=\"alignleft size-full wp-image-1705\" src=\"http:\/\/yxwool.com\/wp-content\/uploads\/2023\/07\/\u5fae\u4fe1\u622a\u56fe_20230718212758.jpg\" alt=\"\" width=\"1450\" height=\"351\" srcset=\"https:\/\/yxwool.com\/wp-content\/uploads\/2023\/07\/\u5fae\u4fe1\u622a\u56fe_20230718212758.jpg 1450w, https:\/\/yxwool.com\/wp-content\/uploads\/2023\/07\/\u5fae\u4fe1\u622a\u56fe_20230718212758-300x73.jpg 300w, https:\/\/yxwool.com\/wp-content\/uploads\/2023\/07\/\u5fae\u4fe1\u622a\u56fe_20230718212758-1024x248.jpg 1024w, https:\/\/yxwool.com\/wp-content\/uploads\/2023\/07\/\u5fae\u4fe1\u622a\u56fe_20230718212758-768x186.jpg 768w, https:\/\/yxwool.com\/wp-content\/uploads\/2023\/07\/\u5fae\u4fe1\u622a\u56fe_20230718212758-600x145.jpg 600w\" sizes=\"(max-width: 1450px) 100vw, 1450px\" \/><\/p>\n<p><strong><b>Silicato de calcio sin asbesto 10<\/b><\/strong><strong><b>50<\/b><\/strong><strong><b>\u2103<\/b><\/strong><\/p>\n<table>\n<tbody>\n<tr>\n<td width=\"370\">Art\u00edculo<\/td>\n<td width=\"141\">Unidad<\/td>\n<td width=\"234\">YX-220<\/td>\n<td width=\"260\">YX-270<\/td>\n<td width=\"260\">YX-400<\/td>\n<\/tr>\n<tr>\n<td width=\"370\">Densidad a Granel<\/td>\n<td width=\"141\">kg\/m3<\/td>\n<td width=\"234\">220\u00b110%<\/td>\n<td width=\"260\">270\u00b110%<\/td>\n<td width=\"260\">400\u00b110%<\/td>\n<\/tr>\n<tr>\n<td width=\"370\">Resistencia a la flexi\u00f3n (m\u00edn.)<\/td>\n<td width=\"141\">MPa<\/td>\n<td width=\"234\">\u22650.4<\/td>\n<td width=\"260\">\u22650.6<\/td>\n<td width=\"260\">\u22652<\/td>\n<\/tr>\n<tr>\n<td width=\"370\">Resistencia a la compresi\u00f3n a la deformaci\u00f3n 5%<\/td>\n<td width=\"141\">MPa<\/td>\n<td width=\"234\">\u22650.8<\/td>\n<td width=\"260\">\u22651.2<\/td>\n<td width=\"260\">\u22654.5<\/td>\n<\/tr>\n<tr>\n<td width=\"370\">Contracci\u00f3n lineal (m\u00e1x.) despu\u00e9s de calentar durante 16 h a 1000 \u2103<\/td>\n<td width=\"141\">%<\/td>\n<td width=\"234\">\u22642<\/td>\n<td width=\"260\">\u22642<\/td>\n<td width=\"260\">\u22641 (1000 \u2103\/3 h)<\/td>\n<\/tr>\n<tr>\n<td width=\"370\">Conductividad t\u00e9rmica (m\u00e1x.)<\/td>\n<td rowspan=\"2\" width=\"141\">W\/mk<\/td>\n<td rowspan=\"2\" width=\"234\">\u22640.05+0.00011t<\/td>\n<td rowspan=\"2\" width=\"260\">\u22640.060+0.00011t<\/td>\n<td rowspan=\"2\" width=\"260\">0.048<\/td>\n<\/tr>\n<tr>\n<td width=\"370\">(temperatura media 70 \u2103)<\/td>\n<\/tr>\n<tr>\n<td width=\"370\">Temperatura de servicio (m\u00e1x.)<\/td>\n<td width=\"141\">\u2103<\/td>\n<td width=\"234\">1050<\/td>\n<td width=\"260\">1050<\/td>\n<td width=\"260\">1050<\/td>\n<\/tr>\n<\/tbody>\n<\/table>\n<p><strong><b>Especificaci\u00f3n (silicato de calcio 1050 \u2103)<\/b><\/strong><\/p>\n<table>\n<tbody>\n<tr>\n<td width=\"144\">Junta<\/td>\n<td width=\"363\">&nbsp;<\/p>\n<p>Longitud * Ancho (mm)<\/p>\n<p>&nbsp;<\/td>\n<td width=\"378\">600*300<\/p>\n<p>610*300<\/p>\n<p>1000*1000<\/p>\n<p>1000*500<\/p>\n<p>1080*950<\/p>\n<p>1260*1230<\/p>\n<p>1260*610<\/td>\n<td width=\"174\">Espesor<\/td>\n<td width=\"212\">25-140 mm<\/td>\n<\/tr>\n<\/tbody>\n<\/table>\n<p><strong><b>Silicato de calcio sin asbesto 650 \u2103<\/b><\/strong><strong><b>\u00a0<\/b><\/strong><\/p>\n<table>\n<tbody>\n<tr>\n<td width=\"383\">(Art\u00edculo)<\/td>\n<td width=\"132\">(Unidad)<\/td>\n<td width=\"264\">YX-170<\/td>\n<td width=\"256\">YX-220<\/td>\n<td width=\"268\">YX-240<\/td>\n<\/tr>\n<tr>\n<td width=\"383\">Densidad aparente (m\u00e1x.)<\/td>\n<td width=\"132\">kg\/m3<\/td>\n<td width=\"264\">170<\/td>\n<td width=\"256\">220<\/td>\n<td width=\"268\">240<\/td>\n<\/tr>\n<tr>\n<td width=\"383\">Resistencia a la flexi\u00f3n (m\u00edn.)<\/td>\n<td width=\"132\">MPa<\/td>\n<td width=\"264\">\u22650.25<\/td>\n<td width=\"256\">\u22650.3<\/td>\n<td width=\"268\">\u22650.35<\/td>\n<\/tr>\n<tr>\n<td width=\"383\">Resistencia a la compresi\u00f3n a la deformaci\u00f3n 5%<\/td>\n<td width=\"132\">MPa<\/td>\n<td width=\"264\">\u22650.4<\/td>\n<td width=\"256\">\u22650.5<\/td>\n<td width=\"268\">\u22650.5<\/td>\n<\/tr>\n<tr>\n<td width=\"383\">Contracci\u00f3n lineal (m\u00e1x.) despu\u00e9s de calentar durante 16 h a 650 \u2103<\/td>\n<td width=\"132\">%<\/td>\n<td width=\"264\">\u22642<\/td>\n<td width=\"256\">\u22642<\/td>\n<td width=\"268\">\u22642<\/td>\n<\/tr>\n<tr>\n<td width=\"383\">Conductividad t\u00e9rmica (m\u00e1x.)<\/td>\n<td rowspan=\"2\" width=\"132\">W\/mk<\/td>\n<td rowspan=\"2\" width=\"264\">0.058+0.00011t<\/td>\n<td rowspan=\"2\" width=\"256\">0.062+0.00011t<\/td>\n<td rowspan=\"2\" width=\"268\">0.062+0.00011t<\/td>\n<\/tr>\n<tr>\n<td width=\"383\">(temperatura media 70 \u2103)<\/td>\n<\/tr>\n<tr>\n<td width=\"383\">Temperatura de servicio (m\u00e1x.)<\/td>\n<td width=\"132\">\u2103<\/td>\n<td width=\"264\">650<\/td>\n<td width=\"256\">650<\/td>\n<td width=\"268\">650<\/td>\n<\/tr>\n<tr>\n<td width=\"383\">contenido de humedad (m\u00e1x.)<\/td>\n<td width=\"132\">%<\/td>\n<td width=\"264\">\u22647.5<\/td>\n<td width=\"256\">\u22647.5<\/td>\n<td width=\"268\">\u22647.5<\/td>\n<\/tr>\n<\/tbody>\n<\/table>\n<p><strong><b>Especificaci\u00f3n<\/b><\/strong><strong><b>\u00a0(<\/b><\/strong><strong><b>\u00a0Silicato de calcio <\/b><\/strong><strong><b>6<\/b><\/strong><strong><b>50 \u2103)<\/b><\/strong><\/p>\n<table>\n<tbody>\n<tr>\n<td width=\"136\">Tubo<\/td>\n<td width=\"191\">Di\u00e1metro interno<\/td>\n<td width=\"220\">22-610 mm<\/td>\n<td width=\"164\">Espesor<\/td>\n<td width=\"174\">25 -100 mm<\/td>\n<td width=\"206\">Longitud<\/td>\n<td width=\"210\">600 mm<\/td>\n<\/tr>\n<tr>\n<td width=\"136\">Junta<\/td>\n<td colspan=\"2\" width=\"411\">&nbsp;<\/p>\n<p>Largo *Ancho (mm)<\/p>\n<p>&nbsp;<\/td>\n<td colspan=\"2\" width=\"338\">&nbsp;<\/p>\n<p>600*300<\/p>\n<p>&nbsp;<\/td>\n<td width=\"206\">Espesor<\/td>\n<td width=\"210\">25-140 mm<\/td>\n<\/tr>\n<\/tbody>\n<\/table>\n<p>&nbsp;<\/p>","protected":false},"excerpt":{"rendered":"<p>El silicato de calcio es un tipo de material de aislamiento r\u00edgido con estructura microporosa, que utiliza \u00f3xido de silicio, \u00f3xido de calcio y fibras de refuerzo como sus principales materias primas, y se obtiene mediante procesos de mezcla, calentamiento, gelificaci\u00f3n, moldeado, autoparto y secado. Se le conoce por su estabilidad a diferentes temperaturas, su ausencia de amianto y sus altas propiedades de aislamiento t\u00e9rmico a 650 \u2103, 1050 \u2103. Caracter\u00edstica Alta resistencia: el m\u00e1s fuerte [\u2026]<\/p>","protected":false},"featured_media":1704,"template":"","meta":{"site-sidebar-layout":"default","site-content-layout":"default","ast-site-content-layout":"","site-content-style":"default","site-sidebar-style":"default","ast-global-header-display":"","ast-banner-title-visibility":"","ast-main-header-display":"","ast-hfb-above-header-display":"","ast-hfb-below-header-display":"","ast-hfb-mobile-header-display":"","site-post-title":"","ast-breadcrumbs-content":"","ast-featured-img":"","footer-sml-layout":"","theme-transparent-header-meta":"default","adv-header-id-meta":"","stick-header-meta":"","header-above-stick-meta":"","header-main-stick-meta":"","header-below-stick-meta":"","astra-migrate-meta-layouts":"default","ast-page-background-enabled":"default","ast-page-background-meta":{"desktop":{"background-color":"","background-image":"","background-repeat":"repeat","background-position":"center center","background-size":"auto","background-attachment":"scroll","background-type":"","background-media":"","overlay-type":"","overlay-color":"","overlay-opacity":"","overlay-gradient":""},"tablet":{"background-color":"","background-image":"","background-repeat":"repeat","background-position":"center center","background-size":"auto","background-attachment":"scroll","background-type":"","background-media":"","overlay-type":"","overlay-color":"","overlay-opacity":"","overlay-gradient":""},"mobile":{"background-color":"","background-image":"","background-repeat":"repeat","background-position":"center center","background-size":"auto","background-attachment":"scroll","background-type":"","background-media":"","overlay-type":"","overlay-color":"","overlay-opacity":"","overlay-gradient":""}},"ast-content-background-meta":{"desktop":{"background-color":"var(--ast-global-color-5)","background-image":"","background-repeat":"repeat","background-position":"center center","background-size":"auto","background-attachment":"scroll","background-type":"","background-media":"","overlay-type":"","overlay-color":"","overlay-opacity":"","overlay-gradient":""},"tablet":{"background-color":"var(--ast-global-color-5)","background-image":"","background-repeat":"repeat","background-position":"center center","background-size":"auto","background-attachment":"scroll","background-type":"","background-media":"","overlay-type":"","overlay-color":"","overlay-opacity":"","overlay-gradient":""},"mobile":{"background-color":"var(--ast-global-color-5)","background-image":"","background-repeat":"repeat","background-position":"center center","background-size":"auto","background-attachment":"scroll","background-type":"","background-media":"","overlay-type":"","overlay-color":"","overlay-opacity":"","overlay-gradient":""}}},"product_brand":[],"product_cat":[25],"product_tag":[],"class_list":{"0":"post-1703","1":"product","2":"type-product","3":"status-publish","4":"has-post-thumbnail","6":"product_cat-calcium-silicate","7":"desktop-align-center","8":"tablet-align-left","9":"mobile-align-left","11":"first","12":"instock","13":"shipping-taxable","14":"product-type-simple"},"_links":{"self":[{"href":"https:\/\/yxwool.com\/es\/wp-json\/wp\/v2\/product\/1703","targetHints":{"allow":["GET"]}}],"collection":[{"href":"https:\/\/yxwool.com\/es\/wp-json\/wp\/v2\/product"}],"about":[{"href":"https:\/\/yxwool.com\/es\/wp-json\/wp\/v2\/types\/product"}],"wp:featuredmedia":[{"embeddable":true,"href":"https:\/\/yxwool.com\/es\/wp-json\/wp\/v2\/media\/1704"}],"wp:attachment":[{"href":"https:\/\/yxwool.com\/es\/wp-json\/wp\/v2\/media?parent=1703"}],"wp:term":[{"taxonomy":"product_brand","embeddable":true,"href":"https:\/\/yxwool.com\/es\/wp-json\/wp\/v2\/product_brand?post=1703"},{"taxonomy":"product_cat","embeddable":true,"href":"https:\/\/yxwool.com\/es\/wp-json\/wp\/v2\/product_cat?post=1703"},{"taxonomy":"product_tag","embeddable":true,"href":"https:\/\/yxwool.com\/es\/wp-json\/wp\/v2\/product_tag?post=1703"}],"curies":[{"name":"wp","href":"https:\/\/api.w.org\/{rel}","templated":true}]}}