{"id":1706,"date":"2023-07-18T13:39:00","date_gmt":"2023-07-18T13:39:00","guid":{"rendered":"http:\/\/yxwool.com\/?post_type=product&#038;p=1706"},"modified":"2023-08-01T03:33:20","modified_gmt":"2023-08-01T03:33:20","slug":"1706","status":"publish","type":"product","link":"https:\/\/yxwool.com\/es\/producto\/1706\/","title":{"rendered":"Manta de fibra cer\u00e1mica al mejor precio para horno"},"content":{"rendered":"<h3>Categoria de producto:<\/h3>\n<ul>\n<li>Manta de fibra cer\u00e1mica COM -1050<\/li>\n<li>Manta fibra cer\u00e1mica ST -1260<\/li>\n<li>Manta de fibra cer\u00e1mica HP -1260<\/li>\n<li>Manta de fibra cer\u00e1mica HA -1360<\/li>\n<li>Manta de fibra cer\u00e1mica HAZ -1360<\/li>\n<\/ul>\n<h3>Especificaciones t\u00e9cnicas<\/h3>\n<table>\n<tbody>\n<tr>\n<td width=\"254\">Art\u00edculo Producto<\/td>\n<td width=\"191\">COM<\/td>\n<td width=\"191\">CALLE<\/td>\n<td width=\"192\">HP<\/td>\n<td width=\"192\">JA<\/td>\n<td width=\"190\">HAZ<\/td>\n<td width=\"169\">Hz<\/td>\n<\/tr>\n<tr>\n<td width=\"254\">Especificaci\u00f3n Tem(\u2103)<\/td>\n<td width=\"191\">1050<\/td>\n<td width=\"191\">1260<\/td>\n<td width=\"192\">1260<\/td>\n<td width=\"192\">1360<\/td>\n<td width=\"190\">1360<\/td>\n<td width=\"169\">1430<\/td>\n<\/tr>\n<tr>\n<td width=\"254\">Tiempo de trabajo (\u2103)<\/td>\n<td width=\"191\">950<\/td>\n<td width=\"191\">1050<\/td>\n<td width=\"192\">1100<\/td>\n<td width=\"192\">1200<\/td>\n<td width=\"190\">1280<\/td>\n<td width=\"169\">1350<\/td>\n<\/tr>\n<tr>\n<td width=\"254\">Color<\/td>\n<td width=\"191\">blanco<\/td>\n<td width=\"191\">blanco<\/td>\n<td width=\"192\">blanco<\/td>\n<td width=\"192\">blanco<\/td>\n<td width=\"190\">blanco<\/td>\n<td width=\"169\">blanco<\/td>\n<\/tr>\n<tr>\n<td width=\"254\">Densidad (kg\/m3)<\/td>\n<td width=\"191\">64\/96\/\u00a0128\/160<\/td>\n<td width=\"191\">64\/96 \/\u00a0128\/160<\/td>\n<td width=\"192\">64\/96\/\u00a0128\/160<\/td>\n<td width=\"192\">64\/96\/128\/160<\/td>\n<td width=\"190\">64\/96\/128\/160<\/td>\n<td width=\"169\">64\/96\/128\/160<\/td>\n<\/tr>\n<tr>\n<td width=\"254\">Tasa de revestimiento (%)<\/p>\n<p>\uff0824h \uff0cDensidad<\/p>\n<p>128kg\/m3\uff09<\/td>\n<td width=\"191\">-4<\/p>\n<p>(950 \u2103)<\/td>\n<td width=\"191\">-3<\/p>\n<p>(1050 \u2103)<\/td>\n<td width=\"192\">-3<\/p>\n<p>(1100 \u2103)<\/td>\n<td width=\"192\">-3<\/p>\n<p>(1200 \u2103)<\/td>\n<td width=\"190\">-3<\/p>\n<p>(1280 \u2103)<\/td>\n<td width=\"169\">-3<\/p>\n<p>(1350 \u2103)<\/td>\n<\/tr>\n<tr>\n<td width=\"254\">Tasa de conductividad t\u00e9rmica (%)<\/p>\n<p>(w\/mk) (Densidad 128kg\/m3)<\/td>\n<td width=\"191\">&nbsp;<\/p>\n<p>0,09 (400) 0,176 (800)<\/td>\n<td width=\"191\">&nbsp;<\/p>\n<p>0,09 (400) 0,176 (800)<\/td>\n<td width=\"192\">&nbsp;<\/p>\n<p>0,09 (400)<\/p>\n<p>0,22 (1000)<\/td>\n<td width=\"192\">&nbsp;<\/p>\n<p>0,132 (600) 0,22 (1000)<\/td>\n<td width=\"190\">&nbsp;<\/p>\n<p>0,13 (600) 0,22 (1000)<\/td>\n<td width=\"169\">&nbsp;<\/p>\n<p>0,76 (600) 0,22 (1000)<\/td>\n<\/tr>\n<tr>\n<td width=\"254\">Resistencia a la tracci\u00f3n (MPa) (Densidad 128 kg\/m3)<\/td>\n<td width=\"191\">0,08\u20140,12<\/td>\n<td width=\"191\">0,08\u20140,12<\/td>\n<td width=\"192\">0,08\u20140,12<\/td>\n<td width=\"192\">0,08\u20140,12<\/td>\n<td width=\"190\">0,08\u20140,12<\/td>\n<td width=\"169\">0,08\u20140,12<\/td>\n<\/tr>\n<tr>\n<td width=\"254\">AL2O3\uff08%\uff09<\/td>\n<td width=\"191\">42-44<\/td>\n<td width=\"191\">45-46<\/td>\n<td width=\"192\">47-49<\/td>\n<td width=\"192\">52-55<\/td>\n<td width=\"190\">45-46<\/td>\n<td width=\"169\">39-40<\/td>\n<\/tr>\n<tr>\n<td width=\"254\">AL2O3+SIO2\uff08%\uff09<\/td>\n<td width=\"191\">96<\/td>\n<td width=\"191\">97<\/td>\n<td width=\"192\">99<\/td>\n<td width=\"192\">99<\/td>\n<td width=\"190\">&#8212;&#8212;&#8212;<\/td>\n<td width=\"169\">&#8212;&#8212;-<\/td>\n<\/tr>\n<tr>\n<td width=\"254\">AL2O3+SIO2+ZrO2<\/p>\n<p>%<\/td>\n<td width=\"191\">&nbsp;<\/p>\n<p>&#8212;&#8212;&#8212;-<\/td>\n<td width=\"191\">&nbsp;<\/p>\n<p>&#8212;&#8212;&#8212;<\/td>\n<td width=\"192\">&nbsp;<\/p>\n<p>&#8212;&#8212;&#8212;&#8211;<\/td>\n<td width=\"192\">&nbsp;<\/p>\n<p>&#8212;&#8212;&#8212;-<\/td>\n<td width=\"190\">99<\/td>\n<td width=\"169\">99<\/td>\n<\/tr>\n<tr>\n<td width=\"254\">ZrO2\uff08%\uff09<\/td>\n<td width=\"191\">&#8212;&#8212;&#8212;-<\/td>\n<td width=\"191\">&#8212;&#8212;&#8212;<\/td>\n<td width=\"192\">&#8212;&#8212;&#8212;&#8211;<\/td>\n<td width=\"192\">&#8212;&#8212;&#8212;-<\/td>\n<td width=\"190\">99<\/td>\n<td width=\"169\">99<\/td>\n<\/tr>\n<tr>\n<td width=\"254\">Fe2O3\uff08%\uff09<\/td>\n<td width=\"191\">\uff1c1.2<\/td>\n<td width=\"191\">\uff1c1.0<\/td>\n<td width=\"192\">0.2<\/td>\n<td width=\"192\">0.2<\/td>\n<td width=\"190\">0.2<\/td>\n<td width=\"169\">0.2<\/td>\n<\/tr>\n<tr>\n<td width=\"254\">Na2O+K2O\uff08%\uff09<\/td>\n<td width=\"191\">\u22640.5<\/td>\n<td width=\"191\">\u22640.5<\/td>\n<td width=\"192\">0.2<\/td>\n<td width=\"192\">0.2<\/td>\n<td width=\"190\">0.2<\/td>\n<td width=\"169\">0.2<\/td>\n<\/tr>\n<tr>\n<td width=\"254\">Tama\u00f1o (MM)<\/td>\n<td colspan=\"6\" width=\"1128\">7200\/3600\u00d7610\u00d720\/25\/50<\/td>\n<\/tr>\n<\/tbody>\n<\/table>\n<p>&nbsp;<\/p>\n<h3>Descripci\u00f3n del Producto:<\/h3>\n<p>Todo tipo de fibra de seda de inyecci\u00f3n\/rechazo de fibra cer\u00e1mica producida tipo ordinario, tipo est\u00e1ndar, tipo de alta pureza, que contiene algod\u00f3n de fibra cer\u00e1mica a base de circonio, mediante acupuntura, termofijaci\u00f3n y corte vertical y horizontal, procesos de reproducci\u00f3n.<\/p>\n<p>Con densidad aparente, con diferentes espesores de manta de acupuntura, para proporcionar a los usuarios una amplia gama de materiales para obtener la mejor estructura de aislamiento t\u00e9rmico y eficiencia energ\u00e9tica.<\/p>\n<p>Manta de fibra de di\u00e1metro uniforme de seda lanzada, longitud de fibra, bola de escoria baja en la medida de las fibras entretejidas, anti-niveles, rendimiento, erosi\u00f3n contra el viento, como la flexibilidad y las propiedades de resistencia a la tracci\u00f3n de una mejora general, para mejorar la aguja rendimiento de la aplicaci\u00f3n general, lo que reduce el deterioro de los materiales. El rechazo de la manta de fibra de seda no utiliza aglutinantes para garantizar que los productos se encuentren en una variedad de entornos con buena viabilidad y estabilidad.<\/p>\n<h3>Caracteristicas de producto<\/h3>\n<p>&nbsp;<\/p>\n<ul>\n<li>Baja conductividad t\u00e9rmica, baja<\/li>\n<li>Excelente estabilidad t\u00e9rmica y resistencia al choque t\u00e9rmico.<\/li>\n<li>Excelente resistencia a la tracci\u00f3n.<\/li>\n<li>Excelente aislamiento, protecci\u00f3n contra incendios, naturaleza fonoabsorbente.<\/li>\n<\/ul>\n<h3>\u00a0Aplicaciones del producto:<\/h3>\n<ul>\n<li>Materiales de construcci\u00f3n de hornos industriales, dispositivos de calefacci\u00f3n, revestimiento de paredes de tuber\u00edas de calor.<\/li>\n<li>Calderas de potencia, turbina de gas y aislamiento de energ\u00eda nuclear.<\/li>\n<li>Reacciones qu\u00edmicas a alta temperatura de equipos industriales y equipos de calefacci\u00f3n que recubren las paredes.<\/li>\n<li>Protecci\u00f3n contra incendios de edificios de gran altura, aislamiento t\u00e9rmico.<\/li>\n<li>Puerta del horno, aislamiento del techo.<\/li>\n<li>Material filtrante de alta temperatura.<\/li>\n<\/ul>","protected":false},"excerpt":{"rendered":"<p>Categor\u00eda de producto: Manta de fibra cer\u00e1mica COM -1050 Manta de fibra cer\u00e1mica ST -1260 Manta de fibra cer\u00e1mica HP -1260 Manta de fibra cer\u00e1mica HA -1360 Manta de fibra cer\u00e1mica HAZ -1360 Especificaciones t\u00e9cnicas Art\u00edculo Producto COM ST HP HA HAZ HZ Especificaci\u00f3n Tem(\u2103) 1050 1260 1260 1360 1360 1430 Temperatura de trabajo (\u2103) 950 1050 1100 1200 1280 1350 Color blanco blanco blanco blanco blanco blanco Densidad\uff08kg\/m3\uff09 [\u2026]<\/p>","protected":false},"featured_media":1707,"template":"","meta":{"site-sidebar-layout":"default","site-content-layout":"default","ast-site-content-layout":"","site-content-style":"default","site-sidebar-style":"default","ast-global-header-display":"","ast-banner-title-visibility":"","ast-main-header-display":"","ast-hfb-above-header-display":"","ast-hfb-below-header-display":"","ast-hfb-mobile-header-display":"","site-post-title":"","ast-breadcrumbs-content":"","ast-featured-img":"","footer-sml-layout":"","theme-transparent-header-meta":"default","adv-header-id-meta":"","stick-header-meta":"","header-above-stick-meta":"","header-main-stick-meta":"","header-below-stick-meta":"","astra-migrate-meta-layouts":"default","ast-page-background-enabled":"default","ast-page-background-meta":{"desktop":{"background-color":"","background-image":"","background-repeat":"repeat","background-position":"center center","background-size":"auto","background-attachment":"scroll","background-type":"","background-media":"","overlay-type":"","overlay-color":"","overlay-opacity":"","overlay-gradient":""},"tablet":{"background-color":"","background-image":"","background-repeat":"repeat","background-position":"center center","background-size":"auto","background-attachment":"scroll","background-type":"","background-media":"","overlay-type":"","overlay-color":"","overlay-opacity":"","overlay-gradient":""},"mobile":{"background-color":"","background-image":"","background-repeat":"repeat","background-position":"center center","background-size":"auto","background-attachment":"scroll","background-type":"","background-media":"","overlay-type":"","overlay-color":"","overlay-opacity":"","overlay-gradient":""}},"ast-content-background-meta":{"desktop":{"background-color":"var(--ast-global-color-5)","background-image":"","background-repeat":"repeat","background-position":"center center","background-size":"auto","background-attachment":"scroll","background-type":"","background-media":"","overlay-type":"","overlay-color":"","overlay-opacity":"","overlay-gradient":""},"tablet":{"background-color":"var(--ast-global-color-5)","background-image":"","background-repeat":"repeat","background-position":"center center","background-size":"auto","background-attachment":"scroll","background-type":"","background-media":"","overlay-type":"","overlay-color":"","overlay-opacity":"","overlay-gradient":""},"mobile":{"background-color":"var(--ast-global-color-5)","background-image":"","background-repeat":"repeat","background-position":"center center","background-size":"auto","background-attachment":"scroll","background-type":"","background-media":"","overlay-type":"","overlay-color":"","overlay-opacity":"","overlay-gradient":""}}},"product_brand":[],"product_cat":[24],"product_tag":[],"class_list":{"0":"post-1706","1":"product","2":"type-product","3":"status-publish","4":"has-post-thumbnail","6":"product_cat-ceramic-wool-2","7":"desktop-align-center","8":"tablet-align-left","9":"mobile-align-left","11":"first","12":"instock","13":"shipping-taxable","14":"product-type-simple"},"_links":{"self":[{"href":"https:\/\/yxwool.com\/es\/wp-json\/wp\/v2\/product\/1706","targetHints":{"allow":["GET"]}}],"collection":[{"href":"https:\/\/yxwool.com\/es\/wp-json\/wp\/v2\/product"}],"about":[{"href":"https:\/\/yxwool.com\/es\/wp-json\/wp\/v2\/types\/product"}],"wp:featuredmedia":[{"embeddable":true,"href":"https:\/\/yxwool.com\/es\/wp-json\/wp\/v2\/media\/1707"}],"wp:attachment":[{"href":"https:\/\/yxwool.com\/es\/wp-json\/wp\/v2\/media?parent=1706"}],"wp:term":[{"taxonomy":"product_brand","embeddable":true,"href":"https:\/\/yxwool.com\/es\/wp-json\/wp\/v2\/product_brand?post=1706"},{"taxonomy":"product_cat","embeddable":true,"href":"https:\/\/yxwool.com\/es\/wp-json\/wp\/v2\/product_cat?post=1706"},{"taxonomy":"product_tag","embeddable":true,"href":"https:\/\/yxwool.com\/es\/wp-json\/wp\/v2\/product_tag?post=1706"}],"curies":[{"name":"wp","href":"https:\/\/api.w.org\/{rel}","templated":true}]}}