{"id":1708,"date":"2023-07-18T13:46:18","date_gmt":"2023-07-18T13:46:18","guid":{"rendered":"http:\/\/yxwool.com\/?post_type=product&#038;p=1708"},"modified":"2023-08-01T03:30:39","modified_gmt":"2023-08-01T03:30:39","slug":"refractory-raw-material-ceramic-fiber-spun-cotton","status":"publish","type":"product","link":"https:\/\/yxwool.com\/es\/producto\/refractory-raw-material-ceramic-fiber-spun-cotton\/","title":{"rendered":"Algod\u00f3n hilado de fibra cer\u00e1mica de materia prima refractaria"},"content":{"rendered":"<h3>categoria de producto<\/h3>\n<ul>\n<li>COM fibra cer\u00e1mica a granel -1050<\/li>\n<li>Fibra cer\u00e1mica ST a granel -1260<\/li>\n<li>Fibra cer\u00e1mica HP a granel -1260<\/li>\n<li>HA fibra cer\u00e1mica a granel -1360<\/li>\n<li>Fibra cer\u00e1mica HZ a granel -1430<\/li>\n<\/ul>\n<h3>Especificaciones t\u00e9cnicas<\/h3>\n<table>\n<tbody>\n<tr>\n<td width=\"369\">Art\u00edculo Producto<\/td>\n<td width=\"167\">COM<\/td>\n<td width=\"144\">CALLE<\/td>\n<td width=\"153\">HP<\/td>\n<td width=\"153\">JA<\/td>\n<td width=\"216\">Hz<\/td>\n<\/tr>\n<tr>\n<td width=\"369\">Clasificaci\u00f3n Tem(\u2103)<\/td>\n<td width=\"167\">1050<\/td>\n<td width=\"144\">1260<\/td>\n<td width=\"153\">1260<\/td>\n<td width=\"153\">1360<\/td>\n<td width=\"216\">1430<\/td>\n<\/tr>\n<tr>\n<td width=\"369\">Tiempo de trabajo (\u2103)<\/td>\n<td width=\"167\">950<\/td>\n<td width=\"144\">1050<\/td>\n<td width=\"153\">1100<\/td>\n<td width=\"153\">1200<\/td>\n<td width=\"216\">1350<\/td>\n<\/tr>\n<tr>\n<td width=\"369\">Color<\/td>\n<td width=\"167\">Blanco<\/td>\n<td width=\"144\">Blanco<\/td>\n<td width=\"153\">Blanco<\/td>\n<td width=\"153\">Blanco<\/td>\n<td width=\"216\">Blanco<\/td>\n<\/tr>\n<tr>\n<td width=\"369\">Soplado de di\u00e1metro de fibra (um)<\/td>\n<td width=\"167\">2&#8211;3<\/td>\n<td width=\"144\">2&#8211;3<\/td>\n<td width=\"153\">2&#8211;3<\/td>\n<td width=\"153\">2&#8211;3<\/td>\n<td width=\"216\">2&#8211;3<\/td>\n<\/tr>\n<tr>\n<td width=\"369\">Columpio de di\u00e1metro de fibra (um)<\/td>\n<td width=\"167\">3\u20144.5<\/td>\n<td width=\"144\">3\u20144.5<\/td>\n<td width=\"153\">3\u20144.5<\/td>\n<td width=\"153\">3&#8211;4<\/td>\n<td width=\"216\">3&#8211;4<\/td>\n<\/tr>\n<tr>\n<td width=\"369\">AL2O3\uff08%\uff09<\/td>\n<td width=\"167\">42&#8211;44<\/td>\n<td width=\"144\">45&#8211;46<\/td>\n<td width=\"153\">47&#8211;49<\/td>\n<td width=\"153\">52&#8211;55<\/td>\n<td width=\"216\">39&#8211;40<\/td>\n<\/tr>\n<tr>\n<td width=\"369\">AL2O3+SIO2\uff08%\uff09<\/td>\n<td width=\"167\">96<\/td>\n<td width=\"144\">97<\/td>\n<td width=\"153\">99<\/td>\n<td width=\"153\">99<\/td>\n<td width=\"216\">&#8212;&#8212;-<\/td>\n<\/tr>\n<tr>\n<td width=\"369\">AL2O3+SIO2+ZrO2\uff08%\uff09<\/td>\n<td width=\"167\">&#8212;&#8212;&#8211;<\/td>\n<td width=\"144\">&#8212;&#8212;-<\/td>\n<td width=\"153\">&#8212;&#8212;-<\/td>\n<td width=\"153\">&#8212;&#8212;&#8211;<\/td>\n<td width=\"216\">99<\/td>\n<\/tr>\n<tr>\n<td width=\"369\">ZrO2\uff08%\uff09<\/td>\n<td width=\"167\">&#8212;&#8212;&#8211;<\/td>\n<td width=\"144\">&#8212;&#8212;-<\/td>\n<td width=\"153\">&#8212;&#8212;-<\/td>\n<td width=\"153\">&#8212;&#8212;&#8211;<\/td>\n<td width=\"216\">15&#8211;17<\/td>\n<\/tr>\n<tr>\n<td width=\"369\">Fe2O3\uff08%\uff09<\/td>\n<td width=\"167\">\uff1c1.2<\/td>\n<td width=\"144\">\uff1c1.0<\/td>\n<td width=\"153\">0.2<\/td>\n<td width=\"153\">0.2<\/td>\n<td width=\"216\">0.2<\/td>\n<\/tr>\n<tr>\n<td width=\"369\">Na2O+K2O\uff08%\uff09<\/td>\n<td width=\"167\">\uff1c0.5<\/td>\n<td width=\"144\">\uff1c0.5<\/td>\n<td width=\"153\">0.2<\/td>\n<td width=\"153\">0.2<\/td>\n<td width=\"216\">0.2<\/td>\n<\/tr>\n<\/tbody>\n<\/table>\n<p>&nbsp;<\/p>\n<h3>Descripci\u00f3n del Producto<\/h3>\n<p>Algod\u00f3n de fibra de cer\u00e1mica, el algod\u00f3n de fibra de cer\u00e1mica en general a trav\u00e9s de las piedras preciosas de coque fusionadas, proceso de producci\u00f3n de seda de inyecci\u00f3n \/ rechazo de la fibrilaci\u00f3n. Algod\u00f3n de fibra cer\u00e1mica de alta pureza y alto contenido de al\u00famina a trav\u00e9s de la mezcla de al\u00famina fundida y s\u00edlice, proceso de producci\u00f3n de seda de inyecci\u00f3n \/ rechazo a partir de la fibrilaci\u00f3n. Algod\u00f3n de fibra cer\u00e1mica de circonio a trav\u00e9s de la mezcla de al\u00famina fundida, s\u00edlice y circonio, inyecci\u00f3n \/ rechazo de la producci\u00f3n de fibra de seda. El uso de inyecci\u00f3n en el proceso de producci\u00f3n de fibra de algod\u00f3n de fibra cer\u00e1mica para materias primas, fabricadas por proceso de formaci\u00f3n al vac\u00edo. Los textiles de fibra cer\u00e1mica son rechazo de fibra cer\u00e1mica est\u00e1ndar de algod\u00f3n. y son ideales para la producci\u00f3n de materias primas textiles.<\/p>\n<h3>Caracteristicas de producto<\/h3>\n<p>&nbsp;<\/p>\n<ul>\n<li>Baja capacidad calor\u00edfica, baja conductividad t\u00e9rmica.<\/li>\n<li>Excelente estabilidad qu\u00edmica.<\/li>\n<li>Excelente estabilidad t\u00e9rmica, la alta temperatura no es f\u00e1cil de pulverizar.<\/li>\n<li>Agentes no aglutinantes y sustancias corrosivas.<\/li>\n<li>Excelente naturaleza fonoabsorbente.<\/li>\n<\/ul>\n<h3>Aplicaciones del producto<\/h3>\n<ul>\n<li>Productos de mantas y tableros de fibra de materias primas.<\/li>\n<li>Materiales textiles de fibra.<\/li>\n<li>Horno de alta temperatura, dispositivos de calefacci\u00f3n, la pared que recubre el relleno del hueco.<\/li>\n<li>Productos h\u00famedos de materia prima.<\/li>\n<li>Pulverizaci\u00f3n de fibra, moldeable, materias primas para frotis.<\/li>\n<li>Esquina y complejidad del material de aislamiento que llena el espacio.<\/li>\n<\/ul>","protected":false},"excerpt":{"rendered":"<p>Categor\u00eda de producto Fibra cer\u00e1mica COM a granel -1050 Fibra cer\u00e1mica ST a granel -1260 Fibra cer\u00e1mica HP a granel -1260 Fibra cer\u00e1mica HA a granel -1360 Fibra cer\u00e1mica HZ a granel -1430 Especificaciones t\u00e9cnicas Art\u00edculo Producto COM ST HP HA HZ Clasificaci\u00f3n Tem(\u2103) 1050 1260 1260 1360 1430 Temperatura de trabajo (\u2103) 950 1050 1100 1200 1350 Color Blanco Blanco Blanco Blanco Blanco Di\u00e1metro de la fibra soplada\uff08um\uff09 2\u20133 2\u20133 2\u20133 [\u2026]<\/p>","protected":false},"featured_media":1710,"template":"","meta":{"site-sidebar-layout":"default","site-content-layout":"default","ast-site-content-layout":"","site-content-style":"default","site-sidebar-style":"default","ast-global-header-display":"","ast-banner-title-visibility":"","ast-main-header-display":"","ast-hfb-above-header-display":"","ast-hfb-below-header-display":"","ast-hfb-mobile-header-display":"","site-post-title":"","ast-breadcrumbs-content":"","ast-featured-img":"","footer-sml-layout":"","theme-transparent-header-meta":"default","adv-header-id-meta":"","stick-header-meta":"","header-above-stick-meta":"","header-main-stick-meta":"","header-below-stick-meta":"","astra-migrate-meta-layouts":"default","ast-page-background-enabled":"default","ast-page-background-meta":{"desktop":{"background-color":"","background-image":"","background-repeat":"repeat","background-position":"center center","background-size":"auto","background-attachment":"scroll","background-type":"","background-media":"","overlay-type":"","overlay-color":"","overlay-opacity":"","overlay-gradient":""},"tablet":{"background-color":"","background-image":"","background-repeat":"repeat","background-position":"center center","background-size":"auto","background-attachment":"scroll","background-type":"","background-media":"","overlay-type":"","overlay-color":"","overlay-opacity":"","overlay-gradient":""},"mobile":{"background-color":"","background-image":"","background-repeat":"repeat","background-position":"center center","background-size":"auto","background-attachment":"scroll","background-type":"","background-media":"","overlay-type":"","overlay-color":"","overlay-opacity":"","overlay-gradient":""}},"ast-content-background-meta":{"desktop":{"background-color":"var(--ast-global-color-5)","background-image":"","background-repeat":"repeat","background-position":"center center","background-size":"auto","background-attachment":"scroll","background-type":"","background-media":"","overlay-type":"","overlay-color":"","overlay-opacity":"","overlay-gradient":""},"tablet":{"background-color":"var(--ast-global-color-5)","background-image":"","background-repeat":"repeat","background-position":"center center","background-size":"auto","background-attachment":"scroll","background-type":"","background-media":"","overlay-type":"","overlay-color":"","overlay-opacity":"","overlay-gradient":""},"mobile":{"background-color":"var(--ast-global-color-5)","background-image":"","background-repeat":"repeat","background-position":"center center","background-size":"auto","background-attachment":"scroll","background-type":"","background-media":"","overlay-type":"","overlay-color":"","overlay-opacity":"","overlay-gradient":""}}},"product_brand":[],"product_cat":[24],"product_tag":[],"class_list":{"0":"post-1708","1":"product","2":"type-product","3":"status-publish","4":"has-post-thumbnail","6":"product_cat-ceramic-wool-2","7":"desktop-align-center","8":"tablet-align-left","9":"mobile-align-left","11":"first","12":"instock","13":"shipping-taxable","14":"product-type-simple"},"_links":{"self":[{"href":"https:\/\/yxwool.com\/es\/wp-json\/wp\/v2\/product\/1708","targetHints":{"allow":["GET"]}}],"collection":[{"href":"https:\/\/yxwool.com\/es\/wp-json\/wp\/v2\/product"}],"about":[{"href":"https:\/\/yxwool.com\/es\/wp-json\/wp\/v2\/types\/product"}],"wp:featuredmedia":[{"embeddable":true,"href":"https:\/\/yxwool.com\/es\/wp-json\/wp\/v2\/media\/1710"}],"wp:attachment":[{"href":"https:\/\/yxwool.com\/es\/wp-json\/wp\/v2\/media?parent=1708"}],"wp:term":[{"taxonomy":"product_brand","embeddable":true,"href":"https:\/\/yxwool.com\/es\/wp-json\/wp\/v2\/product_brand?post=1708"},{"taxonomy":"product_cat","embeddable":true,"href":"https:\/\/yxwool.com\/es\/wp-json\/wp\/v2\/product_cat?post=1708"},{"taxonomy":"product_tag","embeddable":true,"href":"https:\/\/yxwool.com\/es\/wp-json\/wp\/v2\/product_tag?post=1708"}],"curies":[{"name":"wp","href":"https:\/\/api.w.org\/{rel}","templated":true}]}}