{"id":1711,"date":"2023-07-18T13:51:49","date_gmt":"2023-07-18T13:51:49","guid":{"rendered":"http:\/\/yxwool.com\/?post_type=product&#038;p=1711"},"modified":"2023-07-18T13:51:52","modified_gmt":"2023-07-18T13:51:52","slug":"sealing-braided-ceramic-rope","status":"publish","type":"product","link":"https:\/\/yxwool.com\/es\/producto\/sealing-braided-ceramic-rope\/","title":{"rendered":"Sellado de cuerda de cer\u00e1mica trenzada"},"content":{"rendered":"<p><strong>Cuerda de fibra cer\u00e1mica<\/strong>\u00a0incluye cuerda trenzada cuadrada, cuerda trenzada redonda y cuerda retorcida. Todos est\u00e1n hechos de material de fibra cer\u00e1mica de alta calidad. La cuerda est\u00e1 reforzada con filamento de fibra de vidrio o alambre de aleaci\u00f3n de acero. La cuerda reforzada con filamento de fibra de vidrio puede funcionar a temperaturas inferiores a 650C con propiedades de aislamiento el\u00e9ctrico, mientras que el alambre de acero aleado puede funcionar a temperaturas de 1100C con mayor resistencia. Los textiles de fibra cer\u00e1mica (tela, cinta y cuerda) contienen una cierta cantidad de material aglutinante que normalmente se quema a una temperatura m\u00e1s baja y no afecta la propiedad de aislamiento. Los tres estilos diferentes est\u00e1n dise\u00f1ados para adaptarse a diferentes necesidades de aplicaci\u00f3n: la cuerda retorcida es una cuerda suave , mientras que la trenza cuadrada y redonda son m\u00e1s densas y s\u00f3lidas.<\/p>\n<h3>Propiedad del producto<\/h3>\n<ul>\n<li>Aislamiento t\u00e9rmico<\/li>\n<li>Baja conductividad t\u00e9rmica<\/li>\n<li>Excelente propiedad de tracci\u00f3n<\/li>\n<li>Alta temperatura de trabajo<\/li>\n<li>Excelente rendimiento de aislamiento el\u00e9ctrico.<\/li>\n<li>Excelente resistencia al \u00e1cido, aceite y vapor de agua<\/li>\n<\/ul>\n<h3>Solicitud<\/h3>\n<ul>\n<li>Cortina de horno de alta temperatura industrial.<\/li>\n<li>Aislamiento t\u00e9rmico de tuber\u00edas y contenedores de alta temperatura.<\/li>\n<li>Sello blando del tubo del horno de la industria petroqu\u00edmica<\/li>\n<li>Protecci\u00f3n de cable o tuber\u00eda de combustible<\/li>\n<li>Materiales de compuesto de protecci\u00f3n de alta temperatura.<\/li>\n<li>Paquete com\u00fan: 5 kg\/rollo; 50 kg\/bolsa tejida de pl\u00e1stico<\/li>\n<\/ul>\n<h3><strong><span data-spm-anchor-id=\"a2700.details.0.i41.369a6306osAqM3\">Datos t\u00e9cnicos\u00a0\u00a0<\/span><\/strong><\/h3>\n<table>\n<tbody>\n<tr>\n<td width=\"236\">Tipo de producto<\/td>\n<td colspan=\"2\" width=\"480\">1260\/1400<\/td>\n<td colspan=\"2\" width=\"600\">1260\/1400<\/td>\n<\/tr>\n<tr>\n<td width=\"236\">Nombre del producto<\/td>\n<td colspan=\"2\" width=\"480\">Tela de fibra cer\u00e1mica<\/td>\n<td colspan=\"2\" width=\"600\">Tira de fibra cer\u00e1mica<\/td>\n<\/tr>\n<tr>\n<td width=\"236\">Densidad<\/td>\n<td colspan=\"2\" width=\"480\">400\u2014550 550\u2014630<\/td>\n<td colspan=\"2\" width=\"600\">550<\/td>\n<\/tr>\n<tr>\n<td width=\"236\">Especificaci\u00f3n<\/td>\n<td colspan=\"2\" width=\"480\">3000*1000\/1500*2&#8212;10<\/td>\n<td colspan=\"2\" width=\"600\">3000*(20&#8212;150)*(2&#8212;10)<\/td>\n<\/tr>\n<tr>\n<td width=\"236\">Nombre del producto<\/td>\n<td width=\"240\">Cuerda redonda de fibra cer\u00e1mica<\/td>\n<td width=\"240\">Cuerda trenzada de fibra cer\u00e1mica<\/td>\n<td width=\"258\">Cuerda cuadrada de fibra cer\u00e1mica<\/td>\n<td width=\"342\">Funda de fibra cer\u00e1mica<\/td>\n<\/tr>\n<tr>\n<td width=\"236\">Densidad<\/td>\n<td width=\"240\">500&#8211;600<\/td>\n<td width=\"240\">500&#8211;600<\/td>\n<td width=\"258\">500&#8211;600<\/td>\n<td width=\"342\">300&#8211;500<\/td>\n<\/tr>\n<tr>\n<td width=\"236\">Especificaci\u00f3n<\/td>\n<td colspan=\"2\" width=\"480\">\u03a66\u2014100<\/td>\n<td width=\"258\">6*6&#8212;100*100<\/td>\n<td width=\"342\">De acuerdo a la orden<\/td>\n<\/tr>\n<\/tbody>\n<\/table>\n<p>&nbsp;<\/p>","protected":false},"excerpt":{"rendered":"<p>La cuerda de fibra cer\u00e1mica incluye cuerda trenzada cuadrada, cuerda trenzada redonda y cuerda torcida. Todas est\u00e1n hechas de fibra cer\u00e1mica de alta calidad. La cuerda est\u00e1 reforzada con filamento de fibra de vidrio o alambre de acero aleado. La cuerda reforzada con filamento de fibra de vidrio puede funcionar a temperaturas inferiores a 650 \u00b0C con propiedades de aislamiento el\u00e9ctrico, mientras que el alambre de acero aleado puede funcionar a [\u2026]<\/p>","protected":false},"featured_media":1712,"template":"","meta":{"site-sidebar-layout":"default","site-content-layout":"default","ast-site-content-layout":"","site-content-style":"default","site-sidebar-style":"default","ast-global-header-display":"","ast-banner-title-visibility":"","ast-main-header-display":"","ast-hfb-above-header-display":"","ast-hfb-below-header-display":"","ast-hfb-mobile-header-display":"","site-post-title":"","ast-breadcrumbs-content":"","ast-featured-img":"","footer-sml-layout":"","theme-transparent-header-meta":"default","adv-header-id-meta":"","stick-header-meta":"","header-above-stick-meta":"","header-main-stick-meta":"","header-below-stick-meta":"","astra-migrate-meta-layouts":"default","ast-page-background-enabled":"default","ast-page-background-meta":{"desktop":{"background-color":"","background-image":"","background-repeat":"repeat","background-position":"center center","background-size":"auto","background-attachment":"scroll","background-type":"","background-media":"","overlay-type":"","overlay-color":"","overlay-opacity":"","overlay-gradient":""},"tablet":{"background-color":"","background-image":"","background-repeat":"repeat","background-position":"center center","background-size":"auto","background-attachment":"scroll","background-type":"","background-media":"","overlay-type":"","overlay-color":"","overlay-opacity":"","overlay-gradient":""},"mobile":{"background-color":"","background-image":"","background-repeat":"repeat","background-position":"center center","background-size":"auto","background-attachment":"scroll","background-type":"","background-media":"","overlay-type":"","overlay-color":"","overlay-opacity":"","overlay-gradient":""}},"ast-content-background-meta":{"desktop":{"background-color":"var(--ast-global-color-5)","background-image":"","background-repeat":"repeat","background-position":"center center","background-size":"auto","background-attachment":"scroll","background-type":"","background-media":"","overlay-type":"","overlay-color":"","overlay-opacity":"","overlay-gradient":""},"tablet":{"background-color":"var(--ast-global-color-5)","background-image":"","background-repeat":"repeat","background-position":"center center","background-size":"auto","background-attachment":"scroll","background-type":"","background-media":"","overlay-type":"","overlay-color":"","overlay-opacity":"","overlay-gradient":""},"mobile":{"background-color":"var(--ast-global-color-5)","background-image":"","background-repeat":"repeat","background-position":"center center","background-size":"auto","background-attachment":"scroll","background-type":"","background-media":"","overlay-type":"","overlay-color":"","overlay-opacity":"","overlay-gradient":""}}},"product_brand":[],"product_cat":[24],"product_tag":[],"class_list":{"0":"post-1711","1":"product","2":"type-product","3":"status-publish","4":"has-post-thumbnail","6":"product_cat-ceramic-wool-2","7":"desktop-align-center","8":"tablet-align-left","9":"mobile-align-left","11":"first","12":"instock","13":"shipping-taxable","14":"product-type-simple"},"_links":{"self":[{"href":"https:\/\/yxwool.com\/es\/wp-json\/wp\/v2\/product\/1711","targetHints":{"allow":["GET"]}}],"collection":[{"href":"https:\/\/yxwool.com\/es\/wp-json\/wp\/v2\/product"}],"about":[{"href":"https:\/\/yxwool.com\/es\/wp-json\/wp\/v2\/types\/product"}],"wp:featuredmedia":[{"embeddable":true,"href":"https:\/\/yxwool.com\/es\/wp-json\/wp\/v2\/media\/1712"}],"wp:attachment":[{"href":"https:\/\/yxwool.com\/es\/wp-json\/wp\/v2\/media?parent=1711"}],"wp:term":[{"taxonomy":"product_brand","embeddable":true,"href":"https:\/\/yxwool.com\/es\/wp-json\/wp\/v2\/product_brand?post=1711"},{"taxonomy":"product_cat","embeddable":true,"href":"https:\/\/yxwool.com\/es\/wp-json\/wp\/v2\/product_cat?post=1711"},{"taxonomy":"product_tag","embeddable":true,"href":"https:\/\/yxwool.com\/es\/wp-json\/wp\/v2\/product_tag?post=1711"}],"curies":[{"name":"wp","href":"https:\/\/api.w.org\/{rel}","templated":true}]}}