{"id":1882,"date":"2026-03-11T08:30:36","date_gmt":"2026-03-11T08:30:36","guid":{"rendered":"https:\/\/yxwool.com\/?post_type=product&#038;p=1882"},"modified":"2026-03-11T08:53:38","modified_gmt":"2026-03-11T08:53:38","slug":"density-100kg-m3-120kg-m3-mineral-fiber-pipe-meet-astm-c547-ii","status":"publish","type":"product","link":"https:\/\/yxwool.com\/es\/producto\/density-100kg-m3-120kg-m3-mineral-fiber-pipe-meet-astm-c547-ii\/","title":{"rendered":"Density 128kg\/m3  mineral fiber pipe  meet ASTM C547 II"},"content":{"rendered":"<div class=\"J_module\">\n<div class=\"detail-decorate-json-renderer-container\">\n<div class=\"magic-0\">\n<div class=\"magic-1\">\n<div class=\"magic-2\">\n<div class=\"magic-3\">\n<div class=\"magic-4\">\n<h1 data-spm-anchor-id=\"a2700.details.0.i36.118215a4oxeOMN\">Density 128kg\/m3 mineral fiber\u00a0 pipe insulation<\/h1>\n<\/div>\n<\/div>\n<\/div>\n<\/div>\n<\/div>\n<\/div>\n<\/div>\n<div class=\"J_module\">\n<div class=\"icbu-pc-images magic-6\">\n<div class=\"flex-layout-v\">\n<div class=\"flex-layout-h magic-6\">\n<div class=\"magic-7\">\n<figure id=\"attachment_1499\" class=\"wp-caption alignleft\" aria-describedby=\"caption-attachment-1499\"><img fetchpriority=\"high\" decoding=\"async\" class=\"wp-image-1499\" src=\"http:\/\/yxwool.com\/wp-content\/uploads\/2023\/07\/H69ebc5db694842e8a5d5408050882941l.jpg\" sizes=\"(max-width: 1200px) 100vw, 1200px\" srcset=\"http:\/\/yxwool.com\/wp-content\/uploads\/2023\/07\/H69ebc5db694842e8a5d5408050882941l.jpg 750w, http:\/\/yxwool.com\/wp-content\/uploads\/2023\/07\/H69ebc5db694842e8a5d5408050882941l-229x300.jpg 229w, http:\/\/yxwool.com\/wp-content\/uploads\/2023\/07\/H69ebc5db694842e8a5d5408050882941l-600x786.jpg 600w\" alt=\"rock wool tube\" width=\"1200\" height=\"1571\" \/><figcaption id=\"caption-attachment-1499\" class=\"wp-caption-text\">tubo de lana de roca<\/figcaption><\/figure>\n<\/div>\n<\/div>\n<\/div>\n<\/div>\n<\/div>\n<div class=\"J_module\">\n<div id=\"ali-anchor-AliMagic-v6nxqi\" class=\"magic-9\" data-section=\"AliMagic-v6nxqi\" data-section-title=\"Product Description\"><\/div>\n<\/div>\n<div class=\"J_module\">\n<div class=\"detail-decorate-json-renderer-container\">\n<div class=\"magic-0\">\n<h3 class=\"magic-10\"><span class=\"magic-11\">Tuber\u00eda de aislamiento de lana de roca\u00a0<span class=\"magic-12\">Descripci\u00f3n general<\/span><\/span><\/h3>\n<div class=\"magic-1\">\n<div class=\"magic-2\">\n<div class=\"magic-3\">\n<div class=\"magic-13\"><\/div>\n<div class=\"magic-13\"><\/div>\n<div class=\"magic-15\"><b>YUXING<sup>\u00ae<\/sup>\u00a0Tubo de lana de roca<\/b>\u00a0est\u00e1 fabricado con aislamiento de lana mineral, ofrece protecci\u00f3n celul\u00f3sica contra m\u00faltiples riesgos, con excelentes cualidades t\u00e9rmicas y ac\u00fasticas, as\u00ed como una importante resistencia a la humedad. Se utilizan para el aislamiento t\u00e9rmico de tuber\u00edas industriales, instalaciones de calefacci\u00f3n central y energ\u00eda solar, para el aislamiento contra heladas y condensaciones de las tuber\u00edas y para el aislamiento ac\u00fastico y antivibratorio de las tuber\u00edas de agua a presi\u00f3n.<\/div>\n<div><\/div>\n<\/div>\n<\/div>\n<\/div>\n<\/div>\n<\/div>\n<\/div>\n<div class=\"J_module\">\n<div class=\"detail-decorate-json-renderer-container\">\n<div class=\"magic-0\">\n<div class=\"magic-1\">\n<div class=\"magic-2\">\n<div class=\"magic-3\"><span class=\"magic-16\"><b class=\"magic-12\"><span class=\"magic-17\">Especificaci\u00f3n de la tuber\u00eda de aislamiento de lana de roca<\/span><\/b><\/span><\/div>\n<\/div>\n<\/div>\n<\/div>\n<\/div>\n<\/div>\n<div class=\"J_module\">\n<div class=\"ife-detail-decorate-table\">\n<table class=\"has-title is-zebra hight-light-first-column all magic-18\">\n<tbody>\n<tr>\n<td colspan=\"1\" rowspan=\"1\">\n<div class=\"magic-19\">\n<div class=\"magic-4\"><b>ART\u00cdCULO<\/b><\/div>\n<\/div>\n<\/td>\n<td colspan=\"1\" rowspan=\"1\">\n<div class=\"magic-20\">\n<div class=\"magic-4\"><b>UNIDAD<\/b><\/div>\n<\/div>\n<\/td>\n<td colspan=\"1\" rowspan=\"1\">\n<div class=\"magic-21\">\n<div class=\"magic-4\"><b>ESPECIFICACIONES<\/b><\/div>\n<\/div>\n<\/td>\n<\/tr>\n<tr>\n<td colspan=\"1\" rowspan=\"1\">\n<div class=\"magic-19\">\n<div class=\"magic-4\">Densidad<\/div>\n<\/div>\n<\/td>\n<td colspan=\"1\" rowspan=\"1\">\n<div class=\"magic-20\">\n<div class=\"magic-4\" data-spm-anchor-id=\"0.0.0.i31.43af4f053e8aw5\">kg\/m2<sup>3<\/sup><\/div>\n<\/div>\n<\/td>\n<td colspan=\"1\" rowspan=\"1\">\n<div class=\"magic-21\">\n<div class=\"magic-4\" data-spm-anchor-id=\"0.0.0.i32.43af4f053e8aw5\">80-150<\/div>\n<\/div>\n<\/td>\n<\/tr>\n<tr>\n<td colspan=\"1\" rowspan=\"1\">\n<div class=\"magic-19\">\n<div class=\"magic-4\">Longitud<\/div>\n<\/div>\n<\/td>\n<td colspan=\"1\" rowspan=\"1\">\n<div class=\"magic-20\">\n<div class=\"magic-4\" data-spm-anchor-id=\"a2700.pc-decorate.0.i28.29973333wdI7cC\">metro<\/div>\n<\/div>\n<\/td>\n<td colspan=\"1\" rowspan=\"1\">\n<div class=\"magic-21\">\n<div class=\"magic-4\" data-spm-anchor-id=\"0.0.0.i35.43af4f053e8aw5\">1<\/div>\n<\/div>\n<\/td>\n<\/tr>\n<tr>\n<td colspan=\"1\" rowspan=\"1\">\n<div class=\"magic-19\">\n<div class=\"magic-4\" data-spm-anchor-id=\"a2700.pc-decorate.0.i26.29973333wdI7cC\">Di\u00e1metro interno<\/div>\n<\/div>\n<\/td>\n<td colspan=\"1\" rowspan=\"1\">\n<div class=\"magic-20\">\n<div class=\"magic-4\" data-spm-anchor-id=\"a2700.pc-decorate.0.i25.29973333wdI7cC\">mil\u00edmetro<\/div>\n<\/div>\n<\/td>\n<td colspan=\"1\" rowspan=\"1\">\n<div class=\"magic-21\">\n<div class=\"magic-4\" data-spm-anchor-id=\"0.0.0.i34.43af4f053e8aw5\">22-910<\/div>\n<\/div>\n<\/td>\n<\/tr>\n<tr>\n<td colspan=\"1\" rowspan=\"1\">\n<div class=\"magic-22\">\n<div class=\"magic-4\" data-spm-anchor-id=\"0.0.0.i36.43af4f053e8aw5\">Espesor<\/div>\n<\/div>\n<\/td>\n<td colspan=\"1\" rowspan=\"1\">\n<div class=\"magic-23\">\n<div class=\"magic-4\" data-spm-anchor-id=\"0.0.0.i44.43af4f053e8aw5\">mil\u00edmetro<\/div>\n<\/div>\n<\/td>\n<td colspan=\"1\" rowspan=\"1\">\n<div class=\"magic-24\">\n<div class=\"magic-4\" data-spm-anchor-id=\"0.0.0.i42.43af4f053e8aw5\">25-150<\/div>\n<\/div>\n<\/td>\n<\/tr>\n<tr>\n<td colspan=\"3\" rowspan=\"1\">\n<div class=\"magic-25\">\n<div class=\"magic-4\" data-spm-anchor-id=\"0.0.0.i43.43af4f053e8aw5\"><i data-spm-anchor-id=\"0.0.0.i46.43af4f053e8aw5\">\u00a0<b>Nota:<\/b>\u00a0Los productos personalizados est\u00e1n disponibles bajo consulta.<\/i><\/div>\n<\/div>\n<\/td>\n<\/tr>\n<\/tbody>\n<\/table>\n<\/div>\n<\/div>\n<div class=\"J_module\">\n<div class=\"icbu-pc-images magic-6\">\n<div class=\"flex-layout-v\">\n<div class=\"flex-layout-h magic-6\">\n<div class=\"magic-29\"><img decoding=\"async\" class=\"alignleft wp-image-1500\" src=\"http:\/\/yxwool.com\/wp-content\/uploads\/2023\/07\/bec51a23-cde3-4bd3-822f-392c70fc718b.jpg\" sizes=\"(max-width: 1200px) 100vw, 1200px\" srcset=\"http:\/\/yxwool.com\/wp-content\/uploads\/2023\/07\/bec51a23-cde3-4bd3-822f-392c70fc718b.jpg 690w, http:\/\/yxwool.com\/wp-content\/uploads\/2023\/07\/bec51a23-cde3-4bd3-822f-392c70fc718b-300x300.jpg 300w, http:\/\/yxwool.com\/wp-content\/uploads\/2023\/07\/bec51a23-cde3-4bd3-822f-392c70fc718b-150x150.jpg 150w, http:\/\/yxwool.com\/wp-content\/uploads\/2023\/07\/bec51a23-cde3-4bd3-822f-392c70fc718b-600x600.jpg 600w, http:\/\/yxwool.com\/wp-content\/uploads\/2023\/07\/bec51a23-cde3-4bd3-822f-392c70fc718b-100x100.jpg 100w\" alt=\"\" width=\"1200\" height=\"1200\" \/><\/div>\n<\/div>\n<\/div>\n<\/div>\n<\/div>\n<div class=\"J_module\">\n<div class=\"icbu-pc-images magic-6\">\n<div class=\"flex-layout-v\">\n<div class=\"flex-layout-h magic-6\">\n<div class=\"magic-31\"><img decoding=\"async\" class=\"alignleft wp-image-1501\" src=\"http:\/\/yxwool.com\/wp-content\/uploads\/2023\/07\/%E8%AF%A6%E6%83%85%E9%A1%B5-1.jpg\" sizes=\"(max-width: 1200px) 100vw, 1200px\" srcset=\"http:\/\/yxwool.com\/wp-content\/uploads\/2023\/07\/\u8be6\u60c5\u9875-1.jpg 750w, http:\/\/yxwool.com\/wp-content\/uploads\/2023\/07\/\u8be6\u60c5\u9875-1-176x300.jpg 176w, http:\/\/yxwool.com\/wp-content\/uploads\/2023\/07\/\u8be6\u60c5\u9875-1-600x1024.jpg 600w\" alt=\"\" width=\"1200\" height=\"2048\" \/><\/div>\n<\/div>\n<\/div>\n<\/div>\n<\/div>\n<div class=\"J_module\">\n<div class=\"icbu-pc-images magic-6\">\n<div class=\"flex-layout-v\">\n<div class=\"flex-layout-h magic-6\">\n<div class=\"magic-33\"><\/div>\n<\/div>\n<\/div>\n<\/div>\n<\/div>\n<div class=\"J_module\">\n<div class=\"detail-decorate-json-renderer-container\">\n<div class=\"magic-0\">\n<div class=\"magic-1\">\n<div class=\"magic-2\">\n<div class=\"magic-3\"><span class=\"magic-35\"><b class=\"magic-12\"><span class=\"magic-16\">Rendimiento t\u00e9cnico de la tuber\u00eda de aislamiento de lana de roca<\/span><\/b><\/span><\/div>\n<\/div>\n<\/div>\n<\/div>\n<\/div>\n<\/div>\n<div class=\"J_module\">\n<div class=\"ife-detail-decorate-table\">\n<table class=\"has-title is-zebra hight-light-first-column all magic-18\">\n<tbody>\n<tr>\n<td colspan=\"2\" rowspan=\"1\">\n<div class=\"magic-36\">\n<div class=\"magic-4\" data-spm-anchor-id=\"0.0.0.i8.43af4f05Sn5kzc\"><b>Elemento de prueba<\/b><\/div>\n<\/div>\n<\/td>\n<td colspan=\"1\" rowspan=\"1\">\n<div class=\"magic-38\">\n<div class=\"magic-4\" data-spm-anchor-id=\"0.0.0.i20.43af4f05PSnqdV\"><b data-spm-anchor-id=\"0.0.0.i105.43af4f05lxNjOD\">Unidad<\/b><\/div>\n<\/div>\n<\/td>\n<td colspan=\"1\" rowspan=\"1\">\n<div class=\"magic-39\">\n<div class=\"magic-4\"><b data-spm-anchor-id=\"a2700.pc-decorate.0.i1.50d53333EAQedn\">Valor de prueba<\/b><\/div>\n<\/div>\n<\/td>\n<td colspan=\"1\" rowspan=\"1\">\n<div class=\"magic-40\">\n<div class=\"magic-4\"><b data-spm-anchor-id=\"0.0.0.i3.43af4f05Sn5kzc\">M\u00e9todo de prueba<\/b><\/div>\n<\/div>\n<\/td>\n<\/tr>\n<tr>\n<td colspan=\"2\" rowspan=\"1\">\n<div class=\"magic-36\">Conductividad t\u00e9rmica<\/div>\n<\/td>\n<td colspan=\"1\" rowspan=\"1\">\n<div class=\"magic-38\">\n<div class=\"magic-4\">(W\/m\u00b7K)<\/div>\n<\/div>\n<\/td>\n<td colspan=\"1\" rowspan=\"1\">\n<div class=\"magic-37\">\n<div class=\"magic-4\" data-spm-anchor-id=\"0.0.0.i19.43af4f05PSnqdV\">0.034-0.043<\/div>\n<\/div>\n<\/td>\n<td colspan=\"1\" rowspan=\"1\">\n<div class=\"magic-40\">\n<div class=\"magic-4\">ASTM C177\/C518<\/div>\n<\/div>\n<\/td>\n<\/tr>\n<tr>\n<td colspan=\"2\" rowspan=\"1\">\n<div class=\"magic-36\">Temperatura m\u00e1xima de servicio<\/div>\n<\/td>\n<td colspan=\"1\" rowspan=\"1\">\n<div class=\"magic-38\">\n<div class=\"magic-4\">\u2103<\/div>\n<\/div>\n<\/td>\n<td colspan=\"1\" rowspan=\"1\">\n<div class=\"magic-39\">\n<div class=\"magic-4\" data-spm-anchor-id=\"a2700.pc-decorate.0.i4.29973333uSf262\">750<\/div>\n<\/div>\n<\/td>\n<td colspan=\"1\" rowspan=\"1\">\n<div class=\"magic-40\">\n<div class=\"magic-4\">ASTM C411<\/div>\n<\/div>\n<\/td>\n<\/tr>\n<tr>\n<td colspan=\"2\" rowspan=\"1\">\n<div class=\"magic-36\">Resistencia a la compresi\u00f3n (deformaci\u00f3n 10%)<\/div>\n<\/td>\n<td colspan=\"1\" rowspan=\"1\">\n<div class=\"magic-38\">\n<div class=\"magic-4\">kPa<\/div>\n<\/div>\n<\/td>\n<td colspan=\"1\" rowspan=\"1\">\n<div class=\"magic-39\">\n<div class=\"magic-4\">\u226540<\/div>\n<\/div>\n<\/td>\n<td colspan=\"1\" rowspan=\"1\">\n<div class=\"magic-40\">\n<div class=\"magic-4\">ASTM C165<\/div>\n<\/div>\n<\/td>\n<\/tr>\n<tr>\n<td colspan=\"1\" rowspan=\"2\">\n<div class=\"magic-41\">Caracter\u00edstica de combusti\u00f3n superficial<\/div>\n<\/td>\n<td colspan=\"1\" rowspan=\"1\">\n<div class=\"magic-37\">\u00cdndice de propagaci\u00f3n de llamas<\/div>\n<\/td>\n<td colspan=\"1\" rowspan=\"1\">\n<div class=\"magic-38\">\n<div class=\"magic-4\">\u2013<\/div>\n<\/div>\n<\/td>\n<td colspan=\"1\" rowspan=\"1\">\n<div class=\"magic-39\">\n<div class=\"magic-4\">0<\/div>\n<\/div>\n<\/td>\n<td colspan=\"1\" rowspan=\"1\">\n<div class=\"magic-40\">\n<div class=\"magic-4\">ASTME84<\/div>\n<\/div>\n<\/td>\n<\/tr>\n<tr>\n<td colspan=\"1\" rowspan=\"1\">\n<div class=\"magic-39\">\u00cdndice de desarrollo de humo<\/div>\n<\/td>\n<td colspan=\"1\" rowspan=\"1\">\n<div class=\"magic-38\">\n<div class=\"magic-4\">\u2013<\/div>\n<\/div>\n<\/td>\n<td colspan=\"1\" rowspan=\"1\">\n<div class=\"magic-37\">\n<div class=\"magic-4\">0<\/div>\n<\/div>\n<\/td>\n<td colspan=\"1\" rowspan=\"1\">\n<div class=\"magic-40\">\n<div class=\"magic-4\">ASTME84<\/div>\n<\/div>\n<\/td>\n<\/tr>\n<tr>\n<td colspan=\"2\" rowspan=\"1\">\n<div class=\"magic-36\">Contenido de toma<\/div>\n<\/td>\n<td colspan=\"1\" rowspan=\"1\">\n<div class=\"magic-38\">\n<div class=\"magic-4\" data-spm-anchor-id=\"a2700.pc-decorate.0.i7.50d53333s17pdC\">%<\/div>\n<\/div>\n<\/td>\n<td colspan=\"1\" rowspan=\"1\">\n<div class=\"magic-39\">\n<div class=\"magic-4\" data-spm-anchor-id=\"0.0.0.i11.43af4f05PSnqdV\">\u22647<\/div>\n<\/div>\n<\/td>\n<td colspan=\"1\" rowspan=\"1\">\n<div class=\"magic-40\">\n<div class=\"magic-4\" data-spm-anchor-id=\"a2700.pc-decorate.0.i2.50d53333vWChka\">ASTM C612<\/div>\n<\/div>\n<\/td>\n<\/tr>\n<tr>\n<td colspan=\"2\" rowspan=\"1\">\n<div class=\"magic-36\">Relaci\u00f3n de acidez<\/div>\n<\/td>\n<td colspan=\"1\" rowspan=\"1\">\n<div class=\"magic-38\">\n<div class=\"magic-4\" data-spm-anchor-id=\"a2700.pc-decorate.0.i5.50d53333EAQedn\">\u2013<\/div>\n<\/div>\n<\/td>\n<td colspan=\"1\" rowspan=\"1\">\n<div class=\"magic-39\">\n<div class=\"magic-4\" data-spm-anchor-id=\"a2700.pc-decorate.0.i1.50d53333InZYlK\">\u22651,8<\/div>\n<\/div>\n<\/td>\n<td colspan=\"1\" rowspan=\"1\">\n<div class=\"magic-42\">\n<div class=\"magic-4\">GB\/T 5480<\/div>\n<\/div>\n<\/td>\n<\/tr>\n<tr>\n<td colspan=\"1\" rowspan=\"3\">\n<div class=\"magic-43\">Salud y seguridad<\/div>\n<\/td>\n<td colspan=\"1\" rowspan=\"1\">\n<div class=\"magic-37\">Resistencia a hongos<\/div>\n<\/td>\n<td colspan=\"1\" rowspan=\"1\">\n<div class=\"magic-44\">\n<div class=\"magic-4\" data-spm-anchor-id=\"a2700.pc-decorate.0.i8.50d53333s17pdC\">\u2013<\/div>\n<\/div>\n<\/td>\n<td colspan=\"1\" rowspan=\"1\">\n<div class=\"magic-39\">\n<div class=\"magic-4\" data-spm-anchor-id=\"a2700.pc-decorate.0.i0.50d53333EAQedn\">Sin bacterias<\/div>\n<\/div>\n<\/td>\n<td colspan=\"1\" rowspan=\"1\">\n<div class=\"magic-40\">\n<div class=\"magic-4\">ASTM C1338<\/div>\n<\/div>\n<\/td>\n<\/tr>\n<tr>\n<td colspan=\"1\" rowspan=\"1\">\n<div class=\"magic-37\">Emisi\u00f3n de olores<\/div>\n<\/td>\n<td colspan=\"1\" rowspan=\"1\">\n<div class=\"magic-38\">\n<div class=\"magic-4\" data-spm-anchor-id=\"a2700.pc-decorate.0.i9.50d53333s17pdC\">\u2013<\/div>\n<\/div>\n<\/td>\n<td colspan=\"1\" rowspan=\"1\">\n<div class=\"magic-39\">\n<div class=\"magic-4\" data-spm-anchor-id=\"a2700.pc-decorate.0.i11.4b2d3333bs0rRO\">Sin olor irritante.<\/div>\n<\/div>\n<\/td>\n<td colspan=\"1\" rowspan=\"1\">\n<div class=\"magic-40\">\n<div class=\"magic-4\">ASTM C665<\/div>\n<\/div>\n<\/td>\n<\/tr>\n<tr>\n<td colspan=\"1\" rowspan=\"1\">\n<div class=\"magic-37\">Resistencia a la corrosi\u00f3n<\/div>\n<\/td>\n<td colspan=\"1\" rowspan=\"1\">\n<div class=\"magic-38\">\n<div class=\"magic-4\">\u2013<\/div>\n<\/div>\n<\/td>\n<td colspan=\"1\" rowspan=\"1\">\n<div class=\"magic-39\">\n<div class=\"magic-4\">Sin reacci\u00f3n qu\u00edmica<\/div>\n<\/div>\n<\/td>\n<td colspan=\"1\" rowspan=\"1\">\n<div class=\"magic-40\">\n<div class=\"magic-4\">ASTM C665<\/div>\n<\/div>\n<\/td>\n<\/tr>\n<tr>\n<td colspan=\"2\" rowspan=\"2\">\n<div class=\"magic-36\">Absorci\u00f3n de humedad<\/div>\n<\/td>\n<td colspan=\"1\" rowspan=\"1\">\n<div class=\"magic-38\">\n<div class=\"magic-4\" data-spm-anchor-id=\"0.0.0.i1.43af4f05PSnqdV\">% por peso<\/div>\n<\/div>\n<\/td>\n<td colspan=\"1\" rowspan=\"1\">\n<div class=\"magic-39\">\n<div class=\"magic-4\">\u22641<\/div>\n<\/div>\n<\/td>\n<td colspan=\"1\" rowspan=\"1\">\n<div class=\"magic-40\">\n<div class=\"magic-4\">ASTM C1104\/1104M<\/div>\n<\/div>\n<\/td>\n<\/tr>\n<tr>\n<td colspan=\"1\" rowspan=\"1\">\n<div class=\"magic-38\">\n<div class=\"magic-4\" data-spm-anchor-id=\"0.0.0.i2.43af4f05PSnqdV\">% por volumen<\/div>\n<\/div>\n<\/td>\n<td colspan=\"1\" rowspan=\"1\">\n<div class=\"magic-37\">\n<div class=\"magic-4\" data-spm-anchor-id=\"a2700.pc-decorate.0.i13.50d53333s17pdC\">\u22641<\/div>\n<\/div>\n<\/td>\n<td colspan=\"1\" rowspan=\"1\">\n<div class=\"magic-40\">\n<div class=\"magic-4\">ASTM C1104\/1104M<\/div>\n<\/div>\n<\/td>\n<\/tr>\n<tr>\n<td colspan=\"2\" rowspan=\"1\">\n<div class=\"magic-36\">Tasa hidrof\u00f3bica<\/div>\n<\/td>\n<td colspan=\"1\" rowspan=\"1\">\n<div class=\"magic-38\">\n<div class=\"magic-4\" data-spm-anchor-id=\"0.0.0.i6.43af4f05PSnqdV\">%<\/div>\n<\/div>\n<\/td>\n<td colspan=\"1\" rowspan=\"1\">\n<div class=\"magic-37\">\n<div class=\"magic-4\" data-spm-anchor-id=\"a2700.pc-decorate.0.i10.4b2d3333bs0rRO\">&gt;99<\/div>\n<\/div>\n<\/td>\n<td colspan=\"1\" rowspan=\"1\">\n<div class=\"magic-40\">\n<div class=\"magic-4\">GB\/T 10299<\/div>\n<\/div>\n<\/td>\n<\/tr>\n<tr>\n<td colspan=\"2\" rowspan=\"1\">\n<div class=\"magic-36\">Rendimiento contra incendios<\/div>\n<\/td>\n<td colspan=\"1\" rowspan=\"1\">\n<div class=\"magic-38\">\n<div class=\"magic-4\" data-spm-anchor-id=\"0.0.0.i7.43af4f05PSnqdV\">\u2013<\/div>\n<\/div>\n<\/td>\n<td colspan=\"1\" rowspan=\"1\">\n<div class=\"magic-39\">\n<div class=\"magic-4\" data-spm-anchor-id=\"a2700.pc-decorate.0.i14.50d53333s17pdC\">Incombustibilidad (Clase A1)<\/div>\n<\/div>\n<\/td>\n<td colspan=\"1\" rowspan=\"1\">\n<div class=\"magic-40\">\n<div class=\"magic-4\" data-spm-anchor-id=\"a2700.pc-decorate.0.i6.50d53333s17pdC\">EN13501-1 \/ BS 476 Parte 4<\/div>\n<\/div>\n<\/td>\n<\/tr>\n<\/tbody>\n<\/table>\n<\/div>\n<\/div>\n<div class=\"J_module\">\n<div class=\"detail-decorate-json-renderer-container\">\n<div class=\"magic-0\">\n<div class=\"magic-1\">\n<div class=\"magic-2\">\n<div class=\"magic-3\">Ventajas distintivas de la tuber\u00eda de aislamiento de lana de roca:<br \/>\n\u22c5 Muy econ\u00f3mico, aumentando la eficiencia energ\u00e9tica del edificio<br \/>\n\u22c5 Excelente resistencia t\u00e9rmica<br \/>\n\u22c5 No combustible, ign\u00edfugo, impermeable, insonorizado<br \/>\n\u22c5 F\u00e1cil de instalar<br \/>\n\u22c5 Peso ligero, f\u00e1cil manejo e instalaci\u00f3n en obra.<br \/>\n\u22c5 Aspecto atractivo<br \/>\n\u22c5 Resistente al envejecimiento<br \/>\n\u22c5 Buena absorci\u00f3n ac\u00fastica, sin corrosi\u00f3n<br \/>\n\u22c5 Ahorro de energ\u00eda, no da\u00f1a la protecci\u00f3n humana y ambiental.<br \/>\n\u22c5 Duradero para toda la vida<\/div>\n<\/div>\n<\/div>\n<\/div>\n<\/div>\n<\/div>\n<div class=\"J_module\">\n<div class=\"detail-decorate-json-renderer-container\">\n<div class=\"magic-0\">\n<div class=\"magic-46\">\n<div class=\"magic-2\">\n<div class=\"magic-3\"><\/div>\n<\/div>\n<\/div>\n<div class=\"magic-4\"><\/div>\n<\/div>\n<\/div>\n<\/div>\n<div class=\"J_module\">\n<div class=\"detail-decorate-json-renderer-container\">\n<div class=\"magic-0\">\n<h3 class=\"magic-10\"><span class=\"magic-16\"><span class=\"magic-17\">Aplicaciones de tuber\u00edas de aislamiento de lana de roca:<\/span><\/span><\/h3>\n<div class=\"magic-1\">\n<div class=\"magic-2\">\n<div class=\"magic-3\">\n<p><span class=\"magic-14\"><b>YUXING<sup class=\"magic-12\">\u00ae<\/sup><span class=\"magic-12\">\u00a0Tuber\u00eda de aislamiento de lana de roca<\/span><\/b>\u00a0es ampliamente utilizado para el aislamiento de sistemas de tuber\u00edas calientes, fr\u00edas, ocultas y expuestas que operan a temperaturas desde -20 \u00b0C hasta 450 \u00b0C, como l\u00edneas de refrigeraci\u00f3n, agua caliente, vapor y condensado. Ofrece la opci\u00f3n m\u00e1s rentable de sistemas mec\u00e1nicos de aislamiento en edificios comerciales, necesidades de aislamiento t\u00e9rmico y ac\u00fastico residencial e industrial, instalaciones y procesos industriales, petr\u00f3leo, industrias qu\u00edmicas o plantas de energ\u00eda.<\/span><\/p>\n<\/div>\n<\/div>\n<\/div>\n<\/div>\n<\/div>\n<\/div>\n<div class=\"J_module\">\n<div class=\"icbu-pc-images magic-6\">\n<div>\n<div class=\"flex-layout-v\">\n<div class=\"flex-layout-h magic-6\">\n<div class=\"magic-51\"><img loading=\"lazy\" decoding=\"async\" class=\"magic-52\" src=\"https:\/\/sc04.alicdn.com\/kf\/Hbe2502f33baa4742940b613e70b87fd1f\/240115170\/Hbe2502f33baa4742940b613e70b87fd1f.jpg\" width=\"1200\" height=\"1576\" data-src=\"\/\/sc04.alicdn.com\/kf\/Hbe2502f33baa4742940b613e70b87fd1f\/240115170\/Hbe2502f33baa4742940b613e70b87fd1f.jpg\" \/><\/div>\n<\/div>\n<\/div>\n<\/div>\n<\/div>\n<\/div>\n<div class=\"J_module\">\n<div class=\"icbu-pc-images magic-6\">\n<div>\n<div class=\"flex-layout-v\">\n<div class=\"flex-layout-h magic-6\">\n<div class=\"magic-53\"><img loading=\"lazy\" decoding=\"async\" class=\"magic-54\" src=\"https:\/\/sc04.alicdn.com\/kf\/H01f1f3c58a5a463a87d39668e9344861d\/240115170\/H01f1f3c58a5a463a87d39668e9344861d.jpg\" width=\"1200\" height=\"1432\" data-src=\"\/\/sc04.alicdn.com\/kf\/H01f1f3c58a5a463a87d39668e9344861d\/240115170\/H01f1f3c58a5a463a87d39668e9344861d.jpg\" data-spm-anchor-id=\"a2700.details.0.i43.5a65cadcRIB6lV\" \/><\/div>\n<\/div>\n<\/div>\n<\/div>\n<\/div>\n<\/div>","protected":false},"excerpt":{"rendered":"<p>Density 128kg\/m3 mineral fiber\u00a0 pipe insulation rock wool tube Rock Wool Insulation Pipe\u00a0Overview YUXING\u00ae\u00a0Rock Wool Pipe\u00a0is manufactured from mineral wool insulation, it offers cellulosic protection against many risks, with excellent thermal and acoustic qualities as well as important moisture resistance. They are used for the thermal insulation of industrial pipes, central heating and solar energy [&hellip;]<\/p>","protected":false},"featured_media":1505,"template":"","meta":{"site-sidebar-layout":"default","site-content-layout":"default","ast-site-content-layout":"default","site-content-style":"default","site-sidebar-style":"default","ast-global-header-display":"","ast-banner-title-visibility":"","ast-main-header-display":"","ast-hfb-above-header-display":"","ast-hfb-below-header-display":"","ast-hfb-mobile-header-display":"","site-post-title":"","ast-breadcrumbs-content":"","ast-featured-img":"","footer-sml-layout":"","theme-transparent-header-meta":"default","adv-header-id-meta":"","stick-header-meta":"","header-above-stick-meta":"","header-main-stick-meta":"","header-below-stick-meta":"","astra-migrate-meta-layouts":"set","ast-page-background-enabled":"default","ast-page-background-meta":{"desktop":{"background-color":"","background-image":"","background-repeat":"repeat","background-position":"center center","background-size":"auto","background-attachment":"scroll","background-type":"","background-media":"","overlay-type":"","overlay-color":"","overlay-opacity":"","overlay-gradient":""},"tablet":{"background-color":"","background-image":"","background-repeat":"repeat","background-position":"center center","background-size":"auto","background-attachment":"scroll","background-type":"","background-media":"","overlay-type":"","overlay-color":"","overlay-opacity":"","overlay-gradient":""},"mobile":{"background-color":"","background-image":"","background-repeat":"repeat","background-position":"center center","background-size":"auto","background-attachment":"scroll","background-type":"","background-media":"","overlay-type":"","overlay-color":"","overlay-opacity":"","overlay-gradient":""}},"ast-content-background-meta":{"desktop":{"background-color":"var(--ast-global-color-5)","background-image":"","background-repeat":"repeat","background-position":"center center","background-size":"auto","background-attachment":"scroll","background-type":"","background-media":"","overlay-type":"","overlay-color":"","overlay-opacity":"","overlay-gradient":""},"tablet":{"background-color":"var(--ast-global-color-5)","background-image":"","background-repeat":"repeat","background-position":"center center","background-size":"auto","background-attachment":"scroll","background-type":"","background-media":"","overlay-type":"","overlay-color":"","overlay-opacity":"","overlay-gradient":""},"mobile":{"background-color":"var(--ast-global-color-5)","background-image":"","background-repeat":"repeat","background-position":"center center","background-size":"auto","background-attachment":"scroll","background-type":"","background-media":"","overlay-type":"","overlay-color":"","overlay-opacity":"","overlay-gradient":""}}},"product_brand":[],"product_cat":[22],"product_tag":[],"class_list":{"0":"post-1882","1":"product","2":"type-product","3":"status-publish","4":"has-post-thumbnail","6":"product_cat-rock-wool","7":"desktop-align-center","8":"tablet-align-left","9":"mobile-align-left","11":"first","12":"instock","13":"shipping-taxable","14":"product-type-simple"},"_links":{"self":[{"href":"https:\/\/yxwool.com\/es\/wp-json\/wp\/v2\/product\/1882","targetHints":{"allow":["GET"]}}],"collection":[{"href":"https:\/\/yxwool.com\/es\/wp-json\/wp\/v2\/product"}],"about":[{"href":"https:\/\/yxwool.com\/es\/wp-json\/wp\/v2\/types\/product"}],"wp:featuredmedia":[{"embeddable":true,"href":"https:\/\/yxwool.com\/es\/wp-json\/wp\/v2\/media\/1505"}],"wp:attachment":[{"href":"https:\/\/yxwool.com\/es\/wp-json\/wp\/v2\/media?parent=1882"}],"wp:term":[{"taxonomy":"product_brand","embeddable":true,"href":"https:\/\/yxwool.com\/es\/wp-json\/wp\/v2\/product_brand?post=1882"},{"taxonomy":"product_cat","embeddable":true,"href":"https:\/\/yxwool.com\/es\/wp-json\/wp\/v2\/product_cat?post=1882"},{"taxonomy":"product_tag","embeddable":true,"href":"https:\/\/yxwool.com\/es\/wp-json\/wp\/v2\/product_tag?post=1882"}],"curies":[{"name":"wp","href":"https:\/\/api.w.org\/{rel}","templated":true}]}}