{"id":1261,"date":"2023-07-03T01:48:54","date_gmt":"2023-07-03T01:48:54","guid":{"rendered":"http:\/\/yxwool.com\/?post_type=product&#038;p=1261"},"modified":"2023-07-03T02:05:27","modified_gmt":"2023-07-03T02:05:27","slug":"cheap-and-high-quality-glass-wool","status":"publish","type":"product","link":"https:\/\/yxwool.com\/fr\/produit\/cheap-and-high-quality-glass-wool\/","title":{"rendered":"Laine de verre bon march\u00e9 et de haute qualit\u00e9"},"content":{"rendered":"<div class=\"J_module\">\n<div class=\"icbu-pc-images magic-1\">\n<div>\n<div class=\"flex-layout-v\">\n<div class=\"flex-layout-h magic-1\">\n<div class=\"magic-2\"><img fetchpriority=\"high\" decoding=\"async\" class=\"magic-5\" style=\"font-style: inherit; font-weight: inherit;\" src=\"https:\/\/sc04.alicdn.com\/kf\/Hacdd9c0ce340420184ce8905208121c0k\/272098670\/Hacdd9c0ce340420184ce8905208121c0k.jpg\" width=\"1664\" height=\"1664\" data-src=\"\/\/sc04.alicdn.com\/kf\/Hacdd9c0ce340420184ce8905208121c0k\/272098670\/Hacdd9c0ce340420184ce8905208121c0k.jpg\" \/><\/div>\n<\/div>\n<\/div>\n<\/div>\n<\/div>\n<\/div>\n<div class=\"J_module\">\n<div class=\"icbu-pc-images magic-1\">\n<div>\n<div class=\"flex-layout-v\">\n<div class=\"flex-layout-h magic-1\">\n<div class=\"magic-4\"><img decoding=\"async\" class=\"magic-5\" src=\"https:\/\/sc04.alicdn.com\/kf\/H03182cacb5ea43d39ff2cad97adf9852A\/272098670\/H03182cacb5ea43d39ff2cad97adf9852A.jpg\" width=\"1415\" height=\"1415\" data-src=\"\/\/sc04.alicdn.com\/kf\/H03182cacb5ea43d39ff2cad97adf9852A\/272098670\/H03182cacb5ea43d39ff2cad97adf9852A.jpg\" \/><\/div>\n<div class=\"magic-6\"><img decoding=\"async\" class=\"magic-5\" src=\"https:\/\/sc04.alicdn.com\/kf\/Ha9657db6b7c047d58e478af468a1b7b8A\/272098670\/Ha9657db6b7c047d58e478af468a1b7b8A.jpg\" width=\"1266\" height=\"1266\" data-src=\"\/\/sc04.alicdn.com\/kf\/Ha9657db6b7c047d58e478af468a1b7b8A\/272098670\/Ha9657db6b7c047d58e478af468a1b7b8A.jpg\" \/><\/div>\n<\/div>\n<\/div>\n<\/div>\n<\/div>\n<\/div>\n<div class=\"J_module\">\n<div class=\"icbu-pc-images magic-1\">\n<div>\n<div class=\"flex-layout-v\">\n<div class=\"flex-layout-h magic-1\">\n<div class=\"magic-4\"><img loading=\"lazy\" decoding=\"async\" class=\"magic-5\" src=\"https:\/\/sc04.alicdn.com\/kf\/H2bd8bef4d74543e0b9d400d9bf3f1648U\/272098670\/H2bd8bef4d74543e0b9d400d9bf3f1648U.jpg\" width=\"1226\" height=\"1226\" data-src=\"\/\/sc04.alicdn.com\/kf\/H2bd8bef4d74543e0b9d400d9bf3f1648U\/272098670\/H2bd8bef4d74543e0b9d400d9bf3f1648U.jpg\" \/><\/div>\n<div class=\"magic-6\"><img loading=\"lazy\" decoding=\"async\" class=\"magic-5\" src=\"https:\/\/sc04.alicdn.com\/kf\/H85e5379d4b504def83bbce2f0cab1c318\/272098670\/H85e5379d4b504def83bbce2f0cab1c318.jpg\" width=\"1264\" height=\"1264\" data-src=\"\/\/sc04.alicdn.com\/kf\/H85e5379d4b504def83bbce2f0cab1c318\/272098670\/H85e5379d4b504def83bbce2f0cab1c318.jpg\" \/><\/div>\n<\/div>\n<\/div>\n<\/div>\n<\/div>\n<\/div>\n<div class=\"J_module\">\n<div class=\"icbu-pc-images magic-1\">\n<div>\n<div class=\"flex-layout-v\">\n<div class=\"flex-layout-h magic-1\">\n<div class=\"magic-4\"><img loading=\"lazy\" decoding=\"async\" class=\"magic-5\" src=\"https:\/\/sc04.alicdn.com\/kf\/H7ce25e58e9dc415caf31498680b6b49au\/272098670\/H7ce25e58e9dc415caf31498680b6b49au.jpg\" width=\"1211\" height=\"1211\" data-src=\"\/\/sc04.alicdn.com\/kf\/H7ce25e58e9dc415caf31498680b6b49au\/272098670\/H7ce25e58e9dc415caf31498680b6b49au.jpg\" \/><\/div>\n<div class=\"magic-6\"><img loading=\"lazy\" decoding=\"async\" class=\"magic-5\" src=\"https:\/\/sc04.alicdn.com\/kf\/H62e3d5a8303a4179906266cc28844436s\/272098670\/H62e3d5a8303a4179906266cc28844436s.jpg\" width=\"1380\" height=\"1380\" data-src=\"\/\/sc04.alicdn.com\/kf\/H62e3d5a8303a4179906266cc28844436s\/272098670\/H62e3d5a8303a4179906266cc28844436s.jpg\" \/><\/div>\n<\/div>\n<\/div>\n<\/div>\n<\/div>\n<\/div>\n<div class=\"J_module\">\n<div class=\"icbu-pc-images magic-1\">\n<div>\n<div class=\"flex-layout-v\">\n<div class=\"flex-layout-h magic-1\">\n<div class=\"magic-4\"><img loading=\"lazy\" decoding=\"async\" class=\"magic-5\" src=\"https:\/\/sc04.alicdn.com\/kf\/H6fba47d5a973418e8ea9c92fcf10ee69D\/272098670\/H6fba47d5a973418e8ea9c92fcf10ee69D.jpg\" width=\"1366\" height=\"1366\" data-src=\"\/\/sc04.alicdn.com\/kf\/H6fba47d5a973418e8ea9c92fcf10ee69D\/272098670\/H6fba47d5a973418e8ea9c92fcf10ee69D.jpg\" \/><\/div>\n<div class=\"magic-6\"><img loading=\"lazy\" decoding=\"async\" class=\"magic-5 aligncenter\" src=\"https:\/\/sc04.alicdn.com\/kf\/Hf6bdbabe91ad4e26b441705915eb69b3B\/272098670\/Hf6bdbabe91ad4e26b441705915eb69b3B.jpg\" alt=\"\" width=\"1395\" height=\"1395\" data-src=\"\/\/sc04.alicdn.com\/kf\/Hf6bdbabe91ad4e26b441705915eb69b3B\/272098670\/Hf6bdbabe91ad4e26b441705915eb69b3B.jpg\" \/><\/div>\n<\/div>\n<\/div>\n<\/div>\n<\/div>\n<\/div>\n<div class=\"J_module\">\n<div class=\"icbu-pc-images magic-1\">\n<div>\n<div class=\"flex-layout-v\">\n<div class=\"flex-layout-h magic-1\">\n<div class=\"magic-7\"><a href=\"https:\/\/lfhongshang.en.alibaba.com\/productlist.html\" target=\"_blank\" rel=\"noopener\"><img loading=\"lazy\" decoding=\"async\" class=\"magic-8\" src=\"https:\/\/sc04.alicdn.com\/kf\/H572819591e41452fbb9964506d9cd627C\/272098670\/H572819591e41452fbb9964506d9cd627C.jpg\" width=\"1407\" height=\"1345\" data-src=\"\/\/sc04.alicdn.com\/kf\/H572819591e41452fbb9964506d9cd627C\/272098670\/H572819591e41452fbb9964506d9cd627C.jpg\" \/><\/a><\/div>\n<\/div>\n<\/div>\n<\/div>\n<\/div>\n<\/div>\n<div class=\"J_module\">\n<div id=\"ali-anchor-AliMagic-f9q1gf\" class=\"magic-0\" data-section=\"AliMagic-f9q1gf\" data-section-title=\"Specification\">sp\u00e9cification<\/div>\n<\/div>\n<div class=\"J_module\">\n<div class=\"ife-detail-decorate-table\">\n<table class=\"has-title all magic-9\">\n<tbody>\n<tr>\n<td colspan=\"1\" rowspan=\"1\">\n<div class=\"magic-10\"><span class=\"magic-11\"><b>Nom du produit<\/b><\/span><\/div>\n<\/td>\n<td colspan=\"1\" rowspan=\"1\">\n<div class=\"magic-12\"><span class=\"magic-11\">Panneau de laine de verre<\/span><\/div>\n<\/td>\n<\/tr>\n<tr>\n<td colspan=\"1\" rowspan=\"1\">\n<div class=\"magic-10\"><span class=\"magic-11\"><b>Emballer<\/b><\/span><\/div>\n<\/td>\n<td colspan=\"1\" rowspan=\"1\">\n<div class=\"magic-12\"><span class=\"magic-11\">Sac PP thermor\u00e9tractable<\/span><\/div>\n<\/td>\n<\/tr>\n<tr>\n<td colspan=\"1\" rowspan=\"1\">\n<div class=\"magic-10\"><span class=\"magic-11\"><b>Taper<\/b><\/span><\/div>\n<\/td>\n<td colspan=\"1\" rowspan=\"1\">\n<div class=\"magic-12\"><span class=\"magic-11\">Produit en laine de verre, Gassfiber<\/span><\/div>\n<\/td>\n<\/tr>\n<tr>\n<td colspan=\"1\" rowspan=\"1\">\n<div class=\"magic-10\"><span class=\"magic-11\"><b>Application<\/b><\/span><\/div>\n<\/td>\n<td colspan=\"1\" rowspan=\"1\">\n<div class=\"magic-12\"><span class=\"magic-11\">Ventilation de chauffage de b\u00e2timent r\u00e9sidentiel<\/span><\/div>\n<\/td>\n<\/tr>\n<tr>\n<td colspan=\"1\" rowspan=\"1\">\n<div class=\"magic-10\"><span class=\"magic-11\"><b>Style de conception<\/b><\/span><\/div>\n<\/td>\n<td colspan=\"1\" rowspan=\"1\">\n<div class=\"magic-12\"><span class=\"magic-11\">Contemporain<\/span><\/div>\n<\/td>\n<\/tr>\n<tr>\n<td colspan=\"1\" rowspan=\"1\">\n<div class=\"magic-10\"><span class=\"magic-11\"><b>Couleur<\/b><\/span><\/div>\n<\/td>\n<td colspan=\"1\" rowspan=\"1\">\n<div class=\"magic-12\"><span class=\"magic-11\">Jaune<\/span><\/div>\n<\/td>\n<\/tr>\n<tr>\n<td colspan=\"1\" rowspan=\"1\">\n<div class=\"magic-10\"><span class=\"magic-11\"><b data-spm-anchor-id=\"a2700.pc-decorate.0.i0.3c9e3333hHaUWL\">Temp\u00e9rature de travail la plus \u00e9lev\u00e9e<\/b><\/span><\/div>\n<\/td>\n<td colspan=\"1\" rowspan=\"1\">\n<div class=\"magic-12\"><span class=\"magic-11\">Moins de 400\u2103<\/span><\/div>\n<\/td>\n<\/tr>\n<tr>\n<td colspan=\"1\" rowspan=\"1\">\n<div class=\"magic-10\"><span class=\"magic-11\"><b>Taille<\/b><\/span><\/div>\n<\/td>\n<td colspan=\"1\" rowspan=\"1\">\n<div class=\"magic-12\">\n<p><span class=\"magic-11\">1200*600*25mm (\u00e9paisseur 25-150mm)\u00a0<\/span><\/p>\n<div><span class=\"magic-11\">1200*1200*25mm (\u00e9paisseurs 25-150mm)<\/span><\/div>\n<\/div>\n<\/td>\n<\/tr>\n<tr>\n<td colspan=\"1\" rowspan=\"1\">\n<div class=\"magic-10\"><span class=\"magic-11\"><b>Performance<\/b><\/span><\/div>\n<\/td>\n<td colspan=\"1\" rowspan=\"1\">\n<div class=\"magic-12\"><span class=\"magic-11\">Insonorisation\/absorption acoustique\/isolation thermique thermique<\/span><\/div>\n<\/td>\n<\/tr>\n<tr>\n<td colspan=\"1\" rowspan=\"1\">\n<div class=\"magic-10\"><span class=\"magic-11\"><b>Avantage<\/b><\/span><\/div>\n<\/td>\n<td colspan=\"1\" rowspan=\"1\">\n<div class=\"magic-12\"><span class=\"magic-11\">Pas de posion\/anticorrosion\/faible densit\u00e9 apparente faible thermique<\/span><\/div>\n<\/td>\n<\/tr>\n<\/tbody>\n<\/table>\n<\/div>\n<\/div>","protected":false},"excerpt":{"rendered":"<p>Specification Product Name Glass Wool board Package Heat Shrink PP bag Type Glass wool product, Gassfiber Application Residential building heating ventilation Design Style Contemporary Color Yellow Highest Working Temperature Less than 400\u2103 Size 1200*600*25mm(25-150mm thickness)\u00a0 1200*1200*25mm(25-150mm thicknes) Performance Soundproof\/Sound absorption\/Thermal heat insulation Advantage No posion\/anticorrosion\/low bulk density low thermal<\/p>","protected":false},"featured_media":1262,"template":"","meta":{"site-sidebar-layout":"default","site-content-layout":"default","ast-site-content-layout":"","site-content-style":"default","site-sidebar-style":"default","ast-global-header-display":"","ast-banner-title-visibility":"","ast-main-header-display":"","ast-hfb-above-header-display":"","ast-hfb-below-header-display":"","ast-hfb-mobile-header-display":"","site-post-title":"","ast-breadcrumbs-content":"","ast-featured-img":"","footer-sml-layout":"","theme-transparent-header-meta":"default","adv-header-id-meta":"","stick-header-meta":"","header-above-stick-meta":"","header-main-stick-meta":"","header-below-stick-meta":"","astra-migrate-meta-layouts":"default","ast-page-background-enabled":"default","ast-page-background-meta":{"desktop":{"background-color":"","background-image":"","background-repeat":"repeat","background-position":"center center","background-size":"auto","background-attachment":"scroll","background-type":"","background-media":"","overlay-type":"","overlay-color":"","overlay-opacity":"","overlay-gradient":""},"tablet":{"background-color":"","background-image":"","background-repeat":"repeat","background-position":"center center","background-size":"auto","background-attachment":"scroll","background-type":"","background-media":"","overlay-type":"","overlay-color":"","overlay-opacity":"","overlay-gradient":""},"mobile":{"background-color":"","background-image":"","background-repeat":"repeat","background-position":"center center","background-size":"auto","background-attachment":"scroll","background-type":"","background-media":"","overlay-type":"","overlay-color":"","overlay-opacity":"","overlay-gradient":""}},"ast-content-background-meta":{"desktop":{"background-color":"var(--ast-global-color-5)","background-image":"","background-repeat":"repeat","background-position":"center center","background-size":"auto","background-attachment":"scroll","background-type":"","background-media":"","overlay-type":"","overlay-color":"","overlay-opacity":"","overlay-gradient":""},"tablet":{"background-color":"var(--ast-global-color-5)","background-image":"","background-repeat":"repeat","background-position":"center center","background-size":"auto","background-attachment":"scroll","background-type":"","background-media":"","overlay-type":"","overlay-color":"","overlay-opacity":"","overlay-gradient":""},"mobile":{"background-color":"var(--ast-global-color-5)","background-image":"","background-repeat":"repeat","background-position":"center center","background-size":"auto","background-attachment":"scroll","background-type":"","background-media":"","overlay-type":"","overlay-color":"","overlay-opacity":"","overlay-gradient":""}}},"product_brand":[],"product_cat":[15],"product_tag":[],"class_list":{"0":"post-1261","1":"product","2":"type-product","3":"status-publish","4":"has-post-thumbnail","6":"product_cat-glass-wool","7":"desktop-align-center","8":"tablet-align-left","9":"mobile-align-left","11":"first","12":"instock","13":"shipping-taxable","14":"product-type-simple"},"_links":{"self":[{"href":"https:\/\/yxwool.com\/fr\/wp-json\/wp\/v2\/product\/1261","targetHints":{"allow":["GET"]}}],"collection":[{"href":"https:\/\/yxwool.com\/fr\/wp-json\/wp\/v2\/product"}],"about":[{"href":"https:\/\/yxwool.com\/fr\/wp-json\/wp\/v2\/types\/product"}],"wp:featuredmedia":[{"embeddable":true,"href":"https:\/\/yxwool.com\/fr\/wp-json\/wp\/v2\/media\/1262"}],"wp:attachment":[{"href":"https:\/\/yxwool.com\/fr\/wp-json\/wp\/v2\/media?parent=1261"}],"wp:term":[{"taxonomy":"product_brand","embeddable":true,"href":"https:\/\/yxwool.com\/fr\/wp-json\/wp\/v2\/product_brand?post=1261"},{"taxonomy":"product_cat","embeddable":true,"href":"https:\/\/yxwool.com\/fr\/wp-json\/wp\/v2\/product_cat?post=1261"},{"taxonomy":"product_tag","embeddable":true,"href":"https:\/\/yxwool.com\/fr\/wp-json\/wp\/v2\/product_tag?post=1261"}],"curies":[{"name":"wp","href":"https:\/\/api.w.org\/{rel}","templated":true}]}}