{"id":1377,"date":"2023-07-05T16:19:10","date_gmt":"2023-07-05T16:19:10","guid":{"rendered":"http:\/\/yxwool.com\/?post_type=product&#038;p=1377"},"modified":"2023-07-08T05:12:21","modified_gmt":"2023-07-08T05:12:21","slug":"sound-absorption-not-contain-asbestos-glass-wool-blanket-building-materials-insulation","status":"publish","type":"product","link":"https:\/\/yxwool.com\/fr\/produit\/sound-absorption-not-contain-asbestos-glass-wool-blanket-building-materials-insulation\/","title":{"rendered":"L&#039;absorption acoustique ne contient pas d&#039;isolation de mat\u00e9riaux de construction de couverture de laine de verre d&#039;amiante"},"content":{"rendered":"<div class=\"J_module\">\n<div class=\"detail-decorate-json-renderer-container\">\n<div class=\"magic-0\">\n<h3><b><i><span class=\"magic-5\">L&#039;absorption acoustique ne contient pas d&#039;isolation de mat\u00e9riaux de construction de couverture de laine de verre d&#039;amiante<\/span><\/i><\/b><\/h3>\n<h3 class=\"magic-10\"><span class=\"magic-11\"><span class=\"magic-12\" data-spm-anchor-id=\"a2700.details.0.i51.6e617f18N9OSo1\"><img fetchpriority=\"high\" decoding=\"async\" class=\"alignleft wp-image-1355\" src=\"http:\/\/yxwool.com\/wp-content\/uploads\/2023\/07\/H385bfe8466074a9c8a25e0d6efd89125W.jpg\" alt=\"\" width=\"1200\" height=\"1162\" \/><\/span><\/span><\/h3>\n<h3><\/h3>\n<h3 class=\"magic-10\"><span class=\"magic-11\"><span class=\"magic-12\" data-spm-anchor-id=\"a2700.details.0.i51.6e617f18N9OSo1\">Aper\u00e7u de la couverture isolante en laine de verre<\/span><\/span><\/h3>\n<div class=\"magic-1\">\n<div class=\"magic-2\">\n<div class=\"magic-3\">\n<div class=\"magic-15\">Le produit centrifuge en laine de verre est une sorte de fibre mince, un mat\u00e9riau d&#039;isolation \u00e0 faible conductivit\u00e9 thermique, la structure sp\u00e9ciale d\u00e9termine qu&#039;il peut \u00eatre tr\u00e8s bon. peut rapidement r\u00e9duire la transmission du son, afin de chauffer et d&#039;insonoriser l&#039;effet. La laine de verre centrifuge Yuxing comprend deux s\u00e9ries de couverture en laine de verre et de panneau en laine de verre.<br \/>\nLa couverture en laine de verre centrifugeuse est principalement divis\u00e9e en deux cat\u00e9gories\u00a0: la couverture non plaqu\u00e9e et la couverture plaqu\u00e9e composite. Les produits sont largement utilis\u00e9s dans l&#039;atelier, l&#039;entrep\u00f4t, la salle de r\u00e9frig\u00e9ration, le gymnase, le centre d&#039;exposition, l&#039;abri d&#039;\u00e9levage et de plantation, la construction de structures en acier et divers lieux de divertissement int\u00e9rieurs. Le panneau de laine de verre centrifuge Yuxing peut \u00e9galement \u00eatre divis\u00e9 en deux cat\u00e9gories: panneau antiadh\u00e9sif et panneau composite adh\u00e9sif. Consiste \u00e0 ajouter de la laine de verre \u00e0 un liant thermodurcissable.<\/div>\n<div class=\"magic-15\">Plaque form\u00e9e par traitement sous pression, chauffage et durcissement. Par rapport \u00e0 la couverture en laine de verre, la feuille a des performances d&#039;absorption acoustique et thermique plus excellentes et plus stables. Il est largement utilis\u00e9 dans les syst\u00e8mes d&#039;isolation des murs ext\u00e9rieurs des b\u00e2timents industriels et r\u00e9sidentiels, ainsi que dans la climatisation et d&#039;autres domaines.<\/div>\n<div class=\"magic-15\">La ligne compl\u00e8te de production de laine de verre utilise la technologie de derni\u00e8re g\u00e9n\u00e9ration pour produire des panneaux, des rouleaux de feutre et des tuyaux pour l&#039;isolation thermique et acoustique r\u00e9sidentielle et industrielle conform\u00e9ment aux normes internationales les plus \u00e9lev\u00e9es (EN, DIN, ASTM).<\/div>\n<div><\/div>\n<\/div>\n<\/div>\n<\/div>\n<\/div>\n<\/div>\n<\/div>\n<div class=\"J_module\">\n<div class=\"detail-decorate-json-renderer-container\">\n<div class=\"magic-0\">\n<div class=\"magic-1\">\n<div class=\"magic-2\">\n<div class=\"magic-3\"><span class=\"magic-16\"><span class=\"magic-12\"><b>Sp\u00e9cification de l&#039;isolation en laine de verre<\/b><\/span><\/span><\/div>\n<\/div>\n<\/div>\n<\/div>\n<\/div>\n<\/div>\n<div class=\"J_module\">\n<div class=\"ife-detail-decorate-table\">\n<table style=\"height: 796px;\" width=\"1200\">\n<tbody>\n<tr>\n<td width=\"76\">Mod\u00e8le<\/td>\n<td width=\"89\">Densit\u00e9<br \/>\n(kg\/m3)<\/td>\n<td width=\"78\">Densit\u00e9 (Kg\/m3)<\/td>\n<td width=\"110\">Largeur (mm)<\/td>\n<td width=\"88\">Largeur (mm)<\/td>\n<td width=\"179\">Conductivit\u00e9 thermique<br \/>\n(W\/m\u00b7K)<\/td>\n<\/tr>\n<tr>\n<td rowspan=\"3\" width=\"76\">GWR10<\/td>\n<td rowspan=\"3\">10<\/td>\n<td>50<\/td>\n<td width=\"110\">1200<\/td>\n<td>30000<\/td>\n<td rowspan=\"3\">0.044<\/td>\n<\/tr>\n<tr>\n<td>75<\/td>\n<td width=\"110\">1200<\/td>\n<td>20000<\/td>\n<\/tr>\n<tr>\n<td>100<\/td>\n<td width=\"110\">1200<\/td>\n<td>15000<\/td>\n<\/tr>\n<tr>\n<td rowspan=\"4\">GWR12<\/td>\n<td rowspan=\"4\">12<\/td>\n<td>40<\/td>\n<td width=\"110\">1200<\/td>\n<td>30000<\/td>\n<td rowspan=\"4\" width=\"179\">0.042<\/td>\n<\/tr>\n<tr>\n<td>50<\/td>\n<td width=\"110\">1200<\/td>\n<td>30000<\/td>\n<\/tr>\n<tr>\n<td>75<\/td>\n<td width=\"110\">1200<\/td>\n<td>20000<\/td>\n<\/tr>\n<tr>\n<td>100<\/td>\n<td width=\"110\">1200<\/td>\n<td>15000<\/td>\n<\/tr>\n<tr>\n<td rowspan=\"4\">GWR16<\/td>\n<td rowspan=\"4\">16<\/td>\n<td>25<\/td>\n<td width=\"110\">1200<\/td>\n<td>30000<\/td>\n<td rowspan=\"4\">0.039<\/td>\n<\/tr>\n<tr>\n<td>50<\/td>\n<td width=\"110\">1200<\/td>\n<td>15000<\/td>\n<\/tr>\n<tr>\n<td>75<\/td>\n<td width=\"110\">1200<\/td>\n<td>10000<\/td>\n<\/tr>\n<tr>\n<td>100<\/td>\n<td width=\"110\">1200<\/td>\n<td>7500<\/td>\n<\/tr>\n<tr>\n<td rowspan=\"4\">GWR24<\/td>\n<td rowspan=\"4\">24<\/td>\n<td>25<\/td>\n<td width=\"110\">1200<\/td>\n<td>20000<\/td>\n<td rowspan=\"4\" width=\"179\">0.036<\/td>\n<\/tr>\n<tr>\n<td>50<\/td>\n<td width=\"110\">1200<\/td>\n<td>10000<\/td>\n<\/tr>\n<tr>\n<td>75<\/td>\n<td width=\"110\">1200<\/td>\n<td>10000<\/td>\n<\/tr>\n<tr>\n<td>100<\/td>\n<td width=\"110\">1200<\/td>\n<td>5000<\/td>\n<\/tr>\n<tr>\n<td rowspan=\"4\">GWR32<\/td>\n<td rowspan=\"4\">32<\/td>\n<td>25<\/td>\n<td width=\"110\">1200<\/td>\n<td>20000<\/td>\n<td rowspan=\"4\">0.035<\/td>\n<\/tr>\n<tr>\n<td>50<\/td>\n<td width=\"110\">1200<\/td>\n<td>10000<\/td>\n<\/tr>\n<tr>\n<td>75<\/td>\n<td width=\"110\">1200<\/td>\n<td>10000<\/td>\n<\/tr>\n<tr>\n<td>100<\/td>\n<td width=\"110\">1200<\/td>\n<td>5000<\/td>\n<\/tr>\n<tr>\n<td rowspan=\"4\">GWR48<\/td>\n<td rowspan=\"4\">48<\/td>\n<td>25<\/td>\n<td width=\"110\">1200<\/td>\n<td>20000<\/td>\n<td rowspan=\"4\">0.032<\/td>\n<\/tr>\n<tr>\n<td>50<\/td>\n<td width=\"110\">1200<\/td>\n<td>10000<\/td>\n<\/tr>\n<tr>\n<td>75<\/td>\n<td width=\"110\">1200<\/td>\n<td>10000<\/td>\n<\/tr>\n<tr>\n<td>100<\/td>\n<td width=\"110\">1200<\/td>\n<td>5000<\/td>\n<\/tr>\n<\/tbody>\n<\/table>\n<\/div>\n<\/div>\n<div class=\"J_module\">\n<div class=\"icbu-pc-images magic-6\">\n<div class=\"flex-layout-h\">\n<div class=\"flex-layout-v magic-27\">\n<div class=\"magic-30\"><\/div>\n<\/div>\n<div class=\"magic-33\"><img decoding=\"async\" class=\"alignleft size-full wp-image-1356\" src=\"http:\/\/yxwool.com\/wp-content\/uploads\/2023\/07\/\u672a\u6807\u9898-1.jpg\" alt=\"\" width=\"1200\" height=\"1200\" srcset=\"https:\/\/yxwool.com\/wp-content\/uploads\/2023\/07\/\u672a\u6807\u9898-1.jpg 1200w, https:\/\/yxwool.com\/wp-content\/uploads\/2023\/07\/\u672a\u6807\u9898-1-300x300.jpg 300w, https:\/\/yxwool.com\/wp-content\/uploads\/2023\/07\/\u672a\u6807\u9898-1-1024x1024.jpg 1024w, https:\/\/yxwool.com\/wp-content\/uploads\/2023\/07\/\u672a\u6807\u9898-1-150x150.jpg 150w, https:\/\/yxwool.com\/wp-content\/uploads\/2023\/07\/\u672a\u6807\u9898-1-768x768.jpg 768w, https:\/\/yxwool.com\/wp-content\/uploads\/2023\/07\/\u672a\u6807\u9898-1-600x600.jpg 600w, https:\/\/yxwool.com\/wp-content\/uploads\/2023\/07\/\u672a\u6807\u9898-1-100x100.jpg 100w\" sizes=\"(max-width: 1200px) 100vw, 1200px\" \/><\/div>\n<\/div>\n<\/div>\n<\/div>\n<div class=\"J_module\">\n<div class=\"icbu-pc-images magic-6\">\n<div>\n<div class=\"flex-layout-v\">\n<div class=\"flex-layout-h magic-6\">\n<div class=\"magic-35\"><img decoding=\"async\" class=\"magic-36\" src=\"https:\/\/sc01.alicdn.com\/kf\/H0174cf621c5f4d3bb9283047e4b6843cp\/240115170\/H0174cf621c5f4d3bb9283047e4b6843cp.png\" width=\"1200\" height=\"474\" data-src=\"\/\/sc01.alicdn.com\/kf\/H0174cf621c5f4d3bb9283047e4b6843cp\/240115170\/H0174cf621c5f4d3bb9283047e4b6843cp.png\" \/><\/div>\n<\/div>\n<\/div>\n<\/div>\n<\/div>\n<\/div>\n<div class=\"J_module\">\n<div class=\"icbu-pc-images magic-6\">\n<div class=\"flex-layout-v\">\n<div class=\"flex-layout-h magic-6\">\n<div class=\"magic-37\"><img loading=\"lazy\" decoding=\"async\" class=\"alignleft  wp-image-1620\" src=\"http:\/\/yxwool.com\/wp-content\/uploads\/2023\/07\/\u8be6\u60c5\u9875-\u68c9\u5ca9\u6bef.jpg\" alt=\"\" width=\"1200\" height=\"2030\" srcset=\"https:\/\/yxwool.com\/wp-content\/uploads\/2023\/07\/\u8be6\u60c5\u9875-\u68c9\u5ca9\u6bef.jpg 750w, https:\/\/yxwool.com\/wp-content\/uploads\/2023\/07\/\u8be6\u60c5\u9875-\u68c9\u5ca9\u6bef-177x300.jpg 177w, https:\/\/yxwool.com\/wp-content\/uploads\/2023\/07\/\u8be6\u60c5\u9875-\u68c9\u5ca9\u6bef-605x1024.jpg 605w, https:\/\/yxwool.com\/wp-content\/uploads\/2023\/07\/\u8be6\u60c5\u9875-\u68c9\u5ca9\u6bef-600x1015.jpg 600w\" sizes=\"(max-width: 1200px) 100vw, 1200px\" \/><\/div>\n<\/div>\n<\/div>\n<\/div>\n<\/div>\n<div class=\"J_module\">\n<div class=\"icbu-pc-images magic-6\">\n<div>\n<div class=\"flex-layout-v\">\n<div class=\"flex-layout-h magic-6\">\n<div class=\"magic-39\"><img loading=\"lazy\" decoding=\"async\" class=\"magic-40\" src=\"https:\/\/sc04.alicdn.com\/kf\/H42ed4025ce914ccc99bef05f4cdd76ffv\/240115170\/H42ed4025ce914ccc99bef05f4cdd76ffv.jpg\" width=\"1200\" height=\"598\" data-src=\"\/\/sc04.alicdn.com\/kf\/H42ed4025ce914ccc99bef05f4cdd76ffv\/240115170\/H42ed4025ce914ccc99bef05f4cdd76ffv.jpg\" \/><\/div>\n<\/div>\n<\/div>\n<\/div>\n<\/div>\n<\/div>\n<div class=\"J_module\">\n<div class=\"detail-decorate-json-renderer-container\">\n<div class=\"magic-0\">\n<div class=\"magic-1\">\n<div class=\"magic-2\">\n<div><\/div>\n<div><\/div>\n<div class=\"magic-3\"><span class=\"magic-41\"><b><span class=\"magic-12\">Param\u00e8tres techniques de la couverture isolante en laine de verre<\/span><\/b><\/span><\/div>\n<\/div>\n<\/div>\n<\/div>\n<\/div>\n<\/div>\n<div class=\"J_module\">\n<div class=\"ife-detail-decorate-table\">\n<table class=\"all magic-17\" style=\"height: 317px;\" width=\"1199\">\n<tbody>\n<tr>\n<td colspan=\"1\" rowspan=\"1\">\n<div class=\"magic-42\">Propri\u00e9t\u00e9<\/div>\n<\/td>\n<td colspan=\"1\" rowspan=\"1\">\n<div class=\"magic-43\">M\u00e9thode d&#039;essai<\/div>\n<\/td>\n<td colspan=\"2\" rowspan=\"1\">\n<div class=\"magic-44\">sp\u00e9cification<\/div>\n<\/td>\n<\/tr>\n<tr>\n<td colspan=\"1\" rowspan=\"1\">\n<div class=\"magic-42\">\u00c9cart de temp\u00e9rature<\/div>\n<\/td>\n<td colspan=\"1\" rowspan=\"1\">\n<div class=\"magic-43\">ASTM C411<\/div>\n<\/td>\n<td colspan=\"2\" rowspan=\"1\">\n<div class=\"magic-44\">Jusqu&#039;\u00e0 233 oC (450 oF)<\/div>\n<\/td>\n<\/tr>\n<tr>\n<td colspan=\"1\" rowspan=\"1\">\n<div class=\"magic-42\">Absorption d&#039;humidit\u00e9<\/div>\n<\/td>\n<td colspan=\"1\" rowspan=\"1\">\n<div class=\"magic-43\">ASTM C1104<\/div>\n<\/td>\n<td colspan=\"2\" rowspan=\"1\">\n<div class=\"magic-44\">&lt; 1,0% \u00e0 49 oC, 95% HR<\/div>\n<\/td>\n<\/tr>\n<tr>\n<td colspan=\"1\" rowspan=\"1\">\n<div class=\"magic-42\">Corrosivit\u00e9<\/div>\n<\/td>\n<td colspan=\"1\" rowspan=\"1\">\n<div class=\"magic-43\">ASTM C665<\/div>\n<\/td>\n<td colspan=\"2\" rowspan=\"1\">\n<div class=\"magic-44\">N&#039;acc\u00e9l\u00e8re pas<\/div>\n<\/td>\n<\/tr>\n<tr>\n<td colspan=\"1\" rowspan=\"1\">\n<div class=\"magic-42\">R\u00e9sistance aux moisissures<\/div>\n<\/td>\n<td colspan=\"1\" rowspan=\"1\">\n<div class=\"magic-43\">ASTM C665<\/div>\n<\/td>\n<td colspan=\"2\" rowspan=\"1\">\n<div class=\"magic-44\">Pas de croissance<\/div>\n<\/td>\n<\/tr>\n<tr>\n<td colspan=\"1\" rowspan=\"1\">\n<div class=\"magic-42\">\n<p>Caract\u00e9ristiques de combustion en surface<\/p>\n<p>Essai au feu<\/p>\n<\/div>\n<\/td>\n<td colspan=\"1\" rowspan=\"1\">\n<div class=\"magic-43\">\n<p>ASTM E84<\/p>\n<p>BS 476 Partie 6,7<br \/>\nCOMME 1530-3<\/p>\n<\/div>\n<\/td>\n<td colspan=\"2\" rowspan=\"1\">\n<div class=\"magic-46\">Propagation de la flamme &lt; 25<br \/>\nFum\u00e9e d\u00e9velopp\u00e9e &lt; 50<br \/>\nClasse 0<br \/>\nIndice d&#039;inflammabilit\u00e9 0<br \/>\nPropagation de l&#039;indice de flamme 0<br \/>\nIndice de d\u00e9gagement de chaleur 0<br \/>\nIndice de d\u00e9veloppement de fum\u00e9e 1<\/div>\n<\/td>\n<\/tr>\n<\/tbody>\n<\/table>\n<\/div>\n<\/div>\n<div class=\"J_module\">\n<div class=\"detail-decorate-json-renderer-container\">\n<div class=\"magic-0\">\n<div class=\"magic-1\">\n<div class=\"magic-2\">\n<div class=\"magic-3\"><span class=\"magic-12\" style=\"color: #000000;\"><b class=\"magic-47\">Couverture isolante en laine de verre Avantages distinctifs :<br \/>\n<\/b><\/span> <span class=\"magic-14\">Excellentes propri\u00e9t\u00e9s thermiques et acoustiques<br \/>\nL\u00e9ger et facile \u00e0 fabriquer sur le chantier<br \/>\nIncombustible et ignifuge<br \/>\nTr\u00e8s \u00e9conomique, surtout lors de l&#039;utilisation de couches \u00e9paisses d&#039;isolant<br \/>\nDurable, \u00e0 vie et r\u00e9sistant aux termites<\/span><\/div>\n<\/div>\n<\/div>\n<\/div>\n<\/div>\n<\/div>\n<div class=\"J_module\">\n<div class=\"detail-decorate-json-renderer-container\">\n<div class=\"magic-0\">\n<div class=\"magic-48\">\n<div class=\"magic-2\">\n<div class=\"magic-3\"><\/div>\n<\/div>\n<\/div>\n<div class=\"magic-48\">\n<div class=\"magic-2\">\n<div class=\"magic-50\">\n<div class=\"magic-4\"><\/div>\n<\/div>\n<\/div>\n<\/div>\n<\/div>\n<\/div>\n<\/div>\n<div class=\"J_module\">\n<div class=\"detail-decorate-json-renderer-container\">\n<div class=\"magic-0\">\n<h3 class=\"magic-10\"><span class=\"magic-52\">Applications de couverture isolante en laine de verre\u00a0:<\/span><\/h3>\n<div class=\"magic-1\">\n<div class=\"magic-2\">\n<div class=\"magic-3\">\n<div class=\"magic-15\"><span class=\"magic-14\">L&#039;isolation en laine de verre est l\u00e9g\u00e8re et facile \u00e0 installer dans les immeubles de bureaux, les centres de divertissement modernes, les toits, les syst\u00e8mes CVC et \u00e9galement dans d&#039;autres b\u00e2timents r\u00e9sidentiels et industriels tels que\u00a0:<br \/>\nMurs et cloisons Murs apparents et ext\u00e9rieurs Plafond suspendu<br \/>\nStructures en acier Maisons pr\u00e9fabriqu\u00e9es HVAC Conduits<\/span><\/div>\n<\/div>\n<\/div>\n<\/div>\n<\/div>\n<\/div>\n<\/div>\n<div class=\"J_module\">\n<div class=\"icbu-pc-images magic-6\">\n<div>\n<div class=\"flex-layout-v\">\n<div class=\"flex-layout-h magic-6\">\n<div class=\"magic-53\"><img loading=\"lazy\" decoding=\"async\" class=\"magic-54\" src=\"https:\/\/sc04.alicdn.com\/kf\/H68fa13f7bf454f9c95d9152e8008f4cdA\/240115170\/H68fa13f7bf454f9c95d9152e8008f4cdA.jpg\" width=\"1200\" height=\"1116\" data-src=\"\/\/sc04.alicdn.com\/kf\/H68fa13f7bf454f9c95d9152e8008f4cdA\/240115170\/H68fa13f7bf454f9c95d9152e8008f4cdA.jpg\" data-spm-anchor-id=\"a2700.details.0.i52.6e617f18N9OSo1\" \/><\/div>\n<\/div>\n<\/div>\n<\/div>\n<\/div>\n<\/div>","protected":false},"excerpt":{"rendered":"<p>Sound Absorption Not Contain Asbestos Glass Wool Blanket Building Materials Insulation Glass Wool Insulation Blanket Overview Centrifugal glass wool product is a kind of thin fiber, low thermal conductivity insulation material, the special structure determines that it can be very good Imprison the air, so that it can not flow, put an end to the [&hellip;]<\/p>","protected":false},"featured_media":1379,"template":"","meta":{"site-sidebar-layout":"default","site-content-layout":"default","ast-site-content-layout":"","site-content-style":"default","site-sidebar-style":"default","ast-global-header-display":"","ast-banner-title-visibility":"","ast-main-header-display":"","ast-hfb-above-header-display":"","ast-hfb-below-header-display":"","ast-hfb-mobile-header-display":"","site-post-title":"","ast-breadcrumbs-content":"","ast-featured-img":"","footer-sml-layout":"","theme-transparent-header-meta":"default","adv-header-id-meta":"","stick-header-meta":"","header-above-stick-meta":"","header-main-stick-meta":"","header-below-stick-meta":"","astra-migrate-meta-layouts":"default","ast-page-background-enabled":"default","ast-page-background-meta":{"desktop":{"background-color":"","background-image":"","background-repeat":"repeat","background-position":"center center","background-size":"auto","background-attachment":"scroll","background-type":"","background-media":"","overlay-type":"","overlay-color":"","overlay-opacity":"","overlay-gradient":""},"tablet":{"background-color":"","background-image":"","background-repeat":"repeat","background-position":"center center","background-size":"auto","background-attachment":"scroll","background-type":"","background-media":"","overlay-type":"","overlay-color":"","overlay-opacity":"","overlay-gradient":""},"mobile":{"background-color":"","background-image":"","background-repeat":"repeat","background-position":"center center","background-size":"auto","background-attachment":"scroll","background-type":"","background-media":"","overlay-type":"","overlay-color":"","overlay-opacity":"","overlay-gradient":""}},"ast-content-background-meta":{"desktop":{"background-color":"var(--ast-global-color-5)","background-image":"","background-repeat":"repeat","background-position":"center center","background-size":"auto","background-attachment":"scroll","background-type":"","background-media":"","overlay-type":"","overlay-color":"","overlay-opacity":"","overlay-gradient":""},"tablet":{"background-color":"var(--ast-global-color-5)","background-image":"","background-repeat":"repeat","background-position":"center center","background-size":"auto","background-attachment":"scroll","background-type":"","background-media":"","overlay-type":"","overlay-color":"","overlay-opacity":"","overlay-gradient":""},"mobile":{"background-color":"var(--ast-global-color-5)","background-image":"","background-repeat":"repeat","background-position":"center center","background-size":"auto","background-attachment":"scroll","background-type":"","background-media":"","overlay-type":"","overlay-color":"","overlay-opacity":"","overlay-gradient":""}}},"product_brand":[],"product_cat":[15],"product_tag":[],"class_list":{"0":"post-1377","1":"product","2":"type-product","3":"status-publish","4":"has-post-thumbnail","6":"product_cat-glass-wool","7":"desktop-align-center","8":"tablet-align-left","9":"mobile-align-left","11":"first","12":"instock","13":"shipping-taxable","14":"product-type-simple"},"_links":{"self":[{"href":"https:\/\/yxwool.com\/fr\/wp-json\/wp\/v2\/product\/1377","targetHints":{"allow":["GET"]}}],"collection":[{"href":"https:\/\/yxwool.com\/fr\/wp-json\/wp\/v2\/product"}],"about":[{"href":"https:\/\/yxwool.com\/fr\/wp-json\/wp\/v2\/types\/product"}],"wp:featuredmedia":[{"embeddable":true,"href":"https:\/\/yxwool.com\/fr\/wp-json\/wp\/v2\/media\/1379"}],"wp:attachment":[{"href":"https:\/\/yxwool.com\/fr\/wp-json\/wp\/v2\/media?parent=1377"}],"wp:term":[{"taxonomy":"product_brand","embeddable":true,"href":"https:\/\/yxwool.com\/fr\/wp-json\/wp\/v2\/product_brand?post=1377"},{"taxonomy":"product_cat","embeddable":true,"href":"https:\/\/yxwool.com\/fr\/wp-json\/wp\/v2\/product_cat?post=1377"},{"taxonomy":"product_tag","embeddable":true,"href":"https:\/\/yxwool.com\/fr\/wp-json\/wp\/v2\/product_tag?post=1377"}],"curies":[{"name":"wp","href":"https:\/\/api.w.org\/{rel}","templated":true}]}}