{"id":1393,"date":"2023-07-06T03:14:00","date_gmt":"2023-07-06T03:14:00","guid":{"rendered":"http:\/\/yxwool.com\/?post_type=product&#038;p=1393"},"modified":"2023-07-08T06:25:13","modified_gmt":"2023-07-08T06:25:13","slug":"china-factories-excellent-sound-insulation-glass-wool-board-sound-insulation-materials","status":"publish","type":"product","link":"https:\/\/yxwool.com\/fr\/produit\/china-factories-excellent-sound-insulation-glass-wool-board-sound-insulation-materials\/","title":{"rendered":"La Chine usine d&#039;excellents mat\u00e9riaux d&#039;isolation phonique de panneau de laine de verre d&#039;isolation phonique"},"content":{"rendered":"<div class=\"J_module\">\n<div id=\"ali-anchor-AliMagic-58b9q7\" class=\"magic-9\" data-section=\"AliMagic-58b9q7\" data-section-title=\"Product Description\"><i><b><span class=\"magic-5\"><span data-spm-anchor-id=\"a2700.details.0.i47.48784a7fLcZRtD\">La Chine usine d&#039;excellents mat\u00e9riaux d&#039;isolation phonique de panneau de laine de verre d&#039;isolation phonique<\/span><\/span><\/b><\/i><\/div>\n<div data-section=\"AliMagic-58b9q7\" data-section-title=\"Product Description\"><img fetchpriority=\"high\" decoding=\"async\" class=\"alignleft wp-image-1398\" src=\"http:\/\/yxwool.com\/wp-content\/uploads\/2023\/07\/H79ceb52aa4754b3292151d7db3366620L.jpg\" alt=\"\" width=\"1200\" height=\"1099\" \/><\/div>\n<\/div>\n<div class=\"J_module\">\n<div class=\"detail-decorate-json-renderer-container\">\n<div class=\"magic-0\">\n<h3><\/h3>\n<h3 class=\"magic-10\"><span class=\"magic-11\">Pr\u00e9sentation des panneaux isolants en laine de verre<\/span><\/h3>\n<div class=\"magic-1\">\n<div class=\"magic-2\">\n<div class=\"magic-3\">\n<div class=\"magic-12\"><\/div>\n<div class=\"magic-12\"><\/div>\n<div class=\"magic-14\"><b>YUXING<sup>\u00ae<\/sup> Panneau de laine de verre<\/b> est consid\u00e9r\u00e9 comme le produit d&#039;isolation le plus efficace et le plus \u00e9cologique \u00e0 utiliser car il est incombustible et r\u00e9pond aux exigences d&#039;une performance d&#039;isolation thermique et acoustique optimale conform\u00e9ment aux normes internationales les plus \u00e9lev\u00e9es (EN, FM, ASTM).<\/div>\n<div class=\"magic-14\"><\/div>\n<div class=\"magic-14\"><b>YUXING<\/b><sup>\u00ae <\/sup>Le produit centrifuge en laine de verre est une sorte de fibre mince, un mat\u00e9riau isolant \u00e0 faible conductivit\u00e9 thermique, la structure sp\u00e9ciale d\u00e9termine qu&#039;il peut \u00eatre tr\u00e8s bon. peut r\u00e9duire rapidement la transmission du son, de mani\u00e8re \u00e0 chauffer et \u00e0 absorber le son.<\/div>\n<div class=\"magic-14\"><\/div>\n<div class=\"magic-14\"><b>YUXING<\/b><sup>\u00ae<\/sup> La laine de verre comprend 7 s\u00e9ries de couverture en laine de verre, panneau en laine de verre, tube en laine de verre, nappe en laine de verre, laine de verre rev\u00eatue d&#039;aluminium, laine de verre color\u00e9e, laine de verre \u00e0 haute temp\u00e9rature.<\/div>\n<div><\/div>\n<\/div>\n<\/div>\n<\/div>\n<\/div>\n<\/div>\n<\/div>\n<div class=\"J_module\">\n<div class=\"detail-decorate-json-renderer-container\">\n<div class=\"magic-0\">\n<div class=\"magic-1\">\n<div class=\"magic-2\">\n<div class=\"magic-3\"><span class=\"magic-15\"><b class=\"magic-16\">Sp\u00e9cification de l&#039;isolation des panneaux de laine de verre <\/b><\/span><\/div>\n<\/div>\n<\/div>\n<\/div>\n<\/div>\n<\/div>\n<div class=\"J_module\">\n<div class=\"ife-detail-decorate-table\">\n<table class=\"has-title is-zebra hight-light-first-column all magic-17\" style=\"height: 248px;\" width=\"1200\">\n<tbody>\n<tr>\n<td colspan=\"1\" rowspan=\"1\">\n<div class=\"magic-18\">\n<div class=\"magic-4\" data-spm-anchor-id=\"a2700.pc-decorate.0.i55.10d533330QoDer\"><b>ARTICLE<\/b><\/div>\n<\/div>\n<\/td>\n<td colspan=\"2\" rowspan=\"1\">\n<div class=\"magic-19\">\n<div class=\"magic-4\" data-spm-anchor-id=\"0.0.0.i18.43af4f05cdRZXb\"><b>SPEC<\/b><\/div>\n<\/div>\n<\/td>\n<\/tr>\n<tr>\n<td colspan=\"1\" rowspan=\"1\">\n<div class=\"magic-22\">\n<div class=\"magic-4\" data-spm-anchor-id=\"a2700.pc-decorate.0.i53.10d533330QoDer\">Densit\u00e9<\/div>\n<\/div>\n<\/td>\n<td colspan=\"2\" rowspan=\"1\">\n<div class=\"magic-19\">\n<div class=\"magic-4\" data-spm-anchor-id=\"0.0.0.i25.43af4f05cdRZXb\">24-120 kg\/m\u00b3<\/div>\n<\/div>\n<\/td>\n<\/tr>\n<tr>\n<td colspan=\"1\" rowspan=\"1\">\n<div class=\"magic-18\">\n<div class=\"magic-4\" data-spm-anchor-id=\"a2700.pc-decorate.0.i31.10d533330QoDer\">Longueur<\/div>\n<\/div>\n<\/td>\n<td colspan=\"1\" rowspan=\"3\">\n<div class=\"magic-23\">\n<div class=\"magic-4\" data-spm-anchor-id=\"a2700.pc-decorate.0.i66.10d533330QoDer\"><span class=\"magic-13\">\u00a0<\/span><\/div>\n<div class=\"magic-4\" data-spm-anchor-id=\"0.0.0.i0.43af4f059BRb9v\"><b data-spm-anchor-id=\"0.0.0.i0.43af4f05sNmi10\"><span class=\"magic-24\"><span class=\"magic-25\">DISPONIBLE<\/span>LA TAILLE<\/span><\/b><\/div>\n<\/div>\n<\/td>\n<td colspan=\"1\" rowspan=\"1\">\n<div class=\"magic-21\">\n<div class=\"magic-4\" data-spm-anchor-id=\"a2700.pc-decorate.0.i52.10d533330QoDer\">600-2400mm<\/div>\n<\/div>\n<\/td>\n<\/tr>\n<tr>\n<td colspan=\"1\" rowspan=\"1\">\n<div class=\"magic-22\">\n<div class=\"magic-4\" data-spm-anchor-id=\"a2700.pc-decorate.0.i14.10d533330QoDer\">Largeur<\/div>\n<\/div>\n<\/td>\n<td colspan=\"1\" rowspan=\"1\">\n<div class=\"magic-27\">\n<div class=\"magic-4\" data-spm-anchor-id=\"a2700.pc-decorate.0.i15.10d533330QoDer\">600-1200mm<\/div>\n<\/div>\n<\/td>\n<\/tr>\n<tr>\n<td colspan=\"1\" rowspan=\"1\">\n<div class=\"magic-18\">\n<div class=\"magic-4\">\u00c9paisseur<\/div>\n<\/div>\n<\/td>\n<td colspan=\"1\" rowspan=\"1\">\n<div class=\"magic-21\">\n<div class=\"magic-4\" data-spm-anchor-id=\"a2700.pc-decorate.0.i35.10d533330QoDer\">20-200mm<\/div>\n<\/div>\n<\/td>\n<\/tr>\n<tr>\n<td colspan=\"1\" rowspan=\"1\">\n<div class=\"magic-18\">\n<div class=\"magic-4\">Orient\u00e9 vers<\/div>\n<\/div>\n<\/td>\n<td colspan=\"2\" rowspan=\"1\">\n<div class=\"magic-19\">\n<div class=\"magic-4\">Feuille d&#039;aluminium, FSK, PVC, maille de fibre de verre, etc.<\/div>\n<\/div>\n<\/td>\n<\/tr>\n<tr>\n<td colspan=\"1\" rowspan=\"1\">\n<div class=\"magic-22\">\n<div class=\"magic-4\" data-spm-anchor-id=\"a2700.pc-decorate.0.i20.10d533330QoDer\">Application<\/div>\n<\/div>\n<\/td>\n<td colspan=\"2\" rowspan=\"1\">\n<div class=\"magic-19\">\n<div class=\"magic-4\">Isolation des murs ext\u00e9rieurs, des cloisons s\u00e8ches, des cloisons, des panneaux de conduits et de la toiture, etc.<\/div>\n<\/div>\n<\/td>\n<\/tr>\n<tr>\n<td colspan=\"1\" rowspan=\"1\">\n<div class=\"magic-22\">\n<div class=\"magic-4\" data-spm-anchor-id=\"a2700.pc-decorate.0.i4.10d533330QoDer\">Remarque<\/div>\n<\/div>\n<\/td>\n<td colspan=\"2\" rowspan=\"1\">\n<div class=\"magic-19\">\n<div class=\"magic-4\">Des produits personnalis\u00e9s sont disponibles sur consultation<\/div>\n<\/div>\n<\/td>\n<\/tr>\n<\/tbody>\n<\/table>\n<\/div>\n<\/div>\n<div class=\"J_module\">\n<div class=\"icbu-pc-images magic-6\">\n<div class=\"flex-layout-v\">\n<div class=\"flex-layout-h magic-6\">\n<div class=\"magic-37\">\n<figure id=\"attachment_1629\" aria-describedby=\"caption-attachment-1629\" style=\"width: 1200px\" class=\"wp-caption alignleft\"><img decoding=\"async\" class=\"wp-image-1629\" src=\"http:\/\/yxwool.com\/wp-content\/uploads\/2023\/07\/\u68c9\u677f-\u8be6\u60c5\u9875ok.jpg\" alt=\"glass wool board\" width=\"1200\" height=\"2051\" srcset=\"https:\/\/yxwool.com\/wp-content\/uploads\/2023\/07\/\u68c9\u677f-\u8be6\u60c5\u9875ok.jpg 750w, https:\/\/yxwool.com\/wp-content\/uploads\/2023\/07\/\u68c9\u677f-\u8be6\u60c5\u9875ok-176x300.jpg 176w, https:\/\/yxwool.com\/wp-content\/uploads\/2023\/07\/\u68c9\u677f-\u8be6\u60c5\u9875ok-599x1024.jpg 599w, https:\/\/yxwool.com\/wp-content\/uploads\/2023\/07\/\u68c9\u677f-\u8be6\u60c5\u9875ok-600x1026.jpg 600w\" sizes=\"(max-width: 1200px) 100vw, 1200px\" \/><figcaption id=\"caption-attachment-1629\" class=\"wp-caption-text\">planche de laine de verre<\/figcaption><\/figure>\n<\/div>\n<\/div>\n<\/div>\n<\/div>\n<\/div>\n<div class=\"J_module\">\n<div class=\"detail-decorate-json-renderer-container\">\n<div class=\"magic-0\">\n<div class=\"magic-1\">\n<div class=\"magic-2\">\n<div><\/div>\n<div><\/div>\n<div><\/div>\n<div><\/div>\n<div><\/div>\n<div><\/div>\n<div><\/div>\n<div><\/div>\n<div><\/div>\n<div><\/div>\n<div><\/div>\n<div><\/div>\n<div><\/div>\n<div><\/div>\n<div><\/div>\n<div><\/div>\n<div><\/div>\n<div><\/div>\n<div><\/div>\n<div><\/div>\n<div><\/div>\n<div><\/div>\n<div><\/div>\n<div><\/div>\n<div><\/div>\n<div><\/div>\n<div><\/div>\n<div><\/div>\n<div><\/div>\n<div><\/div>\n<div><\/div>\n<div><\/div>\n<div><\/div>\n<div><\/div>\n<div><\/div>\n<div><\/div>\n<div><\/div>\n<div><\/div>\n<div><\/div>\n<div><\/div>\n<div><\/div>\n<div><\/div>\n<div><\/div>\n<div><\/div>\n<div><\/div>\n<div><\/div>\n<div><\/div>\n<div><\/div>\n<div class=\"magic-3\"><span class=\"magic-39\"><b class=\"magic-25\"><span class=\"magic-15\">Performances techniques des panneaux isolants en laine de verre<\/span><\/b><\/span><\/div>\n<\/div>\n<div><\/div>\n<\/div>\n<\/div>\n<\/div>\n<\/div>\n<div class=\"J_module\">\n<div class=\"ife-detail-decorate-table\">\n<table class=\"has-title is-zebra all magic-17\" style=\"height: 454px;\" width=\"1200\">\n<tbody>\n<tr>\n<td colspan=\"1\" rowspan=\"1\">\n<div class=\"magic-40\">\n<div class=\"magic-4\" data-spm-anchor-id=\"0.0.0.i9.43af4f05x4XI9S\"><b data-spm-anchor-id=\"0.0.0.i15.43af4f05x4XI9S\"><span style=\"color: #000000; font-family: Verdana;\"><i class=\"magic-41\" data-spm-anchor-id=\"0.0.0.i31.43af4f05x4XI9S\">Contenu test\u00e9<\/i><\/span><\/b><\/div>\n<\/div>\n<\/td>\n<td colspan=\"1\" rowspan=\"1\">\n<div class=\"magic-42\">\n<div class=\"magic-4\" data-spm-anchor-id=\"0.0.0.i41.43af4f05x4XI9S\"><b><span style=\"color: #000000; font-family: Verdana;\"><i class=\"magic-41\" data-spm-anchor-id=\"0.0.0.i57.43af4f05x4XI9S\">M\u00e9thode d&#039;essai<\/i><\/span><\/b><\/div>\n<\/div>\n<\/td>\n<td colspan=\"2\" rowspan=\"1\">\n<div class=\"magic-43\">\n<div class=\"magic-4\" data-spm-anchor-id=\"0.0.0.i3.43af4f05x4XI9S\"><i class=\"magic-25\" data-spm-anchor-id=\"a2700.pc-decorate.0.i1.216e33335ZFwxS\"><span class=\"magic-25\" style=\"font-family: Verdana;\"><b class=\"magic-41\" data-spm-anchor-id=\"0.0.0.i30.43af4f05x4XI9S\">Valeur test\u00e9e<\/b><\/span><\/i><\/div>\n<\/div>\n<\/td>\n<\/tr>\n<tr>\n<td colspan=\"1\" rowspan=\"1\">\n<div class=\"magic-40\">\n<div class=\"magic-14\" data-spm-anchor-id=\"a2700.pc-decorate.0.i1.216e3333itG8KA\">\u00c9cart de temp\u00e9rature<\/div>\n<\/div>\n<\/td>\n<td colspan=\"1\" rowspan=\"1\">\n<div class=\"magic-42\">\n<div class=\"magic-14\" data-spm-anchor-id=\"0.0.0.i8.43af4f05x4XI9S\">ASTM C411<\/div>\n<\/div>\n<\/td>\n<td colspan=\"2\" rowspan=\"1\">\n<div class=\"magic-43\">Jusqu&#039;\u00e0 450 \u00b0C<\/div>\n<\/td>\n<\/tr>\n<tr>\n<td colspan=\"1\" rowspan=\"1\">\n<div class=\"magic-40\">\n<div class=\"magic-14\" data-spm-anchor-id=\"a2700.pc-decorate.0.i183.10d533330QoDer\">Conductivit\u00e9 thermique<\/div>\n<\/div>\n<\/td>\n<td colspan=\"1\" rowspan=\"1\">\n<div class=\"magic-42\">\n<div class=\"magic-14\" data-spm-anchor-id=\"0.0.0.i4.43af4f05x4XI9S\">ASTM C518<\/div>\n<\/div>\n<\/td>\n<td colspan=\"2\" rowspan=\"1\">\n<div class=\"magic-43\">0,032-0,042 (W\/m\u00b7K)<\/div>\n<\/td>\n<\/tr>\n<tr>\n<td colspan=\"1\" rowspan=\"1\">\n<div class=\"magic-40\">\n<div class=\"magic-14\" data-spm-anchor-id=\"a2700.pc-decorate.0.i3.216e3333itG8KA\">R\u00e9sistance \u00e0 la corrosion<\/div>\n<\/div>\n<\/td>\n<td colspan=\"1\" rowspan=\"1\">\n<div class=\"magic-42\">\n<div class=\"magic-14\">ASTM C665<\/div>\n<\/div>\n<\/td>\n<td colspan=\"2\" rowspan=\"1\">\n<div class=\"magic-43\">Aucune r\u00e9action chimique<\/div>\n<\/td>\n<\/tr>\n<tr>\n<td colspan=\"1\" rowspan=\"1\">\n<div class=\"magic-40\">\n<div class=\"magic-14\" data-spm-anchor-id=\"a2700.pc-decorate.0.i162.10d533330QoDer\">R\u00e9sistance aux moisissures<\/div>\n<\/div>\n<\/td>\n<td colspan=\"1\" rowspan=\"1\">\n<div class=\"magic-42\">\n<div class=\"magic-14\" data-spm-anchor-id=\"a2700.pc-decorate.0.i159.10d533330QoDer\">ASTM C665<\/div>\n<\/div>\n<\/td>\n<td colspan=\"2\" rowspan=\"1\">\n<div class=\"magic-43\">R\u00e9sistant \u00e0 la moisissure, inhibe la croissance des champignons<\/div>\n<\/td>\n<\/tr>\n<tr>\n<td colspan=\"1\" rowspan=\"1\">\n<div class=\"magic-40\">\n<div class=\"magic-14\" data-spm-anchor-id=\"a2700.pc-decorate.0.i4.216e3333itG8KA\">Contenu de la boule de scories<\/div>\n<\/div>\n<\/td>\n<td colspan=\"1\" rowspan=\"1\">\n<div class=\"magic-42\">\n<div class=\"magic-14\" data-spm-anchor-id=\"a2700.pc-decorate.0.i158.10d533330QoDer\">GB\/T 5480.5<\/div>\n<\/div>\n<\/td>\n<td colspan=\"2\" rowspan=\"1\">\n<div class=\"magic-43\">0.1<\/div>\n<\/td>\n<\/tr>\n<tr>\n<td colspan=\"1\" rowspan=\"1\">\n<div class=\"magic-40\">\n<div class=\"magic-14\" data-spm-anchor-id=\"a2700.pc-decorate.0.i5.216e3333itG8KA\">Diam\u00e8tre moyen des fibres<\/div>\n<\/div>\n<\/td>\n<td colspan=\"1\" rowspan=\"1\">\n<div class=\"magic-42\">\n<div class=\"magic-14\" data-spm-anchor-id=\"a2700.pc-decorate.0.i157.10d533330QoDer\">GB\/T 17795-2008<\/div>\n<\/div>\n<\/td>\n<td colspan=\"2\" rowspan=\"1\">\n<div class=\"magic-43\">5-8 \u03bcm<\/div>\n<\/td>\n<\/tr>\n<tr>\n<td colspan=\"1\" rowspan=\"1\">\n<div class=\"magic-45\">Absorption d&#039;humidit\u00e9<\/div>\n<\/td>\n<td colspan=\"1\" rowspan=\"1\">\n<div class=\"magic-46\">ASTM C1104<\/div>\n<\/td>\n<td colspan=\"2\" rowspan=\"1\">\n<div class=\"magic-47\">&lt;1% en poids (temp\u00e9rature : 49 \u00b0C, humidit\u00e9 relative : 95%)<\/div>\n<\/td>\n<\/tr>\n<tr>\n<td colspan=\"1\" rowspan=\"1\">\n<div class=\"magic-40\">\n<div class=\"magic-14\" data-spm-anchor-id=\"a2700.pc-decorate.0.i135.10d533330QoDer\">Essai au feu<\/div>\n<\/div>\n<\/td>\n<td colspan=\"1\" rowspan=\"1\">\n<div class=\"magic-42\">\n<div class=\"magic-14\" data-spm-anchor-id=\"a2700.pc-decorate.0.i289.35653333jU8Cc9\">ASTM E84<\/div>\n<div class=\"magic-14\">BS 476 parties 6 et 7<\/div>\n<\/div>\n<\/td>\n<td colspan=\"2\" rowspan=\"1\">\n<div class=\"magic-47\">\n<p>Indice de propagation de la flamme : &lt;25<\/p>\n<div data-spm-anchor-id=\"0.0.0.i25.43af4f05t1rhNW\">Indice de d\u00e9veloppement de fum\u00e9e\u00a0: &lt;50<\/div>\n<\/div>\n<\/td>\n<\/tr>\n<tr>\n<td colspan=\"1\" rowspan=\"1\">\n<div class=\"magic-40\">\n<div class=\"magic-14\" data-spm-anchor-id=\"a2700.pc-decorate.0.i6.216e3333itG8KA\">Degr\u00e9 de combustibilit\u00e9<\/div>\n<\/div>\n<\/td>\n<td colspan=\"1\" rowspan=\"1\">\n<div class=\"magic-42\">\n<div class=\"magic-14\" data-spm-anchor-id=\"0.0.0.i5.43af4f05x4XI9S\">ASTM E84<\/div>\n<\/div>\n<\/td>\n<td colspan=\"2\" rowspan=\"1\">\n<div class=\"magic-43\">Classe A incombustible<\/div>\n<\/td>\n<\/tr>\n<\/tbody>\n<\/table>\n<\/div>\n<\/div>\n<div class=\"J_module\">\n<div class=\"detail-decorate-json-renderer-container\">\n<div class=\"magic-0\">\n<div class=\"magic-1\">\n<div class=\"magic-2\">\n<div class=\"magic-3\">Avantages distinctifs du panneau isolant en laine de verre\u00a0:<br \/>\n\u2022 Tr\u00e8s \u00e9conomique, am\u00e9liore l&#039;efficacit\u00e9 \u00e9nerg\u00e9tique du b\u00e2timent<br \/>\n\u2022 R\u00e9duire la transmission du son ext\u00e9rieur vers l&#039;int\u00e9rieur du b\u00e2timent<br \/>\n\u2022 Absorber les sons r\u00e9verb\u00e9rants dans le b\u00e2timent<br \/>\n\u2022 Fournir une efficacit\u00e9 thermique<br \/>\n\u2022 Gardez le b\u00e2timent plus chaud en hiver et plus frais en \u00e9t\u00e9<br \/>\n\u2022 L\u00e9ger et facile \u00e0 fabriquer sur le chantier<br \/>\n\u2022 Incombustible et ignifuge<br \/>\n\u2022 Durable, \u00e0 vie<br \/>\n\u2022 Imperm\u00e9able et ignifuge, vert et protection de l&#039;environnement<\/div>\n<\/div>\n<\/div>\n<\/div>\n<\/div>\n<\/div>","protected":false},"excerpt":{"rendered":"<p>China Factories Excellent Sound Insulation Glass Wool Board Sound Insulation Materials Glass Wool Insulation Board Overview YUXING\u00ae Glass Wool Board is considered to be the most effective, and environmentally friendly insulation product to use as it is non-combustable, and meets the requirements for optimal thermal and acoustic insulation performance in accordance with the highest international [&hellip;]<\/p>","protected":false},"featured_media":1394,"template":"","meta":{"site-sidebar-layout":"default","site-content-layout":"default","ast-site-content-layout":"","site-content-style":"default","site-sidebar-style":"default","ast-global-header-display":"","ast-banner-title-visibility":"","ast-main-header-display":"","ast-hfb-above-header-display":"","ast-hfb-below-header-display":"","ast-hfb-mobile-header-display":"","site-post-title":"","ast-breadcrumbs-content":"","ast-featured-img":"","footer-sml-layout":"","theme-transparent-header-meta":"default","adv-header-id-meta":"","stick-header-meta":"","header-above-stick-meta":"","header-main-stick-meta":"","header-below-stick-meta":"","astra-migrate-meta-layouts":"default","ast-page-background-enabled":"default","ast-page-background-meta":{"desktop":{"background-color":"","background-image":"","background-repeat":"repeat","background-position":"center center","background-size":"auto","background-attachment":"scroll","background-type":"","background-media":"","overlay-type":"","overlay-color":"","overlay-opacity":"","overlay-gradient":""},"tablet":{"background-color":"","background-image":"","background-repeat":"repeat","background-position":"center center","background-size":"auto","background-attachment":"scroll","background-type":"","background-media":"","overlay-type":"","overlay-color":"","overlay-opacity":"","overlay-gradient":""},"mobile":{"background-color":"","background-image":"","background-repeat":"repeat","background-position":"center center","background-size":"auto","background-attachment":"scroll","background-type":"","background-media":"","overlay-type":"","overlay-color":"","overlay-opacity":"","overlay-gradient":""}},"ast-content-background-meta":{"desktop":{"background-color":"var(--ast-global-color-5)","background-image":"","background-repeat":"repeat","background-position":"center center","background-size":"auto","background-attachment":"scroll","background-type":"","background-media":"","overlay-type":"","overlay-color":"","overlay-opacity":"","overlay-gradient":""},"tablet":{"background-color":"var(--ast-global-color-5)","background-image":"","background-repeat":"repeat","background-position":"center center","background-size":"auto","background-attachment":"scroll","background-type":"","background-media":"","overlay-type":"","overlay-color":"","overlay-opacity":"","overlay-gradient":""},"mobile":{"background-color":"var(--ast-global-color-5)","background-image":"","background-repeat":"repeat","background-position":"center center","background-size":"auto","background-attachment":"scroll","background-type":"","background-media":"","overlay-type":"","overlay-color":"","overlay-opacity":"","overlay-gradient":""}}},"product_brand":[],"product_cat":[15],"product_tag":[],"class_list":{"0":"post-1393","1":"product","2":"type-product","3":"status-publish","4":"has-post-thumbnail","6":"product_cat-glass-wool","7":"desktop-align-center","8":"tablet-align-left","9":"mobile-align-left","11":"first","12":"instock","13":"shipping-taxable","14":"product-type-simple"},"_links":{"self":[{"href":"https:\/\/yxwool.com\/fr\/wp-json\/wp\/v2\/product\/1393","targetHints":{"allow":["GET"]}}],"collection":[{"href":"https:\/\/yxwool.com\/fr\/wp-json\/wp\/v2\/product"}],"about":[{"href":"https:\/\/yxwool.com\/fr\/wp-json\/wp\/v2\/types\/product"}],"wp:featuredmedia":[{"embeddable":true,"href":"https:\/\/yxwool.com\/fr\/wp-json\/wp\/v2\/media\/1394"}],"wp:attachment":[{"href":"https:\/\/yxwool.com\/fr\/wp-json\/wp\/v2\/media?parent=1393"}],"wp:term":[{"taxonomy":"product_brand","embeddable":true,"href":"https:\/\/yxwool.com\/fr\/wp-json\/wp\/v2\/product_brand?post=1393"},{"taxonomy":"product_cat","embeddable":true,"href":"https:\/\/yxwool.com\/fr\/wp-json\/wp\/v2\/product_cat?post=1393"},{"taxonomy":"product_tag","embeddable":true,"href":"https:\/\/yxwool.com\/fr\/wp-json\/wp\/v2\/product_tag?post=1393"}],"curies":[{"name":"wp","href":"https:\/\/api.w.org\/{rel}","templated":true}]}}