{"id":1399,"date":"2023-07-06T03:30:28","date_gmt":"2023-07-06T03:30:28","guid":{"rendered":"http:\/\/yxwool.com\/?post_type=product&#038;p=1399"},"modified":"2023-07-08T05:40:06","modified_gmt":"2023-07-08T05:40:06","slug":"15mm-high-density-fiberglass-thermal-insulation-glass-wool-acoustic-board-panel-thermal-insulation-materials","status":"publish","type":"product","link":"https:\/\/yxwool.com\/fr\/produit\/15mm-high-density-fiberglass-thermal-insulation-glass-wool-acoustic-board-panel-thermal-insulation-materials\/","title":{"rendered":"Mat\u00e9riaux d&#039;isolation thermique de panneau de panneau acoustique de laine de verre d&#039;isolation thermique de fibre de verre \u00e0 haute densit\u00e9 de 15mm"},"content":{"rendered":"<div class=\"J_module\">\n<div class=\"detail-decorate-json-renderer-container\">\n<div class=\"magic-0\">\n<div class=\"magic-1\">\n<div class=\"magic-2\">\n<div class=\"magic-3\">\n<div class=\"magic-4\"><i><b><span class=\"magic-5\"><span data-spm-anchor-id=\"a2700.details.0.i44.3bb42417ooTcnf\">Mat\u00e9riaux d&#039;isolation thermique de panneau de panneau acoustique de laine de verre d&#039;isolation thermique de fibre de verre \u00e0 haute densit\u00e9 de 15mm<\/span><\/span><\/b><\/i><\/div>\n<\/div>\n<\/div>\n<\/div>\n<\/div>\n<\/div>\n<\/div>\n<div class=\"J_module\">\n<div class=\"icbu-pc-images magic-6\">\n<div class=\"flex-layout-v\">\n<div class=\"flex-layout-h magic-6\">\n<div class=\"magic-7\"><img fetchpriority=\"high\" decoding=\"async\" class=\"alignleft wp-image-1398\" src=\"http:\/\/yxwool.com\/wp-content\/uploads\/2023\/07\/H79ceb52aa4754b3292151d7db3366620L.jpg\" alt=\"\" width=\"1200\" height=\"1025\" \/><\/div>\n<\/div>\n<\/div>\n<\/div>\n<\/div>\n<div class=\"J_module\">\n<div id=\"ali-anchor-AliMagic-6ciabf\" class=\"magic-9\" data-section=\"AliMagic-6ciabf\" data-section-title=\"Product Description\"><\/div>\n<\/div>\n<div class=\"J_module\">\n<div class=\"detail-decorate-json-renderer-container\">\n<div class=\"magic-0\">\n<h3 class=\"magic-10\"><span class=\"magic-11\">Pr\u00e9sentation des panneaux isolants en laine de verre<\/span><\/h3>\n<div class=\"magic-1\">\n<div class=\"magic-2\">\n<div class=\"magic-3\">\n<div class=\"magic-12\"><\/div>\n<div class=\"magic-12\"><\/div>\n<div class=\"magic-14\"><b>YUXING<sup>\u00ae<\/sup> Panneau de laine de verre<\/b> est consid\u00e9r\u00e9 comme le produit d&#039;isolation le plus efficace et le plus \u00e9cologique \u00e0 utiliser car il est incombustible et r\u00e9pond aux exigences d&#039;une performance d&#039;isolation thermique et acoustique optimale conform\u00e9ment aux normes internationales les plus \u00e9lev\u00e9es (EN, FM, ASTM).<\/div>\n<div class=\"magic-14\"><\/div>\n<div class=\"magic-14\"><b>YUXING<\/b><sup>\u00ae <\/sup>Le produit centrifuge en laine de verre est une sorte de fibre mince, un mat\u00e9riau isolant \u00e0 faible conductivit\u00e9 thermique, la structure sp\u00e9ciale d\u00e9termine qu&#039;il peut \u00eatre tr\u00e8s bon. peut r\u00e9duire rapidement la transmission du son, de mani\u00e8re \u00e0 chauffer et \u00e0 absorber le son.<\/div>\n<div class=\"magic-14\"><\/div>\n<div class=\"magic-14\"><b>YUXING<\/b><sup>\u00ae<\/sup> La laine de verre comprend 7 s\u00e9ries de couverture en laine de verre, panneau en laine de verre, tube en laine de verre, nappe en laine de verre, laine de verre rev\u00eatue d&#039;aluminium, laine de verre color\u00e9e, laine de verre \u00e0 haute temp\u00e9rature.<\/div>\n<div><\/div>\n<\/div>\n<\/div>\n<\/div>\n<\/div>\n<\/div>\n<\/div>\n<div class=\"J_module\">\n<div class=\"detail-decorate-json-renderer-container\">\n<div class=\"magic-0\">\n<div class=\"magic-1\">\n<div class=\"magic-2\">\n<div class=\"magic-3\"><span class=\"magic-15\"><b class=\"magic-16\">Sp\u00e9cification de l&#039;isolation des panneaux de laine de verre <\/b><\/span><\/div>\n<\/div>\n<\/div>\n<\/div>\n<\/div>\n<\/div>\n<div class=\"J_module\">\n<div class=\"ife-detail-decorate-table\">\n<table class=\"has-title is-zebra hight-light-first-column all magic-17\" style=\"height: 348px;\" width=\"1200\">\n<tbody>\n<tr>\n<td colspan=\"1\" rowspan=\"1\">\n<div class=\"magic-18\">\n<div class=\"magic-4\" data-spm-anchor-id=\"a2700.pc-decorate.0.i55.10d533330QoDer\"><b>ARTICLE<\/b><\/div>\n<\/div>\n<\/td>\n<td colspan=\"2\" rowspan=\"1\">\n<div class=\"magic-19\">\n<div class=\"magic-4\" data-spm-anchor-id=\"0.0.0.i18.43af4f05cdRZXb\"><b>SPEC<\/b><\/div>\n<\/div>\n<\/td>\n<\/tr>\n<tr>\n<td colspan=\"1\" rowspan=\"1\">\n<div class=\"magic-22\">\n<div class=\"magic-4\" data-spm-anchor-id=\"a2700.pc-decorate.0.i53.10d533330QoDer\">Densit\u00e9<\/div>\n<\/div>\n<\/td>\n<td colspan=\"2\" rowspan=\"1\">\n<div class=\"magic-19\">\n<div class=\"magic-4\" data-spm-anchor-id=\"0.0.0.i25.43af4f05cdRZXb\">24-120 kg\/m\u00b3<\/div>\n<\/div>\n<\/td>\n<\/tr>\n<tr>\n<td colspan=\"1\" rowspan=\"1\">\n<div class=\"magic-18\">\n<div class=\"magic-4\" data-spm-anchor-id=\"a2700.pc-decorate.0.i31.10d533330QoDer\">Longueur<\/div>\n<\/div>\n<\/td>\n<td colspan=\"1\" rowspan=\"3\">\n<div class=\"magic-23\">\n<div class=\"magic-4\" data-spm-anchor-id=\"a2700.pc-decorate.0.i66.10d533330QoDer\"><span class=\"magic-13\">\u00a0<\/span><\/div>\n<div class=\"magic-4\" data-spm-anchor-id=\"0.0.0.i0.43af4f059BRb9v\"><b data-spm-anchor-id=\"0.0.0.i0.43af4f05sNmi10\"><span class=\"magic-24\"><span class=\"magic-25\">DISPONIBLE<\/span>LA TAILLE<\/span><\/b><\/div>\n<\/div>\n<\/td>\n<td colspan=\"1\" rowspan=\"1\">\n<div class=\"magic-21\">\n<div class=\"magic-4\" data-spm-anchor-id=\"a2700.pc-decorate.0.i52.10d533330QoDer\">600-2400mm<\/div>\n<\/div>\n<\/td>\n<\/tr>\n<tr>\n<td colspan=\"1\" rowspan=\"1\">\n<div class=\"magic-22\">\n<div class=\"magic-4\" data-spm-anchor-id=\"a2700.pc-decorate.0.i14.10d533330QoDer\">Largeur<\/div>\n<\/div>\n<\/td>\n<td colspan=\"1\" rowspan=\"1\">\n<div class=\"magic-27\">\n<div class=\"magic-4\" data-spm-anchor-id=\"a2700.pc-decorate.0.i15.10d533330QoDer\">600-1200mm<\/div>\n<\/div>\n<\/td>\n<\/tr>\n<tr>\n<td colspan=\"1\" rowspan=\"1\">\n<div class=\"magic-18\">\n<div class=\"magic-4\">\u00c9paisseur<\/div>\n<\/div>\n<\/td>\n<td colspan=\"1\" rowspan=\"1\">\n<div class=\"magic-21\">\n<div class=\"magic-4\" data-spm-anchor-id=\"a2700.pc-decorate.0.i35.10d533330QoDer\">20-200mm<\/div>\n<\/div>\n<\/td>\n<\/tr>\n<tr>\n<td colspan=\"1\" rowspan=\"1\">\n<div class=\"magic-18\">\n<div class=\"magic-4\">Orient\u00e9 vers<\/div>\n<\/div>\n<\/td>\n<td colspan=\"2\" rowspan=\"1\">\n<div class=\"magic-19\">\n<div class=\"magic-4\">Feuille d&#039;aluminium, FSK, PVC, maille de fibre de verre, etc.<\/div>\n<\/div>\n<\/td>\n<\/tr>\n<tr>\n<td colspan=\"1\" rowspan=\"1\">\n<div class=\"magic-22\">\n<div class=\"magic-4\" data-spm-anchor-id=\"a2700.pc-decorate.0.i20.10d533330QoDer\">Une candidature<\/div>\n<\/div>\n<\/td>\n<td colspan=\"2\" rowspan=\"1\">\n<div class=\"magic-19\">\n<div class=\"magic-4\">Isolation des murs ext\u00e9rieurs, des cloisons s\u00e8ches, des cloisons, des panneaux de conduits et de la toiture, etc.<\/div>\n<\/div>\n<\/td>\n<\/tr>\n<tr>\n<td colspan=\"1\" rowspan=\"1\">\n<div class=\"magic-22\">\n<div class=\"magic-4\" data-spm-anchor-id=\"a2700.pc-decorate.0.i4.10d533330QoDer\">Remarque<\/div>\n<\/div>\n<\/td>\n<td colspan=\"2\" rowspan=\"1\">\n<div class=\"magic-19\">\n<div class=\"magic-4\">Des produits personnalis\u00e9s sont disponibles sur consultation<\/div>\n<\/div>\n<\/td>\n<\/tr>\n<\/tbody>\n<\/table>\n<\/div>\n<\/div>\n<div class=\"J_module\">\n<div class=\"icbu-pc-images magic-6\">\n<div class=\"flex-layout-v\">\n<div class=\"flex-layout-h magic-6\">\n<div class=\"magic-37\"><img decoding=\"async\" class=\"alignleft  wp-image-1620\" src=\"http:\/\/yxwool.com\/wp-content\/uploads\/2023\/07\/\u8be6\u60c5\u9875-\u68c9\u5ca9\u6bef.jpg\" alt=\"\" width=\"1200\" height=\"1435\" \/><\/div>\n<\/div>\n<\/div>\n<\/div>\n<\/div>\n<div class=\"J_module\">\n<div class=\"detail-decorate-json-renderer-container\">\n<div class=\"magic-0\">\n<div class=\"magic-1\">\n<div class=\"magic-2\">\n<div><\/div>\n<div><\/div>\n<div><\/div>\n<div><\/div>\n<div><\/div>\n<div><\/div>\n<div><\/div>\n<div><\/div>\n<div><\/div>\n<div><\/div>\n<div><\/div>\n<div><\/div>\n<div><\/div>\n<div><\/div>\n<div><\/div>\n<div><\/div>\n<div><\/div>\n<div><\/div>\n<div><\/div>\n<div><\/div>\n<div><\/div>\n<div><\/div>\n<div><\/div>\n<div><\/div>\n<div><\/div>\n<div><\/div>\n<div><\/div>\n<div><\/div>\n<div><\/div>\n<div><\/div>\n<div><\/div>\n<div><\/div>\n<div><\/div>\n<div><\/div>\n<div><\/div>\n<div><\/div>\n<div><\/div>\n<div><\/div>\n<div><\/div>\n<div><\/div>\n<div><\/div>\n<div><\/div>\n<div><\/div>\n<div><\/div>\n<div><\/div>\n<div><\/div>\n<div class=\"magic-3\"><span class=\"magic-39\"><b class=\"magic-25\"><span class=\"magic-15\">Performances techniques des panneaux isolants en laine de verre<\/span><\/b><\/span><\/div>\n<\/div>\n<\/div>\n<\/div>\n<\/div>\n<\/div>\n<div class=\"J_module\">\n<div class=\"ife-detail-decorate-table\">\n<table class=\"has-title is-zebra all magic-17\" style=\"height: 466px;\" width=\"1200\">\n<tbody>\n<tr>\n<td colspan=\"1\" rowspan=\"1\">\n<div class=\"magic-40\">\n<div class=\"magic-4\" data-spm-anchor-id=\"0.0.0.i9.43af4f05x4XI9S\"><b data-spm-anchor-id=\"0.0.0.i15.43af4f05x4XI9S\"><span style=\"color: #000000; font-family: Verdana;\"><i class=\"magic-41\" data-spm-anchor-id=\"0.0.0.i31.43af4f05x4XI9S\">Contenu test\u00e9<\/i><\/span><\/b><\/div>\n<\/div>\n<\/td>\n<td colspan=\"1\" rowspan=\"1\">\n<div class=\"magic-42\">\n<div class=\"magic-4\" data-spm-anchor-id=\"0.0.0.i41.43af4f05x4XI9S\"><b><span style=\"color: #000000; font-family: Verdana;\"><i class=\"magic-41\" data-spm-anchor-id=\"0.0.0.i57.43af4f05x4XI9S\">M\u00e9thode d&#039;essai<\/i><\/span><\/b><\/div>\n<\/div>\n<\/td>\n<td colspan=\"2\" rowspan=\"1\">\n<div class=\"magic-43\">\n<div class=\"magic-4\" data-spm-anchor-id=\"0.0.0.i3.43af4f05x4XI9S\"><i class=\"magic-25\" data-spm-anchor-id=\"a2700.pc-decorate.0.i1.216e33335ZFwxS\"><span class=\"magic-25\" style=\"font-family: Verdana;\"><b class=\"magic-41\" data-spm-anchor-id=\"0.0.0.i30.43af4f05x4XI9S\">Valeur test\u00e9e<\/b><\/span><\/i><\/div>\n<\/div>\n<\/td>\n<\/tr>\n<tr>\n<td colspan=\"1\" rowspan=\"1\">\n<div class=\"magic-40\">\n<div class=\"magic-14\" data-spm-anchor-id=\"a2700.pc-decorate.0.i1.216e3333itG8KA\">\u00c9cart de temp\u00e9rature<\/div>\n<\/div>\n<\/td>\n<td colspan=\"1\" rowspan=\"1\">\n<div class=\"magic-42\">\n<div class=\"magic-14\" data-spm-anchor-id=\"0.0.0.i8.43af4f05x4XI9S\">ASTM C411<\/div>\n<\/div>\n<\/td>\n<td colspan=\"2\" rowspan=\"1\">\n<div class=\"magic-43\">Jusqu&#039;\u00e0 450 \u00b0C<\/div>\n<\/td>\n<\/tr>\n<tr>\n<td colspan=\"1\" rowspan=\"1\">\n<div class=\"magic-40\">\n<div class=\"magic-14\" data-spm-anchor-id=\"a2700.pc-decorate.0.i183.10d533330QoDer\">Conductivit\u00e9 thermique<\/div>\n<\/div>\n<\/td>\n<td colspan=\"1\" rowspan=\"1\">\n<div class=\"magic-42\">\n<div class=\"magic-14\" data-spm-anchor-id=\"0.0.0.i4.43af4f05x4XI9S\">ASTM C518<\/div>\n<\/div>\n<\/td>\n<td colspan=\"2\" rowspan=\"1\">\n<div class=\"magic-43\">0,032-0,042 (W\/m\u00b7K)<\/div>\n<\/td>\n<\/tr>\n<tr>\n<td colspan=\"1\" rowspan=\"1\">\n<div class=\"magic-40\">\n<div class=\"magic-14\" data-spm-anchor-id=\"a2700.pc-decorate.0.i3.216e3333itG8KA\">R\u00e9sistance \u00e0 la corrosion<\/div>\n<\/div>\n<\/td>\n<td colspan=\"1\" rowspan=\"1\">\n<div class=\"magic-42\">\n<div class=\"magic-14\">ASTM C665<\/div>\n<\/div>\n<\/td>\n<td colspan=\"2\" rowspan=\"1\">\n<div class=\"magic-43\">Aucune r\u00e9action chimique<\/div>\n<\/td>\n<\/tr>\n<tr>\n<td colspan=\"1\" rowspan=\"1\">\n<div class=\"magic-40\">\n<div class=\"magic-14\" data-spm-anchor-id=\"a2700.pc-decorate.0.i162.10d533330QoDer\">R\u00e9sistance aux moisissures<\/div>\n<\/div>\n<\/td>\n<td colspan=\"1\" rowspan=\"1\">\n<div class=\"magic-42\">\n<div class=\"magic-14\" data-spm-anchor-id=\"a2700.pc-decorate.0.i159.10d533330QoDer\">ASTM C665<\/div>\n<\/div>\n<\/td>\n<td colspan=\"2\" rowspan=\"1\">\n<div class=\"magic-43\">R\u00e9sistant \u00e0 la moisissure, inhibe la croissance des champignons<\/div>\n<\/td>\n<\/tr>\n<tr>\n<td colspan=\"1\" rowspan=\"1\">\n<div class=\"magic-40\">\n<div class=\"magic-14\" data-spm-anchor-id=\"a2700.pc-decorate.0.i4.216e3333itG8KA\">Contenu de la boule de scories<\/div>\n<\/div>\n<\/td>\n<td colspan=\"1\" rowspan=\"1\">\n<div class=\"magic-42\">\n<div class=\"magic-14\" data-spm-anchor-id=\"a2700.pc-decorate.0.i158.10d533330QoDer\">GB\/T 5480.5<\/div>\n<\/div>\n<\/td>\n<td colspan=\"2\" rowspan=\"1\">\n<div class=\"magic-43\">0.1<\/div>\n<\/td>\n<\/tr>\n<tr>\n<td colspan=\"1\" rowspan=\"1\">\n<div class=\"magic-40\">\n<div class=\"magic-14\" data-spm-anchor-id=\"a2700.pc-decorate.0.i5.216e3333itG8KA\">Diam\u00e8tre moyen des fibres<\/div>\n<\/div>\n<\/td>\n<td colspan=\"1\" rowspan=\"1\">\n<div class=\"magic-42\">\n<div class=\"magic-14\" data-spm-anchor-id=\"a2700.pc-decorate.0.i157.10d533330QoDer\">GB\/T 17795-2008<\/div>\n<\/div>\n<\/td>\n<td colspan=\"2\" rowspan=\"1\">\n<div class=\"magic-43\">5-8 \u03bcm<\/div>\n<\/td>\n<\/tr>\n<tr>\n<td colspan=\"1\" rowspan=\"1\">\n<div class=\"magic-45\">Absorption d&#039;humidit\u00e9<\/div>\n<\/td>\n<td colspan=\"1\" rowspan=\"1\">\n<div class=\"magic-46\">ASTM C1104<\/div>\n<\/td>\n<td colspan=\"2\" rowspan=\"1\">\n<div class=\"magic-47\">&lt;1% en poids (temp\u00e9rature : 49 \u00b0C, humidit\u00e9 relative : 95%)<\/div>\n<\/td>\n<\/tr>\n<tr>\n<td colspan=\"1\" rowspan=\"1\">\n<div class=\"magic-40\">\n<div class=\"magic-14\" data-spm-anchor-id=\"a2700.pc-decorate.0.i135.10d533330QoDer\">Essai au feu<\/div>\n<\/div>\n<\/td>\n<td colspan=\"1\" rowspan=\"1\">\n<div class=\"magic-42\">\n<div class=\"magic-14\" data-spm-anchor-id=\"a2700.pc-decorate.0.i289.35653333jU8Cc9\">ASTM E84<\/div>\n<div class=\"magic-14\">BS 476 parties 6 et 7<\/div>\n<\/div>\n<\/td>\n<td colspan=\"2\" rowspan=\"1\">\n<div class=\"magic-47\">\n<p>Indice de propagation de la flamme : &lt;25<\/p>\n<div data-spm-anchor-id=\"0.0.0.i25.43af4f05t1rhNW\">Indice de d\u00e9veloppement de fum\u00e9e\u00a0: &lt;50<\/div>\n<\/div>\n<\/td>\n<\/tr>\n<tr>\n<td colspan=\"1\" rowspan=\"1\">\n<div class=\"magic-40\">\n<div class=\"magic-14\" data-spm-anchor-id=\"a2700.pc-decorate.0.i6.216e3333itG8KA\">Degr\u00e9 de combustibilit\u00e9<\/div>\n<\/div>\n<\/td>\n<td colspan=\"1\" rowspan=\"1\">\n<div class=\"magic-42\">\n<div class=\"magic-14\" data-spm-anchor-id=\"0.0.0.i5.43af4f05x4XI9S\">ASTM E84<\/div>\n<\/div>\n<\/td>\n<td colspan=\"2\" rowspan=\"1\">\n<div class=\"magic-43\">Classe A incombustible<\/div>\n<\/td>\n<\/tr>\n<\/tbody>\n<\/table>\n<\/div>\n<\/div>\n<div class=\"J_module\">\n<div class=\"detail-decorate-json-renderer-container\">\n<div class=\"magic-0\">\n<div class=\"magic-1\">\n<div class=\"magic-2\">\n<div class=\"magic-3\"><span class=\"magic-15\" style=\"color: #000000;\"><b class=\"magic-25\"><span class=\"magic-39\">Avantages distinctifs du panneau isolant en laine de verre\u00a0:<\/span><span class=\"magic-48\"><br \/>\n<\/span><\/b><\/span><span class=\"magic-13\">\u2022 Tr\u00e8s \u00e9conomique, am\u00e9liore l&#039;efficacit\u00e9 \u00e9nerg\u00e9tique du b\u00e2timent<\/span><\/div>\n<div class=\"magic-3\"><span class=\"magic-13\"> \u2022 R\u00e9duire la transmission du son ext\u00e9rieur vers l&#039;int\u00e9rieur du b\u00e2timent <\/span><\/div>\n<div class=\"magic-3\"><span class=\"magic-13\">\u2022 Absorber les sons r\u00e9verb\u00e9rants dans le b\u00e2timent <\/span><\/div>\n<div class=\"magic-3\"><span class=\"magic-13\">\u2022 Fournir une efficacit\u00e9 thermique <\/span><\/div>\n<div class=\"magic-3\"><span class=\"magic-13\">\u2022 Gardez le b\u00e2timent plus chaud en hiver et plus frais en \u00e9t\u00e9 <\/span><\/div>\n<div class=\"magic-3\"><span class=\"magic-13\">\u2022 L\u00e9ger et facile \u00e0 fabriquer sur le chantier <\/span><\/div>\n<div class=\"magic-3\"><span class=\"magic-13\">\u2022 Incombustible et ignifuge<\/span><\/div>\n<div class=\"magic-3\"><span class=\"magic-13\"> \u2022 Durable, \u00e0 vie<\/span><\/p>\n<div data-spm-anchor-id=\"a2700.details.0.i46.3bb42417ooTcnf\"><span class=\"magic-13\">\u2022 Imperm\u00e9able et ignifuge, vert et protection de l&#039;environnement<\/span><\/div>\n<\/div>\n<\/div>\n<\/div>\n<\/div>\n<\/div>\n<\/div>","protected":false},"excerpt":{"rendered":"<p>Panneau acoustique en laine de verre \u00e0 isolation thermique en fibre de verre haute densit\u00e9 de 15 mm Mat\u00e9riaux d&#039;isolation thermique Panneau isolant en laine de verre Pr\u00e9sentation Le panneau de laine de verre YUXING\u00ae est consid\u00e9r\u00e9 comme le produit isolant le plus efficace et le plus respectueux de l&#039;environnement \u00e0 utiliser car il est incombustible et r\u00e9pond aux exigences de performances d&#039;isolation thermique et acoustique optimales conform\u00e9ment \u00e0 [\u2026]<\/p>","protected":false},"featured_media":1400,"template":"","meta":{"site-sidebar-layout":"default","site-content-layout":"default","ast-site-content-layout":"","site-content-style":"default","site-sidebar-style":"default","ast-global-header-display":"","ast-banner-title-visibility":"","ast-main-header-display":"","ast-hfb-above-header-display":"","ast-hfb-below-header-display":"","ast-hfb-mobile-header-display":"","site-post-title":"","ast-breadcrumbs-content":"","ast-featured-img":"","footer-sml-layout":"","theme-transparent-header-meta":"default","adv-header-id-meta":"","stick-header-meta":"","header-above-stick-meta":"","header-main-stick-meta":"","header-below-stick-meta":"","astra-migrate-meta-layouts":"default","ast-page-background-enabled":"default","ast-page-background-meta":{"desktop":{"background-color":"","background-image":"","background-repeat":"repeat","background-position":"center center","background-size":"auto","background-attachment":"scroll","background-type":"","background-media":"","overlay-type":"","overlay-color":"","overlay-opacity":"","overlay-gradient":""},"tablet":{"background-color":"","background-image":"","background-repeat":"repeat","background-position":"center center","background-size":"auto","background-attachment":"scroll","background-type":"","background-media":"","overlay-type":"","overlay-color":"","overlay-opacity":"","overlay-gradient":""},"mobile":{"background-color":"","background-image":"","background-repeat":"repeat","background-position":"center center","background-size":"auto","background-attachment":"scroll","background-type":"","background-media":"","overlay-type":"","overlay-color":"","overlay-opacity":"","overlay-gradient":""}},"ast-content-background-meta":{"desktop":{"background-color":"var(--ast-global-color-5)","background-image":"","background-repeat":"repeat","background-position":"center center","background-size":"auto","background-attachment":"scroll","background-type":"","background-media":"","overlay-type":"","overlay-color":"","overlay-opacity":"","overlay-gradient":""},"tablet":{"background-color":"var(--ast-global-color-5)","background-image":"","background-repeat":"repeat","background-position":"center center","background-size":"auto","background-attachment":"scroll","background-type":"","background-media":"","overlay-type":"","overlay-color":"","overlay-opacity":"","overlay-gradient":""},"mobile":{"background-color":"var(--ast-global-color-5)","background-image":"","background-repeat":"repeat","background-position":"center center","background-size":"auto","background-attachment":"scroll","background-type":"","background-media":"","overlay-type":"","overlay-color":"","overlay-opacity":"","overlay-gradient":""}}},"product_brand":[],"product_cat":[15],"product_tag":[],"class_list":{"0":"post-1399","1":"product","2":"type-product","3":"status-publish","4":"has-post-thumbnail","6":"product_cat-glass-wool","7":"desktop-align-center","8":"tablet-align-left","9":"mobile-align-left","11":"first","12":"instock","13":"shipping-taxable","14":"product-type-simple"},"_links":{"self":[{"href":"https:\/\/yxwool.com\/fr\/wp-json\/wp\/v2\/product\/1399","targetHints":{"allow":["GET"]}}],"collection":[{"href":"https:\/\/yxwool.com\/fr\/wp-json\/wp\/v2\/product"}],"about":[{"href":"https:\/\/yxwool.com\/fr\/wp-json\/wp\/v2\/types\/product"}],"wp:featuredmedia":[{"embeddable":true,"href":"https:\/\/yxwool.com\/fr\/wp-json\/wp\/v2\/media\/1400"}],"wp:attachment":[{"href":"https:\/\/yxwool.com\/fr\/wp-json\/wp\/v2\/media?parent=1399"}],"wp:term":[{"taxonomy":"product_brand","embeddable":true,"href":"https:\/\/yxwool.com\/fr\/wp-json\/wp\/v2\/product_brand?post=1399"},{"taxonomy":"product_cat","embeddable":true,"href":"https:\/\/yxwool.com\/fr\/wp-json\/wp\/v2\/product_cat?post=1399"},{"taxonomy":"product_tag","embeddable":true,"href":"https:\/\/yxwool.com\/fr\/wp-json\/wp\/v2\/product_tag?post=1399"}],"curies":[{"name":"wp","href":"https:\/\/api.w.org\/{rel}","templated":true}]}}