{"id":1421,"date":"2023-07-06T04:59:05","date_gmt":"2023-07-06T04:59:05","guid":{"rendered":"http:\/\/yxwool.com\/?post_type=product&#038;p=1421"},"modified":"2023-07-08T06:46:09","modified_gmt":"2023-07-08T06:46:09","slug":"prefab-building-board-glasswool-insulation-r2-5-australia-standard-aluminum-foil-glasswool-batts-pipe-insulation-materials","status":"publish","type":"product","link":"https:\/\/yxwool.com\/fr\/produit\/prefab-building-board-glasswool-insulation-r2-5-australia-standard-aluminum-foil-glasswool-batts-pipe-insulation-materials\/","title":{"rendered":"Panneau de construction pr\u00e9fabriqu\u00e9 isolation en laine de verre r2.5 australie feuille d&#039;aluminium standard laine de verre nattes tuyau mat\u00e9riaux d&#039;isolation"},"content":{"rendered":"<p>Aper\u00e7u des tuyaux d&#039;isolation en laine de verre<\/p>\n<p><strong><b>YUXING<\/b><\/strong><strong><sup><b>\u00ae<\/b><\/sup><\/strong>Le tuyau en laine de verre est consid\u00e9r\u00e9 comme le produit d&#039;isolation le plus efficace et le plus \u00e9cologique \u00e0 utiliser pour les tuyaux<br \/>\nfonctionner car il est incombustible et r\u00e9pond aux exigences d&#039;une performance d&#039;isolation thermique et acoustique optimale conform\u00e9ment \u00e0<br \/>\navec les normes internationales les plus \u00e9lev\u00e9es (EN, FM, ASTM).<\/p>\n<p><strong><b>YUXING<\/b><\/strong><strong><sup><b>\u00ae<\/b><\/sup><\/strong> Le produit centrifuge en laine de verre est une sorte de fibre mince, un mat\u00e9riau d&#039;isolation \u00e0 faible conductivit\u00e9 thermique, le sp\u00e9cial<br \/>\nla structure d\u00e9termine qu&#039;il peut \u00eatre tr\u00e8s bon emprisonner l&#039;air, afin qu&#039;il ne puisse pas circuler, mettre fin \u00e0 la chaleur de convection de l&#039;air<br \/>\ntransfert, mais peut \u00e9galement r\u00e9duire rapidement la transmission du son, afin de chauffer et d&#039;insonoriser l&#039;effet.<\/p>\n<p><strong><b>YUXING<\/b><\/strong><strong><sup><b>\u00ae<\/b><\/sup><\/strong> La laine de verre comprend 7 s\u00e9ries de couverture en laine de verre, panneau en laine de verre, tube en laine de verre, nappe en laine de verre, verre recouvert d&#039;aluminium<br \/>\nlaine, laine de verre color\u00e9e, laine de verre haute temp\u00e9rature.<\/p>\n<div class=\"J_module\">\n<div id=\"ali-anchor-AliMagic-ztakgj\" class=\"magic-13\" data-section=\"AliMagic-ztakgj\" data-section-title=\"Specification of Glass Wool Pipe Insulation\" data-spm-anchor-id=\"a2700.details.0.i47.1c712bb0V17Jx6\">Sp\u00e9cification de l&#039;isolation des tuyaux en laine de verre<\/div>\n<\/div>\n<div class=\"J_module\">\n<div class=\"ife-detail-decorate-table\">\n<table class=\"has-title hight-light-first-column all magic-14\" style=\"height: 345px;\" width=\"1200\">\n<tbody>\n<tr>\n<td colspan=\"1\" rowspan=\"1\">\n<div class=\"magic-15\">\n<div class=\"magic-4\">ARTICLE<\/div>\n<\/div>\n<\/td>\n<td colspan=\"2\" rowspan=\"1\">\n<div class=\"magic-16\">\n<div class=\"magic-4\">SPEC<\/div>\n<\/div>\n<\/td>\n<\/tr>\n<tr>\n<td colspan=\"1\" rowspan=\"1\">\n<div class=\"magic-15\">\n<div class=\"magic-4\">Densit\u00e9<\/div>\n<\/div>\n<\/td>\n<td colspan=\"2\" rowspan=\"1\">\n<div class=\"magic-16\">\n<div class=\"magic-4\" data-spm-anchor-id=\"a2700.pc-decorate.0.i2.3e273333rbKbWT\">40-80 kg\/m\u00b3<\/div>\n<\/div>\n<\/td>\n<\/tr>\n<tr>\n<td colspan=\"1\" rowspan=\"1\">\n<div class=\"magic-15\">\n<div class=\"magic-4\">Longueur<\/div>\n<\/div>\n<\/td>\n<td colspan=\"1\" rowspan=\"3\">\n<div class=\"magic-19\">\n<div class=\"magic-4\"><b>TAILLE DISPONIBLE<\/b><\/div>\n<\/div>\n<\/td>\n<td colspan=\"1\" rowspan=\"1\">\n<div class=\"magic-20\">\n<div class=\"magic-4\" data-spm-anchor-id=\"a2700.details.0.i46.1c712bb0V17Jx6\">1m<\/div>\n<\/div>\n<\/td>\n<\/tr>\n<tr>\n<td colspan=\"1\" rowspan=\"1\">\n<div class=\"magic-15\">\n<div class=\"magic-4\">Diam\u00e8tre int\u00e9rieur<\/div>\n<\/div>\n<\/td>\n<td colspan=\"1\" rowspan=\"1\">\n<div class=\"magic-20\">\n<div class=\"magic-4\">22-720mm<\/div>\n<\/div>\n<\/td>\n<\/tr>\n<tr>\n<td colspan=\"1\" rowspan=\"1\">\n<div class=\"magic-22\">\n<div class=\"magic-4\">\u00c9paisseur<\/div>\n<\/div>\n<\/td>\n<td colspan=\"1\" rowspan=\"1\">\n<div class=\"magic-20\">\n<div class=\"magic-4\">25-100mm<\/div>\n<\/div>\n<\/td>\n<\/tr>\n<tr>\n<td colspan=\"1\" rowspan=\"1\">\n<div class=\"magic-22\">\n<div class=\"magic-4\">Orient\u00e9 vers<\/div>\n<\/div>\n<\/td>\n<td colspan=\"2\" rowspan=\"1\">\n<div class=\"magic-16\">\n<div class=\"magic-4\">Feuille d&#039;aluminium, FSK, PVC, maille de fibre de verre, etc.<\/div>\n<\/div>\n<\/td>\n<\/tr>\n<tr>\n<td colspan=\"1\" rowspan=\"1\">\n<div class=\"magic-22\">\n<div class=\"magic-4\">Application<\/div>\n<\/div>\n<\/td>\n<td colspan=\"2\" rowspan=\"1\">\n<div class=\"magic-16\">\n<div class=\"magic-4\">Toutes sortes de tuyaux (y compris\u00a0: r\u00e9frig\u00e9ration, eau chaude, vapeur) syst\u00e8me d&#039;isolation<\/div>\n<\/div>\n<\/td>\n<\/tr>\n<tr>\n<td colspan=\"1\" rowspan=\"1\">\n<div class=\"magic-22\">\n<div class=\"magic-4\">Remarque<\/div>\n<\/div>\n<\/td>\n<td colspan=\"2\" rowspan=\"1\">\n<div class=\"magic-16\">\n<div class=\"magic-4\">Des produits personnalis\u00e9s sont disponibles sur consultation<\/div>\n<\/div>\n<\/td>\n<\/tr>\n<\/tbody>\n<\/table>\n<\/div>\n<\/div>\n<p><img fetchpriority=\"high\" decoding=\"async\" class=\"alignleft  wp-image-1630\" src=\"http:\/\/yxwool.com\/wp-content\/uploads\/2023\/07\/\u7ba1-\u8be6\u60c5\u9875.jpg\" alt=\"\" width=\"1200\" height=\"2051\" srcset=\"https:\/\/yxwool.com\/wp-content\/uploads\/2023\/07\/\u7ba1-\u8be6\u60c5\u9875.jpg 750w, https:\/\/yxwool.com\/wp-content\/uploads\/2023\/07\/\u7ba1-\u8be6\u60c5\u9875-176x300.jpg 176w, https:\/\/yxwool.com\/wp-content\/uploads\/2023\/07\/\u7ba1-\u8be6\u60c5\u9875-599x1024.jpg 599w, https:\/\/yxwool.com\/wp-content\/uploads\/2023\/07\/\u7ba1-\u8be6\u60c5\u9875-600x1026.jpg 600w\" sizes=\"(max-width: 1200px) 100vw, 1200px\" \/><\/p>\n<div class=\"J_module\">\n<div class=\"detail-decorate-json-renderer-container\">\n<div class=\"magic-0\">\n<h3 data-spm-anchor-id=\"a2700.details.0.i51.1c712bb0V17Jx6\"><\/h3>\n<h3 class=\"magic-32\" data-spm-anchor-id=\"a2700.details.0.i51.1c712bb0V17Jx6\"><span class=\"magic-33\" style=\"color: #000000;\" data-spm-anchor-id=\"a2700.details.0.i50.1c712bb0V17Jx6\">Performances techniques des tubes isolants en laine de verre<\/span><\/h3>\n<\/div>\n<\/div>\n<\/div>\n<div class=\"J_module\">\n<div class=\"ife-detail-decorate-table\">\n<table class=\"has-title hight-light-first-column all magic-14\" style=\"height: 580px;\" width=\"1200\">\n<tbody>\n<tr>\n<td colspan=\"1\" rowspan=\"1\">\n<div class=\"magic-34\">\n<div class=\"magic-4\">Contenu test\u00e9<\/div>\n<\/div>\n<\/td>\n<td colspan=\"1\" rowspan=\"1\">\n<div class=\"magic-35\">\n<div class=\"magic-4\">M\u00e9thode d&#039;essai<\/div>\n<\/div>\n<\/td>\n<td colspan=\"1\" rowspan=\"1\">\n<div class=\"magic-35\">\n<div class=\"magic-4\">Valeur test\u00e9e<\/div>\n<\/div>\n<\/td>\n<\/tr>\n<tr>\n<td colspan=\"1\" rowspan=\"1\">\n<div class=\"magic-34\">\n<div class=\"magic-4\">\u00c9cart de temp\u00e9rature<\/div>\n<\/div>\n<\/td>\n<td colspan=\"1\" rowspan=\"1\">\n<div class=\"magic-35\">\n<div class=\"magic-4\">ASTM C411<\/div>\n<\/div>\n<\/td>\n<td colspan=\"1\" rowspan=\"1\">\n<div class=\"magic-35\">\n<div class=\"magic-4\">Jusqu&#039;\u00e0 450 \u00b0C<\/div>\n<\/div>\n<\/td>\n<\/tr>\n<tr>\n<td colspan=\"1\" rowspan=\"1\">\n<div class=\"magic-34\">\n<div class=\"magic-4\">Conductivit\u00e9 thermique<\/div>\n<\/div>\n<\/td>\n<td colspan=\"1\" rowspan=\"1\">\n<div class=\"magic-35\">\n<div class=\"magic-4\">ASTM C518<\/div>\n<\/div>\n<\/td>\n<td colspan=\"1\" rowspan=\"1\">\n<div class=\"magic-35\">\n<div class=\"magic-4\">0,030-0,042 (W\/m\u00b7K)<\/div>\n<\/div>\n<\/td>\n<\/tr>\n<tr>\n<td colspan=\"1\" rowspan=\"1\">\n<div class=\"magic-34\">\n<div class=\"magic-4\">R\u00e9sistance \u00e0 la corrosion<\/div>\n<\/div>\n<\/td>\n<td colspan=\"1\" rowspan=\"1\">\n<div class=\"magic-35\">\n<div class=\"magic-4\">ASTM C665<\/div>\n<\/div>\n<\/td>\n<td colspan=\"1\" rowspan=\"1\">\n<div class=\"magic-35\">\n<div class=\"magic-4\">Aucune r\u00e9action chimique<\/div>\n<\/div>\n<\/td>\n<\/tr>\n<tr>\n<td colspan=\"1\" rowspan=\"1\">\n<div class=\"magic-36\">\n<div class=\"magic-4\">R\u00e9sistance aux moisissures<\/div>\n<\/div>\n<\/td>\n<td colspan=\"1\" rowspan=\"1\">\n<div class=\"magic-37\">\n<div class=\"magic-4\">ASTM C665<\/div>\n<\/div>\n<\/td>\n<td colspan=\"1\" rowspan=\"1\">\n<div class=\"magic-38\">\n<div class=\"magic-4\">R\u00e9sistant \u00e0 la moisissure, inhibe la croissance des champignons<\/div>\n<\/div>\n<\/td>\n<\/tr>\n<tr>\n<td colspan=\"1\" rowspan=\"1\">\n<div class=\"magic-36\">\n<div class=\"magic-4\">Contenu de la boule de scories<\/div>\n<\/div>\n<\/td>\n<td colspan=\"1\" rowspan=\"1\">\n<div class=\"magic-37\">\n<div class=\"magic-4\">GB\/T 5480.5<\/div>\n<\/div>\n<\/td>\n<td colspan=\"1\" rowspan=\"1\">\n<div class=\"magic-38\">\n<div class=\"magic-4\">0.1<\/div>\n<\/div>\n<\/td>\n<\/tr>\n<tr>\n<td colspan=\"1\" rowspan=\"1\">\n<div class=\"magic-36\">\n<div class=\"magic-4\">Diam\u00e8tre moyen des fibres<\/div>\n<\/div>\n<\/td>\n<td colspan=\"1\" rowspan=\"1\">\n<div class=\"magic-37\">\n<div class=\"magic-4\">GB\/T 17795-2008<\/div>\n<\/div>\n<\/td>\n<td colspan=\"1\" rowspan=\"1\">\n<div class=\"magic-38\">\n<div class=\"magic-4\">5-8 \u03bcm<\/div>\n<\/div>\n<\/td>\n<\/tr>\n<tr>\n<td colspan=\"1\" rowspan=\"1\">\n<div class=\"magic-36\">\n<div class=\"magic-4\">Absorption d&#039;humidit\u00e9<\/div>\n<\/div>\n<\/td>\n<td colspan=\"1\" rowspan=\"1\">\n<div class=\"magic-37\">\n<div class=\"magic-4\">ASTM C1104<\/div>\n<\/div>\n<\/td>\n<td colspan=\"1\" rowspan=\"1\">\n<div class=\"magic-38\">\n<div class=\"magic-4\">&lt;1% en poids (temp\u00e9rature\u00a0: 49\u00a0\u00b0C, humidit\u00e9 relative\u00a0: 95%)<\/div>\n<\/div>\n<\/td>\n<\/tr>\n<tr>\n<td colspan=\"1\" rowspan=\"1\">\n<div class=\"magic-36\">\n<div class=\"magic-4\">Absorption d&#039;humidit\u00e9<\/div>\n<\/div>\n<\/td>\n<td colspan=\"1\" rowspan=\"1\">\n<div class=\"magic-37\">\n<div class=\"magic-4\">ASTM C1104<\/div>\n<\/div>\n<\/td>\n<td colspan=\"1\" rowspan=\"1\">\n<div class=\"magic-38\">\n<div class=\"magic-4\">&lt;1% par volume<\/div>\n<\/div>\n<\/td>\n<\/tr>\n<tr>\n<td colspan=\"1\" rowspan=\"1\">\n<div class=\"magic-36\">\n<div class=\"magic-4\">Coefficient hydrophobe<\/div>\n<\/div>\n<\/td>\n<td colspan=\"1\" rowspan=\"1\">\n<div class=\"magic-37\">\n<div class=\"magic-4\">GB\/T 10299<\/div>\n<\/div>\n<\/td>\n<td colspan=\"1\" rowspan=\"1\">\n<div class=\"magic-38\">\n<div class=\"magic-4\">&gt;99%<\/div>\n<\/div>\n<\/td>\n<\/tr>\n<tr>\n<td colspan=\"1\" rowspan=\"1\">\n<div class=\"magic-36\">\n<div class=\"magic-4\">Essai au feu<\/div>\n<\/div>\n<\/td>\n<td colspan=\"1\" rowspan=\"1\">\n<div class=\"magic-37\">\n<div class=\"magic-4\">ASTM E84<\/div>\n<div class=\"magic-4\">BS 476 parties 6 et 7<\/div>\n<\/div>\n<\/td>\n<td colspan=\"1\" rowspan=\"1\">\n<div class=\"magic-38\">\n<div class=\"magic-4\">Indice de propagation de la flamme : &lt;25<\/div>\n<div class=\"magic-4\">Indice de d\u00e9veloppement de fum\u00e9e\u00a0: &lt;50<\/div>\n<\/div>\n<\/td>\n<\/tr>\n<tr>\n<td colspan=\"1\" rowspan=\"1\">\n<div class=\"magic-36\">\n<div class=\"magic-4\">Degr\u00e9 de combustibilit\u00e9<\/div>\n<\/div>\n<\/td>\n<td colspan=\"1\" rowspan=\"1\">\n<div class=\"magic-37\">\n<div class=\"magic-4\">ASTM E84<\/div>\n<\/div>\n<\/td>\n<td colspan=\"1\" rowspan=\"1\">\n<div class=\"magic-38\">\n<div class=\"magic-4\">Classe A incombustible<\/div>\n<\/div>\n<\/td>\n<\/tr>\n<\/tbody>\n<\/table>\n<\/div>\n<\/div>\n<div class=\"J_module\">\n<div class=\"detail-decorate-json-renderer-container\">\n<div class=\"magic-0\">\n<div class=\"magic-1\">\n<div class=\"magic-2\">\n<div class=\"magic-3\"><b><span class=\"magic-39\" style=\"color: #000000;\"><span class=\"magic-40\">Avantages distinctifs du tuyau d&#039;isolation en laine de verre\u00a0:<\/span><\/span><\/b><br \/>\n<span class=\"magic-41\">\u2022 Tr\u00e8s \u00e9conomique, am\u00e9liore l&#039;efficacit\u00e9 \u00e9nerg\u00e9tique <\/span><\/p>\n<div><span class=\"magic-41\">\u2022 Absorption acoustique et r\u00e9duction du bruit <\/span><\/div>\n<div><span class=\"magic-41\">\u2022 Fournir une efficacit\u00e9 thermique, une faible conductivit\u00e9 thermique<\/span><\/div>\n<div><span class=\"magic-41\">\u2022 L\u00e9ger et facile \u00e0 installer sur le chantier<\/span><\/div>\n<div><span class=\"magic-41\">\u2022 Incombustible et ignifuge <\/span><\/div>\n<div><span class=\"magic-41\">\u2022 Durable, \u00e0 vie<br \/>\n\u2022 Imperm\u00e9able, vert et protection de l&#039;environnement<\/span><\/div>\n<\/div>\n<div>\n<div class=\"J_module\">\n<div class=\"detail-decorate-json-renderer-container\">\n<div class=\"magic-0\">\n<h3><\/h3>\n<h3 class=\"magic-32\"><span class=\"magic-40\"><span class=\"magic-42\" style=\"color: #000000;\" data-spm-anchor-id=\"a2700.details.0.i52.1c712bb0V17Jx6\">Applications de tuyaux d&#039;isolation en laine de verre\u00a0:<\/span><\/span><\/h3>\n<div class=\"magic-1\">\n<div class=\"magic-2\">\n<div class=\"magic-3\">\n<p><strong><b>YUXING<\/b><\/strong><strong><sup><b>\u00ae<\/b><\/sup><\/strong><span style=\"font-size: 16px;\">Le tuyau d&#039;isolation en laine de verre est principalement utilis\u00e9 pour toutes sortes de syst\u00e8mes d&#039;isolation de tuyaux (y compris : r\u00e9frig\u00e9ration, eau chaude, vapeur) fonctionnant \u00e0 une temp\u00e9rature ambiante de 4 \u2103 - 454 \u2103.<\/span><\/p>\n<p><span style=\"font-size: 16px;\">En raison du mat\u00e9riau du manchon de tuyau est imperm\u00e9able et ignifuge, anti-corrosion, non moisi, ne vivant pas la caract\u00e9ristique du<\/span><span style=\"font-size: 16px;\">Insecte, peut donc emp\u00eacher efficacement la condensation, emp\u00eacher le gel des tuyaux, est largement utilis\u00e9 dans l&#039;ing\u00e9nierie des pipelines industriels, civil<\/span><span style=\"font-size: 16px;\">la construction, les tuyaux de chauffage, l&#039;isolation des \u00e9quipements de climatisation et de r\u00e9frig\u00e9ration. L&#039;effet d&#039;\u00e9conomie d&#039;\u00e9nergie peut augmenter 15-30%.<\/span><\/p>\n<\/div>\n<\/div>\n<\/div>\n<\/div>\n<\/div>\n<\/div>\n<div class=\"J_module\">\n<div class=\"icbu-pc-images magic-25\">\n<div>\n<div class=\"flex-layout-v\">\n<div class=\"flex-layout-h magic-25\">\n<div class=\"magic-43\"><img decoding=\"async\" class=\"magic-44\" src=\"https:\/\/sc04.alicdn.com\/kf\/H68fa13f7bf454f9c95d9152e8008f4cdA\/240115170\/H68fa13f7bf454f9c95d9152e8008f4cdA.jpg\" width=\"1200\" height=\"1614\" data-src=\"\/\/sc04.alicdn.com\/kf\/H68fa13f7bf454f9c95d9152e8008f4cdA\/240115170\/H68fa13f7bf454f9c95d9152e8008f4cdA.jpg\" \/><\/div>\n<\/div>\n<\/div>\n<\/div>\n<\/div>\n<\/div>\n<div class=\"J_module\">\n<div class=\"icbu-pc-images magic-25\">\n<div>\n<div class=\"flex-layout-v\">\n<div class=\"flex-layout-h magic-25\">\n<div class=\"magic-45\"><img decoding=\"async\" class=\"magic-46\" src=\"https:\/\/sc04.alicdn.com\/kf\/H42ed4025ce914ccc99bef05f4cdd76ffv\/240115170\/H42ed4025ce914ccc99bef05f4cdd76ffv.jpg\" width=\"1200\" height=\"587\" data-src=\"\/\/sc04.alicdn.com\/kf\/H42ed4025ce914ccc99bef05f4cdd76ffv\/240115170\/H42ed4025ce914ccc99bef05f4cdd76ffv.jpg\" \/><\/div>\n<\/div>\n<\/div>\n<\/div>\n<\/div>\n<\/div>\n<div class=\"J_module\">\n<div class=\"icbu-pc-images magic-25\">\n<div>\n<div class=\"flex-layout-v\">\n<div class=\"flex-layout-h magic-25\">\n<div class=\"magic-47\"><img loading=\"lazy\" decoding=\"async\" class=\"magic-48\" src=\"https:\/\/sc04.alicdn.com\/kf\/Hbb95d21cc693415982b6dcec81cfd494G\/240115170\/Hbb95d21cc693415982b6dcec81cfd494G.jpg\" width=\"1200\" height=\"1365\" data-src=\"\/\/sc04.alicdn.com\/kf\/Hbb95d21cc693415982b6dcec81cfd494G\/240115170\/Hbb95d21cc693415982b6dcec81cfd494G.jpg\" \/><\/div>\n<\/div>\n<\/div>\n<\/div>\n<\/div>\n<\/div>\n<\/div>\n<\/div>\n<\/div>\n<\/div>\n<\/div>\n<\/div>","protected":false},"excerpt":{"rendered":"<p>Glass Wool Insulation Pipe Overview YUXING\u00aeGlass Wool Pipe is considered to be the most effective, and environmentally friendly insulation product to use for pipe work as it is non-combustable, and meets the requirements for optimal thermal and acoustic insulation performance in accordance with the highest international standards (EN, FM, ASTM). YUXING\u00ae centrifugal glass wool product [&hellip;]<\/p>","protected":false},"featured_media":1422,"template":"","meta":{"site-sidebar-layout":"default","site-content-layout":"default","ast-site-content-layout":"","site-content-style":"default","site-sidebar-style":"default","ast-global-header-display":"","ast-banner-title-visibility":"","ast-main-header-display":"","ast-hfb-above-header-display":"","ast-hfb-below-header-display":"","ast-hfb-mobile-header-display":"","site-post-title":"","ast-breadcrumbs-content":"","ast-featured-img":"","footer-sml-layout":"","theme-transparent-header-meta":"default","adv-header-id-meta":"","stick-header-meta":"","header-above-stick-meta":"","header-main-stick-meta":"","header-below-stick-meta":"","astra-migrate-meta-layouts":"default","ast-page-background-enabled":"default","ast-page-background-meta":{"desktop":{"background-color":"","background-image":"","background-repeat":"repeat","background-position":"center center","background-size":"auto","background-attachment":"scroll","background-type":"","background-media":"","overlay-type":"","overlay-color":"","overlay-opacity":"","overlay-gradient":""},"tablet":{"background-color":"","background-image":"","background-repeat":"repeat","background-position":"center center","background-size":"auto","background-attachment":"scroll","background-type":"","background-media":"","overlay-type":"","overlay-color":"","overlay-opacity":"","overlay-gradient":""},"mobile":{"background-color":"","background-image":"","background-repeat":"repeat","background-position":"center center","background-size":"auto","background-attachment":"scroll","background-type":"","background-media":"","overlay-type":"","overlay-color":"","overlay-opacity":"","overlay-gradient":""}},"ast-content-background-meta":{"desktop":{"background-color":"var(--ast-global-color-5)","background-image":"","background-repeat":"repeat","background-position":"center center","background-size":"auto","background-attachment":"scroll","background-type":"","background-media":"","overlay-type":"","overlay-color":"","overlay-opacity":"","overlay-gradient":""},"tablet":{"background-color":"var(--ast-global-color-5)","background-image":"","background-repeat":"repeat","background-position":"center center","background-size":"auto","background-attachment":"scroll","background-type":"","background-media":"","overlay-type":"","overlay-color":"","overlay-opacity":"","overlay-gradient":""},"mobile":{"background-color":"var(--ast-global-color-5)","background-image":"","background-repeat":"repeat","background-position":"center center","background-size":"auto","background-attachment":"scroll","background-type":"","background-media":"","overlay-type":"","overlay-color":"","overlay-opacity":"","overlay-gradient":""}}},"product_brand":[],"product_cat":[15],"product_tag":[],"class_list":{"0":"post-1421","1":"product","2":"type-product","3":"status-publish","4":"has-post-thumbnail","6":"product_cat-glass-wool","7":"desktop-align-center","8":"tablet-align-left","9":"mobile-align-left","11":"first","12":"instock","13":"shipping-taxable","14":"product-type-simple"},"_links":{"self":[{"href":"https:\/\/yxwool.com\/fr\/wp-json\/wp\/v2\/product\/1421","targetHints":{"allow":["GET"]}}],"collection":[{"href":"https:\/\/yxwool.com\/fr\/wp-json\/wp\/v2\/product"}],"about":[{"href":"https:\/\/yxwool.com\/fr\/wp-json\/wp\/v2\/types\/product"}],"wp:featuredmedia":[{"embeddable":true,"href":"https:\/\/yxwool.com\/fr\/wp-json\/wp\/v2\/media\/1422"}],"wp:attachment":[{"href":"https:\/\/yxwool.com\/fr\/wp-json\/wp\/v2\/media?parent=1421"}],"wp:term":[{"taxonomy":"product_brand","embeddable":true,"href":"https:\/\/yxwool.com\/fr\/wp-json\/wp\/v2\/product_brand?post=1421"},{"taxonomy":"product_cat","embeddable":true,"href":"https:\/\/yxwool.com\/fr\/wp-json\/wp\/v2\/product_cat?post=1421"},{"taxonomy":"product_tag","embeddable":true,"href":"https:\/\/yxwool.com\/fr\/wp-json\/wp\/v2\/product_tag?post=1421"}],"curies":[{"name":"wp","href":"https:\/\/api.w.org\/{rel}","templated":true}]}}