{"id":1427,"date":"2023-07-06T05:07:25","date_gmt":"2023-07-06T05:07:25","guid":{"rendered":"http:\/\/yxwool.com\/?post_type=product&#038;p=1427"},"modified":"2023-07-08T06:49:17","modified_gmt":"2023-07-08T06:49:17","slug":"hot-selling-glass-wool-steam-pipe-insulation-fireproof-insulation-sheet-glass-wool","status":"publish","type":"product","link":"https:\/\/yxwool.com\/fr\/produit\/hot-selling-glass-wool-steam-pipe-insulation-fireproof-insulation-sheet-glass-wool\/","title":{"rendered":"Laine de verre de laine de verre de feuille d&#039;isolation ignifuge de vente chaude d&#039;isolation de tuyau de vapeur de laine de verre"},"content":{"rendered":"<div class=\"J_module\">\n<div class=\"detail-decorate-json-renderer-container\">\n<div class=\"magic-0\">\n<div class=\"magic-1\">\n<div class=\"magic-2\">\n<div class=\"magic-3\">\n<div class=\"magic-4\" data-spm-anchor-id=\"a2700.details.0.i41.7e3b468er6FjLJ\"><span class=\"magic-5\"><span class=\"magic-6\" style=\"font-family: Arial;\"><b class=\"magic-5\"><i class=\"magic-5\"><span data-spm-anchor-id=\"a2700.details.0.i40.7e3b468er6FjLJ\">Laine de verre de laine de verre de feuille d&#039;isolation ignifuge de vente chaude d&#039;isolation de tuyau de vapeur de laine de verre<\/span><\/i><\/b><\/span><\/span><\/div>\n<\/div>\n<\/div>\n<\/div>\n<\/div>\n<\/div>\n<\/div>\n<div class=\"J_module\">\n<div class=\"icbu-pc-images magic-7\">\n<div class=\"flex-layout-v\">\n<div class=\"flex-layout-h magic-7\">\n<div class=\"magic-8\"><img fetchpriority=\"high\" decoding=\"async\" class=\"alignleft wp-image-1415\" src=\"http:\/\/yxwool.com\/wp-content\/uploads\/2023\/07\/H1cf0ac8a37c9498fa22fff660d2539478.jpg\" alt=\"\" width=\"1200\" height=\"1576\" srcset=\"https:\/\/yxwool.com\/wp-content\/uploads\/2023\/07\/H1cf0ac8a37c9498fa22fff660d2539478.jpg 750w, https:\/\/yxwool.com\/wp-content\/uploads\/2023\/07\/H1cf0ac8a37c9498fa22fff660d2539478-228x300.jpg 228w, https:\/\/yxwool.com\/wp-content\/uploads\/2023\/07\/H1cf0ac8a37c9498fa22fff660d2539478-600x788.jpg 600w\" sizes=\"(max-width: 1200px) 100vw, 1200px\" \/><\/div>\n<\/div>\n<\/div>\n<\/div>\n<\/div>\n<div class=\"J_module\">\n<div id=\"ali-anchor-AliMagic-c9m3g1\" class=\"magic-10\" data-section=\"AliMagic-c9m3g1\" data-section-title=\"Product Description\"><\/div>\n<\/div>\n<div class=\"J_module\">\n<div class=\"detail-decorate-json-renderer-container\">\n<div class=\"magic-0\">\n<h3><\/h3>\n<h3 class=\"magic-11\"><span class=\"magic-12\">Aper\u00e7u des tuyaux d&#039;isolation en laine de verre<\/span><\/h3>\n<div class=\"magic-1\">\n<div class=\"magic-2\">\n<div class=\"magic-3\">\n<div class=\"magic-13\"><\/div>\n<div class=\"magic-15\"><b>YUXING<sup>\u00ae<\/sup> Pipe en laine de verre<\/b> est consid\u00e9r\u00e9 comme le produit d&#039;isolation le plus efficace et le plus respectueux de l&#039;environnement \u00e0 utiliser pour les travaux de tuyauterie car il est incombustible et r\u00e9pond aux exigences d&#039;une performance d&#039;isolation thermique et acoustique optimale conform\u00e9ment aux normes internationales les plus \u00e9lev\u00e9es (EN, FM, ASTM) .<\/div>\n<div class=\"magic-15\"><\/div>\n<div class=\"magic-15\"><b>YUXING<\/b><sup>\u00ae <\/sup>Le produit centrifuge en laine de verre est une sorte de fibre mince, un mat\u00e9riau isolant \u00e0 faible conductivit\u00e9 thermique, la structure sp\u00e9ciale d\u00e9termine qu&#039;il peut \u00eatre tr\u00e8s bon. peut r\u00e9duire rapidement la transmission du son, de mani\u00e8re \u00e0 chauffer et \u00e0 absorber le son.<\/div>\n<div class=\"magic-15\"><\/div>\n<div class=\"magic-15\"><b>YUXING<\/b><sup>\u00ae<\/sup> La laine de verre comprend 7 s\u00e9ries de couverture en laine de verre, panneau en laine de verre, tube en laine de verre, nappe en laine de verre, laine de verre rev\u00eatue d&#039;aluminium, laine de verre color\u00e9e, laine de verre \u00e0 haute temp\u00e9rature.<\/div>\n<div><\/div>\n<\/div>\n<\/div>\n<\/div>\n<\/div>\n<\/div>\n<\/div>\n<div class=\"J_module\">\n<div class=\"detail-decorate-json-renderer-container\">\n<div class=\"magic-0\">\n<div class=\"magic-1\">\n<div class=\"magic-2\">\n<div class=\"magic-3\"><span class=\"magic-16\"><b class=\"magic-17\">Sp\u00e9cification de l&#039;isolation des tuyaux en laine de verre <\/b><\/span><\/div>\n<\/div>\n<\/div>\n<\/div>\n<\/div>\n<\/div>\n<div class=\"J_module\">\n<div class=\"ife-detail-decorate-table\">\n<table class=\"has-title is-zebra hight-light-first-column all magic-18\" style=\"height: 339px;\" width=\"1199\">\n<tbody>\n<tr>\n<td colspan=\"1\" rowspan=\"1\">\n<div class=\"magic-19\">\n<div class=\"magic-4\" data-spm-anchor-id=\"a2700.pc-decorate.0.i55.10d533330QoDer\"><b>ARTICLE<\/b><\/div>\n<\/div>\n<\/td>\n<td colspan=\"2\" rowspan=\"1\">\n<div class=\"magic-20\">\n<div class=\"magic-4\" data-spm-anchor-id=\"0.0.0.i18.43af4f05cdRZXb\"><b>SPEC<\/b><\/div>\n<\/div>\n<\/td>\n<\/tr>\n<tr>\n<td colspan=\"1\" rowspan=\"1\">\n<div class=\"magic-23\">\n<div class=\"magic-4\" data-spm-anchor-id=\"a2700.pc-decorate.0.i53.10d533330QoDer\">Densit\u00e9<\/div>\n<\/div>\n<\/td>\n<td colspan=\"2\" rowspan=\"1\">\n<div class=\"magic-20\">\n<div class=\"magic-4\" data-spm-anchor-id=\"0.0.0.i25.43af4f05cdRZXb\">40-80 kg\/m\u00b3<\/div>\n<\/div>\n<\/td>\n<\/tr>\n<tr>\n<td colspan=\"1\" rowspan=\"1\">\n<div class=\"magic-19\">\n<div class=\"magic-4\" data-spm-anchor-id=\"a2700.pc-decorate.0.i31.10d533330QoDer\">Longueur<\/div>\n<\/div>\n<\/td>\n<td colspan=\"1\" rowspan=\"3\">\n<div class=\"magic-24\">\n<div class=\"magic-4\" data-spm-anchor-id=\"a2700.pc-decorate.0.i66.10d533330QoDer\"><span class=\"magic-14\">\u00a0<\/span><\/div>\n<div class=\"magic-4\" data-spm-anchor-id=\"0.0.0.i0.43af4f059BRb9v\"><b data-spm-anchor-id=\"0.0.0.i0.43af4f05sNmi10\"><span class=\"magic-25\"><span class=\"magic-5\">DISPONIBLE<\/span>LA TAILLE<\/span><\/b><\/div>\n<\/div>\n<\/td>\n<td colspan=\"1\" rowspan=\"1\">\n<div class=\"magic-22\">\n<div class=\"magic-4\" data-spm-anchor-id=\"a2700.pc-decorate.0.i52.10d533330QoDer\">1m<\/div>\n<\/div>\n<\/td>\n<\/tr>\n<tr>\n<td colspan=\"1\" rowspan=\"1\">\n<div class=\"magic-23\">\n<div class=\"magic-4\" data-spm-anchor-id=\"a2700.pc-decorate.0.i14.10d533330QoDer\">Diam\u00e8tre int\u00e9rieur<\/div>\n<\/div>\n<\/td>\n<td colspan=\"1\" rowspan=\"1\">\n<div class=\"magic-27\">\n<div class=\"magic-4\" data-spm-anchor-id=\"a2700.pc-decorate.0.i15.10d533330QoDer\">22-720mm<\/div>\n<\/div>\n<\/td>\n<\/tr>\n<tr>\n<td colspan=\"1\" rowspan=\"1\">\n<div class=\"magic-19\">\n<div class=\"magic-4\" data-spm-anchor-id=\"a2700.pc-decorate.0.i3.60843333ympqoI\">\u00c9paisseur<\/div>\n<\/div>\n<\/td>\n<td colspan=\"1\" rowspan=\"1\">\n<div class=\"magic-22\">\n<div class=\"magic-4\" data-spm-anchor-id=\"a2700.pc-decorate.0.i35.10d533330QoDer\">25-100mm<\/div>\n<\/div>\n<\/td>\n<\/tr>\n<tr>\n<td colspan=\"1\" rowspan=\"1\">\n<div class=\"magic-19\">\n<div class=\"magic-4\" data-spm-anchor-id=\"a2700.pc-decorate.0.i6.60843333ympqoI\">Orient\u00e9 vers<\/div>\n<\/div>\n<\/td>\n<td colspan=\"2\" rowspan=\"1\">\n<div class=\"magic-20\">\n<div class=\"magic-4\" data-spm-anchor-id=\"a2700.pc-decorate.0.i5.60843333ympqoI\">Feuille d&#039;aluminium, FSK, PVC, maille de fibre de verre, etc.<\/div>\n<\/div>\n<\/td>\n<\/tr>\n<tr>\n<td colspan=\"1\" rowspan=\"1\">\n<div class=\"magic-23\">\n<div class=\"magic-4\" data-spm-anchor-id=\"a2700.pc-decorate.0.i20.10d533330QoDer\">Application<\/div>\n<\/div>\n<\/td>\n<td colspan=\"2\" rowspan=\"1\">\n<div class=\"magic-20\">\n<div class=\"magic-4\" data-spm-anchor-id=\"a2700.pc-decorate.0.i7.60843333ympqoI\">Toutes sortes de tuyaux (y compris\u00a0: r\u00e9frig\u00e9ration, eau chaude, vapeur) syst\u00e8me d&#039;isolation<\/div>\n<\/div>\n<\/td>\n<\/tr>\n<tr>\n<td colspan=\"1\" rowspan=\"1\">\n<div class=\"magic-23\">\n<div class=\"magic-4\" data-spm-anchor-id=\"a2700.pc-decorate.0.i4.10d533330QoDer\">Remarque<\/div>\n<\/div>\n<\/td>\n<td colspan=\"2\" rowspan=\"1\">\n<div class=\"magic-20\">\n<div class=\"magic-4\" data-spm-anchor-id=\"a2700.pc-decorate.0.i8.60843333ympqoI\">Des produits personnalis\u00e9s sont disponibles sur consultation<\/div>\n<\/div>\n<\/td>\n<\/tr>\n<\/tbody>\n<\/table>\n<\/div>\n<\/div>\n<div class=\"J_module\">\n<div class=\"icbu-pc-images magic-7\">\n<div class=\"flex-layout-v\">\n<div class=\"flex-layout-h magic-7\">\n<div class=\"magic-29\"><\/div>\n<div class=\"magic-31\"><\/div>\n<\/div>\n<\/div>\n<\/div>\n<\/div>\n<div class=\"J_module\">\n<div class=\"icbu-pc-images magic-7\">\n<div class=\"flex-layout-v\">\n<div class=\"flex-layout-h magic-7\">\n<div class=\"magic-33\"><img decoding=\"async\" class=\"alignleft  wp-image-1630\" src=\"http:\/\/yxwool.com\/wp-content\/uploads\/2023\/07\/\u7ba1-\u8be6\u60c5\u9875.jpg\" alt=\"\" width=\"1200\" height=\"2051\" srcset=\"https:\/\/yxwool.com\/wp-content\/uploads\/2023\/07\/\u7ba1-\u8be6\u60c5\u9875.jpg 750w, https:\/\/yxwool.com\/wp-content\/uploads\/2023\/07\/\u7ba1-\u8be6\u60c5\u9875-176x300.jpg 176w, https:\/\/yxwool.com\/wp-content\/uploads\/2023\/07\/\u7ba1-\u8be6\u60c5\u9875-599x1024.jpg 599w, https:\/\/yxwool.com\/wp-content\/uploads\/2023\/07\/\u7ba1-\u8be6\u60c5\u9875-600x1026.jpg 600w\" sizes=\"(max-width: 1200px) 100vw, 1200px\" \/><\/div>\n<\/div>\n<\/div>\n<\/div>\n<\/div>\n<div class=\"J_module\">\n<div class=\"detail-decorate-json-renderer-container\">\n<div class=\"magic-0\">\n<div class=\"magic-1\">\n<div class=\"magic-2\">\n<div><\/div>\n<div><\/div>\n<div><\/div>\n<div><\/div>\n<div><\/div>\n<div><\/div>\n<div><\/div>\n<div><\/div>\n<div><\/div>\n<div><\/div>\n<div><\/div>\n<div><\/div>\n<div><\/div>\n<div><\/div>\n<div><\/div>\n<div><\/div>\n<div><\/div>\n<div><\/div>\n<div><\/div>\n<div><\/div>\n<div><\/div>\n<div><\/div>\n<div><\/div>\n<div><\/div>\n<div><\/div>\n<div><\/div>\n<div><\/div>\n<div><\/div>\n<div><\/div>\n<div><\/div>\n<div><\/div>\n<div><\/div>\n<div><\/div>\n<div><\/div>\n<div><\/div>\n<div><\/div>\n<div><\/div>\n<div><\/div>\n<div><\/div>\n<div><\/div>\n<div><\/div>\n<div><\/div>\n<div><\/div>\n<div><\/div>\n<div><\/div>\n<div><\/div>\n<div class=\"magic-3\"><span class=\"magic-35\"><b class=\"magic-5\"><span class=\"magic-16\">Performances techniques des tubes isolants en laine de verre<\/span><\/b><\/span><\/div>\n<\/div>\n<\/div>\n<\/div>\n<\/div>\n<\/div>\n<div class=\"J_module\">\n<div class=\"ife-detail-decorate-table\">\n<table class=\"has-title is-zebra all magic-18\" style=\"height: 573px;\" width=\"1200\">\n<tbody>\n<tr>\n<td colspan=\"1\" rowspan=\"1\">\n<div class=\"magic-36\">\n<div class=\"magic-4\" data-spm-anchor-id=\"0.0.0.i9.43af4f05x4XI9S\"><b data-spm-anchor-id=\"0.0.0.i15.43af4f05x4XI9S\"><span style=\"color: #000000; font-family: Verdana;\"><i class=\"magic-37\" data-spm-anchor-id=\"0.0.0.i31.43af4f05x4XI9S\">Contenu test\u00e9<\/i><\/span><\/b><\/div>\n<\/div>\n<\/td>\n<td colspan=\"1\" rowspan=\"1\">\n<div class=\"magic-38\">\n<div class=\"magic-4\" data-spm-anchor-id=\"0.0.0.i41.43af4f05x4XI9S\"><b><span style=\"color: #000000; font-family: Verdana;\"><i class=\"magic-37\" data-spm-anchor-id=\"0.0.0.i57.43af4f05x4XI9S\">M\u00e9thode d&#039;essai<\/i><\/span><\/b><\/div>\n<\/div>\n<\/td>\n<td colspan=\"2\" rowspan=\"1\">\n<div class=\"magic-39\">\n<div class=\"magic-4\" data-spm-anchor-id=\"0.0.0.i3.43af4f05x4XI9S\"><i class=\"magic-5\" data-spm-anchor-id=\"a2700.pc-decorate.0.i1.216e33335ZFwxS\"><span class=\"magic-5\" style=\"font-family: Verdana;\"><b class=\"magic-37\" data-spm-anchor-id=\"0.0.0.i30.43af4f05x4XI9S\">Valeur test\u00e9e<\/b><\/span><\/i><\/div>\n<\/div>\n<\/td>\n<\/tr>\n<tr>\n<td colspan=\"1\" rowspan=\"1\">\n<div class=\"magic-36\">\n<div class=\"magic-15\" data-spm-anchor-id=\"a2700.pc-decorate.0.i1.216e3333itG8KA\">\u00c9cart de temp\u00e9rature<\/div>\n<\/div>\n<\/td>\n<td colspan=\"1\" rowspan=\"1\">\n<div class=\"magic-38\">\n<div class=\"magic-4\" data-spm-anchor-id=\"0.0.0.i8.43af4f05x4XI9S\">ASTM C411<\/div>\n<\/div>\n<\/td>\n<td colspan=\"2\" rowspan=\"1\">\n<div class=\"magic-39\">\n<div class=\"magic-4\">Jusqu&#039;\u00e0 450 \u00b0C<\/div>\n<\/div>\n<\/td>\n<\/tr>\n<tr>\n<td colspan=\"1\" rowspan=\"1\">\n<div class=\"magic-36\">\n<div class=\"magic-15\" data-spm-anchor-id=\"a2700.pc-decorate.0.i183.10d533330QoDer\">Conductivit\u00e9 thermique<\/div>\n<\/div>\n<\/td>\n<td colspan=\"1\" rowspan=\"1\">\n<div class=\"magic-38\">\n<div class=\"magic-4\" data-spm-anchor-id=\"0.0.0.i4.43af4f05x4XI9S\">ASTM C518<\/div>\n<\/div>\n<\/td>\n<td colspan=\"2\" rowspan=\"1\">\n<div class=\"magic-39\">\n<div class=\"magic-4\">0,030-0,042 (W\/m\u00b7K)<\/div>\n<\/div>\n<\/td>\n<\/tr>\n<tr>\n<td colspan=\"1\" rowspan=\"1\">\n<div class=\"magic-36\">\n<div class=\"magic-15\" data-spm-anchor-id=\"a2700.pc-decorate.0.i3.216e3333itG8KA\">R\u00e9sistance \u00e0 la corrosion<\/div>\n<\/div>\n<\/td>\n<td colspan=\"1\" rowspan=\"1\">\n<div class=\"magic-38\">\n<div class=\"magic-4\" data-spm-anchor-id=\"a2700.pc-decorate.0.i16.60843333QIbWDp\">ASTM C665<\/div>\n<\/div>\n<\/td>\n<td colspan=\"2\" rowspan=\"1\">\n<div class=\"magic-39\">\n<div class=\"magic-4\">Aucune r\u00e9action chimique<\/div>\n<\/div>\n<\/td>\n<\/tr>\n<tr>\n<td colspan=\"1\" rowspan=\"1\">\n<div class=\"magic-36\">\n<div class=\"magic-15\" data-spm-anchor-id=\"a2700.pc-decorate.0.i162.10d533330QoDer\">R\u00e9sistance aux moisissures<\/div>\n<\/div>\n<\/td>\n<td colspan=\"1\" rowspan=\"1\">\n<div class=\"magic-38\">\n<div class=\"magic-4\" data-spm-anchor-id=\"a2700.pc-decorate.0.i159.10d533330QoDer\">ASTM C665<\/div>\n<\/div>\n<\/td>\n<td colspan=\"2\" rowspan=\"1\">\n<div class=\"magic-39\">\n<div class=\"magic-4\">R\u00e9sistant \u00e0 la moisissure, inhibe la croissance des champignons<\/div>\n<\/div>\n<\/td>\n<\/tr>\n<tr>\n<td colspan=\"1\" rowspan=\"1\">\n<div class=\"magic-36\">\n<div class=\"magic-15\" data-spm-anchor-id=\"a2700.pc-decorate.0.i4.216e3333itG8KA\">Contenu de la boule de scories<\/div>\n<\/div>\n<\/td>\n<td colspan=\"1\" rowspan=\"1\">\n<div class=\"magic-38\">\n<div class=\"magic-4\" data-spm-anchor-id=\"a2700.pc-decorate.0.i158.10d533330QoDer\">GB\/T 5480.5<\/div>\n<\/div>\n<\/td>\n<td colspan=\"2\" rowspan=\"1\">\n<div class=\"magic-39\">\n<div class=\"magic-4\">0.1<\/div>\n<\/div>\n<\/td>\n<\/tr>\n<tr>\n<td colspan=\"1\" rowspan=\"1\">\n<div class=\"magic-36\">\n<div class=\"magic-15\" data-spm-anchor-id=\"a2700.pc-decorate.0.i5.216e3333itG8KA\">Diam\u00e8tre moyen des fibres<\/div>\n<\/div>\n<\/td>\n<td colspan=\"1\" rowspan=\"1\">\n<div class=\"magic-38\">\n<div class=\"magic-4\" data-spm-anchor-id=\"a2700.pc-decorate.0.i157.10d533330QoDer\">GB\/T 17795-2008<\/div>\n<\/div>\n<\/td>\n<td colspan=\"2\" rowspan=\"1\">\n<div class=\"magic-39\">\n<div class=\"magic-4\">5-8 \u03bcm<\/div>\n<\/div>\n<\/td>\n<\/tr>\n<tr>\n<td colspan=\"1\" rowspan=\"1\">\n<div class=\"magic-41\">Absorption d&#039;humidit\u00e9<\/div>\n<\/td>\n<td colspan=\"1\" rowspan=\"1\">\n<div class=\"magic-42\">\n<div class=\"magic-4\">ASTM C1104<\/div>\n<\/div>\n<\/td>\n<td colspan=\"2\" rowspan=\"1\">\n<div class=\"magic-43\">\n<div class=\"magic-4\">&lt;1% en poids (temp\u00e9rature\u00a0: 49\u00a0\u00b0C, humidit\u00e9 relative\u00a0: 95%)<\/div>\n<\/div>\n<\/td>\n<\/tr>\n<tr>\n<td colspan=\"1\" rowspan=\"1\">\n<div class=\"magic-41\">Absorption d&#039;humidit\u00e9<\/div>\n<\/td>\n<td colspan=\"1\" rowspan=\"1\">\n<div class=\"magic-42\">\n<div class=\"magic-4\">ASTM C1104<\/div>\n<\/div>\n<\/td>\n<td colspan=\"2\" rowspan=\"1\">\n<div class=\"magic-43\">\n<div class=\"magic-4\">&lt;1% par volume<\/div>\n<\/div>\n<\/td>\n<\/tr>\n<tr>\n<td colspan=\"1\" rowspan=\"1\">\n<div class=\"magic-41\">Coefficient hydrophobe<\/div>\n<\/td>\n<td colspan=\"1\" rowspan=\"1\">\n<div class=\"magic-42\">\n<div class=\"magic-4\">GB\/T 10299<\/div>\n<\/div>\n<\/td>\n<td colspan=\"2\" rowspan=\"1\">\n<div class=\"magic-43\">\n<div class=\"magic-4\">&gt;99%<\/div>\n<\/div>\n<\/td>\n<\/tr>\n<tr>\n<td colspan=\"1\" rowspan=\"1\">\n<div class=\"magic-36\">\n<div class=\"magic-15\" data-spm-anchor-id=\"a2700.pc-decorate.0.i135.10d533330QoDer\">Essai au feu<\/div>\n<\/div>\n<\/td>\n<td colspan=\"1\" rowspan=\"1\">\n<div class=\"magic-38\">\n<div class=\"magic-4\" data-spm-anchor-id=\"a2700.pc-decorate.0.i289.35653333jU8Cc9\">ASTM E84<\/div>\n<div class=\"magic-4\">BS 476 parties 6 et 7<\/div>\n<\/div>\n<\/td>\n<td colspan=\"2\" rowspan=\"1\">\n<div class=\"magic-43\">\n<div class=\"magic-4\">Indice de propagation de la flamme : &lt;25<\/div>\n<div class=\"magic-4\" data-spm-anchor-id=\"0.0.0.i25.43af4f05t1rhNW\">Indice de d\u00e9veloppement de fum\u00e9e\u00a0: &lt;50<\/div>\n<\/div>\n<\/td>\n<\/tr>\n<tr>\n<td colspan=\"1\" rowspan=\"1\">\n<div class=\"magic-36\">\n<div class=\"magic-15\" data-spm-anchor-id=\"a2700.pc-decorate.0.i6.216e3333itG8KA\">Degr\u00e9 de combustibilit\u00e9<\/div>\n<\/div>\n<\/td>\n<td colspan=\"1\" rowspan=\"1\">\n<div class=\"magic-38\">\n<div class=\"magic-4\" data-spm-anchor-id=\"0.0.0.i5.43af4f05x4XI9S\">ASTM E84<\/div>\n<\/div>\n<\/td>\n<td colspan=\"2\" rowspan=\"1\">\n<div class=\"magic-39\">\n<div class=\"magic-4\">Classe A incombustible<\/div>\n<\/div>\n<\/td>\n<\/tr>\n<\/tbody>\n<\/table>\n<\/div>\n<\/div>\n<div class=\"J_module\">\n<div class=\"detail-decorate-json-renderer-container\">\n<div class=\"magic-0\">\n<div class=\"magic-1\">\n<div class=\"magic-2\">\n<div class=\"magic-3\"><span class=\"magic-16\" style=\"color: #000000;\"><b class=\"magic-5\"><span class=\"magic-35\">Avantages distinctifs du tuyau d&#039;isolation en laine de verre\u00a0:<\/span><span class=\"magic-45\"><br \/>\n<\/span><\/b><\/span><span class=\"magic-16\">\u2022 <\/span><span class=\"magic-14\">Tr\u00e8s \u00e9conomique, am\u00e9liore l&#039;efficacit\u00e9 \u00e9nerg\u00e9tique<\/span><\/div>\n<div class=\"magic-3\"><span class=\"magic-5\"><span class=\"magic-16\">\u2022 <\/span><span class=\"magic-14\">Absorption acoustique et r\u00e9duction du bruit<\/span> <\/span><\/div>\n<div class=\"magic-3\"><span class=\"magic-5\"><span class=\"magic-16\">\u2022 <\/span><span class=\"magic-14\">Fournir une efficacit\u00e9 thermique, l<\/span><span class=\"magic-14\">faible conductivit\u00e9 thermique<\/span><\/span><\/div>\n<div class=\"magic-3\"><span class=\"magic-5\"> <span class=\"magic-16\">\u2022 <\/span><span class=\"magic-14\">L\u00e9ger et facile \u00e0 installer sur le chantier <\/span><\/span><\/div>\n<div class=\"magic-3\"><span class=\"magic-5\"><span class=\"magic-16\">\u2022 <\/span><span class=\"magic-14\">Incombustible et ignifuge <\/span><\/span><\/div>\n<div class=\"magic-3\"><span class=\"magic-5\"><span class=\"magic-16\">\u2022 <\/span><span class=\"magic-14\">Durable, \u00e0 vie<\/span><\/span><\/p>\n<div><span class=\"magic-5\"><span class=\"magic-16\">\u2022 <\/span><span class=\"magic-14\">Imperm\u00e9able, vert et protection de l&#039;environnement<\/span><span class=\"magic-14\"><br \/>\n<\/span><\/span><\/div>\n<\/div>\n<\/div>\n<\/div>\n<\/div>\n<\/div>\n<\/div>\n<div class=\"J_module\">\n<div class=\"detail-decorate-json-renderer-container\">\n<div class=\"magic-0\">\n<div class=\"magic-46\">\n<div class=\"magic-2\">\n<div class=\"magic-3\"><\/div>\n<\/div>\n<\/div>\n<div class=\"magic-46\">\n<div class=\"magic-2\">\n<div class=\"magic-48\">\n<div class=\"magic-4\"><\/div>\n<\/div>\n<\/div>\n<\/div>\n<\/div>\n<\/div>\n<\/div>\n<div class=\"J_module\">\n<div class=\"detail-decorate-json-renderer-container\">\n<div class=\"magic-0\">\n<h3 class=\"magic-11\"><span class=\"magic-51\">Applications de tuyaux d&#039;isolation en laine de verre\u00a0:<\/span><\/h3>\n<div class=\"magic-1\">\n<div class=\"magic-2\">\n<div class=\"magic-3\">\n<div class=\"magic-15\"><span class=\"magic-5\"><b class=\"magic-14\">YUXING<sup class=\"magic-5\">\u00ae<\/sup> Tuyau d&#039;isolation en laine de verre<\/b><span class=\"magic-14\"> est m<\/span><span class=\"magic-14\">principalement utilis\u00e9 pour <\/span><\/span><span class=\"magic-14\">toutes sortes de tuyaux (y compris: r\u00e9frig\u00e9ration, eau chaude, vapeur) syst\u00e8me d&#039;isolation fonctionnant \u00e0 une temp\u00e9rature ambiante de 4 \u2103 - 454 \u2103.<\/span><\/div>\n<p><span class=\"magic-14\"> En raison du mat\u00e9riau du manchon de tuyau est imperm\u00e9able et ignifuge, anti-corrosion, non moisi, ne vit pas la caract\u00e9ristique de l&#039;insecte, peut donc emp\u00eacher efficacement la condensation, emp\u00eacher le gel des tuyaux, est largement utilis\u00e9 dans l&#039;ing\u00e9nierie des pipelines industriels, la construction civile, les tuyaux de chauffage , isolation des \u00e9quipements de climatisation et de r\u00e9frig\u00e9ration. L&#039;effet d&#039;\u00e9conomie d&#039;\u00e9nergie peut augmenter 15-30%.<\/span><\/p>\n<\/div>\n<\/div>\n<\/div>\n<\/div>\n<\/div>\n<\/div>\n<div class=\"J_module\">\n<div class=\"icbu-pc-images magic-7\">\n<div>\n<div class=\"flex-layout-v\">\n<div class=\"flex-layout-h magic-7\">\n<div class=\"magic-52\"><img decoding=\"async\" class=\"magic-53\" src=\"https:\/\/sc04.alicdn.com\/kf\/H51aa9aac6c2a46f9b62ca73351ea3e3fI\/240115170\/H51aa9aac6c2a46f9b62ca73351ea3e3fI.jpg\" width=\"1200\" height=\"1597\" data-src=\"\/\/sc04.alicdn.com\/kf\/H51aa9aac6c2a46f9b62ca73351ea3e3fI\/240115170\/H51aa9aac6c2a46f9b62ca73351ea3e3fI.jpg\" \/><\/div>\n<\/div>\n<\/div>\n<\/div>\n<\/div>\n<\/div>\n<div class=\"J_module\">\n<div class=\"icbu-pc-images magic-7\">\n<div>\n<div class=\"flex-layout-v\">\n<div class=\"flex-layout-h magic-7\">\n<div class=\"magic-54\"><img loading=\"lazy\" decoding=\"async\" class=\"magic-55\" src=\"https:\/\/sc04.alicdn.com\/kf\/H42ed4025ce914ccc99bef05f4cdd76ffv\/240115170\/H42ed4025ce914ccc99bef05f4cdd76ffv.jpg\" width=\"1200\" height=\"587\" data-src=\"\/\/sc04.alicdn.com\/kf\/H42ed4025ce914ccc99bef05f4cdd76ffv\/240115170\/H42ed4025ce914ccc99bef05f4cdd76ffv.jpg\" \/><\/div>\n<\/div>\n<\/div>\n<\/div>\n<\/div>\n<\/div>\n<div class=\"J_module\">\n<div class=\"icbu-pc-images magic-7\">\n<div>\n<div class=\"flex-layout-v\">\n<div class=\"flex-layout-h magic-7\">\n<div class=\"magic-56\"><img loading=\"lazy\" decoding=\"async\" class=\"magic-57\" src=\"https:\/\/sc04.alicdn.com\/kf\/Ha30192bb9ed141949a538446fa5a7fd6x\/240115170\/Ha30192bb9ed141949a538446fa5a7fd6x.jpg\" width=\"1200\" height=\"1357\" data-src=\"\/\/sc04.alicdn.com\/kf\/Ha30192bb9ed141949a538446fa5a7fd6x\/240115170\/Ha30192bb9ed141949a538446fa5a7fd6x.jpg\" \/><\/div>\n<\/div>\n<\/div>\n<\/div>\n<\/div>\n<\/div>","protected":false},"excerpt":{"rendered":"<p>Tuyau d&#039;isolation en laine de verre pour vapeur, vente \u00e0 chaud, feuille d&#039;isolation ignifuge, laine de verre, tuyau d&#039;isolation en laine de verre, aper\u00e7u Le tuyau en laine de verre YUXING\u00ae est consid\u00e9r\u00e9 comme le produit d&#039;isolation le plus efficace et le plus respectueux de l&#039;environnement \u00e0 utiliser pour les travaux de tuyauterie, car il est incombustible et r\u00e9pond aux exigences de performances d&#039;isolation thermique et acoustique optimales conform\u00e9ment [\u2026]<\/p>","protected":false},"featured_media":1428,"template":"","meta":{"site-sidebar-layout":"default","site-content-layout":"default","ast-site-content-layout":"","site-content-style":"default","site-sidebar-style":"default","ast-global-header-display":"","ast-banner-title-visibility":"","ast-main-header-display":"","ast-hfb-above-header-display":"","ast-hfb-below-header-display":"","ast-hfb-mobile-header-display":"","site-post-title":"","ast-breadcrumbs-content":"","ast-featured-img":"","footer-sml-layout":"","theme-transparent-header-meta":"default","adv-header-id-meta":"","stick-header-meta":"","header-above-stick-meta":"","header-main-stick-meta":"","header-below-stick-meta":"","astra-migrate-meta-layouts":"default","ast-page-background-enabled":"default","ast-page-background-meta":{"desktop":{"background-color":"","background-image":"","background-repeat":"repeat","background-position":"center center","background-size":"auto","background-attachment":"scroll","background-type":"","background-media":"","overlay-type":"","overlay-color":"","overlay-opacity":"","overlay-gradient":""},"tablet":{"background-color":"","background-image":"","background-repeat":"repeat","background-position":"center center","background-size":"auto","background-attachment":"scroll","background-type":"","background-media":"","overlay-type":"","overlay-color":"","overlay-opacity":"","overlay-gradient":""},"mobile":{"background-color":"","background-image":"","background-repeat":"repeat","background-position":"center center","background-size":"auto","background-attachment":"scroll","background-type":"","background-media":"","overlay-type":"","overlay-color":"","overlay-opacity":"","overlay-gradient":""}},"ast-content-background-meta":{"desktop":{"background-color":"var(--ast-global-color-5)","background-image":"","background-repeat":"repeat","background-position":"center center","background-size":"auto","background-attachment":"scroll","background-type":"","background-media":"","overlay-type":"","overlay-color":"","overlay-opacity":"","overlay-gradient":""},"tablet":{"background-color":"var(--ast-global-color-5)","background-image":"","background-repeat":"repeat","background-position":"center center","background-size":"auto","background-attachment":"scroll","background-type":"","background-media":"","overlay-type":"","overlay-color":"","overlay-opacity":"","overlay-gradient":""},"mobile":{"background-color":"var(--ast-global-color-5)","background-image":"","background-repeat":"repeat","background-position":"center center","background-size":"auto","background-attachment":"scroll","background-type":"","background-media":"","overlay-type":"","overlay-color":"","overlay-opacity":"","overlay-gradient":""}}},"product_brand":[],"product_cat":[15],"product_tag":[],"class_list":{"0":"post-1427","1":"product","2":"type-product","3":"status-publish","4":"has-post-thumbnail","6":"product_cat-glass-wool","7":"desktop-align-center","8":"tablet-align-left","9":"mobile-align-left","11":"first","12":"instock","13":"shipping-taxable","14":"product-type-simple"},"_links":{"self":[{"href":"https:\/\/yxwool.com\/fr\/wp-json\/wp\/v2\/product\/1427","targetHints":{"allow":["GET"]}}],"collection":[{"href":"https:\/\/yxwool.com\/fr\/wp-json\/wp\/v2\/product"}],"about":[{"href":"https:\/\/yxwool.com\/fr\/wp-json\/wp\/v2\/types\/product"}],"wp:featuredmedia":[{"embeddable":true,"href":"https:\/\/yxwool.com\/fr\/wp-json\/wp\/v2\/media\/1428"}],"wp:attachment":[{"href":"https:\/\/yxwool.com\/fr\/wp-json\/wp\/v2\/media?parent=1427"}],"wp:term":[{"taxonomy":"product_brand","embeddable":true,"href":"https:\/\/yxwool.com\/fr\/wp-json\/wp\/v2\/product_brand?post=1427"},{"taxonomy":"product_cat","embeddable":true,"href":"https:\/\/yxwool.com\/fr\/wp-json\/wp\/v2\/product_cat?post=1427"},{"taxonomy":"product_tag","embeddable":true,"href":"https:\/\/yxwool.com\/fr\/wp-json\/wp\/v2\/product_tag?post=1427"}],"curies":[{"name":"wp","href":"https:\/\/api.w.org\/{rel}","templated":true}]}}