{"id":1449,"date":"2023-07-06T14:57:18","date_gmt":"2023-07-06T14:57:18","guid":{"rendered":"http:\/\/yxwool.com\/?post_type=product&#038;p=1449"},"modified":"2023-07-08T07:48:27","modified_gmt":"2023-07-08T07:48:27","slug":"metal-roof-board-rock-wool-and-vapour-permeable-glass-weave-insulation-materials","status":"publish","type":"product","link":"https:\/\/yxwool.com\/fr\/produit\/metal-roof-board-rock-wool-and-vapour-permeable-glass-weave-insulation-materials\/","title":{"rendered":"Laine de roche de panneau de toit en m\u00e9tal et mat\u00e9riaux isolants perm\u00e9ables \u00e0 la vapeur d&#039;armure de verre"},"content":{"rendered":"<div class=\"J_module\">\n<div class=\"detail-decorate-json-renderer-container\">\n<div class=\"magic-0\">\n<div class=\"magic-1\">\n<div class=\"magic-2\">\n<div class=\"magic-3\">\n<div class=\"magic-4\"><span class=\"magic-5\"><b class=\"magic-6\"><i><span data-spm-anchor-id=\"a2700.details.0.i40.6e346dc2Np3aUG\">Laine de roche de panneau de toit en m\u00e9tal et mat\u00e9riaux isolants perm\u00e9ables \u00e0 la vapeur d&#039;armure de verre<\/span><\/i><\/b><\/span><\/div>\n<\/div>\n<\/div>\n<\/div>\n<\/div>\n<\/div>\n<\/div>\n<div class=\"J_module\">\n<div class=\"icbu-pc-images magic-7\">\n<div class=\"flex-layout-v\">\n<div class=\"flex-layout-h magic-7\">\n<div class=\"magic-8\"><img fetchpriority=\"high\" decoding=\"async\" class=\"alignleft wp-image-1434\" src=\"http:\/\/yxwool.com\/wp-content\/uploads\/2023\/07\/6.jpg\" alt=\"\" width=\"1200\" height=\"1072\" \/><\/div>\n<\/div>\n<\/div>\n<\/div>\n<\/div>\n<div class=\"J_module\">\n<div id=\"ali-anchor-AliMagic-rdzjqh\" class=\"magic-10\" data-section=\"AliMagic-rdzjqh\" data-section-title=\"Product Description\"><\/div>\n<\/div>\n<div class=\"J_module\">\n<div class=\"detail-decorate-json-renderer-container\">\n<div class=\"magic-0\">\n<h3><\/h3>\n<h3 class=\"magic-11\"><span class=\"magic-12\">Panneau isolant en laine de roche<\/span><\/h3>\n<div class=\"magic-1\">\n<div class=\"magic-2\">\n<div class=\"magic-3\">\n<div class=\"magic-15\">Rock Wool Board est fabriqu\u00e9 \u00e0 partir de basalte, une mati\u00e8re premi\u00e8re inorganique. Il est produit en chauffant du basalte \u00e0 1350\u02daC - 1400\u02daC et en le transformant en fibres, qui sont li\u00e9es entre elles \u00e0 l&#039;aide d&#039;une r\u00e9sine thermodurcissable. Il est l\u00e9ger et facile \u00e0 installer, principalement utilis\u00e9 pour l&#039;isolation thermique et acoustique o\u00f9 une r\u00e9sistance \u00e9lev\u00e9e \u00e0 la compression est requise, comme les sur-ponts, les planchers, les panneaux sandwich et les cloisons s\u00e8ches.<\/div>\n<div><\/div>\n<\/div>\n<\/div>\n<\/div>\n<\/div>\n<\/div>\n<\/div>\n<div class=\"J_module\">\n<div class=\"detail-decorate-json-renderer-container\">\n<div class=\"magic-0\">\n<div class=\"magic-1\">\n<div class=\"magic-2\">\n<div class=\"magic-3\"><span class=\"magic-16\"><b class=\"magic-17\">Sp\u00e9cification des panneaux isolants en laine de roche<\/b><\/span><\/div>\n<\/div>\n<\/div>\n<\/div>\n<\/div>\n<\/div>\n<div class=\"J_module\">\n<div class=\"ife-detail-decorate-table\">\n<table class=\"all magic-18\" style=\"height: 206px;\" width=\"1200\">\n<tbody>\n<tr>\n<td colspan=\"1\" rowspan=\"1\">\n<div class=\"magic-19\">LAINE DE ROCHE<\/div>\n<\/td>\n<td colspan=\"1\" rowspan=\"1\">\n<div class=\"magic-20\">Article<\/div>\n<\/td>\n<td colspan=\"1\" rowspan=\"1\">\n<div class=\"magic-21\">Unit\u00e9<\/div>\n<\/td>\n<td colspan=\"1\" rowspan=\"1\">\n<div class=\"magic-22\">Indice<\/div>\n<\/td>\n<\/tr>\n<tr>\n<td colspan=\"1\" rowspan=\"1\">\n<div class=\"magic-19\">LAINE DE ROCHE<\/div>\n<\/td>\n<td colspan=\"1\" rowspan=\"1\">\n<div class=\"magic-20\">Densit\u00e9<\/div>\n<\/td>\n<td colspan=\"1\" rowspan=\"1\">\n<div class=\"magic-21\">kg\/m3<\/div>\n<\/td>\n<td colspan=\"1\" rowspan=\"1\">\n<div class=\"magic-22\">40-100<\/div>\n<\/td>\n<\/tr>\n<tr>\n<td colspan=\"1\" rowspan=\"1\">\n<div class=\"magic-19\">LAINE DE ROCHE<\/div>\n<\/td>\n<td colspan=\"1\" rowspan=\"1\">\n<div class=\"magic-20\">Longueur<\/div>\n<\/td>\n<td colspan=\"1\" rowspan=\"1\">\n<div class=\"magic-21\">m<\/div>\n<\/td>\n<td colspan=\"1\" rowspan=\"1\">\n<div class=\"magic-22\">600-2400<\/div>\n<\/td>\n<\/tr>\n<tr>\n<td colspan=\"1\" rowspan=\"1\">\n<div class=\"magic-19\">LAINE DE ROCHE<\/div>\n<\/td>\n<td colspan=\"1\" rowspan=\"1\">\n<div class=\"magic-20\">Largeur<\/div>\n<\/td>\n<td colspan=\"1\" rowspan=\"1\">\n<div class=\"magic-21\">millim\u00e8tre<\/div>\n<\/td>\n<td colspan=\"1\" rowspan=\"1\">\n<div class=\"magic-22\">600\/1200<\/div>\n<\/td>\n<\/tr>\n<\/tbody>\n<\/table>\n<\/div>\n<\/div>\n<div class=\"J_module\">\n<div class=\"icbu-pc-images magic-7\">\n<div class=\"flex-layout-h\">\n<div class=\"flex-layout-v magic-23\">\n<div class=\"magic-26\"><img decoding=\"async\" class=\"alignleft wp-image-1490\" src=\"http:\/\/yxwool.com\/wp-content\/uploads\/2023\/07\/\u8be6\u60c5\u9875.jpg\" alt=\"\" width=\"1200\" height=\"2048\" srcset=\"https:\/\/yxwool.com\/wp-content\/uploads\/2023\/07\/\u8be6\u60c5\u9875.jpg 750w, https:\/\/yxwool.com\/wp-content\/uploads\/2023\/07\/\u8be6\u60c5\u9875-176x300.jpg 176w, https:\/\/yxwool.com\/wp-content\/uploads\/2023\/07\/\u8be6\u60c5\u9875-600x1024.jpg 600w\" sizes=\"(max-width: 1200px) 100vw, 1200px\" \/><\/div>\n<\/div>\n<div class=\"magic-29\"><\/div>\n<\/div>\n<\/div>\n<\/div>\n<div class=\"J_module\">\n<div class=\"icbu-pc-images magic-7\">\n<div>\n<div class=\"flex-layout-v\">\n<div class=\"flex-layout-h magic-7\">\n<div class=\"magic-33\"><img decoding=\"async\" class=\"magic-34\" src=\"https:\/\/sc04.alicdn.com\/kf\/Hf9a4eb72e1344d8e921b26e3b9023933B\/240115170\/Hf9a4eb72e1344d8e921b26e3b9023933B.jpg\" width=\"1200\" height=\"995\" data-src=\"\/\/sc04.alicdn.com\/kf\/Hf9a4eb72e1344d8e921b26e3b9023933B\/240115170\/Hf9a4eb72e1344d8e921b26e3b9023933B.jpg\" \/><\/div>\n<\/div>\n<\/div>\n<\/div>\n<\/div>\n<\/div>\n<div class=\"J_module\">\n<div class=\"detail-decorate-json-renderer-container\">\n<div class=\"magic-0\">\n<div class=\"magic-1\">\n<div class=\"magic-2\">\n<div class=\"magic-3\"><\/div>\n<div class=\"magic-3\"><span class=\"magic-35\"><b class=\"magic-6\"><span class=\"magic-16\">Performances techniques des panneaux isolants en laine de roche<\/span><\/b><\/span><\/div>\n<\/div>\n<\/div>\n<\/div>\n<\/div>\n<\/div>\n<div class=\"J_module\">\n<div class=\"ife-detail-decorate-table\">\n<table class=\"all magic-18\" style=\"height: 454px;\" width=\"1200\">\n<tbody>\n<tr>\n<td colspan=\"1\" rowspan=\"1\">\n<div class=\"magic-36\">Propri\u00e9t\u00e9<\/div>\n<\/td>\n<td colspan=\"1\" rowspan=\"1\">\n<div class=\"magic-37\">Performance<\/div>\n<\/td>\n<td colspan=\"1\" rowspan=\"1\">\n<div class=\"magic-38\">Standard<\/div>\n<\/td>\n<\/tr>\n<tr>\n<td colspan=\"1\" rowspan=\"1\">\n<div class=\"magic-36\">Temp\u00e9rature de service maximale<\/div>\n<\/td>\n<td colspan=\"1\" rowspan=\"1\">\n<div class=\"magic-37\">750C<\/div>\n<\/td>\n<td colspan=\"1\" rowspan=\"1\">\n<div class=\"magic-38\">ASTM C411<\/div>\n<\/td>\n<\/tr>\n<tr>\n<td colspan=\"1\" rowspan=\"1\">\n<div class=\"magic-36\"><\/div>\n<\/td>\n<td colspan=\"1\" rowspan=\"1\">\n<div class=\"magic-37\">Caract\u00e9ristiques de combustion de surface\u00a0: Propagation de la flamme = pass\u00e9<\/div>\n<\/td>\n<td colspan=\"1\" rowspan=\"1\">\n<div class=\"magic-38\"><\/div>\n<\/td>\n<\/tr>\n<tr>\n<td colspan=\"1\" rowspan=\"1\">\n<div class=\"magic-36\">R\u00e9action au feu<\/div>\n<\/td>\n<td colspan=\"1\" rowspan=\"1\">\n<div class=\"magic-37\"><\/div>\n<\/td>\n<td colspan=\"1\" rowspan=\"1\">\n<div class=\"magic-38\">ASTME84<\/div>\n<\/td>\n<\/tr>\n<tr>\n<td colspan=\"1\" rowspan=\"1\">\n<div class=\"magic-36\"><\/div>\n<\/td>\n<td colspan=\"1\" rowspan=\"1\">\n<div class=\"magic-37\">D\u00e9veloppement de fum\u00e9e = r\u00e9ussi<\/div>\n<\/td>\n<td colspan=\"1\" rowspan=\"1\">\n<div class=\"magic-38\"><\/div>\n<\/td>\n<\/tr>\n<tr>\n<td colspan=\"1\" rowspan=\"1\">\n<div class=\"magic-36\">Contenu du plan<\/div>\n<\/td>\n<td colspan=\"1\" rowspan=\"1\">\n<div class=\"magic-37\">&lt;25%par poids<\/div>\n<\/td>\n<td colspan=\"1\" rowspan=\"1\">\n<div class=\"magic-38\">ASTM C612<\/div>\n<\/td>\n<\/tr>\n<tr>\n<td colspan=\"1\" rowspan=\"1\">\n<div class=\"magic-36\">Croissance des champignons<\/div>\n<\/td>\n<td colspan=\"1\" rowspan=\"1\">\n<div class=\"magic-37\">N&#039;encourage pas la croissance des champignons<\/div>\n<\/td>\n<td colspan=\"1\" rowspan=\"1\">\n<div class=\"magic-38\">ASTM C665<\/div>\n<\/td>\n<\/tr>\n<tr>\n<td colspan=\"1\" rowspan=\"1\">\n<div class=\"magic-36\">Comosion Ettect<\/div>\n<\/td>\n<td colspan=\"1\" rowspan=\"1\">\n<div class=\"magic-37\">Ph7 ou alcaline \u00e9tanche<\/div>\n<\/td>\n<td colspan=\"1\" rowspan=\"1\">\n<div class=\"magic-38\">ASTM C692-77<\/div>\n<\/td>\n<\/tr>\n<tr>\n<td colspan=\"1\" rowspan=\"1\">\n<div class=\"magic-36\">Conductibilit\u00e9 thermique<\/div>\n<\/td>\n<td colspan=\"1\" rowspan=\"1\">\n<div class=\"magic-37\">0.036-0.044<\/div>\n<\/td>\n<td colspan=\"1\" rowspan=\"1\">\n<div class=\"magic-38\">ASTM C 518<\/div>\n<\/td>\n<\/tr>\n<tr>\n<td colspan=\"1\" rowspan=\"1\">\n<div class=\"magic-36\">R\u00e9sistance \u00e0 la compression<\/div>\n<\/td>\n<td colspan=\"1\" rowspan=\"1\">\n<div class=\"magic-37\">&gt;10 KN\/m2<\/div>\n<\/td>\n<td colspan=\"1\" rowspan=\"1\">\n<div class=\"magic-38\">ASTM C165-07<\/div>\n<\/td>\n<\/tr>\n<tr>\n<td colspan=\"1\" rowspan=\"1\">\n<div class=\"magic-36\">Absorption de l&#039;eau<\/div>\n<\/td>\n<td colspan=\"1\" rowspan=\"1\">\n<div class=\"magic-37\">Absorption d&#039;humidit\u00e9 * 1% en poids<\/div>\n<\/td>\n<td colspan=\"1\" rowspan=\"1\">\n<div class=\"magic-38\">ASTM C1104<\/div>\n<\/td>\n<\/tr>\n<\/tbody>\n<\/table>\n<\/div>\n<\/div>\n<div class=\"J_module\">\n<div class=\"detail-decorate-json-renderer-container\">\n<div class=\"magic-0\">\n<div class=\"magic-1\">\n<div class=\"magic-2\">\n<div class=\"magic-3\"><span class=\"magic-39\"><span class=\"magic-16\"><b>Applications de panneaux isolants en laine de roche\u00a0:<br \/>\n<\/b><\/span><\/span><\/p>\n<div><span class=\"magic-6\"><span class=\"magic-14\">\u2022 Tr\u00e8s \u00e9conomique, augmentant l&#039;efficacit\u00e9 \u00e9nerg\u00e9tique de la b<\/span><span class=\"magic-14\">b\u00e2timent<br \/>\n\u2022 R\u00e9duire la propagation du son externe vers l&#039;int\u00e9rieur<\/span><span class=\"magic-14\"> du b\u00e2timent<br \/>\n\u2022 Absorbe le son de l&#039;\u00e9cho \u00e0 l&#039;int\u00e9rieur du b\u00e2timent, isolation phonique efficace<br \/>\n\u2022 Fournit une efficacit\u00e9 thermique, une isolation \u00b7 Isolation, chaude en hiver et fra\u00eeche en \u00e9t\u00e9<br \/>\n\u2022 L\u00e9ger, respectueux de l&#039;environnement, facile \u00e0 fabriquer sur site, facile \u00e0 installer<br \/>\n\u2022 Non combustible, ignifuge, \u00e9tanche<br \/>\n\u2022 Durable pour toute une vie<\/span><\/span><\/div>\n<\/div>\n<\/div>\n<\/div>\n<\/div>\n<\/div>\n<\/div>\n<div class=\"J_module\">\n<div class=\"detail-decorate-json-renderer-container\">\n<div class=\"magic-0\">\n<div class=\"magic-40\">\n<div class=\"magic-2\">\n<div class=\"magic-3\"><\/div>\n<\/div>\n<\/div>\n<div class=\"magic-40\">\n<div class=\"magic-2\">\n<div class=\"magic-42\">\n<div class=\"magic-4\"><span style=\"font-size: 24px;\">Applications de panneaux isolants en laine de roche\u00a0:<\/span><\/div>\n<\/div>\n<\/div>\n<\/div>\n<\/div>\n<\/div>\n<\/div>\n<div class=\"J_module\">\n<div class=\"detail-decorate-json-renderer-container\">\n<div class=\"magic-0\">\n<div class=\"magic-1\">\n<div class=\"magic-2\">\n<div class=\"magic-3\">\n<div class=\"magic-15\"><span class=\"magic-14\">\u00a0<\/span><span class=\"magic-14\">principalement utilis\u00e9 pour l&#039;isolation thermique et acoustique o\u00f9 une r\u00e9sistance \u00e0 la compression \u00e9lev\u00e9e est requise, comme les sur-ponts, les planchers, les panneaux sandwich et les cloisons s\u00e8ches<\/span><span class=\"magic-14\">ns.<\/span><\/div>\n<\/div>\n<\/div>\n<\/div>\n<\/div>\n<\/div>\n<\/div>\n<div class=\"J_module\">\n<div class=\"icbu-pc-images magic-7\">\n<div>\n<div class=\"flex-layout-v\">\n<div class=\"flex-layout-h magic-7\">\n<div class=\"magic-45\"><img loading=\"lazy\" decoding=\"async\" class=\"magic-46\" src=\"https:\/\/sc04.alicdn.com\/kf\/Hbe2502f33baa4742940b613e70b87fd1f\/240115170\/Hbe2502f33baa4742940b613e70b87fd1f.jpg\" width=\"1200\" height=\"1576\" data-src=\"\/\/sc04.alicdn.com\/kf\/Hbe2502f33baa4742940b613e70b87fd1f\/240115170\/Hbe2502f33baa4742940b613e70b87fd1f.jpg\" \/><\/div>\n<\/div>\n<\/div>\n<\/div>\n<\/div>\n<\/div>\n<div class=\"J_module\">\n<div class=\"icbu-pc-images magic-7\">\n<div>\n<div class=\"flex-layout-v\">\n<div class=\"flex-layout-h magic-7\">\n<div class=\"magic-47\"><img loading=\"lazy\" decoding=\"async\" class=\"magic-48\" src=\"https:\/\/sc04.alicdn.com\/kf\/H01f1f3c58a5a463a87d39668e9344861d\/240115170\/H01f1f3c58a5a463a87d39668e9344861d.jpg\" width=\"1200\" height=\"1432\" data-src=\"\/\/sc04.alicdn.com\/kf\/H01f1f3c58a5a463a87d39668e9344861d\/240115170\/H01f1f3c58a5a463a87d39668e9344861d.jpg\" \/><\/div>\n<\/div>\n<\/div>\n<\/div>\n<\/div>\n<\/div>","protected":false},"excerpt":{"rendered":"<p>Panneaux de toiture m\u00e9talliques, laine de roche et mat\u00e9riaux isolants en fibre de verre perm\u00e9ables \u00e0 la vapeur. Panneaux isolants en laine de roche. Le panneau de laine de roche est fabriqu\u00e9 \u00e0 partir de basalte, une mati\u00e8re premi\u00e8re inorganique. Il est obtenu en chauffant le basalte \u00e0 1\u00a0350\u00a0\u00b0C \u2013 1\u00a0400\u00a0\u00b0C et en le transformant en fibres, li\u00e9es entre elles par une r\u00e9sine thermodurcissable. L\u00e9ger et facile \u00e0 [\u2026]<\/p>","protected":false},"featured_media":1450,"template":"","meta":{"site-sidebar-layout":"default","site-content-layout":"default","ast-site-content-layout":"","site-content-style":"default","site-sidebar-style":"default","ast-global-header-display":"","ast-banner-title-visibility":"","ast-main-header-display":"","ast-hfb-above-header-display":"","ast-hfb-below-header-display":"","ast-hfb-mobile-header-display":"","site-post-title":"","ast-breadcrumbs-content":"","ast-featured-img":"","footer-sml-layout":"","theme-transparent-header-meta":"default","adv-header-id-meta":"","stick-header-meta":"","header-above-stick-meta":"","header-main-stick-meta":"","header-below-stick-meta":"","astra-migrate-meta-layouts":"default","ast-page-background-enabled":"default","ast-page-background-meta":{"desktop":{"background-color":"","background-image":"","background-repeat":"repeat","background-position":"center center","background-size":"auto","background-attachment":"scroll","background-type":"","background-media":"","overlay-type":"","overlay-color":"","overlay-opacity":"","overlay-gradient":""},"tablet":{"background-color":"","background-image":"","background-repeat":"repeat","background-position":"center center","background-size":"auto","background-attachment":"scroll","background-type":"","background-media":"","overlay-type":"","overlay-color":"","overlay-opacity":"","overlay-gradient":""},"mobile":{"background-color":"","background-image":"","background-repeat":"repeat","background-position":"center center","background-size":"auto","background-attachment":"scroll","background-type":"","background-media":"","overlay-type":"","overlay-color":"","overlay-opacity":"","overlay-gradient":""}},"ast-content-background-meta":{"desktop":{"background-color":"var(--ast-global-color-5)","background-image":"","background-repeat":"repeat","background-position":"center center","background-size":"auto","background-attachment":"scroll","background-type":"","background-media":"","overlay-type":"","overlay-color":"","overlay-opacity":"","overlay-gradient":""},"tablet":{"background-color":"var(--ast-global-color-5)","background-image":"","background-repeat":"repeat","background-position":"center center","background-size":"auto","background-attachment":"scroll","background-type":"","background-media":"","overlay-type":"","overlay-color":"","overlay-opacity":"","overlay-gradient":""},"mobile":{"background-color":"var(--ast-global-color-5)","background-image":"","background-repeat":"repeat","background-position":"center center","background-size":"auto","background-attachment":"scroll","background-type":"","background-media":"","overlay-type":"","overlay-color":"","overlay-opacity":"","overlay-gradient":""}}},"product_brand":[],"product_cat":[22],"product_tag":[],"class_list":{"0":"post-1449","1":"product","2":"type-product","3":"status-publish","4":"has-post-thumbnail","6":"product_cat-rock-wool","7":"desktop-align-center","8":"tablet-align-left","9":"mobile-align-left","11":"first","12":"instock","13":"shipping-taxable","14":"product-type-simple"},"_links":{"self":[{"href":"https:\/\/yxwool.com\/fr\/wp-json\/wp\/v2\/product\/1449","targetHints":{"allow":["GET"]}}],"collection":[{"href":"https:\/\/yxwool.com\/fr\/wp-json\/wp\/v2\/product"}],"about":[{"href":"https:\/\/yxwool.com\/fr\/wp-json\/wp\/v2\/types\/product"}],"wp:featuredmedia":[{"embeddable":true,"href":"https:\/\/yxwool.com\/fr\/wp-json\/wp\/v2\/media\/1450"}],"wp:attachment":[{"href":"https:\/\/yxwool.com\/fr\/wp-json\/wp\/v2\/media?parent=1449"}],"wp:term":[{"taxonomy":"product_brand","embeddable":true,"href":"https:\/\/yxwool.com\/fr\/wp-json\/wp\/v2\/product_brand?post=1449"},{"taxonomy":"product_cat","embeddable":true,"href":"https:\/\/yxwool.com\/fr\/wp-json\/wp\/v2\/product_cat?post=1449"},{"taxonomy":"product_tag","embeddable":true,"href":"https:\/\/yxwool.com\/fr\/wp-json\/wp\/v2\/product_tag?post=1449"}],"curies":[{"name":"wp","href":"https:\/\/api.w.org\/{rel}","templated":true}]}}