{"id":1484,"date":"2023-07-07T02:19:31","date_gmt":"2023-07-07T02:19:31","guid":{"rendered":"http:\/\/yxwool.com\/?post_type=product&#038;p=1484"},"modified":"2023-08-01T08:25:31","modified_gmt":"2023-08-01T08:25:31","slug":"120-kg-m3-square-edges-acoustic-rock-wool-ceiling-panel-roof-decor-ceiling-mineral-fiber-ceiling-tile","status":"publish","type":"product","link":"https:\/\/yxwool.com\/fr\/produit\/120-kg-m3-square-edges-acoustic-rock-wool-ceiling-panel-roof-decor-ceiling-mineral-fiber-ceiling-tile\/","title":{"rendered":"Couverture acoustique en laine de roche 120 kg\/m3 \u00e0 bords carr\u00e9s avec treillis m\u00e9tallique"},"content":{"rendered":"<div class=\"J_module\">\n<div class=\"detail-decorate-json-renderer-container\">\n<div class=\"magic-0\">\n<div class=\"magic-1\">\n<div class=\"magic-2\">\n<div class=\"magic-3\">Couverture acoustique en laine de roche 120 kg\/m3 \u00e0 bords carr\u00e9s avec treillis m\u00e9tallique<\/div>\n<\/div>\n<\/div>\n<\/div>\n<\/div>\n<\/div>\n<div class=\"J_module\">\n<div class=\"icbu-pc-images magic-5\">\n<div class=\"flex-layout-v\">\n<div class=\"flex-layout-h magic-5\">\n<div class=\"magic-6\"><img fetchpriority=\"high\" decoding=\"async\" class=\"alignleft wp-image-1476\" src=\"http:\/\/yxwool.com\/wp-content\/uploads\/2023\/07\/H47ca4ca28f524a17a8f2504c3f238148X-1.jpg\" alt=\"\" width=\"1200\" height=\"1574\" srcset=\"https:\/\/yxwool.com\/wp-content\/uploads\/2023\/07\/H47ca4ca28f524a17a8f2504c3f238148X-1.jpg 750w, https:\/\/yxwool.com\/wp-content\/uploads\/2023\/07\/H47ca4ca28f524a17a8f2504c3f238148X-1-229x300.jpg 229w, https:\/\/yxwool.com\/wp-content\/uploads\/2023\/07\/H47ca4ca28f524a17a8f2504c3f238148X-1-600x787.jpg 600w\" sizes=\"(max-width: 1200px) 100vw, 1200px\" \/><\/div>\n<\/div>\n<\/div>\n<\/div>\n<\/div>\n<div class=\"J_module\">\n<div data-section=\"AliMagic-9e2qs5\" data-section-title=\"Product Description\"><\/div>\n<div data-section=\"AliMagic-9e2qs5\" data-section-title=\"Product Description\"><\/div>\n<div data-section=\"AliMagic-9e2qs5\" data-section-title=\"Product Description\"><\/div>\n<div id=\"ali-anchor-AliMagic-9e2qs5\" class=\"magic-8\" data-section=\"AliMagic-9e2qs5\" data-section-title=\"Product Description\"><\/div>\n<\/div>\n<div class=\"J_module\">\n<div class=\"detail-decorate-json-renderer-container\">\n<div class=\"magic-0\">\n<h3><\/h3>\n<h3 class=\"magic-9\"><span class=\"magic-10\">Aper\u00e7u de la couverture isolante en laine de roche<\/span><\/h3>\n<div class=\"magic-1\">\n<div class=\"magic-2\">\n<div class=\"magic-3\">\n<p>YUXING<sup>\u00ae<\/sup><b style=\"font-style: inherit;\">La couverture en laine de roche est fabriqu\u00e9e \u00e0 partir de basalte, une mati\u00e8re premi\u00e8re inorganique. Il est produit en chauffant le basalte \u00e0 1350\u02daC - 1400\u02daC et en le transformant en fibres, qui sont li\u00e9es entre elles \u00e0 l&#039;aide d&#039;une r\u00e9sine thermodurcissable. Il est l\u00e9ger et facile \u00e0 installer, principalement utilis\u00e9 pour l&#039;isolation thermique et acoustique.<\/b><\/p>\n<p><b>Il est largement appliqu\u00e9 \u00e0 l&#039;isolation thermique pour les plantes, les grands r\u00e9servoirs, les gros tuyaux, les \u00e9quipements de surface in\u00e9gaux<\/b><\/p>\n<\/div>\n<\/div>\n<\/div>\n<\/div>\n<\/div>\n<\/div>\n<div class=\"J_module\">\n<div data-section=\"AliMagic-l1y8js\" data-section-title=\"Specification\"><\/div>\n<div id=\"ali-anchor-AliMagic-l1y8js\" class=\"magic-8\" data-section=\"AliMagic-l1y8js\" data-section-title=\"Specification\">sp\u00e9cification<\/div>\n<div data-section=\"AliMagic-l1y8js\" data-section-title=\"Specification\">\n<table>\n<tbody>\n<tr>\n<td width=\"147\"><strong><b>\u00a0<\/b><\/strong><\/p>\n<p><strong><b>\u00a0<\/b><\/strong><\/p>\n<p><strong><b>\u00a0<\/b><\/strong><\/p>\n<p><strong><b>Couverture en laine de roche marine<\/b><\/strong><\/td>\n<td width=\"80\">S\u00e9rie MWB<\/td>\n<td width=\"57\">750<\/td>\n<td width=\"90\">80-120kg\/m3<\/td>\n<td width=\"90\">&lt;0.04w\/mk<\/td>\n<td width=\"147\">L*W*TK<\/p>\n<p>5000*600*25-50mm<\/p>\n<p>3000*600*60-100mm<\/p>\n<p>&nbsp;<\/td>\n<\/tr>\n<tr>\n<td width=\"147\"><strong><b>\u00a0<\/b><\/strong><\/td>\n<td width=\"80\">S\u00e9rie MLM<\/td>\n<td width=\"57\">650<\/td>\n<td width=\"90\">70,80,120kg\/m3<\/td>\n<td width=\"90\">&lt;0.04w\/mk<\/td>\n<td width=\"147\">L*W<\/p>\n<p>1820*605,2000*1200<\/p>\n<p>\u00c9paisseur :25mm,50mm,75mm,100mm<\/td>\n<\/tr>\n<\/tbody>\n<\/table>\n<\/div>\n<\/div>\n<div class=\"J_module\">\n<div class=\"icbu-pc-images magic-5\">\n<div class=\"flex-layout-v\">\n<div class=\"flex-layout-h magic-5\">\n<div class=\"magic-11\">\n<table>\n<tbody>\n<tr>\n<td width=\"147\"><strong><b>\u00a0<\/b><\/strong><\/p>\n<p><strong><b>Couverture en laine de roche de l&#039;industrie <\/b><\/strong><\/td>\n<td width=\"80\">S\u00e9rie IRL<\/td>\n<td width=\"57\">650<\/td>\n<td width=\"90\">80-100kg\/m3<\/td>\n<td width=\"90\">&lt;0.04w\/mk<\/td>\n<td width=\"147\">L*W*TK<\/p>\n<p>5000*600*50mm<\/p>\n<p>4000*600*60mm<\/p>\n<p>3000*600*75mm<\/p>\n<p>&nbsp;<\/td>\n<\/tr>\n<tr>\n<td width=\"147\"><strong><b>\u00a0<\/b><\/strong><\/td>\n<td width=\"80\">S\u00e9rie IRW<\/td>\n<td width=\"57\">750<\/td>\n<td width=\"90\">80-120kg\/m3<\/td>\n<td width=\"90\">&lt;0.04w\/mk<\/td>\n<td width=\"147\">L*W*TK<\/p>\n<p>5000*600*25-50mm<\/p>\n<p>3000*600*60-100mm<\/td>\n<\/tr>\n<\/tbody>\n<\/table>\n<\/div>\n<\/div>\n<\/div>\n<\/div>\n<\/div>\n<div class=\"magic-14\"><\/div>\n<div><\/div>\n<div><\/div>\n<div class=\"J_module\">\n<div class=\"icbu-pc-images magic-5\">\n<div class=\"flex-layout-v\">\n<div class=\"flex-layout-h magic-5\">\n<div class=\"magic-16\"><img decoding=\"async\" class=\"alignleft wp-image-1490\" src=\"http:\/\/yxwool.com\/wp-content\/uploads\/2023\/07\/\u8be6\u60c5\u9875.jpg\" alt=\"\" width=\"1200\" height=\"2048\" srcset=\"https:\/\/yxwool.com\/wp-content\/uploads\/2023\/07\/\u8be6\u60c5\u9875.jpg 750w, https:\/\/yxwool.com\/wp-content\/uploads\/2023\/07\/\u8be6\u60c5\u9875-176x300.jpg 176w, https:\/\/yxwool.com\/wp-content\/uploads\/2023\/07\/\u8be6\u60c5\u9875-600x1024.jpg 600w\" sizes=\"(max-width: 1200px) 100vw, 1200px\" \/><\/div>\n<\/div>\n<\/div>\n<\/div>\n<\/div>\n<div class=\"J_module\">\n<div class=\"icbu-pc-images magic-5\">\n<div>\n<div class=\"flex-layout-v\">\n<div class=\"flex-layout-h magic-5\">\n<div class=\"magic-18\"><img decoding=\"async\" class=\"magic-19\" src=\"https:\/\/sc04.alicdn.com\/kf\/Hf9a4eb72e1344d8e921b26e3b9023933B\/240115170\/Hf9a4eb72e1344d8e921b26e3b9023933B.jpg\" width=\"1200\" height=\"995\" data-src=\"\/\/sc04.alicdn.com\/kf\/Hf9a4eb72e1344d8e921b26e3b9023933B\/240115170\/Hf9a4eb72e1344d8e921b26e3b9023933B.jpg\" \/><\/div>\n<\/div>\n<\/div>\n<\/div>\n<\/div>\n<\/div>\n<div class=\"J_module\">\n<div class=\"detail-decorate-json-renderer-container\">\n<div class=\"magic-0\">\n<div class=\"magic-1\">\n<div class=\"magic-2\">\n<div class=\"magic-3\"><\/div>\n<div class=\"magic-3\"><b><span class=\"magic-4\"><span class=\"magic-10\">Performances techniques des panneaux isolants en laine de roche<\/span><\/span><\/b><\/div>\n<\/div>\n<\/div>\n<\/div>\n<\/div>\n<\/div>\n<div class=\"J_module\">\n<div class=\"icbu-pc-images magic-5\">\n<div>\n<div class=\"flex-layout-v\">\n<div class=\"flex-layout-h magic-5\">\n<div class=\"magic-20\"><img loading=\"lazy\" decoding=\"async\" class=\"magic-21\" src=\"https:\/\/sc04.alicdn.com\/kf\/Hfebbb8e2ff984d8b8adc402cfbfad76bA\/240115170\/Hfebbb8e2ff984d8b8adc402cfbfad76bA.png\" width=\"1200\" height=\"812\" data-src=\"\/\/sc04.alicdn.com\/kf\/Hfebbb8e2ff984d8b8adc402cfbfad76bA\/240115170\/Hfebbb8e2ff984d8b8adc402cfbfad76bA.png\" \/><\/div>\n<\/div>\n<\/div>\n<\/div>\n<\/div>\n<\/div>\n<div class=\"J_module\">\n<div class=\"detail-decorate-json-renderer-container\">\n<div class=\"magic-0\">\n<div class=\"magic-1\">\n<div class=\"magic-2\">\n<div><\/div>\n<div><\/div>\n<div class=\"magic-3\"><span class=\"magic-10\"><b>Applications de panneaux isolants en laine de roche\u00a0:<\/b><\/span> <b>\u22c5 Tr\u00e8s \u00e9conomique, augmentant l&#039;efficacit\u00e9 \u00e9nerg\u00e9tique du b\u00e2timent<br \/>\n\u22c5 Excellente r\u00e9sistance thermique<br \/>\n\u22c5 Incombustible, ignifuge, \u00e9tanche, insonoris\u00e9<br \/>\n\u22c5 Facile \u00e0 installer<br \/>\n\u22c5 Poids l\u00e9ger, manipulation et installation faciles sur site.<br \/>\n\u22c5 Apparence attrayante<br \/>\n\u22c5 R\u00e9sistant au vieillissement<br \/>\n\u22c5 Bonne absorption acoustique, pas de corrosion<br \/>\n\u22c5 \u00c9conomie d&#039;\u00e9nergie, aucun mal \u00e0 la protection de l&#039;homme et de l&#039;environnement<br \/>\n\u22c5 Durable pour toute une vie<\/b><\/div>\n<\/div>\n<\/div>\n<\/div>\n<\/div>\n<\/div>\n<div class=\"J_module\">\n<div class=\"magic-22\"><\/div>\n<\/div>\n<div class=\"J_module\">\n<div class=\"icbu-pc-images magic-5\">\n<div>\n<div class=\"flex-layout-v\">\n<div class=\"flex-layout-h magic-5\">\n<div class=\"magic-24\"><img loading=\"lazy\" decoding=\"async\" class=\"magic-25\" src=\"https:\/\/sc04.alicdn.com\/kf\/Hbe2502f33baa4742940b613e70b87fd1f\/240115170\/Hbe2502f33baa4742940b613e70b87fd1f.jpg\" width=\"1200\" height=\"1576\" data-src=\"\/\/sc04.alicdn.com\/kf\/Hbe2502f33baa4742940b613e70b87fd1f\/240115170\/Hbe2502f33baa4742940b613e70b87fd1f.jpg\" \/><\/div>\n<\/div>\n<\/div>\n<\/div>\n<\/div>\n<\/div>\n<div class=\"J_module\">\n<div class=\"icbu-pc-images magic-5\">\n<div>\n<div class=\"flex-layout-v\">\n<div class=\"flex-layout-h magic-5\">\n<div class=\"magic-26\"><img loading=\"lazy\" decoding=\"async\" class=\"magic-27\" src=\"https:\/\/sc04.alicdn.com\/kf\/H01f1f3c58a5a463a87d39668e9344861d\/240115170\/H01f1f3c58a5a463a87d39668e9344861d.jpg\" width=\"1200\" height=\"1432\" data-src=\"\/\/sc04.alicdn.com\/kf\/H01f1f3c58a5a463a87d39668e9344861d\/240115170\/H01f1f3c58a5a463a87d39668e9344861d.jpg\" \/><\/div>\n<\/div>\n<\/div>\n<\/div>\n<\/div>\n<\/div>","protected":false},"excerpt":{"rendered":"<p>Couverture acoustique en laine de roche \u00e0 bords droits de 120 kg\/m\u00b3 avec treillis m\u00e9tallique. Pr\u00e9sentation de la couverture isolante en laine de roche YUXING\u00ae. La couverture en laine de roche YUXING\u00ae est fabriqu\u00e9e \u00e0 partir de basalte, une mati\u00e8re premi\u00e8re inorganique. Elle est obtenue en chauffant le basalte \u00e0 1\u00a0350\u00a0\u00b0C \u2013 1\u00a0400\u00a0\u00b0C et en le transformant en fibres, li\u00e9es entre elles par une r\u00e9sine thermodurcissable. L\u00e9g\u00e8re et facile \u00e0 [\u2026]<\/p>","protected":false},"featured_media":1485,"template":"","meta":{"site-sidebar-layout":"default","site-content-layout":"default","ast-site-content-layout":"","site-content-style":"default","site-sidebar-style":"default","ast-global-header-display":"","ast-banner-title-visibility":"","ast-main-header-display":"","ast-hfb-above-header-display":"","ast-hfb-below-header-display":"","ast-hfb-mobile-header-display":"","site-post-title":"","ast-breadcrumbs-content":"","ast-featured-img":"","footer-sml-layout":"","theme-transparent-header-meta":"default","adv-header-id-meta":"","stick-header-meta":"","header-above-stick-meta":"","header-main-stick-meta":"","header-below-stick-meta":"","astra-migrate-meta-layouts":"default","ast-page-background-enabled":"default","ast-page-background-meta":{"desktop":{"background-color":"","background-image":"","background-repeat":"repeat","background-position":"center center","background-size":"auto","background-attachment":"scroll","background-type":"","background-media":"","overlay-type":"","overlay-color":"","overlay-opacity":"","overlay-gradient":""},"tablet":{"background-color":"","background-image":"","background-repeat":"repeat","background-position":"center center","background-size":"auto","background-attachment":"scroll","background-type":"","background-media":"","overlay-type":"","overlay-color":"","overlay-opacity":"","overlay-gradient":""},"mobile":{"background-color":"","background-image":"","background-repeat":"repeat","background-position":"center center","background-size":"auto","background-attachment":"scroll","background-type":"","background-media":"","overlay-type":"","overlay-color":"","overlay-opacity":"","overlay-gradient":""}},"ast-content-background-meta":{"desktop":{"background-color":"var(--ast-global-color-5)","background-image":"","background-repeat":"repeat","background-position":"center center","background-size":"auto","background-attachment":"scroll","background-type":"","background-media":"","overlay-type":"","overlay-color":"","overlay-opacity":"","overlay-gradient":""},"tablet":{"background-color":"var(--ast-global-color-5)","background-image":"","background-repeat":"repeat","background-position":"center center","background-size":"auto","background-attachment":"scroll","background-type":"","background-media":"","overlay-type":"","overlay-color":"","overlay-opacity":"","overlay-gradient":""},"mobile":{"background-color":"var(--ast-global-color-5)","background-image":"","background-repeat":"repeat","background-position":"center center","background-size":"auto","background-attachment":"scroll","background-type":"","background-media":"","overlay-type":"","overlay-color":"","overlay-opacity":"","overlay-gradient":""}}},"product_brand":[],"product_cat":[22],"product_tag":[],"class_list":{"0":"post-1484","1":"product","2":"type-product","3":"status-publish","4":"has-post-thumbnail","6":"product_cat-rock-wool","7":"desktop-align-center","8":"tablet-align-left","9":"mobile-align-left","11":"first","12":"instock","13":"shipping-taxable","14":"product-type-simple"},"_links":{"self":[{"href":"https:\/\/yxwool.com\/fr\/wp-json\/wp\/v2\/product\/1484","targetHints":{"allow":["GET"]}}],"collection":[{"href":"https:\/\/yxwool.com\/fr\/wp-json\/wp\/v2\/product"}],"about":[{"href":"https:\/\/yxwool.com\/fr\/wp-json\/wp\/v2\/types\/product"}],"wp:featuredmedia":[{"embeddable":true,"href":"https:\/\/yxwool.com\/fr\/wp-json\/wp\/v2\/media\/1485"}],"wp:attachment":[{"href":"https:\/\/yxwool.com\/fr\/wp-json\/wp\/v2\/media?parent=1484"}],"wp:term":[{"taxonomy":"product_brand","embeddable":true,"href":"https:\/\/yxwool.com\/fr\/wp-json\/wp\/v2\/product_brand?post=1484"},{"taxonomy":"product_cat","embeddable":true,"href":"https:\/\/yxwool.com\/fr\/wp-json\/wp\/v2\/product_cat?post=1484"},{"taxonomy":"product_tag","embeddable":true,"href":"https:\/\/yxwool.com\/fr\/wp-json\/wp\/v2\/product_tag?post=1484"}],"curies":[{"name":"wp","href":"https:\/\/api.w.org\/{rel}","templated":true}]}}