{"id":1491,"date":"2023-07-07T02:43:36","date_gmt":"2023-07-07T02:43:36","guid":{"rendered":"http:\/\/yxwool.com\/?post_type=product&#038;p=1491"},"modified":"2023-08-01T08:11:24","modified_gmt":"2023-08-01T08:11:24","slug":"1491","status":"publish","type":"product","link":"https:\/\/yxwool.com\/fr\/produit\/1491\/","title":{"rendered":"Isolation thermique des b\u00e2timents laine de basalte laine de roche feuille face isolation des mat\u00e9riaux en laine min\u00e9rale"},"content":{"rendered":"<div class=\"J_module\">\n<div class=\"detail-decorate-json-renderer-container\">\n<div class=\"magic-0\">\n<div class=\"magic-1\">\n<div class=\"magic-2\"><span style=\"font-size: 24px;\">Pr\u00e9sentation des panneaux isolants en laine de roche<\/span><\/div>\n<\/div>\n<\/div>\n<\/div>\n<\/div>\n<div class=\"J_module\">\n<div class=\"detail-decorate-json-renderer-container\">\n<div class=\"magic-0\">\n<div class=\"magic-1\">\n<div class=\"magic-2\">\n<div class=\"magic-3\"><b>Le panneau de laine de roche YUXING\u00ae est fabriqu\u00e9 \u00e0 partir de basalte, une mati\u00e8re premi\u00e8re inorganique. Il est produit en chauffant du basalte \u00e0 1350\u02daC - 1400\u02daC et en le transformant en fibres, qui sont li\u00e9es entre elles \u00e0 l&#039;aide d&#039;une r\u00e9sine thermodurcissable. Il est l\u00e9ger et facile \u00e0 installer, principalement utilis\u00e9 pour l&#039;isolation thermique et acoustique.<br \/>\nIl est largement appliqu\u00e9 \u00e0 l&#039;isolation des murs ext\u00e9rieurs des b\u00e2timents, \u00e0 l&#039;isolation des toits, aux murs-rideaux, aux sols, aux cloisons s\u00e8ches, \u00e0 l&#039;industrie<br \/>\net construction civile, panneaux sandwich compos\u00e9s, panneau central de porte coupe-feu, cloison \u00e9tanche marine, pont sup\u00e9rieur et toutes sortes d&#039;\u00e9quipements industriels ou de construction navale.<\/b><\/div>\n<\/div>\n<\/div>\n<\/div>\n<\/div>\n<\/div>\n<div class=\"J_module\">\n<div data-section=\"AliMagic-mrqbdg\" data-section-title=\"Specification\"><\/div>\n<div id=\"ali-anchor-AliMagic-mrqbdg\" class=\"magic-8\" data-section=\"AliMagic-mrqbdg\" data-section-title=\"Specification\">sp\u00e9cification<\/div>\n<\/div>\n<div class=\"J_module\">\n<div class=\"icbu-pc-images magic-5\">\n<div>\n<div class=\"flex-layout-v\">\n<div class=\"flex-layout-h magic-5\">\n<div class=\"magic-11\"><img fetchpriority=\"high\" decoding=\"async\" class=\"magic-12\" src=\"https:\/\/sc04.alicdn.com\/kf\/Hc872fbaae65f49719e44608f7d1aa941a\/240115170\/Hc872fbaae65f49719e44608f7d1aa941a.png\" width=\"1201\" height=\"313\" data-src=\"\/\/sc04.alicdn.com\/kf\/Hc872fbaae65f49719e44608f7d1aa941a\/240115170\/Hc872fbaae65f49719e44608f7d1aa941a.png\" \/><\/div>\n<\/div>\n<\/div>\n<\/div>\n<\/div>\n<\/div>\n<div class=\"J_module\">\n<div class=\"icbu-pc-detailManyImage magic-13\">\n<div class=\"magic-14\"><img decoding=\"async\" class=\"alignleft wp-image-1492\" src=\"http:\/\/yxwool.com\/wp-content\/uploads\/2023\/07\/ce171456-1ab2-4d9d-9b11-2a4461da6cf7.jpg\" alt=\"\" width=\"1200\" height=\"1200\" srcset=\"https:\/\/yxwool.com\/wp-content\/uploads\/2023\/07\/ce171456-1ab2-4d9d-9b11-2a4461da6cf7.jpg 650w, https:\/\/yxwool.com\/wp-content\/uploads\/2023\/07\/ce171456-1ab2-4d9d-9b11-2a4461da6cf7-300x300.jpg 300w, https:\/\/yxwool.com\/wp-content\/uploads\/2023\/07\/ce171456-1ab2-4d9d-9b11-2a4461da6cf7-150x150.jpg 150w, https:\/\/yxwool.com\/wp-content\/uploads\/2023\/07\/ce171456-1ab2-4d9d-9b11-2a4461da6cf7-600x600.jpg 600w, https:\/\/yxwool.com\/wp-content\/uploads\/2023\/07\/ce171456-1ab2-4d9d-9b11-2a4461da6cf7-100x100.jpg 100w\" sizes=\"(max-width: 1200px) 100vw, 1200px\" \/><\/div>\n<\/div>\n<\/div>\n<div class=\"J_module\">\n<div class=\"icbu-pc-images magic-5\">\n<div class=\"flex-layout-v\">\n<div class=\"flex-layout-h magic-5\">\n<div class=\"magic-16\"><img decoding=\"async\" class=\"alignleft wp-image-1490\" src=\"http:\/\/yxwool.com\/wp-content\/uploads\/2023\/07\/\u8be6\u60c5\u9875.jpg\" alt=\"\" width=\"1200\" height=\"2048\" srcset=\"https:\/\/yxwool.com\/wp-content\/uploads\/2023\/07\/\u8be6\u60c5\u9875.jpg 750w, https:\/\/yxwool.com\/wp-content\/uploads\/2023\/07\/\u8be6\u60c5\u9875-176x300.jpg 176w, https:\/\/yxwool.com\/wp-content\/uploads\/2023\/07\/\u8be6\u60c5\u9875-600x1024.jpg 600w\" sizes=\"(max-width: 1200px) 100vw, 1200px\" \/><\/div>\n<\/div>\n<\/div>\n<\/div>\n<\/div>\n<div class=\"J_module\">\n<div class=\"icbu-pc-images magic-5\">\n<div class=\"flex-layout-v\">\n<div class=\"flex-layout-h magic-5\">\n<div><\/div>\n<div><\/div>\n<\/div>\n<\/div>\n<div class=\"magic-18\"><\/div>\n<\/div>\n<\/div>\n<div class=\"J_module\">\n<div class=\"detail-decorate-json-renderer-container\">\n<div class=\"magic-0\">\n<div class=\"magic-1\">\n<div class=\"magic-2\">\n<div class=\"magic-3\"><\/div>\n<div><\/div>\n<\/div>\n<\/div>\n<div class=\"magic-1\">\n<div class=\"magic-2\">\n<div class=\"magic-3\"><b><span class=\"magic-20\"><span class=\"magic-10\">Performances techniques des panneaux isolants en laine de roche<\/span><\/span><\/b><\/div>\n<\/div>\n<\/div>\n<\/div>\n<\/div>\n<\/div>\n<div class=\"J_module\">\n<div class=\"icbu-pc-images magic-5\">\n<div>\n<div class=\"flex-layout-v\">\n<div class=\"flex-layout-h magic-5\">\n<div class=\"magic-21\"><img loading=\"lazy\" decoding=\"async\" class=\"magic-22\" src=\"https:\/\/sc04.alicdn.com\/kf\/Hfebbb8e2ff984d8b8adc402cfbfad76bA\/240115170\/Hfebbb8e2ff984d8b8adc402cfbfad76bA.png\" width=\"1200\" height=\"812\" data-src=\"\/\/sc04.alicdn.com\/kf\/Hfebbb8e2ff984d8b8adc402cfbfad76bA\/240115170\/Hfebbb8e2ff984d8b8adc402cfbfad76bA.png\" \/><\/div>\n<\/div>\n<\/div>\n<\/div>\n<\/div>\n<\/div>\n<div class=\"J_module\">\n<div class=\"detail-decorate-json-renderer-container\">\n<div class=\"magic-0\">\n<div class=\"magic-1\">\n<div class=\"magic-2\">\n<div class=\"magic-3\"><span class=\"magic-10\"><b>Applications de panneaux isolants en laine de roche\u00a0:<\/b><\/span><\/div>\n<div class=\"magic-3\"><b>\u22c5 Tr\u00e8s \u00e9conomique, augmentant l&#039;efficacit\u00e9 \u00e9nerg\u00e9tique du b\u00e2timent<br \/>\n\u22c5 Excellente r\u00e9sistance thermique<br \/>\n\u22c5 Incombustible, ignifuge, \u00e9tanche, insonoris\u00e9<br \/>\n\u22c5 Facile \u00e0 installer<br \/>\n\u22c5 Poids l\u00e9ger, manipulation et installation faciles sur site.<br \/>\n\u22c5 Apparence attrayante<br \/>\n\u22c5 R\u00e9sistant au vieillissement<br \/>\n\u22c5 Bonne absorption acoustique, pas de corrosion<br \/>\n\u22c5 \u00c9conomie d&#039;\u00e9nergie, aucun mal \u00e0 la protection de l&#039;homme et de l&#039;environnement<br \/>\n\u22c5 Durable pour toute une vie<\/b><\/div>\n<\/div>\n<\/div>\n<\/div>\n<\/div>\n<\/div>\n<div class=\"J_module\">\n<div class=\"magic-23\"><\/div>\n<\/div>\n<div class=\"J_module\">\n<div class=\"icbu-pc-images magic-5\">\n<div>\n<div class=\"flex-layout-v\">\n<div class=\"flex-layout-h magic-5\">\n<div class=\"magic-25\"><img loading=\"lazy\" decoding=\"async\" class=\"magic-26\" src=\"https:\/\/sc04.alicdn.com\/kf\/Hbe2502f33baa4742940b613e70b87fd1f\/240115170\/Hbe2502f33baa4742940b613e70b87fd1f.jpg\" width=\"1200\" height=\"1576\" data-src=\"\/\/sc04.alicdn.com\/kf\/Hbe2502f33baa4742940b613e70b87fd1f\/240115170\/Hbe2502f33baa4742940b613e70b87fd1f.jpg\" \/><\/div>\n<\/div>\n<\/div>\n<\/div>\n<\/div>\n<\/div>\n<div class=\"J_module\">\n<div class=\"icbu-pc-images magic-5\">\n<div>\n<div class=\"flex-layout-v\">\n<div class=\"flex-layout-h magic-5\">\n<div class=\"magic-27\"><img loading=\"lazy\" decoding=\"async\" class=\"magic-28\" src=\"https:\/\/sc04.alicdn.com\/kf\/H01f1f3c58a5a463a87d39668e9344861d\/240115170\/H01f1f3c58a5a463a87d39668e9344861d.jpg\" width=\"1200\" height=\"1432\" data-src=\"\/\/sc04.alicdn.com\/kf\/H01f1f3c58a5a463a87d39668e9344861d\/240115170\/H01f1f3c58a5a463a87d39668e9344861d.jpg\" \/><\/div>\n<\/div>\n<\/div>\n<\/div>\n<\/div>\n<\/div>","protected":false},"excerpt":{"rendered":"<p>Panneau isolant en laine de roche Pr\u00e9sentation Le panneau en laine de roche YUXING\u00ae est fabriqu\u00e9 \u00e0 partir de basalte, une mati\u00e8re premi\u00e8re inorganique. Il est produit en chauffant du basalte \u00e0 1350 \u00b0C \u2013 1400 \u00b0C et en le transformant en fibres, qui sont li\u00e9es entre elles \u00e0 l\u2019aide d\u2019une r\u00e9sine thermodurcissable. Il est l\u00e9ger et facile \u00e0 installer, principalement utilis\u00e9 pour l\u2019isolation thermique et acoustique. Il [\u2026]<\/p>","protected":false},"featured_media":1458,"template":"","meta":{"site-sidebar-layout":"default","site-content-layout":"default","ast-site-content-layout":"","site-content-style":"default","site-sidebar-style":"default","ast-global-header-display":"","ast-banner-title-visibility":"","ast-main-header-display":"","ast-hfb-above-header-display":"","ast-hfb-below-header-display":"","ast-hfb-mobile-header-display":"","site-post-title":"","ast-breadcrumbs-content":"","ast-featured-img":"","footer-sml-layout":"","theme-transparent-header-meta":"default","adv-header-id-meta":"","stick-header-meta":"","header-above-stick-meta":"","header-main-stick-meta":"","header-below-stick-meta":"","astra-migrate-meta-layouts":"default","ast-page-background-enabled":"default","ast-page-background-meta":{"desktop":{"background-color":"","background-image":"","background-repeat":"repeat","background-position":"center center","background-size":"auto","background-attachment":"scroll","background-type":"","background-media":"","overlay-type":"","overlay-color":"","overlay-opacity":"","overlay-gradient":""},"tablet":{"background-color":"","background-image":"","background-repeat":"repeat","background-position":"center center","background-size":"auto","background-attachment":"scroll","background-type":"","background-media":"","overlay-type":"","overlay-color":"","overlay-opacity":"","overlay-gradient":""},"mobile":{"background-color":"","background-image":"","background-repeat":"repeat","background-position":"center center","background-size":"auto","background-attachment":"scroll","background-type":"","background-media":"","overlay-type":"","overlay-color":"","overlay-opacity":"","overlay-gradient":""}},"ast-content-background-meta":{"desktop":{"background-color":"var(--ast-global-color-5)","background-image":"","background-repeat":"repeat","background-position":"center center","background-size":"auto","background-attachment":"scroll","background-type":"","background-media":"","overlay-type":"","overlay-color":"","overlay-opacity":"","overlay-gradient":""},"tablet":{"background-color":"var(--ast-global-color-5)","background-image":"","background-repeat":"repeat","background-position":"center center","background-size":"auto","background-attachment":"scroll","background-type":"","background-media":"","overlay-type":"","overlay-color":"","overlay-opacity":"","overlay-gradient":""},"mobile":{"background-color":"var(--ast-global-color-5)","background-image":"","background-repeat":"repeat","background-position":"center center","background-size":"auto","background-attachment":"scroll","background-type":"","background-media":"","overlay-type":"","overlay-color":"","overlay-opacity":"","overlay-gradient":""}}},"product_brand":[],"product_cat":[22],"product_tag":[],"class_list":{"0":"post-1491","1":"product","2":"type-product","3":"status-publish","4":"has-post-thumbnail","6":"product_cat-rock-wool","7":"desktop-align-center","8":"tablet-align-left","9":"mobile-align-left","11":"first","12":"instock","13":"shipping-taxable","14":"product-type-simple"},"_links":{"self":[{"href":"https:\/\/yxwool.com\/fr\/wp-json\/wp\/v2\/product\/1491","targetHints":{"allow":["GET"]}}],"collection":[{"href":"https:\/\/yxwool.com\/fr\/wp-json\/wp\/v2\/product"}],"about":[{"href":"https:\/\/yxwool.com\/fr\/wp-json\/wp\/v2\/types\/product"}],"wp:featuredmedia":[{"embeddable":true,"href":"https:\/\/yxwool.com\/fr\/wp-json\/wp\/v2\/media\/1458"}],"wp:attachment":[{"href":"https:\/\/yxwool.com\/fr\/wp-json\/wp\/v2\/media?parent=1491"}],"wp:term":[{"taxonomy":"product_brand","embeddable":true,"href":"https:\/\/yxwool.com\/fr\/wp-json\/wp\/v2\/product_brand?post=1491"},{"taxonomy":"product_cat","embeddable":true,"href":"https:\/\/yxwool.com\/fr\/wp-json\/wp\/v2\/product_cat?post=1491"},{"taxonomy":"product_tag","embeddable":true,"href":"https:\/\/yxwool.com\/fr\/wp-json\/wp\/v2\/product_tag?post=1491"}],"curies":[{"name":"wp","href":"https:\/\/api.w.org\/{rel}","templated":true}]}}