{"id":1498,"date":"2023-07-07T03:09:55","date_gmt":"2023-07-07T03:09:55","guid":{"rendered":"http:\/\/yxwool.com\/?post_type=product&#038;p=1498"},"modified":"2023-08-01T08:06:24","modified_gmt":"2023-08-01T08:06:24","slug":"density-125-kg-m3-rock-mineral-wool-insulation-rock-wool-pipe-cover","status":"publish","type":"product","link":"https:\/\/yxwool.com\/fr\/produit\/density-125-kg-m3-rock-mineral-wool-insulation-rock-wool-pipe-cover\/","title":{"rendered":"Densit\u00e9 130 kg\/m3 Laine de roche Isolation en laine min\u00e9rale gaine de laine de roche"},"content":{"rendered":"<div class=\"J_module\">\n<div class=\"detail-decorate-json-renderer-container\">\n<div class=\"magic-0\">\n<div class=\"magic-1\">\n<div class=\"magic-2\">\n<div class=\"magic-3\">\n<div class=\"magic-4\"><b><i><span class=\"magic-5\" data-spm-anchor-id=\"a2700.details.0.i41.2a0775a65Z37uH\">Densit\u00e9 130kg\/m3 Laine de roche Isolation en laine min\u00e9rale Couverture de tuyau en laine de roche<\/span><\/i><\/b><\/div>\n<\/div>\n<\/div>\n<\/div>\n<\/div>\n<\/div>\n<\/div>\n<div class=\"J_module\">\n<div class=\"icbu-pc-images magic-6\">\n<div class=\"flex-layout-v\">\n<div class=\"flex-layout-h magic-6\">\n<div class=\"magic-7\">\n<p><img fetchpriority=\"high\" decoding=\"async\" class=\"wp-image-1499\" src=\"http:\/\/yxwool.com\/wp-content\/uploads\/2023\/07\/H69ebc5db694842e8a5d5408050882941l.jpg\" alt=\"rock wool pipe\" width=\"1200\" height=\"1571\" srcset=\"https:\/\/yxwool.com\/wp-content\/uploads\/2023\/07\/H69ebc5db694842e8a5d5408050882941l.jpg 750w, https:\/\/yxwool.com\/wp-content\/uploads\/2023\/07\/H69ebc5db694842e8a5d5408050882941l-229x300.jpg 229w, https:\/\/yxwool.com\/wp-content\/uploads\/2023\/07\/H69ebc5db694842e8a5d5408050882941l-600x786.jpg 600w\" sizes=\"(max-width: 1200px) 100vw, 1200px\" \/><\/p>\n<\/div>\n<\/div>\n<\/div>\n<\/div>\n<\/div>\n<div><\/div>\n<div><b style=\"font-style: inherit;\">YUXING<sup>\u00ae<\/sup> Pipe en laine de roche<\/b><span style=\"font-size: 16px;\"> est fabriqu\u00e9 \u00e0 partir d&#039;un isolant en laine min\u00e9rale, il offre une protection cellulosique contre de nombreux risques, avec d&#039;excellentes qualit\u00e9s thermiques et acoustiques ainsi qu&#039;une importante r\u00e9sistance \u00e0 l&#039;humidit\u00e9. Ils sont utilis\u00e9s pour l&#039;isolation thermique des canalisations industrielles, des installations de chauffage central et d&#039;\u00e9nergie solaire, pour l&#039;isolation contre le gel et la condensation des canalisations ainsi que pour l&#039;isolation antivibratoire et acoustique des canalisations d&#039;eau sous pression.<\/span><\/div>\n<div class=\"J_module\">\n<div class=\"detail-decorate-json-renderer-container\">\n<div class=\"magic-0\">\n<div class=\"magic-1\">\n<div class=\"magic-2\">\n<div class=\"magic-3\">\n<div><\/div>\n<\/div>\n<\/div>\n<\/div>\n<\/div>\n<\/div>\n<\/div>\n<div class=\"J_module\">\n<div class=\"detail-decorate-json-renderer-container\">\n<div class=\"magic-0\">\n<div class=\"magic-1\">\n<div class=\"magic-2\">\n<div class=\"magic-3\"><span class=\"magic-16\"><b class=\"magic-12\"><span class=\"magic-17\">Sp\u00e9cification du tuyau d&#039;isolation en laine de roche<\/span><\/b><\/span><\/div>\n<\/div>\n<\/div>\n<\/div>\n<\/div>\n<\/div>\n<div class=\"J_module\">\n<div class=\"ife-detail-decorate-table\">\n<table class=\"has-title is-zebra hight-light-first-column all magic-18\">\n<tbody>\n<tr>\n<td colspan=\"1\" rowspan=\"1\">\n<div class=\"magic-19\">\n<div class=\"magic-4\"><b>ARTICLE<\/b><\/div>\n<\/div>\n<\/td>\n<td colspan=\"1\" rowspan=\"1\">\n<div class=\"magic-20\">\n<div class=\"magic-4\"><b>UNIT\u00c9<\/b><\/div>\n<\/div>\n<\/td>\n<td colspan=\"1\" rowspan=\"1\">\n<div class=\"magic-21\">\n<div class=\"magic-4\"><b>SPEC<\/b><\/div>\n<\/div>\n<\/td>\n<\/tr>\n<tr>\n<td colspan=\"1\" rowspan=\"1\">\n<div class=\"magic-19\">\n<div class=\"magic-4\">Densit\u00e9<\/div>\n<\/div>\n<\/td>\n<td colspan=\"1\" rowspan=\"1\">\n<div class=\"magic-20\">\n<div class=\"magic-4\" data-spm-anchor-id=\"0.0.0.i31.43af4f053e8aw5\">kg\/m<sup>3<\/sup><\/div>\n<\/div>\n<\/td>\n<td colspan=\"1\" rowspan=\"1\">\n<div class=\"magic-21\">\n<div class=\"magic-4\" data-spm-anchor-id=\"0.0.0.i32.43af4f053e8aw5\">80-150<\/div>\n<\/div>\n<\/td>\n<\/tr>\n<tr>\n<td colspan=\"1\" rowspan=\"1\">\n<div class=\"magic-19\">\n<div class=\"magic-4\">Longueur<\/div>\n<\/div>\n<\/td>\n<td colspan=\"1\" rowspan=\"1\">\n<div class=\"magic-20\">\n<div class=\"magic-4\" data-spm-anchor-id=\"a2700.pc-decorate.0.i28.29973333wdI7cC\">m<\/div>\n<\/div>\n<\/td>\n<td colspan=\"1\" rowspan=\"1\">\n<div class=\"magic-21\">\n<div class=\"magic-4\" data-spm-anchor-id=\"0.0.0.i35.43af4f053e8aw5\">1<\/div>\n<\/div>\n<\/td>\n<\/tr>\n<tr>\n<td colspan=\"1\" rowspan=\"1\">\n<div class=\"magic-19\">\n<div class=\"magic-4\" data-spm-anchor-id=\"a2700.pc-decorate.0.i26.29973333wdI7cC\">Diam\u00e8tre int\u00e9rieur<\/div>\n<\/div>\n<\/td>\n<td colspan=\"1\" rowspan=\"1\">\n<div class=\"magic-20\">\n<div class=\"magic-4\" data-spm-anchor-id=\"a2700.pc-decorate.0.i25.29973333wdI7cC\">millim\u00e8tre<\/div>\n<\/div>\n<\/td>\n<td colspan=\"1\" rowspan=\"1\">\n<div class=\"magic-21\">\n<div class=\"magic-4\" data-spm-anchor-id=\"0.0.0.i34.43af4f053e8aw5\">22-910<\/div>\n<\/div>\n<\/td>\n<\/tr>\n<tr>\n<td colspan=\"1\" rowspan=\"1\">\n<div class=\"magic-22\">\n<div class=\"magic-4\" data-spm-anchor-id=\"0.0.0.i36.43af4f053e8aw5\">\u00c9paisseur<\/div>\n<\/div>\n<\/td>\n<td colspan=\"1\" rowspan=\"1\">\n<div class=\"magic-23\">\n<div class=\"magic-4\" data-spm-anchor-id=\"0.0.0.i44.43af4f053e8aw5\">millim\u00e8tre<\/div>\n<\/div>\n<\/td>\n<td colspan=\"1\" rowspan=\"1\">\n<div class=\"magic-24\">\n<div class=\"magic-4\" data-spm-anchor-id=\"0.0.0.i42.43af4f053e8aw5\">25-150<\/div>\n<\/div>\n<\/td>\n<\/tr>\n<tr>\n<td colspan=\"3\" rowspan=\"1\">\n<div class=\"magic-25\">\n<div class=\"magic-4\" data-spm-anchor-id=\"0.0.0.i43.43af4f053e8aw5\"><i data-spm-anchor-id=\"0.0.0.i46.43af4f053e8aw5\">\u00a0<b>Note:<\/b>\u00a0Des produits personnalis\u00e9s sont disponibles sur consultation.<\/i><\/div>\n<\/div>\n<\/td>\n<\/tr>\n<\/tbody>\n<\/table>\n<\/div>\n<\/div>\n<div class=\"J_module\">\n<div class=\"icbu-pc-images magic-6\">\n<div class=\"flex-layout-v\">\n<div class=\"flex-layout-h magic-6\">\n<div class=\"magic-29\"><img decoding=\"async\" class=\"alignleft wp-image-1500\" src=\"http:\/\/yxwool.com\/wp-content\/uploads\/2023\/07\/bec51a23-cde3-4bd3-822f-392c70fc718b.jpg\" alt=\"\" width=\"1200\" height=\"1200\" srcset=\"https:\/\/yxwool.com\/wp-content\/uploads\/2023\/07\/bec51a23-cde3-4bd3-822f-392c70fc718b.jpg 690w, https:\/\/yxwool.com\/wp-content\/uploads\/2023\/07\/bec51a23-cde3-4bd3-822f-392c70fc718b-300x300.jpg 300w, https:\/\/yxwool.com\/wp-content\/uploads\/2023\/07\/bec51a23-cde3-4bd3-822f-392c70fc718b-150x150.jpg 150w, https:\/\/yxwool.com\/wp-content\/uploads\/2023\/07\/bec51a23-cde3-4bd3-822f-392c70fc718b-600x600.jpg 600w, https:\/\/yxwool.com\/wp-content\/uploads\/2023\/07\/bec51a23-cde3-4bd3-822f-392c70fc718b-100x100.jpg 100w\" sizes=\"(max-width: 1200px) 100vw, 1200px\" \/><\/div>\n<\/div>\n<\/div>\n<\/div>\n<\/div>\n<div class=\"J_module\">\n<div class=\"icbu-pc-images magic-6\">\n<div class=\"flex-layout-v\">\n<div class=\"flex-layout-h magic-6\">\n<div class=\"magic-31\"><img decoding=\"async\" class=\"alignleft wp-image-1501\" src=\"http:\/\/yxwool.com\/wp-content\/uploads\/2023\/07\/\u8be6\u60c5\u9875-1.jpg\" alt=\"\" width=\"1200\" height=\"2048\" srcset=\"https:\/\/yxwool.com\/wp-content\/uploads\/2023\/07\/\u8be6\u60c5\u9875-1.jpg 750w, https:\/\/yxwool.com\/wp-content\/uploads\/2023\/07\/\u8be6\u60c5\u9875-1-176x300.jpg 176w, https:\/\/yxwool.com\/wp-content\/uploads\/2023\/07\/\u8be6\u60c5\u9875-1-600x1024.jpg 600w\" sizes=\"(max-width: 1200px) 100vw, 1200px\" \/><\/div>\n<\/div>\n<\/div>\n<\/div>\n<\/div>\n<div class=\"J_module\">\n<div class=\"icbu-pc-images magic-6\">\n<div>\n<div class=\"flex-layout-v\">\n<div class=\"flex-layout-h magic-6\">\n<div class=\"magic-33\"><img loading=\"lazy\" decoding=\"async\" class=\"magic-34\" src=\"https:\/\/sc04.alicdn.com\/kf\/Hf9a4eb72e1344d8e921b26e3b9023933B\/240115170\/Hf9a4eb72e1344d8e921b26e3b9023933B.jpg\" width=\"1200\" height=\"995\" data-src=\"\/\/sc04.alicdn.com\/kf\/Hf9a4eb72e1344d8e921b26e3b9023933B\/240115170\/Hf9a4eb72e1344d8e921b26e3b9023933B.jpg\" \/><\/div>\n<\/div>\n<\/div>\n<\/div>\n<\/div>\n<\/div>\n<div class=\"J_module\">\n<div class=\"detail-decorate-json-renderer-container\">\n<div class=\"magic-0\">\n<div class=\"magic-1\">\n<div class=\"magic-2\">\n<div class=\"magic-3\"><\/div>\n<div><\/div>\n<div class=\"magic-3\"><span class=\"magic-35\"><b class=\"magic-12\"><span class=\"magic-16\">Performances techniques des tuyaux isolants en laine de roche<\/span><\/b><\/span><\/div>\n<\/div>\n<\/div>\n<\/div>\n<\/div>\n<\/div>\n<div class=\"J_module\">\n<div class=\"ife-detail-decorate-table\">\n<table class=\"has-title is-zebra hight-light-first-column all magic-18\">\n<tbody>\n<tr>\n<td colspan=\"2\" rowspan=\"1\">\n<div class=\"magic-36\">\n<div class=\"magic-4\" data-spm-anchor-id=\"0.0.0.i8.43af4f05Sn5kzc\"><b>\u00c9l\u00e9ment d&#039;essai<\/b><\/div>\n<\/div>\n<\/td>\n<td colspan=\"1\" rowspan=\"1\">\n<div class=\"magic-38\">\n<div class=\"magic-4\" data-spm-anchor-id=\"0.0.0.i20.43af4f05PSnqdV\"><b data-spm-anchor-id=\"0.0.0.i105.43af4f05lxNjOD\">Unit\u00e9<\/b><\/div>\n<\/div>\n<\/td>\n<td colspan=\"1\" rowspan=\"1\">\n<div class=\"magic-39\">\n<div class=\"magic-4\"><b data-spm-anchor-id=\"a2700.pc-decorate.0.i1.50d53333EAQedn\">Valeur d&#039;essai<\/b><\/div>\n<\/div>\n<\/td>\n<td colspan=\"1\" rowspan=\"1\">\n<div class=\"magic-40\">\n<div class=\"magic-4\"><b data-spm-anchor-id=\"0.0.0.i3.43af4f05Sn5kzc\">M\u00e9thode d&#039;essai<\/b><\/div>\n<\/div>\n<\/td>\n<\/tr>\n<tr>\n<td colspan=\"2\" rowspan=\"1\">\n<div class=\"magic-36\">Conductivit\u00e9 thermique<\/div>\n<\/td>\n<td colspan=\"1\" rowspan=\"1\">\n<div class=\"magic-38\">\n<div class=\"magic-4\">(W\/m\u00b7K)<\/div>\n<\/div>\n<\/td>\n<td colspan=\"1\" rowspan=\"1\">\n<div class=\"magic-37\">\n<div class=\"magic-4\" data-spm-anchor-id=\"0.0.0.i19.43af4f05PSnqdV\">0.034-0.043<\/div>\n<\/div>\n<\/td>\n<td colspan=\"1\" rowspan=\"1\">\n<div class=\"magic-40\">\n<div class=\"magic-4\">ASTM C177\/C518<\/div>\n<\/div>\n<\/td>\n<\/tr>\n<tr>\n<td colspan=\"2\" rowspan=\"1\">\n<div class=\"magic-36\">Temp\u00e9rature de service maximale<\/div>\n<\/td>\n<td colspan=\"1\" rowspan=\"1\">\n<div class=\"magic-38\">\n<div class=\"magic-4\">\u2103<\/div>\n<\/div>\n<\/td>\n<td colspan=\"1\" rowspan=\"1\">\n<div class=\"magic-39\">\n<div class=\"magic-4\" data-spm-anchor-id=\"a2700.pc-decorate.0.i4.29973333uSf262\">750<\/div>\n<\/div>\n<\/td>\n<td colspan=\"1\" rowspan=\"1\">\n<div class=\"magic-40\">\n<div class=\"magic-4\">ASTM C411<\/div>\n<\/div>\n<\/td>\n<\/tr>\n<tr>\n<td colspan=\"2\" rowspan=\"1\">\n<div class=\"magic-36\">R\u00e9sistance \u00e0 la compression (d\u00e9formation 10%)<\/div>\n<\/td>\n<td colspan=\"1\" rowspan=\"1\">\n<div class=\"magic-38\">\n<div class=\"magic-4\">kPa<\/div>\n<\/div>\n<\/td>\n<td colspan=\"1\" rowspan=\"1\">\n<div class=\"magic-39\">\n<div class=\"magic-4\">\u226540<\/div>\n<\/div>\n<\/td>\n<td colspan=\"1\" rowspan=\"1\">\n<div class=\"magic-40\">\n<div class=\"magic-4\">ASTM C165<\/div>\n<\/div>\n<\/td>\n<\/tr>\n<tr>\n<td colspan=\"1\" rowspan=\"2\">\n<div class=\"magic-41\">Caract\u00e9ristique de combustion de surface<\/div>\n<\/td>\n<td colspan=\"1\" rowspan=\"1\">\n<div class=\"magic-37\">Indice de propagation de la flamme<\/div>\n<\/td>\n<td colspan=\"1\" rowspan=\"1\">\n<div class=\"magic-38\">\n<div class=\"magic-4\">&#8211;<\/div>\n<\/div>\n<\/td>\n<td colspan=\"1\" rowspan=\"1\">\n<div class=\"magic-39\">\n<div class=\"magic-4\">0<\/div>\n<\/div>\n<\/td>\n<td colspan=\"1\" rowspan=\"1\">\n<div class=\"magic-40\">\n<div class=\"magic-4\">ASTM E84<\/div>\n<\/div>\n<\/td>\n<\/tr>\n<tr>\n<td colspan=\"1\" rowspan=\"1\">\n<div class=\"magic-39\">Indice de d\u00e9veloppement de fum\u00e9e<\/div>\n<\/td>\n<td colspan=\"1\" rowspan=\"1\">\n<div class=\"magic-38\">\n<div class=\"magic-4\">&#8211;<\/div>\n<\/div>\n<\/td>\n<td colspan=\"1\" rowspan=\"1\">\n<div class=\"magic-37\">\n<div class=\"magic-4\">0<\/div>\n<\/div>\n<\/td>\n<td colspan=\"1\" rowspan=\"1\">\n<div class=\"magic-40\">\n<div class=\"magic-4\">ASTM E84<\/div>\n<\/div>\n<\/td>\n<\/tr>\n<tr>\n<td colspan=\"2\" rowspan=\"1\">\n<div class=\"magic-36\">Contenu du plan<\/div>\n<\/td>\n<td colspan=\"1\" rowspan=\"1\">\n<div class=\"magic-38\">\n<div class=\"magic-4\" data-spm-anchor-id=\"a2700.pc-decorate.0.i7.50d53333s17pdC\">%<\/div>\n<\/div>\n<\/td>\n<td colspan=\"1\" rowspan=\"1\">\n<div class=\"magic-39\">\n<div class=\"magic-4\" data-spm-anchor-id=\"0.0.0.i11.43af4f05PSnqdV\">\u22647<\/div>\n<\/div>\n<\/td>\n<td colspan=\"1\" rowspan=\"1\">\n<div class=\"magic-40\">\n<div class=\"magic-4\" data-spm-anchor-id=\"a2700.pc-decorate.0.i2.50d53333vWChka\">ASTM C612<\/div>\n<\/div>\n<\/td>\n<\/tr>\n<tr>\n<td colspan=\"2\" rowspan=\"1\">\n<div class=\"magic-36\">Taux d&#039;acidit\u00e9<\/div>\n<\/td>\n<td colspan=\"1\" rowspan=\"1\">\n<div class=\"magic-38\">\n<div class=\"magic-4\" data-spm-anchor-id=\"a2700.pc-decorate.0.i5.50d53333EAQedn\">&#8211;<\/div>\n<\/div>\n<\/td>\n<td colspan=\"1\" rowspan=\"1\">\n<div class=\"magic-39\">\n<div class=\"magic-4\" data-spm-anchor-id=\"a2700.pc-decorate.0.i1.50d53333InZYlK\">\u22651.8<\/div>\n<\/div>\n<\/td>\n<td colspan=\"1\" rowspan=\"1\">\n<div class=\"magic-42\">\n<div class=\"magic-4\">GB\/T 5480<\/div>\n<\/div>\n<\/td>\n<\/tr>\n<tr>\n<td colspan=\"1\" rowspan=\"3\">\n<div class=\"magic-43\">Sant\u00e9 et s\u00e9curit\u00e9<\/div>\n<\/td>\n<td colspan=\"1\" rowspan=\"1\">\n<div class=\"magic-37\">R\u00e9sistance aux champignons<\/div>\n<\/td>\n<td colspan=\"1\" rowspan=\"1\">\n<div class=\"magic-44\">\n<div class=\"magic-4\" data-spm-anchor-id=\"a2700.pc-decorate.0.i8.50d53333s17pdC\">&#8211;<\/div>\n<\/div>\n<\/td>\n<td colspan=\"1\" rowspan=\"1\">\n<div class=\"magic-39\">\n<div class=\"magic-4\" data-spm-anchor-id=\"a2700.pc-decorate.0.i0.50d53333EAQedn\">Pas de bact\u00e9ries<\/div>\n<\/div>\n<\/td>\n<td colspan=\"1\" rowspan=\"1\">\n<div class=\"magic-40\">\n<div class=\"magic-4\">ASTM C1338<\/div>\n<\/div>\n<\/td>\n<\/tr>\n<tr>\n<td colspan=\"1\" rowspan=\"1\">\n<div class=\"magic-37\">\u00c9mission d&#039;odeurs<\/div>\n<\/td>\n<td colspan=\"1\" rowspan=\"1\">\n<div class=\"magic-38\">\n<div class=\"magic-4\" data-spm-anchor-id=\"a2700.pc-decorate.0.i9.50d53333s17pdC\">&#8211;<\/div>\n<\/div>\n<\/td>\n<td colspan=\"1\" rowspan=\"1\">\n<div class=\"magic-39\">\n<div class=\"magic-4\" data-spm-anchor-id=\"a2700.pc-decorate.0.i11.4b2d3333bs0rRO\">Aucune odeur irritante<\/div>\n<\/div>\n<\/td>\n<td colspan=\"1\" rowspan=\"1\">\n<div class=\"magic-40\">\n<div class=\"magic-4\">ASTM C665<\/div>\n<\/div>\n<\/td>\n<\/tr>\n<tr>\n<td colspan=\"1\" rowspan=\"1\">\n<div class=\"magic-37\">R\u00e9sistance \u00e0 la corrosion<\/div>\n<\/td>\n<td colspan=\"1\" rowspan=\"1\">\n<div class=\"magic-38\">\n<div class=\"magic-4\">&#8211;<\/div>\n<\/div>\n<\/td>\n<td colspan=\"1\" rowspan=\"1\">\n<div class=\"magic-39\">\n<div class=\"magic-4\">Aucune r\u00e9action chimique<\/div>\n<\/div>\n<\/td>\n<td colspan=\"1\" rowspan=\"1\">\n<div class=\"magic-40\">\n<div class=\"magic-4\">ASTM C665<\/div>\n<\/div>\n<\/td>\n<\/tr>\n<tr>\n<td colspan=\"2\" rowspan=\"2\">\n<div class=\"magic-36\">Absorption d&#039;humidit\u00e9<\/div>\n<\/td>\n<td colspan=\"1\" rowspan=\"1\">\n<div class=\"magic-38\">\n<div class=\"magic-4\" data-spm-anchor-id=\"0.0.0.i1.43af4f05PSnqdV\">% en poids<\/div>\n<\/div>\n<\/td>\n<td colspan=\"1\" rowspan=\"1\">\n<div class=\"magic-39\">\n<div class=\"magic-4\">\u22641<\/div>\n<\/div>\n<\/td>\n<td colspan=\"1\" rowspan=\"1\">\n<div class=\"magic-40\">\n<div class=\"magic-4\">ASTM C1104\/1104M<\/div>\n<\/div>\n<\/td>\n<\/tr>\n<tr>\n<td colspan=\"1\" rowspan=\"1\">\n<div class=\"magic-38\">\n<div class=\"magic-4\" data-spm-anchor-id=\"0.0.0.i2.43af4f05PSnqdV\">% par volumes<\/div>\n<\/div>\n<\/td>\n<td colspan=\"1\" rowspan=\"1\">\n<div class=\"magic-37\">\n<div class=\"magic-4\" data-spm-anchor-id=\"a2700.pc-decorate.0.i13.50d53333s17pdC\">\u22641<\/div>\n<\/div>\n<\/td>\n<td colspan=\"1\" rowspan=\"1\">\n<div class=\"magic-40\">\n<div class=\"magic-4\">ASTM C1104\/1104M<\/div>\n<\/div>\n<\/td>\n<\/tr>\n<tr>\n<td colspan=\"2\" rowspan=\"1\">\n<div class=\"magic-36\">Taux hydrophobe<\/div>\n<\/td>\n<td colspan=\"1\" rowspan=\"1\">\n<div class=\"magic-38\">\n<div class=\"magic-4\" data-spm-anchor-id=\"0.0.0.i6.43af4f05PSnqdV\">%<\/div>\n<\/div>\n<\/td>\n<td colspan=\"1\" rowspan=\"1\">\n<div class=\"magic-37\">\n<div class=\"magic-4\" data-spm-anchor-id=\"a2700.pc-decorate.0.i10.4b2d3333bs0rRO\">&gt;99<\/div>\n<\/div>\n<\/td>\n<td colspan=\"1\" rowspan=\"1\">\n<div class=\"magic-40\">\n<div class=\"magic-4\">GB\/T 10299<\/div>\n<\/div>\n<\/td>\n<\/tr>\n<tr>\n<td colspan=\"2\" rowspan=\"1\">\n<div class=\"magic-36\">Performances au feu<\/div>\n<\/td>\n<td colspan=\"1\" rowspan=\"1\">\n<div class=\"magic-38\">\n<div class=\"magic-4\" data-spm-anchor-id=\"0.0.0.i7.43af4f05PSnqdV\">&#8211;<\/div>\n<\/div>\n<\/td>\n<td colspan=\"1\" rowspan=\"1\">\n<div class=\"magic-39\">\n<div class=\"magic-4\" data-spm-anchor-id=\"a2700.pc-decorate.0.i14.50d53333s17pdC\">Incombustibilit\u00e9 (Classe A1)<\/div>\n<\/div>\n<\/td>\n<td colspan=\"1\" rowspan=\"1\">\n<div class=\"magic-40\">\n<div class=\"magic-4\" data-spm-anchor-id=\"a2700.pc-decorate.0.i6.50d53333s17pdC\">EN13501-1 \/ BS 476 Part4<\/div>\n<\/div>\n<\/td>\n<\/tr>\n<\/tbody>\n<\/table>\n<\/div>\n<\/div>\n<div class=\"J_module\">\n<div class=\"detail-decorate-json-renderer-container\">\n<div class=\"magic-0\">\n<div class=\"magic-1\">\n<div class=\"magic-2\">\n<div class=\"magic-3\"><span class=\"magic-16\"><b class=\"magic-12\"><span class=\"magic-17\">Isolation en laine de roche <span class=\"magic-12\">Tuyau<\/span> Avantages distinctifs\u00a0:<\/span><span class=\"magic-45\"><br \/>\n<\/span><\/b><\/span><\/p>\n<div><span class=\"magic-12\"><b class=\"magic-12\"><span class=\"magic-16\">\u22c5 <\/span><\/b><span class=\"magic-14\">Tr\u00e8s \u00e9conomique, augmentant l&#039;efficacit\u00e9 \u00e9nerg\u00e9tique du b\u00e2timent<br \/>\n<\/span><b class=\"magic-12\"><span class=\"magic-16\">\u22c5 <\/span><\/b><span class=\"magic-14\">Excellente r\u00e9sistance thermique<br \/>\n<\/span><b class=\"magic-12\"><span class=\"magic-16\">\u22c5 <\/span><\/b><span class=\"magic-14\">Incombustible, ignifuge, \u00e9tanche, insonoris\u00e9<br \/>\n<\/span><b class=\"magic-12\"><span class=\"magic-16\">\u22c5 <\/span><\/b><span class=\"magic-14\">Facile \u00e0 installer<br \/>\n<\/span><b class=\"magic-12\"><span class=\"magic-16\">\u22c5 <\/span><\/b><span class=\"magic-14\">L\u00e9ger, facile \u00e0 manipuler et \u00e0 installer sur site.<br \/>\n<\/span><b class=\"magic-12\"><span class=\"magic-16\">\u22c5 <\/span><\/b><span class=\"magic-14\">Apparence attractive<br \/>\n<\/span><b class=\"magic-12\"><span class=\"magic-16\">\u22c5 <\/span><\/b><span class=\"magic-14\">R\u00e9sistant au vieillissement<br \/>\n<\/span><b class=\"magic-12\"><span class=\"magic-16\">\u22c5 <\/span><\/b><span class=\"magic-14\">Bonne absorption acoustique, pas de corrosion<br \/>\n<\/span><b class=\"magic-12\"><span class=\"magic-16\">\u22c5 <\/span><\/b><span class=\"magic-14\">\u00c9conomie d&#039;\u00e9nergie, pas de mal \u00e0 la protection de l&#039;homme et de l&#039;environnement<br \/>\n<\/span><b class=\"magic-12\"><span class=\"magic-16\">\u22c5 <\/span><\/b><span class=\"magic-14\">Durable pour toute une vie<\/span><\/span><\/div>\n<\/div>\n<\/div>\n<\/div>\n<\/div>\n<\/div>\n<\/div>\n<div class=\"J_module\">\n<div class=\"detail-decorate-json-renderer-container\">\n<div class=\"magic-0\">\n<div class=\"magic-46\">\n<div class=\"magic-2\">\n<div class=\"magic-3\"><\/div>\n<\/div>\n<\/div>\n<div class=\"magic-46\">\n<div class=\"magic-2\">\n<div class=\"magic-4\"><\/div>\n<\/div>\n<\/div>\n<\/div>\n<\/div>\n<\/div>\n<div class=\"J_module\">\n<div class=\"detail-decorate-json-renderer-container\">\n<div class=\"magic-0\">\n<h3 class=\"magic-10\"><span class=\"magic-16\"><span class=\"magic-17\">Applications de tuyaux d&#039;isolation en laine de roche\u00a0:<\/span><\/span><\/h3>\n<div class=\"magic-1\">\n<div class=\"magic-2\">\n<div class=\"magic-3\">\n<p><span class=\"magic-14\"><b>YUXING<sup class=\"magic-12\">\u00ae<\/sup><span class=\"magic-12\"> Tuyau d&#039;isolation en laine de roche<\/span><\/b> est largement utilis\u00e9 pour l&#039;isolation des syst\u00e8mes de tuyauterie chauds, froids, dissimul\u00e9s et expos\u00e9s fonctionnant \u00e0 des temp\u00e9ratures allant de -20\u00b0C \u00e0 450\u00b0C, tels que les conduites r\u00e9frig\u00e9r\u00e9es, l&#039;eau chaude, la vapeur et les conduites de condensat. Il offre le choix le plus rentable de syst\u00e8mes m\u00e9caniques isolants dans les b\u00e2timents commerciaux, les besoins d&#039;isolation thermique et acoustique r\u00e9sidentiels, industriels, les installations et proc\u00e9d\u00e9s industriels, les industries p\u00e9troli\u00e8res, chimiques ou les centrales \u00e9lectriques. <\/span><\/p>\n<\/div>\n<\/div>\n<\/div>\n<\/div>\n<\/div>\n<\/div>\n<div class=\"J_module\">\n<div class=\"icbu-pc-images magic-6\">\n<div>\n<div class=\"flex-layout-v\">\n<div class=\"flex-layout-h magic-6\">\n<div class=\"magic-51\"><img loading=\"lazy\" decoding=\"async\" class=\"magic-52\" src=\"https:\/\/sc04.alicdn.com\/kf\/Hbe2502f33baa4742940b613e70b87fd1f\/240115170\/Hbe2502f33baa4742940b613e70b87fd1f.jpg\" width=\"1200\" height=\"1576\" data-src=\"\/\/sc04.alicdn.com\/kf\/Hbe2502f33baa4742940b613e70b87fd1f\/240115170\/Hbe2502f33baa4742940b613e70b87fd1f.jpg\" \/><\/div>\n<\/div>\n<\/div>\n<\/div>\n<\/div>\n<\/div>\n<div class=\"J_module\">\n<div class=\"icbu-pc-images magic-6\">\n<div>\n<div class=\"flex-layout-v\">\n<div class=\"flex-layout-h magic-6\">\n<div class=\"magic-53\"><img loading=\"lazy\" decoding=\"async\" class=\"magic-54\" src=\"https:\/\/sc04.alicdn.com\/kf\/H01f1f3c58a5a463a87d39668e9344861d\/240115170\/H01f1f3c58a5a463a87d39668e9344861d.jpg\" width=\"1200\" height=\"1432\" data-src=\"\/\/sc04.alicdn.com\/kf\/H01f1f3c58a5a463a87d39668e9344861d\/240115170\/H01f1f3c58a5a463a87d39668e9344861d.jpg\" data-spm-anchor-id=\"a2700.details.0.i42.2a0775a65Z37uH\" \/><\/div>\n<\/div>\n<\/div>\n<\/div>\n<\/div>\n<\/div>","protected":false},"excerpt":{"rendered":"<p>Densit\u00e9 130kg\/m3 Laine de roche Isolation en laine min\u00e9rale Tuyau en laine de roche YUXING\u00ae est fabriqu\u00e9 \u00e0 partir d\u2019une isolation en laine min\u00e9rale, il offre une protection cellulosique contre de nombreux risques, avec d\u2019excellentes qualit\u00e9s thermiques et acoustiques ainsi qu\u2019une importante r\u00e9sistance \u00e0 l\u2019humidit\u00e9. Ils sont utilis\u00e9s pour l\u2019isolation thermique des tuyaux industriels, du chauffage central et de l\u2019\u00e9nergie solaire [\u2026]<\/p>","protected":false},"featured_media":1502,"template":"","meta":{"site-sidebar-layout":"default","site-content-layout":"default","ast-site-content-layout":"","site-content-style":"default","site-sidebar-style":"default","ast-global-header-display":"","ast-banner-title-visibility":"","ast-main-header-display":"","ast-hfb-above-header-display":"","ast-hfb-below-header-display":"","ast-hfb-mobile-header-display":"","site-post-title":"","ast-breadcrumbs-content":"","ast-featured-img":"","footer-sml-layout":"","theme-transparent-header-meta":"default","adv-header-id-meta":"","stick-header-meta":"","header-above-stick-meta":"","header-main-stick-meta":"","header-below-stick-meta":"","astra-migrate-meta-layouts":"default","ast-page-background-enabled":"default","ast-page-background-meta":{"desktop":{"background-color":"","background-image":"","background-repeat":"repeat","background-position":"center center","background-size":"auto","background-attachment":"scroll","background-type":"","background-media":"","overlay-type":"","overlay-color":"","overlay-opacity":"","overlay-gradient":""},"tablet":{"background-color":"","background-image":"","background-repeat":"repeat","background-position":"center center","background-size":"auto","background-attachment":"scroll","background-type":"","background-media":"","overlay-type":"","overlay-color":"","overlay-opacity":"","overlay-gradient":""},"mobile":{"background-color":"","background-image":"","background-repeat":"repeat","background-position":"center center","background-size":"auto","background-attachment":"scroll","background-type":"","background-media":"","overlay-type":"","overlay-color":"","overlay-opacity":"","overlay-gradient":""}},"ast-content-background-meta":{"desktop":{"background-color":"var(--ast-global-color-5)","background-image":"","background-repeat":"repeat","background-position":"center center","background-size":"auto","background-attachment":"scroll","background-type":"","background-media":"","overlay-type":"","overlay-color":"","overlay-opacity":"","overlay-gradient":""},"tablet":{"background-color":"var(--ast-global-color-5)","background-image":"","background-repeat":"repeat","background-position":"center center","background-size":"auto","background-attachment":"scroll","background-type":"","background-media":"","overlay-type":"","overlay-color":"","overlay-opacity":"","overlay-gradient":""},"mobile":{"background-color":"var(--ast-global-color-5)","background-image":"","background-repeat":"repeat","background-position":"center center","background-size":"auto","background-attachment":"scroll","background-type":"","background-media":"","overlay-type":"","overlay-color":"","overlay-opacity":"","overlay-gradient":""}}},"product_brand":[],"product_cat":[22],"product_tag":[],"class_list":{"0":"post-1498","1":"product","2":"type-product","3":"status-publish","4":"has-post-thumbnail","6":"product_cat-rock-wool","7":"desktop-align-center","8":"tablet-align-left","9":"mobile-align-left","11":"first","12":"instock","13":"shipping-taxable","14":"product-type-simple"},"_links":{"self":[{"href":"https:\/\/yxwool.com\/fr\/wp-json\/wp\/v2\/product\/1498","targetHints":{"allow":["GET"]}}],"collection":[{"href":"https:\/\/yxwool.com\/fr\/wp-json\/wp\/v2\/product"}],"about":[{"href":"https:\/\/yxwool.com\/fr\/wp-json\/wp\/v2\/types\/product"}],"wp:featuredmedia":[{"embeddable":true,"href":"https:\/\/yxwool.com\/fr\/wp-json\/wp\/v2\/media\/1502"}],"wp:attachment":[{"href":"https:\/\/yxwool.com\/fr\/wp-json\/wp\/v2\/media?parent=1498"}],"wp:term":[{"taxonomy":"product_brand","embeddable":true,"href":"https:\/\/yxwool.com\/fr\/wp-json\/wp\/v2\/product_brand?post=1498"},{"taxonomy":"product_cat","embeddable":true,"href":"https:\/\/yxwool.com\/fr\/wp-json\/wp\/v2\/product_cat?post=1498"},{"taxonomy":"product_tag","embeddable":true,"href":"https:\/\/yxwool.com\/fr\/wp-json\/wp\/v2\/product_tag?post=1498"}],"curies":[{"name":"wp","href":"https:\/\/api.w.org\/{rel}","templated":true}]}}