{"id":1525,"date":"2023-07-07T07:36:51","date_gmt":"2023-07-07T07:36:51","guid":{"rendered":"http:\/\/yxwool.com\/?post_type=product&#038;p=1525"},"modified":"2023-07-08T07:57:18","modified_gmt":"2023-07-08T07:57:18","slug":"cellular-glass-insulation-manufacturers-sound-proof-heat-resistant-insulation-foam-glass-acoustic-insulation-baffles","status":"publish","type":"product","link":"https:\/\/yxwool.com\/fr\/produit\/cellular-glass-insulation-manufacturers-sound-proof-heat-resistant-insulation-foam-glass-acoustic-insulation-baffles\/","title":{"rendered":"Fabricants d&#039;isolation en verre cellulaire Insonorisation R\u00e9sistant \u00e0 la chaleur Mousse d&#039;isolation Isolation acoustique en verre Baffles"},"content":{"rendered":"<div class=\"J_module\">\n<div class=\"detail-decorate-json-renderer-container\">\n<div class=\"magic-0\">\n<h3 class=\"magic-8\"><span class=\"magic-9\"><span class=\"magic-10\" data-spm-anchor-id=\"a2700.details.0.i29.7dfd391cvD6HJl\">Br\u00e8ve introduction de mousse de verre<\/span><\/span><\/h3>\n<div class=\"magic-1\">\n<div class=\"magic-2\">\n<div class=\"magic-3\">Le verre cellulaire YUXING\u00ae est une sorte de nouveau mat\u00e9riau isolant inorganique avec le verre comme mati\u00e8re premi\u00e8re principale, m\u00e9lang\u00e9 avec une quantit\u00e9 appropri\u00e9e d&#039;agent moussant, mouss\u00e9 par un four tunnel \u00e0 haute temp\u00e9rature, puis trait\u00e9 par recuit et traitement de refroidissement. Il a une structure uniforme de pores ferm\u00e9s ind\u00e9pendants. Il conserve compl\u00e8tement la stabilit\u00e9 chimique du verre inorganique, a une faible densit\u00e9, une faible conductivit\u00e9 thermique, aucune perm\u00e9abilit\u00e9 \u00e0 l&#039;humidit\u00e9, aucune absorption d&#039;eau, aucune combustion, aucune moisissure, aucune morsure de rat, une r\u00e9sistance m\u00e9canique \u00e9lev\u00e9e, facile \u00e0 traiter et r\u00e9sistant \u00e0 toutes les attaques chimiques sauf acide hydrofluorique.<\/div>\n<\/div>\n<\/div>\n<\/div>\n<\/div>\n<\/div>\n<div class=\"J_module\">\n<div class=\"icbu-pc-detailManyImage magic-11\">\n<div class=\"magic-12\"><img fetchpriority=\"high\" decoding=\"async\" class=\"magic-13\" src=\"https:\/\/sc04.alicdn.com\/kf\/H3d2e70990fce41a59840efb84bbfee620\/240115170\/H3d2e70990fce41a59840efb84bbfee620.jpg\" width=\"1200\" height=\"1200\" data-src=\"\/\/sc04.alicdn.com\/kf\/H3d2e70990fce41a59840efb84bbfee620\/240115170\/H3d2e70990fce41a59840efb84bbfee620.jpg\" \/><\/div>\n<\/div>\n<\/div>\n<div class=\"J_module\">\n<div id=\"ali-anchor-AliMagic-oyx0wg\" class=\"magic-7\" data-section=\"AliMagic-oyx0wg\" data-section-title=\"Specification\">sp\u00e9cification<\/div>\n<\/div>\n<div class=\"J_module\">\n<div class=\"icbu-pc-images magic-14\">\n<div>\n<div class=\"flex-layout-v\">\n<div class=\"flex-layout-h magic-14\">\n<div class=\"magic-15\"><img decoding=\"async\" class=\"magic-16\" src=\"https:\/\/sc04.alicdn.com\/kf\/Hb5eea8fe494b40f4bac20249b7957b93D\/240115170\/Hb5eea8fe494b40f4bac20249b7957b93D.png\" width=\"1200\" height=\"741\" data-src=\"\/\/sc04.alicdn.com\/kf\/Hb5eea8fe494b40f4bac20249b7957b93D\/240115170\/Hb5eea8fe494b40f4bac20249b7957b93D.png\" \/><\/div>\n<\/div>\n<\/div>\n<\/div>\n<\/div>\n<\/div>\n<div class=\"J_module\">\n<div class=\"detail-decorate-json-renderer-container\">\n<div class=\"magic-0\">\n<div class=\"magic-1\">\n<div class=\"magic-2\">\n<div class=\"magic-3\"><span class=\"magic-17\">Gamme de sp\u00e9cifications de verre mousse<\/span><\/div>\n<\/div>\n<\/div>\n<\/div>\n<\/div>\n<\/div>\n<div class=\"J_module\">\n<div class=\"icbu-pc-images magic-14\">\n<div>\n<div class=\"flex-layout-v\">\n<div class=\"flex-layout-h magic-14\">\n<div class=\"magic-18\"><img decoding=\"async\" class=\"magic-19\" src=\"https:\/\/sc04.alicdn.com\/kf\/H75c6a08b53b94eacb14773f33b20968cu\/240115170\/H75c6a08b53b94eacb14773f33b20968cu.png\" width=\"1201\" height=\"276\" data-src=\"\/\/sc04.alicdn.com\/kf\/H75c6a08b53b94eacb14773f33b20968cu\/240115170\/H75c6a08b53b94eacb14773f33b20968cu.png\" \/><\/div>\n<div><\/div>\n<\/div>\n<\/div>\n<\/div>\n<\/div>\n<\/div>\n<div class=\"J_module\">\n<div class=\"detail-decorate-json-renderer-container\">\n<div class=\"magic-0\">\n<div class=\"magic-20\">\n<div class=\"magic-21\">\n<h3><\/h3>\n<h3 class=\"magic-22\"><span class=\"magic-23\"><span class=\"magic-24\" style=\"font-family: Arial;\">Demandez des donn\u00e9es plus d\u00e9taill\u00e9es<\/span><\/span><\/h3>\n<\/div>\n<div class=\"magic-2\">\n<div><span style=\"font-size: 16px;\">Le verre cellulaire YUXING\u00ae est principalement appliqu\u00e9 \u00e0 l&#039;isolation des tuyaux, cuves, r\u00e9servoirs, \u00e9quipements et<\/span><span style=\"font-size: 16px;\">navire-isolation. Il peut \u00e9galement \u00eatre utilis\u00e9 en circulation et en syst\u00e8me \u00e0 double temp\u00e9rature.<\/span><\/div>\n<\/div>\n<\/div>\n<\/div>\n<\/div>\n<\/div>\n<div class=\"J_module\">\n<div class=\"icbu-pc-images magic-14\">\n<div>\n<div class=\"flex-layout-v\">\n<div class=\"flex-layout-h magic-14\">\n<div class=\"magic-27\"><img loading=\"lazy\" decoding=\"async\" class=\"magic-28\" src=\"https:\/\/sc04.alicdn.com\/kf\/Hd3ffa168cd914a508ba684a054675f3ci\/240115170\/Hd3ffa168cd914a508ba684a054675f3ci.jpg\" width=\"1200\" height=\"1918\" data-src=\"\/\/sc04.alicdn.com\/kf\/Hd3ffa168cd914a508ba684a054675f3ci\/240115170\/Hd3ffa168cd914a508ba684a054675f3ci.jpg\" \/><\/div>\n<\/div>\n<\/div>\n<\/div>\n<\/div>\n<\/div>","protected":false},"excerpt":{"rendered":"<p>Brief introduction of Foam Glass YUXING\u00ae Cellular Glass is a kind of new inorganic insulation material with glass as the main raw material, mixed with appropriate amount of foaming agent, foamed by high temperature tunnel kiln, and then processed by annealing and cooling treatment. It has uniform independent closed pore structure. It completely retains the [&hellip;]<\/p>","protected":false},"featured_media":1526,"template":"","meta":{"site-sidebar-layout":"default","site-content-layout":"default","ast-site-content-layout":"","site-content-style":"default","site-sidebar-style":"default","ast-global-header-display":"","ast-banner-title-visibility":"","ast-main-header-display":"","ast-hfb-above-header-display":"","ast-hfb-below-header-display":"","ast-hfb-mobile-header-display":"","site-post-title":"","ast-breadcrumbs-content":"","ast-featured-img":"","footer-sml-layout":"","theme-transparent-header-meta":"default","adv-header-id-meta":"","stick-header-meta":"","header-above-stick-meta":"","header-main-stick-meta":"","header-below-stick-meta":"","astra-migrate-meta-layouts":"default","ast-page-background-enabled":"default","ast-page-background-meta":{"desktop":{"background-color":"","background-image":"","background-repeat":"repeat","background-position":"center center","background-size":"auto","background-attachment":"scroll","background-type":"","background-media":"","overlay-type":"","overlay-color":"","overlay-opacity":"","overlay-gradient":""},"tablet":{"background-color":"","background-image":"","background-repeat":"repeat","background-position":"center center","background-size":"auto","background-attachment":"scroll","background-type":"","background-media":"","overlay-type":"","overlay-color":"","overlay-opacity":"","overlay-gradient":""},"mobile":{"background-color":"","background-image":"","background-repeat":"repeat","background-position":"center center","background-size":"auto","background-attachment":"scroll","background-type":"","background-media":"","overlay-type":"","overlay-color":"","overlay-opacity":"","overlay-gradient":""}},"ast-content-background-meta":{"desktop":{"background-color":"var(--ast-global-color-5)","background-image":"","background-repeat":"repeat","background-position":"center center","background-size":"auto","background-attachment":"scroll","background-type":"","background-media":"","overlay-type":"","overlay-color":"","overlay-opacity":"","overlay-gradient":""},"tablet":{"background-color":"var(--ast-global-color-5)","background-image":"","background-repeat":"repeat","background-position":"center center","background-size":"auto","background-attachment":"scroll","background-type":"","background-media":"","overlay-type":"","overlay-color":"","overlay-opacity":"","overlay-gradient":""},"mobile":{"background-color":"var(--ast-global-color-5)","background-image":"","background-repeat":"repeat","background-position":"center center","background-size":"auto","background-attachment":"scroll","background-type":"","background-media":"","overlay-type":"","overlay-color":"","overlay-opacity":"","overlay-gradient":""}}},"product_brand":[],"product_cat":[26],"product_tag":[],"class_list":{"0":"post-1525","1":"product","2":"type-product","3":"status-publish","4":"has-post-thumbnail","6":"product_cat-foam-glass","7":"desktop-align-center","8":"tablet-align-left","9":"mobile-align-left","11":"first","12":"instock","13":"shipping-taxable","14":"product-type-simple"},"_links":{"self":[{"href":"https:\/\/yxwool.com\/fr\/wp-json\/wp\/v2\/product\/1525","targetHints":{"allow":["GET"]}}],"collection":[{"href":"https:\/\/yxwool.com\/fr\/wp-json\/wp\/v2\/product"}],"about":[{"href":"https:\/\/yxwool.com\/fr\/wp-json\/wp\/v2\/types\/product"}],"wp:featuredmedia":[{"embeddable":true,"href":"https:\/\/yxwool.com\/fr\/wp-json\/wp\/v2\/media\/1526"}],"wp:attachment":[{"href":"https:\/\/yxwool.com\/fr\/wp-json\/wp\/v2\/media?parent=1525"}],"wp:term":[{"taxonomy":"product_brand","embeddable":true,"href":"https:\/\/yxwool.com\/fr\/wp-json\/wp\/v2\/product_brand?post=1525"},{"taxonomy":"product_cat","embeddable":true,"href":"https:\/\/yxwool.com\/fr\/wp-json\/wp\/v2\/product_cat?post=1525"},{"taxonomy":"product_tag","embeddable":true,"href":"https:\/\/yxwool.com\/fr\/wp-json\/wp\/v2\/product_tag?post=1525"}],"curies":[{"name":"wp","href":"https:\/\/api.w.org\/{rel}","templated":true}]}}