{"id":1559,"date":"2023-07-07T12:38:07","date_gmt":"2023-07-07T12:38:07","guid":{"rendered":"http:\/\/yxwool.com\/?post_type=product&#038;p=1559"},"modified":"2023-08-01T07:49:11","modified_gmt":"2023-08-01T07:49:11","slug":"fireproof-low-price-foam-glass-insulation-pipe-cellular-glass-foamglass-material-tube","status":"publish","type":"product","link":"https:\/\/yxwool.com\/fr\/produit\/fireproof-low-price-foam-glass-insulation-pipe-cellular-glass-foamglass-material-tube\/","title":{"rendered":"Tube d&#039;isolation en verre mousse \u00e0 bas prix ignifuge tube en verre cellulaire en verre mousse"},"content":{"rendered":"<div class=\"J_module\">\n<div class=\"detail-decorate-json-renderer-container\">\n<div class=\"magic-0\">\n<h3 class=\"magic-10\"><span class=\"magic-11\" data-spm-anchor-id=\"a2700.details.0.i40.397c33afcu9dE1\">Aper\u00e7u de l&#039;isolation en verre cellulaire en mousse<\/span><\/h3>\n<div class=\"magic-1\">\n<div class=\"magic-2\">\n<div class=\"magic-3\">\n<div class=\"magic-12\"><\/div>\n<div class=\"magic-14\"><b>YUXING<sup>\u00ae<\/sup> Verre Cellulaire Haute Performance<\/b> Le tuyau est une sorte de nouveau mat\u00e9riau isolant inorganique avec du verre comme mati\u00e8re premi\u00e8re principale, m\u00e9lang\u00e9 avec une quantit\u00e9 appropri\u00e9e d&#039;agent moussant, mouss\u00e9 par un four tunnel \u00e0 haute temp\u00e9rature, puis trait\u00e9 par un traitement de recuit et de refroidissement. Il a une structure uniforme de pores ferm\u00e9s ind\u00e9pendants.<\/div>\n<div class=\"magic-14\"><\/div>\n<div class=\"magic-14\">Il conserve compl\u00e8tement la stabilit\u00e9 chimique du verre inorganique, a une faible densit\u00e9, une faible conductivit\u00e9 thermique, aucune perm\u00e9abilit\u00e9 \u00e0 l&#039;humidit\u00e9, aucune absorption d&#039;eau, aucune combustion, aucune moisissure, aucune morsure de rat, une r\u00e9sistance m\u00e9canique \u00e9lev\u00e9e, facile \u00e0 traiter et r\u00e9sistant \u00e0 toutes les attaques chimiques sauf acide hydrofluorique. Il ne contient pas de propulseurs appauvrissant la couche d&#039;ozone, d&#039;additifs ou de liants ignifuges, sans COV ou autres substances volatiles. Il peut \u00eatre appliqu\u00e9 pour l&#039;isolation des tuyaux et des \u00e9quipements.<\/div>\n<div><\/div>\n<\/div>\n<\/div>\n<\/div>\n<\/div>\n<\/div>\n<\/div>\n<div class=\"J_module\">\n<div class=\"icbu-pc-images magic-6\">\n<div class=\"flex-layout-v\">\n<div class=\"flex-layout-h magic-6\">\n<div class=\"magic-15\">\n<p><img fetchpriority=\"high\" decoding=\"async\" class=\"wp-image-1552\" src=\"http:\/\/yxwool.com\/wp-content\/uploads\/2023\/07\/3-14.jpg\" alt=\"Foamglass Fitting Insulation Elbow 5-1\/2 in ID Fireproof foam glass insulation pipe cellular glass tube\" width=\"1200\" height=\"1200\" srcset=\"https:\/\/yxwool.com\/wp-content\/uploads\/2023\/07\/3-14.jpg 500w, https:\/\/yxwool.com\/wp-content\/uploads\/2023\/07\/3-14-300x300.jpg 300w, https:\/\/yxwool.com\/wp-content\/uploads\/2023\/07\/3-14-150x150.jpg 150w, https:\/\/yxwool.com\/wp-content\/uploads\/2023\/07\/3-14-100x100.jpg 100w\" sizes=\"(max-width: 1200px) 100vw, 1200px\" \/><\/p>\n<p><b class=\"magic-18\" style=\"font-style: inherit;\">Sp\u00e9cification de <span class=\"magic-19\">Verre Cellulaire Mousse<\/span> Isolation<\/b><\/p>\n<\/div>\n<\/div>\n<\/div>\n<\/div>\n<\/div>\n<div class=\"J_module\">\n<div class=\"ife-detail-decorate-table\">\n<table class=\"has-title is-zebra hight-light-first-column all magic-20\">\n<tbody>\n<tr>\n<td colspan=\"1\" rowspan=\"1\">\n<div class=\"magic-21\">\n<div class=\"magic-4\"><span class=\"magic-13\"><b>ARTICLE<\/b><\/span><\/div>\n<\/div>\n<\/td>\n<td colspan=\"1\" rowspan=\"1\">\n<div class=\"magic-22\">\n<div class=\"magic-4\"><span class=\"magic-13\"><b>UNIT\u00c9<\/b><\/span><\/div>\n<\/div>\n<\/td>\n<td colspan=\"1\" rowspan=\"1\">\n<div class=\"magic-23\">\n<div class=\"magic-4\" data-spm-anchor-id=\"0.0.0.i32.43af4f05DrP63M\"><span class=\"magic-13\" data-spm-anchor-id=\"0.0.0.i33.43af4f05DrP63M\"><b>SPEC<\/b><\/span><\/div>\n<\/div>\n<\/td>\n<\/tr>\n<tr>\n<td colspan=\"1\" rowspan=\"1\">\n<div class=\"magic-21\">\n<div class=\"magic-4\" data-spm-anchor-id=\"0.0.0.i30.43af4f05DrP63M\"><span class=\"magic-13\">Densit\u00e9<\/span><\/div>\n<\/div>\n<\/td>\n<td colspan=\"1\" rowspan=\"1\">\n<div class=\"magic-22\">\n<div class=\"magic-4\" data-spm-anchor-id=\"0.0.0.i26.43af4f05DrP63M\">kg\/m<sup>3<\/sup><\/div>\n<\/div>\n<\/td>\n<td colspan=\"1\" rowspan=\"1\">\n<div class=\"magic-23\">\n<div class=\"magic-4\">115-120<\/div>\n<\/div>\n<\/td>\n<\/tr>\n<tr>\n<td colspan=\"1\" rowspan=\"1\">\n<div class=\"magic-21\">\n<div class=\"magic-4\">Longueur<\/div>\n<\/div>\n<\/td>\n<td colspan=\"1\" rowspan=\"1\">\n<div class=\"magic-24\">\n<div class=\"magic-4\" data-spm-anchor-id=\"0.0.0.i14.43af4f05DrP63M\">millim\u00e8tre<\/div>\n<\/div>\n<\/td>\n<td colspan=\"1\" rowspan=\"1\">\n<div class=\"magic-23\">\n<div class=\"magic-4\" data-spm-anchor-id=\"0.0.0.i18.43af4f05DrP63M\">600<\/div>\n<\/div>\n<\/td>\n<\/tr>\n<tr>\n<td colspan=\"1\" rowspan=\"1\">\n<div class=\"magic-21\">\n<div class=\"magic-4\">Largeur<\/div>\n<\/div>\n<\/td>\n<td colspan=\"1\" rowspan=\"1\">\n<div class=\"magic-24\">\n<div class=\"magic-4\" data-spm-anchor-id=\"0.0.0.i20.43af4f05DrP63M\">millim\u00e8tre<\/div>\n<\/div>\n<\/td>\n<td colspan=\"1\" rowspan=\"1\">\n<div class=\"magic-23\">\n<div class=\"magic-4\" data-spm-anchor-id=\"0.0.0.i19.43af4f05DrP63M\">470<\/div>\n<\/div>\n<\/td>\n<\/tr>\n<tr>\n<td colspan=\"1\" rowspan=\"1\">\n<div class=\"magic-21\">\n<div class=\"magic-4\" data-spm-anchor-id=\"a2700.pc-decorate.0.i90.6eb83333v0QWaU\">\u00c9paisseur<\/div>\n<\/div>\n<\/td>\n<td colspan=\"1\" rowspan=\"1\">\n<div class=\"magic-24\">\n<div class=\"magic-4\" data-spm-anchor-id=\"0.0.0.i21.43af4f05DrP63M\">millim\u00e8tre<\/div>\n<\/div>\n<\/td>\n<td colspan=\"1\" rowspan=\"1\">\n<div class=\"magic-23\">\n<div class=\"magic-4\" data-spm-anchor-id=\"0.0.0.i22.43af4f05DrP63M\">30-200<\/div>\n<\/div>\n<\/td>\n<\/tr>\n<tr>\n<td colspan=\"1\" rowspan=\"1\">\n<div class=\"magic-25\">\n<div class=\"magic-4\">Standard<\/div>\n<\/div>\n<\/td>\n<td colspan=\"1\" rowspan=\"1\">\n<div class=\"magic-26\">\n<div class=\"magic-4\">&#8211;<\/div>\n<\/div>\n<\/td>\n<td colspan=\"1\" rowspan=\"1\">\n<div class=\"magic-27\">\n<div class=\"magic-4\" data-spm-anchor-id=\"0.0.0.i5.43af4f05aWIgxh\">ASTM C553<\/div>\n<\/div>\n<\/td>\n<\/tr>\n<tr>\n<td colspan=\"3\" rowspan=\"1\">\n<div class=\"magic-28\">\n<div class=\"magic-4\"><i data-spm-anchor-id=\"0.0.0.i2.43af4f05aWIgxh\"><b>Note:<\/b>\u00a0Des produits personnalis\u00e9s sont disponibles sur consultation.<\/i><\/div>\n<div class=\"magic-4\"><i data-spm-anchor-id=\"0.0.0.i2.43af4f05aWIgxh\">Une coque de tuyau, une plaque incurv\u00e9e et des briques sont \u00e9galement disponibles.<\/i><\/div>\n<\/div>\n<\/td>\n<\/tr>\n<\/tbody>\n<\/table>\n<\/div>\n<\/div>\n<div class=\"J_module\">\n<div class=\"icbu-pc-images magic-6\">\n<div class=\"flex-layout-v\">\n<div class=\"flex-layout-h magic-6\">\n<div class=\"magic-30\"><img decoding=\"async\" class=\"alignleft wp-image-1531\" src=\"http:\/\/yxwool.com\/wp-content\/uploads\/2023\/07\/\u8be6\u60c5\u9875-2.jpg\" alt=\"\" width=\"1200\" height=\"1555\" srcset=\"https:\/\/yxwool.com\/wp-content\/uploads\/2023\/07\/\u8be6\u60c5\u9875-2.jpg 750w, https:\/\/yxwool.com\/wp-content\/uploads\/2023\/07\/\u8be6\u60c5\u9875-2-231x300.jpg 231w, https:\/\/yxwool.com\/wp-content\/uploads\/2023\/07\/\u8be6\u60c5\u9875-2-600x778.jpg 600w\" sizes=\"(max-width: 1200px) 100vw, 1200px\" \/><img decoding=\"async\" class=\"alignleft wp-image-1532\" src=\"http:\/\/yxwool.com\/wp-content\/uploads\/2023\/07\/22\u8be6\u60c5\u9875.jpg\" alt=\"\" width=\"1200\" height=\"1426\" srcset=\"https:\/\/yxwool.com\/wp-content\/uploads\/2023\/07\/22\u8be6\u60c5\u9875.jpg 750w, https:\/\/yxwool.com\/wp-content\/uploads\/2023\/07\/22\u8be6\u60c5\u9875-253x300.jpg 253w, https:\/\/yxwool.com\/wp-content\/uploads\/2023\/07\/22\u8be6\u60c5\u9875-600x713.jpg 600w\" sizes=\"(max-width: 1200px) 100vw, 1200px\" \/><\/div>\n<\/div>\n<\/div>\n<\/div>\n<\/div>\n<div class=\"J_module\">\n<div class=\"icbu-pc-images magic-6\">\n<div class=\"flex-layout-v\">\n<div class=\"flex-layout-h magic-6\">\n<div class=\"magic-32\"><\/div>\n<\/div>\n<\/div>\n<\/div>\n<\/div>\n<div class=\"J_module\">\n<div class=\"icbu-pc-images magic-6\">\n<div>\n<div class=\"flex-layout-v\">\n<div class=\"flex-layout-h magic-6\">\n<div class=\"magic-34\"><img loading=\"lazy\" decoding=\"async\" class=\"magic-35\" src=\"https:\/\/sc04.alicdn.com\/kf\/H8975ee1492834432adf0053a6242ab05Q\/240115170\/H8975ee1492834432adf0053a6242ab05Q.jpg\" width=\"1199\" height=\"577\" data-src=\"\/\/sc04.alicdn.com\/kf\/H8975ee1492834432adf0053a6242ab05Q\/240115170\/H8975ee1492834432adf0053a6242ab05Q.jpg\" \/><\/div>\n<\/div>\n<\/div>\n<\/div>\n<\/div>\n<\/div>\n<div class=\"J_module\">\n<div class=\"detail-decorate-json-renderer-container\">\n<div class=\"magic-0\">\n<div class=\"magic-1\">\n<div class=\"magic-2\">\n<div class=\"magic-3\"><b class=\"magic-19\"><span class=\"magic-11\"> Performances techniques du verre cellulaire en mousse<\/span><\/b><\/div>\n<\/div>\n<\/div>\n<\/div>\n<\/div>\n<\/div>\n<div class=\"J_module\">\n<div class=\"ife-detail-decorate-table\">\n<table class=\"has-title is-zebra hight-light-first-column all magic-20\">\n<tbody>\n<tr>\n<td colspan=\"2\" rowspan=\"1\">\n<div class=\"magic-36\">\n<div class=\"magic-4\" data-spm-anchor-id=\"0.0.0.i17.43af4f05s1ya2i\"><b class=\"magic-37\" data-spm-anchor-id=\"a2700.pc-decorate.0.i76.6eb83333WVaA2X\"><span class=\"magic-38\">\u00c9l\u00e9ment d&#039;essai<\/span><\/b><\/div>\n<\/div>\n<\/td>\n<td colspan=\"1\" rowspan=\"1\">\n<div class=\"magic-40\">\n<div class=\"magic-4\" data-spm-anchor-id=\"0.0.0.i16.43af4f05s1ya2i\"><b class=\"magic-37\" data-spm-anchor-id=\"a2700.pc-decorate.0.i73.6eb83333WVaA2X\"><span class=\"magic-38\">Unit\u00e9<\/span><\/b><\/div>\n<\/div>\n<\/td>\n<td colspan=\"1\" rowspan=\"1\">\n<div class=\"magic-41\">\n<div class=\"magic-4\" data-spm-anchor-id=\"0.0.0.i34.43af4f05s1ya2i\"><b class=\"magic-37\" data-spm-anchor-id=\"a2700.pc-decorate.0.i74.6eb83333WVaA2X\"><span class=\"magic-38\"><span class=\"magic-19\">\u00a0<\/span><span class=\"magic-19\">YX120<\/span><\/span><\/b><\/div>\n<\/div>\n<\/td>\n<td colspan=\"1\" rowspan=\"1\">\n<div class=\"magic-42\">\n<div class=\"magic-4\" data-spm-anchor-id=\"0.0.0.i38.43af4f05s1ya2i\"><b class=\"magic-37\" data-spm-anchor-id=\"a2700.pc-decorate.0.i75.6eb83333WVaA2X\"><span class=\"magic-38\">M\u00e9thode de test<\/span><\/b><\/div>\n<\/div>\n<\/td>\n<\/tr>\n<tr>\n<td colspan=\"2\" rowspan=\"1\">\n<div class=\"magic-43\">Densit\u00e9 (\u00b110\uff05 Tol\u00e9rance)<\/div>\n<\/td>\n<td colspan=\"1\" rowspan=\"1\">\n<div class=\"magic-40\">\n<div class=\"magic-4\" data-spm-anchor-id=\"a2700.pc-decorate.0.i1.6eb83333eTlSV5\">kg\/m<sup>3<\/sup><\/div>\n<\/div>\n<\/td>\n<td colspan=\"1\" rowspan=\"1\">\n<div class=\"magic-41\">\n<div class=\"magic-4\" data-spm-anchor-id=\"a2700.pc-decorate.0.i267.6eb83333WVaA2X\">120<\/div>\n<\/div>\n<\/td>\n<td colspan=\"1\" rowspan=\"1\">\n<div class=\"magic-42\">\n<div class=\"magic-4\" data-spm-anchor-id=\"a2700.pc-decorate.0.i268.6eb83333WVaA2X\">ASTM C303<\/div>\n<\/div>\n<\/td>\n<\/tr>\n<tr>\n<td colspan=\"1\" rowspan=\"2\">\n<div class=\"magic-45\">Conductivit\u00e9 thermique<\/div>\n<\/td>\n<td colspan=\"1\" rowspan=\"1\">\n<div class=\"magic-46\">Valeur moyenne<\/div>\n<\/td>\n<td colspan=\"1\" rowspan=\"1\">\n<div class=\"magic-40\">\n<div class=\"magic-4\" data-spm-anchor-id=\"a2700.pc-decorate.0.i1.6eb833330Kkuq5\">W\/(m\u00b7K) (10\u00a0\u00b0C)<\/div>\n<\/div>\n<\/td>\n<td colspan=\"1\" rowspan=\"1\">\n<div class=\"magic-41\">\n<div class=\"magic-4\">0.043<\/div>\n<\/div>\n<\/td>\n<td colspan=\"1\" rowspan=\"2\">\n<div class=\"magic-47\">\n<div class=\"magic-4\" data-spm-anchor-id=\"a2700.pc-decorate.0.i247.c63333332HFmGs\">ASTM C177\/C518<\/div>\n<\/div>\n<\/td>\n<\/tr>\n<tr>\n<td colspan=\"1\" rowspan=\"1\">\n<div class=\"magic-46\">Valeur unique la plus \u00e9lev\u00e9e<\/div>\n<\/td>\n<td colspan=\"1\" rowspan=\"1\">\n<div class=\"magic-40\">\n<div class=\"magic-4\" data-spm-anchor-id=\"a2700.pc-decorate.0.i3.6eb833330Kkuq5\">W\/(m\u00b7K) (10\u00a0\u00b0C)<\/div>\n<\/div>\n<\/td>\n<td colspan=\"1\" rowspan=\"1\">\n<div class=\"magic-49\">\n<div class=\"magic-4\">0.044<\/div>\n<\/div>\n<\/td>\n<\/tr>\n<tr>\n<td colspan=\"1\" rowspan=\"2\">\n<div class=\"magic-45\">R\u00e9sistance \u00e0 la compression<\/div>\n<\/td>\n<td colspan=\"1\" rowspan=\"1\">\n<div class=\"magic-46\">Valeur moyenne<\/div>\n<\/td>\n<td colspan=\"1\" rowspan=\"1\">\n<div class=\"magic-40\">\n<div class=\"magic-4\">MPa<\/div>\n<\/div>\n<\/td>\n<td colspan=\"1\" rowspan=\"1\">\n<div class=\"magic-41\">\n<div class=\"magic-4\">0.8<\/div>\n<\/div>\n<\/td>\n<td colspan=\"1\" rowspan=\"2\">\n<div class=\"magic-47\">\n<div class=\"magic-4\">ASTM C165<\/div>\n<\/div>\n<\/td>\n<\/tr>\n<tr>\n<td colspan=\"1\" rowspan=\"1\">\n<div class=\"magic-46\">\n<div class=\"magic-12\" data-spm-anchor-id=\"a2700.pc-decorate.0.i30.6eb83333WVaA2X\">Valeur unique la plus basse<\/div>\n<\/div>\n<\/td>\n<td colspan=\"1\" rowspan=\"1\">\n<div class=\"magic-40\">\n<div class=\"magic-4\">MPa<\/div>\n<\/div>\n<\/td>\n<td colspan=\"1\" rowspan=\"1\">\n<div class=\"magic-49\">\n<div class=\"magic-4\">0.55<\/div>\n<\/div>\n<\/td>\n<\/tr>\n<tr>\n<td colspan=\"2\" rowspan=\"1\">\n<div class=\"magic-43\">R\u00e9sistance \u00e0 la flexion.Moy<\/div>\n<\/td>\n<td colspan=\"1\" rowspan=\"1\">\n<div class=\"magic-40\">\n<div class=\"magic-4\">MPa<\/div>\n<\/div>\n<\/td>\n<td colspan=\"1\" rowspan=\"1\">\n<div class=\"magic-41\">\n<div class=\"magic-4\">\u22650.32<\/div>\n<\/div>\n<\/td>\n<td colspan=\"1\" rowspan=\"1\">\n<div class=\"magic-42\">\n<div class=\"magic-4\">ASTM C203<\/div>\n<\/div>\n<\/td>\n<\/tr>\n<tr>\n<td colspan=\"2\" rowspan=\"1\">\n<div class=\"magic-43\">Perm\u00e9abilit\u00e9 \u00e0 la vapeur d&#039;eau<\/div>\n<\/td>\n<td colspan=\"1\" rowspan=\"1\">\n<div class=\"magic-40\">\n<div class=\"magic-4\">ng\/(pa.ms)<\/div>\n<\/div>\n<\/td>\n<td colspan=\"1\" rowspan=\"1\">\n<div class=\"magic-41\">\n<div class=\"magic-4\">\u22640,007<\/div>\n<\/div>\n<\/td>\n<td colspan=\"1\" rowspan=\"1\">\n<div class=\"magic-42\">\n<div class=\"magic-4\">ASTM E96<\/div>\n<\/div>\n<\/td>\n<\/tr>\n<tr>\n<td colspan=\"2\" rowspan=\"1\">\n<div class=\"magic-43\">Absorption d&#039;humidit\u00e9 par volume<\/div>\n<\/td>\n<td colspan=\"1\" rowspan=\"1\">\n<div class=\"magic-40\">\n<div class=\"magic-4\">Vol%<\/div>\n<\/div>\n<\/td>\n<td colspan=\"1\" rowspan=\"1\">\n<div class=\"magic-49\">\n<div class=\"magic-4\">\u22640.5<\/div>\n<\/div>\n<\/td>\n<td colspan=\"1\" rowspan=\"1\">\n<div class=\"magic-42\">\n<div class=\"magic-4\">ASTM C240<\/div>\n<\/div>\n<\/td>\n<\/tr>\n<tr>\n<td colspan=\"2\" rowspan=\"1\">\n<div class=\"magic-43\">La temp\u00e9rature de service<\/div>\n<\/td>\n<td colspan=\"1\" rowspan=\"1\">\n<div class=\"magic-40\">\n<div class=\"magic-4\">\u00b0C<\/div>\n<\/div>\n<\/td>\n<td colspan=\"1\" rowspan=\"1\">\n<div class=\"magic-49\">\n<div class=\"magic-4\" data-spm-anchor-id=\"a2700.pc-decorate.0.i6.6eb83333v5V4I1\">-268\uff5e482<\/div>\n<\/div>\n<\/td>\n<td colspan=\"1\" rowspan=\"1\">\n<div class=\"magic-42\">\n<div class=\"magic-4\" data-spm-anchor-id=\"a2700.pc-decorate.0.i8.6eb83333v5V4I1\">&#8211;<\/div>\n<\/div>\n<\/td>\n<\/tr>\n<tr>\n<td colspan=\"2\" rowspan=\"1\">\n<div class=\"magic-43\">Coefficient de dilatation thermique lin\u00e9aire<\/div>\n<\/td>\n<td colspan=\"1\" rowspan=\"1\">\n<div class=\"magic-40\">\n<div class=\"magic-4\">1\/K<\/div>\n<\/div>\n<\/td>\n<td colspan=\"1\" rowspan=\"1\">\n<div class=\"magic-49\">\n<div class=\"magic-4\" data-spm-anchor-id=\"a2700.pc-decorate.0.i1.6eb83333duuNHD\">9\u00d710<sup data-spm-anchor-id=\"a2700.pc-decorate.0.i183.6eb83333WVaA2X\">-6<\/sup><\/div>\n<\/div>\n<\/td>\n<td colspan=\"1\" rowspan=\"1\">\n<div class=\"magic-42\">\n<div class=\"magic-4\">ASTM E228<\/div>\n<\/div>\n<\/td>\n<\/tr>\n<tr>\n<td colspan=\"2\" rowspan=\"1\">\n<div class=\"magic-43\">Combustibilit\u00e9<\/div>\n<\/td>\n<td colspan=\"2\" rowspan=\"1\">\n<div class=\"magic-51\">\n<div class=\"magic-4\">Non combustible (Classe A1)<\/div>\n<\/div>\n<\/td>\n<td colspan=\"1\" rowspan=\"1\">\n<div class=\"magic-42\">\n<div class=\"magic-4\">ASTM E136<\/div>\n<\/div>\n<\/td>\n<\/tr>\n<tr>\n<td colspan=\"2\" rowspan=\"1\">\n<div class=\"magic-43\">Stabilit\u00e9 dimensionnelle<\/div>\n<\/td>\n<td colspan=\"2\" rowspan=\"1\">\n<div class=\"magic-51\">\n<div class=\"magic-4\">Excellent \u2013 ne r\u00e9tr\u00e9cit pas et ne gonfle pas.<\/div>\n<\/div>\n<\/td>\n<td colspan=\"1\" rowspan=\"1\">\n<div class=\"magic-47\">\n<div class=\"magic-4\">&#8211;<\/div>\n<\/div>\n<\/td>\n<\/tr>\n<tr>\n<td colspan=\"2\" rowspan=\"1\">\n<div class=\"magic-43\">Couleur<\/div>\n<\/td>\n<td colspan=\"2\" rowspan=\"1\">\n<div class=\"magic-51\">\n<div class=\"magic-4\">Noir<\/div>\n<\/div>\n<\/td>\n<td colspan=\"1\" rowspan=\"1\">\n<div class=\"magic-47\">\n<div class=\"magic-4\">&#8211;<\/div>\n<\/div>\n<\/td>\n<\/tr>\n<tr>\n<td colspan=\"2\" rowspan=\"1\">\n<div class=\"magic-43\">Composition<\/div>\n<\/td>\n<td colspan=\"2\" rowspan=\"1\">\n<div class=\"magic-51\">\n<div class=\"magic-4\">Verre pur. Pas d&#039;amiante, de fibres ou de liants.<\/div>\n<\/div>\n<\/td>\n<td colspan=\"1\" rowspan=\"1\">\n<div class=\"magic-47\">\n<div class=\"magic-4\">&#8211;<\/div>\n<\/div>\n<\/td>\n<\/tr>\n<tr>\n<td colspan=\"2\" rowspan=\"1\">\n<div class=\"magic-43\">R\u00e9sistance chimique<\/div>\n<\/td>\n<td colspan=\"2\" rowspan=\"1\">\n<div class=\"magic-51\">\n<div class=\"magic-4\">Imperm\u00e9able aux acides courants et \u00e0 leurs vapeurs.<\/div>\n<\/div>\n<\/td>\n<td colspan=\"1\" rowspan=\"1\">\n<div class=\"magic-47\">\n<div class=\"magic-4\">&#8211;<\/div>\n<\/div>\n<\/td>\n<\/tr>\n<\/tbody>\n<\/table>\n<\/div>\n<\/div>\n<div class=\"J_module\">\n<div class=\"detail-decorate-json-renderer-container\">\n<div class=\"magic-0\">\n<div class=\"magic-1\">\n<div class=\"magic-2\">\n<div class=\"magic-3\">\n<div><span class=\"magic-17\"><b class=\"magic-19\"><span class=\"magic-18\">Avantages distinctifs du verre cellulaire en mousse\u00a0:<\/span><span class=\"magic-54\"><br \/>\n<\/span><\/b><\/span><\/div>\n<div><span class=\"magic-19\"><b class=\"magic-19\"><span class=\"magic-17\">\u22c5 <\/span><\/b><span class=\"magic-13\">Faible densit\u00e9, faible conductivit\u00e9 thermique mais haute r\u00e9sistance \u00e0 la compression. <\/span><\/span><\/div>\n<div><span class=\"magic-19\"><b class=\"magic-19\"><span class=\"magic-17\">\u22c5 <\/span><\/b><span class=\"magic-13\">Pas d&#039;absorption d&#039;eau, pas de perm\u00e9abilit\u00e9. <\/span><\/span><\/div>\n<div><span class=\"magic-19\"><span class=\"magic-17\"><b>\u22c5 <\/b><\/span><span class=\"magic-13\">Faible coefficient de dilatation thermique, bonne stabilit\u00e9 dimensionnelle, pas de d\u00e9formation, pas de fissure.<\/span><\/span><\/div>\n<div><span class=\"magic-19\"> <span class=\"magic-17\"><b>\u22c5 <\/b><\/span><span class=\"magic-13\">R\u00e9sistant au feu, incombustible et r\u00e9sistant \u00e0 la corrosion.<\/span><\/span><\/div>\n<div><span class=\"magic-19\"> <b class=\"magic-19\"><span class=\"magic-17\">\u22c5 <\/span><\/b><span class=\"magic-13\">Pas de moisissure, pas de morsure de rat et pr\u00e9vention des insectes nuisibles ou des micro-organismes.<\/span><\/span><\/div>\n<div><span class=\"magic-19\"> <b class=\"magic-19\"><span class=\"magic-17\">\u22c5 <\/span><\/b><span class=\"magic-13\">Applicable pour les temp\u00e9ratures cryog\u00e9niques, constantes et \u00e9lev\u00e9es. <\/span><\/span><\/div>\n<div><span class=\"magic-19\"><b class=\"magic-19\"><span class=\"magic-17\">\u22c5 <\/span><\/b><span class=\"magic-13\">Pratique pour la fabrication et l&#039;installation.<\/span><\/span><\/div>\n<div><span class=\"magic-19\"> <b class=\"magic-19\"><span class=\"magic-17\">\u22c5 <\/span><\/b><span class=\"magic-13\">Pas de vieillissement, pas de d\u00e9t\u00e9rioration. <\/span><\/span><\/div>\n<div><span class=\"magic-19\"><b class=\"magic-19\"><span class=\"magic-17\">\u22c5 <\/span><\/b><span class=\"magic-13\">Respectueux de l&#039;environnement et recyclable.<\/span><\/span><\/div>\n<div><span class=\"magic-19\"><b class=\"magic-19\"><span class=\"magic-17\">\u22c5 <\/span><\/b><span class=\"magic-13\">Excellent coefficient acoustique.<\/span><\/span><\/div>\n<\/div>\n<\/div>\n<\/div>\n<\/div>\n<\/div>\n<\/div>","protected":false},"excerpt":{"rendered":"<p>Foam Cellular Glass Insulation Overview YUXING\u00ae High Performance Cellular Glass Pipe is a kind of new inorganic insulation material with glass as the main raw material, mixed with appropriate amount of foaming agent, foamed by high temperature tunnel kiln, and then processed by annealing and cooling treatment. It has uniform independent closed pore structure. It [&hellip;]<\/p>","protected":false},"featured_media":1560,"template":"","meta":{"site-sidebar-layout":"default","site-content-layout":"default","ast-site-content-layout":"","site-content-style":"default","site-sidebar-style":"default","ast-global-header-display":"","ast-banner-title-visibility":"","ast-main-header-display":"","ast-hfb-above-header-display":"","ast-hfb-below-header-display":"","ast-hfb-mobile-header-display":"","site-post-title":"","ast-breadcrumbs-content":"","ast-featured-img":"","footer-sml-layout":"","theme-transparent-header-meta":"default","adv-header-id-meta":"","stick-header-meta":"","header-above-stick-meta":"","header-main-stick-meta":"","header-below-stick-meta":"","astra-migrate-meta-layouts":"default","ast-page-background-enabled":"default","ast-page-background-meta":{"desktop":{"background-color":"","background-image":"","background-repeat":"repeat","background-position":"center center","background-size":"auto","background-attachment":"scroll","background-type":"","background-media":"","overlay-type":"","overlay-color":"","overlay-opacity":"","overlay-gradient":""},"tablet":{"background-color":"","background-image":"","background-repeat":"repeat","background-position":"center center","background-size":"auto","background-attachment":"scroll","background-type":"","background-media":"","overlay-type":"","overlay-color":"","overlay-opacity":"","overlay-gradient":""},"mobile":{"background-color":"","background-image":"","background-repeat":"repeat","background-position":"center center","background-size":"auto","background-attachment":"scroll","background-type":"","background-media":"","overlay-type":"","overlay-color":"","overlay-opacity":"","overlay-gradient":""}},"ast-content-background-meta":{"desktop":{"background-color":"var(--ast-global-color-5)","background-image":"","background-repeat":"repeat","background-position":"center center","background-size":"auto","background-attachment":"scroll","background-type":"","background-media":"","overlay-type":"","overlay-color":"","overlay-opacity":"","overlay-gradient":""},"tablet":{"background-color":"var(--ast-global-color-5)","background-image":"","background-repeat":"repeat","background-position":"center center","background-size":"auto","background-attachment":"scroll","background-type":"","background-media":"","overlay-type":"","overlay-color":"","overlay-opacity":"","overlay-gradient":""},"mobile":{"background-color":"var(--ast-global-color-5)","background-image":"","background-repeat":"repeat","background-position":"center center","background-size":"auto","background-attachment":"scroll","background-type":"","background-media":"","overlay-type":"","overlay-color":"","overlay-opacity":"","overlay-gradient":""}}},"product_brand":[],"product_cat":[26],"product_tag":[],"class_list":{"0":"post-1559","1":"product","2":"type-product","3":"status-publish","4":"has-post-thumbnail","6":"product_cat-foam-glass","7":"desktop-align-center","8":"tablet-align-left","9":"mobile-align-left","11":"first","12":"instock","13":"shipping-taxable","14":"product-type-simple"},"_links":{"self":[{"href":"https:\/\/yxwool.com\/fr\/wp-json\/wp\/v2\/product\/1559","targetHints":{"allow":["GET"]}}],"collection":[{"href":"https:\/\/yxwool.com\/fr\/wp-json\/wp\/v2\/product"}],"about":[{"href":"https:\/\/yxwool.com\/fr\/wp-json\/wp\/v2\/types\/product"}],"wp:featuredmedia":[{"embeddable":true,"href":"https:\/\/yxwool.com\/fr\/wp-json\/wp\/v2\/media\/1560"}],"wp:attachment":[{"href":"https:\/\/yxwool.com\/fr\/wp-json\/wp\/v2\/media?parent=1559"}],"wp:term":[{"taxonomy":"product_brand","embeddable":true,"href":"https:\/\/yxwool.com\/fr\/wp-json\/wp\/v2\/product_brand?post=1559"},{"taxonomy":"product_cat","embeddable":true,"href":"https:\/\/yxwool.com\/fr\/wp-json\/wp\/v2\/product_cat?post=1559"},{"taxonomy":"product_tag","embeddable":true,"href":"https:\/\/yxwool.com\/fr\/wp-json\/wp\/v2\/product_tag?post=1559"}],"curies":[{"name":"wp","href":"https:\/\/api.w.org\/{rel}","templated":true}]}}