{"id":1685,"date":"2023-07-18T12:34:18","date_gmt":"2023-07-18T12:34:18","guid":{"rendered":"http:\/\/yxwool.com\/?post_type=product&#038;p=1685"},"modified":"2026-03-12T03:27:58","modified_gmt":"2026-03-12T03:27:58","slug":"high-temperature-type-calcium-silicate-board","status":"publish","type":"product","link":"https:\/\/yxwool.com\/fr\/produit\/high-temperature-type-calcium-silicate-board\/","title":{"rendered":"Panneau de silicate de calcium de type haute temp\u00e9rature"},"content":{"rendered":"<div id=\"FrontProducts_detail02-1501228340272\" class=\"FrontProducts_detail02-d1_c1\">\n<form id=\"FrontProducts_detail02-1501228340272_subm\" method=\"post\" name=\"FrontProducts_detail02-1501228340272_subm\" action=\"\">\n<div class=\"detail\">\n<div id=\"FrontProducts_detail02-1501228340272_description\" class=\"describe htmledit showtabdiv\">\n<div id=\"FrontProducts_detail02-1501228340272_cont_1\" class=\"FrontProducts_detail02-1501228340272_htmlbreak\">\n<p><strong>Panneau de silicate de calcium de type haute temp\u00e9rature<\/strong><\/p>\n<table border=\"1\" width=\"100%\" cellspacing=\"0\" cellpadding=\"0\">\n<tbody>\n<tr>\n<td rowspan=\"2\">\n<p align=\"center\">Propri\u00e9t\u00e9 physique<\/p>\n<\/td>\n<td rowspan=\"2\">\n<p align=\"center\">Unit\u00e9<\/p>\n<\/td>\n<td colspan=\"2\">\n<p align=\"center\">Marque JN<\/p>\n<\/td>\n<\/tr>\n<tr>\n<td>\n<p align=\"center\">JCS-22<\/p>\n<\/td>\n<td>\n<p align=\"center\">JCS-27<\/p>\n<\/td>\n<\/tr>\n<tr>\n<td>\n<p align=\"center\">Densit\u00e9 apparente<\/p>\n<\/td>\n<td>\n<p align=\"center\">Kg\/m<sup>3<\/sup><\/p>\n<\/td>\n<td>\n<p align=\"center\">\u2264220<\/p>\n<\/td>\n<td>\n<p align=\"center\">\u2264270<\/p>\n<\/td>\n<\/tr>\n<tr>\n<td>\n<p align=\"center\">R\u00e9sistance \u00e0 la flexion<\/p>\n<\/td>\n<td>\n<p align=\"center\">MPa<\/p>\n<\/td>\n<td>\n<p align=\"center\">\u22650.5<\/p>\n<\/td>\n<td>\n<p align=\"center\">\u22650.6<\/p>\n<\/td>\n<\/tr>\n<tr>\n<td>\n<p align=\"center\">R\u00e9sistance \u00e0 la compression<\/p>\n<\/td>\n<td>\n<p align=\"center\">MPa<\/p>\n<\/td>\n<td>\n<p align=\"center\">\u22651<\/p>\n<\/td>\n<td>\n<p align=\"center\">\u22651.5<\/p>\n<\/td>\n<\/tr>\n<tr>\n<td>\n<p align=\"center\">Max. Temp<br \/>\nLimite<\/p>\n<\/td>\n<td>\n<p align=\"center\">\u2103<\/p>\n<\/td>\n<td>\n<p align=\"center\">1150<\/p>\n<\/td>\n<td>\n<p align=\"center\">1150<\/p>\n<\/td>\n<\/tr>\n<tr>\n<td>\n<p align=\"center\">Retrait lin\u00e9aire<\/p>\n<\/td>\n<td>\n<p align=\"center\">%<\/p>\n<\/td>\n<td>\n<p align=\"center\">\u22642.0<br \/>\n(1100\u2103 12h)<\/p>\n<\/td>\n<td>\n<p align=\"center\">\u22642.0<br \/>\n(1100\u2103 12h)<\/p>\n<\/td>\n<\/tr>\n<tr>\n<td>\n<p align=\"center\">Thermique<br \/>\nConductivit\u00e9<\/p>\n<\/td>\n<td>\n<p align=\"center\">avec mk<\/p>\n<\/td>\n<td>\n<p align=\"center\">0.055<br \/>\n+0.00011t<\/p>\n<\/td>\n<td>\n<p align=\"center\">0.058<br \/>\n+0.00011t<\/p>\n<\/td>\n<\/tr>\n<\/tbody>\n<\/table>\n<p>&nbsp;<\/p>\n<p><strong>Panneau de silicate de calcium de type standard<\/strong><\/p>\n<table border=\"1\" width=\"100%\" cellspacing=\"0\" cellpadding=\"0\">\n<tbody>\n<tr>\n<td rowspan=\"2\">\n<p align=\"center\">propri\u00e9t\u00e9<\/p>\n<\/td>\n<td rowspan=\"2\">\n<p align=\"center\">Unit\u00e9<\/p>\n<\/td>\n<td colspan=\"4\">\n<p align=\"center\">Marque JN<\/p>\n<\/td>\n<td rowspan=\"2\">\n<p align=\"center\">Chine<br \/>\nStandard<br \/>\nGB\/T10699-1998<\/p>\n<\/td>\n<td rowspan=\"2\">\n<p align=\"center\">Japon<br \/>\nStandard<br \/>\nJIS A9510-1995 N\u00b0 1-22<\/p>\n<\/td>\n<\/tr>\n<tr>\n<td>\n<p align=\"center\">JCS-16<\/p>\n<\/td>\n<td>\n<p align=\"center\">JCS-20<\/p>\n<\/td>\n<td>\n<p align=\"center\">JCS-22<\/p>\n<\/td>\n<td>\n<p align=\"center\">JCS-270<\/p>\n<\/td>\n<\/tr>\n<tr>\n<td>\n<p align=\"center\">Densit\u00e9 apparente<\/p>\n<\/td>\n<td>\n<p align=\"center\">kg\/m<sup>3<\/sup><\/p>\n<\/td>\n<td>\n<p align=\"center\">160<br \/>\n\u00b110%<\/p>\n<\/td>\n<td>\n<p align=\"center\">200<br \/>\n\u00b110%<\/p>\n<\/td>\n<td>\n<p align=\"center\">220<br \/>\n\u00b110%<\/p>\n<\/td>\n<td>\n<p align=\"center\">270<br \/>\n\u00b110%<\/p>\n<\/td>\n<td>\n<p align=\"center\">\u2264220<\/p>\n<\/td>\n<td>\n<p align=\"center\">\u2264220<\/p>\n<\/td>\n<\/tr>\n<tr>\n<td>\n<p align=\"center\">R\u00e9sistance \u00e0 la flexion<\/p>\n<\/td>\n<td>\n<p align=\"center\">MPa<\/p>\n<\/td>\n<td>\n<p align=\"center\">\u22650.3<\/p>\n<\/td>\n<td>\n<p align=\"center\">\u22650.40<\/p>\n<\/td>\n<td>\n<p align=\"center\">\u22650.50<\/p>\n<\/td>\n<td>\n<p align=\"center\">\u22650.8<\/p>\n<\/td>\n<td>\n<p align=\"center\">\u22650.3<\/p>\n<\/td>\n<td>\n<p align=\"center\">\u22650.3<\/p>\n<\/td>\n<\/tr>\n<tr>\n<td>\n<p align=\"center\">R\u00e9sistance \u00e0 la compression<\/p>\n<\/td>\n<td>\n<p align=\"center\">MPa<\/p>\n<\/td>\n<td>\n<p align=\"center\">\u22650.6<\/p>\n<\/td>\n<td>\n<p align=\"center\">\u22650.9<\/p>\n<\/td>\n<td>\n<p align=\"center\">\u22651.1<\/p>\n<\/td>\n<td>\n<p align=\"center\">\u22651.7<\/p>\n<\/td>\n<td>\n<p align=\"center\">\u22650.5<\/p>\n<\/td>\n<td>\n<p align=\"center\">\n<\/td>\n<\/tr>\n<tr>\n<td>\n<p align=\"center\">Thermique<br \/>\nConductivit\u00e9<\/p>\n<\/td>\n<td>\n<p align=\"center\">W\/mk<\/p>\n<\/td>\n<td>\n<p align=\"center\">\u22640,048<br \/>\n+0.00011t<\/p>\n<\/td>\n<td>\n<p align=\"center\">\u22640,055<br \/>\n+0.00011t<\/p>\n<\/td>\n<td>\n<p align=\"center\">\u2264 0,058<br \/>\n+0.00011t<\/p>\n<\/td>\n<td>\n<p align=\"center\">\u2264 0,070<br \/>\n+0.00011t<\/p>\n<\/td>\n<td>\n<p align=\"center\">\u22640,065<br \/>\n(100\u2103)<\/p>\n<\/td>\n<td>\n<p align=\"center\">\u22640,062<br \/>\n(70\u2103)<\/p>\n<\/td>\n<\/tr>\n<tr>\n<td>\n<p align=\"center\">Max. Temp<br \/>\nLimite<\/p>\n<\/td>\n<td>\n<p align=\"center\">\u2103<\/p>\n<\/td>\n<td>\n<p align=\"center\">1050<\/p>\n<\/td>\n<td>\n<p align=\"center\">1050<\/p>\n<\/td>\n<td>\n<p align=\"center\">1050<\/p>\n<\/td>\n<td>\n<p align=\"center\">1050<\/p>\n<\/td>\n<td>\n<p align=\"center\">1000<\/p>\n<\/td>\n<td>\n<p align=\"center\">1000<\/p>\n<\/td>\n<\/tr>\n<tr>\n<td>\n<p align=\"center\">Retrait lin\u00e9aire<\/p>\n<\/td>\n<td>\n<p align=\"center\">%<\/p>\n<\/td>\n<td>\n<p align=\"center\">\u22642<br \/>\n1000\u210316hrs<\/p>\n<\/td>\n<td>\n<p align=\"center\">\u22642<br \/>\n1000\u210316hrs<\/p>\n<\/td>\n<td>\n<p align=\"center\">\u22642<br \/>\n1000\u2103<br \/>\n16h<\/p>\n<\/td>\n<td>\n<p align=\"center\">\u22642<br \/>\n1000\u2103<br \/>\n16h<\/p>\n<\/td>\n<td>\n<p align=\"center\">\u22642<br \/>\n1000\u2103 16 heures<\/p>\n<\/td>\n<td>\n<p align=\"center\">\u22642<br \/>\n1000\u2103, 3 heures<\/p>\n<\/td>\n<\/tr>\n<\/tbody>\n<\/table>\n<p>&nbsp;<\/p>\n<p><strong>Panneau de silicate de calcium \u00e0 haute r\u00e9sistance<\/strong><\/p>\n<table border=\"1\" width=\"100%\" cellspacing=\"0\" cellpadding=\"0\">\n<tbody>\n<tr>\n<td rowspan=\"2\">\n<p align=\"center\">Propri\u00e9t\u00e9 physique<\/p>\n<\/td>\n<td rowspan=\"2\">\n<p align=\"center\">Unit\u00e9<\/p>\n<\/td>\n<td colspan=\"5\">\n<p align=\"center\">Marque JN<\/p>\n<\/td>\n<\/tr>\n<tr>\n<td>\n<p align=\"center\">JN230<\/p>\n<\/td>\n<td>\n<p align=\"center\">JN270<\/p>\n<\/td>\n<td>\n<p align=\"center\">JN400<\/p>\n<\/td>\n<td>\n<p align=\"center\">JN600<\/p>\n<\/td>\n<td>\n<p align=\"center\">JN700<\/p>\n<\/td>\n<\/tr>\n<tr>\n<td>\n<p align=\"center\">Densit\u00e9 apparente<\/p>\n<\/td>\n<td>\n<p align=\"center\">Kg\/m<sup>3<\/sup><\/p>\n<\/td>\n<td>\n<p align=\"center\">230\u00b110%<\/p>\n<\/td>\n<td>\n<p align=\"center\">270\u00b110%<\/p>\n<\/td>\n<td>\n<p align=\"center\">400\u00b110%<\/p>\n<\/td>\n<td>\n<p align=\"center\">600\u00b110%<\/p>\n<\/td>\n<td>\n<p align=\"center\">700\u00b110%<\/p>\n<\/td>\n<\/tr>\n<tr>\n<td>\n<p align=\"center\">R\u00e9sistance \u00e0 la compression<\/p>\n<\/td>\n<td>\n<p align=\"center\">MPa<\/p>\n<\/td>\n<td>\n<p align=\"center\">\u22652<\/p>\n<\/td>\n<td>\n<p align=\"center\">\u22653.5<\/p>\n<\/td>\n<td>\n<p align=\"center\">\u226510<\/p>\n<\/td>\n<td>\n<p align=\"center\">\u226517<\/p>\n<\/td>\n<td>\n<p align=\"center\">\u226520<\/p>\n<\/td>\n<\/tr>\n<tr>\n<td>\n<p align=\"center\">R\u00e9sistance \u00e0 la flexion<\/p>\n<\/td>\n<td>\n<p align=\"center\">MPa<\/p>\n<\/td>\n<td>\n<p align=\"center\">\u22651.1<\/p>\n<\/td>\n<td>\n<p align=\"center\">\u22651.5<\/p>\n<\/td>\n<td>\n<p align=\"center\">\u22654<\/p>\n<\/td>\n<td>\n<p align=\"center\">\u22656<\/p>\n<\/td>\n<td>\n<p align=\"center\">\u22658<\/p>\n<\/td>\n<\/tr>\n<tr>\n<td>\n<p align=\"center\">Max. Temp<br \/>\nLimite<\/p>\n<\/td>\n<td>\n<p align=\"center\">\u2103<\/p>\n<\/td>\n<td>\n<p align=\"center\">1050<\/p>\n<\/td>\n<td>\n<p align=\"center\">1050<\/p>\n<\/td>\n<td>\n<p align=\"center\">1050<\/p>\n<\/td>\n<td>\n<p align=\"center\">1050<\/p>\n<\/td>\n<td>\n<p align=\"center\">1050<\/p>\n<\/td>\n<\/tr>\n<tr>\n<td>\n<p align=\"center\">Thermique<br \/>\nConductivit\u00e9<\/p>\n<\/td>\n<td>\n<p align=\"center\">avec mk<\/p>\n<\/td>\n<td>\n<p align=\"center\">0.058<\/p>\n<\/td>\n<td>\n<p align=\"center\">0.065<\/p>\n<\/td>\n<td>\n<p align=\"center\">0.075<\/p>\n<\/td>\n<td>\n<p align=\"center\">0.085<\/p>\n<\/td>\n<td>\n<p align=\"center\">0.1<\/p>\n<\/td>\n<\/tr>\n<tr>\n<td>\n<p align=\"center\">Retrait lin\u00e9aire<\/p>\n<\/td>\n<td>\n<p align=\"center\">1000\u2103\/16h<\/p>\n<\/td>\n<td>\n<p align=\"center\">\u22642<\/p>\n<\/td>\n<td>\n<p align=\"center\">\u22642<\/p>\n<\/td>\n<td>\n<p align=\"center\">\u22642<\/p>\n<\/td>\n<td>\n<p align=\"center\">\u22642<\/p>\n<\/td>\n<td>\n<p align=\"center\">\u22642<\/p>\n<\/td>\n<\/tr>\n<\/tbody>\n<\/table>\n<p>&nbsp;<\/p>\n<p><strong>Panneau de silicate de calcium l\u00e9ger \u00e0 haute r\u00e9sistance et faible conductivit\u00e9 thermique<\/strong><\/p>\n<table border=\"1\" width=\"100%\" cellspacing=\"0\" cellpadding=\"0\">\n<tbody>\n<tr>\n<td rowspan=\"2\">\n<p align=\"center\">Propri\u00e9t\u00e9 physique<\/p>\n<\/td>\n<td rowspan=\"2\">\n<p align=\"center\">Unit\u00e9<\/p>\n<\/td>\n<td colspan=\"5\">\n<p align=\"center\">Marque JN<\/p>\n<\/td>\n<\/tr>\n<tr>\n<td>\n<p align=\"center\">JN130<\/p>\n<\/td>\n<td>\n<p align=\"center\">JN150<\/p>\n<\/td>\n<td>\n<p align=\"center\">JN200<\/p>\n<\/td>\n<td>\n<p align=\"center\">JN250<\/p>\n<\/td>\n<td>\n<p align=\"center\">JN270<\/p>\n<\/td>\n<\/tr>\n<tr>\n<td>\n<p align=\"center\">Densit\u00e9 apparente<\/p>\n<\/td>\n<td>\n<p align=\"center\">Kg\/m<sup>3<\/sup><\/p>\n<\/td>\n<td>\n<p align=\"center\">130\u00b110%<\/p>\n<\/td>\n<td>\n<p align=\"center\">150\u00b110%<\/p>\n<\/td>\n<td>\n<p align=\"center\">200\u00b110%<\/p>\n<\/td>\n<td>\n<p align=\"center\">250\u00b110%<\/p>\n<\/td>\n<td>\n<p align=\"center\">270\u00b110%<\/p>\n<\/td>\n<\/tr>\n<tr>\n<td>\n<p align=\"center\">R\u00e9sistance \u00e0 la compression<\/p>\n<\/td>\n<td>\n<p align=\"center\">MPa<\/p>\n<\/td>\n<td>\n<p align=\"center\">\u22650.5<\/p>\n<\/td>\n<td>\n<p align=\"center\">\u22650.7<\/p>\n<\/td>\n<td>\n<p align=\"center\">\u22651.5<\/p>\n<\/td>\n<td>\n<p align=\"center\">\u22652.2<\/p>\n<\/td>\n<td>\n<p align=\"center\">\u22653.5<\/p>\n<\/td>\n<\/tr>\n<tr>\n<td>\n<p align=\"center\">R\u00e9sistance \u00e0 la flexion<\/p>\n<\/td>\n<td>\n<p align=\"center\">MPa<\/p>\n<\/td>\n<td>\n<p align=\"center\">\u22650.3<\/p>\n<\/td>\n<td>\n<p align=\"center\">\u22650.4<\/p>\n<\/td>\n<td>\n<p align=\"center\">\u22650.7<\/p>\n<\/td>\n<td>\n<p align=\"center\">\u22651.1<\/p>\n<\/td>\n<td>\n<p align=\"center\">\u22651.5<\/p>\n<\/td>\n<\/tr>\n<tr>\n<td>\n<p align=\"center\">Max. Temp<br \/>\nLimite<\/p>\n<\/td>\n<td>\n<p align=\"center\">\u2103<\/p>\n<\/td>\n<td>\n<p align=\"center\">1050<\/p>\n<\/td>\n<td>\n<p align=\"center\">1050<\/p>\n<\/td>\n<td>\n<p align=\"center\">1050<\/p>\n<\/td>\n<td>\n<p align=\"center\">1050<\/p>\n<\/td>\n<td>\n<p align=\"center\">1050<\/p>\n<\/td>\n<\/tr>\n<tr>\n<td>\n<p align=\"center\">Thermique<br \/>\nConductivit\u00e9<\/p>\n<\/td>\n<td>\n<p align=\"center\">avec mk<\/p>\n<\/td>\n<td>\n<p align=\"center\">0.036<\/p>\n<\/td>\n<td>\n<p align=\"center\">0.045<\/p>\n<\/td>\n<td>\n<p align=\"center\">0.053<\/p>\n<\/td>\n<td>\n<p align=\"center\">0.058<\/p>\n<\/td>\n<td>\n<p align=\"center\">0.065<\/p>\n<\/td>\n<\/tr>\n<tr>\n<td>\n<p align=\"center\">Retrait lin\u00e9aire<\/p>\n<\/td>\n<td>\n<p align=\"center\">1000\u2103\/16h<\/p>\n<\/td>\n<td colspan=\"2\">\n<p align=\"center\">\u22642<\/p>\n<\/td>\n<td>\n<p align=\"center\">\u22642<\/p>\n<\/td>\n<td>\n<p align=\"center\">\u22642<\/p>\n<\/td>\n<td>\n<p align=\"center\">\u22642<\/p>\n<\/td>\n<\/tr>\n<\/tbody>\n<\/table>\n<p>&nbsp;<\/p>\n<p><strong>Panneau de silicate de calcium ultra-l\u00e9ger \u00e0 faible conductivit\u00e9 thermique 130kg\/m\u00b3<\/strong><\/p>\n<table border=\"1\" width=\"100%\" cellspacing=\"0\" cellpadding=\"0\">\n<tbody>\n<tr>\n<td>\n<p align=\"center\">Articles<\/p>\n<\/td>\n<td>\n<p align=\"center\">Unit\u00e9<\/p>\n<\/td>\n<td>\n<p align=\"center\">JCS-130<\/p>\n<\/td>\n<\/tr>\n<tr>\n<td>\n<p align=\"center\">Densit\u00e9 apparente<\/p>\n<\/td>\n<td>\n<p align=\"center\">Kg\/m<sup>3<\/sup><\/p>\n<\/td>\n<td>\n<p align=\"center\">130<br \/>\n(\u00b110%)<\/p>\n<\/td>\n<\/tr>\n<tr>\n<td>\n<p align=\"center\">R\u00e9sistance \u00e0 la flexion<\/p>\n<\/td>\n<td>\n<p align=\"center\">MPa<\/p>\n<\/td>\n<td>\n<p align=\"center\">\u22650.35<\/p>\n<\/td>\n<\/tr>\n<tr>\n<td>\n<p align=\"center\">R\u00e9sistance \u00e0 la compression<\/p>\n<\/td>\n<td>\n<p align=\"center\">MPa<\/p>\n<\/td>\n<td>\n<p align=\"center\">\u22650.5<\/p>\n<\/td>\n<\/tr>\n<tr>\n<td>\n<p align=\"center\">Cond thermique<\/p>\n<\/td>\n<td>\n<p align=\"center\">W\/mk<\/p>\n<\/td>\n<td>\n<p align=\"center\">\u22640.040+0.00011t<\/p>\n<\/td>\n<\/tr>\n<tr>\n<td>\n<p align=\"center\">Limite de temp\u00e9rature<\/p>\n<\/td>\n<td>\n<p align=\"center\">\u00b0C<\/p>\n<\/td>\n<td>\n<p align=\"center\">1050<\/p>\n<\/td>\n<\/tr>\n<tr>\n<td>\n<p align=\"center\">Retrait lin\u00e9aire<\/p>\n<\/td>\n<td>\n<p align=\"center\">%<\/p>\n<\/td>\n<td>\n<p align=\"center\">\u22641.5<br \/>\n(1000\u00b0C, 16h)<\/p>\n<\/td>\n<\/tr>\n<\/tbody>\n<\/table>\n<p>&nbsp;<\/p>\n<p><strong>Panneau de mat\u00e9riau isolant en silicate de calcium \u00e0 haute densit\u00e9<\/strong><\/p>\n<table border=\"1\" width=\"100%\" cellspacing=\"0\" cellpadding=\"0\">\n<tbody>\n<tr>\n<td rowspan=\"2\">\n<p align=\"center\">Articles<\/p>\n<\/td>\n<td rowspan=\"2\">\n<p align=\"center\">Unit\u00e9<\/p>\n<\/td>\n<td colspan=\"2\">\n<p align=\"center\">Type standard JN<\/p>\n<\/td>\n<\/tr>\n<tr>\n<td>\n<p align=\"center\">JCS-33<\/p>\n<\/td>\n<td>\n<p align=\"center\">JCS-90<\/p>\n<\/td>\n<\/tr>\n<tr>\n<td>\n<p align=\"center\">Densit\u00e9 apparente<\/p>\n<\/td>\n<td>\n<p align=\"center\">Kg\/m<sup>3<\/sup><\/p>\n<\/td>\n<td>\n<p align=\"center\">330<br \/>\n(\u00b110%)<\/p>\n<\/td>\n<td>\n<p align=\"center\">900<br \/>\n(\u00b110%)<\/p>\n<\/td>\n<\/tr>\n<tr>\n<td>\n<p align=\"center\">R\u00e9sistance \u00e0 la flexion<\/p>\n<\/td>\n<td>\n<p align=\"center\">MPa<\/p>\n<\/td>\n<td>\n<p align=\"center\">\u22655<\/p>\n<\/td>\n<td>\n<p align=\"center\">\u22655<\/p>\n<\/td>\n<\/tr>\n<tr>\n<td>\n<p align=\"center\">Cond thermique<\/p>\n<\/td>\n<td>\n<p align=\"center\">W\/mk<\/p>\n<\/td>\n<td>\n<p align=\"center\">\u22640.070+0.00011t<\/p>\n<\/td>\n<td>\n<p align=\"center\">\u22640.070+0.00011t<\/p>\n<\/td>\n<\/tr>\n<tr>\n<td>\n<p align=\"center\">Limite de temp\u00e9rature<\/p>\n<\/td>\n<td>\n<p align=\"center\">\u00b0C<\/p>\n<\/td>\n<td>\n<p align=\"center\">900<\/p>\n<\/td>\n<td>\n<p align=\"center\">1100<\/p>\n<\/td>\n<\/tr>\n<tr>\n<td>\n<p align=\"center\">Retrait lin\u00e9aire<\/p>\n<\/td>\n<td>\n<p align=\"center\">%<\/p>\n<\/td>\n<td>\n<p align=\"center\">\u22641.5<br \/>\n(850\u00b0C, 16h)<\/p>\n<\/td>\n<td>\n<p align=\"center\">\u22641.5<br \/>\n(850\u00b0C, 16h)<\/p>\n<\/td>\n<\/tr>\n<\/tbody>\n<\/table>\n<p>&nbsp;<\/p>\n<p><strong>Sp\u00e9cifications du produit et tol\u00e9rance de taille<\/strong><\/p>\n<table border=\"1\" width=\"100%\" cellspacing=\"0\" cellpadding=\"0\">\n<tbody>\n<tr>\n<td>\n<p align=\"center\">Longueur<br \/>\n\uff08\u00b13mm\uff09<\/p>\n<\/td>\n<td>\n<p align=\"center\">Largeur<br \/>\n\uff08\u00b12mm\uff09<\/p>\n<\/td>\n<td>\n<p align=\"center\">\u00c9paisseur<br \/>\n\uff08+3\uff0c-1.5mm\uff09<\/p>\n<\/td>\n<\/tr>\n<tr>\n<td>\n<p align=\"center\">1260<\/p>\n<\/td>\n<td>\n<p align=\"center\">1230\u3001610<\/p>\n<\/td>\n<td>\n<p align=\"center\">10-120<\/p>\n<\/td>\n<\/tr>\n<tr>\n<td>\n<p align=\"center\">1250<\/p>\n<\/td>\n<td>\n<p align=\"center\">610\u3001600<\/p>\n<\/td>\n<td>\n<p align=\"center\">10-120<\/p>\n<\/td>\n<\/tr>\n<tr>\n<td>\n<p align=\"center\">1230<\/p>\n<\/td>\n<td>\n<p align=\"center\">950<\/p>\n<\/td>\n<td>\n<p align=\"center\">10-120<\/p>\n<\/td>\n<\/tr>\n<tr>\n<td>\n<p align=\"center\">1200<\/p>\n<\/td>\n<td>\n<p align=\"center\">600<\/p>\n<\/td>\n<td>\n<p align=\"center\">10-120<\/p>\n<\/td>\n<\/tr>\n<tr>\n<td>\n<p align=\"center\">610<\/p>\n<\/td>\n<td>\n<p align=\"center\">624\u3001300\u3001150\u3001100<\/p>\n<\/td>\n<td>\n<p align=\"center\">10-120<\/p>\n<\/td>\n<\/tr>\n<tr>\n<td>\n<p align=\"center\">600<\/p>\n<\/td>\n<td>\n<p align=\"center\">300<\/p>\n<\/td>\n<td>\n<p align=\"center\">10-120<\/p>\n<\/td>\n<\/tr>\n<tr>\n<td>\n<p align=\"center\">400<\/p>\n<\/td>\n<td>\n<p align=\"center\">250<\/p>\n<\/td>\n<td>\n<p align=\"center\">10-120<\/p>\n<\/td>\n<\/tr>\n<tr>\n<td>\n<p align=\"center\">1000<\/p>\n<\/td>\n<td>\n<p align=\"center\">1000<\/p>\n<\/td>\n<td>\n<p align=\"center\">10-120<\/p>\n<\/td>\n<\/tr>\n<tr>\n<td>\n<p align=\"center\">1000<\/p>\n<\/td>\n<td>\n<p align=\"center\">500<\/p>\n<\/td>\n<td>\n<p align=\"center\">10-120<\/p>\n<\/td>\n<\/tr>\n<tr>\n<td>\n<p align=\"center\">500<\/p>\n<\/td>\n<td>\n<p align=\"center\">500<\/p>\n<\/td>\n<td>\n<p align=\"center\">10-120<\/p>\n<\/td>\n<\/tr>\n<tr>\n<td>\n<p align=\"center\">524<\/p>\n<\/td>\n<td>\n<p align=\"center\">400<\/p>\n<\/td>\n<td>\n<p align=\"center\">10-120<\/p>\n<\/td>\n<\/tr>\n<tr>\n<td>\n<p align=\"center\">1080<\/p>\n<\/td>\n<td>\n<p align=\"center\">950<\/p>\n<\/td>\n<td>\n<p align=\"center\">10-120<\/p>\n<\/td>\n<\/tr>\n<tr>\n<td>\n<p align=\"center\">1360<\/p>\n<\/td>\n<td>\n<p align=\"center\">1080<\/p>\n<\/td>\n<td>\n<p align=\"center\">10-120<\/p>\n<\/td>\n<\/tr>\n<\/tbody>\n<\/table>\n<\/div>\n<\/div>\n<\/div>\n<div class=\"other\"><\/div>\n<input type=\"hidden\" name=\"trp-form-language\" value=\"fr\"\/><\/form>\n<form id=\"FrontProducts_detail02-1501228340272_lackForm\" action=\"http:\/\/en.grandt.com.cn\/FrontProducts.do?method=submit\" method=\"post\" target=\"_blank\"><\/form>\n<\/div>","protected":false},"excerpt":{"rendered":"<p>High temperature type calcium silicate board Physical property Unit JN Brand JCS-22 JCS-27 Bulk Density Kg\/m3 \u2264220 \u2264270 Flexural Strength Mpa \u22650.5 \u22650.6 Compressive Strength Mpa \u22651 \u22651.5 Max. Temp Limit \u2103 1150 1150 Linear Shrinkage % \u22642.0 \uff081100\u2103\u00a0 12hrs\uff09 \u22642.0 \uff081100\u2103\u00a0 12hrs\uff09 Thermal Conductivity w\/m.k 0.055 +0.00011t 0.058 +0.00011t &nbsp; Standard type calcium silicate [&hellip;]<\/p>","protected":false},"featured_media":1686,"template":"","meta":{"site-sidebar-layout":"default","site-content-layout":"default","ast-site-content-layout":"default","site-content-style":"default","site-sidebar-style":"default","ast-global-header-display":"","ast-banner-title-visibility":"","ast-main-header-display":"","ast-hfb-above-header-display":"","ast-hfb-below-header-display":"","ast-hfb-mobile-header-display":"","site-post-title":"","ast-breadcrumbs-content":"","ast-featured-img":"","footer-sml-layout":"","theme-transparent-header-meta":"default","adv-header-id-meta":"","stick-header-meta":"","header-above-stick-meta":"","header-main-stick-meta":"","header-below-stick-meta":"","astra-migrate-meta-layouts":"set","ast-page-background-enabled":"default","ast-page-background-meta":{"desktop":{"background-color":"","background-image":"","background-repeat":"repeat","background-position":"center center","background-size":"auto","background-attachment":"scroll","background-type":"","background-media":"","overlay-type":"","overlay-color":"","overlay-opacity":"","overlay-gradient":""},"tablet":{"background-color":"","background-image":"","background-repeat":"repeat","background-position":"center center","background-size":"auto","background-attachment":"scroll","background-type":"","background-media":"","overlay-type":"","overlay-color":"","overlay-opacity":"","overlay-gradient":""},"mobile":{"background-color":"","background-image":"","background-repeat":"repeat","background-position":"center center","background-size":"auto","background-attachment":"scroll","background-type":"","background-media":"","overlay-type":"","overlay-color":"","overlay-opacity":"","overlay-gradient":""}},"ast-content-background-meta":{"desktop":{"background-color":"var(--ast-global-color-5)","background-image":"","background-repeat":"repeat","background-position":"center center","background-size":"auto","background-attachment":"scroll","background-type":"","background-media":"","overlay-type":"","overlay-color":"","overlay-opacity":"","overlay-gradient":""},"tablet":{"background-color":"var(--ast-global-color-5)","background-image":"","background-repeat":"repeat","background-position":"center center","background-size":"auto","background-attachment":"scroll","background-type":"","background-media":"","overlay-type":"","overlay-color":"","overlay-opacity":"","overlay-gradient":""},"mobile":{"background-color":"var(--ast-global-color-5)","background-image":"","background-repeat":"repeat","background-position":"center center","background-size":"auto","background-attachment":"scroll","background-type":"","background-media":"","overlay-type":"","overlay-color":"","overlay-opacity":"","overlay-gradient":""}}},"product_brand":[],"product_cat":[25],"product_tag":[],"class_list":{"0":"post-1685","1":"product","2":"type-product","3":"status-publish","4":"has-post-thumbnail","6":"product_cat-calcium-silicate","7":"desktop-align-center","8":"tablet-align-left","9":"mobile-align-left","11":"first","12":"instock","13":"shipping-taxable","14":"product-type-simple"},"_links":{"self":[{"href":"https:\/\/yxwool.com\/fr\/wp-json\/wp\/v2\/product\/1685","targetHints":{"allow":["GET"]}}],"collection":[{"href":"https:\/\/yxwool.com\/fr\/wp-json\/wp\/v2\/product"}],"about":[{"href":"https:\/\/yxwool.com\/fr\/wp-json\/wp\/v2\/types\/product"}],"wp:featuredmedia":[{"embeddable":true,"href":"https:\/\/yxwool.com\/fr\/wp-json\/wp\/v2\/media\/1686"}],"wp:attachment":[{"href":"https:\/\/yxwool.com\/fr\/wp-json\/wp\/v2\/media?parent=1685"}],"wp:term":[{"taxonomy":"product_brand","embeddable":true,"href":"https:\/\/yxwool.com\/fr\/wp-json\/wp\/v2\/product_brand?post=1685"},{"taxonomy":"product_cat","embeddable":true,"href":"https:\/\/yxwool.com\/fr\/wp-json\/wp\/v2\/product_cat?post=1685"},{"taxonomy":"product_tag","embeddable":true,"href":"https:\/\/yxwool.com\/fr\/wp-json\/wp\/v2\/product_tag?post=1685"}],"curies":[{"name":"wp","href":"https:\/\/api.w.org\/{rel}","templated":true}]}}