{"id":1698,"date":"2023-07-18T13:16:27","date_gmt":"2023-07-18T13:16:27","guid":{"rendered":"http:\/\/yxwool.com\/?post_type=product&#038;p=1698"},"modified":"2023-08-01T03:37:54","modified_gmt":"2023-08-01T03:37:54","slug":"high-temperature-isolation-refractory-ceramic-fiber-board","status":"publish","type":"product","link":"https:\/\/yxwool.com\/fr\/produit\/high-temperature-isolation-refractory-ceramic-fiber-board\/","title":{"rendered":"Panneau de fibres c\u00e9ramiques r\u00e9fractaires \u00e0 isolation haute temp\u00e9rature"},"content":{"rendered":"<p><b>Panneau de fibres c\u00e9ramiques Yuxing<\/b> sont constitu\u00e9s de diff\u00e9rentes masses de fibres r\u00e9fractaires avec une excellente stabilit\u00e9 chimique, une liaison organique et inorganique par voie humide et un traitement de formage sous vide qui s&#039;applique \u00e0 de nombreux types d&#039;industries.<\/p>\n<table class=\"is-zebra all magic-8\">\n<tbody>\n<tr>\n<td colspan=\"1\" rowspan=\"1\">\n<div class=\"magic-9\"><span class=\"magic-10\" style=\"font-family: Arial;\" data-spm-anchor-id=\"a2700.details.0.i32.2c6a2572C2Wbmf\">Grade<\/span><\/div>\n<\/td>\n<td colspan=\"1\" rowspan=\"1\">\n<div class=\"magic-11\"><span class=\"magic-10\" style=\"font-family: Arial;\">Panneau de fibres c\u00e9ramiques standard 1260<\/span><\/div>\n<\/td>\n<\/tr>\n<tr>\n<td colspan=\"1\" rowspan=\"1\">\n<div class=\"magic-9\"><span class=\"magic-10\" style=\"font-family: Arial;\">Taille et sp\u00e9cification<\/span><\/div>\n<\/td>\n<td colspan=\"1\" rowspan=\"1\">\n<div class=\"magic-11\"><span class=\"magic-10\" style=\"font-family: Arial;\">1. Longueur : 1200,1000,900,600mm2.Largeur :1000,600,400mm<br \/>\n3. \u00c9paisseur : 6-50 mm<\/span><\/div>\n<\/td>\n<\/tr>\n<tr>\n<td colspan=\"1\" rowspan=\"1\">\n<div class=\"magic-9\"><span class=\"magic-10\" style=\"font-family: Arial;\">Densit\u00e9<\/span><\/div>\n<\/td>\n<td colspan=\"1\" rowspan=\"1\">\n<div class=\"magic-11\"><span class=\"magic-10\" style=\"font-family: Arial;\">280\u2013500kg\/m3<\/span><\/div>\n<\/td>\n<\/tr>\n<tr>\n<td colspan=\"1\" rowspan=\"1\">\n<div class=\"magic-9\"><span class=\"magic-10\" style=\"font-family: Arial;\">Temp\u00e9rature de fonctionnement<\/span><\/div>\n<\/td>\n<td colspan=\"1\" rowspan=\"1\">\n<div class=\"magic-11\"><span class=\"magic-10\" style=\"font-family: Arial;\">Norme 1260\u20141050\u2103(1922\u2109)<\/span><\/div>\n<\/td>\n<\/tr>\n<tr>\n<td colspan=\"1\" rowspan=\"1\">\n<div class=\"magic-9\"><span class=\"magic-10\" style=\"font-family: Arial;\">Certificat<\/span><\/div>\n<\/td>\n<td colspan=\"1\" rowspan=\"1\">\n<div class=\"magic-11\"><span class=\"magic-10\" style=\"font-family: Arial;\">MSDS, ISO9001, Norme CE\u00a0: TUV, BV, SGS<\/span><\/div>\n<\/td>\n<\/tr>\n<tr>\n<td colspan=\"1\" rowspan=\"1\">\n<div class=\"magic-9\"><span class=\"magic-10\" style=\"font-family: Arial;\">Go\u00fbter<\/span><\/div>\n<\/td>\n<td colspan=\"1\" rowspan=\"1\">\n<div class=\"magic-11\"><span class=\"magic-10\" style=\"font-family: Arial;\">Nous pouvons fournir un \u00e9chantillon gratuitement.<\/span><\/div>\n<\/td>\n<\/tr>\n<tr>\n<td colspan=\"1\" rowspan=\"1\">\n<div class=\"magic-9\"><span class=\"magic-10\" style=\"font-family: Arial;\">Emballer<\/span><\/div>\n<\/td>\n<td colspan=\"1\" rowspan=\"1\">\n<div class=\"magic-11\"><span class=\"magic-10\" style=\"font-family: Arial;\">carton ou palette<\/span><\/div>\n<\/td>\n<\/tr>\n<\/tbody>\n<\/table>\n<p><img fetchpriority=\"high\" decoding=\"async\" class=\"\" src=\"https:\/\/sc01.alicdn.com\/kf\/Hceea105426bd4b47a7b658e9b206fc441\/200545200\/Hceea105426bd4b47a7b658e9b206fc441.jpg\" width=\"1067\" height=\"370\" \/><\/p>\n<div class=\"J_module\">\n<div class=\"detail-decorate-json-renderer-container\">\n<div class=\"magic-1\">\n<h3 class=\"magic-17\"><b><span class=\"magic-18\" style=\"font-family: Arial;\">Caract\u00e9ristiques<\/span><\/b><\/h3>\n<div class=\"magic-19\">\n<div class=\"magic-3\">\n<div class=\"magic-4\"><span class=\"magic-10\" style=\"font-family: Arial;\">\u2666 Faible stockage de chaleur et faible conductivit\u00e9 thermique<br \/>\n\u2666 Haute r\u00e9sistance \u00e0 la compression<br \/>\n\u2666 Mat\u00e9riaux non fragiles et bonne t\u00e9nacit\u00e9<br \/>\n\u2666 Dimension pr\u00e9cise et bonne p\u00e2leur<\/span><\/div>\n<\/div>\n<\/div>\n<div class=\"magic-19\">\n<div class=\"magic-3\">\n<div class=\"magic-20\"><span class=\"magic-10\" style=\"font-family: Arial;\">\u2666 homog\u00e9n\u00e9it\u00e9 de la structure et facilit\u00e9 d&#039;usinage<br \/>\n\u2666 M\u00eame fibre avec propri\u00e9t\u00e9 stable<br \/>\n\u2666 Excellente stabilit\u00e9 \u00e0 la chaleur et r\u00e9sistance aux chocs thermiques<br \/>\n\u2666 Facile \u00e0 installer<\/span><\/div>\n<div><\/div>\n<\/div>\n<\/div>\n<\/div>\n<\/div>\n<\/div>\n<div class=\"J_module\">\n<div class=\"icbu-pc-images magic-5\">\n<div>\n<div class=\"flex-layout-v\">\n<div class=\"flex-layout-h magic-5\">\n<div class=\"magic-21\"><img decoding=\"async\" class=\"magic-22\" src=\"https:\/\/sc01.alicdn.com\/kf\/H77cb4c5486354bd198694a5e10d341e1P\/200545200\/H77cb4c5486354bd198694a5e10d341e1P.jpg\" width=\"1126\" height=\"746\" data-src=\"\/\/sc01.alicdn.com\/kf\/H77cb4c5486354bd198694a5e10d341e1P\/200545200\/H77cb4c5486354bd198694a5e10d341e1P.jpg\" \/><\/div>\n<div class=\"magic-23\"><img decoding=\"async\" class=\"magic-24\" src=\"https:\/\/sc02.alicdn.com\/kf\/H24f91084069245678b623ffb1bda1376e\/200545200\/H24f91084069245678b623ffb1bda1376e.jpg\" width=\"1079\" height=\"740\" data-src=\"\/\/sc02.alicdn.com\/kf\/H24f91084069245678b623ffb1bda1376e\/200545200\/H24f91084069245678b623ffb1bda1376e.jpg\" \/><\/div>\n<\/div>\n<\/div>\n<\/div>\n<\/div>\n<\/div>\n<div class=\"J_module\">\n<div class=\"detail-decorate-json-renderer-container\">\n<div class=\"magic-1\">\n<div><span class=\"magic-18\"><b>\u00a0<\/b><\/span><\/div>\n<h3 class=\"magic-25\"><span class=\"magic-18\"><b>Application<\/b><\/span><\/h3>\n<div class=\"magic-2\">\n<div class=\"magic-3\">\n<div class=\"magic-4\">\u2666 Industrie du b\u00e2timent en ciment, rev\u00eatement arri\u00e8re de four-isolation thermique<br \/>\n\u2666 Industrie c\u00e9ramique-rev\u00eatement de divers fours pour l&#039;isolation thermique<br \/>\n\u2666 Industries p\u00e9trochimiques et m\u00e9tallurgiques - rev\u00eatements arri\u00e8re, rev\u00eatements muraux et isolation thermique ling<br \/>\n\u2666 Doublure de four \u00e0 verre et isolation thermique de doublure arri\u00e8re<br \/>\n\u2666 Isolation thermique du rev\u00eatement arri\u00e8re du four de traitement thermique<br \/>\n\u2666 Usines d&#039;aluminium - rev\u00eatements arri\u00e8re de briques r\u00e9fractaires \u00e0 cellules de r\u00e9duction<br \/>\n\u2666 R\u00e9action \u00e0 haute temp\u00e9rature, rev\u00eatement de paroi de l&#039;appareil de chauffage et rev\u00eatements arri\u00e8re<\/div>\n<\/div>\n<\/div>\n<\/div>\n<\/div>\n<\/div>","protected":false},"excerpt":{"rendered":"<p>Yuxing ceramic fiber board are made of different refractory fiber bulks with excellent chemical stability, organic and inorganic bond by wet method and vacuum forming processing which is applicable to many kinds of industries .The fiber board with a characteristics of hard, flexible, excellent strength and resistance against corrosion. Grade 1260 standard ceramic fiber board [&hellip;]<\/p>","protected":false},"featured_media":1699,"template":"","meta":{"site-sidebar-layout":"default","site-content-layout":"default","ast-site-content-layout":"","site-content-style":"default","site-sidebar-style":"default","ast-global-header-display":"","ast-banner-title-visibility":"","ast-main-header-display":"","ast-hfb-above-header-display":"","ast-hfb-below-header-display":"","ast-hfb-mobile-header-display":"","site-post-title":"","ast-breadcrumbs-content":"","ast-featured-img":"","footer-sml-layout":"","theme-transparent-header-meta":"default","adv-header-id-meta":"","stick-header-meta":"","header-above-stick-meta":"","header-main-stick-meta":"","header-below-stick-meta":"","astra-migrate-meta-layouts":"default","ast-page-background-enabled":"default","ast-page-background-meta":{"desktop":{"background-color":"","background-image":"","background-repeat":"repeat","background-position":"center center","background-size":"auto","background-attachment":"scroll","background-type":"","background-media":"","overlay-type":"","overlay-color":"","overlay-opacity":"","overlay-gradient":""},"tablet":{"background-color":"","background-image":"","background-repeat":"repeat","background-position":"center center","background-size":"auto","background-attachment":"scroll","background-type":"","background-media":"","overlay-type":"","overlay-color":"","overlay-opacity":"","overlay-gradient":""},"mobile":{"background-color":"","background-image":"","background-repeat":"repeat","background-position":"center center","background-size":"auto","background-attachment":"scroll","background-type":"","background-media":"","overlay-type":"","overlay-color":"","overlay-opacity":"","overlay-gradient":""}},"ast-content-background-meta":{"desktop":{"background-color":"var(--ast-global-color-5)","background-image":"","background-repeat":"repeat","background-position":"center center","background-size":"auto","background-attachment":"scroll","background-type":"","background-media":"","overlay-type":"","overlay-color":"","overlay-opacity":"","overlay-gradient":""},"tablet":{"background-color":"var(--ast-global-color-5)","background-image":"","background-repeat":"repeat","background-position":"center center","background-size":"auto","background-attachment":"scroll","background-type":"","background-media":"","overlay-type":"","overlay-color":"","overlay-opacity":"","overlay-gradient":""},"mobile":{"background-color":"var(--ast-global-color-5)","background-image":"","background-repeat":"repeat","background-position":"center center","background-size":"auto","background-attachment":"scroll","background-type":"","background-media":"","overlay-type":"","overlay-color":"","overlay-opacity":"","overlay-gradient":""}}},"product_brand":[],"product_cat":[24],"product_tag":[],"class_list":{"0":"post-1698","1":"product","2":"type-product","3":"status-publish","4":"has-post-thumbnail","6":"product_cat-ceramic-wool-2","7":"desktop-align-center","8":"tablet-align-left","9":"mobile-align-left","11":"first","12":"instock","13":"shipping-taxable","14":"product-type-simple"},"_links":{"self":[{"href":"https:\/\/yxwool.com\/fr\/wp-json\/wp\/v2\/product\/1698","targetHints":{"allow":["GET"]}}],"collection":[{"href":"https:\/\/yxwool.com\/fr\/wp-json\/wp\/v2\/product"}],"about":[{"href":"https:\/\/yxwool.com\/fr\/wp-json\/wp\/v2\/types\/product"}],"wp:featuredmedia":[{"embeddable":true,"href":"https:\/\/yxwool.com\/fr\/wp-json\/wp\/v2\/media\/1699"}],"wp:attachment":[{"href":"https:\/\/yxwool.com\/fr\/wp-json\/wp\/v2\/media?parent=1698"}],"wp:term":[{"taxonomy":"product_brand","embeddable":true,"href":"https:\/\/yxwool.com\/fr\/wp-json\/wp\/v2\/product_brand?post=1698"},{"taxonomy":"product_cat","embeddable":true,"href":"https:\/\/yxwool.com\/fr\/wp-json\/wp\/v2\/product_cat?post=1698"},{"taxonomy":"product_tag","embeddable":true,"href":"https:\/\/yxwool.com\/fr\/wp-json\/wp\/v2\/product_tag?post=1698"}],"curies":[{"name":"wp","href":"https:\/\/api.w.org\/{rel}","templated":true}]}}