{"id":1702,"date":"2023-07-18T13:17:25","date_gmt":"2023-07-18T13:17:25","guid":{"rendered":"http:\/\/yxwool.com\/?post_type=product&#038;p=1702"},"modified":"2023-11-14T08:22:59","modified_gmt":"2023-11-14T08:22:59","slug":"lowes-fireproof-thermal-insulation-ceramic-fiber-board-for-fireplace","status":"publish","type":"product","link":"https:\/\/yxwool.com\/fr\/produit\/lowes-fireproof-thermal-insulation-ceramic-fiber-board-for-fireplace\/","title":{"rendered":"Panneau de fibres c\u00e9ramiques d&#039;isolation thermique ignifuge pour chemin\u00e9e"},"content":{"rendered":"<p data-spm-anchor-id=\"a2700.details.0.i39.16ae22a53vrc9v\"><span data-spm-anchor-id=\"a2700.details.0.i37.16ae22a53vrc9v\">Les panneaux de fibres c\u00e9ramiques sont constitu\u00e9s de diff\u00e9rentes masses de fibres r\u00e9fractaires avec une excellente stabilit\u00e9 chimique,<\/span>\u00a0<span data-spm-anchor-id=\"a2700.details.0.i38.16ae22a53vrc9v\">Liaison organique et inorganique par m\u00e9thode humide et traitement de formage sous vide qui s&#039;applique \u00e0 de nombreux types d&#039;industries. Le panneau de fibres avec des caract\u00e9ristiques dures, flexibles,<\/span> excellente solidit\u00e9 et r\u00e9sistance \u00e0 la corrosion. Le panneau de fibres c\u00e9ramiques \u00e0 haute densit\u00e9 pour foyer r\u00e9sistant \u00e0 la chaleur 1260 STD est produit avec diff\u00e9rentes fibres d&#039;alumine-silice pour des applications \u00e0 des temp\u00e9ratures allant jusqu&#039;\u00e0 1050 \u2103 par la technologie form\u00e9e sous vide. Avec des caract\u00e9ristiques de r\u00e9sistance dure, excellente, l\u00e9g\u00e8re et facile \u00e0 manipuler. C&#039;est un mat\u00e9riau id\u00e9al pour les fours, les conduits de chaudi\u00e8re, les rev\u00eatements de chemin\u00e9e et autres \u00e9quipements de chauffage.<\/p>\n<div id=\"ali-anchor-AliPostDhMb-lcqg5\" class=\"mceSectionContainer\" data-section=\"AliPostDhMb-lcqg5\" data-section-title=\"Technical Data\">\n<div>\n<h3><span data-spm-anchor-id=\"a2700.details.0.i41.16ae22a53vrc9v\">donn\u00e9es techniques<\/span><\/h3>\n<table border=\"1\" cellspacing=\"1\" cellpadding=\"0\">\n<tbody>\n<tr>\n<td colspan=\"2\">Grade<\/td>\n<td>\n<p align=\"center\">Standard<\/p>\n<\/td>\n<td colspan=\"2\">\n<p align=\"center\">Haute puret\u00e9<\/p>\n<\/td>\n<td>\n<p align=\"center\">Haute Aluminium<\/p>\n<\/td>\n<td colspan=\"2\">\n<p align=\"center\">Zirconium<\/p>\n<\/td>\n<\/tr>\n<tr>\n<td colspan=\"2\">\n<p data-spm-anchor-id=\"a2700.details.0.i40.16ae22a53vrc9v\">Max. Temp\u00e9rature (\u00b0C)<\/p>\n<\/td>\n<td>\n<p align=\"center\">1260<\/p>\n<\/td>\n<td colspan=\"2\">\n<p align=\"center\">\n<\/td>\n<td>\n<p align=\"center\">1350<\/p>\n<\/td>\n<td colspan=\"2\">\n<p align=\"center\">1450<\/p>\n<\/td>\n<\/tr>\n<tr>\n<td colspan=\"2\">temp\u00e9rature de CLASSEMENT<\/td>\n<td>1150<\/td>\n<td colspan=\"2\">\n<p align=\"center\">\n<\/td>\n<td>\n<p align=\"center\">1260<\/p>\n<\/td>\n<td colspan=\"2\">\n<p align=\"center\">1350<\/p>\n<\/td>\n<\/tr>\n<tr>\n<td colspan=\"2\">Contenu organique (%)<\/td>\n<td>\n<p align=\"center\">\u22645<\/p>\n<\/td>\n<td colspan=\"2\">\n<p align=\"center\">\u22645<\/p>\n<\/td>\n<td>\n<p align=\"center\">\u22645<\/p>\n<\/td>\n<td colspan=\"2\">\n<p align=\"center\">\u22645<\/p>\n<\/td>\n<\/tr>\n<tr>\n<td rowspan=\"3\">Conductivit\u00e9 thermique par temp. (W\/mk) (250kg\/m3)<\/td>\n<td>400\u00b0C<\/td>\n<td colspan=\"3\">\n<p align=\"center\">0.85<\/p>\n<\/td>\n<td colspan=\"3\">\n<p align=\"center\">0.85<\/p>\n<\/td>\n<\/tr>\n<tr>\n<td>800\u00b0C<\/td>\n<td colspan=\"3\">\n<p align=\"center\">0.132<\/p>\n<\/td>\n<td colspan=\"3\">\n<p align=\"center\">0.132<\/p>\n<\/td>\n<\/tr>\n<tr>\n<td>100\u00b0C<\/td>\n<td colspan=\"3\">\n<p align=\"center\">0.180<\/p>\n<\/td>\n<td colspan=\"3\">\n<p align=\"center\">0.180<\/p>\n<\/td>\n<\/tr>\n<tr>\n<td rowspan=\"5\">Composition chimique<\/p>\n<p>(%)<\/td>\n<td>AL2O3<\/td>\n<td colspan=\"2\">\n<p align=\"center\">43<\/p>\n<\/td>\n<td>\n<p align=\"center\">47<\/p>\n<\/td>\n<td colspan=\"2\">\n<p align=\"left\">55<\/p>\n<\/td>\n<td>\n<p align=\"left\">38<\/p>\n<\/td>\n<\/tr>\n<tr>\n<td>SiO2<\/td>\n<td colspan=\"2\">\n<p align=\"center\">53<\/p>\n<\/td>\n<td>\n<p align=\"center\">51<\/p>\n<\/td>\n<td colspan=\"2\">\n<p align=\"left\">44<\/p>\n<\/td>\n<td>\n<p align=\"left\">44<\/p>\n<\/td>\n<\/tr>\n<tr>\n<td>Fe2O3 + Ti2O3<\/td>\n<td colspan=\"2\">\n<p align=\"left\">\u22641.2<\/p>\n<\/td>\n<td>\n<p align=\"left\">\u22640.3<\/p>\n<\/td>\n<td colspan=\"2\">\n<p align=\"left\">\u22640.3<\/p>\n<\/td>\n<td>\n<p align=\"left\">\u22640.2<\/p>\n<\/td>\n<\/tr>\n<tr>\n<td>CaO + MgO<\/td>\n<td colspan=\"2\">\n<p align=\"left\">\u22640.3<\/p>\n<\/td>\n<td>\n<p align=\"left\">\u22640.3<\/p>\n<\/td>\n<td colspan=\"2\">\n<p align=\"left\">\u22640.3<\/p>\n<\/td>\n<td>\n<p align=\"left\">\u22640.2<\/p>\n<\/td>\n<\/tr>\n<tr>\n<td>NaO + KO2<\/td>\n<td colspan=\"2\">\n<p align=\"left\">\u22640.5<\/p>\n<\/td>\n<td>\n<p align=\"left\">\u22640.3<\/p>\n<\/td>\n<td colspan=\"2\">\n<p align=\"left\">\u22640.3<\/p>\n<\/td>\n<td>\n<p align=\"left\">\u22640.2<\/p>\n<\/td>\n<\/tr>\n<tr>\n<td colspan=\"2\">Densit\u00e9 (kg\/m3)<\/td>\n<td colspan=\"6\">\n<p align=\"center\">280-500<\/p>\n<\/td>\n<\/tr>\n<tr>\n<td colspan=\"2\">Taille (mm)<\/td>\n<td colspan=\"6\">1000*600 \u00a0 1200*500 \u00a01200*1000 \u00a0900*600 \u00a0 1000*1200<\/p>\n<p>600*400<\/p>\n<p>\u00c9paisseur : 3-50<\/p>\n<p>(Autres tailles et formes sur demande. )<\/td>\n<\/tr>\n<tr>\n<td colspan=\"2\">\u00a0Emballer<\/td>\n<td colspan=\"6\">\n<p align=\"left\">Bo\u00eete en carton<\/p>\n<\/td>\n<\/tr>\n<tr>\n<td colspan=\"2\">\u00a0Certificats<\/td>\n<td colspan=\"6\">\n<p align=\"left\">\u00a0ISO9001-2008\u00a0; FDS<\/p>\n<\/td>\n<\/tr>\n<\/tbody>\n<\/table>\n<\/div>\n<\/div>\n<p><img fetchpriority=\"high\" decoding=\"async\" class=\"\" src=\"https:\/\/sc01.alicdn.com\/kf\/Hceea105426bd4b47a7b658e9b206fc441\/200545200\/Hceea105426bd4b47a7b658e9b206fc441.jpg\" width=\"1067\" height=\"370\" \/><\/p>\n<div class=\"J_module\">\n<div class=\"detail-decorate-json-renderer-container\">\n<div class=\"magic-1\">\n<h3 class=\"magic-17\"><b><span class=\"magic-18\" style=\"font-family: Arial;\">Caract\u00e9ristiques<\/span><\/b><\/h3>\n<div class=\"magic-19\">\n<div class=\"magic-3\">\n<div class=\"magic-4\"><span class=\"magic-10\" style=\"font-family: Arial;\">\u2666 Faible stockage de chaleur et faible conductivit\u00e9 thermique<br \/>\n\u2666 Haute r\u00e9sistance \u00e0 la compression<br \/>\n\u2666 Mat\u00e9riaux non fragiles et bonne t\u00e9nacit\u00e9<br \/>\n\u2666 Dimension pr\u00e9cise et bonne p\u00e2leur<\/span><\/div>\n<\/div>\n<\/div>\n<div class=\"magic-19\">\n<div class=\"magic-3\">\n<div class=\"magic-20\"><span class=\"magic-10\" style=\"font-family: Arial;\">\u2666 homog\u00e9n\u00e9it\u00e9 de la structure et facilit\u00e9 d&#039;usinage<br \/>\n\u2666 M\u00eame fibre avec propri\u00e9t\u00e9 stable<br \/>\n\u2666 Excellente stabilit\u00e9 \u00e0 la chaleur et r\u00e9sistance aux chocs thermiques<br \/>\n\u2666 Facile \u00e0 installer<\/span><\/div>\n<div><\/div>\n<\/div>\n<\/div>\n<\/div>\n<\/div>\n<\/div>\n<div class=\"J_module\">\n<div class=\"icbu-pc-images magic-5\">\n<div>\n<div class=\"flex-layout-v\">\n<div class=\"flex-layout-h magic-5\">\n<div class=\"magic-21\"><img decoding=\"async\" class=\"magic-22\" src=\"https:\/\/sc01.alicdn.com\/kf\/H77cb4c5486354bd198694a5e10d341e1P\/200545200\/H77cb4c5486354bd198694a5e10d341e1P.jpg\" width=\"1126\" height=\"746\" data-src=\"\/\/sc01.alicdn.com\/kf\/H77cb4c5486354bd198694a5e10d341e1P\/200545200\/H77cb4c5486354bd198694a5e10d341e1P.jpg\" \/><\/div>\n<div class=\"magic-23\"><img decoding=\"async\" class=\"magic-24\" src=\"https:\/\/sc02.alicdn.com\/kf\/H24f91084069245678b623ffb1bda1376e\/200545200\/H24f91084069245678b623ffb1bda1376e.jpg\" width=\"1079\" height=\"740\" data-src=\"\/\/sc02.alicdn.com\/kf\/H24f91084069245678b623ffb1bda1376e\/200545200\/H24f91084069245678b623ffb1bda1376e.jpg\" \/><\/div>\n<\/div>\n<\/div>\n<\/div>\n<\/div>\n<\/div>\n<div class=\"J_module\">\n<div class=\"detail-decorate-json-renderer-container\">\n<div class=\"magic-1\">\n<div><span class=\"magic-18\"><b>\u00a0<\/b><\/span><\/div>\n<h3 class=\"magic-25\"><span class=\"magic-18\"><b>Application<\/b><\/span><\/h3>\n<div class=\"magic-2\">\n<div class=\"magic-3\">\n<div class=\"magic-4\">\u2666 Industrie du b\u00e2timent en ciment, rev\u00eatement arri\u00e8re de four-isolation thermique<br \/>\n\u2666 Industrie c\u00e9ramique-rev\u00eatement de divers fours pour l&#039;isolation thermique<br \/>\n\u2666 Industries p\u00e9trochimiques et m\u00e9tallurgiques - rev\u00eatements arri\u00e8re, rev\u00eatements muraux et isolation thermique ling<br \/>\n\u2666 Doublure de four \u00e0 verre et isolation thermique de doublure arri\u00e8re<br \/>\n\u2666 Isolation thermique du rev\u00eatement arri\u00e8re du four de traitement thermique<br \/>\n\u2666 Usines d&#039;aluminium - rev\u00eatements arri\u00e8re de briques r\u00e9fractaires \u00e0 cellules de r\u00e9duction<br \/>\n\u2666 R\u00e9action \u00e0 haute temp\u00e9rature, rev\u00eatement de paroi de l&#039;appareil de chauffage et rev\u00eatements arri\u00e8re<\/div>\n<\/div>\n<\/div>\n<\/div>\n<\/div>\n<\/div>","protected":false},"excerpt":{"rendered":"<p>The ceramic fiber board are made of different refractory fiber bulks with excellent chemical stability,\u00a0organic and inorganic bond by wet method and vacuum forming processing which is applicable to many kinds of industries .The fiber board with a characteristics of hard, flexible, excellent strength and resistance against corrosion.\u00a01260 STD Heat Resistant Fireplace High Density Ceramic [&hellip;]<\/p>","protected":false},"featured_media":1701,"template":"","meta":{"site-sidebar-layout":"default","site-content-layout":"default","ast-site-content-layout":"","site-content-style":"default","site-sidebar-style":"default","ast-global-header-display":"","ast-banner-title-visibility":"","ast-main-header-display":"","ast-hfb-above-header-display":"","ast-hfb-below-header-display":"","ast-hfb-mobile-header-display":"","site-post-title":"","ast-breadcrumbs-content":"","ast-featured-img":"","footer-sml-layout":"","theme-transparent-header-meta":"default","adv-header-id-meta":"","stick-header-meta":"","header-above-stick-meta":"","header-main-stick-meta":"","header-below-stick-meta":"","astra-migrate-meta-layouts":"default","ast-page-background-enabled":"default","ast-page-background-meta":{"desktop":{"background-color":"","background-image":"","background-repeat":"repeat","background-position":"center center","background-size":"auto","background-attachment":"scroll","background-type":"","background-media":"","overlay-type":"","overlay-color":"","overlay-opacity":"","overlay-gradient":""},"tablet":{"background-color":"","background-image":"","background-repeat":"repeat","background-position":"center center","background-size":"auto","background-attachment":"scroll","background-type":"","background-media":"","overlay-type":"","overlay-color":"","overlay-opacity":"","overlay-gradient":""},"mobile":{"background-color":"","background-image":"","background-repeat":"repeat","background-position":"center center","background-size":"auto","background-attachment":"scroll","background-type":"","background-media":"","overlay-type":"","overlay-color":"","overlay-opacity":"","overlay-gradient":""}},"ast-content-background-meta":{"desktop":{"background-color":"var(--ast-global-color-5)","background-image":"","background-repeat":"repeat","background-position":"center center","background-size":"auto","background-attachment":"scroll","background-type":"","background-media":"","overlay-type":"","overlay-color":"","overlay-opacity":"","overlay-gradient":""},"tablet":{"background-color":"var(--ast-global-color-5)","background-image":"","background-repeat":"repeat","background-position":"center center","background-size":"auto","background-attachment":"scroll","background-type":"","background-media":"","overlay-type":"","overlay-color":"","overlay-opacity":"","overlay-gradient":""},"mobile":{"background-color":"var(--ast-global-color-5)","background-image":"","background-repeat":"repeat","background-position":"center center","background-size":"auto","background-attachment":"scroll","background-type":"","background-media":"","overlay-type":"","overlay-color":"","overlay-opacity":"","overlay-gradient":""}}},"product_brand":[],"product_cat":[24],"product_tag":[],"class_list":{"0":"post-1702","1":"product","2":"type-product","3":"status-publish","4":"has-post-thumbnail","6":"product_cat-ceramic-wool-2","7":"desktop-align-center","8":"tablet-align-left","9":"mobile-align-left","11":"first","12":"instock","13":"shipping-taxable","14":"product-type-simple"},"_links":{"self":[{"href":"https:\/\/yxwool.com\/fr\/wp-json\/wp\/v2\/product\/1702","targetHints":{"allow":["GET"]}}],"collection":[{"href":"https:\/\/yxwool.com\/fr\/wp-json\/wp\/v2\/product"}],"about":[{"href":"https:\/\/yxwool.com\/fr\/wp-json\/wp\/v2\/types\/product"}],"wp:featuredmedia":[{"embeddable":true,"href":"https:\/\/yxwool.com\/fr\/wp-json\/wp\/v2\/media\/1701"}],"wp:attachment":[{"href":"https:\/\/yxwool.com\/fr\/wp-json\/wp\/v2\/media?parent=1702"}],"wp:term":[{"taxonomy":"product_brand","embeddable":true,"href":"https:\/\/yxwool.com\/fr\/wp-json\/wp\/v2\/product_brand?post=1702"},{"taxonomy":"product_cat","embeddable":true,"href":"https:\/\/yxwool.com\/fr\/wp-json\/wp\/v2\/product_cat?post=1702"},{"taxonomy":"product_tag","embeddable":true,"href":"https:\/\/yxwool.com\/fr\/wp-json\/wp\/v2\/product_tag?post=1702"}],"curies":[{"name":"wp","href":"https:\/\/api.w.org\/{rel}","templated":true}]}}